{"id":5088,"date":"2023-07-13T12:01:59","date_gmt":"2023-07-13T10:01:59","guid":{"rendered":"https:\/\/certoplast.com\/calidad-y-medio-ambiente\/"},"modified":"2025-04-07T11:20:45","modified_gmt":"2025-04-07T09:20:45","slug":"calidad-y-medio-ambiente","status":"publish","type":"page","link":"https:\/\/certoplast.com\/es\/la-empresa\/calidad-y-medio-ambiente\/","title":{"rendered":"Calidad y medio ambiente"},"content":{"rendered":"\r\n\t\t\t       \r\n            \r\n            <div class=\"hero hero-b0d912a8 full\">\r\n\t\t\t\t\t\t\t\t<div class=\"acf-innerblocks-container\">\n\r\n\t\t\t       \r\n                    \r\n            <div class=\"hero-slide hero-slide-ede9e551 is-style-image\">\r\n\t\t\t\t<div class=\"hero-canvas\">\r\n\t\t\t\t\t<div class=\"hero-subheadline\">Estamos certificados<\/div>\t\t\t\t\t<h1 class=\"hero-headline\">Calidad y medio ambiente<\/h1>\t\t\t\t<\/div>\r\n\t\t\t\t<div class=\"hero-media hero-media-image\"><img loading=\"lazy\" decoding=\"async\" width=\"1920\" height=\"519\" src=\"https:\/\/certoplast.com\/wp-content\/uploads\/certoplast-header-ueber-uns.jpg\" class=\"attachment-full size-full\" alt=\"\" srcset=\"https:\/\/certoplast.com\/wp-content\/uploads\/certoplast-header-ueber-uns.jpg 1920w, https:\/\/certoplast.com\/wp-content\/uploads\/certoplast-header-ueber-uns-300x81.jpg 300w, https:\/\/certoplast.com\/wp-content\/uploads\/certoplast-header-ueber-uns-1024x277.jpg 1024w, https:\/\/certoplast.com\/wp-content\/uploads\/certoplast-header-ueber-uns-768x208.jpg 768w, https:\/\/certoplast.com\/wp-content\/uploads\/certoplast-header-ueber-uns-1536x415.jpg 1536w, https:\/\/certoplast.com\/wp-content\/uploads\/certoplast-header-ueber-uns-800x216.jpg 800w\" sizes=\"auto, (max-width: 1920px) 100vw, 1920px\" \/><\/div>            <\/div>\r\n\t\t\t\t\r\n            \r\n\t\t\t\r\n        \r\n            \n<\/div>\r\n\t\t\t\t\t\t\t\t\r\n\t\t\t\t\t\t\t<\/div>\r\n\t\t\t\t\r\n\t\t\t\r\n\t\t\t        \r\n            <div class=\"gb-container gb-container-e4a6c0a8 gb-container-default\">\n<div class=\"gb-container gb-container-c7df1ec9\">\n<div class=\"gb-grid-wrapper gb-grid-wrapper-6a48ed2e\">\n<div class=\"gb-grid-column gb-grid-column-6eb6a587\"><div class=\"gb-container gb-container-6eb6a587\" data-aos=\"fade-right\" data-aos-delay=\"250\">\n\n<div class=\"wp-block-pixel-headline headlines is-subheadline-bottom has-text-align-left\"><h1 class=\"headline\" style=\"color:\"><strong>Calidad<\/strong> certificada<br><\/h1><\/div>\n\n\n\n<p>Como empresa que lleva a cabo la investigaci\u00f3n y la producci\u00f3n en Alemania, las normas de calidad m\u00e1s exigentes constituyen el n\u00facleo de nuestra cultura de trabajo. Para satisfacer estas exigencias y cumplir los requisitos de nuestros clientes, hemos implantado un sistema de gesti\u00f3n de la calidad conforme a las normas IATF 16949 e ISO 9001. Desde la certificaci\u00f3n inicial en 2002, hemos podido desarrollar continuamente el sistema.  <\/p>\n\n<\/div><\/div>\n\n<div class=\"gb-grid-column gb-grid-column-cef3569e\"><div class=\"gb-container gb-container-cef3569e\" data-aos=\"fade-left\" data-aos-delay=\"250\"><a class=\"gb-container-link\" href=\"https:\/\/certoplast.com\/wp-content\/uploads\/certoplast_IATF_de.pdf\" rel=\"noopener noreferrer\" target=\"_blank\"><\/a>\n\n<figure class=\"wp-block-image size-full\"><img loading=\"lazy\" decoding=\"async\" width=\"720\" height=\"500\" src=\"https:\/\/certoplast.com\/wp-content\/uploads\/certoplast_IATF_de.jpg\" alt=\"\" class=\"wp-image-3650\" srcset=\"https:\/\/certoplast.com\/wp-content\/uploads\/certoplast_IATF_de.jpg 720w, https:\/\/certoplast.com\/wp-content\/uploads\/certoplast_IATF_de-300x208.jpg 300w\" sizes=\"auto, (max-width: 720px) 100vw, 720px\" \/><\/figure>\n\n\n\n<p>IATF 16949 (PDF, 246 kB)<\/p>\n\n<\/div><\/div>\n<\/div>\n<\/div>\n<\/div><div class=\"gb-container gb-container-0dcc8fc1 gb-container-default\">\n<div class=\"gb-container gb-container-7172409e\">\n<div class=\"gb-grid-wrapper gb-grid-wrapper-5b891cf0\">\n<div class=\"gb-grid-column gb-grid-column-22794006\"><div class=\"gb-container gb-container-22794006\" data-aos=\"fade-right\" data-aos-delay=\"250\">\n\n<div class=\"wp-block-pixel-headline headlines is-subheadline-bottom has-text-align-left\"><h1 class=\"headline\" style=\"color:\"><strong>Gesti\u00f3n medioambiental<\/strong> certificada<br><\/h1><\/div>\n\n\n\n<p>Desde sus inicios, certoplast se ha esforzado por utilizar tecnolog\u00edas m\u00e1s sostenibles y respetuosas con el medio ambiente y por reducir continuamente el consumo de recursos. Ya en 1999, toda la gama de productos se convirti\u00f3 a sistemas adhesivos sin disolventes. Desde 2012, el sistema de calefacci\u00f3n se ha convertido en calefacci\u00f3n urbana a partir de la incineraci\u00f3n de residuos.  <\/p>\n\n\n\n<p>Con el fin de transformar esta actividad de mejora de procesos en un proceso continuo, en particular desde una perspectiva medioambiental\/de recursos, y proporcionar a los empleados mejores herramientas, certoplast decidi\u00f3 introducir un sistema de gesti\u00f3n medioambiental conforme a la norma ISO 14001 en 2014.<\/p>\n\n<\/div><\/div>\n\n<div class=\"gb-grid-column gb-grid-column-90e560e2\"><div class=\"gb-container gb-container-90e560e2\" data-aos=\"fade-left\" data-aos-delay=\"250\"><a class=\"gb-container-link\" href=\"https:\/\/certoplast.com\/wp-content\/uploads\/certoplast_quacert_de.pdf\" rel=\"noopener noreferrer\" target=\"_blank\"><\/a>\n\n<figure class=\"wp-block-image size-full\"><img loading=\"lazy\" decoding=\"async\" width=\"720\" height=\"500\" src=\"https:\/\/certoplast.com\/wp-content\/uploads\/certoplast_quacert_de.jpg\" alt=\"\" class=\"wp-image-3648\" srcset=\"https:\/\/certoplast.com\/wp-content\/uploads\/certoplast_quacert_de.jpg 720w, https:\/\/certoplast.com\/wp-content\/uploads\/certoplast_quacert_de-300x208.jpg 300w\" sizes=\"auto, (max-width: 720px) 100vw, 720px\" \/><\/figure>\n\n\n\n<p>ISO 14001 (PDF, 101 kB)<\/p>\n\n<\/div><\/div>\n<\/div>\n<\/div>\n<\/div><div class=\"gb-container gb-container-f46241a3 gb-container-default\">\n<div class=\"gb-container gb-container-a1de4212\">\n<div class=\"gb-grid-wrapper gb-grid-wrapper-5659b4c1\">\n<div class=\"gb-grid-column gb-grid-column-a6470b0d\"><div class=\"gb-container gb-container-a6470b0d\" data-aos=\"fade-right\" data-aos-delay=\"250\">\n\n<div class=\"wp-block-pixel-headline headlines is-subheadline-bottom has-text-align-left\"><h1 class=\"headline\" style=\"color:\"><strong>Gesti\u00f3n energ\u00e9tica<\/strong> certificada<br><\/h1><\/div>\n\n\n\n<p>Eficiente y sostenible: En certoplast, combinamos el m\u00e1ximo rendimiento con un comportamiento energ\u00e9ticamente eficiente. Por lo tanto, era una cuesti\u00f3n de rutina para nosotros introducir un sistema avanzado de gesti\u00f3n de la energ\u00eda. Nuestro sistema de gesti\u00f3n energ\u00e9tica conforme a la norma ISO 50001 fue certificado por primera vez en 2015. Registra toda la energ\u00eda consumida y demuestra que es posible combinar armoniosamente la excelencia tecnol\u00f3gica y el uso responsable de la energ\u00eda.   <\/p>\n\n<\/div><\/div>\n\n<div class=\"gb-grid-column gb-grid-column-9357c2e3\"><div class=\"gb-container gb-container-9357c2e3\" data-aos=\"fade-left\" data-aos-delay=\"250\"><a class=\"gb-container-link\" href=\"https:\/\/certoplast.com\/wp-content\/uploads\/certoplast_ISO50001_de.pdf\" rel=\"noopener noreferrer\" target=\"_blank\"><\/a>\n\n<figure class=\"wp-block-image size-full\"><img loading=\"lazy\" decoding=\"async\" width=\"720\" height=\"500\" src=\"https:\/\/certoplast.com\/wp-content\/uploads\/certoplast_ISO50001_de.jpg\" alt=\"\" class=\"wp-image-3652\" srcset=\"https:\/\/certoplast.com\/wp-content\/uploads\/certoplast_ISO50001_de.jpg 720w, https:\/\/certoplast.com\/wp-content\/uploads\/certoplast_ISO50001_de-300x208.jpg 300w\" sizes=\"auto, (max-width: 720px) 100vw, 720px\" \/><\/figure>\n\n\n\n<p>ISO 50001 (PDF, 154 kB)<\/p>\n\n<\/div><\/div>\n<\/div>\n<\/div>\n<\/div>","protected":false},"excerpt":{"rendered":"","protected":false},"author":1,"featured_media":4923,"parent":5129,"menu_order":3,"comment_status":"closed","ping_status":"closed","template":"","meta":{"_acf_changed":false,"inline_featured_image":false,"footnotes":""},"class_list":["post-5088","page","type-page","status-publish","has-post-thumbnail"],"acf":[],"_links":{"self":[{"href":"https:\/\/certoplast.com\/es\/wp-json\/wp\/v2\/pages\/5088","targetHints":{"allow":["GET"]}}],"collection":[{"href":"https:\/\/certoplast.com\/es\/wp-json\/wp\/v2\/pages"}],"about":[{"href":"https:\/\/certoplast.com\/es\/wp-json\/wp\/v2\/types\/page"}],"author":[{"embeddable":true,"href":"https:\/\/certoplast.com\/es\/wp-json\/wp\/v2\/users\/1"}],"replies":[{"embeddable":true,"href":"https:\/\/certoplast.com\/es\/wp-json\/wp\/v2\/comments?post=5088"}],"version-history":[{"count":1,"href":"https:\/\/certoplast.com\/es\/wp-json\/wp\/v2\/pages\/5088\/revisions"}],"predecessor-version":[{"id":5094,"href":"https:\/\/certoplast.com\/es\/wp-json\/wp\/v2\/pages\/5088\/revisions\/5094"}],"up":[{"embeddable":true,"href":"https:\/\/certoplast.com\/es\/wp-json\/wp\/v2\/pages\/5129"}],"wp:featuredmedia":[{"embeddable":true,"href":"https:\/\/certoplast.com\/es\/wp-json\/wp\/v2\/media\/4923"}],"wp:attachment":[{"href":"https:\/\/certoplast.com\/es\/wp-json\/wp\/v2\/media?parent=5088"}],"curies":[{"name":"wp","href":"https:\/\/api.w.org\/{rel}","templated":true}]}}