{"id":5252,"date":"2023-07-13T14:22:42","date_gmt":"2023-07-13T12:22:42","guid":{"rendered":"https:\/\/certoplast.com\/politica-de-privacidad\/"},"modified":"2025-04-07T11:21:00","modified_gmt":"2025-04-07T09:21:00","slug":"politica-de-privacidad","status":"publish","type":"page","link":"https:\/\/certoplast.com\/es\/politica-de-privacidad\/","title":{"rendered":"Pol\u00edtica de privacidad"},"content":{"rendered":"<section class=\"gb-container gb-container-e4a6c0a8 gb-container-default\">\n<div class=\"gb-container gb-container-c7df1ec9\">\n<div class=\"gb-grid-wrapper gb-grid-wrapper-6a48ed2e\">\n<div class=\"gb-grid-column gb-grid-column-6eb6a587\"><div class=\"gb-container gb-container-6eb6a587\">\n\n<div class=\"wp-block-pixel-headline headlines is-subheadline-bottom has-text-align-left\"><h1 class=\"headline\" style=\"color:\">POL\u00cdTICA DE PRIVACIDAD<\/h1><\/div>\n\n\n\n<h2 class=\"wp-block-heading\">1. LA PROTECCI\u00d3N DE DATOS DE UN VISTAZO<\/h2>\n\n\n\n<h3 class=\"wp-block-heading\">Informaci\u00f3n general<\/h3>\n\n\n\n<p>La siguiente informaci\u00f3n ofrece una visi\u00f3n general sencilla de lo que ocurre con sus datos personales cuando visita nuestro sitio web. Por datos personales se entiende cualquier dato que pueda utilizarse para identificarle personalmente. Encontrar\u00e1 informaci\u00f3n detallada sobre el tema de la protecci\u00f3n de datos en nuestra declaraci\u00f3n de protecci\u00f3n de datos que figura debajo de este texto.  <\/p>\n\n\n\n<h3 class=\"wp-block-heading\">Recogida de datos en nuestro sitio web<\/h3>\n\n\n\n<p><strong>\u00bfQui\u00e9n es el responsable de la recopilaci\u00f3n de datos en este sitio web?<\/strong><\/p>\n\n\n\n<p>El tratamiento de datos en este sitio web lo lleva a cabo el operador del sitio web. Encontrar\u00e1 los datos de contacto del operador en el aviso legal de este sitio web. <\/p>\n\n\n\n<p><strong>\u00bfC\u00f3mo recopilamos sus datos?<\/strong><\/p>\n\n\n\n<p>Por un lado, sus datos se recogen cuando usted nos los proporciona. Puede tratarse, por ejemplo, de datos que usted introduce en un formulario de contacto. <\/p>\n\n\n\n<p>Nuestros sistemas inform\u00e1ticos recogen autom\u00e1ticamente otros datos cuando usted visita el sitio web. Se trata principalmente de datos t\u00e9cnicos (por ejemplo, navegador de Internet, sistema operativo o tiempo de visualizaci\u00f3n de la p\u00e1gina). Estos datos se recogen autom\u00e1ticamente en cuanto usted entra en nuestro sitio web.  <\/p>\n\n\n\n<p><strong>\u00bfPara qu\u00e9 utilizamos sus datos?<\/strong><\/p>\n\n\n\n<p>Algunos de los datos se recogen para garantizar que el sitio web se ofrece sin errores. Otros datos pueden utilizarse para analizar su comportamiento como usuario. <\/p>\n\n\n\n<p><strong>\u00bfQu\u00e9 derechos tiene en relaci\u00f3n con sus datos?<\/strong><\/p>\n\n\n\n<p>Tiene derecho a recibir en cualquier momento informaci\u00f3n gratuita sobre el origen, el destinatario y la finalidad de sus datos personales almacenados. Tambi\u00e9n tiene derecho a solicitar la correcci\u00f3n, el bloqueo o la supresi\u00f3n de estos datos. Puede ponerse en contacto con nosotros en cualquier momento en la direcci\u00f3n indicada en el aviso legal si tiene m\u00e1s preguntas sobre el tema de la protecci\u00f3n de datos. Tambi\u00e9n tiene derecho a presentar una reclamaci\u00f3n ante la autoridad de control competente.   <\/p>\n\n\n\n<h3 class=\"wp-block-heading\">Herramientas de an\u00e1lisis y herramientas de terceros proveedores<\/h3>\n\n\n\n<p>Cuando visita nuestro sitio web, su comportamiento de navegaci\u00f3n puede ser evaluado estad\u00edsticamente. Para ello se utilizan principalmente cookies y los denominados programas de an\u00e1lisis. El an\u00e1lisis de su comportamiento de navegaci\u00f3n suele ser an\u00f3nimo; no se puede rastrear el comportamiento de navegaci\u00f3n hasta usted. Usted puede oponerse a este an\u00e1lisis o impedirlo no utilizando determinadas herramientas. Encontrar\u00e1 informaci\u00f3n detallada al respecto en la siguiente pol\u00edtica de privacidad.    <\/p>\n\n\n\n<p>Puede oponerse a este an\u00e1lisis. Le informaremos sobre las opciones de objeci\u00f3n en esta pol\u00edtica de privacidad. <\/p>\n\n\n\n<h2 class=\"wp-block-heading\">2. NOTAS GENERALES E INFORMACI\u00d3N OBLIGATORIA<\/h2>\n\n\n\n<h3 class=\"wp-block-heading\">Protecci\u00f3n de datos<\/h3>\n\n\n\n<p>Los operadores de estas p\u00e1ginas se toman muy en serio la protecci\u00f3n de sus datos personales. Tratamos sus datos personales de forma confidencial y de acuerdo con las normas legales de protecci\u00f3n de datos y esta pol\u00edtica de privacidad. <\/p>\n\n\n\n<p>Cuando usted utiliza este sitio web, se recogen diversos datos personales. Los datos personales son aquellos que pueden utilizarse para identificarle personalmente. Esta pol\u00edtica de privacidad explica qu\u00e9 datos recogemos y para qu\u00e9 los utilizamos. Tambi\u00e9n explica c\u00f3mo y con qu\u00e9 finalidad lo hacemos.   <\/p>\n\n\n\n<p>Nos gustar\u00eda se\u00f1alar que la transmisi\u00f3n de datos a trav\u00e9s de Internet (por ejemplo, cuando se comunica por correo electr\u00f3nico) puede estar sujeta a vulnerabilidades de seguridad. No es posible una protecci\u00f3n completa de los datos contra el acceso de terceros. <\/p>\n\n\n\n<h3 class=\"wp-block-heading\">Nota sobre el organismo responsable<\/h3>\n\n\n\n<p>El responsable del tratamiento de datos en este sitio web es<\/p>\n\n\n\n<p>certoplast Technische Klebeb\u00e4nder GmbH<\/p>\n\n\n\n<p>M\u00fcngstener Stra\u00dfe 10<\/p>\n\n\n\n<p>42285 Wuppertal<\/p>\n\n\n\n<p>Tel\u00e9fono: +49 (0) 202 &#8211; 25548-0<\/p>\n\n\n\n<p>Correo electr\u00f3nico: verkauf@certoplast.com<\/p>\n\n\n\n<p>El responsable del tratamiento es la persona f\u00edsica o jur\u00eddica que, sola o conjuntamente con otras, determina los fines y los medios del tratamiento de los datos personales (por ejemplo, nombres, direcciones de correo electr\u00f3nico, etc.).<\/p>\n\n\n\n<h3 class=\"wp-block-heading\">Revocaci\u00f3n de su consentimiento para el tratamiento de datos<\/h3>\n\n\n\n<p>Muchas operaciones de tratamiento de datos s\u00f3lo son posibles con su consentimiento expreso. Puede revocar cualquier consentimiento que ya haya dado en cualquier momento. S\u00f3lo tiene que enviarnos un correo electr\u00f3nico informal. La legalidad del tratamiento de datos efectuado hasta la revocaci\u00f3n no se ver\u00e1 afectada por \u00e9sta.   <\/p>\n\n\n\n<h3 class=\"wp-block-heading\">Derecho a presentar una reclamaci\u00f3n ante la autoridad de control competente<\/h3>\n\n\n\n<p>En caso de infracci\u00f3n de la ley de protecci\u00f3n de datos, el interesado tiene derecho a presentar una reclamaci\u00f3n ante la autoridad de control competente. La autoridad de control competente en materia de protecci\u00f3n de datos es el responsable estatal de protecci\u00f3n de datos del estado federal en el que tiene su sede nuestra empresa. Encontrar\u00e1 una lista de los responsables de la protecci\u00f3n de datos y sus datos de contacto en el siguiente enlace: <a href=\"https:\/\/www.bfdi.bund.de\/DE\/Infothek\/Anschriften_Links\/anschriften_links-node.html\" target=\"_blank\" rel=\"noreferrer noopener\">https:\/\/www.bfdi.bund.de\/DE\/Infothek\/Anschriften_Links\/anschriften_links-node.html.<\/a>  <\/p>\n\n\n\n<h3 class=\"wp-block-heading\">Cifrado SSL o TLS<\/h3>\n\n\n\n<p>Este sitio utiliza encriptaci\u00f3n SSL o TLS por razones de seguridad y para proteger la transmisi\u00f3n de contenidos confidenciales, como pedidos o consultas que nos env\u00ede como operador del sitio. Puede reconocer una conexi\u00f3n encriptada por el hecho de que la l\u00ednea de direcci\u00f3n del navegador cambia de \u00abhttp:\/\/\u00bb a \u00abhttps:\/\/\u00bb y por el s\u00edmbolo del candado en la l\u00ednea de su navegador. <\/p>\n\n\n\n<p>Si el cifrado SSL o TLS est\u00e1 activado, los datos que nos transmita no podr\u00e1n ser le\u00eddos por terceros.<\/p>\n\n\n\n<h3 class=\"wp-block-heading\">Informaci\u00f3n, bloqueo, supresi\u00f3n<\/h3>\n\n\n\n<p>En el marco de las disposiciones legales aplicables, usted tiene derecho en todo momento a la libre informaci\u00f3n sobre sus datos personales almacenados, su origen y destinatario y la finalidad del tratamiento de los datos y, en su caso, derecho a la rectificaci\u00f3n, bloqueo o supresi\u00f3n de los mismos. Puede ponerse en contacto con nosotros en cualquier momento en la direcci\u00f3n indicada en el aviso legal si tiene m\u00e1s preguntas sobre el tema de los datos personales. <\/p>\n\n\n\n<h2 class=\"wp-block-heading\">3. RESPONSABLE DE LA PROTECCI\u00d3N DE DATOS<\/h2>\n\n\n\n<h3 class=\"wp-block-heading\">Responsable de protecci\u00f3n de datos exigido por la ley<\/h3>\n\n\n\n<p>Hemos nombrado a un responsable de la protecci\u00f3n de datos para nuestra empresa.<\/p>\n\n\n\n<p>Alfred Jurek<br\/>Chalonweg 22<br\/>42699 Solingen  <\/p>\n\n<\/div><\/div>\n\n<div class=\"gb-grid-column gb-grid-column-e4339366\"><div class=\"gb-container gb-container-e4339366\">\n\n<h2 class=\"wp-block-heading\">4. RECOGIDA DE DATOS EN NUESTRO SITIO WEB<\/h2>\n\n\n\n<h3 class=\"wp-block-heading\">Cookies<\/h3>\n\n\n\n<p>Algunas de las p\u00e1ginas de Internet utilizan las denominadas cookies. Las cookies no da\u00f1an su ordenador y no contienen virus. Las cookies se utilizan para que nuestro sitio web sea m\u00e1s f\u00e1cil de usar, eficaz y seguro. Las cookies son peque\u00f1os archivos de texto que se almacenan en su ordenador y que guarda su navegador.   <\/p>\n\n\n\n<p>La mayor\u00eda de las cookies que utilizamos son las denominadas \u00abcookies de sesi\u00f3n\u00bb. Se eliminan autom\u00e1ticamente al final de su visita. Otras cookies permanecen almacenadas en su dispositivo final hasta que usted las borra. Estas cookies nos permiten reconocer su navegador en su pr\u00f3xima visita.   <\/p>\n\n\n\n<p>Puede configurar su navegador para que le informe sobre la instalaci\u00f3n de cookies y permitirlas s\u00f3lo en casos individuales, excluir la aceptaci\u00f3n de cookies para determinados casos o en general y activar la eliminaci\u00f3n autom\u00e1tica de cookies al cerrar el navegador. Si se desactivan las cookies, la funcionalidad de este sitio web puede verse restringida. <\/p>\n\n\n\n<p>Las cookies que son necesarias para llevar a cabo el proceso de comunicaci\u00f3n electr\u00f3nica o para proporcionar ciertas funciones que usted ha solicitado (por ejemplo, la funci\u00f3n de cesta de la compra) se almacenan sobre la base del Art. 6 p\u00e1rrafo 1 lit. f GDPR. El operador del sitio web tiene un inter\u00e9s leg\u00edtimo en el almacenamiento de cookies para la prestaci\u00f3n t\u00e9cnicamente sin errores y optimizada de sus servicios. En la medida en que se almacenen otras cookies (por ejemplo, cookies para analizar su comportamiento de navegaci\u00f3n), \u00e9stas se tratan por separado en esta pol\u00edtica de privacidad.    <\/p>\n\n\n\n<h3 class=\"wp-block-heading\">Archivos de registro del servidor<\/h3>\n\n\n\n<p>El proveedor de las p\u00e1ginas recoge y almacena autom\u00e1ticamente informaci\u00f3n en los denominados archivos de registro del servidor, que su navegador nos transmite autom\u00e1ticamente. Estos son <\/p>\n\n\n\n<ul class=\"wp-block-list\">\n<li>Tipo de navegador y versi\u00f3n del navegador<\/li>\n\n\n\n<li>Sistema operativo utilizado<\/li>\n\n\n\n<li>URL de referencia<\/li>\n\n\n\n<li>Nombre del host del ordenador de acceso<\/li>\n\n\n\n<li>Hora de la solicitud al servidor<\/li>\n\n\n\n<li>Direcci\u00f3n IP<\/li>\n<\/ul>\n\n\n\n<p>Estos datos no se fusionan con otras fuentes de datos.<\/p>\n\n\n\n<p>La base para el tratamiento de datos es el art. 6 p\u00e1rr. 1 lit. f GDPR, que permite el tratamiento de datos para el cumplimiento de un contrato o de medidas precontractuales.  <\/p>\n\n\n\n<h3 class=\"wp-block-heading\">Formulario de contacto<\/h3>\n\n\n\n<p>Si nos env\u00eda consultas a trav\u00e9s del formulario de contacto, sus datos del formulario de consulta, incluidos los datos de contacto que nos facilite all\u00ed, ser\u00e1n almacenados por nosotros con el fin de procesar la consulta y en caso de preguntas de seguimiento. No transmitiremos estos datos sin su consentimiento. <\/p>\n\n\n\n<p>Por lo tanto, los datos introducidos en el formulario de contacto se procesan exclusivamente sobre la base de su consentimiento (Art. 6 p\u00e1rrafo 1 lit. a GDPR). Puede revocar este consentimiento en cualquier momento. S\u00f3lo tiene que enviarnos un correo electr\u00f3nico informal. La legalidad de las operaciones de tratamiento de datos realizadas hasta la revocaci\u00f3n no se ver\u00e1 afectada por \u00e9sta.   <\/p>\n\n\n\n<p>Conservaremos los datos que nos facilite en el formulario de contacto hasta que solicite su supresi\u00f3n, revoque su consentimiento para su almacenamiento o el prop\u00f3sito de su almacenamiento deje de ser pertinente (por ejemplo, despu\u00e9s de satisfacer su solicitud). Las disposiciones legales obligatorias -en particular los periodos de conservaci\u00f3n- no se ver\u00e1n afectadas. <\/p>\n\n\n\n<h2 class=\"wp-block-heading\">5. HERRAMIENTAS DE AN\u00c1LISIS Y PUBLICIDAD<\/h2>\n\n\n\n<h3 class=\"wp-block-heading\">Matomo (antes Piwik)<\/h3>\n\n\n\n<p>Este sitio web utiliza el servicio de an\u00e1lisis web de c\u00f3digo abierto Matomo. Matomo utiliza las llamadas \u00abcookies\u00bb. Se trata de archivos de texto que se almacenan en su ordenador y permiten analizar su uso del sitio web. Para ello, la informaci\u00f3n generada por la cookie sobre el uso de este sitio web se almacena en nuestro servidor. La direcci\u00f3n IP se anonimiza antes de ser guardada.    <\/p>\n\n\n\n<p>Las cookies de Matomo permanecen en su dispositivo final hasta que usted las borra.<\/p>\n\n\n\n<p>Las cookies de Matomo se almacenan sobre la base del Art. 6 p\u00e1rrafo 1 lit. f GDPR. El operador del sitio web tiene un inter\u00e9s leg\u00edtimo en el an\u00e1lisis anonimizado del comportamiento de los usuarios con el fin de optimizar tanto su sitio web como su publicidad.   <\/p>\n\n\n\n<p>La informaci\u00f3n generada por la cookie sobre el uso de este sitio web no se transmite a terceros. Puede rechazar el uso de cookies seleccionando la configuraci\u00f3n adecuada en su navegador; no obstante, tenga en cuenta que si lo hace es posible que no pueda utilizar todas las funciones de este sitio web. <\/p>\n\n\n\n<p>Si no est\u00e1 de acuerdo con el almacenamiento y uso de sus datos, puede desactivar el almacenamiento y uso aqu\u00ed. En este caso, se almacena en su navegador una cookie de inhabilitaci\u00f3n que impide que Matomo almacene datos de uso. Si borra sus cookies, tambi\u00e9n se borrar\u00e1 la cookie de exclusi\u00f3n voluntaria de Matomo. La opt-out deber\u00e1 ser reactivada cuando vuelva a visitar nuestro sitio.   <\/p>\n\n\n\n<figure class=\"wp-block-embed\"><div class=\"wp-block-embed__wrapper\">\nhttps:\/\/certoplast.com\/piwik\/index.php?module=CoreAdminHome&#038;action=optOut&#038;language=de\n<\/div><\/figure>\n\n\n\n<p><\/p>\n\n\n\n<h2 class=\"wp-block-heading\">6. PLUGINS Y HERRAMIENTAS<\/h2>\n\n\n\n<h3 class=\"wp-block-heading\">Fuentes web de Google<\/h3>\n\n\n\n<p>Este sitio utiliza las denominadas fuentes web proporcionadas por Google para la visualizaci\u00f3n estandarizada de fuentes. Cuando accede a una p\u00e1gina, su navegador carga las fuentes web necesarias en la memoria cach\u00e9 de su navegador para mostrar los textos y las fuentes correctamente. <\/p>\n\n\n\n<p>Para ello, el navegador que est\u00e1 utilizando debe conectarse a los servidores de Google. Esto informa a Google de que se ha accedido a nuestro sitio web a trav\u00e9s de su direcci\u00f3n IP. El uso de Google Web Fonts redunda en inter\u00e9s de una presentaci\u00f3n uniforme y atractiva de nuestras ofertas en l\u00ednea. Esto constituye un inter\u00e9s leg\u00edtimo en el sentido del Art. 6 p\u00e1rrafo 1 lit. f GDPR.     <\/p>\n\n\n\n<p>Si su navegador no admite fuentes web, su ordenador utilizar\u00e1 una fuente est\u00e1ndar.<\/p>\n\n\n\n<p>Encontrar\u00e1 m\u00e1s informaci\u00f3n sobre Google Web Fonts en <a href=\"https:\/\/developers.google.com\/fonts\/faq\" target=\"_blank\" rel=\"noreferrer noopener\">https:\/\/developers.google.com\/fonts\/faq<\/a> y en la pol\u00edtica de privacidad de Google: <a href=\"https:\/\/www.google.com\/policies\/privacy\/\" target=\"_blank\" rel=\"noreferrer noopener\">https:\/\/www.google.com\/policies\/privacy\/.<\/a><\/p>\n\n\n\n<h3 class=\"wp-block-heading\">Google Maps<\/h3>\n\n\n\n<p>Este sitio utiliza el servicio de mapas de Google Maps a trav\u00e9s de una API. El proveedor es Google LLC, 1600 Amphitheatre Parkway, Mountain View, CA 94043, EE.UU.. <\/p>\n\n\n\n<p>Para utilizar las funciones de Google Maps, es necesario guardar su direcci\u00f3n IP. Por lo general, esta informaci\u00f3n se transmite a un servidor de Google en EE.UU. y se almacena all\u00ed. El proveedor de este sitio no tiene ninguna influencia en esta transferencia de datos.  <\/p>\n\n\n\n<p>El uso de Google Maps se realiza en inter\u00e9s de una presentaci\u00f3n atractiva de nuestras ofertas en l\u00ednea y para facilitar la localizaci\u00f3n de los lugares que hemos indicado en el sitio web. Esto constituye un inter\u00e9s leg\u00edtimo en el sentido del Art. 6 p\u00e1rrafo 1 lit. f GDPR.   <\/p>\n\n\n\n<p>Puede encontrar m\u00e1s informaci\u00f3n sobre el tratamiento de los datos de los usuarios en la pol\u00edtica de privacidad de Google: <a href=\"https:\/\/www.google.de\/intl\/de\/policies\/privacy\/\" target=\"_blank\" rel=\"noreferrer noopener\">https:\/\/www.google.de\/intl\/de\/policies\/privacy\/.<\/a><\/p>\n\n<\/div><\/div>\n<\/div>\n<\/div>\n<\/section>","protected":false},"excerpt":{"rendered":"","protected":false},"author":1,"featured_media":0,"parent":0,"menu_order":9,"comment_status":"closed","ping_status":"closed","template":"","meta":{"_acf_changed":false,"inline_featured_image":false,"footnotes":""},"class_list":["post-5252","page","type-page","status-publish"],"acf":[],"_links":{"self":[{"href":"https:\/\/certoplast.com\/es\/wp-json\/wp\/v2\/pages\/5252","targetHints":{"allow":["GET"]}}],"collection":[{"href":"https:\/\/certoplast.com\/es\/wp-json\/wp\/v2\/pages"}],"about":[{"href":"https:\/\/certoplast.com\/es\/wp-json\/wp\/v2\/types\/page"}],"author":[{"embeddable":true,"href":"https:\/\/certoplast.com\/es\/wp-json\/wp\/v2\/users\/1"}],"replies":[{"embeddable":true,"href":"https:\/\/certoplast.com\/es\/wp-json\/wp\/v2\/comments?post=5252"}],"version-history":[{"count":1,"href":"https:\/\/certoplast.com\/es\/wp-json\/wp\/v2\/pages\/5252\/revisions"}],"predecessor-version":[{"id":5253,"href":"https:\/\/certoplast.com\/es\/wp-json\/wp\/v2\/pages\/5252\/revisions\/5253"}],"wp:attachment":[{"href":"https:\/\/certoplast.com\/es\/wp-json\/wp\/v2\/media?parent=5252"}],"curies":[{"name":"wp","href":"https:\/\/api.w.org\/{rel}","templated":true}]}}