{"id":5271,"date":"2023-07-13T14:38:49","date_gmt":"2023-07-13T12:38:49","guid":{"rendered":"https:\/\/certoplast.com\/pie-de-imprenta\/"},"modified":"2025-04-07T11:21:05","modified_gmt":"2025-04-07T09:21:05","slug":"pie-de-imprenta","status":"publish","type":"page","link":"https:\/\/certoplast.com\/es\/pie-de-imprenta\/","title":{"rendered":"Pie de imprenta"},"content":{"rendered":"<section class=\"gb-container gb-container-e4a6c0a8 gb-container-default\">\n<div class=\"gb-container gb-container-c7df1ec9\">\n<div class=\"gb-grid-wrapper gb-grid-wrapper-6a48ed2e\">\n<div class=\"gb-grid-column gb-grid-column-6eb6a587\"><div class=\"gb-container gb-container-6eb6a587\">\n\n<div class=\"wp-block-pixel-headline headlines is-subheadline-bottom has-text-align-left\"><h1 class=\"headline\" style=\"color:\">Pie de imprenta<\/h1><\/div>\n\n\n\n<p>certoplast Technische Klebeb\u00e4nder GmbH<br\/>M\u00fcngstener Stra\u00dfe 10<br\/>42285 Wuppertal<br\/><br\/>Tribunal de registro Wuppertal HRB 76 71<br\/>Directores gerentes: Dr. Andreas Hohmann, Dr. Ren\u00e9 Rambusch<br\/><br\/>Tel\u00e9fono: +49 202 255 48 0<br\/>Fax: +49 202 255 48 48<br\/>Correo electr\u00f3nico:  <a href='mailto:&#105;n&#102;&#111;&#064;&#099;&#101;&#114;to&#112;&#108;&#097;s&#116;.&#099;om' target='' rel=''>&#105;n&#102;&#111;&#064;&#099;&#101;&#114;to&#112;&#108;&#097;s&#116;.&#099;om<\/a><\/p>\n\n\n\n<p>N\u00famero de identificaci\u00f3n fiscal:<br\/>DE121009174<\/p>\n\n\n\n<p><strong>Responsable del contenido:<\/strong><br\/>Dr Ren\u00e9 Rambusch<br\/>certoplast Technische Klebeb\u00e4nder GmbH<br\/>M\u00fcngstener Stra\u00dfe 10<br\/>42285 Wuppertal<\/p>\n\n<\/div><\/div>\n\n<div class=\"gb-grid-column gb-grid-column-5fc1877e\"><div class=\"gb-container gb-container-5fc1877e\">\n\n<p><strong>Resoluci\u00f3n de litigios<br\/><\/strong>La Comisi\u00f3n Europea pone a su disposici\u00f3n una plataforma para la resoluci\u00f3n de litigios en l\u00ednea (OS):<br\/><a href=\"https:\/\/ec.europa.eu\/consumers\/odr\" target=\"_blank\" rel=\"noreferrer noopener\">https:\/\/ec.europa.eu\/consumers\/odr<br\/><\/a>Nuestra direcci\u00f3n de correo electr\u00f3nico figura m\u00e1s arriba en el aviso legal.<br\/>No estamos dispuestos ni obligados a participar en un procedimiento de resoluci\u00f3n de litigios ante una junta de arbitraje de consumo.<\/p>\n\n\n\n<p><strong>Responsabilidad por el contenido<\/strong><br\/>Como proveedor de servicios, somos responsables de nuestro propio contenido en estas p\u00e1ginas de acuerdo con la legislaci\u00f3n general seg\u00fan la Secci\u00f3n 7 (1) DDG. Sin embargo, de acuerdo con los \u00a7\u00a7 8 a 10 DDG, no estamos obligados como proveedor de servicios a supervisar la informaci\u00f3n ajena transmitida o almacenada ni a investigar circunstancias que indiquen una actividad ilegal. Las obligaciones de eliminar o bloquear el uso de informaci\u00f3n de acuerdo con la legislaci\u00f3n general no se ven afectadas por ello. Sin embargo, la responsabilidad a este respecto s\u00f3lo es posible a partir del momento en que se tiene conocimiento de una infracci\u00f3n concreta. Tan pronto como tengamos conocimiento de dichas infracciones, eliminaremos inmediatamente estos contenidos.     <\/p>\n\n\n\n<p><strong>Responsabilidad de los enlaces<\/strong><br\/>Nuestro sitio web contiene enlaces a sitios web externos de terceros sobre cuyo contenido no tenemos ninguna influencia. Por lo tanto, no podemos aceptar ninguna responsabilidad por estos contenidos de terceros. El respectivo proveedor u operador de las p\u00e1ginas es siempre responsable del contenido de las p\u00e1ginas enlazadas. Las p\u00e1ginas enlazadas se comprobaron en el momento de enlazarlas para detectar posibles infracciones legales. Los contenidos ilegales no fueron reconocibles en el momento de establecer el enlace. Sin embargo, la supervisi\u00f3n permanente del contenido de las p\u00e1ginas enlazadas no es razonable sin pruebas concretas de una infracci\u00f3n. Si tenemos conocimiento de alguna infracci\u00f3n legal, eliminaremos dichos enlaces inmediatamente.      <\/p>\n\n\n\n<p><strong>Copyright<\/strong><br\/>El contenido y las obras creadas por los operadores del sitio en estas p\u00e1ginas est\u00e1n sujetos a la ley alemana de derechos de autor. La duplicaci\u00f3n, procesamiento, distribuci\u00f3n y cualquier forma de comercializaci\u00f3n de dicho material m\u00e1s all\u00e1 del alcance de la ley de derechos de autor requerir\u00e1 el consentimiento previo por escrito de su respectivo autor o creador. Las descargas y copias de este sitio s\u00f3lo est\u00e1n permitidas para uso privado y no comercial y, en la medida en que el contenido de este sitio no haya sido creado por el operador, se respetar\u00e1n los derechos de autor de terceros. En particular, los contenidos de terceros est\u00e1n etiquetados como tales. Si a pesar de ello tuviera conocimiento de una infracci\u00f3n de los derechos de autor, le rogamos que nos lo comunique. Si tenemos conocimiento de alguna infracci\u00f3n, eliminaremos dicho contenido inmediatamente.     <\/p>\n\n<\/div><\/div>\n<\/div>\n<\/div>\n<\/section>","protected":false},"excerpt":{"rendered":"","protected":false},"author":1,"featured_media":0,"parent":0,"menu_order":11,"comment_status":"closed","ping_status":"closed","template":"","meta":{"_acf_changed":false,"inline_featured_image":false,"footnotes":""},"class_list":["post-5271","page","type-page","status-publish"],"acf":[],"_links":{"self":[{"href":"https:\/\/certoplast.com\/es\/wp-json\/wp\/v2\/pages\/5271","targetHints":{"allow":["GET"]}}],"collection":[{"href":"https:\/\/certoplast.com\/es\/wp-json\/wp\/v2\/pages"}],"about":[{"href":"https:\/\/certoplast.com\/es\/wp-json\/wp\/v2\/types\/page"}],"author":[{"embeddable":true,"href":"https:\/\/certoplast.com\/es\/wp-json\/wp\/v2\/users\/1"}],"replies":[{"embeddable":true,"href":"https:\/\/certoplast.com\/es\/wp-json\/wp\/v2\/comments?post=5271"}],"version-history":[{"count":1,"href":"https:\/\/certoplast.com\/es\/wp-json\/wp\/v2\/pages\/5271\/revisions"}],"predecessor-version":[{"id":5273,"href":"https:\/\/certoplast.com\/es\/wp-json\/wp\/v2\/pages\/5271\/revisions\/5273"}],"wp:attachment":[{"href":"https:\/\/certoplast.com\/es\/wp-json\/wp\/v2\/media?parent=5271"}],"curies":[{"name":"wp","href":"https:\/\/api.w.org\/{rel}","templated":true}]}}