{"id":5528,"date":"2023-07-18T15:08:07","date_gmt":"2023-07-18T13:08:07","guid":{"rendered":"https:\/\/certoplast.com\/carrera-profesional\/"},"modified":"2025-06-30T13:38:10","modified_gmt":"2025-06-30T11:38:10","slug":"carrera-profesional","status":"publish","type":"page","link":"https:\/\/certoplast.com\/es\/carrera-profesional\/","title":{"rendered":"Carrera profesional"},"content":{"rendered":"\r\n\t\t\t       \r\n            \r\n            <div class=\"hero hero-c0c5ccdd full\">\r\n\t\t\t\t\t\t\t\t<div class=\"acf-innerblocks-container\">\n\r\n\t\t\t       \r\n                    \r\n            <div class=\"hero-slide hero-slide-d828f699 is-style-image\">\r\n\t\t\t\t<div class=\"hero-canvas\">\r\n\t\t\t\t\t<div class=\"hero-subheadline\">Su carrera con nosotros<\/div>\t\t\t\t\t<h1 class=\"hero-headline\">Vacantes<\/h1>\t\t\t\t<\/div>\r\n\t\t\t\t<div class=\"hero-media hero-media-image\"><img loading=\"lazy\" decoding=\"async\" width=\"1920\" height=\"519\" src=\"https:\/\/certoplast.com\/wp-content\/uploads\/certoplast-header-stellenangebote.jpg\" class=\"attachment-full size-full\" alt=\"\" srcset=\"https:\/\/certoplast.com\/wp-content\/uploads\/certoplast-header-stellenangebote.jpg 1920w, https:\/\/certoplast.com\/wp-content\/uploads\/certoplast-header-stellenangebote-300x81.jpg 300w, https:\/\/certoplast.com\/wp-content\/uploads\/certoplast-header-stellenangebote-1024x277.jpg 1024w, https:\/\/certoplast.com\/wp-content\/uploads\/certoplast-header-stellenangebote-768x208.jpg 768w, https:\/\/certoplast.com\/wp-content\/uploads\/certoplast-header-stellenangebote-1536x415.jpg 1536w, https:\/\/certoplast.com\/wp-content\/uploads\/certoplast-header-stellenangebote-800x216.jpg 800w\" sizes=\"auto, (max-width: 1920px) 100vw, 1920px\" \/><\/div>            <\/div>\r\n\t\t\t\t\r\n            \r\n\t\t\t\r\n        \r\n            \n<\/div>\r\n\t\t\t\t\t\t\t\t\r\n\t\t\t\t\t\t\t<\/div>\r\n\t\t\t\t\r\n\t\t\t\r\n\t\t\t        \r\n            \n\n<div class=\"gb-container gb-container-e4a6c0a8 gb-container-default\">\n<div class=\"gb-container gb-container-c7df1ec9\">\n<div class=\"gb-grid-wrapper gb-grid-wrapper-1fa24120\">\n<div class=\"gb-grid-column gb-grid-column-7079cc35\"><div class=\"gb-container gb-container-7079cc35\">\n\n<div class=\"wp-block-pixel-headline headlines is-subheadline-bottom has-text-align-left\"><h1 class=\"headline is-h1\" style=\"color:\">Nuestras <strong>vacantes<\/strong><\/h1><span class=\"subheadline\" style=\"color:\">Trabajar en certoplast &#8211; una buena decisi\u00f3n<\/span><\/div>\n\n<\/div><\/div>\n\n<div class=\"gb-grid-column gb-grid-column-85fba15a\"><div class=\"gb-container gb-container-85fba15a top-company-wrap\">\n<div class=\"gb-grid-wrapper gb-grid-wrapper-e5ded697\">\n<div class=\"gb-grid-column gb-grid-column-e12ff391\"><div class=\"gb-container gb-container-e12ff391\">\n\n<figure class=\"gb-block-image gb-block-image-ac771eb9\"><a href=\"https:\/\/www.kununu.com\/de\/certoplast-vorwerk-sohn\" target=\"_blank\" rel=\"noopener noreferrer\"><img loading=\"lazy\" decoding=\"async\" width=\"593\" height=\"791\" class=\"gb-image gb-image-ac771eb9\" src=\"https:\/\/certoplast.com\/wp-content\/uploads\/kununu_top_company_2023.svg\" alt=\"\" title=\"kununu_top_company_2023\"\/><\/a><\/figure>\n\n<\/div><\/div>\n\n<div class=\"gb-grid-column gb-grid-column-0d248eb5\"><div class=\"gb-container gb-container-0d248eb5\">\n\n<figure class=\"gb-block-image gb-block-image-32d3a340\"><a href=\"https:\/\/www.kununu.com\/de\/certoplast-vorwerk-sohn\" target=\"_blank\" rel=\"noopener noreferrer\"><img loading=\"lazy\" decoding=\"async\" width=\"600\" height=\"791\" class=\"gb-image gb-image-32d3a340\" src=\"https:\/\/certoplast.com\/wp-content\/uploads\/kununu_top_company_2024.svg\" alt=\"\" title=\"kununu_top_company_2024\"\/><\/a><\/figure>\n\n<\/div><\/div>\n<\/div>\n<\/div><\/div>\n<\/div>\n\n<div class=\"gb-grid-wrapper gb-grid-wrapper-6a48ed2e\">\n<div class=\"gb-grid-column gb-grid-column-6eb6a587\"><div class=\"gb-container gb-container-6eb6a587\" data-aos=\"fade-right\" data-aos-delay=\"250\">\n\n<p>Como empresa internacional con un desarrollo saludable, ofrecemos a nuestros empleados oportunidades variadas e interesantes para crecer con nosotros y compartir nuestro \u00e9xito. Con nosotros, podr\u00e1 asumir responsabilidades y desarrollar su carrera profesional. <\/p>\n\n\n\n<p>Le abrimos perspectivas atractivas y fomentamos sus intereses y puntos fuertes individuales. Por ejemplo, estaremos encantados de apoyarle con programas de formaci\u00f3n continua o de ofrecerle la oportunidad de conocer nuevas \u00e1reas de responsabilidad dentro de nuestra empresa. <\/p>\n\n<\/div><\/div>\n\n<div class=\"gb-grid-column gb-grid-column-f5784789\"><div class=\"gb-container gb-container-f5784789\" data-aos=\"fade-left\" data-aos-delay=\"250\">\n\n<p>Tambi\u00e9n nos esforzamos por encontrar con usted modelos de trabajo que se adapten en la medida de lo posible a la situaci\u00f3n de su vida privada. Porque queremos que sienta que est\u00e1 en buenas manos con nosotros y que puede combinar su vida privada y profesional de forma \u00f3ptimamente equilibrada. <\/p>\n\n\n\n<p>A pesar de nuestra orientaci\u00f3n global y de una plantilla numerosa, encontrar\u00e1 un ambiente de trabajo familiar caracterizado por el respeto mutuo y la equidad. Tambi\u00e9n se beneficiar\u00e1 de diversas prestaciones sociales adicionales y de un modelo de remuneraci\u00f3n que recompensa el buen rendimiento. <\/p>\n\n<\/div><\/div>\n<\/div>\n<\/div>\n<\/div>\n\n<div class=\"gb-container gb-container-a9a891e8 gb-container-gray\">\n<div class=\"gb-container gb-container-0fe8961a\">\n<div class=\"gb-grid-wrapper gb-grid-wrapper-68042eb4 karriere-benefits-container\">\n<div class=\"gb-grid-column gb-grid-column-a5b73256\"><div class=\"gb-container gb-container-a5b73256\" data-aos=\"fade-up\" data-aos-delay=\"250\">\n<div class=\"wp-block-image is-resized is-style-default\">\n<figure class=\"aligncenter size-large\"><img loading=\"lazy\" decoding=\"async\" width=\"120\" height=\"120\" src=\"https:\/\/certoplast.com\/wp-content\/uploads\/certoplast-icons_Zeichenflaeche-1-04.svg\" alt=\"\" class=\"wp-image-1497\" style=\"object-fit:cover;width:120px;height:120px\"\/><\/figure>\n<\/div>\n\n\n<p>Empresa gestionada por sus propietarios con un enfoque internacional<\/p>\n\n<\/div><\/div>\n\n<div class=\"gb-grid-column gb-grid-column-a87a54d6\"><div class=\"gb-container gb-container-a87a54d6\" data-aos=\"fade-up\" data-aos-delay=\"500\">\n<div class=\"wp-block-image is-resized is-style-default\">\n<figure class=\"aligncenter size-large\"><img loading=\"lazy\" decoding=\"async\" width=\"120\" height=\"120\" src=\"https:\/\/certoplast.com\/wp-content\/uploads\/certoplast-icons_Zeichenflaeche-1-02.svg\" alt=\"\" class=\"wp-image-1493\" style=\"object-fit:cover;width:120px;height:120px\"\/><\/figure>\n<\/div>\n\n\n<p>Ambiente de trabajo familiar y transparente<\/p>\n\n<\/div><\/div>\n\n<div class=\"gb-grid-column gb-grid-column-ca327a98\"><div class=\"gb-container gb-container-ca327a98\" data-aos=\"fade-up\" data-aos-delay=\"750\">\n<div class=\"wp-block-image is-resized is-style-default\">\n<figure class=\"aligncenter size-large\"><img loading=\"lazy\" decoding=\"async\" width=\"120\" height=\"120\" src=\"https:\/\/certoplast.com\/wp-content\/uploads\/certoplast-icons_Zeichenflaeche-1-06.svg\" alt=\"\" class=\"wp-image-1489\" style=\"object-fit:cover;width:120px;height:120px\"\/><\/figure>\n<\/div>\n\n\n<p>Jerarqu\u00edas planas y canales de coordinaci\u00f3n cortos<\/p>\n\n<\/div><\/div>\n\n<div class=\"gb-grid-column gb-grid-column-f74f6e0c\"><div class=\"gb-container gb-container-f74f6e0c\" data-aos=\"fade-up\" data-aos-delay=\"1000\">\n<div class=\"wp-block-image is-resized is-style-default\">\n<figure class=\"aligncenter size-large\"><img loading=\"lazy\" decoding=\"async\" width=\"120\" height=\"120\" src=\"https:\/\/certoplast.com\/wp-content\/uploads\/certoplast-icons_Zeichenflaeche-1-05.svg\" alt=\"\" class=\"wp-image-1499\" style=\"object-fit:cover;width:120px;height:120px\"\/><\/figure>\n<\/div>\n\n\n<p>Oportunidades de desarrollo en una empresa en crecimiento<\/p>\n\n<\/div><\/div>\n\n<div class=\"gb-grid-column gb-grid-column-1e4e92cc\"><div class=\"gb-container gb-container-1e4e92cc\" data-aos=\"fade-up\" data-aos-delay=\"1250\">\n<div class=\"wp-block-image is-resized is-style-default\">\n<figure class=\"aligncenter size-large\"><img loading=\"lazy\" decoding=\"async\" width=\"120\" height=\"120\" src=\"https:\/\/certoplast.com\/wp-content\/uploads\/certoplast-icons_Zeichenflaeche-1-03.svg\" alt=\"\" class=\"wp-image-1495\" style=\"object-fit:cover;width:120px;height:120px\"\/><\/figure>\n<\/div>\n\n\n<p>Seguro de enfermedad de empresa complementario y prestaciones formadoras de capital<\/p>\n\n<\/div><\/div>\n\n<div class=\"gb-grid-column gb-grid-column-6b90bc49\"><div class=\"gb-container gb-container-6b90bc49\" data-aos=\"fade-up\" data-aos-delay=\"1500\">\n<div class=\"wp-block-image is-resized is-style-default\">\n<figure class=\"aligncenter size-large\"><img decoding=\"async\" src=\"https:\/\/certoplast.com\/wp-content\/uploads\/certoplast-icons_Zeichenflaeche-1-01.svg\" alt=\"\" class=\"wp-image-1492\" style=\"object-fit:cover;width:120px;height:120px\"\/><\/figure>\n<\/div>\n\n\n<p>Eventos regulares de la empresa<\/p>\n\n<\/div><\/div>\n<\/div>\n<\/div>\n<\/div>\n\n<div class=\"gb-container gb-container-4c0d9732\">\n<div class=\"gb-container gb-container-a33dfa65\" data-aos=\"fade-up\" data-aos-delay=\"250\">\n\n\t\t\t\t\t\t\n\t\t\t\n\n\t\t\t\n            <div class=\"grid grid-c96352ce grid-jobs grid-columns-3\">\n\t\t\t\n\t\t\t\t\t\t\t\t\t\t\t\t\t\t\t\t\t<div class=\"grid-group grid-group-0\">\n\t\t\t\t\t\t\t\t\t\t\t\t<div class=\"grid-inner \">\n\t\t\t\t\t\t\t\t\t\t\t\t\t\t\t<div class=\"grid-item\">\n\t\t\t\t\t\t\t\t\t \n\t\t\t<div class=\"card card-job card-job-9853\">\n\t\t\t\t<div class=\"card-media\"><img loading=\"lazy\" decoding=\"async\" width=\"1000\" height=\"570\" src=\"https:\/\/certoplast.com\/wp-content\/uploads\/karriere-bilanzbuchhalter-1000x570.jpg\" class=\"attachment-job_thumb size-job_thumb\" alt=\"\" srcset=\"https:\/\/certoplast.com\/wp-content\/uploads\/karriere-bilanzbuchhalter-1000x570.jpg 1000w, https:\/\/certoplast.com\/wp-content\/uploads\/karriere-bilanzbuchhalter-300x171.jpg 300w, https:\/\/certoplast.com\/wp-content\/uploads\/karriere-bilanzbuchhalter-1024x584.jpg 1024w, https:\/\/certoplast.com\/wp-content\/uploads\/karriere-bilanzbuchhalter-768x438.jpg 768w, https:\/\/certoplast.com\/wp-content\/uploads\/karriere-bilanzbuchhalter-1536x875.jpg 1536w, https:\/\/certoplast.com\/wp-content\/uploads\/karriere-bilanzbuchhalter-800x455.jpg 800w, https:\/\/certoplast.com\/wp-content\/uploads\/karriere-bilanzbuchhalter.jpg 1860w\" sizes=\"auto, (max-width: 1000px) 100vw, 1000px\" \/><\/div>\t\t\t\t<div class=\"card-content\">\n\t\t\t\t\t<div class=\"card-inner\">\n\t\t\t\t\t\t<h2 class=\"headline is-h2\">Bilanzbuchhalter*in mit Controlling<\/h2>\t\t\t\t\t<\/div>\n\n\t\t\t\t\t<div class=\"card-action\"><a class=\"gb-button\" href=\"https:\/\/certoplast.com\/es\/karriere\/stellenangebote\/bilanzbuchhalter-in-mit-controlling\/\">Saber m\u00e1s<\/a><\/div>\t\t\t\t<\/div>\n\t\t\t<\/div>\n\t\t\t\t\t\t\t\t\t\t<\/div>\n\t\t\t\t\t\t\t\t\t\t\t\t\t\t\t<div class=\"grid-item\">\n\t\t\t\t\t\t\t\t\t \n\t\t\t<div class=\"card card-job card-job-6798\">\n\t\t\t\t<div class=\"card-media\"><img loading=\"lazy\" decoding=\"async\" width=\"1000\" height=\"570\" src=\"https:\/\/certoplast.com\/wp-content\/uploads\/vertriebssachberarbeiter-1000x570.jpg\" class=\"attachment-job_thumb size-job_thumb\" alt=\"\" srcset=\"https:\/\/certoplast.com\/wp-content\/uploads\/vertriebssachberarbeiter-1000x570.jpg 1000w, https:\/\/certoplast.com\/wp-content\/uploads\/vertriebssachberarbeiter-300x171.jpg 300w, https:\/\/certoplast.com\/wp-content\/uploads\/vertriebssachberarbeiter-1024x584.jpg 1024w, https:\/\/certoplast.com\/wp-content\/uploads\/vertriebssachberarbeiter-768x438.jpg 768w, https:\/\/certoplast.com\/wp-content\/uploads\/vertriebssachberarbeiter-1536x875.jpg 1536w, https:\/\/certoplast.com\/wp-content\/uploads\/vertriebssachberarbeiter-800x455.jpg 800w, https:\/\/certoplast.com\/wp-content\/uploads\/vertriebssachberarbeiter.jpg 1860w\" sizes=\"auto, (max-width: 1000px) 100vw, 1000px\" \/><\/div>\t\t\t\t<div class=\"card-content\">\n\t\t\t\t\t<div class=\"card-inner\">\n\t\t\t\t\t\t<h2 class=\"headline is-h2\">Empleado de compras<\/h2>\t\t\t\t\t<\/div>\n\n\t\t\t\t\t<div class=\"card-action\"><a class=\"gb-button\" href=\"https:\/\/certoplast.com\/es\/karriere\/stellenangebote\/empleado-de-compras\/\">Saber m\u00e1s<\/a><\/div>\t\t\t\t<\/div>\n\t\t\t<\/div>\n\t\t\t\t\t\t\t\t\t\t<\/div>\n\t\t\t\t\t\t\t\t\t\t\t\t\t\t\t<div class=\"grid-item\">\n\t\t\t\t\t\t\t\t\t \n\t\t\t<div class=\"card card-job card-job-6760\">\n\t\t\t\t<div class=\"card-media\"><img loading=\"lazy\" decoding=\"async\" width=\"1000\" height=\"570\" src=\"https:\/\/certoplast.com\/wp-content\/uploads\/karriere-betriebsschlosser-1000x570.jpg\" class=\"attachment-job_thumb size-job_thumb\" alt=\"\" srcset=\"https:\/\/certoplast.com\/wp-content\/uploads\/karriere-betriebsschlosser-1000x570.jpg 1000w, https:\/\/certoplast.com\/wp-content\/uploads\/karriere-betriebsschlosser-300x171.jpg 300w, https:\/\/certoplast.com\/wp-content\/uploads\/karriere-betriebsschlosser-1024x584.jpg 1024w, https:\/\/certoplast.com\/wp-content\/uploads\/karriere-betriebsschlosser-768x438.jpg 768w, https:\/\/certoplast.com\/wp-content\/uploads\/karriere-betriebsschlosser-1536x875.jpg 1536w, https:\/\/certoplast.com\/wp-content\/uploads\/karriere-betriebsschlosser-800x455.jpg 800w, https:\/\/certoplast.com\/wp-content\/uploads\/karriere-betriebsschlosser.jpg 1860w\" sizes=\"auto, (max-width: 1000px) 100vw, 1000px\" \/><\/div>\t\t\t\t<div class=\"card-content\">\n\t\t\t\t\t<div class=\"card-inner\">\n\t\t\t\t\t\t<h2 class=\"headline is-h2\">Montador industrial \/ t\u00e9cnico mecatr\u00f3nico<\/h2>\t\t\t\t\t<\/div>\n\n\t\t\t\t\t<div class=\"card-action\"><a class=\"gb-button\" href=\"https:\/\/certoplast.com\/es\/karriere\/stellenangebote\/montador-industrial-tecnico-mecatronico\/\">Saber m\u00e1s<\/a><\/div>\t\t\t\t<\/div>\n\t\t\t<\/div>\n\t\t\t\t\t\t\t\t\t\t<\/div>\n\t\t\t\t\t\t\t\t\t\t\t\t\t\t\t<div class=\"grid-item\">\n\t\t\t\t\t\t\t\t\t \n\t\t\t<div class=\"card card-job card-job-6703\">\n\t\t\t\t<div class=\"card-media\"><img loading=\"lazy\" decoding=\"async\" width=\"1000\" height=\"570\" src=\"https:\/\/certoplast.com\/wp-content\/uploads\/karriere-betriebselektriker-1000x570.jpg\" class=\"attachment-job_thumb size-job_thumb\" alt=\"\" srcset=\"https:\/\/certoplast.com\/wp-content\/uploads\/karriere-betriebselektriker-1000x570.jpg 1000w, https:\/\/certoplast.com\/wp-content\/uploads\/karriere-betriebselektriker-300x171.jpg 300w, https:\/\/certoplast.com\/wp-content\/uploads\/karriere-betriebselektriker-1024x584.jpg 1024w, https:\/\/certoplast.com\/wp-content\/uploads\/karriere-betriebselektriker-768x438.jpg 768w, https:\/\/certoplast.com\/wp-content\/uploads\/karriere-betriebselektriker-1536x875.jpg 1536w, https:\/\/certoplast.com\/wp-content\/uploads\/karriere-betriebselektriker-800x455.jpg 800w, https:\/\/certoplast.com\/wp-content\/uploads\/karriere-betriebselektriker.jpg 1860w\" sizes=\"auto, (max-width: 1000px) 100vw, 1000px\" \/><\/div>\t\t\t\t<div class=\"card-content\">\n\t\t\t\t\t<div class=\"card-inner\">\n\t\t\t\t\t\t<h2 class=\"headline is-h2\">Electricista industrial \/ electricista para la ingenier\u00eda industrial<\/h2>\t\t\t\t\t<\/div>\n\n\t\t\t\t\t<div class=\"card-action\"><a class=\"gb-button\" href=\"https:\/\/certoplast.com\/es\/karriere\/stellenangebote\/electricista-industrial-electricista-para-la-ingenieria-industrial\/\">Saber m\u00e1s<\/a><\/div>\t\t\t\t<\/div>\n\t\t\t<\/div>\n\t\t\t\t\t\t\t\t\t\t<\/div>\n\t\t\t\t\t\t\t\t\t\t\t\t\t\t\t<div class=\"grid-item\">\n\t\t\t\t\t\t\t\t\t \n\t\t\t<div class=\"card card-job card-job-6844\">\n\t\t\t\t<div class=\"card-media\"><img loading=\"lazy\" decoding=\"async\" width=\"1000\" height=\"570\" src=\"https:\/\/certoplast.com\/wp-content\/uploads\/karriere_initiativbewerbung.jpg\" class=\"attachment-job_thumb size-job_thumb\" alt=\"\" srcset=\"https:\/\/certoplast.com\/wp-content\/uploads\/karriere_initiativbewerbung.jpg 1000w, https:\/\/certoplast.com\/wp-content\/uploads\/karriere_initiativbewerbung-300x171.jpg 300w, https:\/\/certoplast.com\/wp-content\/uploads\/karriere_initiativbewerbung-768x438.jpg 768w, https:\/\/certoplast.com\/wp-content\/uploads\/karriere_initiativbewerbung-800x455.jpg 800w\" sizes=\"auto, (max-width: 1000px) 100vw, 1000px\" \/><\/div>\t\t\t\t<div class=\"card-content\">\n\t\t\t\t\t<div class=\"card-inner\">\n\t\t\t\t\t\t<h2 class=\"headline is-h2\">Solicitud no solicitada<\/h2>\t\t\t\t\t<\/div>\n\n\t\t\t\t\t<div class=\"card-action\"><a class=\"gb-button\" href=\"https:\/\/certoplast.com\/es\/karriere\/stellenangebote\/solicitud-no-solicitada\/\">Saber m\u00e1s<\/a><\/div>\t\t\t\t<\/div>\n\t\t\t<\/div>\n\t\t\t\t\t\t\t\t\t\t<\/div>\n\t\t\t\t\t\t\t\t\t\t\t\t\t<\/div>\n\t\t\t\t\t<\/div>\n\t\t\t\t            <\/div>\n\t\t\t\n\t\t\t\t\t\t\t\n\t\t\t\n            <!-- end:grid -->\n        \n            \n<\/div>\n<\/div>\n\n<div class=\"gb-container gb-container-94bb2f88 gb-container-gray\">\n<div class=\"gb-container gb-container-b615b422\">\n\t\t\t\t<div id=\"kontakt\" class=\"contact-form is-style-address gb-grid-wrapper \" >\n\n\t\t\t\t\t\t\t\t\t\t\t<div class=\"contact-form-head gb-grid-column\" style=\"width: 100%;\">\n\t\t\t\t\t\t\t<div class=\"wp-block-pixel-headline headlines is-subheadline-bottom is-h1 has-text-align-left\">\n\t\t\t\t\t\t\t\t<span class=\"subheadline\">Objetivos, planes, preguntas, deseos<\/span>\n                                <h2 class=\"headline is-h1\">P\u00f3ngase en <strong>contacto con nosotros<\/strong><\/h2>\n\t\t\t\t\t\t\t<\/div>\n\t\t\t\t\t\t\t\t\t\t\t\t\t<\/div>\n\t\t\t\t\t\n\t\t\t\t\t\t\t\t\t\t\t<address class=\"address address-certoplast contact-form-side gb-grid-column\">\n                            <div class=\"address-logo\"><img loading=\"lazy\" decoding=\"async\" src=\"\/wp-content\/uploads\/certoplast-technik-die-klebt.svg\" width=\"270\" height=\"63\"><\/div>\n\t\t\t\t\t\t\t<div class=\"address-head\">\n\t\t\t\t\t\t\t\t<span class=\"address-line address-name\">certoplast Technische<br>Klebeb\u00e4nder GmbH<\/span>\n\t\t\t\t\t\t\t<\/div>\n\t\t\t\t\t\t\t<div class=\"address-location\">\n\t\t\t\t\t\t\t\t<span class=\"address-line address-street\">M\u00fcngstener Stra\u00dfe 10<\/span>\n\t\t\t\t\t\t\t\t<span class=\"address-line address-city address-city\">42285 Wuppertal<\/span>\n\t\t\t\t\t\t\t\t<span class=\"address-line address-country\">Alemania<\/span>\n\t\t\t\t\t\t\t<\/div>\n\t\t\t\t\t\t\t<div class=\"address-contact\">\n\t\t\t\t\t\t\t\t<span class=\"address-line address-phone\"><a href=\"tel:+49202255480\">+49 202 255 48-0<\/a><\/span>\n\t\t\t\t\t\t\t\t<!-- <span class=\"address-line address-mail\"><a href=\"mailto:bewerbung@certoplast.com\">bewerbung@certoplast.com<\/a><\/span> -->\n\t\t\t\t\t\t\t<\/div>\n                            <div class=\"address-website\">\n                                <span class=\"address-line address-website\"><a href=\"https:\/\/www.certoplast.de\">www.certoplast.de<\/a><\/span>\n\t\t\t\t\t\t\t\t<a href='mailto:i&#110;fo&#064;ce&#114;to&#112;l&#097;st.&#099;&#111;m' target='' rel=''>i&#110;fo&#064;ce&#114;to&#112;l&#097;st.&#099;&#111;m<\/a>                            <\/div>\n                            <div class=\"address-map-button\">\n                                <a class=\"gb-button is-style-map-marker\" href=\"https:\/\/goo.gl\/maps\/hXdRhoJbmHaEM5DD7\" target=\"_blank\">Google Maps<\/a>\n                            <\/div>\n\t\t\t\t\t\t<\/address>\n\t\t\t\t\t\n\t\t\t\t\t<div class=\"contact-form-main gb-grid-column\">\n\t\t\t\t\t\t\n<div class=\"wpcf7 no-js\" id=\"wpcf7-f5753-o1\" lang=\"es-ES\" dir=\"ltr\" data-wpcf7-id=\"5753\">\n<div class=\"screen-reader-response\"><p role=\"status\" aria-live=\"polite\" aria-atomic=\"true\"><\/p> <ul><\/ul><\/div>\n<form action=\"\/es\/wp-json\/wp\/v2\/pages\/5528#wpcf7-f5753-o1\" method=\"post\" class=\"wpcf7-form init\" aria-label=\"Formulario de contacto\" novalidate=\"novalidate\" data-status=\"init\">\n<div style=\"display: none;\">\n<input type=\"hidden\" name=\"_wpcf7\" value=\"5753\" \/>\n<input type=\"hidden\" name=\"_wpcf7_version\" value=\"6.0.6\" \/>\n<input type=\"hidden\" name=\"_wpcf7_locale\" value=\"es_ES\" \/>\n<input type=\"hidden\" name=\"_wpcf7_unit_tag\" value=\"wpcf7-f5753-o1\" \/>\n<input type=\"hidden\" name=\"_wpcf7_container_post\" value=\"0\" \/>\n<input type=\"hidden\" name=\"_wpcf7_posted_data_hash\" value=\"\" \/>\n<\/div>\n<div class=\"form-fields columns-3\">\n<div class=\"form-field\"><span class=\"wpcf7-form-control-wrap\" data-name=\"firstname\"><input size=\"40\" maxlength=\"400\" class=\"wpcf7-form-control wpcf7-text wpcf7-validates-as-required\" id=\"form-firstname\" autocomplete=\"firstname\" aria-required=\"true\" aria-invalid=\"false\" placeholder=\"Nombre*\" value=\"\" type=\"text\" name=\"firstname\" \/><\/span><\/div>\n<div class=\"form-field\"><span class=\"wpcf7-form-control-wrap\" data-name=\"lastname\"><input size=\"40\" maxlength=\"400\" class=\"wpcf7-form-control wpcf7-text wpcf7-validates-as-required\" id=\"form-lastname\" autocomplete=\"lastname\" aria-required=\"true\" aria-invalid=\"false\" placeholder=\"Apellidos*\" value=\"\" type=\"text\" name=\"lastname\" \/><\/span><\/div>\n<div class=\"form-field\"><span class=\"wpcf7-form-control-wrap\" data-name=\"position\"><input size=\"40\" maxlength=\"400\" class=\"wpcf7-form-control wpcf7-text\" id=\"form-position\" autocomplete=\"position\" aria-invalid=\"false\" placeholder=\"Posici\u00f3n\" value=\"\" type=\"text\" name=\"position\" \/><\/span><\/div>\n<div class=\"form-field\"><span class=\"wpcf7-form-control-wrap\" data-name=\"organization\"><input size=\"40\" maxlength=\"400\" class=\"wpcf7-form-control wpcf7-text\" id=\"form-organization\" autocomplete=\"organization\" aria-invalid=\"false\" placeholder=\"La empresa\" value=\"\" type=\"text\" name=\"organization\" \/><\/span><\/div>\n<div class=\"form-field\"><span class=\"wpcf7-form-control-wrap\" data-name=\"phone\"><input size=\"40\" maxlength=\"400\" class=\"wpcf7-form-control wpcf7-text\" id=\"form-phone\" autocomplete=\"phone\" aria-invalid=\"false\" placeholder=\"Tel\u00e9fono\" value=\"\" type=\"text\" name=\"phone\" \/><\/span><\/div>\n<div class=\"form-field\"><span class=\"wpcf7-form-control-wrap\" data-name=\"email\"><input size=\"40\" maxlength=\"400\" class=\"wpcf7-form-control wpcf7-email wpcf7-validates-as-required wpcf7-text wpcf7-validates-as-email\" id=\"form-email\" autocomplete=\"email\" aria-required=\"true\" aria-invalid=\"false\" placeholder=\"Email*\" value=\"\" type=\"email\" name=\"email\" \/><\/span><\/div>\n<\/div>\n<div class=\"form-field full\"><span class=\"wpcf7-form-control-wrap\" data-name=\"message\"><textarea cols=\"40\" rows=\"10\" maxlength=\"2000\" class=\"wpcf7-form-control wpcf7-textarea wpcf7-validates-as-required\" id=\"form-message\" aria-required=\"true\" aria-invalid=\"false\" placeholder=\"Su mensaje*\" name=\"message\"><\/textarea><\/span><\/div>\n<div class=\"form-field footer full\"><span class=\"wpcf7-form-control-wrap\" data-name=\"ds\"><span class=\"wpcf7-form-control wpcf7-acceptance\"><span class=\"wpcf7-list-item\"><label><input type=\"checkbox\" name=\"ds\" value=\"1\" aria-invalid=\"false\" \/><span class=\"wpcf7-list-item-label\">Acepto la <a href=\"\/es\/politica-de-privacidad\/\" target=\"_blank\">pol\u00edtica de privacidad<\/a><\/span><\/label><\/span><\/span><\/span>\n<button type=\"submit\" class=\"wpcf7-form-control wpcf7-submit gb-button\">Enviar<\/button><\/div><div class=\"wpcf7-response-output\" aria-hidden=\"true\"><\/div>\n<\/form>\n<\/div>\n\t\t\t\t\t<\/div> \n\t\t\n\t\t\t\t<\/div>\n\t\t\t\n<\/div>\n<\/div>","protected":false},"excerpt":{"rendered":"","protected":false},"author":1,"featured_media":0,"parent":0,"menu_order":6,"comment_status":"closed","ping_status":"closed","template":"","meta":{"_acf_changed":false,"inline_featured_image":false,"footnotes":""},"class_list":["post-5528","page","type-page","status-publish"],"acf":[],"_links":{"self":[{"href":"https:\/\/certoplast.com\/es\/wp-json\/wp\/v2\/pages\/5528","targetHints":{"allow":["GET"]}}],"collection":[{"href":"https:\/\/certoplast.com\/es\/wp-json\/wp\/v2\/pages"}],"about":[{"href":"https:\/\/certoplast.com\/es\/wp-json\/wp\/v2\/types\/page"}],"author":[{"embeddable":true,"href":"https:\/\/certoplast.com\/es\/wp-json\/wp\/v2\/users\/1"}],"replies":[{"embeddable":true,"href":"https:\/\/certoplast.com\/es\/wp-json\/wp\/v2\/comments?post=5528"}],"version-history":[{"count":2,"href":"https:\/\/certoplast.com\/es\/wp-json\/wp\/v2\/pages\/5528\/revisions"}],"predecessor-version":[{"id":8981,"href":"https:\/\/certoplast.com\/es\/wp-json\/wp\/v2\/pages\/5528\/revisions\/8981"}],"wp:attachment":[{"href":"https:\/\/certoplast.com\/es\/wp-json\/wp\/v2\/media?parent=5528"}],"curies":[{"name":"wp","href":"https:\/\/api.w.org\/{rel}","templated":true}]}}