{"id":5652,"date":"2023-06-22T11:15:27","date_gmt":"2023-06-22T09:15:27","guid":{"rendered":"https:\/\/certoplast.com\/inicio\/"},"modified":"2025-07-30T08:19:37","modified_gmt":"2025-07-30T06:19:37","slug":"inicio","status":"publish","type":"page","link":"https:\/\/certoplast.com\/es\/","title":{"rendered":"Inicio"},"content":{"rendered":"\r\n\t\t\t       \r\n            \r\n            <div class=\"hero hero-91bf81ff full\">\r\n\t\t\t\t<div class=\"hero-slides\">\t\t\t\t<div class=\"acf-innerblocks-container\">\n\r\n\t\t\t       \r\n                    \r\n            <div class=\"hero-slide hero-slide-550d9683 is-style-image\">\r\n\t\t\t\t<div class=\"hero-canvas\">\r\n\t\t\t\t\t<div class=\"hero-subheadline\">PRODUCTOS DE ALTA TECNOLOG\u00cdA PARA LA INDUSTRIA DEL AUTOM\u00d3VIL<\/div>\t\t\t\t\t<h1 class=\"hero-headline\">Automoci\u00f3n<\/h1>\t\t\t\t<\/div>\r\n\t\t\t\t<div class=\"hero-media hero-media-image\"><img loading=\"lazy\" decoding=\"async\" width=\"1920\" height=\"519\" src=\"https:\/\/certoplast.com\/wp-content\/uploads\/certoplast-header-automotive.jpg\" class=\"attachment-full size-full\" alt=\"\" srcset=\"https:\/\/certoplast.com\/wp-content\/uploads\/certoplast-header-automotive.jpg 1920w, https:\/\/certoplast.com\/wp-content\/uploads\/certoplast-header-automotive-300x81.jpg 300w, https:\/\/certoplast.com\/wp-content\/uploads\/certoplast-header-automotive-1024x277.jpg 1024w, https:\/\/certoplast.com\/wp-content\/uploads\/certoplast-header-automotive-768x208.jpg 768w, https:\/\/certoplast.com\/wp-content\/uploads\/certoplast-header-automotive-1536x415.jpg 1536w, https:\/\/certoplast.com\/wp-content\/uploads\/certoplast-header-automotive-800x216.jpg 800w\" sizes=\"auto, (max-width: 1920px) 100vw, 1920px\" \/><\/div>            <\/div>\r\n\t\t\t\t\r\n            \r\n\t\t\t\r\n        \r\n            \n\n\r\n\t\t\t       \r\n                    \r\n            <div class=\"hero-slide hero-slide-63dc821d is-style-image\">\r\n\t\t\t\t<div class=\"hero-canvas\">\r\n\t\t\t\t\t<div class=\"hero-subheadline\">PARA TRABAJOS DE AISLAMIENTO Y REPARACIONES EST\u00c1NDAR<\/div>\t\t\t\t\t<h1 class=\"hero-headline\">Ingenier\u00eda el\u00e9ctrica<\/h1>\t\t\t\t<\/div>\r\n\t\t\t\t<div class=\"hero-media hero-media-image\"><img loading=\"lazy\" decoding=\"async\" width=\"1920\" height=\"519\" src=\"https:\/\/certoplast.com\/wp-content\/uploads\/certoplast-header-home.jpg\" class=\"attachment-full size-full\" alt=\"\" srcset=\"https:\/\/certoplast.com\/wp-content\/uploads\/certoplast-header-home.jpg 1920w, https:\/\/certoplast.com\/wp-content\/uploads\/certoplast-header-home-300x81.jpg 300w, https:\/\/certoplast.com\/wp-content\/uploads\/certoplast-header-home-1024x277.jpg 1024w, https:\/\/certoplast.com\/wp-content\/uploads\/certoplast-header-home-768x208.jpg 768w, https:\/\/certoplast.com\/wp-content\/uploads\/certoplast-header-home-1536x415.jpg 1536w, https:\/\/certoplast.com\/wp-content\/uploads\/certoplast-header-home-800x216.jpg 800w\" sizes=\"auto, (max-width: 1920px) 100vw, 1920px\" \/><\/div>            <\/div>\r\n\t\t\t\t\r\n            \r\n\t\t\t\r\n        \r\n            \n\n\r\n\t\t\t       \r\n                    \r\n            <div class=\"hero-slide hero-slide-dfe51716 is-style-image\">\r\n\t\t\t\t<div class=\"hero-canvas\">\r\n\t\t\t\t\t<div class=\"hero-subheadline\">SE ADAPTA PERFECTAMENTE A DIFERENTES SUSTRATOS<\/div>\t\t\t\t\t<h1 class=\"hero-headline\">Aislamiento comercio y construcci\u00f3n<\/h1>\t\t\t\t<\/div>\r\n\t\t\t\t<div class=\"hero-media hero-media-image\"><img loading=\"lazy\" decoding=\"async\" width=\"1920\" height=\"519\" src=\"https:\/\/certoplast.com\/wp-content\/uploads\/certoplast-header-gewebebaender.jpg\" class=\"attachment-full size-full\" alt=\"\" srcset=\"https:\/\/certoplast.com\/wp-content\/uploads\/certoplast-header-gewebebaender.jpg 1920w, https:\/\/certoplast.com\/wp-content\/uploads\/certoplast-header-gewebebaender-300x81.jpg 300w, https:\/\/certoplast.com\/wp-content\/uploads\/certoplast-header-gewebebaender-1024x277.jpg 1024w, https:\/\/certoplast.com\/wp-content\/uploads\/certoplast-header-gewebebaender-768x208.jpg 768w, https:\/\/certoplast.com\/wp-content\/uploads\/certoplast-header-gewebebaender-1536x415.jpg 1536w, https:\/\/certoplast.com\/wp-content\/uploads\/certoplast-header-gewebebaender-800x216.jpg 800w\" sizes=\"auto, (max-width: 1920px) 100vw, 1920px\" \/><\/div>            <\/div>\r\n\t\t\t\t\r\n            \r\n\t\t\t\r\n        \r\n            \n\n\r\n\t\t\t       \r\n                    \r\n            <div class=\"hero-slide hero-slide-20ecbbbc is-style-image\">\r\n\t\t\t\t<div class=\"hero-canvas\">\r\n\t\t\t\t\t<div class=\"hero-subheadline\">PARA CASI TODAS LAS APLICACIONES<\/div>\t\t\t\t\t<h1 class=\"hero-headline\">Otras aplicaciones<\/h1>\t\t\t\t<\/div>\r\n\t\t\t\t<div class=\"hero-media hero-media-image\"><img loading=\"lazy\" decoding=\"async\" width=\"1920\" height=\"519\" src=\"https:\/\/certoplast.com\/wp-content\/uploads\/certoplast-header-sonstiges.jpg\" class=\"attachment-full size-full\" alt=\"\" srcset=\"https:\/\/certoplast.com\/wp-content\/uploads\/certoplast-header-sonstiges.jpg 1920w, https:\/\/certoplast.com\/wp-content\/uploads\/certoplast-header-sonstiges-300x81.jpg 300w, https:\/\/certoplast.com\/wp-content\/uploads\/certoplast-header-sonstiges-1024x277.jpg 1024w, https:\/\/certoplast.com\/wp-content\/uploads\/certoplast-header-sonstiges-768x208.jpg 768w, https:\/\/certoplast.com\/wp-content\/uploads\/certoplast-header-sonstiges-1536x415.jpg 1536w, https:\/\/certoplast.com\/wp-content\/uploads\/certoplast-header-sonstiges-800x216.jpg 800w\" sizes=\"auto, (max-width: 1920px) 100vw, 1920px\" \/><\/div>            <\/div>\r\n\t\t\t\t\r\n            \r\n\t\t\t\r\n        \r\n            \n<\/div>\r\n\t\t\t\t<\/div>\t\t\t\t\r\n\t\t\t\t\t\t\t<\/div>\r\n\t\t\t\t\r\n\t\t\t\r\n\t\t\t        \r\n            <div class=\"gb-container gb-container-72245149 gb-container-default\">\n<div class=\"gb-container gb-container-7093c9ee\">\n<div class=\"gb-grid-wrapper gb-grid-wrapper-27593ab5\">\n<div class=\"gb-grid-column gb-grid-column-6564180a\"><div class=\"gb-container gb-container-6564180a\" data-aos=\"fade-right\" data-aos-delay=\"250\">\n\n<div class=\"wp-block-pixel-headline headlines is-subheadline-top has-text-align-left\"><h1 class=\"headline is-h1\" style=\"color:\">Cintas adhesivas t\u00e9cnicas <strong>con tradici\u00f3n<\/strong><\/h1><\/div>\n\n\n\n<p>Como fabricante de cintas adhesivas t\u00e9cnicas, certoplast Technische Klebeb\u00e4nder GmbH cuenta con casi 100 a\u00f1os de experiencia en la producci\u00f3n de Band. La empresa certoplast se fund\u00f3 en 1991 a partir de la antigua divisi\u00f3n de cintas adhesivas de Vorwerk &amp; Sohn y desde entonces se ha consolidado en el mercado internacional en los sectores principales de la automoci\u00f3n, la industria el\u00e9ctrica y la tecnolog\u00eda de aislamiento. <\/p>\n\n\n\n<a class=\"gb-button gb-button-0af38c6c gb-button-text\" href=\"https:\/\/certoplast.com\/es\/la-empresa\/sobre-nosotros\/\">Saber m\u00e1s<\/a>\n\n<\/div><\/div>\n\n<div class=\"gb-grid-column gb-grid-column-89be0c4b\"><div class=\"gb-container gb-container-89be0c4b\" data-aos=\"fade-left\" data-aos-delay=\"250\">\n<div class=\"wp-block-image\">\n<figure class=\"alignright size-full\"><img loading=\"lazy\" decoding=\"async\" width=\"574\" height=\"351\" src=\"https:\/\/certoplast.com\/wp-content\/uploads\/technische-klebebaender-mit-tradition.jpg\" alt=\"\" class=\"wp-image-384\" srcset=\"https:\/\/certoplast.com\/wp-content\/uploads\/technische-klebebaender-mit-tradition.jpg 574w, https:\/\/certoplast.com\/wp-content\/uploads\/technische-klebebaender-mit-tradition-300x183.jpg 300w\" sizes=\"auto, (max-width: 574px) 100vw, 574px\" \/><\/figure>\n<\/div>\n<\/div><\/div>\n<\/div>\n<\/div>\n<\/div><div class=\"gb-container gb-container-a00cfd64 gb-container-gray\">\n<div class=\"gb-container gb-container-a72eb151\" data-aos=\"fade-right\" data-aos-delay=\"250\">\n\n<div class=\"wp-block-pixel-headline headlines is-subheadline-bottom has-text-align-left\"><h2 class=\"headline is-h1\" style=\"color:\">Nuestra <strong>gama de productos<\/strong><\/h2><\/div>\n\n\n\n<p>Nuestros productos se utilizan ampliamente en aplicaciones exigentes de aislamiento y protecci\u00f3n de cables e hilos en una gran variedad de instalaciones el\u00e9ctricas, en aplicaciones de aislamiento t\u00e9rmico y sellado de tuber\u00edas de aire acondicionado, calefacci\u00f3n y agua, as\u00ed como en materiales aislantes y en una gran variedad de aplicaciones de montaje, reparaci\u00f3n y marcado.<\/p>\n\n<\/div>\n\n<div class=\"gb-container gb-container-dcc43bff\">\n<div class=\"gb-container gb-container-dfcf8b5d\">\n<div class=\"gb-grid-wrapper gb-grid-wrapper-234d0828 teaser-box-grid\">\n<div class=\"gb-grid-column gb-grid-column-96b2aad3\"><div class=\"gb-container gb-container-96b2aad3\" data-aos=\"fade-up\" data-aos-delay=\"250\">\n<div class=\"teaser-box teaser-box-4fcb5762\"><div class=\"teaser-box-image\"><img loading=\"lazy\" decoding=\"async\" width=\"720\" height=\"360\" src=\"https:\/\/certoplast.com\/wp-content\/uploads\/produkt-spektrum-automotive.jpg\" class=\"attachment-teaser-box size-teaser-box\" alt=\"\" srcset=\"https:\/\/certoplast.com\/wp-content\/uploads\/produkt-spektrum-automotive.jpg 720w, https:\/\/certoplast.com\/wp-content\/uploads\/produkt-spektrum-automotive-300x150.jpg 300w\" sizes=\"auto, (max-width: 720px) 100vw, 720px\" \/><\/div><div class=\"teaser-box-inner\"><h3 class=\"teaser-box-headline\">Automoci\u00f3n<\/h3><div class=\"teaser-box-text\">En colaboraci\u00f3n con la industria del autom\u00f3vil, desarrollamos productos de alta tecnolog\u00eda que satisfacen los numerosos requisitos de la ingenier\u00eda automovil\u00edstica.<\/div><a class=\"gb-button \" href=\"\/sektoren\/automotive\/\" target=\"\">Saber m\u00e1s<\/a><\/div><\/div>\n<\/div><\/div>\n\n<div class=\"gb-grid-column gb-grid-column-8690701a\"><div class=\"gb-container gb-container-8690701a\" data-aos=\"fade-up\" data-aos-delay=\"500\">\n<div class=\"teaser-box teaser-box-51dde651\"><div class=\"teaser-box-image\"><img loading=\"lazy\" decoding=\"async\" width=\"720\" height=\"360\" src=\"https:\/\/certoplast.com\/wp-content\/uploads\/produkt-spektrum-elektrotechnik.jpg\" class=\"attachment-teaser-box size-teaser-box\" alt=\"\" srcset=\"https:\/\/certoplast.com\/wp-content\/uploads\/produkt-spektrum-elektrotechnik.jpg 720w, https:\/\/certoplast.com\/wp-content\/uploads\/produkt-spektrum-elektrotechnik-300x150.jpg 300w\" sizes=\"auto, (max-width: 720px) 100vw, 720px\" \/><\/div><div class=\"teaser-box-inner\"><h3 class=\"teaser-box-headline\">Ingenier\u00eda el\u00e9ctrica<\/h3><div class=\"teaser-box-text\">certoplast es socio de empresas industriales y comerciantes desde hace d\u00e9cadas. Nuestros productos se utilizan ampliamente para trabajos de aislamiento est\u00e1ndar. <\/div><a class=\"gb-button \" href=\"\/sektoren\/elektrotechnik\/\" target=\"\">Saber m\u00e1s<\/a><\/div><\/div>\n<\/div><\/div>\n\n<div class=\"gb-grid-column gb-grid-column-2ce74b6f\"><div class=\"gb-container gb-container-2ce74b6f\" data-aos=\"fade-up\" data-aos-delay=\"750\">\n<div class=\"teaser-box teaser-box-2fcb2a5c\"><div class=\"teaser-box-image\"><img loading=\"lazy\" decoding=\"async\" width=\"720\" height=\"360\" src=\"https:\/\/certoplast.com\/wp-content\/uploads\/produkt-spektrum-isolierhandwerk-und-bau.jpg\" class=\"attachment-teaser-box size-teaser-box\" alt=\"\" srcset=\"https:\/\/certoplast.com\/wp-content\/uploads\/produkt-spektrum-isolierhandwerk-und-bau.jpg 720w, https:\/\/certoplast.com\/wp-content\/uploads\/produkt-spektrum-isolierhandwerk-und-bau-300x150.jpg 300w\" sizes=\"auto, (max-width: 720px) 100vw, 720px\" \/><\/div><div class=\"teaser-box-inner\"><h3 class=\"teaser-box-headline\">Aislamiento comercio y construcci\u00f3n<\/h3><div class=\"teaser-box-text\">certoplast ofrece una gama profesional de adhesivos especiales para la uni\u00f3n permanente de sistemas de aislamiento revestidos de aluminio.<\/div><a class=\"gb-button \" href=\"https:\/\/certoplast.com\/branchen\/isolierhandwerk-und-bau\/\" target=\"\">Saber m\u00e1s<\/a><\/div><\/div>\n<\/div><\/div>\n\n<div class=\"gb-grid-column gb-grid-column-fcc30d49\"><div class=\"gb-container gb-container-fcc30d49\" data-aos=\"fade-up\" data-aos-delay=\"1000\">\n<div class=\"teaser-box teaser-box-d6bff75d\"><div class=\"teaser-box-image\"><img loading=\"lazy\" decoding=\"async\" width=\"720\" height=\"360\" src=\"https:\/\/certoplast.com\/wp-content\/uploads\/produkt-spektrum-sonstige-anwendungen.jpg\" class=\"attachment-teaser-box size-teaser-box\" alt=\"\" srcset=\"https:\/\/certoplast.com\/wp-content\/uploads\/produkt-spektrum-sonstige-anwendungen.jpg 720w, https:\/\/certoplast.com\/wp-content\/uploads\/produkt-spektrum-sonstige-anwendungen-300x150.jpg 300w\" sizes=\"auto, (max-width: 720px) 100vw, 720px\" \/><\/div><div class=\"teaser-box-inner\"><h3 class=\"teaser-box-headline\">Otras aplicaciones<\/h3><div class=\"teaser-box-text\">Nuestros productos son vers\u00e1tiles y ofrecen la soluci\u00f3n ideal para casi todas las aplicaciones en la industria, el comercio y el uso privado.<\/div><a class=\"gb-button \" href=\"https:\/\/certoplast.com\/branchen\/industrielle-und-sonstige-anwendungen\/\" target=\"\">Saber m\u00e1s<\/a><\/div><\/div>\n<\/div><\/div>\n<\/div>\n<\/div>\n<\/div>\n<\/div><div class=\"gb-container gb-container-bcd2b274\" data-aos=\"fade-up\" data-aos-delay=\"250\">\n<div class=\"gb-container gb-container-e01ee4f6\">\n\n<div class=\"wp-block-pixel-headline headlines is-subheadline-bottom has-text-align-left\"><h2 class=\"headline is-h1\" style=\"color:\">certoplast <strong>informa<\/strong><\/h2><\/div>\n\n\n\n<p>Siempre al d\u00eda: Aqu\u00ed le informamos sobre los desarrollos actuales y los nuevos productos.<\/p>\n\n\n\n\t\t\t\t\t\t\n\t\t\t\n\n\t\t\t\n            <div class=\"grid grid-63ec4a05 grid-post grid-columns-2\">\n\t\t\t\n\t\t\t\t\t\t\t\t\t\t\t\t\t\t\t\t\t<div class=\"grid-group grid-group-0\">\n\t\t\t\t\t\t\t\t\t\t\t\t<div class=\"grid-inner \">\n\t\t\t\t\t\t\t\t\t\t\t\t\t\t\t<div class=\"grid-item\">\n\t\t\t\t\t\t\t\t\t \n\t\t\t<div class=\"card card-post card-post-5735\">\n\t\t\t\t<div class=\"card-media\"><img loading=\"lazy\" decoding=\"async\" width=\"800\" height=\"800\" src=\"https:\/\/certoplast.com\/wp-content\/uploads\/was-unsere-welt-zusammenhaelt.jpg\" class=\"attachment-square size-square\" alt=\"\" srcset=\"https:\/\/certoplast.com\/wp-content\/uploads\/was-unsere-welt-zusammenhaelt.jpg 800w, https:\/\/certoplast.com\/wp-content\/uploads\/was-unsere-welt-zusammenhaelt-300x300.jpg 300w, https:\/\/certoplast.com\/wp-content\/uploads\/was-unsere-welt-zusammenhaelt-150x150.jpg 150w, https:\/\/certoplast.com\/wp-content\/uploads\/was-unsere-welt-zusammenhaelt-768x768.jpg 768w\" sizes=\"auto, (max-width: 800px) 100vw, 800px\" \/><\/div>\t\t\t\t<div class=\"card-content\">\n\t\t\t\t\t<div class=\"card-inner\">\n\t\t\t\t\t\t<span class=\"card-headline headline is-h3\">Lo que mantiene unido a nuestro mundo<\/span><div class=\"card-copy\">Los adhesivos y sellantes son la fuerza oculta que mantiene unido nuestro mundo. Descubra ahora la pel\u00edcula de im\u00e1genes sobre adhesivos y sellantes de la Industrieverband Klebstoffe e.V. <\/div>\t\t\t\t\t<\/div>\n\n\t\t\t\t\t<div class=\"card-action\"><div class=\"gb-buttons\"><a class=\"gb-button gb-button-blau-gradient\" href=\"https:\/\/certoplast.com\/es\/aktuelles\/lo-que-mantiene-unido-a-nuestro-mundo\/\">Saber m\u00e1s<\/a><\/div><\/div>\t\t\t\t<\/div>\n\t\t\t<\/div>\n\t\t\t\t\t\t\t\t\t\t<\/div>\n\t\t\t\t\t\t\t\t\t\t\t\t\t<\/div>\n\t\t\t\t\t<\/div>\n\t\t\t\t            <\/div>\n\t\t\t\n\t\t\t\t\t\t\t\n\t\t\t\n            <!-- end:grid -->\n        \n            \n<\/div>\n<\/div>","protected":false},"excerpt":{"rendered":"<p>Nuestros productos se utilizan ampliamente en aplicaciones exigentes de aislamiento y protecci\u00f3n de cables e hilos en una gran variedad de instalaciones el\u00e9ctricas, en aplicaciones de aislamiento t\u00e9rmico y sellado de tuber\u00edas de aire acondicionado, calefacci\u00f3n y agua, as\u00ed como en materiales aislantes y en una gran variedad de aplicaciones de montaje, reparaci\u00f3n y marcado. &#8230; <a title=\"Inicio\" class=\"read-more\" href=\"https:\/\/certoplast.com\/es\/\" aria-label=\"M\u00e1s en Inicio\">Leer m\u00e1s<\/a><\/p>\n","protected":false},"author":1,"featured_media":0,"parent":0,"menu_order":0,"comment_status":"closed","ping_status":"closed","template":"","meta":{"_acf_changed":false,"inline_featured_image":false,"footnotes":""},"class_list":["post-5652","page","type-page","status-publish"],"acf":[],"_links":{"self":[{"href":"https:\/\/certoplast.com\/es\/wp-json\/wp\/v2\/pages\/5652","targetHints":{"allow":["GET"]}}],"collection":[{"href":"https:\/\/certoplast.com\/es\/wp-json\/wp\/v2\/pages"}],"about":[{"href":"https:\/\/certoplast.com\/es\/wp-json\/wp\/v2\/types\/page"}],"author":[{"embeddable":true,"href":"https:\/\/certoplast.com\/es\/wp-json\/wp\/v2\/users\/1"}],"replies":[{"embeddable":true,"href":"https:\/\/certoplast.com\/es\/wp-json\/wp\/v2\/comments?post=5652"}],"version-history":[{"count":1,"href":"https:\/\/certoplast.com\/es\/wp-json\/wp\/v2\/pages\/5652\/revisions"}],"predecessor-version":[{"id":5653,"href":"https:\/\/certoplast.com\/es\/wp-json\/wp\/v2\/pages\/5652\/revisions\/5653"}],"wp:attachment":[{"href":"https:\/\/certoplast.com\/es\/wp-json\/wp\/v2\/media?parent=5652"}],"curies":[{"name":"wp","href":"https:\/\/api.w.org\/{rel}","templated":true}]}}