{"id":5669,"date":"2023-07-04T15:45:46","date_gmt":"2023-07-04T13:45:46","guid":{"rendered":"https:\/\/certoplast.com\/productos\/"},"modified":"2025-04-07T11:22:26","modified_gmt":"2025-04-07T09:22:26","slug":"productos","status":"publish","type":"page","link":"https:\/\/certoplast.com\/es\/productos\/","title":{"rendered":"Productos"},"content":{"rendered":"\r\n\t\t\t       \r\n            \r\n            <div class=\"hero hero-01df5377 full\">\r\n\t\t\t\t\t\t\t\t<div class=\"acf-innerblocks-container\">\n\r\n\t\t\t       \r\n                    \r\n            <div class=\"hero-slide hero-slide-74e7ba29 is-style-image\">\r\n\t\t\t\t<div class=\"hero-canvas\">\r\n\t\t\t\t\t<div class=\"hero-subheadline\">El adecuado para cada aplicaci\u00f3n Band<\/div>\t\t\t\t\t<h1 class=\"hero-headline\">Nuestros productos<\/h1>\t\t\t\t<\/div>\r\n\t\t\t\t<div class=\"hero-media hero-media-image\"><img loading=\"lazy\" decoding=\"async\" width=\"1920\" height=\"519\" src=\"https:\/\/certoplast.com\/wp-content\/uploads\/certoplast-header-gewebebaender.jpg\" class=\"attachment-full size-full\" alt=\"\" srcset=\"https:\/\/certoplast.com\/wp-content\/uploads\/certoplast-header-gewebebaender.jpg 1920w, https:\/\/certoplast.com\/wp-content\/uploads\/certoplast-header-gewebebaender-300x81.jpg 300w, https:\/\/certoplast.com\/wp-content\/uploads\/certoplast-header-gewebebaender-1024x277.jpg 1024w, https:\/\/certoplast.com\/wp-content\/uploads\/certoplast-header-gewebebaender-768x208.jpg 768w, https:\/\/certoplast.com\/wp-content\/uploads\/certoplast-header-gewebebaender-1536x415.jpg 1536w, https:\/\/certoplast.com\/wp-content\/uploads\/certoplast-header-gewebebaender-800x216.jpg 800w\" sizes=\"auto, (max-width: 1920px) 100vw, 1920px\" \/><\/div>            <\/div>\r\n\t\t\t\t\r\n            \r\n\t\t\t\r\n        \r\n            \n<\/div>\r\n\t\t\t\t\t\t\t\t\r\n\t\t\t\t\t\t\t<\/div>\r\n\t\t\t\t\r\n\t\t\t\r\n\t\t\t        \r\n            <div class=\"gb-container gb-container-e4a6c0a8 gb-container-default\">\n<div class=\"gb-container gb-container-c7df1ec9\">\n<div class=\"gb-grid-wrapper gb-grid-wrapper-6a48ed2e\">\n<div class=\"gb-grid-column gb-grid-column-6eb6a587\"><div class=\"gb-container gb-container-6eb6a587\" data-aos=\"fade-right\" data-aos-delay=\"250\">\n\n<p>certoplast ha sido el socio de confianza de empresas industriales y comerciantes durante muchas d\u00e9cadas. Nuestros productos se utilizan ampliamente en aplicaciones exigentes para el aislamiento y la protecci\u00f3n de cables e hilos en una gran variedad de instalaciones el\u00e9ctricas, en aplicaciones para el aislamiento t\u00e9rmico y el sellado de tuber\u00edas de aire acondicionado, calefacci\u00f3n y agua, as\u00ed como materiales aislantes y en una gran variedad de aplicaciones de montaje, reparaci\u00f3n y marcado. <\/p>\n\n<\/div><\/div>\n\n<div class=\"gb-grid-column gb-grid-column-f5784789\"><div class=\"gb-container gb-container-f5784789\" data-aos=\"fade-left\" data-aos-delay=\"250\">\n\n<p>Nuestra gama de productos abarca una gran variedad de materiales de soporte diferentes que tienen las propiedades f\u00edsicas y t\u00e9cnicas adecuadas para cada aplicaci\u00f3n.  <\/p>\n\n<\/div><\/div>\n<\/div>\n<\/div>\n<\/div>","protected":false},"excerpt":{"rendered":"","protected":false},"author":1,"featured_media":0,"parent":0,"menu_order":2,"comment_status":"closed","ping_status":"closed","template":"","meta":{"_acf_changed":false,"inline_featured_image":false,"footnotes":""},"class_list":["post-5669","page","type-page","status-publish"],"acf":[],"_links":{"self":[{"href":"https:\/\/certoplast.com\/es\/wp-json\/wp\/v2\/pages\/5669","targetHints":{"allow":["GET"]}}],"collection":[{"href":"https:\/\/certoplast.com\/es\/wp-json\/wp\/v2\/pages"}],"about":[{"href":"https:\/\/certoplast.com\/es\/wp-json\/wp\/v2\/types\/page"}],"author":[{"embeddable":true,"href":"https:\/\/certoplast.com\/es\/wp-json\/wp\/v2\/users\/1"}],"replies":[{"embeddable":true,"href":"https:\/\/certoplast.com\/es\/wp-json\/wp\/v2\/comments?post=5669"}],"version-history":[{"count":1,"href":"https:\/\/certoplast.com\/es\/wp-json\/wp\/v2\/pages\/5669\/revisions"}],"predecessor-version":[{"id":5670,"href":"https:\/\/certoplast.com\/es\/wp-json\/wp\/v2\/pages\/5669\/revisions\/5670"}],"wp:attachment":[{"href":"https:\/\/certoplast.com\/es\/wp-json\/wp\/v2\/media?parent=5669"}],"curies":[{"name":"wp","href":"https:\/\/api.w.org\/{rel}","templated":true}]}}