{"id":5679,"date":"2023-07-10T15:06:14","date_gmt":"2023-07-10T13:06:14","guid":{"rendered":"https:\/\/certoplast.com\/productos\/cintas-de-tejido\/"},"modified":"2025-04-07T11:22:26","modified_gmt":"2025-04-07T09:22:26","slug":"cintas-de-tejido","status":"publish","type":"page","link":"https:\/\/certoplast.com\/es\/productos\/cintas-de-tejido\/","title":{"rendered":"Cintas de tejido"},"content":{"rendered":"\r\n\t\t\t       \r\n            \r\n            <div class=\"hero hero-0854cdf2 full\">\r\n\t\t\t\t\t\t\t\t<div class=\"acf-innerblocks-container\">\n\r\n\t\t\t       \r\n                    \r\n            <div class=\"hero-slide hero-slide-7ccfefd8 is-style-image\">\r\n\t\t\t\t<div class=\"hero-canvas\">\r\n\t\t\t\t\t<div class=\"hero-subheadline\">Nuestros productos<\/div>\t\t\t\t\t<h1 class=\"hero-headline\">Cintas de tejido<\/h1>\t\t\t\t<\/div>\r\n\t\t\t\t<div class=\"hero-media hero-media-image\"><img loading=\"lazy\" decoding=\"async\" width=\"1920\" height=\"519\" src=\"https:\/\/certoplast.com\/wp-content\/uploads\/certoplast-header-gewebebaender.jpg\" class=\"attachment-full size-full\" alt=\"\" srcset=\"https:\/\/certoplast.com\/wp-content\/uploads\/certoplast-header-gewebebaender.jpg 1920w, https:\/\/certoplast.com\/wp-content\/uploads\/certoplast-header-gewebebaender-300x81.jpg 300w, https:\/\/certoplast.com\/wp-content\/uploads\/certoplast-header-gewebebaender-1024x277.jpg 1024w, https:\/\/certoplast.com\/wp-content\/uploads\/certoplast-header-gewebebaender-768x208.jpg 768w, https:\/\/certoplast.com\/wp-content\/uploads\/certoplast-header-gewebebaender-1536x415.jpg 1536w, https:\/\/certoplast.com\/wp-content\/uploads\/certoplast-header-gewebebaender-800x216.jpg 800w\" sizes=\"auto, (max-width: 1920px) 100vw, 1920px\" \/><\/div>            <\/div>\r\n\t\t\t\t\r\n            \r\n\t\t\t\r\n        \r\n            \n<\/div>\r\n\t\t\t\t\t\t\t\t\r\n\t\t\t\t\t\t\t<\/div>\r\n\t\t\t\t\r\n\t\t\t\r\n\t\t\t        \r\n            <div class=\"gb-container gb-container-e4a6c0a8 gb-container-default\">\n<div class=\"gb-container gb-container-c7df1ec9\">\n\n<div class=\"wp-block-pixel-headline headlines is-subheadline-bottom has-text-align-left\"><h1 class=\"headline is-h1\" style=\"color:\">Nuestros <strong>cinturones de tela<\/strong><\/h1><\/div>\n\n\n<div class=\"gb-grid-wrapper gb-grid-wrapper-6a48ed2e\">\n<div class=\"gb-grid-column gb-grid-column-6eb6a587\"><div class=\"gb-container gb-container-6eb6a587\" data-aos=\"fade-right\" data-aos-delay=\"250\">\n\n<p>Ofrecemos una gran selecci\u00f3n de cintas de tejidos especiales para una amplia gama de aplicaciones. Nuestros tejidos portadores est\u00e1n hechos de poli\u00e9ster, poliamida o tejidos mezclados. Utilizamos tanto tejidos est\u00e1ndar como velours y otros tejidos de punto. Estos soportes, en combinaci\u00f3n con caucho sint\u00e9tico de alto rendimiento y adhesivos de acrilato UV, ofrecen una amplia gama de propiedades para diferentes aplicaciones.   <\/p>\n\n<\/div><\/div>\n\n<div class=\"gb-grid-column gb-grid-column-f5784789\"><div class=\"gb-container gb-container-f5784789\" data-aos=\"fade-left\" data-aos-delay=\"250\">\n\n<p>La cartera de productos incluye cintas para rangos de temperatura (carga continua) de hasta 150 \u00b0C. Ofrecemos productos que se caracterizan por su resistencia a medios como disolventes o agua salada. Los productos con revestimientos de acrilato tienen una mayor resistencia diel\u00e9ctrica y estabilidad mec\u00e1nica. Las cintas de terciopelo ofrecen propiedades amortiguadoras, alta resistencia mec\u00e1nica y la opci\u00f3n de fijaci\u00f3n a tiras de velcro.   <\/p>\n\n\n\n<p><strong>Muchos de nuestros productos est\u00e1n disponibles en una amplia gama de colores.<\/strong><\/p>\n\n<\/div><\/div>\n<\/div>\n<\/div>\n<\/div><div class=\"gb-container gb-container-20a9d3f9 gb-container-gray\">\n<div class=\"gb-container gb-container-6350117c\" data-aos=\"fade-up\" data-aos-delay=\"250\">\n\n\t\t\t\t\t\t\n\t\t\t\n\n\t\t\t\t\t\t\t<div class=\"facet-wrapper\">\n\t\t\t\t\t<div class=\"facetwp-facet facetwp-facet-einsatzbereiche facetwp-type-dropdown\" data-name=\"einsatzbereiche\" data-type=\"dropdown\"><\/div><div class=\"facetwp-facet facetwp-facet-eigenschaften_es facetwp-type-dropdown\" data-name=\"eigenschaften_es\" data-type=\"dropdown\"><\/div><div class=\"facetwp-facet facetwp-facet-trgermaterial_es facetwp-type-dropdown\" data-name=\"trgermaterial_es\" data-type=\"dropdown\"><\/div><div class=\"facetwp-facet facetwp-facet-klebstoff_es facetwp-type-dropdown\" data-name=\"klebstoff_es\" data-type=\"dropdown\"><\/div><div class=\"facetwp-facet facetwp-facet-farbe_es facetwp-type-dropdown\" data-name=\"farbe_es\" data-type=\"dropdown\"><\/div><div class=\"facetwp-facet facetwp-facet-materialstrke facetwp-type-slider\" data-name=\"materialstrke\" data-type=\"slider\"><\/div><div class=\"facetwp-facet facetwp-facet-temperaturbereich facetwp-type-slider\" data-name=\"temperaturbereich\" data-type=\"slider\"><\/div>\t\t\t\t<\/div>\n\t\t\t\n            <div class=\"grid grid-7d65dce5 grid-product grid-columns-3\">\n\t\t\t\n\t\t\t\t\t\t\t\t\t\t\t\t\t\t\t\t\t<div class=\"grid-group grid-group-0\">\n\t\t\t\t\t\t\t\t\t\t\t\t<div class=\"grid-inner facetwp-template\">\n\t\t\t\t\t\t\t\t\t\t\t\t\t\t\t<div class=\"grid-item\">\n\t\t\t\t\t\t\t\t\t \n\t\t\t<div class=\"card card-product\">\n\t\t\t\t<div class=\"card-media\"><img loading=\"lazy\" decoding=\"async\" width=\"623\" height=\"264\" src=\"https:\/\/certoplast.com\/wp-content\/uploads\/514.jpg\" class=\"attachment-product_thumb size-product_thumb\" alt=\"\" srcset=\"https:\/\/certoplast.com\/wp-content\/uploads\/514.jpg 623w, https:\/\/certoplast.com\/wp-content\/uploads\/514-300x127.jpg 300w\" sizes=\"auto, (max-width: 623px) 100vw, 623px\" \/><\/div>\t\t\t\t<div class=\"card-content\">\n\t\t\t\t\t<div class=\"card-inner\">\n\t\t\t\t\t\t<h2 class=\"headline is-h2\">certoplast 514<\/h2><div class=\"card-copy\">La cinta adhesiva sensible a la presi\u00f3n certoplast 514 se utiliza preferentemente para encintar mazos de cables en la industria del autom\u00f3vil. La superficie de la cinta, especialmente dise\u00f1ada y lisa, produce un mazo de cables repelente a la suciedad y permanentemente flexible que est\u00e1 muy bien protegido contra las tensiones mec\u00e1nicas externas (por ejemplo, bordes afilados) en comparaci\u00f3n con muchos otros materiales de cinta (por ejemplo, PVC, ray\u00f3n, vell\u00f3n de costura PET, etc.).  Gracias a su resistencia a las altas temperaturas, su material de soporte extremadamente robusto y su excelente resistencia a los medios, certoplast 514 tambi\u00e9n puede utilizarse en el compartimento del motor.  <\/div>\t\t\t\t\t<\/div>\n\n\t\t\t\t\t<div class=\"card-action\"><a class=\"gb-button\" href=\"https:\/\/certoplast.com\/es\/produkt\/certoplast-514\/\">Saber m\u00e1s<\/a><\/div>\t\t\t\t<\/div>\n\t\t\t<\/div>\n\t\t\t\t\t\t\t\t\t\t<\/div>\n\t\t\t\t\t\t\t\t\t\t\t\t\t\t\t<div class=\"grid-item\">\n\t\t\t\t\t\t\t\t\t \n\t\t\t<div class=\"card card-product\">\n\t\t\t\t<div class=\"card-media\"><img loading=\"lazy\" decoding=\"async\" width=\"623\" height=\"264\" src=\"https:\/\/certoplast.com\/wp-content\/uploads\/certoplast_produkte_516.jpg\" class=\"attachment-product_thumb size-product_thumb\" alt=\"\" srcset=\"https:\/\/certoplast.com\/wp-content\/uploads\/certoplast_produkte_516.jpg 623w, https:\/\/certoplast.com\/wp-content\/uploads\/certoplast_produkte_516-300x127.jpg 300w\" sizes=\"auto, (max-width: 623px) 100vw, 623px\" \/><\/div>\t\t\t\t<div class=\"card-content\">\n\t\t\t\t\t<div class=\"card-inner\">\n\t\t\t\t\t\t<h2 class=\"headline is-h2\">certoplast 516<\/h2><div class=\"card-copy\">La cinta adhesiva sensible a la presi\u00f3n certoplast 516 se utiliza preferentemente para encintar mazos de cables en la industria del autom\u00f3vil.  \nLa superficie especialmente dise\u00f1ada y lisa de la cinta da como resultado un mazo de cables repelente a la suciedad y permanentemente flexible que est\u00e1 muy bien protegido contra las tensiones mec\u00e1nicas externas (por ejemplo, bordes afilados) en comparaci\u00f3n con muchos otros materiales de cinta (por ejemplo, PVC, ray\u00f3n, vell\u00f3n de costura PET, etc.). Gracias a su gran resistencia a la temperatura, su material de soporte extremadamente robusto y su excelente resistencia a los medios, certoplast 516 puede utilizarse en todo el veh\u00edculo. <\/div>\t\t\t\t\t<\/div>\n\n\t\t\t\t\t<div class=\"card-action\"><a class=\"gb-button\" href=\"https:\/\/certoplast.com\/es\/produkt\/certoplast-516\/\">Saber m\u00e1s<\/a><\/div>\t\t\t\t<\/div>\n\t\t\t<\/div>\n\t\t\t\t\t\t\t\t\t\t<\/div>\n\t\t\t\t\t\t\t\t\t\t\t\t\t\t\t<div class=\"grid-item\">\n\t\t\t\t\t\t\t\t\t \n\t\t\t<div class=\"card card-product\">\n\t\t\t\t<div class=\"card-media\"><img loading=\"lazy\" decoding=\"async\" width=\"623\" height=\"264\" src=\"https:\/\/certoplast.com\/wp-content\/uploads\/518.jpg\" class=\"attachment-product_thumb size-product_thumb\" alt=\"\" srcset=\"https:\/\/certoplast.com\/wp-content\/uploads\/518.jpg 623w, https:\/\/certoplast.com\/wp-content\/uploads\/518-300x127.jpg 300w\" sizes=\"auto, (max-width: 623px) 100vw, 623px\" \/><\/div>\t\t\t\t<div class=\"card-content\">\n\t\t\t\t\t<div class=\"card-inner\">\n\t\t\t\t\t\t<h2 class=\"headline is-h2\">certoplast 518<\/h2><div class=\"card-copy\">\u00abcertoplast 518 se utiliza preferentemente para encintar mazos de cables en la construcci\u00f3n de autom\u00f3viles y puede rasgarse a mano. \nGracias a la resistencia a las llamas de este material de soporte extremadamente robusto y a su excelente resistencia a los medios, es ideal para su uso en el compartimento del motor.\u00bb\n<\/div>\t\t\t\t\t<\/div>\n\n\t\t\t\t\t<div class=\"card-action\"><a class=\"gb-button\" href=\"https:\/\/certoplast.com\/es\/produkt\/certoplast-518\/\">Saber m\u00e1s<\/a><\/div>\t\t\t\t<\/div>\n\t\t\t<\/div>\n\t\t\t\t\t\t\t\t\t\t<\/div>\n\t\t\t\t\t\t\t\t\t\t\t\t\t\t\t<div class=\"grid-item\">\n\t\t\t\t\t\t\t\t\t \n\t\t\t<div class=\"card card-product\">\n\t\t\t\t<div class=\"card-media\"><img loading=\"lazy\" decoding=\"async\" width=\"623\" height=\"264\" src=\"https:\/\/certoplast.com\/wp-content\/uploads\/519.jpg\" class=\"attachment-product_thumb size-product_thumb\" alt=\"\" srcset=\"https:\/\/certoplast.com\/wp-content\/uploads\/519.jpg 623w, https:\/\/certoplast.com\/wp-content\/uploads\/519-300x127.jpg 300w\" sizes=\"auto, (max-width: 623px) 100vw, 623px\" \/><\/div>\t\t\t\t<div class=\"card-content\">\n\t\t\t\t\t<div class=\"card-inner\">\n\t\t\t\t\t\t<h2 class=\"headline is-h2\">certoplast 519<\/h2><div class=\"card-copy\">certoplast 519 se utiliza preferentemente para el encintado de mazos de cables en aquellos puntos de la construcci\u00f3n de autom\u00f3viles en los que son importantes tanto la evitaci\u00f3n de ruidos de traqueteo como la protecci\u00f3n contra las rozaduras.<\/div>\t\t\t\t\t<\/div>\n\n\t\t\t\t\t<div class=\"card-action\"><a class=\"gb-button\" href=\"https:\/\/certoplast.com\/es\/produkt\/certoplast-519\/\">Saber m\u00e1s<\/a><\/div>\t\t\t\t<\/div>\n\t\t\t<\/div>\n\t\t\t\t\t\t\t\t\t\t<\/div>\n\t\t\t\t\t\t\t\t\t\t\t\t\t\t\t<div class=\"grid-item\">\n\t\t\t\t\t\t\t\t\t \n\t\t\t<div class=\"card card-product\">\n\t\t\t\t<div class=\"card-media\"><img loading=\"lazy\" decoding=\"async\" width=\"623\" height=\"264\" src=\"https:\/\/certoplast.com\/wp-content\/uploads\/523.jpg\" class=\"attachment-product_thumb size-product_thumb\" alt=\"\" srcset=\"https:\/\/certoplast.com\/wp-content\/uploads\/523.jpg 623w, https:\/\/certoplast.com\/wp-content\/uploads\/523-300x127.jpg 300w\" sizes=\"auto, (max-width: 623px) 100vw, 623px\" \/><\/div>\t\t\t\t<div class=\"card-content\">\n\t\t\t\t\t<div class=\"card-inner\">\n\t\t\t\t\t\t<h2 class=\"headline is-h2\">certoplast 523<\/h2><div class=\"card-copy\">certoplast 523 se utiliza preferentemente para el encintado de mazos de cables en la industria del autom\u00f3vil. Gracias a su material portante extremadamente robusto y a su resistencia a los medios y las temperaturas, es ideal para su uso en el compartimento del motor. <\/div>\t\t\t\t\t<\/div>\n\n\t\t\t\t\t<div class=\"card-action\"><a class=\"gb-button\" href=\"https:\/\/certoplast.com\/es\/produkt\/certoplast-523\/\">Saber m\u00e1s<\/a><\/div>\t\t\t\t<\/div>\n\t\t\t<\/div>\n\t\t\t\t\t\t\t\t\t\t<\/div>\n\t\t\t\t\t\t\t\t\t\t\t\t\t\t\t<div class=\"grid-item\">\n\t\t\t\t\t\t\t\t\t \n\t\t\t<div class=\"card card-product\">\n\t\t\t\t<div class=\"card-media\"><img loading=\"lazy\" decoding=\"async\" width=\"623\" height=\"264\" src=\"https:\/\/certoplast.com\/wp-content\/uploads\/certoplast_produkte_524.jpg\" class=\"attachment-product_thumb size-product_thumb\" alt=\"\" srcset=\"https:\/\/certoplast.com\/wp-content\/uploads\/certoplast_produkte_524.jpg 623w, https:\/\/certoplast.com\/wp-content\/uploads\/certoplast_produkte_524-300x127.jpg 300w\" sizes=\"auto, (max-width: 623px) 100vw, 623px\" \/><\/div>\t\t\t\t<div class=\"card-content\">\n\t\t\t\t\t<div class=\"card-inner\">\n\t\t\t\t\t\t<h2 class=\"headline is-h2\">certoplast 524<\/h2><div class=\"card-copy\">certoplast 524 se desarroll\u00f3 para su uso en mazos de cables en la industria del autom\u00f3vil. Gracias a su elevada rigidez diel\u00e9ctrica conforme a LV 312-1, la cinta adhesiva es especialmente adecuada para aislar uniones soldadas. \n<\/div>\t\t\t\t\t<\/div>\n\n\t\t\t\t\t<div class=\"card-action\"><a class=\"gb-button\" href=\"https:\/\/certoplast.com\/es\/produkt\/certoplast-524\/\">Saber m\u00e1s<\/a><\/div>\t\t\t\t<\/div>\n\t\t\t<\/div>\n\t\t\t\t\t\t\t\t\t\t<\/div>\n\t\t\t\t\t\t\t\t\t\t\t\t\t\t\t<div class=\"grid-item\">\n\t\t\t\t\t\t\t\t\t \n\t\t\t<div class=\"card card-product\">\n\t\t\t\t<div class=\"card-media\"><img loading=\"lazy\" decoding=\"async\" width=\"623\" height=\"264\" src=\"https:\/\/certoplast.com\/wp-content\/uploads\/certoplast_produkte_525.jpg\" class=\"attachment-product_thumb size-product_thumb\" alt=\"\" srcset=\"https:\/\/certoplast.com\/wp-content\/uploads\/certoplast_produkte_525.jpg 623w, https:\/\/certoplast.com\/wp-content\/uploads\/certoplast_produkte_525-300x127.jpg 300w\" sizes=\"auto, (max-width: 623px) 100vw, 623px\" \/><\/div>\t\t\t\t<div class=\"card-content\">\n\t\t\t\t\t<div class=\"card-inner\">\n\t\t\t\t\t\t<h2 class=\"headline is-h2\">certoplast 525<\/h2><div class=\"card-copy\">certoplast 525 (SE) se utiliza preferentemente para el encintado de mazos de cables en la industria del autom\u00f3vil.  \nLa resistencia a las llamas de este material portante extremadamente robusto y su excelente resistencia a los medios lo hacen ideal para su uso en el compartimento del motor.<\/div>\t\t\t\t\t<\/div>\n\n\t\t\t\t\t<div class=\"card-action\"><a class=\"gb-button\" href=\"https:\/\/certoplast.com\/es\/produkt\/certoplast-525\/\">Saber m\u00e1s<\/a><\/div>\t\t\t\t<\/div>\n\t\t\t<\/div>\n\t\t\t\t\t\t\t\t\t\t<\/div>\n\t\t\t\t\t\t\t\t\t\t\t\t\t\t\t<div class=\"grid-item\">\n\t\t\t\t\t\t\t\t\t \n\t\t\t<div class=\"card card-product\">\n\t\t\t\t<div class=\"card-media\"><img loading=\"lazy\" decoding=\"async\" width=\"623\" height=\"264\" src=\"https:\/\/certoplast.com\/wp-content\/uploads\/certoplast_produkte_525.jpg\" class=\"attachment-product_thumb size-product_thumb\" alt=\"\" srcset=\"https:\/\/certoplast.com\/wp-content\/uploads\/certoplast_produkte_525.jpg 623w, https:\/\/certoplast.com\/wp-content\/uploads\/certoplast_produkte_525-300x127.jpg 300w\" sizes=\"auto, (max-width: 623px) 100vw, 623px\" \/><\/div>\t\t\t\t<div class=\"card-content\">\n\t\t\t\t\t<div class=\"card-inner\">\n\t\t\t\t\t\t<h2 class=\"headline is-h2\">certoplast 526<\/h2><div class=\"card-copy\">certoplast 526 se utiliza preferentemente para el encintado de mazos de cables en la industria del autom\u00f3vil. Gracias a la resistencia a las llamas de este material portante extremadamente robusto y a su excelente resistencia a los medios, es ideal para su uso en el compartimento del motor. \n<\/div>\t\t\t\t\t<\/div>\n\n\t\t\t\t\t<div class=\"card-action\"><a class=\"gb-button\" href=\"https:\/\/certoplast.com\/es\/produkt\/certoplast-526\/\">Saber m\u00e1s<\/a><\/div>\t\t\t\t<\/div>\n\t\t\t<\/div>\n\t\t\t\t\t\t\t\t\t\t<\/div>\n\t\t\t\t\t\t\t\t\t\t\t\t\t\t\t<div class=\"grid-item\">\n\t\t\t\t\t\t\t\t\t \n\t\t\t<div class=\"card card-product\">\n\t\t\t\t<div class=\"card-media\"><img loading=\"lazy\" decoding=\"async\" width=\"623\" height=\"264\" src=\"https:\/\/certoplast.com\/wp-content\/uploads\/certoplast_produkte_527.jpg\" class=\"attachment-product_thumb size-product_thumb\" alt=\"\" srcset=\"https:\/\/certoplast.com\/wp-content\/uploads\/certoplast_produkte_527.jpg 623w, https:\/\/certoplast.com\/wp-content\/uploads\/certoplast_produkte_527-300x127.jpg 300w\" sizes=\"auto, (max-width: 623px) 100vw, 623px\" \/><\/div>\t\t\t\t<div class=\"card-content\">\n\t\t\t\t\t<div class=\"card-inner\">\n\t\t\t\t\t\t<h2 class=\"headline is-h2\">certoplast 527<\/h2><div class=\"card-copy\">certoplast 527 se desarroll\u00f3 para su uso en mazos de cables en la industria del autom\u00f3vil.\n  Gracias a su elevada rigidez diel\u00e9ctrica conforme a LV 312-1, la cinta adhesiva es especialmente adecuada para aislar puntos de soldadura.\n<\/div>\t\t\t\t\t<\/div>\n\n\t\t\t\t\t<div class=\"card-action\"><a class=\"gb-button\" href=\"https:\/\/certoplast.com\/es\/produkt\/certoplast-527\/\">Saber m\u00e1s<\/a><\/div>\t\t\t\t<\/div>\n\t\t\t<\/div>\n\t\t\t\t\t\t\t\t\t\t<\/div>\n\t\t\t\t\t\t\t\t\t\t\t\t\t\t\t<div class=\"grid-item\">\n\t\t\t\t\t\t\t\t\t \n\t\t\t<div class=\"card card-product\">\n\t\t\t\t<div class=\"card-media\"><img loading=\"lazy\" decoding=\"async\" width=\"623\" height=\"264\" src=\"https:\/\/certoplast.com\/wp-content\/uploads\/529.jpg\" class=\"attachment-product_thumb size-product_thumb\" alt=\"\" srcset=\"https:\/\/certoplast.com\/wp-content\/uploads\/529.jpg 623w, https:\/\/certoplast.com\/wp-content\/uploads\/529-300x127.jpg 300w\" sizes=\"auto, (max-width: 623px) 100vw, 623px\" \/><\/div>\t\t\t\t<div class=\"card-content\">\n\t\t\t\t\t<div class=\"card-inner\">\n\t\t\t\t\t\t<h2 class=\"headline is-h2\">certoplast 529<\/h2><div class=\"card-copy\">certoplast 529 se utiliza preferentemente para el encintado de mazos de cables en la industria del autom\u00f3vil. Gracias a sus excelentes propiedades en cuanto a protecci\u00f3n contra la abrasi\u00f3n y amortiguaci\u00f3n del ruido, certoplast 529 puede utilizarse en lugares de la construcci\u00f3n de autom\u00f3viles donde son importantes tanto la prevenci\u00f3n de ruidos de traqueteo como la protecci\u00f3n contra el roce. Gracias a su robusto material de soporte y a su buena resistencia a la temperatura, certoplast 529 es muy adecuado para aplicaciones en el compartimento del motor.  \n<\/div>\t\t\t\t\t<\/div>\n\n\t\t\t\t\t<div class=\"card-action\"><a class=\"gb-button\" href=\"https:\/\/certoplast.com\/es\/produkt\/certoplast-529\/\">Saber m\u00e1s<\/a><\/div>\t\t\t\t<\/div>\n\t\t\t<\/div>\n\t\t\t\t\t\t\t\t\t\t<\/div>\n\t\t\t\t\t\t\t\t\t\t\t\t\t\t\t<div class=\"grid-item\">\n\t\t\t\t\t\t\t\t\t \n\t\t\t<div class=\"card card-product\">\n\t\t\t\t<div class=\"card-media\"><img loading=\"lazy\" decoding=\"async\" width=\"623\" height=\"264\" src=\"https:\/\/certoplast.com\/wp-content\/uploads\/certoplast_produkte_581N.jpg\" class=\"attachment-product_thumb size-product_thumb\" alt=\"\" srcset=\"https:\/\/certoplast.com\/wp-content\/uploads\/certoplast_produkte_581N.jpg 623w, https:\/\/certoplast.com\/wp-content\/uploads\/certoplast_produkte_581N-300x127.jpg 300w\" sizes=\"auto, (max-width: 623px) 100vw, 623px\" \/><\/div>\t\t\t\t<div class=\"card-content\">\n\t\t\t\t\t<div class=\"card-inner\">\n\t\t\t\t\t\t<h2 class=\"headline is-h2\">certoplast 581N<\/h2><div class=\"card-copy\">certoplast 581N se utiliza preferentemente para la protecci\u00f3n de mazos de cables en la industria del autom\u00f3vil. Gracias a su material portante extremadamente robusto, es ideal para aplicaciones en las que se requiere un nivel muy alto de protecci\u00f3n contra la abrasi\u00f3n. Gracias a su buena resistencia a la temperatura y a los productos qu\u00edmicos, certoplast 581N es muy adecuado para aplicaciones en el compartimento del motor.  \n  El bajo grosor de la banda en comparaci\u00f3n con otras soluciones, por ejemplo los laminados, ofrece una ventaja adicional en t\u00e9rminos de optimizaci\u00f3n del espacio de instalaci\u00f3n.<\/div>\t\t\t\t\t<\/div>\n\n\t\t\t\t\t<div class=\"card-action\"><a class=\"gb-button\" href=\"https:\/\/certoplast.com\/es\/produkt\/certoplast-581n\/\">Saber m\u00e1s<\/a><\/div>\t\t\t\t<\/div>\n\t\t\t<\/div>\n\t\t\t\t\t\t\t\t\t\t<\/div>\n\t\t\t\t\t\t\t\t\t\t\t\t\t<\/div>\n\t\t\t\t\t<\/div>\n\t\t\t\t            <\/div>\n\t\t\t\n\t\t\t\t\t\t\t\n\t\t\t\n            <!-- end:grid -->\n        \n            \n<\/div>\n<\/div>","protected":false},"excerpt":{"rendered":"","protected":false},"author":1,"featured_media":0,"parent":5669,"menu_order":1,"comment_status":"closed","ping_status":"closed","template":"","meta":{"_acf_changed":false,"inline_featured_image":false,"footnotes":""},"class_list":["post-5679","page","type-page","status-publish"],"acf":[],"_links":{"self":[{"href":"https:\/\/certoplast.com\/es\/wp-json\/wp\/v2\/pages\/5679","targetHints":{"allow":["GET"]}}],"collection":[{"href":"https:\/\/certoplast.com\/es\/wp-json\/wp\/v2\/pages"}],"about":[{"href":"https:\/\/certoplast.com\/es\/wp-json\/wp\/v2\/types\/page"}],"author":[{"embeddable":true,"href":"https:\/\/certoplast.com\/es\/wp-json\/wp\/v2\/users\/1"}],"replies":[{"embeddable":true,"href":"https:\/\/certoplast.com\/es\/wp-json\/wp\/v2\/comments?post=5679"}],"version-history":[{"count":1,"href":"https:\/\/certoplast.com\/es\/wp-json\/wp\/v2\/pages\/5679\/revisions"}],"predecessor-version":[{"id":5680,"href":"https:\/\/certoplast.com\/es\/wp-json\/wp\/v2\/pages\/5679\/revisions\/5680"}],"up":[{"embeddable":true,"href":"https:\/\/certoplast.com\/es\/wp-json\/wp\/v2\/pages\/5669"}],"wp:attachment":[{"href":"https:\/\/certoplast.com\/es\/wp-json\/wp\/v2\/media?parent=5679"}],"curies":[{"name":"wp","href":"https:\/\/api.w.org\/{rel}","templated":true}]}}