{"id":5002,"date":"2023-07-13T10:52:48","date_gmt":"2023-07-13T08:52:48","guid":{"rendered":"https:\/\/certoplast.com\/a-propos-de-nous\/"},"modified":"2025-04-07T11:20:48","modified_gmt":"2025-04-07T09:20:48","slug":"a-propos-de-nous","status":"publish","type":"page","link":"https:\/\/certoplast.com\/fr\/societe\/a-propos-de-nous\/","title":{"rendered":"\u00c0 propos de nous"},"content":{"rendered":"\r\n\t\t\t       \r\n            \r\n            <div class=\"hero hero-238e3da1 full\">\r\n\t\t\t\t\t\t\t\t<div class=\"acf-innerblocks-container\">\n\r\n\t\t\t       \r\n                    \r\n            <div class=\"hero-slide hero-slide-9cbd04ef is-style-image\">\r\n\t\t\t\t<div class=\"hero-canvas\">\r\n\t\t\t\t\t<div class=\"hero-subheadline\">Pour chaque application, le bon Band<\/div>\t\t\t\t\t<h1 class=\"hero-headline\">certoplast<\/h1>\t\t\t\t<\/div>\r\n\t\t\t\t<div class=\"hero-media hero-media-image\"><img loading=\"lazy\" decoding=\"async\" width=\"1920\" height=\"519\" src=\"https:\/\/certoplast.com\/wp-content\/uploads\/certoplast-header-ueber-uns.jpg\" class=\"attachment-full size-full\" alt=\"\" srcset=\"https:\/\/certoplast.com\/wp-content\/uploads\/certoplast-header-ueber-uns.jpg 1920w, https:\/\/certoplast.com\/wp-content\/uploads\/certoplast-header-ueber-uns-300x81.jpg 300w, https:\/\/certoplast.com\/wp-content\/uploads\/certoplast-header-ueber-uns-1024x277.jpg 1024w, https:\/\/certoplast.com\/wp-content\/uploads\/certoplast-header-ueber-uns-768x208.jpg 768w, https:\/\/certoplast.com\/wp-content\/uploads\/certoplast-header-ueber-uns-1536x415.jpg 1536w, https:\/\/certoplast.com\/wp-content\/uploads\/certoplast-header-ueber-uns-800x216.jpg 800w\" sizes=\"auto, (max-width: 1920px) 100vw, 1920px\" \/><\/div>            <\/div>\r\n\t\t\t\t\r\n            \r\n\t\t\t\r\n        \r\n            \n<\/div>\r\n\t\t\t\t\t\t\t\t\r\n\t\t\t\t\t\t\t<\/div>\r\n\t\t\t\t\r\n\t\t\t\r\n\t\t\t        \r\n            <section class=\"gb-container gb-container-9660c8ea gb-container-default\">\n<div class=\"gb-container gb-container-cd0e0b71\">\n<div class=\"gb-grid-wrapper gb-grid-wrapper-09516fbc\">\n<div class=\"gb-grid-column gb-grid-column-c38e2ada\"><div class=\"gb-container gb-container-c38e2ada\" data-aos=\"fade-right\" data-aos-delay=\"250\">\n\n<figure class=\"wp-block-image size-full\"><img loading=\"lazy\" decoding=\"async\" width=\"656\" height=\"447\" src=\"https:\/\/certoplast.com\/wp-content\/uploads\/certoplast_ueber_uns_gebaeude.png\" alt=\"\" class=\"wp-image-2481\" srcset=\"https:\/\/certoplast.com\/wp-content\/uploads\/certoplast_ueber_uns_gebaeude.png 656w, https:\/\/certoplast.com\/wp-content\/uploads\/certoplast_ueber_uns_gebaeude-300x204.png 300w\" sizes=\"auto, (max-width: 656px) 100vw, 656px\" \/><\/figure>\n\n\n\n<p><\/p>\n\n<\/div><\/div>\n\n<div class=\"gb-grid-column gb-grid-column-fc148551\"><div class=\"gb-container gb-container-fc148551\" data-aos=\"fade-left\" data-aos-delay=\"250\">\n\n<div class=\"wp-block-pixel-headline headlines is-subheadline-bottom has-text-align-left\"><h1 class=\"headline\" style=\"color:\">Pour chaque application <strong>, le bon<\/strong> <strong> Band<\/strong><\/h1><\/div>\n\n\n\n<p>En tant que fabricant de rubans adh\u00e9sifs techniques, l&rsquo;entreprise certoplast Technische Klebeb\u00e4nder GmbH peut s&rsquo;appuyer sur une exp\u00e9rience de pr\u00e8s de 100 ans dans la production de rubans adh\u00e9sifs. Issue en 1991 de l&rsquo;ancien secteur des rubans adh\u00e9sifs de la soci\u00e9t\u00e9 Vorwerk &amp; Sohn, une \u00ab\u00a0r\u00e9ing\u00e9nierie\u00a0\u00bb rigoureuse a permis \u00e0 l&rsquo;entreprise de se positionner avec succ\u00e8s sur le march\u00e9 dans les secteurs cl\u00e9s de l&rsquo;automobile, de l&rsquo;industrie \u00e9lectrique et des techniques d&rsquo;isolation. <\/p>\n\n\n\n<p>Des collaborateurs engag\u00e9s consid\u00e8rent les souhaits du client comme la priorit\u00e9 absolue de leur action, de sorte que les solutions sur mesure aux probl\u00e8mes sont devenues une sp\u00e9cialit\u00e9 de notre entreprise. La mise en \u0153uvre rapide des exigences techniques, une collaboration directe avec les utilisateurs et une flexibilit\u00e9 maximale sont les piliers sur lesquels repose la philosophie de l&rsquo;entreprise. <\/p>\n\n<\/div><\/div>\n<\/div>\n<\/div>\n<\/section><div class=\"gb-container gb-container-959e894f gb-container-default\">\n<div class=\"gb-container gb-container-83df55d0\">\n<div class=\"gb-grid-wrapper gb-grid-wrapper-d06743b7\">\n<div class=\"gb-grid-column gb-grid-column-a49310ab\"><div class=\"gb-container gb-container-a49310ab\" data-aos=\"fade-right\" data-aos-delay=\"250\">\n\n<div class=\"wp-block-pixel-headline headlines is-subheadline-bottom has-text-align-left\"><h1 class=\"headline\" style=\"color:\"><strong>Une r\u00e9ponse<\/strong> \u00e0 chaque question<\/h1><\/div>\n\n\n\n<p class=\"has-color-brand-color has-text-color\"><strong>La plus grande attention est accord\u00e9e au c\u0153ur du produit, l&rsquo;adh\u00e9sif :<\/strong> <\/p>\n\n\n\n<p>La formulation propre des adh\u00e9sifs permet de proposer une r\u00e9ponse \u00e0 presque toutes les questions du march\u00e9. Nous utilisons exclusivement des syst\u00e8mes de colles sans solvants. Il s&rsquo;agit d&rsquo;une part de syst\u00e8mes hot-melt, qui sont appliqu\u00e9s apr\u00e8s avoir \u00e9t\u00e9 fondus, des syst\u00e8mes r\u00e9ticulables par UV \u00e9tant \u00e9galement utilis\u00e9s en fonction de l&rsquo;application. D&rsquo;autre part, nous utilisons des colles \u00e0 dispersion \u00e0 base d&rsquo;acrylate. L&rsquo;ensemble de notre gamme de colles se limite ainsi \u00e0 des syst\u00e8mes sans solvants &#8211; notre contribution en tant qu&rsquo;entreprise travaillant dans une optique de d\u00e9veloppement durable.    <\/p>\n\n<\/div><\/div>\n\n<div class=\"gb-grid-column gb-grid-column-d25ce125\"><div class=\"gb-container gb-container-d25ce125\" data-aos=\"fade-left\" data-aos-delay=\"250\">\n\n<figure class=\"wp-block-image size-full\"><img loading=\"lazy\" decoding=\"async\" width=\"655\" height=\"447\" src=\"https:\/\/certoplast.com\/wp-content\/uploads\/certoplast-content-uber-uns-1.png\" alt=\"\" class=\"wp-image-2172\" srcset=\"https:\/\/certoplast.com\/wp-content\/uploads\/certoplast-content-uber-uns-1.png 655w, https:\/\/certoplast.com\/wp-content\/uploads\/certoplast-content-uber-uns-1-300x205.png 300w\" sizes=\"auto, (max-width: 655px) 100vw, 655px\" \/><\/figure>\n\n\n\n<p><\/p>\n\n<\/div><\/div>\n<\/div>\n<\/div>\n<\/div><div class=\"gb-container gb-container-ee3c6f3b gb-container-default\">\n<div class=\"gb-container gb-container-127e392a\">\n<div class=\"gb-grid-wrapper gb-grid-wrapper-802a9ae1\">\n<div class=\"gb-grid-column gb-grid-column-5b94b631\"><div class=\"gb-container gb-container-5b94b631\" data-aos=\"fade-right\" data-aos-delay=\"250\">\n\n<figure class=\"gb-block-image gb-block-image-35b72aa3\"><img loading=\"lazy\" decoding=\"async\" width=\"780\" height=\"526\" class=\"gb-image gb-image-35b72aa3\" src=\"https:\/\/certoplast.com\/wp-content\/uploads\/geschaeftsfuehrung-1.png\" alt=\"\" title=\"gestion des affaires\" srcset=\"https:\/\/certoplast.com\/wp-content\/uploads\/geschaeftsfuehrung-1.png 780w, https:\/\/certoplast.com\/wp-content\/uploads\/geschaeftsfuehrung-1-300x202.png 300w, https:\/\/certoplast.com\/wp-content\/uploads\/geschaeftsfuehrung-1-768x518.png 768w\" sizes=\"auto, (max-width: 780px) 100vw, 780px\" \/><\/figure>\n\n<\/div><\/div>\n\n<div class=\"gb-grid-column gb-grid-column-5e965859\"><div class=\"gb-container gb-container-5e965859\" data-aos=\"fade-left\" data-aos-delay=\"250\">\n\n<div class=\"wp-block-pixel-headline headlines is-subheadline-bottom has-text-align-left\"><h1 class=\"headline\" style=\"color:\">La <strong>gestion<\/strong><\/h1><\/div>\n\n\n\n<p>certoplast Technische Klebeb\u00e4nder est une entreprise familiale dirig\u00e9e par ses associ\u00e9s.<\/p>\n\n\n\n<p>Le Dr Andreas Hohmann a fait ses \u00e9tudes de chimie \u00e0 l&rsquo;universit\u00e9 Heinrich Heine de D\u00fcsseldorf et a obtenu son doctorat dans le domaine de la synth\u00e8se organique en 2006. La m\u00eame ann\u00e9e, le Dr Hohmann a \u00e9galement pris la direction de la recherche et du d\u00e9veloppement de certoplast Technische Klebeb\u00e4nder GmbH. Sa nomination \u00e0 la t\u00eate des ventes mondiales en 2009 a \u00e9t\u00e9 pr\u00e9c\u00e9d\u00e9e de plusieurs lancements de produits r\u00e9ussis. En assumant de plus en plus de responsabilit\u00e9s, le Dr Hohmann a \u00e9t\u00e9 promu directeur g\u00e9n\u00e9ral de certoplast Technische Klebeb\u00e4nder GmbH au cours de l&rsquo;ann\u00e9e 2020. Depuis sa nomination au poste de directeur g\u00e9n\u00e9ral, il est responsable des op\u00e9rations dans la r\u00e9gion EMEA et des ventes au niveau mondial. Le Dr Hohmann est un membre actif de l&rsquo;IVK (Industrieverband Klebstoffe e.V.) et de l&rsquo;Afera (European Adhesive Tape Association).     <\/p>\n\n\n\n<p>Ren\u00e9 Rambusch est titulaire d&rsquo;un dipl\u00f4me en gestion d&rsquo;entreprise et d&rsquo;un doctorat portant sur les interfaces entre le contr\u00f4le de gestion, l&rsquo;organisation d&rsquo;entreprise et le marketing. Il a travaill\u00e9 au Center for Controlling and Management de la WHU &#8211; Otto Beisheim School of Management et pour The Boston Consulting Group dans les bureaux de Munich et de Hambourg. Il a rejoint l&rsquo;entreprise en 2011 afin de poursuivre l&rsquo;internationalisation et de pr\u00e9parer la transition g\u00e9n\u00e9rationnelle.  <\/p>\n\n<\/div><\/div>\n<\/div>\n<\/div>\n<\/div><div class=\"gb-container gb-container-232e0c11 gb-container-default\">\n<div class=\"gb-container gb-container-16ff69e3\">\n<div class=\"gb-grid-wrapper gb-grid-wrapper-a8ab017a\">\n<div class=\"gb-grid-column gb-grid-column-9ce43b34\"><div class=\"gb-container gb-container-9ce43b34\" data-aos=\"fade-right\" data-aos-delay=\"250\">\n\n<div class=\"wp-block-pixel-headline headlines is-subheadline-bottom has-text-align-left\"><h1 class=\"headline\" style=\"color:\">Pour votre <strong>satisfaction<\/strong><\/h1><\/div>\n\n\n\n<p>Des fournisseurs hautement sp\u00e9cialis\u00e9s apportent \u00e0 nos rubans adh\u00e9sifs leur savoir-faire sur les supports en film, textile et papier. Des circuits courts et des contacts \u00e9troits permettent une r\u00e9activit\u00e9 rapide pour la satisfaction du client. <\/p>\n\n\n\n<p>L&rsquo;ensemble de la gamme des techniques de coupe modernes est disponible chez certoplast, ce qui permet de r\u00e9agir rapidement et sans probl\u00e8me aux demandes sp\u00e9ciales individuelles de l&rsquo;utilisateur.<\/p>\n\n\n\n<p>Un syst\u00e8me de gestion de la qualit\u00e9 certifi\u00e9 DIN EN ISO 9001 + IATF 16949 surveille le d\u00e9veloppement et la production de nos produits &#8211; de la r\u00e9ception des mati\u00e8res premi\u00e8res au contr\u00f4le de sortie, en passant par la fabrication des adh\u00e9sifs, l&rsquo;enduction, la d\u00e9coupe et la confection, tout en continuant \u00e0 s&rsquo;adapter aux exigences en constante \u00e9volution du march\u00e9.<\/p>\n\n\n\n<p><strong>certoplast est membre des associations suivantes<\/strong>:<\/p>\n\n\n<div class=\"gb-container gb-container-f157fb14\">\n<div class=\"gb-container gb-container-d4f6ffe4\">\n<div class=\"gb-grid-wrapper gb-grid-wrapper-ffb66c8f\">\n<div class=\"gb-grid-column gb-grid-column-1b382ce6\"><div class=\"gb-container gb-container-1b382ce6\">\n\n<figure class=\"wp-block-image size-full\"><img loading=\"lazy\" decoding=\"async\" width=\"372\" height=\"124\" src=\"https:\/\/certoplast.com\/wp-content\/uploads\/industrieverband-klebstoffe-ev.jpg\" alt=\"\" class=\"wp-image-2156\" srcset=\"https:\/\/certoplast.com\/wp-content\/uploads\/industrieverband-klebstoffe-ev.jpg 372w, https:\/\/certoplast.com\/wp-content\/uploads\/industrieverband-klebstoffe-ev-300x100.jpg 300w\" sizes=\"auto, (max-width: 372px) 100vw, 372px\" \/><\/figure>\n\n<\/div><\/div>\n\n<div class=\"gb-grid-column gb-grid-column-aa64df9f\"><div class=\"gb-container gb-container-aa64df9f\">\n\n<figure class=\"wp-block-image size-full\"><img loading=\"lazy\" decoding=\"async\" width=\"130\" height=\"133\" src=\"https:\/\/certoplast.com\/wp-content\/uploads\/afera.jpg\" alt=\"\" class=\"wp-image-2155\"\/><\/figure>\n\n<\/div><\/div>\n\n<div class=\"gb-grid-column gb-grid-column-26a381c0\"><div class=\"gb-container gb-container-26a381c0\"><\/div><\/div>\n<\/div>\n<\/div>\n<\/div>\n<\/div><\/div>\n\n<div class=\"gb-grid-column gb-grid-column-19bf2218\"><div class=\"gb-container gb-container-19bf2218\" data-aos=\"fade-left\" data-aos-delay=\"250\">\n\n<figure class=\"wp-block-image size-full\"><img loading=\"lazy\" decoding=\"async\" width=\"655\" height=\"447\" src=\"https:\/\/certoplast.com\/wp-content\/uploads\/certoplast_ueber_uns_zufriedenheit.png\" alt=\"\" class=\"wp-image-2483\" srcset=\"https:\/\/certoplast.com\/wp-content\/uploads\/certoplast_ueber_uns_zufriedenheit.png 655w, https:\/\/certoplast.com\/wp-content\/uploads\/certoplast_ueber_uns_zufriedenheit-300x205.png 300w\" sizes=\"auto, (max-width: 655px) 100vw, 655px\" \/><\/figure>\n\n<\/div><\/div>\n<\/div>\n<\/div>\n<\/div>","protected":false},"excerpt":{"rendered":"","protected":false},"author":1,"featured_media":4942,"parent":5141,"menu_order":0,"comment_status":"closed","ping_status":"closed","template":"","meta":{"_acf_changed":false,"inline_featured_image":false,"footnotes":""},"class_list":["post-5002","page","type-page","status-publish","has-post-thumbnail"],"acf":[],"_links":{"self":[{"href":"https:\/\/certoplast.com\/fr\/wp-json\/wp\/v2\/pages\/5002","targetHints":{"allow":["GET"]}}],"collection":[{"href":"https:\/\/certoplast.com\/fr\/wp-json\/wp\/v2\/pages"}],"about":[{"href":"https:\/\/certoplast.com\/fr\/wp-json\/wp\/v2\/types\/page"}],"author":[{"embeddable":true,"href":"https:\/\/certoplast.com\/fr\/wp-json\/wp\/v2\/users\/1"}],"replies":[{"embeddable":true,"href":"https:\/\/certoplast.com\/fr\/wp-json\/wp\/v2\/comments?post=5002"}],"version-history":[{"count":1,"href":"https:\/\/certoplast.com\/fr\/wp-json\/wp\/v2\/pages\/5002\/revisions"}],"predecessor-version":[{"id":5014,"href":"https:\/\/certoplast.com\/fr\/wp-json\/wp\/v2\/pages\/5002\/revisions\/5014"}],"up":[{"embeddable":true,"href":"https:\/\/certoplast.com\/fr\/wp-json\/wp\/v2\/pages\/5141"}],"wp:featuredmedia":[{"embeddable":true,"href":"https:\/\/certoplast.com\/fr\/wp-json\/wp\/v2\/media\/4942"}],"wp:attachment":[{"href":"https:\/\/certoplast.com\/fr\/wp-json\/wp\/v2\/media?parent=5002"}],"curies":[{"name":"wp","href":"https:\/\/api.w.org\/{rel}","templated":true}]}}