{"id":5123,"date":"2023-07-13T12:01:59","date_gmt":"2023-07-13T10:01:59","guid":{"rendered":"https:\/\/certoplast.com\/qualite-et-environnement\/"},"modified":"2025-04-07T11:20:48","modified_gmt":"2025-04-07T09:20:48","slug":"qualite-et-environnement","status":"publish","type":"page","link":"https:\/\/certoplast.com\/fr\/societe\/qualite-et-environnement\/","title":{"rendered":"Qualit\u00e9 et environnement"},"content":{"rendered":"\r\n\t\t\t       \r\n            \r\n            <div class=\"hero hero-d2b96023 full\">\r\n\t\t\t\t\t\t\t\t<div class=\"acf-innerblocks-container\">\n\r\n\t\t\t       \r\n                    \r\n            <div class=\"hero-slide hero-slide-7475eb13 is-style-image\">\r\n\t\t\t\t<div class=\"hero-canvas\">\r\n\t\t\t\t\t<div class=\"hero-subheadline\">Nous sommes certifi\u00e9s<\/div>\t\t\t\t\t<h1 class=\"hero-headline\">Qualit\u00e9 et environnement<\/h1>\t\t\t\t<\/div>\r\n\t\t\t\t<div class=\"hero-media hero-media-image\"><img loading=\"lazy\" decoding=\"async\" width=\"1920\" height=\"519\" src=\"https:\/\/certoplast.com\/wp-content\/uploads\/certoplast-header-ueber-uns.jpg\" class=\"attachment-full size-full\" alt=\"\" srcset=\"https:\/\/certoplast.com\/wp-content\/uploads\/certoplast-header-ueber-uns.jpg 1920w, https:\/\/certoplast.com\/wp-content\/uploads\/certoplast-header-ueber-uns-300x81.jpg 300w, https:\/\/certoplast.com\/wp-content\/uploads\/certoplast-header-ueber-uns-1024x277.jpg 1024w, https:\/\/certoplast.com\/wp-content\/uploads\/certoplast-header-ueber-uns-768x208.jpg 768w, https:\/\/certoplast.com\/wp-content\/uploads\/certoplast-header-ueber-uns-1536x415.jpg 1536w, https:\/\/certoplast.com\/wp-content\/uploads\/certoplast-header-ueber-uns-800x216.jpg 800w\" sizes=\"auto, (max-width: 1920px) 100vw, 1920px\" \/><\/div>            <\/div>\r\n\t\t\t\t\r\n            \r\n\t\t\t\r\n        \r\n            \n<\/div>\r\n\t\t\t\t\t\t\t\t\r\n\t\t\t\t\t\t\t<\/div>\r\n\t\t\t\t\r\n\t\t\t\r\n\t\t\t        \r\n            <div class=\"gb-container gb-container-e4a6c0a8 gb-container-default\">\n<div class=\"gb-container gb-container-c7df1ec9\">\n<div class=\"gb-grid-wrapper gb-grid-wrapper-6a48ed2e\">\n<div class=\"gb-grid-column gb-grid-column-6eb6a587\"><div class=\"gb-container gb-container-6eb6a587\" data-aos=\"fade-right\" data-aos-delay=\"250\">\n\n<div class=\"wp-block-pixel-headline headlines is-subheadline-bottom has-text-align-left\"><h1 class=\"headline\" style=\"color:\"><strong>Qualit\u00e9<\/strong> certifi\u00e9e<br><\/h1><\/div>\n\n\n\n<p>En tant qu&rsquo;entreprise qui fait de la recherche et produit en Allemagne, les exigences de qualit\u00e9 les plus \u00e9lev\u00e9es sont au c\u0153ur de notre culture de travail. Pour r\u00e9pondre \u00e0 ces exigences et aux demandes de nos clients, nous avons mis en place un syst\u00e8me de gestion de la qualit\u00e9 conforme aux normes IATF 16949 et ISO 9001. Depuis notre premi\u00e8re certification en 2002, nous avons pu d\u00e9velopper ce syst\u00e8me en continu.  <\/p>\n\n<\/div><\/div>\n\n<div class=\"gb-grid-column gb-grid-column-cef3569e\"><div class=\"gb-container gb-container-cef3569e\" data-aos=\"fade-left\" data-aos-delay=\"250\"><a class=\"gb-container-link\" href=\"https:\/\/certoplast.com\/wp-content\/uploads\/certoplast_IATF_de.pdf\" rel=\"noopener noreferrer\" target=\"_blank\"><\/a>\n\n<figure class=\"wp-block-image size-full\"><img loading=\"lazy\" decoding=\"async\" width=\"720\" height=\"500\" src=\"https:\/\/certoplast.com\/wp-content\/uploads\/certoplast_IATF_de.jpg\" alt=\"\" class=\"wp-image-3650\" srcset=\"https:\/\/certoplast.com\/wp-content\/uploads\/certoplast_IATF_de.jpg 720w, https:\/\/certoplast.com\/wp-content\/uploads\/certoplast_IATF_de-300x208.jpg 300w\" sizes=\"auto, (max-width: 720px) 100vw, 720px\" \/><\/figure>\n\n\n\n<p>IATF 16949 (PDF, 246 kB)<\/p>\n\n<\/div><\/div>\n<\/div>\n<\/div>\n<\/div><div class=\"gb-container gb-container-0dcc8fc1 gb-container-default\">\n<div class=\"gb-container gb-container-7172409e\">\n<div class=\"gb-grid-wrapper gb-grid-wrapper-5b891cf0\">\n<div class=\"gb-grid-column gb-grid-column-22794006\"><div class=\"gb-container gb-container-22794006\" data-aos=\"fade-right\" data-aos-delay=\"250\">\n\n<div class=\"wp-block-pixel-headline headlines is-subheadline-bottom has-text-align-left\"><h1 class=\"headline\" style=\"color:\"><strong>Gestion environnementale<\/strong> certifi\u00e9e<br><\/h1><\/div>\n\n\n\n<p>Depuis sa cr\u00e9ation, certoplast s&rsquo;efforce de mettre en \u0153uvre des technologies plus durables et plus respectueuses de l&rsquo;environnement et de r\u00e9duire en permanence la consommation de ressources. Ainsi, d\u00e8s 1999, toute la gamme de produits a \u00e9t\u00e9 remplac\u00e9e par des syst\u00e8mes de colles sans solvants. Depuis 2012, le chauffage a \u00e9t\u00e9 remplac\u00e9 par un chauffage urbain issu de l&rsquo;incin\u00e9ration des d\u00e9chets.  <\/p>\n\n\n\n<p>Afin de transformer cette activit\u00e9 d&rsquo;am\u00e9lioration des processus, notamment du point de vue de l&rsquo;environnement\/des ressources, en un processus continu et de donner de meilleurs outils \u00e0 l&#8217;employ\u00e9, certoplast a d\u00e9cid\u00e9 de mettre en place un syst\u00e8me de gestion environnementale selon la norme ISO 14001 en 2014.<\/p>\n\n<\/div><\/div>\n\n<div class=\"gb-grid-column gb-grid-column-90e560e2\"><div class=\"gb-container gb-container-90e560e2\" data-aos=\"fade-left\" data-aos-delay=\"250\"><a class=\"gb-container-link\" href=\"https:\/\/certoplast.com\/wp-content\/uploads\/certoplast_quacert_de.pdf\" rel=\"noopener noreferrer\" target=\"_blank\"><\/a>\n\n<figure class=\"wp-block-image size-full\"><img loading=\"lazy\" decoding=\"async\" width=\"720\" height=\"500\" src=\"https:\/\/certoplast.com\/wp-content\/uploads\/certoplast_quacert_de.jpg\" alt=\"\" class=\"wp-image-3648\" srcset=\"https:\/\/certoplast.com\/wp-content\/uploads\/certoplast_quacert_de.jpg 720w, https:\/\/certoplast.com\/wp-content\/uploads\/certoplast_quacert_de-300x208.jpg 300w\" sizes=\"auto, (max-width: 720px) 100vw, 720px\" \/><\/figure>\n\n\n\n<p>ISO 14001 (PDF, 101 kB)<\/p>\n\n<\/div><\/div>\n<\/div>\n<\/div>\n<\/div><div class=\"gb-container gb-container-f46241a3 gb-container-default\">\n<div class=\"gb-container gb-container-a1de4212\">\n<div class=\"gb-grid-wrapper gb-grid-wrapper-5659b4c1\">\n<div class=\"gb-grid-column gb-grid-column-a6470b0d\"><div class=\"gb-container gb-container-a6470b0d\" data-aos=\"fade-right\" data-aos-delay=\"250\">\n\n<div class=\"wp-block-pixel-headline headlines is-subheadline-bottom has-text-align-left\"><h1 class=\"headline\" style=\"color:\"><strong>Gestion de l&rsquo;\u00e9nergie<\/strong> certifi\u00e9e<br><\/h1><\/div>\n\n\n\n<p>Efficace et durable : chez certoplast, nous combinons des prestations de pointe avec une action efficace sur le plan \u00e9nerg\u00e9tique. Il \u00e9tait donc naturel pour nous de mettre en place un syst\u00e8me de gestion de l&rsquo;\u00e9nergie avanc\u00e9. Notre syst\u00e8me de gestion de l&rsquo;\u00e9nergie selon la norme ISO 50001 a \u00e9t\u00e9 certifi\u00e9 pour la premi\u00e8re fois en 2015. Il enregistre toutes les quantit\u00e9s d&rsquo;\u00e9nergie consomm\u00e9es et prouve qu&rsquo;il est possible de combiner harmonieusement l&rsquo;excellence technologique et une utilisation responsable de l&rsquo;\u00e9nergie.   <\/p>\n\n<\/div><\/div>\n\n<div class=\"gb-grid-column gb-grid-column-9357c2e3\"><div class=\"gb-container gb-container-9357c2e3\" data-aos=\"fade-left\" data-aos-delay=\"250\"><a class=\"gb-container-link\" href=\"https:\/\/certoplast.com\/wp-content\/uploads\/certoplast_ISO50001_de.pdf\" rel=\"noopener noreferrer\" target=\"_blank\"><\/a>\n\n<figure class=\"wp-block-image size-full\"><img loading=\"lazy\" decoding=\"async\" width=\"720\" height=\"500\" src=\"https:\/\/certoplast.com\/wp-content\/uploads\/certoplast_ISO50001_de.jpg\" alt=\"\" class=\"wp-image-3652\" srcset=\"https:\/\/certoplast.com\/wp-content\/uploads\/certoplast_ISO50001_de.jpg 720w, https:\/\/certoplast.com\/wp-content\/uploads\/certoplast_ISO50001_de-300x208.jpg 300w\" sizes=\"auto, (max-width: 720px) 100vw, 720px\" \/><\/figure>\n\n\n\n<p>ISO 50001 (PDF, 154 kB)<\/p>\n\n<\/div><\/div>\n<\/div>\n<\/div>\n<\/div>","protected":false},"excerpt":{"rendered":"","protected":false},"author":1,"featured_media":4942,"parent":5141,"menu_order":3,"comment_status":"closed","ping_status":"closed","template":"","meta":{"_acf_changed":false,"inline_featured_image":false,"footnotes":""},"class_list":["post-5123","page","type-page","status-publish","has-post-thumbnail"],"acf":[],"_links":{"self":[{"href":"https:\/\/certoplast.com\/fr\/wp-json\/wp\/v2\/pages\/5123","targetHints":{"allow":["GET"]}}],"collection":[{"href":"https:\/\/certoplast.com\/fr\/wp-json\/wp\/v2\/pages"}],"about":[{"href":"https:\/\/certoplast.com\/fr\/wp-json\/wp\/v2\/types\/page"}],"author":[{"embeddable":true,"href":"https:\/\/certoplast.com\/fr\/wp-json\/wp\/v2\/users\/1"}],"replies":[{"embeddable":true,"href":"https:\/\/certoplast.com\/fr\/wp-json\/wp\/v2\/comments?post=5123"}],"version-history":[{"count":1,"href":"https:\/\/certoplast.com\/fr\/wp-json\/wp\/v2\/pages\/5123\/revisions"}],"predecessor-version":[{"id":5128,"href":"https:\/\/certoplast.com\/fr\/wp-json\/wp\/v2\/pages\/5123\/revisions\/5128"}],"up":[{"embeddable":true,"href":"https:\/\/certoplast.com\/fr\/wp-json\/wp\/v2\/pages\/5141"}],"wp:featuredmedia":[{"embeddable":true,"href":"https:\/\/certoplast.com\/fr\/wp-json\/wp\/v2\/media\/4942"}],"wp:attachment":[{"href":"https:\/\/certoplast.com\/fr\/wp-json\/wp\/v2\/media?parent=5123"}],"curies":[{"name":"wp","href":"https:\/\/api.w.org\/{rel}","templated":true}]}}