{"id":5167,"date":"2023-07-13T13:09:26","date_gmt":"2023-07-13T11:09:26","guid":{"rendered":"https:\/\/certoplast.com\/service\/"},"modified":"2025-04-07T11:20:50","modified_gmt":"2025-04-07T09:20:50","slug":"service","status":"publish","type":"page","link":"https:\/\/certoplast.com\/fr\/service\/","title":{"rendered":"Service"},"content":{"rendered":"\r\n\t\t\t       \r\n            \r\n            <div class=\"hero hero-6c2fb2c0 full\">\r\n\t\t\t\t\t\t\t\t<div class=\"acf-innerblocks-container\">\n\r\n\t\t\t       \r\n                    \r\n            <div class=\"hero-slide hero-slide-64fa19e3 is-style-image\">\r\n\t\t\t\t<div class=\"hero-canvas\">\r\n\t\t\t\t\t<div class=\"hero-subheadline\">Autres services<\/div>\t\t\t\t\t<h1 class=\"hero-headline\">Service<\/h1>\t\t\t\t<\/div>\r\n\t\t\t\t<div class=\"hero-media hero-media-image\"><img loading=\"lazy\" decoding=\"async\" width=\"1920\" height=\"519\" src=\"https:\/\/certoplast.com\/wp-content\/uploads\/certoplast-header-service.jpg\" class=\"attachment-full size-full\" alt=\"\" srcset=\"https:\/\/certoplast.com\/wp-content\/uploads\/certoplast-header-service.jpg 1920w, https:\/\/certoplast.com\/wp-content\/uploads\/certoplast-header-service-300x81.jpg 300w, https:\/\/certoplast.com\/wp-content\/uploads\/certoplast-header-service-1024x277.jpg 1024w, https:\/\/certoplast.com\/wp-content\/uploads\/certoplast-header-service-768x208.jpg 768w, https:\/\/certoplast.com\/wp-content\/uploads\/certoplast-header-service-1536x415.jpg 1536w\" sizes=\"auto, (max-width: 1920px) 100vw, 1920px\" \/><\/div>            <\/div>\r\n\t\t\t\t\r\n            \r\n\t\t\t\r\n        \r\n            \n<\/div>\r\n\t\t\t\t\t\t\t\t\r\n\t\t\t\t\t\t\t<\/div>\r\n\t\t\t\t\r\n\t\t\t\r\n\t\t\t        \r\n            <section class=\"gb-container gb-container-e4a6c0a8 gb-container-default\">\n<div class=\"gb-container gb-container-c7df1ec9\">\n<div class=\"gb-grid-wrapper gb-grid-wrapper-6a48ed2e\">\n<div class=\"gb-grid-column gb-grid-column-6eb6a587\"><div class=\"gb-container gb-container-6eb6a587\">\n\n<div class=\"wp-block-pixel-headline headlines is-subheadline-bottom has-text-align-left\"><h1 class=\"headline\" style=\"color:\">Notre<strong> service<\/strong><\/h1><\/div>\n\n<\/div><\/div>\n\n<div class=\"gb-grid-column gb-grid-column-a776d649\"><div class=\"gb-container gb-container-a776d649\" data-aos=\"fade-right\" data-aos-delay=\"250\">\n\n<p>Sur la base de nos capacit\u00e9s de d\u00e9veloppement et de notre parc de machines, nous pouvons vous proposer d&rsquo;autres services en plus de notre portefeuille de produits standard :<\/p>\n\n<\/div><\/div>\n<\/div>\n<\/div>\n<\/section><section class=\"gb-container gb-container-ca1abc50 gb-container-default\">\n<div class=\"gb-container gb-container-8245706e\">\n<div class=\"gb-grid-wrapper gb-grid-wrapper-8068f588\">\n<div class=\"gb-grid-column gb-grid-column-19412947\"><div class=\"gb-container gb-container-19412947\" data-aos=\"fade-right\" data-aos-delay=\"250\">\n\n<figure class=\"wp-block-image size-full\"><img loading=\"lazy\" decoding=\"async\" width=\"656\" height=\"447\" src=\"https:\/\/certoplast.com\/wp-content\/uploads\/certoplast_service_produktentwicklung.png\" alt=\"\" class=\"wp-image-2478\" srcset=\"https:\/\/certoplast.com\/wp-content\/uploads\/certoplast_service_produktentwicklung.png 656w, https:\/\/certoplast.com\/wp-content\/uploads\/certoplast_service_produktentwicklung-300x204.png 300w\" sizes=\"auto, (max-width: 656px) 100vw, 656px\" \/><\/figure>\n\n<\/div><\/div>\n\n<div class=\"gb-grid-column gb-grid-column-ec568827\"><div class=\"gb-container gb-container-ec568827\" data-aos=\"fade-left\" data-aos-delay=\"250\">\n\n<div class=\"wp-block-pixel-headline headlines is-subheadline-bottom has-text-align-left\"><h1 class=\"headline\" style=\"color:\"><strong>D\u00e9veloppement de produits<\/strong> personnalis\u00e9s<\/h1><\/div>\n\n\n\n<p>Avec notre d\u00e9partement Recherche &amp; D\u00e9veloppement, nous travaillons en permanence sur de nouveaux produits qui r\u00e9pondent encore mieux aux besoins de nos clients et qui \u00e9largissent notre portefeuille de produits en fonction du march\u00e9.<\/p>\n\n\n\n<p>En plus de travailler sur notre portefeuille de produits, notre R&amp;D d\u00e9veloppe \u00e9galement des solutions pour nos clients dans le cadre de projets r\u00e9pondant \u00e0 leurs sp\u00e9cifications ou nous travaillons ensemble \u00e0 des solutions pour des applications sp\u00e9cifiques.<\/p>\n\n<\/div><\/div>\n<\/div>\n<\/div>\n<\/section><div class=\"gb-container gb-container-844ea15b gb-container-default\">\n<div class=\"gb-container gb-container-a0fc3153\">\n<div class=\"gb-grid-wrapper gb-grid-wrapper-aadc7e77\">\n<div class=\"gb-grid-column gb-grid-column-a1a37ced\"><div class=\"gb-container gb-container-a1a37ced\" data-aos=\"fade-right\" data-aos-delay=\"250\">\n\n<div class=\"wp-block-pixel-headline headlines is-subheadline-bottom has-text-align-left\"><h1 class=\"headline\" style=\"color:\"><strong>Rev\u00eatement<\/strong> personnalis\u00e9 <strong>\u00e0 fa\u00e7on<\/strong><\/h1><\/div>\n\n\n\n<p>Vous \u00eates \u00e0 la recherche d&rsquo;un rev\u00eatement sp\u00e9cifique pour vos produits ?<\/p>\n\n\n\n<p><\/p>\n\n\n\n<p>Profitez de notre savoir-faire et de nos vastes possibilit\u00e9s techniques pour trouver votre solution. N&rsquo;h\u00e9sitez pas \u00e0 nous contacter, nous nous ferons un plaisir de vous conseiller. <\/p>\n\n<\/div><\/div>\n\n<div class=\"gb-grid-column gb-grid-column-3ac68984\"><div class=\"gb-container gb-container-3ac68984\" data-aos=\"fade-left\" data-aos-delay=\"250\">\n\n<figure class=\"wp-block-image size-full\"><img loading=\"lazy\" decoding=\"async\" width=\"655\" height=\"447\" src=\"https:\/\/certoplast.com\/wp-content\/uploads\/certoplast_service_beschichtung.png\" alt=\"\" class=\"wp-image-2479\" srcset=\"https:\/\/certoplast.com\/wp-content\/uploads\/certoplast_service_beschichtung.png 655w, https:\/\/certoplast.com\/wp-content\/uploads\/certoplast_service_beschichtung-300x205.png 300w\" sizes=\"auto, (max-width: 655px) 100vw, 655px\" \/><\/figure>\n\n<\/div><\/div>\n<\/div>\n<\/div>\n<\/div>","protected":false},"excerpt":{"rendered":"","protected":false},"author":1,"featured_media":0,"parent":0,"menu_order":4,"comment_status":"closed","ping_status":"closed","template":"","meta":{"_acf_changed":false,"inline_featured_image":false,"footnotes":""},"class_list":["post-5167","page","type-page","status-publish"],"acf":[],"_links":{"self":[{"href":"https:\/\/certoplast.com\/fr\/wp-json\/wp\/v2\/pages\/5167","targetHints":{"allow":["GET"]}}],"collection":[{"href":"https:\/\/certoplast.com\/fr\/wp-json\/wp\/v2\/pages"}],"about":[{"href":"https:\/\/certoplast.com\/fr\/wp-json\/wp\/v2\/types\/page"}],"author":[{"embeddable":true,"href":"https:\/\/certoplast.com\/fr\/wp-json\/wp\/v2\/users\/1"}],"replies":[{"embeddable":true,"href":"https:\/\/certoplast.com\/fr\/wp-json\/wp\/v2\/comments?post=5167"}],"version-history":[{"count":1,"href":"https:\/\/certoplast.com\/fr\/wp-json\/wp\/v2\/pages\/5167\/revisions"}],"predecessor-version":[{"id":5172,"href":"https:\/\/certoplast.com\/fr\/wp-json\/wp\/v2\/pages\/5167\/revisions\/5172"}],"wp:attachment":[{"href":"https:\/\/certoplast.com\/fr\/wp-json\/wp\/v2\/media?parent=5167"}],"curies":[{"name":"wp","href":"https:\/\/api.w.org\/{rel}","templated":true}]}}