{"id":5286,"date":"2023-07-13T14:38:49","date_gmt":"2023-07-13T12:38:49","guid":{"rendered":"https:\/\/certoplast.com\/mentions-legales\/"},"modified":"2025-04-07T11:21:08","modified_gmt":"2025-04-07T09:21:08","slug":"mentions-legales","status":"publish","type":"page","link":"https:\/\/certoplast.com\/fr\/mentions-legales\/","title":{"rendered":"Mentions l\u00e9gales"},"content":{"rendered":"<section class=\"gb-container gb-container-e4a6c0a8 gb-container-default\">\n<div class=\"gb-container gb-container-c7df1ec9\">\n<div class=\"gb-grid-wrapper gb-grid-wrapper-6a48ed2e\">\n<div class=\"gb-grid-column gb-grid-column-6eb6a587\"><div class=\"gb-container gb-container-6eb6a587\">\n\n<div class=\"wp-block-pixel-headline headlines is-subheadline-bottom has-text-align-left\"><h1 class=\"headline\" style=\"color:\">Mentions l\u00e9gales<\/h1><\/div>\n\n\n\n<p>certoplast Technische Klebeb\u00e4nder GmbH<br\/>M\u00fcngstener Stra\u00dfe 10<br\/>42285 Wuppertal<br\/><br\/>Tribunal d&rsquo;enregistrement de Wuppertal HRB 76 71<br\/>G\u00e9rants : Dr Andreas Hohmann, Dr Ren\u00e9 Rambusch<br\/><br\/>T\u00e9l\u00e9phone : +49 202 255 48 0<br\/>T\u00e9l\u00e9copieur : +49 202 255 48 48<br\/>E-mail :  <a href='mailto:in&#102;&#111;&#064;c&#101;rt&#111;pl&#097;s&#116;&#046;c&#111;m' target='' rel=''>in&#102;&#111;&#064;c&#101;rt&#111;pl&#097;s&#116;&#046;c&#111;m<\/a><\/p>\n\n\n\n<p>Num\u00e9ro d&rsquo;identification de la taxe sur le chiffre d&rsquo;affaires :<br\/>DE121009174<\/p>\n\n\n\n<p><strong>Responsable du contenu :<\/strong><br\/>Dr. Ren\u00e9 Rambusch<br\/>certoplast Technische Klebeb\u00e4nder GmbH<br\/>M\u00fcngstener Stra\u00dfe 10<br\/>42285 Wuppertal<\/p>\n\n<\/div><\/div>\n\n<div class=\"gb-grid-column gb-grid-column-5fc1877e\"><div class=\"gb-container gb-container-5fc1877e\">\n\n<p><strong>R\u00e8glement des litiges<br\/><\/strong>La Commission europ\u00e9enne met \u00e0 disposition une plateforme de r\u00e8glement en ligne des litiges (RLL) :<br\/><a href=\"https:\/\/ec.europa.eu\/consumers\/odr\" target=\"_blank\" rel=\"noreferrer noopener\">https:\/\/ec.europa.eu\/consumers\/odr<br\/><\/a>Vous trouverez notre adresse e-mail en haut des mentions l\u00e9gales.<br\/>Nous ne sommes pas pr\u00eats ou oblig\u00e9s de participer \u00e0 des proc\u00e9dures de r\u00e8glement des litiges devant un organisme de conciliation des consommateurs.<\/p>\n\n\n\n<p><strong>Responsabilit\u00e9 pour les contenus<\/strong><br\/>En tant que prestataire de services, nous sommes responsables, conform\u00e9ment au \u00a7 7 alin\u00e9a 1 de la loi allemande sur la protection des donn\u00e9es (DDG), de nos propres contenus sur ces pages selon les lois g\u00e9n\u00e9rales. Conform\u00e9ment aux \u00a7\u00a7 8 \u00e0 10 de la DDG, nous ne sommes toutefois pas tenus, en tant que prestataire de services, de surveiller les informations externes transmises ou enregistr\u00e9es ou de rechercher les circonstances qui indiquent une activit\u00e9 ill\u00e9gale. L&rsquo;obligation de supprimer ou de bloquer l&rsquo;utilisation d&rsquo;informations conform\u00e9ment aux lois g\u00e9n\u00e9rales reste inchang\u00e9e. Une responsabilit\u00e9 \u00e0 cet \u00e9gard n&rsquo;est toutefois possible qu&rsquo;\u00e0 partir du moment o\u00f9 une violation concr\u00e8te de la loi est connue. D\u00e8s la prise de connaissance d&rsquo;une telle violation, nous supprimerons imm\u00e9diatement le contenu en question.     <\/p>\n\n\n\n<p><strong>Responsabilit\u00e9 pour les liens<\/strong><br\/>Notre offre contient des liens vers des sites Web externes de tiers, sur le contenu desquels nous n&rsquo;avons aucune influence. Nous ne pouvons donc pas nous porter garants de ces contenus externes. Le fournisseur ou l&rsquo;exploitant des pages li\u00e9es est toujours responsable du contenu de ces pages. Les pages li\u00e9es ont \u00e9t\u00e9 v\u00e9rifi\u00e9es au moment de la cr\u00e9ation du lien afin de s&rsquo;assurer qu&rsquo;elles n&rsquo;enfreignaient pas la loi. Aucun contenu ill\u00e9gal n&rsquo;a \u00e9t\u00e9 identifi\u00e9 au moment de la cr\u00e9ation du lien. Un contr\u00f4le permanent du contenu des pages li\u00e9es n&rsquo;est cependant pas exigible sans indices concrets d&rsquo;une violation de la loi. Si nous prenons connaissance de violations de la loi, nous supprimerons imm\u00e9diatement les liens concern\u00e9s.      <\/p>\n\n\n\n<p><strong>Droit d&rsquo;auteur<\/strong><br\/>Les contenus et les \u0153uvres cr\u00e9\u00e9s par les exploitants des pages de ce site sont soumis au droit d&rsquo;auteur allemand. La reproduction, l&rsquo;adaptation, la diffusion et toute forme d&rsquo;exploitation en dehors des limites du droit d&rsquo;auteur n\u00e9cessitent l&rsquo;accord \u00e9crit de l&rsquo;auteur ou du cr\u00e9ateur concern\u00e9. Les t\u00e9l\u00e9chargements et les copies de ce site ne sont autoris\u00e9s qu&rsquo;\u00e0 des fins priv\u00e9es et non commerciales. Dans la mesure o\u00f9 les contenus de ce site n&rsquo;ont pas \u00e9t\u00e9 cr\u00e9\u00e9s par l&rsquo;exploitant, les droits d&rsquo;auteur de tiers sont respect\u00e9s. En particulier, les contenus de tiers sont identifi\u00e9s comme tels. Si vous deviez n\u00e9anmoins constater une violation des droits d&rsquo;auteur, nous vous prions de nous en informer. D\u00e8s que nous aurons connaissance d&rsquo;une violation de la loi, nous supprimerons imm\u00e9diatement le contenu en question.     <\/p>\n\n<\/div><\/div>\n<\/div>\n<\/div>\n<\/section>","protected":false},"excerpt":{"rendered":"","protected":false},"author":1,"featured_media":0,"parent":0,"menu_order":11,"comment_status":"closed","ping_status":"closed","template":"","meta":{"_acf_changed":false,"inline_featured_image":false,"footnotes":""},"class_list":["post-5286","page","type-page","status-publish"],"acf":[],"_links":{"self":[{"href":"https:\/\/certoplast.com\/fr\/wp-json\/wp\/v2\/pages\/5286","targetHints":{"allow":["GET"]}}],"collection":[{"href":"https:\/\/certoplast.com\/fr\/wp-json\/wp\/v2\/pages"}],"about":[{"href":"https:\/\/certoplast.com\/fr\/wp-json\/wp\/v2\/types\/page"}],"author":[{"embeddable":true,"href":"https:\/\/certoplast.com\/fr\/wp-json\/wp\/v2\/users\/1"}],"replies":[{"embeddable":true,"href":"https:\/\/certoplast.com\/fr\/wp-json\/wp\/v2\/comments?post=5286"}],"version-history":[{"count":1,"href":"https:\/\/certoplast.com\/fr\/wp-json\/wp\/v2\/pages\/5286\/revisions"}],"predecessor-version":[{"id":5287,"href":"https:\/\/certoplast.com\/fr\/wp-json\/wp\/v2\/pages\/5286\/revisions\/5287"}],"wp:attachment":[{"href":"https:\/\/certoplast.com\/fr\/wp-json\/wp\/v2\/media?parent=5286"}],"curies":[{"name":"wp","href":"https:\/\/api.w.org\/{rel}","templated":true}]}}