{"id":5300,"date":"2023-07-17T14:59:08","date_gmt":"2023-07-17T12:59:08","guid":{"rendered":"https:\/\/certoplast.com\/secteurs-dactivite\/"},"modified":"2025-04-07T11:21:12","modified_gmt":"2025-04-07T09:21:12","slug":"secteurs-dactivite","status":"publish","type":"page","link":"https:\/\/certoplast.com\/fr\/secteurs-dactivite\/","title":{"rendered":"Secteurs d&rsquo;activit\u00e9"},"content":{"rendered":"\r\n\t\t\t       \r\n            \r\n            <div class=\"hero hero-a0640d62 full\">\r\n\t\t\t\t<div class=\"hero-slides\">\t\t\t\t<div class=\"acf-innerblocks-container\">\n\r\n\t\t\t       \r\n                    \r\n            <div class=\"hero-slide hero-slide-95489165 is-style-image\">\r\n\t\t\t\t<div class=\"hero-canvas\">\r\n\t\t\t\t\t<div class=\"hero-subheadline\">Produits de haute technologie pour l&rsquo;industrie automobile  <\/div>\t\t\t\t\t<h1 class=\"hero-headline\">Automobile<\/h1>\t\t\t\t<\/div>\r\n\t\t\t\t<div class=\"hero-media hero-media-image\"><img loading=\"lazy\" decoding=\"async\" width=\"1920\" height=\"519\" src=\"https:\/\/certoplast.com\/wp-content\/uploads\/certoplast-header-automotive.jpg\" class=\"attachment-full size-full\" alt=\"\" srcset=\"https:\/\/certoplast.com\/wp-content\/uploads\/certoplast-header-automotive.jpg 1920w, https:\/\/certoplast.com\/wp-content\/uploads\/certoplast-header-automotive-300x81.jpg 300w, https:\/\/certoplast.com\/wp-content\/uploads\/certoplast-header-automotive-1024x277.jpg 1024w, https:\/\/certoplast.com\/wp-content\/uploads\/certoplast-header-automotive-768x208.jpg 768w, https:\/\/certoplast.com\/wp-content\/uploads\/certoplast-header-automotive-1536x415.jpg 1536w, https:\/\/certoplast.com\/wp-content\/uploads\/certoplast-header-automotive-800x216.jpg 800w\" sizes=\"auto, (max-width: 1920px) 100vw, 1920px\" \/><\/div>            <\/div>\r\n\t\t\t\t\r\n            \r\n\t\t\t\r\n        \r\n            \n\n\r\n\t\t\t       \r\n                    \r\n            <div class=\"hero-slide hero-slide-b978017b is-style-image\">\r\n\t\t\t\t<div class=\"hero-canvas\">\r\n\t\t\t\t\t<div class=\"hero-subheadline\">Pour les travaux d&rsquo;isolation et de r\u00e9paration standard<\/div>\t\t\t\t\t<h1 class=\"hero-headline\">Ing\u00e9nierie \u00e9lectrique<\/h1>\t\t\t\t<\/div>\r\n\t\t\t\t<div class=\"hero-media hero-media-image\"><img loading=\"lazy\" decoding=\"async\" width=\"1920\" height=\"519\" src=\"https:\/\/certoplast.com\/wp-content\/uploads\/certoplast-header-home.jpg\" class=\"attachment-full size-full\" alt=\"\" srcset=\"https:\/\/certoplast.com\/wp-content\/uploads\/certoplast-header-home.jpg 1920w, https:\/\/certoplast.com\/wp-content\/uploads\/certoplast-header-home-300x81.jpg 300w, https:\/\/certoplast.com\/wp-content\/uploads\/certoplast-header-home-1024x277.jpg 1024w, https:\/\/certoplast.com\/wp-content\/uploads\/certoplast-header-home-768x208.jpg 768w, https:\/\/certoplast.com\/wp-content\/uploads\/certoplast-header-home-1536x415.jpg 1536w, https:\/\/certoplast.com\/wp-content\/uploads\/certoplast-header-home-800x216.jpg 800w\" sizes=\"auto, (max-width: 1920px) 100vw, 1920px\" \/><\/div>            <\/div>\r\n\t\t\t\t\r\n            \r\n\t\t\t\r\n        \r\n            \n\n\r\n\t\t\t       \r\n                    \r\n            <div class=\"hero-slide hero-slide-547406df is-style-image\">\r\n\t\t\t\t<div class=\"hero-canvas\">\r\n\t\t\t\t\t<div class=\"hero-subheadline\">Parfaitement adapt\u00e9 aux diff\u00e9rents supports<\/div>\t\t\t\t\t<h1 class=\"hero-headline\">M\u00e9tiers de l&rsquo;isolation &amp; construction<\/h1>\t\t\t\t<\/div>\r\n\t\t\t\t<div class=\"hero-media hero-media-image\"><img loading=\"lazy\" decoding=\"async\" width=\"1920\" height=\"519\" src=\"https:\/\/certoplast.com\/wp-content\/uploads\/certoplast-header-gewebebaender.jpg\" class=\"attachment-full size-full\" alt=\"\" srcset=\"https:\/\/certoplast.com\/wp-content\/uploads\/certoplast-header-gewebebaender.jpg 1920w, https:\/\/certoplast.com\/wp-content\/uploads\/certoplast-header-gewebebaender-300x81.jpg 300w, https:\/\/certoplast.com\/wp-content\/uploads\/certoplast-header-gewebebaender-1024x277.jpg 1024w, https:\/\/certoplast.com\/wp-content\/uploads\/certoplast-header-gewebebaender-768x208.jpg 768w, https:\/\/certoplast.com\/wp-content\/uploads\/certoplast-header-gewebebaender-1536x415.jpg 1536w, https:\/\/certoplast.com\/wp-content\/uploads\/certoplast-header-gewebebaender-800x216.jpg 800w\" sizes=\"auto, (max-width: 1920px) 100vw, 1920px\" \/><\/div>            <\/div>\r\n\t\t\t\t\r\n            \r\n\t\t\t\r\n        \r\n            \n\n\r\n\t\t\t       \r\n                    \r\n            <div class=\"hero-slide hero-slide-28cdb273 is-style-image\">\r\n\t\t\t\t<div class=\"hero-canvas\">\r\n\t\t\t\t\t<div class=\"hero-subheadline\">Pour presque tous les usages<\/div>\t\t\t\t\t<h1 class=\"hero-headline\">Autres applications<\/h1>\t\t\t\t<\/div>\r\n\t\t\t\t<div class=\"hero-media hero-media-image\"><img loading=\"lazy\" decoding=\"async\" width=\"1920\" height=\"519\" src=\"https:\/\/certoplast.com\/wp-content\/uploads\/certoplast-header-sonstiges.jpg\" class=\"attachment-full size-full\" alt=\"\" srcset=\"https:\/\/certoplast.com\/wp-content\/uploads\/certoplast-header-sonstiges.jpg 1920w, https:\/\/certoplast.com\/wp-content\/uploads\/certoplast-header-sonstiges-300x81.jpg 300w, https:\/\/certoplast.com\/wp-content\/uploads\/certoplast-header-sonstiges-1024x277.jpg 1024w, https:\/\/certoplast.com\/wp-content\/uploads\/certoplast-header-sonstiges-768x208.jpg 768w, https:\/\/certoplast.com\/wp-content\/uploads\/certoplast-header-sonstiges-1536x415.jpg 1536w, https:\/\/certoplast.com\/wp-content\/uploads\/certoplast-header-sonstiges-800x216.jpg 800w\" sizes=\"auto, (max-width: 1920px) 100vw, 1920px\" \/><\/div>            <\/div>\r\n\t\t\t\t\r\n            \r\n\t\t\t\r\n        \r\n            \n<\/div>\r\n\t\t\t\t<\/div>\t\t\t\t\r\n\t\t\t\t\t\t\t<\/div>\r\n\t\t\t\t\r\n\t\t\t\r\n\t\t\t        \r\n            <div class=\"gb-container gb-container-a00cfd64 gb-container-default\">\n<div class=\"gb-container gb-container-a72eb151\">\n\n<div class=\"wp-block-pixel-headline headlines is-subheadline-bottom has-text-align-left\"><h2 class=\"headline is-h1\" style=\"color:\">Solutions pour <strong>des connexions durables<\/strong><\/h2><\/div>\n\n\n\n<p>Depuis des d\u00e9cennies, certoplast est le partenaire \u00e9prouv\u00e9 des entreprises industrielles et des entreprises artisanales. Nos produits sont largement utilis\u00e9s pour des travaux d&rsquo;isolation et de r\u00e9paration standard. <\/p>\n\n\n<div class=\"gb-container gb-container-69e463eb\">\n<div class=\"gb-grid-wrapper gb-grid-wrapper-9ca9f952 layout-same-height\">\n<div class=\"gb-grid-column gb-grid-column-ba2bd640\"><div class=\"gb-container gb-container-ba2bd640\" data-aos=\"fade-up\" data-aos-delay=\"250\">\n<div class=\"teaser-box teaser-box-62dd0eec\"><div class=\"teaser-box-image\"><img loading=\"lazy\" decoding=\"async\" width=\"720\" height=\"360\" src=\"https:\/\/certoplast.com\/wp-content\/uploads\/produkt-spektrum-automotive.jpg\" class=\"attachment-teaser-box size-teaser-box\" alt=\"\" srcset=\"https:\/\/certoplast.com\/wp-content\/uploads\/produkt-spektrum-automotive.jpg 720w, https:\/\/certoplast.com\/wp-content\/uploads\/produkt-spektrum-automotive-300x150.jpg 300w\" sizes=\"auto, (max-width: 720px) 100vw, 720px\" \/><\/div><div class=\"teaser-box-inner\"><h3 class=\"teaser-box-headline\">Automobile<\/h3><div class=\"teaser-box-text\">En collaboration avec l&rsquo;industrie automobile, nous d\u00e9veloppons des produits de haute technologie qui r\u00e9pondent aux nombreuses exigences de la construction automobile.<\/div><a class=\"gb-button \" href=\"\/sektoren\/automotive\/\" target=\"\">En savoir plus<\/a><\/div><\/div>\n<\/div><\/div>\n\n<div class=\"gb-grid-column gb-grid-column-4640f156\"><div class=\"gb-container gb-container-4640f156\" data-aos=\"fade-up\" data-aos-delay=\"500\">\n<div class=\"teaser-box teaser-box-150e9e89\"><div class=\"teaser-box-image\"><img loading=\"lazy\" decoding=\"async\" width=\"720\" height=\"360\" src=\"https:\/\/certoplast.com\/wp-content\/uploads\/produkt-spektrum-elektrotechnik.jpg\" class=\"attachment-teaser-box size-teaser-box\" alt=\"\" srcset=\"https:\/\/certoplast.com\/wp-content\/uploads\/produkt-spektrum-elektrotechnik.jpg 720w, https:\/\/certoplast.com\/wp-content\/uploads\/produkt-spektrum-elektrotechnik-300x150.jpg 300w\" sizes=\"auto, (max-width: 720px) 100vw, 720px\" \/><\/div><div class=\"teaser-box-inner\"><h3 class=\"teaser-box-headline\">Ing\u00e9nierie \u00e9lectrique<\/h3><div class=\"teaser-box-text\">Depuis des d\u00e9cennies, certoplast est le partenaire d&rsquo;entreprises industrielles et d&rsquo;entreprises artisanales. Nos produits sont largement utilis\u00e9s pour des travaux d&rsquo;isolation standard. <\/div><a class=\"gb-button \" href=\"\/sektoren\/elektrotechnik\/\" target=\"\">En savoir plus<\/a><\/div><\/div>\n<\/div><\/div>\n\n<div class=\"gb-grid-column gb-grid-column-0146cf93\"><div class=\"gb-container gb-container-0146cf93\" data-aos=\"fade-up\" data-aos-delay=\"750\">\n<div class=\"teaser-box teaser-box-7eedd94d\"><div class=\"teaser-box-image\"><img loading=\"lazy\" decoding=\"async\" width=\"720\" height=\"360\" src=\"https:\/\/certoplast.com\/wp-content\/uploads\/produkt-spektrum-isolierhandwerk-und-bau.jpg\" class=\"attachment-teaser-box size-teaser-box\" alt=\"\" srcset=\"https:\/\/certoplast.com\/wp-content\/uploads\/produkt-spektrum-isolierhandwerk-und-bau.jpg 720w, https:\/\/certoplast.com\/wp-content\/uploads\/produkt-spektrum-isolierhandwerk-und-bau-300x150.jpg 300w\" sizes=\"auto, (max-width: 720px) 100vw, 720px\" \/><\/div><div class=\"teaser-box-inner\"><h3 class=\"teaser-box-headline\">M\u00e9tiers de l&rsquo;isolation &amp; construction<\/h3><div class=\"teaser-box-text\">certoplast propose une gamme de colles professionnelles sp\u00e9ciales pour le collage durable des interfaces des syst\u00e8mes d&rsquo;isolation rev\u00eatus d&rsquo;aluminium.<\/div><a class=\"gb-button \" href=\"\/sektoren\/isolierhandwerk-und-bau\/\" target=\"\">En savoir plus<\/a><\/div><\/div>\n<\/div><\/div>\n\n<div class=\"gb-grid-column gb-grid-column-89945c5a\"><div class=\"gb-container gb-container-89945c5a\" data-aos=\"fade-up\" data-aos-delay=\"1000\">\n<div class=\"teaser-box teaser-box-dac1169e\"><div class=\"teaser-box-image\"><img loading=\"lazy\" decoding=\"async\" width=\"720\" height=\"360\" src=\"https:\/\/certoplast.com\/wp-content\/uploads\/produkt-spektrum-sonstige-anwendungen.jpg\" class=\"attachment-teaser-box size-teaser-box\" alt=\"\" srcset=\"https:\/\/certoplast.com\/wp-content\/uploads\/produkt-spektrum-sonstige-anwendungen.jpg 720w, https:\/\/certoplast.com\/wp-content\/uploads\/produkt-spektrum-sonstige-anwendungen-300x150.jpg 300w\" sizes=\"auto, (max-width: 720px) 100vw, 720px\" \/><\/div><div class=\"teaser-box-inner\"><h3 class=\"teaser-box-headline\">Autres applications<\/h3><div class=\"teaser-box-text\">Nos produits sont polyvalents et offrent la solution id\u00e9ale pour presque toutes les applications dans l&rsquo;industrie, l&rsquo;artisanat et l&rsquo;usage priv\u00e9.<\/div><a class=\"gb-button \" href=\"\/sektoren\/industrielle-und-sonstige-anwendungen\/\" target=\"\">En savoir plus<\/a><\/div><\/div>\n<\/div><\/div>\n<\/div>\n<\/div>\n<\/div>\n<\/div>","protected":false},"excerpt":{"rendered":"<p>Depuis des d\u00e9cennies, certoplast est le partenaire \u00e9prouv\u00e9 des entreprises industrielles et des entreprises artisanales. Nos produits sont largement utilis\u00e9s pour des travaux d&rsquo;isolation et de r\u00e9paration standard.<\/p>\n","protected":false},"author":1,"featured_media":0,"parent":0,"menu_order":3,"comment_status":"closed","ping_status":"closed","template":"","meta":{"_acf_changed":false,"inline_featured_image":false,"footnotes":""},"class_list":["post-5300","page","type-page","status-publish"],"acf":[],"_links":{"self":[{"href":"https:\/\/certoplast.com\/fr\/wp-json\/wp\/v2\/pages\/5300","targetHints":{"allow":["GET"]}}],"collection":[{"href":"https:\/\/certoplast.com\/fr\/wp-json\/wp\/v2\/pages"}],"about":[{"href":"https:\/\/certoplast.com\/fr\/wp-json\/wp\/v2\/types\/page"}],"author":[{"embeddable":true,"href":"https:\/\/certoplast.com\/fr\/wp-json\/wp\/v2\/users\/1"}],"replies":[{"embeddable":true,"href":"https:\/\/certoplast.com\/fr\/wp-json\/wp\/v2\/comments?post=5300"}],"version-history":[{"count":1,"href":"https:\/\/certoplast.com\/fr\/wp-json\/wp\/v2\/pages\/5300\/revisions"}],"predecessor-version":[{"id":5301,"href":"https:\/\/certoplast.com\/fr\/wp-json\/wp\/v2\/pages\/5300\/revisions\/5301"}],"wp:attachment":[{"href":"https:\/\/certoplast.com\/fr\/wp-json\/wp\/v2\/media?parent=5300"}],"curies":[{"name":"wp","href":"https:\/\/api.w.org\/{rel}","templated":true}]}}