{"id":5650,"date":"2023-06-22T11:15:27","date_gmt":"2023-06-22T09:15:27","guid":{"rendered":"https:\/\/certoplast.com\/accueil\/"},"modified":"2025-07-30T08:19:37","modified_gmt":"2025-07-30T06:19:37","slug":"accueil","status":"publish","type":"page","link":"https:\/\/certoplast.com\/fr\/","title":{"rendered":"Accueil"},"content":{"rendered":"\r\n\t\t\t       \r\n            \r\n            <div class=\"hero hero-c666f659 full\">\r\n\t\t\t\t<div class=\"hero-slides\">\t\t\t\t<div class=\"acf-innerblocks-container\">\n\r\n\t\t\t       \r\n                    \r\n            <div class=\"hero-slide hero-slide-98478063 is-style-image\">\r\n\t\t\t\t<div class=\"hero-canvas\">\r\n\t\t\t\t\t<div class=\"hero-subheadline\">PRODUITS DE HAUTE TECHNOLOGIE POUR L&rsquo;AUTOMOBILE<\/div>\t\t\t\t\t<h1 class=\"hero-headline\">Automobile<\/h1>\t\t\t\t<\/div>\r\n\t\t\t\t<div class=\"hero-media hero-media-image\"><img loading=\"lazy\" decoding=\"async\" width=\"1920\" height=\"519\" src=\"https:\/\/certoplast.com\/wp-content\/uploads\/certoplast-header-automotive.jpg\" class=\"attachment-full size-full\" alt=\"\" srcset=\"https:\/\/certoplast.com\/wp-content\/uploads\/certoplast-header-automotive.jpg 1920w, https:\/\/certoplast.com\/wp-content\/uploads\/certoplast-header-automotive-300x81.jpg 300w, https:\/\/certoplast.com\/wp-content\/uploads\/certoplast-header-automotive-1024x277.jpg 1024w, https:\/\/certoplast.com\/wp-content\/uploads\/certoplast-header-automotive-768x208.jpg 768w, https:\/\/certoplast.com\/wp-content\/uploads\/certoplast-header-automotive-1536x415.jpg 1536w, https:\/\/certoplast.com\/wp-content\/uploads\/certoplast-header-automotive-800x216.jpg 800w\" sizes=\"auto, (max-width: 1920px) 100vw, 1920px\" \/><\/div>            <\/div>\r\n\t\t\t\t\r\n            \r\n\t\t\t\r\n        \r\n            \n\n\r\n\t\t\t       \r\n                    \r\n            <div class=\"hero-slide hero-slide-7c38dcba is-style-image\">\r\n\t\t\t\t<div class=\"hero-canvas\">\r\n\t\t\t\t\t<div class=\"hero-subheadline\">POUR LES TRAVAUX D&rsquo;ISOLATION ET DE R\u00c9PARATION STANDARD<\/div>\t\t\t\t\t<h1 class=\"hero-headline\">Ing\u00e9nierie \u00e9lectrique<\/h1>\t\t\t\t<\/div>\r\n\t\t\t\t<div class=\"hero-media hero-media-image\"><img loading=\"lazy\" decoding=\"async\" width=\"1920\" height=\"519\" src=\"https:\/\/certoplast.com\/wp-content\/uploads\/certoplast-header-home.jpg\" class=\"attachment-full size-full\" alt=\"\" srcset=\"https:\/\/certoplast.com\/wp-content\/uploads\/certoplast-header-home.jpg 1920w, https:\/\/certoplast.com\/wp-content\/uploads\/certoplast-header-home-300x81.jpg 300w, https:\/\/certoplast.com\/wp-content\/uploads\/certoplast-header-home-1024x277.jpg 1024w, https:\/\/certoplast.com\/wp-content\/uploads\/certoplast-header-home-768x208.jpg 768w, https:\/\/certoplast.com\/wp-content\/uploads\/certoplast-header-home-1536x415.jpg 1536w, https:\/\/certoplast.com\/wp-content\/uploads\/certoplast-header-home-800x216.jpg 800w\" sizes=\"auto, (max-width: 1920px) 100vw, 1920px\" \/><\/div>            <\/div>\r\n\t\t\t\t\r\n            \r\n\t\t\t\r\n        \r\n            \n\n\r\n\t\t\t       \r\n                    \r\n            <div class=\"hero-slide hero-slide-49a00a37 is-style-image\">\r\n\t\t\t\t<div class=\"hero-canvas\">\r\n\t\t\t\t\t<div class=\"hero-subheadline\">PARFAITEMENT ADAPT\u00c9 AUX DIFF\u00c9RENTS SUPPORTS<\/div>\t\t\t\t\t<h1 class=\"hero-headline\">M\u00e9tiers de l&rsquo;isolation &amp; construction<\/h1>\t\t\t\t<\/div>\r\n\t\t\t\t<div class=\"hero-media hero-media-image\"><img loading=\"lazy\" decoding=\"async\" width=\"1920\" height=\"519\" src=\"https:\/\/certoplast.com\/wp-content\/uploads\/certoplast-header-gewebebaender.jpg\" class=\"attachment-full size-full\" alt=\"\" srcset=\"https:\/\/certoplast.com\/wp-content\/uploads\/certoplast-header-gewebebaender.jpg 1920w, https:\/\/certoplast.com\/wp-content\/uploads\/certoplast-header-gewebebaender-300x81.jpg 300w, https:\/\/certoplast.com\/wp-content\/uploads\/certoplast-header-gewebebaender-1024x277.jpg 1024w, https:\/\/certoplast.com\/wp-content\/uploads\/certoplast-header-gewebebaender-768x208.jpg 768w, https:\/\/certoplast.com\/wp-content\/uploads\/certoplast-header-gewebebaender-1536x415.jpg 1536w, https:\/\/certoplast.com\/wp-content\/uploads\/certoplast-header-gewebebaender-800x216.jpg 800w\" sizes=\"auto, (max-width: 1920px) 100vw, 1920px\" \/><\/div>            <\/div>\r\n\t\t\t\t\r\n            \r\n\t\t\t\r\n        \r\n            \n\n\r\n\t\t\t       \r\n                    \r\n            <div class=\"hero-slide hero-slide-2dc52196 is-style-image\">\r\n\t\t\t\t<div class=\"hero-canvas\">\r\n\t\t\t\t\t<div class=\"hero-subheadline\">POUR PRESQUE TOUS LES USAGES<\/div>\t\t\t\t\t<h1 class=\"hero-headline\">Autres applications<\/h1>\t\t\t\t<\/div>\r\n\t\t\t\t<div class=\"hero-media hero-media-image\"><img loading=\"lazy\" decoding=\"async\" width=\"1920\" height=\"519\" src=\"https:\/\/certoplast.com\/wp-content\/uploads\/certoplast-header-sonstiges.jpg\" class=\"attachment-full size-full\" alt=\"\" srcset=\"https:\/\/certoplast.com\/wp-content\/uploads\/certoplast-header-sonstiges.jpg 1920w, https:\/\/certoplast.com\/wp-content\/uploads\/certoplast-header-sonstiges-300x81.jpg 300w, https:\/\/certoplast.com\/wp-content\/uploads\/certoplast-header-sonstiges-1024x277.jpg 1024w, https:\/\/certoplast.com\/wp-content\/uploads\/certoplast-header-sonstiges-768x208.jpg 768w, https:\/\/certoplast.com\/wp-content\/uploads\/certoplast-header-sonstiges-1536x415.jpg 1536w, https:\/\/certoplast.com\/wp-content\/uploads\/certoplast-header-sonstiges-800x216.jpg 800w\" sizes=\"auto, (max-width: 1920px) 100vw, 1920px\" \/><\/div>            <\/div>\r\n\t\t\t\t\r\n            \r\n\t\t\t\r\n        \r\n            \n<\/div>\r\n\t\t\t\t<\/div>\t\t\t\t\r\n\t\t\t\t\t\t\t<\/div>\r\n\t\t\t\t\r\n\t\t\t\r\n\t\t\t        \r\n            <div class=\"gb-container gb-container-72245149 gb-container-default\">\n<div class=\"gb-container gb-container-7093c9ee\">\n<div class=\"gb-grid-wrapper gb-grid-wrapper-27593ab5\">\n<div class=\"gb-grid-column gb-grid-column-6564180a\"><div class=\"gb-container gb-container-6564180a\" data-aos=\"fade-right\" data-aos-delay=\"250\">\n\n<div class=\"wp-block-pixel-headline headlines is-subheadline-top has-text-align-left\"><h1 class=\"headline is-h1\" style=\"color:\">Des rubans adh\u00e9sifs techniques <strong>de tradition<\/strong><\/h1><\/div>\n\n\n\n<p>En tant que fabricant de rubans adh\u00e9sifs techniques, l&rsquo;entreprise certoplast Technische Klebeb\u00e4nder GmbH peut s&rsquo;appuyer sur l&rsquo;exp\u00e9rience de pr\u00e8s de 100 ans de production Band. L&rsquo;ancien secteur des rubans adh\u00e9sifs de la soci\u00e9t\u00e9 Vorwerk &amp; Sohn a donn\u00e9 naissance en 1991 \u00e0 l&rsquo;entreprise certoplast, qui s&rsquo;est depuis \u00e9tablie sur le march\u00e9 international dans les secteurs cl\u00e9s de l&rsquo;automobile, de l&rsquo;industrie \u00e9lectrique et des techniques d&rsquo;isolation. <\/p>\n\n\n\n<a class=\"gb-button gb-button-0af38c6c gb-button-text\" href=\"https:\/\/certoplast.com\/fr\/societe\/a-propos-de-nous\/\">En savoir plus<\/a>\n\n<\/div><\/div>\n\n<div class=\"gb-grid-column gb-grid-column-89be0c4b\"><div class=\"gb-container gb-container-89be0c4b\" data-aos=\"fade-left\" data-aos-delay=\"250\">\n<div class=\"wp-block-image\">\n<figure class=\"alignright size-full\"><img loading=\"lazy\" decoding=\"async\" width=\"574\" height=\"351\" src=\"https:\/\/certoplast.com\/wp-content\/uploads\/technische-klebebaender-mit-tradition.jpg\" alt=\"\" class=\"wp-image-384\" srcset=\"https:\/\/certoplast.com\/wp-content\/uploads\/technische-klebebaender-mit-tradition.jpg 574w, https:\/\/certoplast.com\/wp-content\/uploads\/technische-klebebaender-mit-tradition-300x183.jpg 300w\" sizes=\"auto, (max-width: 574px) 100vw, 574px\" \/><\/figure>\n<\/div>\n<\/div><\/div>\n<\/div>\n<\/div>\n<\/div><div class=\"gb-container gb-container-a00cfd64 gb-container-gray\">\n<div class=\"gb-container gb-container-a72eb151\" data-aos=\"fade-right\" data-aos-delay=\"250\">\n\n<div class=\"wp-block-pixel-headline headlines is-subheadline-bottom has-text-align-left\"><h2 class=\"headline is-h1\" style=\"color:\">Notre <strong>gamme de produits<\/strong><\/h2><\/div>\n\n\n\n<p>Nos produits sont largement utilis\u00e9s dans des applications exigeantes d&rsquo;isolation et de protection des c\u00e2bles et des fils dans une grande vari\u00e9t\u00e9 d&rsquo;installations \u00e9lectriques, dans des applications d&rsquo;isolation thermique et d&rsquo;\u00e9tanch\u00e9it\u00e9 des conduites de climatisation, de chauffage et d&rsquo;eau ainsi que des mat\u00e9riaux d&rsquo;isolation, et dans une grande vari\u00e9t\u00e9 d&rsquo;applications d&rsquo;assemblage, de r\u00e9paration et de marquage.<\/p>\n\n<\/div>\n\n<div class=\"gb-container gb-container-dcc43bff\">\n<div class=\"gb-container gb-container-dfcf8b5d\">\n<div class=\"gb-grid-wrapper gb-grid-wrapper-234d0828 teaser-box-grid\">\n<div class=\"gb-grid-column gb-grid-column-96b2aad3\"><div class=\"gb-container gb-container-96b2aad3\" data-aos=\"fade-up\" data-aos-delay=\"250\">\n<div class=\"teaser-box teaser-box-bfc43138\"><div class=\"teaser-box-image\"><img loading=\"lazy\" decoding=\"async\" width=\"720\" height=\"360\" src=\"https:\/\/certoplast.com\/wp-content\/uploads\/produkt-spektrum-automotive.jpg\" class=\"attachment-teaser-box size-teaser-box\" alt=\"\" srcset=\"https:\/\/certoplast.com\/wp-content\/uploads\/produkt-spektrum-automotive.jpg 720w, https:\/\/certoplast.com\/wp-content\/uploads\/produkt-spektrum-automotive-300x150.jpg 300w\" sizes=\"auto, (max-width: 720px) 100vw, 720px\" \/><\/div><div class=\"teaser-box-inner\"><h3 class=\"teaser-box-headline\">Automobile<\/h3><div class=\"teaser-box-text\">En collaboration avec l&rsquo;industrie automobile, nous d\u00e9veloppons des produits de haute technologie qui r\u00e9pondent aux nombreuses exigences de la construction automobile.<\/div><a class=\"gb-button \" href=\"\/sektoren\/automotive\/\" target=\"\">En savoir plus<\/a><\/div><\/div>\n<\/div><\/div>\n\n<div class=\"gb-grid-column gb-grid-column-8690701a\"><div class=\"gb-container gb-container-8690701a\" data-aos=\"fade-up\" data-aos-delay=\"500\">\n<div class=\"teaser-box teaser-box-37035eff\"><div class=\"teaser-box-image\"><img loading=\"lazy\" decoding=\"async\" width=\"720\" height=\"360\" src=\"https:\/\/certoplast.com\/wp-content\/uploads\/produkt-spektrum-elektrotechnik.jpg\" class=\"attachment-teaser-box size-teaser-box\" alt=\"\" srcset=\"https:\/\/certoplast.com\/wp-content\/uploads\/produkt-spektrum-elektrotechnik.jpg 720w, https:\/\/certoplast.com\/wp-content\/uploads\/produkt-spektrum-elektrotechnik-300x150.jpg 300w\" sizes=\"auto, (max-width: 720px) 100vw, 720px\" \/><\/div><div class=\"teaser-box-inner\"><h3 class=\"teaser-box-headline\">Ing\u00e9nierie \u00e9lectrique<\/h3><div class=\"teaser-box-text\">Depuis des d\u00e9cennies, certoplast est le partenaire d&rsquo;entreprises industrielles et d&rsquo;entreprises artisanales. Nos produits sont largement utilis\u00e9s pour des travaux d&rsquo;isolation standard. <\/div><a class=\"gb-button \" href=\"\/sektoren\/elektrotechnik\/\" target=\"\">En savoir plus<\/a><\/div><\/div>\n<\/div><\/div>\n\n<div class=\"gb-grid-column gb-grid-column-2ce74b6f\"><div class=\"gb-container gb-container-2ce74b6f\" data-aos=\"fade-up\" data-aos-delay=\"750\">\n<div class=\"teaser-box teaser-box-66929fe2\"><div class=\"teaser-box-image\"><img loading=\"lazy\" decoding=\"async\" width=\"720\" height=\"360\" src=\"https:\/\/certoplast.com\/wp-content\/uploads\/produkt-spektrum-isolierhandwerk-und-bau.jpg\" class=\"attachment-teaser-box size-teaser-box\" alt=\"\" srcset=\"https:\/\/certoplast.com\/wp-content\/uploads\/produkt-spektrum-isolierhandwerk-und-bau.jpg 720w, https:\/\/certoplast.com\/wp-content\/uploads\/produkt-spektrum-isolierhandwerk-und-bau-300x150.jpg 300w\" sizes=\"auto, (max-width: 720px) 100vw, 720px\" \/><\/div><div class=\"teaser-box-inner\"><h3 class=\"teaser-box-headline\">M\u00e9tiers de l&rsquo;isolation &amp; construction<\/h3><div class=\"teaser-box-text\">certoplast propose une gamme de colles professionnelles sp\u00e9ciales pour le collage durable des interfaces des syst\u00e8mes d&rsquo;isolation rev\u00eatus d&rsquo;aluminium.<\/div><a class=\"gb-button \" href=\"https:\/\/certoplast.com\/branchen\/isolierhandwerk-und-bau\/\" target=\"\">En savoir plus<\/a><\/div><\/div>\n<\/div><\/div>\n\n<div class=\"gb-grid-column gb-grid-column-fcc30d49\"><div class=\"gb-container gb-container-fcc30d49\" data-aos=\"fade-up\" data-aos-delay=\"1000\">\n<div class=\"teaser-box teaser-box-47d0fe7b\"><div class=\"teaser-box-image\"><img loading=\"lazy\" decoding=\"async\" width=\"720\" height=\"360\" src=\"https:\/\/certoplast.com\/wp-content\/uploads\/produkt-spektrum-sonstige-anwendungen.jpg\" class=\"attachment-teaser-box size-teaser-box\" alt=\"\" srcset=\"https:\/\/certoplast.com\/wp-content\/uploads\/produkt-spektrum-sonstige-anwendungen.jpg 720w, https:\/\/certoplast.com\/wp-content\/uploads\/produkt-spektrum-sonstige-anwendungen-300x150.jpg 300w\" sizes=\"auto, (max-width: 720px) 100vw, 720px\" \/><\/div><div class=\"teaser-box-inner\"><h3 class=\"teaser-box-headline\">Autres applications<\/h3><div class=\"teaser-box-text\">Nos produits sont polyvalents et offrent la solution id\u00e9ale pour presque toutes les applications dans l&rsquo;industrie, l&rsquo;artisanat et l&rsquo;usage priv\u00e9.<\/div><a class=\"gb-button \" href=\"https:\/\/certoplast.com\/branchen\/industrielle-und-sonstige-anwendungen\/\" target=\"\">En savoir plus<\/a><\/div><\/div>\n<\/div><\/div>\n<\/div>\n<\/div>\n<\/div>\n<\/div><div class=\"gb-container gb-container-bcd2b274\" data-aos=\"fade-up\" data-aos-delay=\"250\">\n<div class=\"gb-container gb-container-e01ee4f6\">\n\n<div class=\"wp-block-pixel-headline headlines is-subheadline-bottom has-text-align-left\"><h2 class=\"headline is-h1\" style=\"color:\">certoplast <strong>informe<\/strong><\/h2><\/div>\n\n\n\n<p>Toujours \u00e0 la pointe de l&rsquo;actualit\u00e9 : Dans cette rubrique, nous vous informons des derniers d\u00e9veloppements et des nouveaux produits.<\/p>\n\n\n\n\t\t\t\t\t\t\n\t\t\t\n\n\t\t\t\n            <div class=\"grid grid-98dd6c97 grid-post grid-columns-2\">\n\t\t\t\n\t\t\t\t\t\t\t\t\t\t\t\t\t\t\t\t\t<div class=\"grid-group grid-group-0\">\n\t\t\t\t\t\t\t\t\t\t\t\t<div class=\"grid-inner \">\n\t\t\t\t\t\t\t\t\t\t\t\t\t\t\t<div class=\"grid-item\">\n\t\t\t\t\t\t\t\t\t \n\t\t\t<div class=\"card card-post card-post-5729\">\n\t\t\t\t<div class=\"card-media\"><img loading=\"lazy\" decoding=\"async\" width=\"800\" height=\"800\" src=\"https:\/\/certoplast.com\/wp-content\/uploads\/was-unsere-welt-zusammenhaelt.jpg\" class=\"attachment-square size-square\" alt=\"\" srcset=\"https:\/\/certoplast.com\/wp-content\/uploads\/was-unsere-welt-zusammenhaelt.jpg 800w, https:\/\/certoplast.com\/wp-content\/uploads\/was-unsere-welt-zusammenhaelt-300x300.jpg 300w, https:\/\/certoplast.com\/wp-content\/uploads\/was-unsere-welt-zusammenhaelt-150x150.jpg 150w, https:\/\/certoplast.com\/wp-content\/uploads\/was-unsere-welt-zusammenhaelt-768x768.jpg 768w\" sizes=\"auto, (max-width: 800px) 100vw, 800px\" \/><\/div>\t\t\t\t<div class=\"card-content\">\n\t\t\t\t\t<div class=\"card-inner\">\n\t\t\t\t\t\t<span class=\"card-headline headline is-h3\">Ce qui fait la coh\u00e9sion de notre monde<\/span><div class=\"card-copy\">Les adh\u00e9sifs et les mastics d&rsquo;\u00e9tanch\u00e9it\u00e9 sont la force cach\u00e9e qui maintient notre monde ensemble. D\u00e9couvrez d\u00e8s maintenant le film d&rsquo;image sur les colles et mastics d&rsquo;\u00e9tanch\u00e9it\u00e9 de l&rsquo;Industrieverband Klebstoffe e.V. (Association allemande des colles et mastics d&rsquo;\u00e9tanch\u00e9it\u00e9). <\/div>\t\t\t\t\t<\/div>\n\n\t\t\t\t\t<div class=\"card-action\"><div class=\"gb-buttons\"><a class=\"gb-button gb-button-blau-gradient\" href=\"https:\/\/certoplast.com\/fr\/aktuelles\/ce-qui-fait-la-cohesion-de-notre-monde\/\">En savoir plus<\/a><\/div><\/div>\t\t\t\t<\/div>\n\t\t\t<\/div>\n\t\t\t\t\t\t\t\t\t\t<\/div>\n\t\t\t\t\t\t\t\t\t\t\t\t\t<\/div>\n\t\t\t\t\t<\/div>\n\t\t\t\t            <\/div>\n\t\t\t\n\t\t\t\t\t\t\t\n\t\t\t\n            <!-- end:grid -->\n        \n            \n<\/div>\n<\/div>","protected":false},"excerpt":{"rendered":"<p>Nos produits sont largement utilis\u00e9s dans des applications exigeantes d&rsquo;isolation et de protection des c\u00e2bles et des fils dans une grande vari\u00e9t\u00e9 d&rsquo;installations \u00e9lectriques, dans des applications d&rsquo;isolation thermique et d&rsquo;\u00e9tanch\u00e9it\u00e9 des conduites de climatisation, de chauffage et d&rsquo;eau ainsi que des mat\u00e9riaux d&rsquo;isolation, et dans une grande vari\u00e9t\u00e9 d&rsquo;applications d&rsquo;assemblage, de r\u00e9paration et de &#8230; <a title=\"Accueil\" class=\"read-more\" href=\"https:\/\/certoplast.com\/fr\/\" aria-label=\"Plus sur Accueil\">Lire plus<\/a><\/p>\n","protected":false},"author":1,"featured_media":0,"parent":0,"menu_order":0,"comment_status":"closed","ping_status":"closed","template":"","meta":{"_acf_changed":false,"inline_featured_image":false,"footnotes":""},"class_list":["post-5650","page","type-page","status-publish"],"acf":[],"_links":{"self":[{"href":"https:\/\/certoplast.com\/fr\/wp-json\/wp\/v2\/pages\/5650","targetHints":{"allow":["GET"]}}],"collection":[{"href":"https:\/\/certoplast.com\/fr\/wp-json\/wp\/v2\/pages"}],"about":[{"href":"https:\/\/certoplast.com\/fr\/wp-json\/wp\/v2\/types\/page"}],"author":[{"embeddable":true,"href":"https:\/\/certoplast.com\/fr\/wp-json\/wp\/v2\/users\/1"}],"replies":[{"embeddable":true,"href":"https:\/\/certoplast.com\/fr\/wp-json\/wp\/v2\/comments?post=5650"}],"version-history":[{"count":1,"href":"https:\/\/certoplast.com\/fr\/wp-json\/wp\/v2\/pages\/5650\/revisions"}],"predecessor-version":[{"id":5651,"href":"https:\/\/certoplast.com\/fr\/wp-json\/wp\/v2\/pages\/5650\/revisions\/5651"}],"wp:attachment":[{"href":"https:\/\/certoplast.com\/fr\/wp-json\/wp\/v2\/media?parent=5650"}],"curies":[{"name":"wp","href":"https:\/\/api.w.org\/{rel}","templated":true}]}}