{"id":5685,"date":"2023-07-04T15:45:46","date_gmt":"2023-07-04T13:45:46","guid":{"rendered":"https:\/\/certoplast.com\/produits\/"},"modified":"2025-04-07T11:22:26","modified_gmt":"2025-04-07T09:22:26","slug":"produits","status":"publish","type":"page","link":"https:\/\/certoplast.com\/fr\/produits\/","title":{"rendered":"Produits"},"content":{"rendered":"\r\n\t\t\t       \r\n            \r\n            <div class=\"hero hero-c09067a6 full\">\r\n\t\t\t\t\t\t\t\t<div class=\"acf-innerblocks-container\">\n\r\n\t\t\t       \r\n                    \r\n            <div class=\"hero-slide hero-slide-bbfb4c4d is-style-image\">\r\n\t\t\t\t<div class=\"hero-canvas\">\r\n\t\t\t\t\t<div class=\"hero-subheadline\">Pour chaque application, le bon Band<\/div>\t\t\t\t\t<h1 class=\"hero-headline\">Nos produits<\/h1>\t\t\t\t<\/div>\r\n\t\t\t\t<div class=\"hero-media hero-media-image\"><img loading=\"lazy\" decoding=\"async\" width=\"1920\" height=\"519\" src=\"https:\/\/certoplast.com\/wp-content\/uploads\/certoplast-header-gewebebaender.jpg\" class=\"attachment-full size-full\" alt=\"\" srcset=\"https:\/\/certoplast.com\/wp-content\/uploads\/certoplast-header-gewebebaender.jpg 1920w, https:\/\/certoplast.com\/wp-content\/uploads\/certoplast-header-gewebebaender-300x81.jpg 300w, https:\/\/certoplast.com\/wp-content\/uploads\/certoplast-header-gewebebaender-1024x277.jpg 1024w, https:\/\/certoplast.com\/wp-content\/uploads\/certoplast-header-gewebebaender-768x208.jpg 768w, https:\/\/certoplast.com\/wp-content\/uploads\/certoplast-header-gewebebaender-1536x415.jpg 1536w, https:\/\/certoplast.com\/wp-content\/uploads\/certoplast-header-gewebebaender-800x216.jpg 800w\" sizes=\"auto, (max-width: 1920px) 100vw, 1920px\" \/><\/div>            <\/div>\r\n\t\t\t\t\r\n            \r\n\t\t\t\r\n        \r\n            \n<\/div>\r\n\t\t\t\t\t\t\t\t\r\n\t\t\t\t\t\t\t<\/div>\r\n\t\t\t\t\r\n\t\t\t\r\n\t\t\t        \r\n            <div class=\"gb-container gb-container-e4a6c0a8 gb-container-default\">\n<div class=\"gb-container gb-container-c7df1ec9\">\n<div class=\"gb-grid-wrapper gb-grid-wrapper-6a48ed2e\">\n<div class=\"gb-grid-column gb-grid-column-6eb6a587\"><div class=\"gb-container gb-container-6eb6a587\" data-aos=\"fade-right\" data-aos-delay=\"250\">\n\n<p>Depuis de nombreuses d\u00e9cennies, certoplast est le partenaire \u00e9prouv\u00e9 des entreprises industrielles et des entreprises artisanales. Nos produits sont largement utilis\u00e9s dans des applications exigeantes d&rsquo;isolation et de protection des c\u00e2bles et des fils dans une grande vari\u00e9t\u00e9 d&rsquo;installations \u00e9lectriques, dans des applications d&rsquo;isolation thermique et d&rsquo;\u00e9tanch\u00e9it\u00e9 des conduites de climatisation, de chauffage et d&rsquo;eau ainsi que des mat\u00e9riaux d&rsquo;isolation, et dans une multitude d&rsquo;applications d&rsquo;assemblage, de r\u00e9paration et de marquage. <\/p>\n\n<\/div><\/div>\n\n<div class=\"gb-grid-column gb-grid-column-f5784789\"><div class=\"gb-container gb-container-f5784789\" data-aos=\"fade-left\" data-aos-delay=\"250\">\n\n<p>Notre gamme de produits s&rsquo;\u00e9tend sur un grand nombre de supports diff\u00e9rents qui poss\u00e8dent les propri\u00e9t\u00e9s physiques et techniques appropri\u00e9es pour chaque application.  <\/p>\n\n<\/div><\/div>\n<\/div>\n<\/div>\n<\/div>","protected":false},"excerpt":{"rendered":"","protected":false},"author":1,"featured_media":0,"parent":0,"menu_order":2,"comment_status":"closed","ping_status":"closed","template":"","meta":{"_acf_changed":false,"inline_featured_image":false,"footnotes":""},"class_list":["post-5685","page","type-page","status-publish"],"acf":[],"_links":{"self":[{"href":"https:\/\/certoplast.com\/fr\/wp-json\/wp\/v2\/pages\/5685","targetHints":{"allow":["GET"]}}],"collection":[{"href":"https:\/\/certoplast.com\/fr\/wp-json\/wp\/v2\/pages"}],"about":[{"href":"https:\/\/certoplast.com\/fr\/wp-json\/wp\/v2\/types\/page"}],"author":[{"embeddable":true,"href":"https:\/\/certoplast.com\/fr\/wp-json\/wp\/v2\/users\/1"}],"replies":[{"embeddable":true,"href":"https:\/\/certoplast.com\/fr\/wp-json\/wp\/v2\/comments?post=5685"}],"version-history":[{"count":1,"href":"https:\/\/certoplast.com\/fr\/wp-json\/wp\/v2\/pages\/5685\/revisions"}],"predecessor-version":[{"id":5686,"href":"https:\/\/certoplast.com\/fr\/wp-json\/wp\/v2\/pages\/5685\/revisions\/5686"}],"wp:attachment":[{"href":"https:\/\/certoplast.com\/fr\/wp-json\/wp\/v2\/media?parent=5685"}],"curies":[{"name":"wp","href":"https:\/\/api.w.org\/{rel}","templated":true}]}}