{"id":5698,"date":"2023-07-10T15:06:14","date_gmt":"2023-07-10T13:06:14","guid":{"rendered":"https:\/\/certoplast.com\/produits\/rubans-en-tissu\/"},"modified":"2025-04-07T11:22:29","modified_gmt":"2025-04-07T09:22:29","slug":"rubans-en-tissu","status":"publish","type":"page","link":"https:\/\/certoplast.com\/fr\/produits\/rubans-en-tissu\/","title":{"rendered":"Rubans en tissu"},"content":{"rendered":"\r\n\t\t\t       \r\n            \r\n            <div class=\"hero hero-a8899e6d full\">\r\n\t\t\t\t\t\t\t\t<div class=\"acf-innerblocks-container\">\n\r\n\t\t\t       \r\n                    \r\n            <div class=\"hero-slide hero-slide-31d702fb is-style-image\">\r\n\t\t\t\t<div class=\"hero-canvas\">\r\n\t\t\t\t\t<div class=\"hero-subheadline\">Nos produits<\/div>\t\t\t\t\t<h1 class=\"hero-headline\">Rubans en tissu<\/h1>\t\t\t\t<\/div>\r\n\t\t\t\t<div class=\"hero-media hero-media-image\"><img loading=\"lazy\" decoding=\"async\" width=\"1920\" height=\"519\" src=\"https:\/\/certoplast.com\/wp-content\/uploads\/certoplast-header-gewebebaender.jpg\" class=\"attachment-full size-full\" alt=\"\" srcset=\"https:\/\/certoplast.com\/wp-content\/uploads\/certoplast-header-gewebebaender.jpg 1920w, https:\/\/certoplast.com\/wp-content\/uploads\/certoplast-header-gewebebaender-300x81.jpg 300w, https:\/\/certoplast.com\/wp-content\/uploads\/certoplast-header-gewebebaender-1024x277.jpg 1024w, https:\/\/certoplast.com\/wp-content\/uploads\/certoplast-header-gewebebaender-768x208.jpg 768w, https:\/\/certoplast.com\/wp-content\/uploads\/certoplast-header-gewebebaender-1536x415.jpg 1536w, https:\/\/certoplast.com\/wp-content\/uploads\/certoplast-header-gewebebaender-800x216.jpg 800w\" sizes=\"auto, (max-width: 1920px) 100vw, 1920px\" \/><\/div>            <\/div>\r\n\t\t\t\t\r\n            \r\n\t\t\t\r\n        \r\n            \n<\/div>\r\n\t\t\t\t\t\t\t\t\r\n\t\t\t\t\t\t\t<\/div>\r\n\t\t\t\t\r\n\t\t\t\r\n\t\t\t        \r\n            <div class=\"gb-container gb-container-e4a6c0a8 gb-container-default\">\n<div class=\"gb-container gb-container-c7df1ec9\">\n\n<div class=\"wp-block-pixel-headline headlines is-subheadline-bottom has-text-align-left\"><h1 class=\"headline is-h1\" style=\"color:\">Nos <strong>rubans en tissu<\/strong><\/h1><\/div>\n\n\n<div class=\"gb-grid-wrapper gb-grid-wrapper-6a48ed2e\">\n<div class=\"gb-grid-column gb-grid-column-6eb6a587\"><div class=\"gb-container gb-container-6eb6a587\" data-aos=\"fade-right\" data-aos-delay=\"250\">\n\n<p>Nous proposons une large gamme de rubans en tissu sp\u00e9cial pour un large \u00e9ventail d&rsquo;applications. Nos tissus de support sont compos\u00e9s de polyester, de polyamide ou de tissus m\u00e9lang\u00e9s. Nous utilisons des tissus standard, mais aussi des velours et autres tricots. Ces supports, combin\u00e9s \u00e0 des adh\u00e9sifs performants \u00e0 base de caoutchouc synth\u00e9tique et d&rsquo;acrylate UV, offrent une grande vari\u00e9t\u00e9 de propri\u00e9t\u00e9s pour diff\u00e9rentes applications.   <\/p>\n\n<\/div><\/div>\n\n<div class=\"gb-grid-column gb-grid-column-f5784789\"><div class=\"gb-container gb-container-f5784789\" data-aos=\"fade-left\" data-aos-delay=\"250\">\n\n<p>Notre gamme de produits comprend des bandes pour des plages de temp\u00e9rature (charge continue) allant jusqu&rsquo;\u00e0 150 \u00b0C. Nous proposons des produits qui r\u00e9sistent aux fluides tels que les solvants et l&rsquo;eau sal\u00e9e. Les produits rev\u00eatus de traits acryliques pr\u00e9sentent une plus grande r\u00e9sistance au claquage \u00e9lectrique et une meilleure stabilit\u00e9 m\u00e9canique. Les rubans en velours offrent des propri\u00e9t\u00e9s d&rsquo;amortissement, une grande r\u00e9sistance m\u00e9canique et la possibilit\u00e9 d&rsquo;\u00eatre fix\u00e9s \u00e0 des bandes Velcro.   <\/p>\n\n\n\n<p><strong>Beaucoup de nos produits sont disponibles dans une large gamme de couleurs.<\/strong><\/p>\n\n<\/div><\/div>\n<\/div>\n<\/div>\n<\/div><div class=\"gb-container gb-container-20a9d3f9 gb-container-gray\">\n<div class=\"gb-container gb-container-6350117c\" data-aos=\"fade-up\" data-aos-delay=\"250\">\n\n\t\t\t\t\t\t\n\t\t\t\n\n\t\t\t\t\t\t\t<div class=\"facet-wrapper\">\n\t\t\t\t\t<div class=\"facetwp-facet facetwp-facet-einsatzbereiche facetwp-type-dropdown\" data-name=\"einsatzbereiche\" data-type=\"dropdown\"><\/div><div class=\"facetwp-facet facetwp-facet-eigenschaften_fr facetwp-type-dropdown\" data-name=\"eigenschaften_fr\" data-type=\"dropdown\"><\/div><div class=\"facetwp-facet facetwp-facet-trgermaterial_fr facetwp-type-dropdown\" data-name=\"trgermaterial_fr\" data-type=\"dropdown\"><\/div><div class=\"facetwp-facet facetwp-facet-klebstoff_fr facetwp-type-dropdown\" data-name=\"klebstoff_fr\" data-type=\"dropdown\"><\/div><div class=\"facetwp-facet facetwp-facet-farbe_fr facetwp-type-dropdown\" data-name=\"farbe_fr\" data-type=\"dropdown\"><\/div><div class=\"facetwp-facet facetwp-facet-materialstrke facetwp-type-slider\" data-name=\"materialstrke\" data-type=\"slider\"><\/div><div class=\"facetwp-facet facetwp-facet-temperaturbereich facetwp-type-slider\" data-name=\"temperaturbereich\" data-type=\"slider\"><\/div>\t\t\t\t<\/div>\n\t\t\t\n            <div class=\"grid grid-8a8a1890 grid-product grid-columns-3\">\n\t\t\t\n\t\t\t\t\t\t\t\t\t\t\t\t\t\t\t\t\t<div class=\"grid-group grid-group-0\">\n\t\t\t\t\t\t\t\t\t\t\t\t<div class=\"grid-inner facetwp-template\">\n\t\t\t\t\t\t\t\t\t\t\t\t\t\t\t<div class=\"grid-item\">\n\t\t\t\t\t\t\t\t\t \n\t\t\t<div class=\"card card-product\">\n\t\t\t\t<div class=\"card-media\"><img loading=\"lazy\" decoding=\"async\" width=\"623\" height=\"264\" src=\"https:\/\/certoplast.com\/wp-content\/uploads\/514.jpg\" class=\"attachment-product_thumb size-product_thumb\" alt=\"\" srcset=\"https:\/\/certoplast.com\/wp-content\/uploads\/514.jpg 623w, https:\/\/certoplast.com\/wp-content\/uploads\/514-300x127.jpg 300w\" sizes=\"auto, (max-width: 623px) 100vw, 623px\" \/><\/div>\t\t\t\t<div class=\"card-content\">\n\t\t\t\t\t<div class=\"card-inner\">\n\t\t\t\t\t\t<h2 class=\"headline is-h2\">certoplast 514<\/h2><div class=\"card-copy\">Le ruban adh\u00e9sif certoplast 514 est utilis\u00e9 de pr\u00e9f\u00e9rence pour le bandage de faisceaux de c\u00e2bles dans la construction automobile. Gr\u00e2ce \u00e0 la surface lisse et polie de la bande sp\u00e9cialement con\u00e7ue, on obtient un faisceau de c\u00e2bles r\u00e9sistant \u00e0 la salet\u00e9 et durablement flexible qui, compar\u00e9 \u00e0 de nombreux autres mat\u00e9riaux de bande (par ex. PVC, laine de cellulose, non-tiss\u00e9 \u00e0 coudre PET, etc.), est tr\u00e8s bien prot\u00e9g\u00e9 contre les sollicitations m\u00e9caniques ext\u00e9rieures (par ex. ar\u00eates vives). Gr\u00e2ce \u00e0 sa r\u00e9sistance aux temp\u00e9ratures \u00e9lev\u00e9es, \u00e0 son mat\u00e9riau de support extr\u00eamement robuste et \u00e0 son excellente r\u00e9sistance aux fluides, le certoplast 514 peut \u00e9galement \u00eatre utilis\u00e9 dans le compartiment moteur.    <\/div>\t\t\t\t\t<\/div>\n\n\t\t\t\t\t<div class=\"card-action\"><a class=\"gb-button\" href=\"https:\/\/certoplast.com\/fr\/produkt\/certoplast-514\/\">En savoir plus<\/a><\/div>\t\t\t\t<\/div>\n\t\t\t<\/div>\n\t\t\t\t\t\t\t\t\t\t<\/div>\n\t\t\t\t\t\t\t\t\t\t\t\t\t\t\t<div class=\"grid-item\">\n\t\t\t\t\t\t\t\t\t \n\t\t\t<div class=\"card card-product\">\n\t\t\t\t<div class=\"card-media\"><img loading=\"lazy\" decoding=\"async\" width=\"623\" height=\"264\" src=\"https:\/\/certoplast.com\/wp-content\/uploads\/certoplast_produkte_516.jpg\" class=\"attachment-product_thumb size-product_thumb\" alt=\"\" srcset=\"https:\/\/certoplast.com\/wp-content\/uploads\/certoplast_produkte_516.jpg 623w, https:\/\/certoplast.com\/wp-content\/uploads\/certoplast_produkte_516-300x127.jpg 300w\" sizes=\"auto, (max-width: 623px) 100vw, 623px\" \/><\/div>\t\t\t\t<div class=\"card-content\">\n\t\t\t\t\t<div class=\"card-inner\">\n\t\t\t\t\t\t<h2 class=\"headline is-h2\">certoplast 516<\/h2><div class=\"card-copy\">La bande auto-adh\u00e9sive certoplast 516 est utilis\u00e9e de pr\u00e9f\u00e9rence pour le bandage de faisceaux de c\u00e2bles dans la construction automobile.  \nGr\u00e2ce \u00e0 la surface de bande lisse sp\u00e9cialement con\u00e7ue, on obtient un faisceau de c\u00e2bles r\u00e9sistant aux salissures et durablement flexible qui, compar\u00e9 \u00e0 de nombreux autres mat\u00e9riaux de bande (par ex. PVC, laine de cellulose, non-tiss\u00e9 \u00e0 coudre PET, etc.), est tr\u00e8s bien prot\u00e9g\u00e9 contre les sollicitations m\u00e9caniques ext\u00e9rieures (par ex. ar\u00eates vives). Gr\u00e2ce \u00e0 sa tr\u00e8s grande r\u00e9sistance \u00e0 la temp\u00e9rature, \u00e0 son mat\u00e9riau de support extr\u00eamement robuste et \u00e0 son excellente r\u00e9sistance aux fluides, le certoplast 516 peut \u00eatre utilis\u00e9 dans l&rsquo;ensemble du v\u00e9hicule. <\/div>\t\t\t\t\t<\/div>\n\n\t\t\t\t\t<div class=\"card-action\"><a class=\"gb-button\" href=\"https:\/\/certoplast.com\/fr\/produkt\/certoplast-516\/\">En savoir plus<\/a><\/div>\t\t\t\t<\/div>\n\t\t\t<\/div>\n\t\t\t\t\t\t\t\t\t\t<\/div>\n\t\t\t\t\t\t\t\t\t\t\t\t\t\t\t<div class=\"grid-item\">\n\t\t\t\t\t\t\t\t\t \n\t\t\t<div class=\"card card-product\">\n\t\t\t\t<div class=\"card-media\"><img loading=\"lazy\" decoding=\"async\" width=\"623\" height=\"264\" src=\"https:\/\/certoplast.com\/wp-content\/uploads\/518.jpg\" class=\"attachment-product_thumb size-product_thumb\" alt=\"\" srcset=\"https:\/\/certoplast.com\/wp-content\/uploads\/518.jpg 623w, https:\/\/certoplast.com\/wp-content\/uploads\/518-300x127.jpg 300w\" sizes=\"auto, (max-width: 623px) 100vw, 623px\" \/><\/div>\t\t\t\t<div class=\"card-content\">\n\t\t\t\t\t<div class=\"card-inner\">\n\t\t\t\t\t\t<h2 class=\"headline is-h2\">certoplast 518<\/h2><div class=\"card-copy\">\u00ab\u00a0certoplast 518 est utilis\u00e9 de pr\u00e9f\u00e9rence pour le bandage de faisceaux de c\u00e2bles dans la construction automobile et est d\u00e9chirable \u00e0 la main. \nGr\u00e2ce \u00e0 la r\u00e9sistance \u00e0 la flamme du mat\u00e9riau support extr\u00eamement robuste et en raison de son excellente r\u00e9sistance aux fluides, il est id\u00e9al pour une utilisation dans le compartiment moteur\u00a0\u00bb.\n<\/div>\t\t\t\t\t<\/div>\n\n\t\t\t\t\t<div class=\"card-action\"><a class=\"gb-button\" href=\"https:\/\/certoplast.com\/fr\/produkt\/certoplast-518\/\">En savoir plus<\/a><\/div>\t\t\t\t<\/div>\n\t\t\t<\/div>\n\t\t\t\t\t\t\t\t\t\t<\/div>\n\t\t\t\t\t\t\t\t\t\t\t\t\t\t\t<div class=\"grid-item\">\n\t\t\t\t\t\t\t\t\t \n\t\t\t<div class=\"card card-product\">\n\t\t\t\t<div class=\"card-media\"><img loading=\"lazy\" decoding=\"async\" width=\"623\" height=\"264\" src=\"https:\/\/certoplast.com\/wp-content\/uploads\/519.jpg\" class=\"attachment-product_thumb size-product_thumb\" alt=\"\" srcset=\"https:\/\/certoplast.com\/wp-content\/uploads\/519.jpg 623w, https:\/\/certoplast.com\/wp-content\/uploads\/519-300x127.jpg 300w\" sizes=\"auto, (max-width: 623px) 100vw, 623px\" \/><\/div>\t\t\t\t<div class=\"card-content\">\n\t\t\t\t\t<div class=\"card-inner\">\n\t\t\t\t\t\t<h2 class=\"headline is-h2\">certoplast 519<\/h2><div class=\"card-copy\">certoplast 519 est utilis\u00e9 de pr\u00e9f\u00e9rence pour le bandage des faisceaux de c\u00e2bles aux endroits de la construction automobile o\u00f9 il faut \u00e0 la fois \u00e9viter les bruits de cliquetis et assurer une protection contre l&rsquo;abrasion.<\/div>\t\t\t\t\t<\/div>\n\n\t\t\t\t\t<div class=\"card-action\"><a class=\"gb-button\" href=\"https:\/\/certoplast.com\/fr\/produkt\/certoplast-519\/\">En savoir plus<\/a><\/div>\t\t\t\t<\/div>\n\t\t\t<\/div>\n\t\t\t\t\t\t\t\t\t\t<\/div>\n\t\t\t\t\t\t\t\t\t\t\t\t\t\t\t<div class=\"grid-item\">\n\t\t\t\t\t\t\t\t\t \n\t\t\t<div class=\"card card-product\">\n\t\t\t\t<div class=\"card-media\"><img loading=\"lazy\" decoding=\"async\" width=\"623\" height=\"264\" src=\"https:\/\/certoplast.com\/wp-content\/uploads\/523.jpg\" class=\"attachment-product_thumb size-product_thumb\" alt=\"\" srcset=\"https:\/\/certoplast.com\/wp-content\/uploads\/523.jpg 623w, https:\/\/certoplast.com\/wp-content\/uploads\/523-300x127.jpg 300w\" sizes=\"auto, (max-width: 623px) 100vw, 623px\" \/><\/div>\t\t\t\t<div class=\"card-content\">\n\t\t\t\t\t<div class=\"card-inner\">\n\t\t\t\t\t\t<h2 class=\"headline is-h2\">certoplast 523<\/h2><div class=\"card-copy\">certoplast 523 est utilis\u00e9 de pr\u00e9f\u00e9rence pour le bandage de faisceaux de c\u00e2bles dans la construction automobile. Gr\u00e2ce \u00e0 son mat\u00e9riau de support extr\u00eamement robuste et \u00e0 sa r\u00e9sistance aux fluides et aux temp\u00e9ratures, il est id\u00e9al pour une utilisation dans le compartiment moteur. <\/div>\t\t\t\t\t<\/div>\n\n\t\t\t\t\t<div class=\"card-action\"><a class=\"gb-button\" href=\"https:\/\/certoplast.com\/fr\/produkt\/certoplast-523\/\">En savoir plus<\/a><\/div>\t\t\t\t<\/div>\n\t\t\t<\/div>\n\t\t\t\t\t\t\t\t\t\t<\/div>\n\t\t\t\t\t\t\t\t\t\t\t\t\t\t\t<div class=\"grid-item\">\n\t\t\t\t\t\t\t\t\t \n\t\t\t<div class=\"card card-product\">\n\t\t\t\t<div class=\"card-media\"><img loading=\"lazy\" decoding=\"async\" width=\"623\" height=\"264\" src=\"https:\/\/certoplast.com\/wp-content\/uploads\/certoplast_produkte_524.jpg\" class=\"attachment-product_thumb size-product_thumb\" alt=\"\" srcset=\"https:\/\/certoplast.com\/wp-content\/uploads\/certoplast_produkte_524.jpg 623w, https:\/\/certoplast.com\/wp-content\/uploads\/certoplast_produkte_524-300x127.jpg 300w\" sizes=\"auto, (max-width: 623px) 100vw, 623px\" \/><\/div>\t\t\t\t<div class=\"card-content\">\n\t\t\t\t\t<div class=\"card-inner\">\n\t\t\t\t\t\t<h2 class=\"headline is-h2\">certoplast 524<\/h2><div class=\"card-copy\">certoplast 524 a \u00e9t\u00e9 d\u00e9velopp\u00e9 pour \u00eatre utilis\u00e9 dans les faisceaux de c\u00e2bles dans la construction automobile. Gr\u00e2ce \u00e0 sa haute r\u00e9sistance \u00e0 la perforation conform\u00e9ment \u00e0 la norme LV 312-1, le ruban adh\u00e9sif est particuli\u00e8rement adapt\u00e9 \u00e0 l&rsquo;isolation des points de soudure.\n<\/div>\t\t\t\t\t<\/div>\n\n\t\t\t\t\t<div class=\"card-action\"><a class=\"gb-button\" href=\"https:\/\/certoplast.com\/fr\/produkt\/certoplast-524\/\">En savoir plus<\/a><\/div>\t\t\t\t<\/div>\n\t\t\t<\/div>\n\t\t\t\t\t\t\t\t\t\t<\/div>\n\t\t\t\t\t\t\t\t\t\t\t\t\t\t\t<div class=\"grid-item\">\n\t\t\t\t\t\t\t\t\t \n\t\t\t<div class=\"card card-product\">\n\t\t\t\t<div class=\"card-media\"><img loading=\"lazy\" decoding=\"async\" width=\"623\" height=\"264\" src=\"https:\/\/certoplast.com\/wp-content\/uploads\/certoplast_produkte_525.jpg\" class=\"attachment-product_thumb size-product_thumb\" alt=\"\" srcset=\"https:\/\/certoplast.com\/wp-content\/uploads\/certoplast_produkte_525.jpg 623w, https:\/\/certoplast.com\/wp-content\/uploads\/certoplast_produkte_525-300x127.jpg 300w\" sizes=\"auto, (max-width: 623px) 100vw, 623px\" \/><\/div>\t\t\t\t<div class=\"card-content\">\n\t\t\t\t\t<div class=\"card-inner\">\n\t\t\t\t\t\t<h2 class=\"headline is-h2\">certoplast 525<\/h2><div class=\"card-copy\">certoplast 525 (SE) est utilis\u00e9 de pr\u00e9f\u00e9rence pour le bandage des faisceaux de c\u00e2bles dans la construction automobile.  \nGr\u00e2ce \u00e0 la r\u00e9sistance \u00e0 la flamme de son support extr\u00eamement robuste et \u00e0 son excellente r\u00e9sistance aux fluides, il est id\u00e9al pour une utilisation dans le compartiment moteur.<\/div>\t\t\t\t\t<\/div>\n\n\t\t\t\t\t<div class=\"card-action\"><a class=\"gb-button\" href=\"https:\/\/certoplast.com\/fr\/produkt\/certoplast-525\/\">En savoir plus<\/a><\/div>\t\t\t\t<\/div>\n\t\t\t<\/div>\n\t\t\t\t\t\t\t\t\t\t<\/div>\n\t\t\t\t\t\t\t\t\t\t\t\t\t\t\t<div class=\"grid-item\">\n\t\t\t\t\t\t\t\t\t \n\t\t\t<div class=\"card card-product\">\n\t\t\t\t<div class=\"card-media\"><img loading=\"lazy\" decoding=\"async\" width=\"623\" height=\"264\" src=\"https:\/\/certoplast.com\/wp-content\/uploads\/certoplast_produkte_525.jpg\" class=\"attachment-product_thumb size-product_thumb\" alt=\"\" srcset=\"https:\/\/certoplast.com\/wp-content\/uploads\/certoplast_produkte_525.jpg 623w, https:\/\/certoplast.com\/wp-content\/uploads\/certoplast_produkte_525-300x127.jpg 300w\" sizes=\"auto, (max-width: 623px) 100vw, 623px\" \/><\/div>\t\t\t\t<div class=\"card-content\">\n\t\t\t\t\t<div class=\"card-inner\">\n\t\t\t\t\t\t<h2 class=\"headline is-h2\">certoplast 526<\/h2><div class=\"card-copy\">certoplast 526 est utilis\u00e9 de pr\u00e9f\u00e9rence pour le bandage de faisceaux de c\u00e2bles dans la construction automobile. Gr\u00e2ce \u00e0 la r\u00e9sistance \u00e0 la flamme du mat\u00e9riau support extr\u00eamement robuste et \u00e0 son excellente r\u00e9sistance aux fluides, il est id\u00e9al pour une utilisation dans le compartiment moteur. \n<\/div>\t\t\t\t\t<\/div>\n\n\t\t\t\t\t<div class=\"card-action\"><a class=\"gb-button\" href=\"https:\/\/certoplast.com\/fr\/produkt\/certoplast-526\/\">En savoir plus<\/a><\/div>\t\t\t\t<\/div>\n\t\t\t<\/div>\n\t\t\t\t\t\t\t\t\t\t<\/div>\n\t\t\t\t\t\t\t\t\t\t\t\t\t\t\t<div class=\"grid-item\">\n\t\t\t\t\t\t\t\t\t \n\t\t\t<div class=\"card card-product\">\n\t\t\t\t<div class=\"card-media\"><img loading=\"lazy\" decoding=\"async\" width=\"623\" height=\"264\" src=\"https:\/\/certoplast.com\/wp-content\/uploads\/certoplast_produkte_527.jpg\" class=\"attachment-product_thumb size-product_thumb\" alt=\"\" srcset=\"https:\/\/certoplast.com\/wp-content\/uploads\/certoplast_produkte_527.jpg 623w, https:\/\/certoplast.com\/wp-content\/uploads\/certoplast_produkte_527-300x127.jpg 300w\" sizes=\"auto, (max-width: 623px) 100vw, 623px\" \/><\/div>\t\t\t\t<div class=\"card-content\">\n\t\t\t\t\t<div class=\"card-inner\">\n\t\t\t\t\t\t<h2 class=\"headline is-h2\">certoplast 527<\/h2><div class=\"card-copy\">certoplast 527 a \u00e9t\u00e9 d\u00e9velopp\u00e9 pour \u00eatre utilis\u00e9 dans les faisceaux de c\u00e2bles dans la construction automobile.\n  Gr\u00e2ce \u00e0 sa haute r\u00e9sistance \u00e0 la perforation conform\u00e9ment \u00e0 la norme LV 312-1, le ruban adh\u00e9sif est particuli\u00e8rement adapt\u00e9 \u00e0 l&rsquo;isolation des points de soudure.\n<\/div>\t\t\t\t\t<\/div>\n\n\t\t\t\t\t<div class=\"card-action\"><a class=\"gb-button\" href=\"https:\/\/certoplast.com\/fr\/produkt\/certoplast-527\/\">En savoir plus<\/a><\/div>\t\t\t\t<\/div>\n\t\t\t<\/div>\n\t\t\t\t\t\t\t\t\t\t<\/div>\n\t\t\t\t\t\t\t\t\t\t\t\t\t\t\t<div class=\"grid-item\">\n\t\t\t\t\t\t\t\t\t \n\t\t\t<div class=\"card card-product\">\n\t\t\t\t<div class=\"card-media\"><img loading=\"lazy\" decoding=\"async\" width=\"623\" height=\"264\" src=\"https:\/\/certoplast.com\/wp-content\/uploads\/529.jpg\" class=\"attachment-product_thumb size-product_thumb\" alt=\"\" srcset=\"https:\/\/certoplast.com\/wp-content\/uploads\/529.jpg 623w, https:\/\/certoplast.com\/wp-content\/uploads\/529-300x127.jpg 300w\" sizes=\"auto, (max-width: 623px) 100vw, 623px\" \/><\/div>\t\t\t\t<div class=\"card-content\">\n\t\t\t\t\t<div class=\"card-inner\">\n\t\t\t\t\t\t<h2 class=\"headline is-h2\">certoplast 529<\/h2><div class=\"card-copy\">certoplast 529 est utilis\u00e9 de pr\u00e9f\u00e9rence pour le bandage de faisceaux de c\u00e2bles dans la construction automobile. Gr\u00e2ce \u00e0 ses excellentes propri\u00e9t\u00e9s en mati\u00e8re de protection contre l&rsquo;abrasion et d&rsquo;amortissement des bruits, le certoplast 529 peut \u00eatre utilis\u00e9 aux endroits de la construction automobile o\u00f9 il est important d&rsquo;\u00e9viter les bruits de cliquetis et de prot\u00e9ger contre le frottement. Gr\u00e2ce \u00e0 son mat\u00e9riau support robuste et \u00e0 sa bonne r\u00e9sistance \u00e0 la temp\u00e9rature, le certoplast 529 convient bien aux applications dans le compartiment moteur.  \n<\/div>\t\t\t\t\t<\/div>\n\n\t\t\t\t\t<div class=\"card-action\"><a class=\"gb-button\" href=\"https:\/\/certoplast.com\/fr\/produkt\/certoplast-529\/\">En savoir plus<\/a><\/div>\t\t\t\t<\/div>\n\t\t\t<\/div>\n\t\t\t\t\t\t\t\t\t\t<\/div>\n\t\t\t\t\t\t\t\t\t\t\t\t\t\t\t<div class=\"grid-item\">\n\t\t\t\t\t\t\t\t\t \n\t\t\t<div class=\"card card-product\">\n\t\t\t\t<div class=\"card-media\"><img loading=\"lazy\" decoding=\"async\" width=\"623\" height=\"264\" src=\"https:\/\/certoplast.com\/wp-content\/uploads\/certoplast_produkte_581N.jpg\" class=\"attachment-product_thumb size-product_thumb\" alt=\"\" srcset=\"https:\/\/certoplast.com\/wp-content\/uploads\/certoplast_produkte_581N.jpg 623w, https:\/\/certoplast.com\/wp-content\/uploads\/certoplast_produkte_581N-300x127.jpg 300w\" sizes=\"auto, (max-width: 623px) 100vw, 623px\" \/><\/div>\t\t\t\t<div class=\"card-content\">\n\t\t\t\t\t<div class=\"card-inner\">\n\t\t\t\t\t\t<h2 class=\"headline is-h2\">certoplast 581N<\/h2><div class=\"card-copy\">certoplast 581N est utilis\u00e9 de pr\u00e9f\u00e9rence pour la protection des faisceaux de c\u00e2bles dans l&rsquo;industrie automobile. Gr\u00e2ce \u00e0 son mat\u00e9riau de support extr\u00eamement robuste, il est id\u00e9al pour les applications n\u00e9cessitant une protection tr\u00e8s \u00e9lev\u00e9e contre l&rsquo;abrasion. Gr\u00e2ce \u00e0 sa bonne r\u00e9sistance \u00e0 la temp\u00e9rature et aux produits chimiques, le certoplast 581N convient bien aux applications dans le compartiment moteur.  \n  La faible \u00e9paisseur de la bande par rapport \u00e0 d&rsquo;autres solutions, telles que les stratifi\u00e9s, offre un avantage suppl\u00e9mentaire en termes d&rsquo;optimisation de l&rsquo;espace d&rsquo;installation.<\/div>\t\t\t\t\t<\/div>\n\n\t\t\t\t\t<div class=\"card-action\"><a class=\"gb-button\" href=\"https:\/\/certoplast.com\/fr\/produkt\/certoplast-581n\/\">En savoir plus<\/a><\/div>\t\t\t\t<\/div>\n\t\t\t<\/div>\n\t\t\t\t\t\t\t\t\t\t<\/div>\n\t\t\t\t\t\t\t\t\t\t\t\t\t<\/div>\n\t\t\t\t\t<\/div>\n\t\t\t\t            <\/div>\n\t\t\t\n\t\t\t\t\t\t\t\n\t\t\t\n            <!-- end:grid -->\n        \n            \n<\/div>\n<\/div>","protected":false},"excerpt":{"rendered":"","protected":false},"author":1,"featured_media":0,"parent":5685,"menu_order":1,"comment_status":"closed","ping_status":"closed","template":"","meta":{"_acf_changed":false,"inline_featured_image":false,"footnotes":""},"class_list":["post-5698","page","type-page","status-publish"],"acf":[],"_links":{"self":[{"href":"https:\/\/certoplast.com\/fr\/wp-json\/wp\/v2\/pages\/5698","targetHints":{"allow":["GET"]}}],"collection":[{"href":"https:\/\/certoplast.com\/fr\/wp-json\/wp\/v2\/pages"}],"about":[{"href":"https:\/\/certoplast.com\/fr\/wp-json\/wp\/v2\/types\/page"}],"author":[{"embeddable":true,"href":"https:\/\/certoplast.com\/fr\/wp-json\/wp\/v2\/users\/1"}],"replies":[{"embeddable":true,"href":"https:\/\/certoplast.com\/fr\/wp-json\/wp\/v2\/comments?post=5698"}],"version-history":[{"count":1,"href":"https:\/\/certoplast.com\/fr\/wp-json\/wp\/v2\/pages\/5698\/revisions"}],"predecessor-version":[{"id":5700,"href":"https:\/\/certoplast.com\/fr\/wp-json\/wp\/v2\/pages\/5698\/revisions\/5700"}],"up":[{"embeddable":true,"href":"https:\/\/certoplast.com\/fr\/wp-json\/wp\/v2\/pages\/5685"}],"wp:attachment":[{"href":"https:\/\/certoplast.com\/fr\/wp-json\/wp\/v2\/media?parent=5698"}],"curies":[{"name":"wp","href":"https:\/\/api.w.org\/{rel}","templated":true}]}}