{"id":4846,"date":"2023-07-12T10:02:00","date_gmt":"2023-07-12T08:02:00","guid":{"rendered":"https:\/\/certoplast.com\/nastri-di-velluto\/"},"modified":"2025-04-07T11:22:26","modified_gmt":"2025-04-07T09:22:26","slug":"nastri-di-velluto","status":"publish","type":"page","link":"https:\/\/certoplast.com\/it\/prodotti\/nastri-di-velluto\/","title":{"rendered":"Nastri di velluto"},"content":{"rendered":"\r\n\t\t\t       \r\n            \r\n            <div class=\"hero hero-5ca850af full\">\r\n\t\t\t\t\t\t\t\t<div class=\"acf-innerblocks-container\">\n\r\n\t\t\t       \r\n                    \r\n            <div class=\"hero-slide hero-slide-78c64ed6 is-style-image\">\r\n\t\t\t\t<div class=\"hero-canvas\">\r\n\t\t\t\t\t<div class=\"hero-subheadline\">I nostri prodotti<\/div>\t\t\t\t\t<h1 class=\"hero-headline\">Nastri di velluto<\/h1>\t\t\t\t<\/div>\r\n\t\t\t\t<div class=\"hero-media hero-media-image\"><img loading=\"lazy\" decoding=\"async\" width=\"1920\" height=\"519\" src=\"https:\/\/certoplast.com\/wp-content\/uploads\/certoplast-header-gewebebaender.jpg\" class=\"attachment-full size-full\" alt=\"\" srcset=\"https:\/\/certoplast.com\/wp-content\/uploads\/certoplast-header-gewebebaender.jpg 1920w, https:\/\/certoplast.com\/wp-content\/uploads\/certoplast-header-gewebebaender-300x81.jpg 300w, https:\/\/certoplast.com\/wp-content\/uploads\/certoplast-header-gewebebaender-1024x277.jpg 1024w, https:\/\/certoplast.com\/wp-content\/uploads\/certoplast-header-gewebebaender-768x208.jpg 768w, https:\/\/certoplast.com\/wp-content\/uploads\/certoplast-header-gewebebaender-1536x415.jpg 1536w, https:\/\/certoplast.com\/wp-content\/uploads\/certoplast-header-gewebebaender-800x216.jpg 800w\" sizes=\"auto, (max-width: 1920px) 100vw, 1920px\" \/><\/div>            <\/div>\r\n\t\t\t\t\r\n            \r\n\t\t\t\r\n        \r\n            \n<\/div>\r\n\t\t\t\t\t\t\t\t\r\n\t\t\t\t\t\t\t<\/div>\r\n\t\t\t\t\r\n\t\t\t\r\n\t\t\t        \r\n            <div class=\"gb-container gb-container-e4a6c0a8 gb-container-default\">\n<div class=\"gb-container gb-container-c7df1ec9\">\n\n<div class=\"wp-block-pixel-headline headlines is-subheadline-bottom has-text-align-left\"><h1 class=\"headline is-h1\" style=\"color:\">I nostri <strong>nastri di velluto<\/strong><\/h1><\/div>\n\n\n<div class=\"gb-grid-wrapper gb-grid-wrapper-6a48ed2e\">\n<div class=\"gb-grid-column gb-grid-column-6eb6a587\"><div class=\"gb-container gb-container-6eb6a587\" data-aos=\"fade-right\" data-aos-delay=\"250\">\n\n<p>I nostri nastri velour sono costituiti da supporti in poliammide velour di alta qualit\u00e0, che conferiscono al prodotto la sua caratteristica superficie morbida e ammortizzante. I nastri adesivi in velour sono utilizzati nei casi in cui sono richiesti lo smorzamento (del rumore) e la protezione dall&#8217;abrasione. Grazie alla speciale struttura superficiale, i nastri sono in grado di formare legami reversibili ma, se necessario, permanenti con i nastri a gancio convenzionali.<\/p>\n\n<\/div><\/div>\n\n<div class=\"gb-grid-column gb-grid-column-f5784789\"><div class=\"gb-container gb-container-f5784789\"><\/div><\/div>\n<\/div>\n<\/div>\n<\/div><div class=\"gb-container gb-container-20a9d3f9 gb-container-gray\">\n<div class=\"gb-container gb-container-6350117c\" data-aos=\"fade-up\" data-aos-delay=\"250\">\n\n\t\t\t\t\t\t\n\t\t\t\n\n\t\t\t\t\t\t\t<div class=\"facet-wrapper\">\n\t\t\t\t\t<div class=\"facetwp-facet facetwp-facet-einsatzbereiche facetwp-type-dropdown\" data-name=\"einsatzbereiche\" data-type=\"dropdown\"><\/div><div class=\"facetwp-facet facetwp-facet-eigenschaften_it facetwp-type-dropdown\" data-name=\"eigenschaften_it\" data-type=\"dropdown\"><\/div><div class=\"facetwp-facet facetwp-facet-trgermaterial_it facetwp-type-dropdown\" data-name=\"trgermaterial_it\" data-type=\"dropdown\"><\/div><div class=\"facetwp-facet facetwp-facet-klebstoff_it facetwp-type-dropdown\" data-name=\"klebstoff_it\" data-type=\"dropdown\"><\/div><div class=\"facetwp-facet facetwp-facet-farbe_it facetwp-type-dropdown\" data-name=\"farbe_it\" data-type=\"dropdown\"><\/div><div class=\"facetwp-facet facetwp-facet-materialstrke facetwp-type-slider\" data-name=\"materialstrke\" data-type=\"slider\"><\/div><div class=\"facetwp-facet facetwp-facet-temperaturbereich facetwp-type-slider\" data-name=\"temperaturbereich\" data-type=\"slider\"><\/div>\t\t\t\t<\/div>\n\t\t\t\n            <div class=\"grid grid-00a512c2 grid-product grid-columns-3\">\n\t\t\t\n\t\t\t\t\t\t\t\t\t\t\t\t\t\t\t\t\t<div class=\"grid-group grid-group-0\">\n\t\t\t\t\t\t\t\t\t\t\t\t<div class=\"grid-inner facetwp-template\">\n\t\t\t\t\t\t\t\t\t\t\t\t\t\t\t<div class=\"grid-item\">\n\t\t\t\t\t\t\t\t\t \n\t\t\t<div class=\"card card-product\">\n\t\t\t\t<div class=\"card-media\"><img loading=\"lazy\" decoding=\"async\" width=\"623\" height=\"264\" src=\"https:\/\/certoplast.com\/wp-content\/uploads\/595.jpg\" class=\"attachment-product_thumb size-product_thumb\" alt=\"\" srcset=\"https:\/\/certoplast.com\/wp-content\/uploads\/595.jpg 623w, https:\/\/certoplast.com\/wp-content\/uploads\/595-300x127.jpg 300w\" sizes=\"auto, (max-width: 623px) 100vw, 623px\" \/><\/div>\t\t\t\t<div class=\"card-content\">\n\t\t\t\t\t<div class=\"card-inner\">\n\t\t\t\t\t\t<h2 class=\"headline is-h2\">certoplasto 595<\/h2><div class=\"card-copy\">Il certoplast 595 \u00e8 preferibilmente utilizzato per la nastratura dei cablaggi nei punti della costruzione automobilistica in cui sono importanti sia la prevenzione dei rumori di tintinnio che la protezione dallo sfregamento. L&#8217;adesivo acrilico di alta qualit\u00e0 \u00e8 caratterizzato da un&#8217;elevata stabilit\u00e0 alle temperature, da una particolare resistenza ai media e da un eccellente comportamento all&#8217;invecchiamento. <\/div>\t\t\t\t\t<\/div>\n\n\t\t\t\t\t<div class=\"card-action\"><a class=\"gb-button\" href=\"https:\/\/certoplast.com\/it\/produkt\/certoplast-595\/\">Per saperne di pi\u00f9<\/a><\/div>\t\t\t\t<\/div>\n\t\t\t<\/div>\n\t\t\t\t\t\t\t\t\t\t<\/div>\n\t\t\t\t\t\t\t\t\t\t\t\t\t<\/div>\n\t\t\t\t\t<\/div>\n\t\t\t\t            <\/div>\n\t\t\t\n\t\t\t\t\t\t\t\n\t\t\t\n            <!-- end:grid -->\n        \n            \n<\/div>\n<\/div>","protected":false},"excerpt":{"rendered":"","protected":false},"author":1,"featured_media":0,"parent":5681,"menu_order":3,"comment_status":"closed","ping_status":"closed","template":"","meta":{"_acf_changed":false,"inline_featured_image":false,"footnotes":""},"class_list":["post-4846","page","type-page","status-publish"],"acf":[],"_links":{"self":[{"href":"https:\/\/certoplast.com\/it\/wp-json\/wp\/v2\/pages\/4846","targetHints":{"allow":["GET"]}}],"collection":[{"href":"https:\/\/certoplast.com\/it\/wp-json\/wp\/v2\/pages"}],"about":[{"href":"https:\/\/certoplast.com\/it\/wp-json\/wp\/v2\/types\/page"}],"author":[{"embeddable":true,"href":"https:\/\/certoplast.com\/it\/wp-json\/wp\/v2\/users\/1"}],"replies":[{"embeddable":true,"href":"https:\/\/certoplast.com\/it\/wp-json\/wp\/v2\/comments?post=4846"}],"version-history":[{"count":1,"href":"https:\/\/certoplast.com\/it\/wp-json\/wp\/v2\/pages\/4846\/revisions"}],"predecessor-version":[{"id":4848,"href":"https:\/\/certoplast.com\/it\/wp-json\/wp\/v2\/pages\/4846\/revisions\/4848"}],"up":[{"embeddable":true,"href":"https:\/\/certoplast.com\/it\/wp-json\/wp\/v2\/pages\/5681"}],"wp:attachment":[{"href":"https:\/\/certoplast.com\/it\/wp-json\/wp\/v2\/media?parent=4846"}],"curies":[{"name":"wp","href":"https:\/\/api.w.org\/{rel}","templated":true}]}}