{"id":4976,"date":"2023-07-13T10:52:48","date_gmt":"2023-07-13T08:52:48","guid":{"rendered":"https:\/\/certoplast.com\/chi-siamo\/"},"modified":"2025-04-07T11:20:47","modified_gmt":"2025-04-07T09:20:47","slug":"chi-siamo","status":"publish","type":"page","link":"https:\/\/certoplast.com\/it\/lazienda\/chi-siamo\/","title":{"rendered":"Chi siamo"},"content":{"rendered":"\r\n\t\t\t       \r\n            \r\n            <div class=\"hero hero-79c4f38c full\">\r\n\t\t\t\t\t\t\t\t<div class=\"acf-innerblocks-container\">\n\r\n\t\t\t       \r\n                    \r\n            <div class=\"hero-slide hero-slide-40de9bb6 is-style-image\">\r\n\t\t\t\t<div class=\"hero-canvas\">\r\n\t\t\t\t\t<div class=\"hero-subheadline\">Quello giusto per ogni applicazione Band<\/div>\t\t\t\t\t<h1 class=\"hero-headline\">certoplasto<\/h1>\t\t\t\t<\/div>\r\n\t\t\t\t<div class=\"hero-media hero-media-image\"><img loading=\"lazy\" decoding=\"async\" width=\"1920\" height=\"519\" src=\"https:\/\/certoplast.com\/wp-content\/uploads\/certoplast-header-ueber-uns.jpg\" class=\"attachment-full size-full\" alt=\"\" srcset=\"https:\/\/certoplast.com\/wp-content\/uploads\/certoplast-header-ueber-uns.jpg 1920w, https:\/\/certoplast.com\/wp-content\/uploads\/certoplast-header-ueber-uns-300x81.jpg 300w, https:\/\/certoplast.com\/wp-content\/uploads\/certoplast-header-ueber-uns-1024x277.jpg 1024w, https:\/\/certoplast.com\/wp-content\/uploads\/certoplast-header-ueber-uns-768x208.jpg 768w, https:\/\/certoplast.com\/wp-content\/uploads\/certoplast-header-ueber-uns-1536x415.jpg 1536w, https:\/\/certoplast.com\/wp-content\/uploads\/certoplast-header-ueber-uns-800x216.jpg 800w\" sizes=\"auto, (max-width: 1920px) 100vw, 1920px\" \/><\/div>            <\/div>\r\n\t\t\t\t\r\n            \r\n\t\t\t\r\n        \r\n            \n<\/div>\r\n\t\t\t\t\t\t\t\t\r\n\t\t\t\t\t\t\t<\/div>\r\n\t\t\t\t\r\n\t\t\t\r\n\t\t\t        \r\n            <section class=\"gb-container gb-container-9660c8ea gb-container-default\">\n<div class=\"gb-container gb-container-cd0e0b71\">\n<div class=\"gb-grid-wrapper gb-grid-wrapper-09516fbc\">\n<div class=\"gb-grid-column gb-grid-column-c38e2ada\"><div class=\"gb-container gb-container-c38e2ada\" data-aos=\"fade-right\" data-aos-delay=\"250\">\n\n<figure class=\"wp-block-image size-full\"><img loading=\"lazy\" decoding=\"async\" width=\"656\" height=\"447\" src=\"https:\/\/certoplast.com\/wp-content\/uploads\/certoplast_ueber_uns_gebaeude.png\" alt=\"\" class=\"wp-image-2481\" srcset=\"https:\/\/certoplast.com\/wp-content\/uploads\/certoplast_ueber_uns_gebaeude.png 656w, https:\/\/certoplast.com\/wp-content\/uploads\/certoplast_ueber_uns_gebaeude-300x204.png 300w\" sizes=\"auto, (max-width: 656px) 100vw, 656px\" \/><\/figure>\n\n\n\n<p><\/p>\n\n<\/div><\/div>\n\n<div class=\"gb-grid-column gb-grid-column-fc148551\"><div class=\"gb-container gb-container-fc148551\" data-aos=\"fade-left\" data-aos-delay=\"250\">\n\n<div class=\"wp-block-pixel-headline headlines is-subheadline-bottom has-text-align-left\"><h1 class=\"headline\" style=\"color:\"><strong>Quello giusto<\/strong> per ogni applicazione <strong> Band<\/strong><\/h1><\/div>\n\n\n\n<p>In qualit\u00e0 di produttore di nastri adesivi tecnici, la societ\u00e0 di produzione di nastri adesivi, la Technische Klebeb\u00e4nder GmbH, pu\u00f2 contare su quasi 100 anni di esperienza nella produzione di nastri adesivi. Fondata nel 1991 dall&#8217;ex divisione nastri adesivi di Vorwerk &amp; Sohn, una rigorosa &#8216;reingegnerizzazione&#8217; ha portato ad un posizionamento di successo sul mercato nelle aree principali dell&#8217;automotive, dell&#8217;industria elettrica e della tecnologia di isolamento. <\/p>\n\n\n\n<p>I dipendenti impegnati considerano i desideri del cliente come la priorit\u00e0 assoluta delle loro azioni, per cui le soluzioni personalizzate ai problemi sono diventate una specialit\u00e0 della nostra azienda. La rapida realizzazione dei requisiti tecnici, la collaborazione diretta con gli utenti e la massima flessibilit\u00e0 possibile sono i pilastri su cui si basa la filosofia aziendale. <\/p>\n\n<\/div><\/div>\n<\/div>\n<\/div>\n<\/section><div class=\"gb-container gb-container-959e894f gb-container-default\">\n<div class=\"gb-container gb-container-83df55d0\">\n<div class=\"gb-grid-wrapper gb-grid-wrapper-d06743b7\">\n<div class=\"gb-grid-column gb-grid-column-a49310ab\"><div class=\"gb-container gb-container-a49310ab\" data-aos=\"fade-right\" data-aos-delay=\"250\">\n\n<div class=\"wp-block-pixel-headline headlines is-subheadline-bottom has-text-align-left\"><h1 class=\"headline\" style=\"color:\"><strong>Una risposta<\/strong> per ogni domanda<\/h1><\/div>\n\n\n\n<p class=\"has-color-brand-color has-text-color\"><strong>La massima attenzione \u00e8 rivolta al fulcro del prodotto, l&#8217;adesivo:<\/strong> <\/p>\n\n\n\n<p>La formulazione interna degli adesivi consente di offrire una risposta a quasi tutti i problemi del mercato. Vengono utilizzati esclusivamente sistemi adesivi privi di solventi. Da un lato, si tratta di sistemi hot-melt che vengono applicati dopo la fusione, mentre a seconda dell&#8217;applicazione si utilizzano anche sistemi reticolabili UV. Dall&#8217;altro lato, utilizziamo adesivi in dispersione a base di acrilato. Ci\u00f2 significa che la nostra intera gamma di adesivi \u00e8 limitata a sistemi privi di solventi &#8211; il nostro contributo come azienda sostenibile.    <\/p>\n\n<\/div><\/div>\n\n<div class=\"gb-grid-column gb-grid-column-d25ce125\"><div class=\"gb-container gb-container-d25ce125\" data-aos=\"fade-left\" data-aos-delay=\"250\">\n\n<figure class=\"wp-block-image size-full\"><img loading=\"lazy\" decoding=\"async\" width=\"655\" height=\"447\" src=\"https:\/\/certoplast.com\/wp-content\/uploads\/certoplast-content-uber-uns-1.png\" alt=\"\" class=\"wp-image-2172\" srcset=\"https:\/\/certoplast.com\/wp-content\/uploads\/certoplast-content-uber-uns-1.png 655w, https:\/\/certoplast.com\/wp-content\/uploads\/certoplast-content-uber-uns-1-300x205.png 300w\" sizes=\"auto, (max-width: 655px) 100vw, 655px\" \/><\/figure>\n\n\n\n<p><\/p>\n\n<\/div><\/div>\n<\/div>\n<\/div>\n<\/div><div class=\"gb-container gb-container-ee3c6f3b gb-container-default\">\n<div class=\"gb-container gb-container-127e392a\">\n<div class=\"gb-grid-wrapper gb-grid-wrapper-802a9ae1\">\n<div class=\"gb-grid-column gb-grid-column-5b94b631\"><div class=\"gb-container gb-container-5b94b631\" data-aos=\"fade-right\" data-aos-delay=\"250\">\n\n<figure class=\"gb-block-image gb-block-image-35b72aa3\"><img loading=\"lazy\" decoding=\"async\" width=\"780\" height=\"526\" class=\"gb-image gb-image-35b72aa3\" src=\"https:\/\/certoplast.com\/wp-content\/uploads\/geschaeftsfuehrung-1.png\" alt=\"\" title=\"gestione\" srcset=\"https:\/\/certoplast.com\/wp-content\/uploads\/geschaeftsfuehrung-1.png 780w, https:\/\/certoplast.com\/wp-content\/uploads\/geschaeftsfuehrung-1-300x202.png 300w, https:\/\/certoplast.com\/wp-content\/uploads\/geschaeftsfuehrung-1-768x518.png 768w\" sizes=\"auto, (max-width: 780px) 100vw, 780px\" \/><\/figure>\n\n<\/div><\/div>\n\n<div class=\"gb-grid-column gb-grid-column-5e965859\"><div class=\"gb-container gb-container-5e965859\" data-aos=\"fade-left\" data-aos-delay=\"250\">\n\n<div class=\"wp-block-pixel-headline headlines is-subheadline-bottom has-text-align-left\"><h1 class=\"headline\" style=\"color:\">La <strong>gestione<\/strong><\/h1><\/div>\n\n\n\n<p>La certplast Technische Klebeb\u00e4nder \u00e8 un&#8217;azienda a conduzione familiare gestita dai suoi azionisti.<\/p>\n\n\n\n<p>Il Dr. Andreas Hohmann ha studiato chimica presso l&#8217;Universit\u00e0 Heinrich Heine di D\u00fcsseldorf e ha conseguito il dottorato in sintesi organica nel 2006. Nello stesso anno, il Dr. Hohmann ha assunto anche il ruolo di Responsabile della Ricerca e dello Sviluppo presso la societ\u00e0 di ricerca e sviluppo di certoplast Technische Klebeb\u00e4nder GmbH. La sua nomina a Responsabile delle vendite globali nel 2009 \u00e8 stata preceduta da diversi lanci di prodotti di successo. Poich\u00e9 ha continuato ad assumere maggiori responsabilit\u00e0, il Dr. Hohmann \u00e8 stato promosso ad Amministratore Delegato di certoplast Technische Klebeb\u00e4nder GmbH nel corso del 2020. Dalla sua nomina ad Amministratore Delegato, \u00e8 responsabile delle attivit\u00e0 nella regione EMEA e delle vendite globali. Il Dr. Hohmann \u00e8 un membro attivo di IVK (Industrieverband Klebstoffe e.V.) e di Afera (European Adhesive Tape Association).     <\/p>\n\n\n\n<p>Il dottor Ren\u00e9 Rambusch si \u00e8 laureato in economia aziendale e ha completato il dottorato con una tesi sulle interfacce tra controlling, organizzazione aziendale e marketing. Ha lavorato presso il Centre for Controlling and Management della WHU &#8211; Otto Beisheim School of Management e per The Boston Consulting Group negli uffici di Monaco e Amburgo. Si \u00e8 unito all&#8217;azienda nel 2011 per guidare un&#8217;ulteriore internazionalizzazione e prepararsi al passaggio generazionale.  <\/p>\n\n<\/div><\/div>\n<\/div>\n<\/div>\n<\/div><div class=\"gb-container gb-container-232e0c11 gb-container-default\">\n<div class=\"gb-container gb-container-16ff69e3\">\n<div class=\"gb-grid-wrapper gb-grid-wrapper-a8ab017a\">\n<div class=\"gb-grid-column gb-grid-column-9ce43b34\"><div class=\"gb-container gb-container-9ce43b34\" data-aos=\"fade-right\" data-aos-delay=\"250\">\n\n<div class=\"wp-block-pixel-headline headlines is-subheadline-bottom has-text-align-left\"><h1 class=\"headline\" style=\"color:\">Per la sua <strong>soddisfazione<\/strong><\/h1><\/div>\n\n\n\n<p>I fornitori altamente specializzati contribuiscono con la loro esperienza nei materiali di supporto di film, tessuti e carta ai nostri nastri adesivi. Le distanze ridotte e i contatti stretti ci permettono di reagire rapidamente per soddisfare i nostri clienti. <\/p>\n\n\n\n<p>L&#8217;intera gamma della moderna tecnologia di taglio \u00e8 disponibile presso la sede di certplast, in modo da poter reagire in modo rapido e semplice alle singole richieste speciali dell&#8217;utente.<\/p>\n\n\n\n<p>Un sistema di gestione della qualit\u00e0 certificato secondo la norma DIN EN ISO 9001 + IATF 16949 monitora lo sviluppo e la produzione dei nostri prodotti &#8211; dal ricevimento delle materie prime alla produzione di adesivi, al rivestimento, al taglio e all&#8217;assemblaggio, fino all&#8217;ispezione delle merci in uscita; in questo modo continueremo ad orientarci ai requisiti in costante evoluzione del mercato.<\/p>\n\n\n\n<p><strong>certplast \u00e8 membro delle seguenti associazioni<\/strong>:<\/p>\n\n\n<div class=\"gb-container gb-container-f157fb14\">\n<div class=\"gb-container gb-container-d4f6ffe4\">\n<div class=\"gb-grid-wrapper gb-grid-wrapper-ffb66c8f\">\n<div class=\"gb-grid-column gb-grid-column-1b382ce6\"><div class=\"gb-container gb-container-1b382ce6\">\n\n<figure class=\"wp-block-image size-full\"><img loading=\"lazy\" decoding=\"async\" width=\"372\" height=\"124\" src=\"https:\/\/certoplast.com\/wp-content\/uploads\/industrieverband-klebstoffe-ev.jpg\" alt=\"\" class=\"wp-image-2156\" srcset=\"https:\/\/certoplast.com\/wp-content\/uploads\/industrieverband-klebstoffe-ev.jpg 372w, https:\/\/certoplast.com\/wp-content\/uploads\/industrieverband-klebstoffe-ev-300x100.jpg 300w\" sizes=\"auto, (max-width: 372px) 100vw, 372px\" \/><\/figure>\n\n<\/div><\/div>\n\n<div class=\"gb-grid-column gb-grid-column-aa64df9f\"><div class=\"gb-container gb-container-aa64df9f\">\n\n<figure class=\"wp-block-image size-full\"><img loading=\"lazy\" decoding=\"async\" width=\"130\" height=\"133\" src=\"https:\/\/certoplast.com\/wp-content\/uploads\/afera.jpg\" alt=\"\" class=\"wp-image-2155\"\/><\/figure>\n\n<\/div><\/div>\n\n<div class=\"gb-grid-column gb-grid-column-26a381c0\"><div class=\"gb-container gb-container-26a381c0\"><\/div><\/div>\n<\/div>\n<\/div>\n<\/div>\n<\/div><\/div>\n\n<div class=\"gb-grid-column gb-grid-column-19bf2218\"><div class=\"gb-container gb-container-19bf2218\" data-aos=\"fade-left\" data-aos-delay=\"250\">\n\n<figure class=\"wp-block-image size-full\"><img loading=\"lazy\" decoding=\"async\" width=\"655\" height=\"447\" src=\"https:\/\/certoplast.com\/wp-content\/uploads\/certoplast_ueber_uns_zufriedenheit.png\" alt=\"\" class=\"wp-image-2483\" srcset=\"https:\/\/certoplast.com\/wp-content\/uploads\/certoplast_ueber_uns_zufriedenheit.png 655w, https:\/\/certoplast.com\/wp-content\/uploads\/certoplast_ueber_uns_zufriedenheit-300x205.png 300w\" sizes=\"auto, (max-width: 655px) 100vw, 655px\" \/><\/figure>\n\n<\/div><\/div>\n<\/div>\n<\/div>\n<\/div>","protected":false},"excerpt":{"rendered":"","protected":false},"author":1,"featured_media":4937,"parent":5135,"menu_order":0,"comment_status":"closed","ping_status":"closed","template":"","meta":{"_acf_changed":false,"inline_featured_image":false,"footnotes":""},"class_list":["post-4976","page","type-page","status-publish","has-post-thumbnail"],"acf":[],"_links":{"self":[{"href":"https:\/\/certoplast.com\/it\/wp-json\/wp\/v2\/pages\/4976","targetHints":{"allow":["GET"]}}],"collection":[{"href":"https:\/\/certoplast.com\/it\/wp-json\/wp\/v2\/pages"}],"about":[{"href":"https:\/\/certoplast.com\/it\/wp-json\/wp\/v2\/types\/page"}],"author":[{"embeddable":true,"href":"https:\/\/certoplast.com\/it\/wp-json\/wp\/v2\/users\/1"}],"replies":[{"embeddable":true,"href":"https:\/\/certoplast.com\/it\/wp-json\/wp\/v2\/comments?post=4976"}],"version-history":[{"count":1,"href":"https:\/\/certoplast.com\/it\/wp-json\/wp\/v2\/pages\/4976\/revisions"}],"predecessor-version":[{"id":4988,"href":"https:\/\/certoplast.com\/it\/wp-json\/wp\/v2\/pages\/4976\/revisions\/4988"}],"up":[{"embeddable":true,"href":"https:\/\/certoplast.com\/it\/wp-json\/wp\/v2\/pages\/5135"}],"wp:featuredmedia":[{"embeddable":true,"href":"https:\/\/certoplast.com\/it\/wp-json\/wp\/v2\/media\/4937"}],"wp:attachment":[{"href":"https:\/\/certoplast.com\/it\/wp-json\/wp\/v2\/media?parent=4976"}],"curies":[{"name":"wp","href":"https:\/\/api.w.org\/{rel}","templated":true}]}}