{"id":5116,"date":"2023-07-13T12:01:59","date_gmt":"2023-07-13T10:01:59","guid":{"rendered":"https:\/\/certoplast.com\/qualita-e-ambiente\/"},"modified":"2025-04-07T11:20:47","modified_gmt":"2025-04-07T09:20:47","slug":"qualita-e-ambiente","status":"publish","type":"page","link":"https:\/\/certoplast.com\/it\/lazienda\/qualita-e-ambiente\/","title":{"rendered":"Qualit\u00e0 e ambiente"},"content":{"rendered":"\r\n\t\t\t       \r\n            \r\n            <div class=\"hero hero-f70672eb full\">\r\n\t\t\t\t\t\t\t\t<div class=\"acf-innerblocks-container\">\n\r\n\t\t\t       \r\n                    \r\n            <div class=\"hero-slide hero-slide-17f05ebe is-style-image\">\r\n\t\t\t\t<div class=\"hero-canvas\">\r\n\t\t\t\t\t<div class=\"hero-subheadline\">Siamo certificati<\/div>\t\t\t\t\t<h1 class=\"hero-headline\">Qualit\u00e0 e ambiente<\/h1>\t\t\t\t<\/div>\r\n\t\t\t\t<div class=\"hero-media hero-media-image\"><img loading=\"lazy\" decoding=\"async\" width=\"1920\" height=\"519\" src=\"https:\/\/certoplast.com\/wp-content\/uploads\/certoplast-header-ueber-uns.jpg\" class=\"attachment-full size-full\" alt=\"\" srcset=\"https:\/\/certoplast.com\/wp-content\/uploads\/certoplast-header-ueber-uns.jpg 1920w, https:\/\/certoplast.com\/wp-content\/uploads\/certoplast-header-ueber-uns-300x81.jpg 300w, https:\/\/certoplast.com\/wp-content\/uploads\/certoplast-header-ueber-uns-1024x277.jpg 1024w, https:\/\/certoplast.com\/wp-content\/uploads\/certoplast-header-ueber-uns-768x208.jpg 768w, https:\/\/certoplast.com\/wp-content\/uploads\/certoplast-header-ueber-uns-1536x415.jpg 1536w, https:\/\/certoplast.com\/wp-content\/uploads\/certoplast-header-ueber-uns-800x216.jpg 800w\" sizes=\"auto, (max-width: 1920px) 100vw, 1920px\" \/><\/div>            <\/div>\r\n\t\t\t\t\r\n            \r\n\t\t\t\r\n        \r\n            \n<\/div>\r\n\t\t\t\t\t\t\t\t\r\n\t\t\t\t\t\t\t<\/div>\r\n\t\t\t\t\r\n\t\t\t\r\n\t\t\t        \r\n            <div class=\"gb-container gb-container-e4a6c0a8 gb-container-default\">\n<div class=\"gb-container gb-container-c7df1ec9\">\n<div class=\"gb-grid-wrapper gb-grid-wrapper-6a48ed2e\">\n<div class=\"gb-grid-column gb-grid-column-6eb6a587\"><div class=\"gb-container gb-container-6eb6a587\" data-aos=\"fade-right\" data-aos-delay=\"250\">\n\n<div class=\"wp-block-pixel-headline headlines is-subheadline-bottom has-text-align-left\"><h1 class=\"headline\" style=\"color:\"><strong>Qualit\u00e0<\/strong> certificata<br><\/h1><\/div>\n\n\n\n<p>In qualit\u00e0 di azienda che svolge attivit\u00e0 di ricerca e produzione in Germania, i pi\u00f9 elevati standard di qualit\u00e0 costituiscono il fulcro della nostra cultura lavorativa. Per rispondere a queste esigenze e soddisfare i requisiti dei nostri clienti, abbiamo implementato un sistema di gestione della qualit\u00e0 conforme a IATF 16949 e ISO 9001. Dalla certificazione iniziale nel 2002, siamo stati in grado di sviluppare continuamente il sistema.  <\/p>\n\n<\/div><\/div>\n\n<div class=\"gb-grid-column gb-grid-column-cef3569e\"><div class=\"gb-container gb-container-cef3569e\" data-aos=\"fade-left\" data-aos-delay=\"250\"><a class=\"gb-container-link\" href=\"https:\/\/certoplast.com\/wp-content\/uploads\/certoplast_IATF_de.pdf\" rel=\"noopener noreferrer\" target=\"_blank\"><\/a>\n\n<figure class=\"wp-block-image size-full\"><img loading=\"lazy\" decoding=\"async\" width=\"720\" height=\"500\" src=\"https:\/\/certoplast.com\/wp-content\/uploads\/certoplast_IATF_de.jpg\" alt=\"\" class=\"wp-image-3650\" srcset=\"https:\/\/certoplast.com\/wp-content\/uploads\/certoplast_IATF_de.jpg 720w, https:\/\/certoplast.com\/wp-content\/uploads\/certoplast_IATF_de-300x208.jpg 300w\" sizes=\"auto, (max-width: 720px) 100vw, 720px\" \/><\/figure>\n\n\n\n<p>IATF 16949 (PDF, 246 kB)<\/p>\n\n<\/div><\/div>\n<\/div>\n<\/div>\n<\/div><div class=\"gb-container gb-container-0dcc8fc1 gb-container-default\">\n<div class=\"gb-container gb-container-7172409e\">\n<div class=\"gb-grid-wrapper gb-grid-wrapper-5b891cf0\">\n<div class=\"gb-grid-column gb-grid-column-22794006\"><div class=\"gb-container gb-container-22794006\" data-aos=\"fade-right\" data-aos-delay=\"250\">\n\n<div class=\"wp-block-pixel-headline headlines is-subheadline-bottom has-text-align-left\"><h1 class=\"headline\" style=\"color:\"><strong>Gestione ambientale<\/strong> certificata<br><\/h1><\/div>\n\n\n\n<p>sin dall&#8217;inizio, certplast ha lavorato per utilizzare tecnologie pi\u00f9 sostenibili e rispettose dell&#8217;ambiente, riducendo continuamente il consumo di risorse. Gi\u00e0 nel 1999, l&#8217;intera gamma di prodotti \u00e8 stata convertita in sistemi adesivi senza solventi. Dal 2012, il sistema di riscaldamento \u00e8 stato convertito al teleriscaldamento da incenerimento dei rifiuti.  <\/p>\n\n\n\n<p>Al fine di trasformare questa attivit\u00e0 di miglioramento dei processi in un processo continuo, in particolare dal punto di vista ambientale e delle risorse, e per fornire ai dipendenti strumenti migliori, nel 2014, certoplast ha deciso di introdurre un sistema di gestione ambientale in conformit\u00e0 alla norma ISO 14001.<\/p>\n\n<\/div><\/div>\n\n<div class=\"gb-grid-column gb-grid-column-90e560e2\"><div class=\"gb-container gb-container-90e560e2\" data-aos=\"fade-left\" data-aos-delay=\"250\"><a class=\"gb-container-link\" href=\"https:\/\/certoplast.com\/wp-content\/uploads\/certoplast_quacert_de.pdf\" rel=\"noopener noreferrer\" target=\"_blank\"><\/a>\n\n<figure class=\"wp-block-image size-full\"><img loading=\"lazy\" decoding=\"async\" width=\"720\" height=\"500\" src=\"https:\/\/certoplast.com\/wp-content\/uploads\/certoplast_quacert_de.jpg\" alt=\"\" class=\"wp-image-3648\" srcset=\"https:\/\/certoplast.com\/wp-content\/uploads\/certoplast_quacert_de.jpg 720w, https:\/\/certoplast.com\/wp-content\/uploads\/certoplast_quacert_de-300x208.jpg 300w\" sizes=\"auto, (max-width: 720px) 100vw, 720px\" \/><\/figure>\n\n\n\n<p>ISO 14001 (PDF, 101 kB)<\/p>\n\n<\/div><\/div>\n<\/div>\n<\/div>\n<\/div><div class=\"gb-container gb-container-f46241a3 gb-container-default\">\n<div class=\"gb-container gb-container-a1de4212\">\n<div class=\"gb-grid-wrapper gb-grid-wrapper-5659b4c1\">\n<div class=\"gb-grid-column gb-grid-column-a6470b0d\"><div class=\"gb-container gb-container-a6470b0d\" data-aos=\"fade-right\" data-aos-delay=\"250\">\n\n<div class=\"wp-block-pixel-headline headlines is-subheadline-bottom has-text-align-left\"><h1 class=\"headline\" style=\"color:\"><strong>Gestione energetica<\/strong> certificata<br><\/h1><\/div>\n\n\n\n<p>Efficienti e sostenibili: in casa certoplast, combiniamo le massime prestazioni con un comportamento efficiente dal punto di vista energetico. Per questo \u00e8 stato ovvio per noi introdurre un sistema di gestione dell&#8217;energia avanzato. Il nostro sistema di gestione dell&#8217;energia in conformit\u00e0 alla norma ISO 50001 \u00e8 stato certificato per la prima volta nel 2015. Registra tutta l&#8217;energia consumata e dimostra che \u00e8 possibile combinare armoniosamente l&#8217;eccellenza tecnologica e l&#8217;uso responsabile dell&#8217;energia.   <\/p>\n\n<\/div><\/div>\n\n<div class=\"gb-grid-column gb-grid-column-9357c2e3\"><div class=\"gb-container gb-container-9357c2e3\" data-aos=\"fade-left\" data-aos-delay=\"250\"><a class=\"gb-container-link\" href=\"https:\/\/certoplast.com\/wp-content\/uploads\/certoplast_ISO50001_de.pdf\" rel=\"noopener noreferrer\" target=\"_blank\"><\/a>\n\n<figure class=\"wp-block-image size-full\"><img loading=\"lazy\" decoding=\"async\" width=\"720\" height=\"500\" src=\"https:\/\/certoplast.com\/wp-content\/uploads\/certoplast_ISO50001_de.jpg\" alt=\"\" class=\"wp-image-3652\" srcset=\"https:\/\/certoplast.com\/wp-content\/uploads\/certoplast_ISO50001_de.jpg 720w, https:\/\/certoplast.com\/wp-content\/uploads\/certoplast_ISO50001_de-300x208.jpg 300w\" sizes=\"auto, (max-width: 720px) 100vw, 720px\" \/><\/figure>\n\n\n\n<p>ISO 50001 (PDF, 154 kB)<\/p>\n\n<\/div><\/div>\n<\/div>\n<\/div>\n<\/div>","protected":false},"excerpt":{"rendered":"","protected":false},"author":1,"featured_media":4937,"parent":5135,"menu_order":3,"comment_status":"closed","ping_status":"closed","template":"","meta":{"_acf_changed":false,"inline_featured_image":false,"footnotes":""},"class_list":["post-5116","page","type-page","status-publish","has-post-thumbnail"],"acf":[],"_links":{"self":[{"href":"https:\/\/certoplast.com\/it\/wp-json\/wp\/v2\/pages\/5116","targetHints":{"allow":["GET"]}}],"collection":[{"href":"https:\/\/certoplast.com\/it\/wp-json\/wp\/v2\/pages"}],"about":[{"href":"https:\/\/certoplast.com\/it\/wp-json\/wp\/v2\/types\/page"}],"author":[{"embeddable":true,"href":"https:\/\/certoplast.com\/it\/wp-json\/wp\/v2\/users\/1"}],"replies":[{"embeddable":true,"href":"https:\/\/certoplast.com\/it\/wp-json\/wp\/v2\/comments?post=5116"}],"version-history":[{"count":1,"href":"https:\/\/certoplast.com\/it\/wp-json\/wp\/v2\/pages\/5116\/revisions"}],"predecessor-version":[{"id":5121,"href":"https:\/\/certoplast.com\/it\/wp-json\/wp\/v2\/pages\/5116\/revisions\/5121"}],"up":[{"embeddable":true,"href":"https:\/\/certoplast.com\/it\/wp-json\/wp\/v2\/pages\/5135"}],"wp:featuredmedia":[{"embeddable":true,"href":"https:\/\/certoplast.com\/it\/wp-json\/wp\/v2\/media\/4937"}],"wp:attachment":[{"href":"https:\/\/certoplast.com\/it\/wp-json\/wp\/v2\/media?parent=5116"}],"curies":[{"name":"wp","href":"https:\/\/api.w.org\/{rel}","templated":true}]}}