{"id":5267,"date":"2023-07-13T14:22:42","date_gmt":"2023-07-13T12:22:42","guid":{"rendered":"https:\/\/certoplast.com\/informativa-sulla-privacy\/"},"modified":"2025-04-07T11:21:05","modified_gmt":"2025-04-07T09:21:05","slug":"informativa-sulla-privacy","status":"publish","type":"page","link":"https:\/\/certoplast.com\/it\/informativa-sulla-privacy\/","title":{"rendered":"Informativa sulla privacy"},"content":{"rendered":"<section class=\"gb-container gb-container-e4a6c0a8 gb-container-default\">\n<div class=\"gb-container gb-container-c7df1ec9\">\n<div class=\"gb-grid-wrapper gb-grid-wrapper-6a48ed2e\">\n<div class=\"gb-grid-column gb-grid-column-6eb6a587\"><div class=\"gb-container gb-container-6eb6a587\">\n\n<div class=\"wp-block-pixel-headline headlines is-subheadline-bottom has-text-align-left\"><h1 class=\"headline\" style=\"color:\">POLITICA SULLA PRIVACY<\/h1><\/div>\n\n\n\n<h2 class=\"wp-block-heading\">1. LA PROTEZIONE DEI DATI IN SINTESI<\/h2>\n\n\n\n<h3 class=\"wp-block-heading\">Informazioni generali<\/h3>\n\n\n\n<p>Le seguenti informazioni forniscono una semplice panoramica di ci\u00f2 che accade ai suoi dati personali quando visita il nostro sito web. I dati personali sono tutti i dati che possono essere utilizzati per identificarla personalmente. Informazioni dettagliate sul tema della protezione dei dati sono disponibili nella nostra dichiarazione sulla protezione dei dati, riportata sotto questo testo.  <\/p>\n\n\n\n<h3 class=\"wp-block-heading\">Raccolta di dati sul nostro sito web<\/h3>\n\n\n\n<p><strong>Chi \u00e8 responsabile della raccolta dei dati su questo sito web?<\/strong><\/p>\n\n\n\n<p>L&#8217;elaborazione dei dati su questo sito web viene effettuata dall&#8217;operatore del sito web. Pu\u00f2 trovare i dettagli di contatto dell&#8217;operatore nella nota legale di questo sito web. <\/p>\n\n\n\n<p><strong>Come raccogliamo i suoi dati?<\/strong><\/p>\n\n\n\n<p>Da un lato, i suoi dati vengono raccolti quando ce li fornisce. Pu\u00f2 trattarsi, ad esempio, dei dati che lei inserisce in un modulo di contatto. <\/p>\n\n\n\n<p>Altri dati vengono raccolti automaticamente dai nostri sistemi informatici quando lei visita il sito web. Si tratta principalmente di dati tecnici (ad esempio, browser internet, sistema operativo o tempo di visualizzazione della pagina). Questi dati vengono raccolti automaticamente non appena entra nel nostro sito web.  <\/p>\n\n\n\n<p><strong>Per cosa utilizziamo i suoi dati?<\/strong><\/p>\n\n\n\n<p>Alcuni dei dati vengono raccolti per garantire che il sito web sia fornito senza errori. Altri dati possono essere utilizzati per analizzare il comportamento degli utenti. <\/p>\n\n\n\n<p><strong>Quali diritti ha in relazione ai suoi dati?<\/strong><\/p>\n\n\n\n<p>Ha il diritto di ricevere gratuitamente, in qualsiasi momento, informazioni sull&#8217;origine, il destinatario e lo scopo dei suoi dati personali memorizzati. Ha anche il diritto di richiedere la correzione, il blocco o la cancellazione di questi dati. Pu\u00f2 contattarci in qualsiasi momento all&#8217;indirizzo indicato nell&#8217;avviso legale se ha ulteriori domande sul tema della protezione dei dati. Ha anche il diritto di presentare un reclamo all&#8217;autorit\u00e0 di vigilanza competente.   <\/p>\n\n\n\n<h3 class=\"wp-block-heading\">Strumenti di analisi e strumenti di fornitori terzi<\/h3>\n\n\n\n<p>Quando visita il nostro sito web, il suo comportamento di navigazione pu\u00f2 essere valutato statisticamente. Ci\u00f2 avviene principalmente utilizzando i cookie e i cosiddetti programmi di analisi. L&#8217;analisi del suo comportamento di navigazione \u00e8 solitamente anonima; il comportamento di navigazione non pu\u00f2 essere ricondotto a lei. Pu\u00f2 opporsi a questa analisi o impedirla non utilizzando determinati strumenti. Informazioni dettagliate al riguardo sono disponibili nella seguente informativa sulla privacy.    <\/p>\n\n\n\n<p>Pu\u00f2 opporsi a questa analisi. La informeremo sulle opzioni di opposizione in questa informativa sulla privacy. <\/p>\n\n\n\n<h2 class=\"wp-block-heading\">2. NOTE GENERALI E INFORMAZIONI OBBLIGATORIE<\/h2>\n\n\n\n<h3 class=\"wp-block-heading\">Protezione dei dati<\/h3>\n\n\n\n<p>Gli operatori di queste pagine prendono molto sul serio la protezione dei suoi dati personali. Trattiamo i suoi dati personali in modo confidenziale e in conformit\u00e0 con le norme di legge sulla protezione dei dati e con la presente informativa sulla privacy. <\/p>\n\n\n\n<p>Quando utilizza questo sito web, vengono raccolti diversi dati personali. I dati personali sono dati che possono essere utilizzati per identificarla personalmente. Questa informativa sulla privacy spiega quali dati raccogliamo e per cosa li utilizziamo. Spiega anche come e per quale scopo ci\u00f2 avviene.   <\/p>\n\n\n\n<p>Desideriamo sottolineare che la trasmissione dei dati su Internet (ad esempio, quando si comunica via e-mail) pu\u00f2 essere soggetta a vulnerabilit\u00e0 di sicurezza. Una protezione completa dei dati contro l&#8217;accesso da parte di terzi non \u00e8 possibile. <\/p>\n\n\n\n<h3 class=\"wp-block-heading\">Nota sull&#8217;organo responsabile<\/h3>\n\n\n\n<p>Il responsabile del trattamento dei dati su questo sito web \u00e8<\/p>\n\n\n\n<p>certoplast Technische Klebeb\u00e4nder GmbH<\/p>\n\n\n\n<p>M\u00fcngstener Stra\u00dfe 10<\/p>\n\n\n\n<p>42285 Wuppertal<\/p>\n\n\n\n<p>Telefono: +49 (0) 202 &#8211; 25548-0<\/p>\n\n\n\n<p>E-mail: verkauf@certoplast.com<\/p>\n\n\n\n<p>Il responsabile del trattamento \u00e8 la persona fisica o giuridica che da sola o insieme ad altri determina le finalit\u00e0 e i mezzi del trattamento dei dati personali (ad esempio, nomi, indirizzi e-mail, ecc.).<\/p>\n\n\n\n<h3 class=\"wp-block-heading\">Revoca del suo consenso al trattamento dei dati<\/h3>\n\n\n\n<p>Molte operazioni di trattamento dei dati sono possibili solo con il suo consenso esplicito. Pu\u00f2 revocare in qualsiasi momento il consenso che ha gi\u00e0 dato. Tutto ci\u00f2 che deve fare \u00e8 inviarci un&#8217;e-mail informale. La legalit\u00e0 del trattamento dei dati effettuato fino alla revoca rimane inalterata dalla revoca stessa.   <\/p>\n\n\n\n<h3 class=\"wp-block-heading\">Diritto di presentare un reclamo all&#8217;autorit\u00e0 di vigilanza competente<\/h3>\n\n\n\n<p>In caso di violazione della legge sulla protezione dei dati, l&#8217;interessato ha il diritto di presentare un reclamo all&#8217;autorit\u00e0 di vigilanza competente. L&#8217;autorit\u00e0 di controllo competente per le questioni relative alla protezione dei dati \u00e8 il responsabile statale della protezione dei dati dello Stato federale in cui ha sede la nostra azienda. L&#8217;elenco dei responsabili della protezione dei dati e i loro dettagli di contatto sono disponibili al seguente link: <a href=\"https:\/\/www.bfdi.bund.de\/DE\/Infothek\/Anschriften_Links\/anschriften_links-node.html\" target=\"_blank\" rel=\"noreferrer noopener\">https:\/\/www.bfdi.bund.de\/DE\/Infothek\/Anschriften_Links\/anschriften_links-node.html.<\/a>  <\/p>\n\n\n\n<h3 class=\"wp-block-heading\">Crittografia SSL o TLS<\/h3>\n\n\n\n<p>Questo sito utilizza la crittografia SSL o TLS per motivi di sicurezza e per proteggere la trasmissione di contenuti riservati, come gli ordini o le richieste di informazioni che lei invia a noi in qualit\u00e0 di operatore del sito. Pu\u00f2 riconoscere una connessione crittografata dal fatto che la riga dell&#8217;indirizzo del browser cambia da &#8220;http:\/\/&#8221; a &#8220;https:\/\/&#8221; e dal simbolo del lucchetto nella riga del browser. <\/p>\n\n\n\n<p>Se la crittografia SSL o TLS \u00e8 attivata, i dati che ci trasmette non possono essere letti da terzi.<\/p>\n\n\n\n<h3 class=\"wp-block-heading\">Informazioni, blocco, cancellazione<\/h3>\n\n\n\n<p>Nell&#8217;ambito delle disposizioni di legge applicabili, ha il diritto di ottenere in qualsiasi momento informazioni gratuite sui suoi dati personali memorizzati, sulla loro origine e sul loro destinatario e sullo scopo del trattamento dei dati e, se necessario, il diritto alla correzione, al blocco o alla cancellazione di questi dati. Pu\u00f2 contattarci in qualsiasi momento all&#8217;indirizzo indicato nell&#8217;avviso legale se ha ulteriori domande sul tema dei dati personali. <\/p>\n\n\n\n<h2 class=\"wp-block-heading\">3. RESPONSABILE DELLA PROTEZIONE DEI DATI<\/h2>\n\n\n\n<h3 class=\"wp-block-heading\">Responsabile della protezione dei dati richiesto dalla legge<\/h3>\n\n\n\n<p>Abbiamo nominato un responsabile della protezione dei dati per la nostra azienda.<\/p>\n\n\n\n<p>Alfred Jurek<br\/>Chalonweg 22<br\/>42699 Solingen  <\/p>\n\n<\/div><\/div>\n\n<div class=\"gb-grid-column gb-grid-column-e4339366\"><div class=\"gb-container gb-container-e4339366\">\n\n<h2 class=\"wp-block-heading\">4. RACCOLTA DI DATI SUL NOSTRO SITO WEB<\/h2>\n\n\n\n<h3 class=\"wp-block-heading\">I biscotti<\/h3>\n\n\n\n<p>Alcune pagine Internet utilizzano i cosiddetti cookie. I cookie non danneggiano il suo computer e non contengono virus. I cookie vengono utilizzati per rendere il nostro sito web pi\u00f9 facile da usare, efficace e sicuro. I cookie sono piccoli file di testo che vengono memorizzati sul suo computer e salvati dal suo browser.   <\/p>\n\n\n\n<p>La maggior parte dei cookie che utilizziamo sono i cosiddetti &#8220;cookie di sessione&#8221;. Vengono cancellati automaticamente al termine della visita. Altri cookie rimangono memorizzati sul suo dispositivo finale finch\u00e9 non li cancella. Questi cookie ci consentono di riconoscere il suo browser alla visita successiva.   <\/p>\n\n\n\n<p>Pu\u00f2 impostare il suo browser in modo da essere informato sull&#8217;impostazione dei cookie e consentire i cookie solo in singoli casi, escludere l&#8217;accettazione dei cookie per determinati casi o in generale e attivare la cancellazione automatica dei cookie alla chiusura del browser. Se i cookie vengono disattivati, la funzionalit\u00e0 di questo sito web potrebbe essere limitata. <\/p>\n\n\n\n<p>I cookie necessari per eseguire il processo di comunicazione elettronica o per fornire determinate funzioni da lei richieste (ad esempio, la funzione carrello) vengono memorizzati sulla base dell&#8217;Art. 6 comma 1 lit. f GDPR. L&#8217;operatore del sito web ha un interesse legittimo nella memorizzazione dei cookie per la fornitura tecnicamente priva di errori e ottimizzata dei suoi servizi. Nella misura in cui vengono memorizzati altri cookie (ad esempio, cookie per l&#8217;analisi del suo comportamento di navigazione), questi sono trattati separatamente nella presente informativa sulla privacy.    <\/p>\n\n\n\n<h3 class=\"wp-block-heading\">File di log del server<\/h3>\n\n\n\n<p>Il fornitore delle pagine raccoglie e memorizza automaticamente le informazioni nei cosiddetti file di log del server, che il suo browser ci trasmette automaticamente. Questi sono <\/p>\n\n\n\n<ul class=\"wp-block-list\">\n<li>Tipo di browser e versione del browser<\/li>\n\n\n\n<li>Sistema operativo utilizzato<\/li>\n\n\n\n<li>URL di riferimento<\/li>\n\n\n\n<li>Nome host del computer di accesso<\/li>\n\n\n\n<li>Ora della richiesta del server<\/li>\n\n\n\n<li>Indirizzo IP<\/li>\n<\/ul>\n\n\n\n<p>Questi dati non vengono uniti ad altre fonti di dati.<\/p>\n\n\n\n<p>La base per il trattamento dei dati \u00e8 l&#8217;Art. 6 comma 1 lit. f GDPR, che consente il trattamento dei dati per l&#8217;adempimento di un contratto o di misure precontrattuali.  <\/p>\n\n\n\n<h3 class=\"wp-block-heading\">Modulo di contatto<\/h3>\n\n\n\n<p>Se ci invia richieste di informazioni tramite il modulo di contatto, i suoi dati dal modulo di richiesta, compresi i dati di contatto che ci fornisce, saranno conservati da noi allo scopo di elaborare la richiesta e in caso di domande successive. Non trasmetteremo questi dati senza il suo consenso. <\/p>\n\n\n\n<p>I dati inseriti nel modulo di contatto vengono pertanto elaborati esclusivamente sulla base del suo consenso (Art. 6 comma 1 lit. a GDPR). Pu\u00f2 revocare questo consenso in qualsiasi momento. Tutto ci\u00f2 che deve fare \u00e8 inviarci un&#8217;e-mail informale. La legalit\u00e0 delle operazioni di trattamento dei dati effettuate fino alla revoca rimane inalterata dalla revoca stessa.   <\/p>\n\n\n\n<p>Conserveremo i dati da lei forniti nel modulo di contatto fino a quando non ne richieder\u00e0 l&#8217;eliminazione, non revocher\u00e0 il suo consenso per la conservazione, o lo scopo per la conservazione non sar\u00e0 pi\u00f9 pertinente (ad esempio, dopo aver soddisfatto la sua richiesta). Le disposizioni di legge obbligatorie &#8211; in particolare i periodi di conservazione &#8211; rimangono inalterate. <\/p>\n\n\n\n<h2 class=\"wp-block-heading\">5. STRUMENTI DI ANALISI E PUBBLICIT\u00c0<\/h2>\n\n\n\n<h3 class=\"wp-block-heading\">Matomo (ex Piwik)<\/h3>\n\n\n\n<p>Questo sito web utilizza il servizio di analisi web open source Matomo. Matomo utilizza i cosiddetti &#8220;cookie&#8221;. Si tratta di file di testo che vengono memorizzati sul suo computer e che consentono di analizzare il suo utilizzo del sito web. A tal fine, le informazioni generate dal cookie sull&#8217;utilizzo di questo sito web vengono memorizzate sul nostro server. L&#8217;indirizzo IP viene anonimizzato prima di essere salvato.    <\/p>\n\n\n\n<p>I cookie Matomo rimangono sul suo dispositivo finale fino a quando non li cancella.<\/p>\n\n\n\n<p>I cookie Matomo vengono memorizzati sulla base dell&#8217;Art. 6 comma 1 lit. f GDPR. L&#8217;operatore del sito web ha un interesse legittimo nell&#8217;analisi anonima del comportamento degli utenti, al fine di ottimizzare il sito web e la pubblicit\u00e0.   <\/p>\n\n\n\n<p>Le informazioni generate dal cookie sull&#8217;utilizzo di questo sito web non vengono trasmesse a terzi. Pu\u00f2 rifiutare l&#8217;uso dei cookie selezionando le impostazioni appropriate sul suo browser, ma tenga presente che in tal caso potrebbe non essere in grado di utilizzare tutte le funzionalit\u00e0 di questo sito web. <\/p>\n\n\n\n<p>Se non \u00e8 d&#8217;accordo con la memorizzazione e l&#8217;utilizzo dei suoi dati, pu\u00f2 disattivare la memorizzazione e l&#8217;utilizzo qui. In questo caso, nel suo browser viene memorizzato un cookie di opt-out che impedisce a Matomo di memorizzare i dati di utilizzo. Se cancella i suoi cookie, anche il cookie di opt-out di Matomo verr\u00e0 cancellato. L&#8217;opt-out deve essere riattivato quando visita nuovamente il nostro sito.   <\/p>\n\n\n\n<figure class=\"wp-block-embed\"><div class=\"wp-block-embed__wrapper\">\nhttps:\/\/certoplast.com\/piwik\/index.php?module=CoreAdminHome&#038;action=optOut&#038;language=de\n<\/div><\/figure>\n\n\n\n<p><\/p>\n\n\n\n<h2 class=\"wp-block-heading\">6. PLUGIN E STRUMENTI<\/h2>\n\n\n\n<h3 class=\"wp-block-heading\">Google Web Fonts<\/h3>\n\n\n\n<p>Questo sito utilizza i cosiddetti web font forniti da Google per la visualizzazione standardizzata dei caratteri. Quando richiama una pagina, il suo browser carica i web font necessari nella cache del browser, al fine di visualizzare correttamente i testi e i font. <\/p>\n\n\n\n<p>A tal fine, il browser che sta utilizzando deve collegarsi ai server di Google. Questo informa Google che il nostro sito web \u00e8 stato visitato tramite il suo indirizzo IP. L&#8217;utilizzo di Google Web Fonts \u00e8 nell&#8217;interesse di una presentazione uniforme e accattivante delle nostre offerte online. Ci\u00f2 costituisce un interesse legittimo ai sensi dell&#8217;Art. 6 comma 1 lit. f GDPR.     <\/p>\n\n\n\n<p>Se il suo browser non supporta i font web, il suo computer utilizzer\u00e0 un font standard.<\/p>\n\n\n\n<p>Ulteriori informazioni su Google Web Fonts sono disponibili all&#8217;indirizzo <a href=\"https:\/\/developers.google.com\/fonts\/faq\" target=\"_blank\" rel=\"noreferrer noopener\">https:\/\/developers.google.com\/fonts\/faq<\/a> e nell&#8217;informativa sulla privacy di Google: <a href=\"https:\/\/www.google.com\/policies\/privacy\/\" target=\"_blank\" rel=\"noreferrer noopener\">https:\/\/www.google.com\/policies\/privacy\/<\/a>.<\/p>\n\n\n\n<h3 class=\"wp-block-heading\">Google Maps<\/h3>\n\n\n\n<p>Questo sito utilizza il servizio di mappe di Google Maps tramite un&#8217;API. Il fornitore \u00e8 Google LLC, 1600 Amphitheatre Parkway, Mountain View, CA 94043, USA. <\/p>\n\n\n\n<p>Per utilizzare le funzioni di Google Maps, \u00e8 necessario salvare il suo indirizzo IP. Queste informazioni vengono solitamente trasmesse a un server di Google negli Stati Uniti e l\u00ec memorizzate. Il fornitore di questo sito non ha alcuna influenza su questo trasferimento di dati.  <\/p>\n\n\n\n<p>L&#8217;uso di Google Maps \u00e8 nell&#8217;interesse di una presentazione accattivante delle nostre offerte online e per facilitare la ricerca dei luoghi da noi indicati sul sito web. Ci\u00f2 costituisce un interesse legittimo ai sensi dell&#8217;Art. 6 comma 1 lit. f GDPR.   <\/p>\n\n\n\n<p>Pu\u00f2 trovare maggiori informazioni sul trattamento dei dati degli utenti nell&#8217;informativa sulla privacy di Google: <a href=\"https:\/\/www.google.de\/intl\/de\/policies\/privacy\/\" target=\"_blank\" rel=\"noreferrer noopener\">https:\/\/www.google.de\/intl\/de\/policies\/privacy\/.<\/a><\/p>\n\n<\/div><\/div>\n<\/div>\n<\/div>\n<\/section>","protected":false},"excerpt":{"rendered":"","protected":false},"author":1,"featured_media":0,"parent":0,"menu_order":9,"comment_status":"closed","ping_status":"closed","template":"","meta":{"_acf_changed":false,"inline_featured_image":false,"footnotes":""},"class_list":["post-5267","page","type-page","status-publish"],"acf":[],"_links":{"self":[{"href":"https:\/\/certoplast.com\/it\/wp-json\/wp\/v2\/pages\/5267","targetHints":{"allow":["GET"]}}],"collection":[{"href":"https:\/\/certoplast.com\/it\/wp-json\/wp\/v2\/pages"}],"about":[{"href":"https:\/\/certoplast.com\/it\/wp-json\/wp\/v2\/types\/page"}],"author":[{"embeddable":true,"href":"https:\/\/certoplast.com\/it\/wp-json\/wp\/v2\/users\/1"}],"replies":[{"embeddable":true,"href":"https:\/\/certoplast.com\/it\/wp-json\/wp\/v2\/comments?post=5267"}],"version-history":[{"count":1,"href":"https:\/\/certoplast.com\/it\/wp-json\/wp\/v2\/pages\/5267\/revisions"}],"predecessor-version":[{"id":5268,"href":"https:\/\/certoplast.com\/it\/wp-json\/wp\/v2\/pages\/5267\/revisions\/5268"}],"wp:attachment":[{"href":"https:\/\/certoplast.com\/it\/wp-json\/wp\/v2\/media?parent=5267"}],"curies":[{"name":"wp","href":"https:\/\/api.w.org\/{rel}","templated":true}]}}