{"id":5282,"date":"2023-07-13T14:38:49","date_gmt":"2023-07-13T12:38:49","guid":{"rendered":"https:\/\/certoplast.com\/impronta\/"},"modified":"2025-04-07T11:21:08","modified_gmt":"2025-04-07T09:21:08","slug":"impronta","status":"publish","type":"page","link":"https:\/\/certoplast.com\/it\/impronta\/","title":{"rendered":"Impronta"},"content":{"rendered":"<section class=\"gb-container gb-container-e4a6c0a8 gb-container-default\">\n<div class=\"gb-container gb-container-c7df1ec9\">\n<div class=\"gb-grid-wrapper gb-grid-wrapper-6a48ed2e\">\n<div class=\"gb-grid-column gb-grid-column-6eb6a587\"><div class=\"gb-container gb-container-6eb6a587\">\n\n<div class=\"wp-block-pixel-headline headlines is-subheadline-bottom has-text-align-left\"><h1 class=\"headline\" style=\"color:\">Impronta<\/h1><\/div>\n\n\n\n<p>certoplast Technische Klebeb\u00e4nder GmbH<br\/>M\u00fcngstener Stra\u00dfe 10<br\/>42285 Wuppertal<br\/><br\/>Tribunale di Wuppertal HRB 76 71<br\/>Amministratori delegati: Dr Andreas Hohmann, Dr Ren\u00e9 Rambusch<br\/><br\/>Telefono: +49 202 255 48 0<br\/>Fax: +49 202 255 48 48<br\/>E-mail:  <a href='mailto:&#105;&#110;fo&#064;c&#101;r&#116;&#111;p&#108;&#097;s&#116;.&#099;&#111;&#109;' target='' rel=''>&#105;&#110;fo&#064;c&#101;r&#116;&#111;p&#108;&#097;s&#116;.&#099;&#111;&#109;<\/a><\/p>\n\n\n\n<p>Numero di identificazione dell&#8217;imposta sulle vendite:<br\/>DE121009174<\/p>\n\n\n\n<p><strong>Responsabile per il contenuto:<\/strong><br\/>Dr Ren\u00e9 Rambusch<br\/>certoplast Technische Klebeb\u00e4nder GmbH<br\/>M\u00fcngstener Stra\u00dfe 10<br\/>42285 Wuppertal<\/p>\n\n<\/div><\/div>\n\n<div class=\"gb-grid-column gb-grid-column-5fc1877e\"><div class=\"gb-container gb-container-5fc1877e\">\n\n<p><strong>Risoluzione delle controversie<br\/><\/strong>La Commissione europea mette a disposizione una piattaforma per la risoluzione delle controversie online (OS):<br\/><a href=\"https:\/\/ec.europa.eu\/consumers\/odr\" target=\"_blank\" rel=\"noreferrer noopener\">https:\/\/ec.europa.eu\/consumers\/odr<br\/><\/a>Il nostro indirizzo e-mail \u00e8 riportato sopra nell&#8217;avviso legale.<br\/>Non siamo disposti o obbligati a partecipare a procedure di risoluzione delle controversie davanti a un collegio arbitrale dei consumatori.<\/p>\n\n\n\n<p><strong>Responsabilit\u00e0 per i contenuti<\/strong><br\/>In qualit\u00e0 di fornitore di servizi, siamo responsabili dei nostri contenuti su queste pagine in conformit\u00e0 con la legislazione generale ai sensi dell&#8217;articolo 7 (1) DDG. Ai sensi dei \u00a7\u00a7 8-10 DDG, tuttavia, in qualit\u00e0 di fornitore di servizi non siamo obbligati a monitorare le informazioni di terzi trasmesse o memorizzate o a indagare su circostanze che indicano un&#8217;attivit\u00e0 illegale. Gli obblighi di rimuovere o bloccare l&#8217;uso delle informazioni in conformit\u00e0 alla legislazione generale rimangono inalterati. Tuttavia, la responsabilit\u00e0 in questo senso \u00e8 possibile solo a partire dal momento in cui si viene a conoscenza di una specifica violazione. Non appena verremo a conoscenza di tali violazioni, rimuoveremo immediatamente i contenuti.     <\/p>\n\n\n\n<p><strong>Responsabilit\u00e0 per i link<\/strong><br\/>Il nostro sito web contiene link a siti web esterni di terzi, sul cui contenuto non abbiamo alcuna influenza. Pertanto, non possiamo assumerci alcuna responsabilit\u00e0 per questi contenuti di terzi. Il rispettivo fornitore o gestore delle pagine \u00e8 sempre responsabile del contenuto delle pagine collegate. Le pagine collegate sono state controllate per verificare eventuali violazioni legali al momento del collegamento. I contenuti illegali non erano riconoscibili al momento del collegamento. Tuttavia, il monitoraggio permanente del contenuto delle pagine collegate non \u00e8 ragionevole in assenza di prove concrete di una violazione. Se veniamo a conoscenza di violazioni legali, rimuoveremo immediatamente tali link.      <\/p>\n\n\n\n<p><strong>Copyright<\/strong><br\/>I contenuti e le opere create dagli operatori del sito su queste pagine sono soggetti alla legge tedesca sul copyright. La duplicazione, l&#8217;elaborazione, la distribuzione e qualsiasi forma di commercializzazione di tale materiale al di fuori dell&#8217;ambito di applicazione della legge sul diritto d&#8217;autore richiede il previo consenso scritto del rispettivo autore o creatore. I download e le copie di questo sito sono consentiti solo per uso privato e non commerciale e, nella misura in cui il contenuto di questo sito non \u00e8 stato creato dall&#8217;operatore, vengono rispettati i diritti d&#8217;autore di terzi. In particolare, i contenuti di terzi sono contrassegnati come tali. Se tuttavia dovesse venire a conoscenza di una violazione del copyright, la preghiamo di informarci di conseguenza. Se veniamo a conoscenza di violazioni, rimuoveremo immediatamente tali contenuti.     <\/p>\n\n<\/div><\/div>\n<\/div>\n<\/div>\n<\/section>","protected":false},"excerpt":{"rendered":"","protected":false},"author":1,"featured_media":0,"parent":0,"menu_order":11,"comment_status":"closed","ping_status":"closed","template":"","meta":{"_acf_changed":false,"inline_featured_image":false,"footnotes":""},"class_list":["post-5282","page","type-page","status-publish"],"acf":[],"_links":{"self":[{"href":"https:\/\/certoplast.com\/it\/wp-json\/wp\/v2\/pages\/5282","targetHints":{"allow":["GET"]}}],"collection":[{"href":"https:\/\/certoplast.com\/it\/wp-json\/wp\/v2\/pages"}],"about":[{"href":"https:\/\/certoplast.com\/it\/wp-json\/wp\/v2\/types\/page"}],"author":[{"embeddable":true,"href":"https:\/\/certoplast.com\/it\/wp-json\/wp\/v2\/users\/1"}],"replies":[{"embeddable":true,"href":"https:\/\/certoplast.com\/it\/wp-json\/wp\/v2\/comments?post=5282"}],"version-history":[{"count":1,"href":"https:\/\/certoplast.com\/it\/wp-json\/wp\/v2\/pages\/5282\/revisions"}],"predecessor-version":[{"id":5283,"href":"https:\/\/certoplast.com\/it\/wp-json\/wp\/v2\/pages\/5282\/revisions\/5283"}],"wp:attachment":[{"href":"https:\/\/certoplast.com\/it\/wp-json\/wp\/v2\/media?parent=5282"}],"curies":[{"name":"wp","href":"https:\/\/api.w.org\/{rel}","templated":true}]}}