{"id":5510,"date":"2023-07-18T12:40:34","date_gmt":"2023-07-18T10:40:34","guid":{"rendered":"https:\/\/certoplast.com\/infopoint\/gtc\/"},"modified":"2025-04-07T11:21:52","modified_gmt":"2025-04-07T09:21:52","slug":"gtc","status":"publish","type":"page","link":"https:\/\/certoplast.com\/it\/infopoint\/gtc\/","title":{"rendered":"GTC"},"content":{"rendered":"\r\n\t\t\t       \r\n            \r\n            <div class=\"hero hero-95eb6e0f full\">\r\n\t\t\t\t\t\t\t\t<div class=\"acf-innerblocks-container\">\n\r\n\t\t\t       \r\n                    \r\n            <div class=\"hero-slide hero-slide-95b8f0de is-style-image\">\r\n\t\t\t\t<div class=\"hero-canvas\">\r\n\t\t\t\t\t<div class=\"hero-subheadline\">Termini e condizioni generali<\/div>\t\t\t\t\t<h1 class=\"hero-headline\">GTC<\/h1>\t\t\t\t<\/div>\r\n\t\t\t\t<div class=\"hero-media hero-media-image\"><img loading=\"lazy\" decoding=\"async\" width=\"1920\" height=\"519\" src=\"https:\/\/certoplast.com\/wp-content\/uploads\/certoplast-header-ueber-uns.jpg\" class=\"attachment-full size-full\" alt=\"\" srcset=\"https:\/\/certoplast.com\/wp-content\/uploads\/certoplast-header-ueber-uns.jpg 1920w, https:\/\/certoplast.com\/wp-content\/uploads\/certoplast-header-ueber-uns-300x81.jpg 300w, https:\/\/certoplast.com\/wp-content\/uploads\/certoplast-header-ueber-uns-1024x277.jpg 1024w, https:\/\/certoplast.com\/wp-content\/uploads\/certoplast-header-ueber-uns-768x208.jpg 768w, https:\/\/certoplast.com\/wp-content\/uploads\/certoplast-header-ueber-uns-1536x415.jpg 1536w, https:\/\/certoplast.com\/wp-content\/uploads\/certoplast-header-ueber-uns-800x216.jpg 800w\" sizes=\"auto, (max-width: 1920px) 100vw, 1920px\" \/><\/div>            <\/div>\r\n\t\t\t\t\r\n            \r\n\t\t\t\r\n        \r\n            \n<\/div>\r\n\t\t\t\t\t\t\t\t\r\n\t\t\t\t\t\t\t<\/div>\r\n\t\t\t\t\r\n\t\t\t\r\n\t\t\t        \r\n            <div class=\"gb-container gb-container-e4a6c0a8 gb-container-default\">\n<div class=\"gb-container gb-container-c7df1ec9\">\n<div class=\"gb-grid-wrapper gb-grid-wrapper-6a48ed2e\">\n<div class=\"gb-grid-column gb-grid-column-6eb6a587\"><div class=\"gb-container gb-container-6eb6a587\">\n\n<div class=\"wp-block-pixel-headline headlines is-subheadline-bottom has-text-align-left\"><h1 class=\"headline\" style=\"color:\">GTC<\/h1><\/div>\n\n<\/div><\/div>\n\n<div class=\"gb-grid-column gb-grid-column-fb3ab9d2\"><div class=\"gb-container gb-container-fb3ab9d2\" data-aos=\"fade-right\" data-aos-delay=\"250\">\n\n<p><strong>[Termini e condizioni generali]<\/strong><br\/><br\/>1 Le nostre offerte sono soggette a modifiche. La consegna e la fatturazione avverranno ai prezzi annunciati il giorno della spedizione o del ritiro della merce. Variazioni significative dei costi, in particolare delle materie prime, dei salari, dell&#8217;energia, ecc. ci autorizzano a richiedere un adeguamento dei prezzi e a recedere dal contratto in caso di mancata ricezione. Le spese di trasporto sono a carico del destinatario. Non \u00e8 previsto alcun compenso per l&#8217;auto-ritiro. Se viene prescritta una spedizione accelerata (trasporto aereo, trasporto espresso, espresso ecc.), il cliente dovr\u00e0 sostenere la differenza tra i costi di trasporto e le spese maggiori.     <br\/><br\/>2. la merce viaggia a rischio e pericolo del destinatario. Non forniamo assicurazioni. Se la merce \u00e8 pronta per la spedizione e la spedizione o l&#8217;accettazione viene ritardata per motivi a noi non imputabili, il rischio passer\u00e0 al cliente al momento del ricevimento della notifica di disponibilit\u00e0 alla spedizione. Abbiamo il diritto di richiedere il pagamento immediato e di depositare la merce presso un depositario o uno spedizioniere per conto e a rischio del cliente o di metterla all&#8217;asta.   <br\/><br\/>3. Il valore minimo dell&#8217;ordine netto \u00e8 di Euro 150,- all&#8217;interno della Repubblica Federale di Germania per la consegna in porto franco, per l&#8217;esportazione franco confine tedesco o FOB. Per ordini inferiori a 150,- Euro, applichiamo un supplemento per quantit\u00e0 minima di 12,50 Euro. Le quantit\u00e0 ordinate possono essere superate o ridotte fino al 10% nel caso di merci personalizzate.  <br\/><br\/>4 Se non diversamente concordato, l&#8217;imballaggio non sar\u00e0 addebitato. Gli imballaggi speciali (ad esempio casse, pallet in acciaio) saranno addebitati al prezzo di costo. Se la merce viene restituita in porto franco in condizioni utilizzabili, rimborseremo l&#8217;intero valore dei pallet in acciaio e 2\/3 del valore dell&#8217;importo addebitato per altri imballaggi speciali. Per i pallet in acciaio, addebitiamo una tariffa di noleggio di 3,07 euro a settimana o parte di essa dopo 4 settimane dalla data di spedizione.   <br\/><br\/>5. le date di consegna saranno stabilite in modo tale da poter essere rispettate con probabilit\u00e0. Le interruzioni delle operazioni, in particolare i casi di forza maggiore e altri eventi di disturbo che colpiscono noi, i nostri fornitori o le aziende di trasporto, come incendi, inondazioni, carenze di manodopera, di energia o di materie prime, scioperi, serrate, misure ufficiali, ci esonerano dall&#8217;obbligo di consegna puntuale per la durata dell&#8217;impedimento. Le richieste di risarcimento danni o altre richieste derivanti da consegne ritardate o cancellate sono escluse nella misura consentita dalla legge. Per tutti gli altri aspetti, il cliente conserva il diritto di recesso previsto dalla legge. Nel caso di contratti il cui adempimento consiste in diverse consegne, il mancato, difettoso o ritardato adempimento di una consegna non avr\u00e0 alcuna influenza sulle altre consegne del contratto.    <br\/><br\/>6. la restituzione della merce venduta \u00e8 generalmente esclusa. Se, in via eccezionale, vengono ritirati beni in perfetto stato e non obsoleti, ci\u00f2 avverr\u00e0 al prezzo netto del giorno della consegna, a meno che il prezzo netto del giorno della restituzione non sia inferiore. In questo caso, si applicher\u00e0 quest&#8217;ultimo. I costi di trasporto sostenuti saranno a carico del cliente. Quanto sopra non si applicher\u00e0 in caso di esercizio della riserva di propriet\u00e0.<br\/>7. L&#8217;apertura di una procedura di fallimento o di concordato, la presentazione di una dichiarazione giurata, l&#8217;insorgere di difficolt\u00e0 di pagamento o la scoperta di un significativo deterioramento delle condizioni finanziarie del cliente ci autorizzeranno a sospendere immediatamente le consegne e a rifiutare l&#8217;esecuzione dei contratti in corso.    <br\/><br\/>8. Ci riserviamo il diritto di propriet\u00e0 e di copyright su stime dei costi, bozze, disegni e altri documenti; essi possono essere resi accessibili a terzi solo con il nostro consenso. I disegni e gli altri documenti appartenenti alle offerte devono essere restituiti su richiesta e in ogni caso se non viene effettuato un ordine con noi. Se forniamo articoli in base a disegni, modelli, campioni o altri documenti forniti dal cliente, quest&#8217;ultimo deve garantire che non vengano violati i diritti di propriet\u00e0 industriale di terzi. Se i terzi ci vietano, in particolare, di produrre e consegnare tali articoli in riferimento ai diritti di propriet\u00e0 industriale, avremo il diritto &#8211; senza alcun obbligo di esaminare la situazione legale &#8211; di cessare ogni ulteriore attivit\u00e0 a tale riguardo e di chiedere un risarcimento. Il cliente si impegna a risarcirci immediatamente da tutte le rivendicazioni di terzi in relazione a ci\u00f2.    <br\/><br\/>9. Le parti fornite dal cliente per l&#8217;esecuzione dell&#8217;ordine (ad esempio, parti in metallo o plastica) devono essere consegnate da lui in tempo utile e in perfetto stato, gratuitamente, con una quantit\u00e0 in eccesso concordata per qualsiasi esclusione, altrimenti avremo il diritto, a nostra discrezione, di non iniziare o interrompere la produzione e di fatturare i costi sostenuti. Ci\u00f2 non pregiudica il nostro diritto al risarcimento. <br\/><br\/>10. Le parti di prova necessarie per il collaudo saranno fatturate in aggiunta ai costi sostenuti, in particolare per gli stampi, gli strumenti e le attrezzature. Se gli stampi, gli utensili e le attrezzature sono acquistati da noi per la produzione o prodotti sotto la nostra direzione, fattureremo i relativi costi come parte dei costi di produzione. In entrambi i casi, gli stampi, gli strumenti e le attrezzature rimarranno di nostra propriet\u00e0. Eventuali accordi di ammortamento si riferiscono a una durata massima di 3 anni. Qualsiasi servizio per stampi, strumenti e attrezzature non reso dopo questo periodo sar\u00e0 liquidato in contanti.    <\/p>\n\n\n\n<p><strong>[B. Conservazione del titolo]<\/strong> <\/p>\n\n\n\n<p>1a) Ci riserviamo la propriet\u00e0 di tutte le merci da noi consegnate fino a quando non saranno soddisfatte tutte le richieste, comprese quelle condizionali e future, che abbiamo nei confronti del cliente a causa del rispettivo rapporto commerciale (\u00a7\u00a7 362 e seguenti del BGB). I pagamenti in contanti, gli assegni e i bonifici bancari effettuati in cambio dell&#8217;invio da parte del cliente di una cambiale emessa da noi, saranno considerati come adempimento solo quando la cambiale sar\u00e0 stata incassata dal beneficiario e noi saremo quindi sollevati dalla responsabilit\u00e0 per la cambiale. <\/p>\n\n\n\n<p>b) L&#8217;affermazione della riserva di propriet\u00e0, in particolare attraverso il ritiro della merce, che \u00e8 consentita in caso di mancato pagamento o di messa in pericolo del nostro diritto di propriet\u00e0, non sar\u00e0 considerata un recesso dal contratto.<\/p>\n\n\n\n<p>c) Nonostante l&#8217;obbligo di pagamento del cliente, avremo il diritto di vendere la merce restituita<br\/>aa) sul mercato aperto e di accreditare il ricavato o<br\/>bb) al prezzo del contratto &#8211; al netto di tutti i bonus, sconti e altre riduzioni concesse e deducendo una riduzione del 20% del valore (prezzo base del contratto).<\/p>\n\n\n\n<p>d) Il cliente \u00e8 tenuto a comunicarci immediatamente qualsiasi sequestro o qualsiasi altra compromissione dei nostri diritti di propriet\u00e0 da parte di terzi e a confermare il diritto di propriet\u00e0 a terzi e a noi per iscritto. Al cliente \u00e8 vietato dare in pegno o trasferire a titolo di garanzia la merce consegnata con riserva di propriet\u00e0. <\/p>\n\n\n\n<p>e) \u00c8 esclusa l&#8217;acquisizione della propriet\u00e0 della merce riservata da parte del cliente ai sensi del \u00a7 950 BGB nel caso in cui la merce riservata venga trasformata in un nuovo articolo. Il trattamento e l&#8217;elaborazione saranno eseguiti dal cliente per nostro conto, senza che sorga alcun obbligo per noi. La merce trattata o elaborata funger\u00e0 da nostra garanzia. In caso di combinazione, miscelazione o unione con altre merci non appartenenti a noi (\u00a7 947, 948 BGB), avremo diritto alla compropriet\u00e0 del nuovo articolo nel rapporto tra il valore della merce riservata utilizzata per l&#8217;articolo fabbricato e il totale di tutti i valori di fattura delle altre merci utilizzate nella fabbricazione. Se il cliente acquisisce la propriet\u00e0 esclusiva del nuovo articolo, le parti contraenti concordano che il cliente ci conceder\u00e0 la compropriet\u00e0 del nuovo articolo in proporzione al valore della merce riservata lavorata o combinata, mista o miscelata. Il nuovo articolo risultante sar\u00e0 considerato merce riservata ai sensi dei presenti termini e condizioni. Il cliente li conserver\u00e0 per noi con la dovuta cura commerciale e si impegna a fornirci le informazioni necessarie per l&#8217;esercizio dei nostri diritti e a concederci l&#8217;accesso ai suoi documenti a tale riguardo.       <\/p>\n\n\n\n<p>f) Il cliente deve assicurare adeguatamente la merce riservata, in particolare contro l&#8217;incendio e il furto. I crediti nei confronti della compagnia di assicurazione derivanti da un reclamo relativo alla merce soggetta a riserva di propriet\u00e0 sono assegnati a noi per un importo pari al valore della merce soggetta a riserva di propriet\u00e0. Il cliente deve informare la compagnia assicurativa della cessione del credito.  <\/p>\n\n\n\n<p>2a) I crediti del cliente derivanti dalla rivendita della merce riservata ci vengono ceduti con tutti i diritti accessori, indipendentemente dal fatto che la merce riservata venga rivenduta senza o dopo lavorazione, trattamento, combinazione o miscelazione e che venga rivenduta a uno o pi\u00f9 clienti. Se il credito ceduto nei confronti del terzo debitore \u00e8 stato incluso in un conto corrente, la cessione concordata si riferir\u00e0 anche ai crediti del conto corrente. I crediti ceduti servono a garantire tutti i nostri diritti e crediti in conformit\u00e0 con il punto B.1.a).  <\/p>\n\n\n\n<p><\/p>\n\n<\/div><\/div>\n\n<div class=\"gb-grid-column gb-grid-column-53e7a571\"><div class=\"gb-container gb-container-53e7a571\" data-aos=\"fade-left\" data-aos-delay=\"250\">\n\n<p>b) Nel caso in cui la merce riservata venga venduta dall&#8217;Acquirente insieme ad altra merce non di nostra propriet\u00e0, senza o dopo combinazione, miscelazione, trattamento o trasformazione, si riterr\u00e0 concordata la cessione della richiesta di prezzo d&#8217;acquisto ai sensi del punto B.2.a) per l&#8217;importo del prezzo contrattuale della merce riservata pi\u00f9 il 20 %, che verr\u00e0 compensato con gli interessi e le spese dopo il ricevimento dell&#8217;importo, con conseguente rimborso dell&#8217;importo in eccesso non utilizzato.<\/p>\n\n\n\n<p>c) Se la merce riservata viene utilizzata dal cliente per adempiere a un contratto di lavoro e servizi o a un contratto di lavoro e materiali, il credito derivante dal contratto di lavoro e servizi o dal contratto di lavoro e materiali ci verr\u00e0 ceduto in anticipo nella stessa misura specificata al punto B.2.a) e b). <\/p>\n\n\n\n<p>d) Il cliente ha il diritto e l&#8217;autorizzazione a rivendere o utilizzare in altro modo la merce soggetta a riserva di propriet\u00e0 solo a condizione che i diritti specificati al punto B.2.a) &#8211; c) siano trasferiti a noi. Non \u00e8 autorizzato a disporre della merce soggetta a riserva di propriet\u00e0 in alcun altro modo.  <\/p>\n\n\n\n<p>e) Il cliente \u00e8 autorizzato a riscuotere i crediti derivanti dalla rivendita nonostante la cessione. La nostra autorit\u00e0 di riscossione non sar\u00e0 influenzata dall&#8217;autorizzazione del cliente a riscuotere. Tuttavia, non riscuoteremo noi stessi i crediti finch\u00e9 il cliente non adempie regolarmente ai suoi obblighi di pagamento. Su nostra richiesta, deve informarci sui debitori dei crediti ceduti, fornire le informazioni e i documenti necessari e notificare ai debitori la cessione.   <\/p>\n\n\n\n<p>f) Nei casi di cui al punto A.7., l&#8217;autorizzazione del cliente a rivendere la merce riservata e a riscuotere i crediti a noi assegnati decade. <\/p>\n\n\n\n<p>3.a) La riserva di propriet\u00e0 in conformit\u00e0 alle disposizioni di cui sopra rester\u00e0 in vigore anche nel caso in cui singoli nostri crediti siano inclusi in un conto corrente e il saldo sia stato effettuato e riconosciuto.<\/p>\n\n\n\n<p>b) La riserva di propriet\u00e0 in conformit\u00e0 alle disposizioni di cui sopra scadr\u00e0 quando tutte le richieste elencate sopra al punto B.1a) saranno state soddisfatte. La propriet\u00e0 della merce soggetta a riserva di propriet\u00e0 passer\u00e0 quindi al cliente e i crediti ceduti matureranno a favore del cliente. <\/p>\n\n\n\n<p>4. Se il valore di tutti i titoli esistenti per noi supera i nostri crediti<br\/>in totale di oltre il 20%, siamo obbligati a rilasciare titoli di nostra scelta su richiesta del cliente.<\/p>\n\n\n\n<p><\/p>\n\n\n\n<p><strong>[C. Condizioni di pagamento]<\/strong><\/p>\n\n\n\n<p>1. Se non diversamente concordato espressamente per iscritto, tutte le fatture sono pagabili entro 14 giorni dalla data della fattura con uno sconto del 2%, entro 30 giorni netti.<\/p>\n\n\n\n<p>2 Le nostre fatture devono essere pagate senza spese di spedizione. La data della fattura coincide con la data di spedizione. <\/p>\n\n\n\n<p>3. Il conto in contanti sar\u00e0 concesso solo se tutti gli obblighi di pagamento dovuti per le consegne precedenti sono stati adempiuti e l&#8217;importo della fattura \u00e8 stato da noi ricevuto in contanti o accreditato sul nostro conto puntualmente entro le date di scadenza summenzionate. La consegna di cambiali non pu\u00f2 quindi portare alla concessione di un conto in contanti. In caso di pagamento senza contanti, in particolare anche in caso di assegni, il momento dell&#8217;accredito sar\u00e0 in ogni caso decisivo. Non possono essere concessi sconti in contanti per pagamenti o note di credito soggetti a riserve, condizioni o altre restrizioni. Il rischio del metodo di pagamento \u00e8 a carico del cliente.    <\/p>\n\n\n\n<p>4. L&#8217;accredito di cambiali e assegni \u00e8 subordinato alla corretta ricezione dell&#8217;intero importo. Ci riserviamo il diritto di accettare cambiali di terzi o nostre. I costi e le spese di sconto sono a carico del cliente. Non ci assumiamo alcuna responsabilit\u00e0 per la presentazione e il protesto. Se le cambiali del cliente vengono protestate o se le cambiali di terzi protestate non vengono coperte immediatamente, saremo autorizzati a restituire tutte le cambiali ancora in sospeso. Allo stesso tempo, tutti i nostri crediti diventeranno esigibili. Non saranno accettati assegni precedenti.      <\/p>\n\n\n\n<p>5. dopo la scadenza del termine, avremo il diritto di addebitare gli interessi di mora a un tasso del 4 % superiore al rispettivo tasso di sconto della Deutsche Bundesbank. Il nostro diritto di richiedere un risarcimento per inadempienza rimane inalterato. <\/p>\n\n\n\n<p>6. ci riserviamo il diritto di annullare la concessione del credito in qualsiasi momento, anche se ci\u00f2 comporta la concessione di termini di pagamento nell&#8217;ambito dei presenti termini e condizioni. Abbiamo inoltre il diritto di richiedere in qualsiasi momento una garanzia sufficiente per un credito esistente, a nostra discrezione. Se la nostra richiesta non viene accolta, tutti i nostri crediti diventeranno immediatamente esigibili.  <\/p>\n\n\n\n<p>7 Non paghiamo interessi sui pagamenti anticipati o rateali.<\/p>\n\n\n\n<p>8. Il cliente avr\u00e0 il diritto di compensare o trattenere i pagamenti solo se la sua contropretesa \u00e8 incontestata o \u00e8 stata riconosciuta da una sentenza dichiarativa. Le detrazioni che non sono state espressamente concordate non saranno riconosciute. <\/p>\n\n\n\n<p>9. il diritto al pagamento o alla compensazione di un bonus concordato sussiste solo se il cliente ci ha pagato tutti i crediti su cui si basa il calcolo del bonus.<\/p>\n\n\n\n<p><strong>[D. Condizioni di responsabilit\u00e0]<\/strong><\/p>\n\n\n\n<p>1. forniamo una garanzia per i prodotti da noi forniti solo in conformit\u00e0 alle seguenti disposizioni:<\/p>\n\n\n\n<p>a) Per i difetti non trascurabili rispondiamo a nostra discrezione mediante riparazione o sostituzione. La richiesta di annullamento o riduzione \u00e8 concessa solo se, secondo la nostra decisione, la riparazione o la consegna sostitutiva non pu\u00f2 essere effettuata o non \u00e8 stata rispettata la scadenza prevista. Se la riparazione o la consegna sostitutiva fallisce o se mancano le caratteristiche garantite, il cliente pu\u00f2 richiedere una riduzione del pagamento o, a sua discrezione, la cancellazione del contratto. Ulteriori richieste, in particolare richieste di risarcimento danni di qualsiasi tipo, sono escluse nella misura consentita dalla legge. Nella misura in cui forniamo una sostituzione in qualsiasi forma, in tutto o in parte, la merce rifiutata diventa di nostra propriet\u00e0.<br\/>b) Le informazioni tecniche da noi fornite in merito all&#8217;oggetto della prestazione, all&#8217;uso previsto, ecc. (es. dimensioni, pesi, durezza, valore d&#8217;uso) si riferiscono al carattere e al tipo approssimativo della merce. Sono descrizioni e non caratteristiche garantite. Le deviazioni dai campioni o dalle consegne precedenti sono evitate per quanto tecnicamente possibile. Solo le deviazioni significative giustificano una richiesta di garanzia in conformit\u00e0 al punto D.1.a). La produzione e la consegna vengono generalmente effettuate nell&#8217;ambito delle deviazioni consentite dalla norma DIN 40631. Saremo vincolati a deviazioni al di sotto delle tolleranze consentite da questo standard solo se lo avremo espressamente confermato per iscritto.<br\/>c) Un difetto per il quale siamo responsabili non sussiste in caso di usura naturale, danni causati da manipolazione impropria, stoccaggio inadeguato o se il difetto \u00e8 dovuto a un uso speciale della merce non notificatoci per iscritto al momento della conclusione del contratto.<br\/>d) I reclami di qualsiasi tipo devono essere presentati entro 10 giorni dal ricevimento della merce, in caso di difetti nascosti entro 10 giorni dalla scoperta. La merce deve esserci restituita in porto franco a Wuppertal, a meno che non rinunciamo espressamente a questo diritto.<br\/>e) Non viene fornita alcuna garanzia per le merci secondarie o in lotti.          <\/p>\n\n\n\n<p>2. in conformit\u00e0 a una prassi consolidata del nostro settore industriale, le richieste di risarcimento danni di qualsiasi tipo e per qualsiasi motivo legale, anche per culpa in contrahendo, per violazione positiva del contratto e per azione non autorizzata ai sensi dei \u00a7\u00a7 823 e segg. BGB (Codice Civile Tedesco) nei confronti di noi, dei nostri agenti vicari e delle persone ausiliarie, sono esclusi nella misura consentita dalla legge. Questa disposizione di responsabilit\u00e0 si applica anche ai nostri consigli forniti verbalmente, per iscritto, tramite test o in qualsiasi altro modo; in particolare, il cliente non \u00e8 esonerato dal verificare personalmente l&#8217;idoneit\u00e0 all&#8217;uso previsto.  <\/p>\n\n\n\n<p><strong>[E. Luogo di adempimento, luogo di giurisdizione, altri accordi]<\/strong><\/p>\n\n\n\n<p>1. Il luogo di adempimento e la giurisdizione per tutti i reclami derivanti dal rapporto commerciale, in particolare dalle nostre consegne, \u00e8 Wuppertal. Questo foro competente si applica anche alle controversie relative alla formazione e alla validit\u00e0 del rapporto contrattuale. A nostra discrezione, avremo anche il diritto di adire i tribunali competenti per la sede legale del cliente. Si applicher\u00e0 esclusivamente il diritto della Repubblica Federale di Germania, ad esclusione delle Leggi Uniformi sulla Vendita Internazionale di Beni.   <\/p>\n\n\n\n<p>2 I nostri termini e condizioni, che costituiscono la base di tutti gli accordi e le offerte, si considerano riconosciuti con l&#8217;invio di un ordine o l&#8217;accettazione della consegna. Possono essere modificati da noi in qualsiasi momento. Eventuali termini e condizioni contrari saranno invalidi, anche se non espressamente contestati da noi; si applicheranno solo se riconosciuti da noi per iscritto nei singoli casi. L&#8217;invalidit\u00e0 di singole disposizioni non pregiudica la validit\u00e0 delle restanti disposizioni di questi termini e condizioni.   <\/p>\n\n\n\n<p>3. Gli accordi telefonici o verbali richiedono una conferma scritta per essere legalmente efficaci.<\/p>\n\n\n\n<p>Stato giugno 2002<\/p>\n\n<\/div><\/div>\n<\/div>\n<\/div>\n<\/div><div class=\"gb-container gb-container-0fd22b23 gb-container-default\">\n<div class=\"gb-container gb-container-b966a2c2\">\n<div class=\"gb-grid-wrapper gb-grid-wrapper-04495606\"><\/div>\n<\/div>\n<\/div>","protected":false},"excerpt":{"rendered":"","protected":false},"author":1,"featured_media":4937,"parent":5187,"menu_order":9,"comment_status":"closed","ping_status":"closed","template":"","meta":{"_acf_changed":false,"inline_featured_image":false,"footnotes":""},"class_list":["post-5510","page","type-page","status-publish","has-post-thumbnail"],"acf":[],"_links":{"self":[{"href":"https:\/\/certoplast.com\/it\/wp-json\/wp\/v2\/pages\/5510","targetHints":{"allow":["GET"]}}],"collection":[{"href":"https:\/\/certoplast.com\/it\/wp-json\/wp\/v2\/pages"}],"about":[{"href":"https:\/\/certoplast.com\/it\/wp-json\/wp\/v2\/types\/page"}],"author":[{"embeddable":true,"href":"https:\/\/certoplast.com\/it\/wp-json\/wp\/v2\/users\/1"}],"replies":[{"embeddable":true,"href":"https:\/\/certoplast.com\/it\/wp-json\/wp\/v2\/comments?post=5510"}],"version-history":[{"count":1,"href":"https:\/\/certoplast.com\/it\/wp-json\/wp\/v2\/pages\/5510\/revisions"}],"predecessor-version":[{"id":5511,"href":"https:\/\/certoplast.com\/it\/wp-json\/wp\/v2\/pages\/5510\/revisions\/5511"}],"up":[{"embeddable":true,"href":"https:\/\/certoplast.com\/it\/wp-json\/wp\/v2\/pages\/5187"}],"wp:featuredmedia":[{"embeddable":true,"href":"https:\/\/certoplast.com\/it\/wp-json\/wp\/v2\/media\/4937"}],"wp:attachment":[{"href":"https:\/\/certoplast.com\/it\/wp-json\/wp\/v2\/media?parent=5510"}],"curies":[{"name":"wp","href":"https:\/\/api.w.org\/{rel}","templated":true}]}}