{"id":5663,"date":"2023-06-22T11:15:27","date_gmt":"2023-06-22T09:15:27","guid":{"rendered":"https:\/\/certoplast.com\/casa\/"},"modified":"2025-07-30T08:19:37","modified_gmt":"2025-07-30T06:19:37","slug":"casa","status":"publish","type":"page","link":"https:\/\/certoplast.com\/it\/","title":{"rendered":"Casa"},"content":{"rendered":"\r\n\t\t\t       \r\n            \r\n            <div class=\"hero hero-0cb3cf60 full\">\r\n\t\t\t\t<div class=\"hero-slides\">\t\t\t\t<div class=\"acf-innerblocks-container\">\n\r\n\t\t\t       \r\n                    \r\n            <div class=\"hero-slide hero-slide-4b6f7b6a is-style-image\">\r\n\t\t\t\t<div class=\"hero-canvas\">\r\n\t\t\t\t\t<div class=\"hero-subheadline\">PRODOTTI HIGH-TECH PER L&#8217;INDUSTRIA AUTOMOBILISTICA<\/div>\t\t\t\t\t<h1 class=\"hero-headline\">Automotive<\/h1>\t\t\t\t<\/div>\r\n\t\t\t\t<div class=\"hero-media hero-media-image\"><img loading=\"lazy\" decoding=\"async\" width=\"1920\" height=\"519\" src=\"https:\/\/certoplast.com\/wp-content\/uploads\/certoplast-header-automotive.jpg\" class=\"attachment-full size-full\" alt=\"\" srcset=\"https:\/\/certoplast.com\/wp-content\/uploads\/certoplast-header-automotive.jpg 1920w, https:\/\/certoplast.com\/wp-content\/uploads\/certoplast-header-automotive-300x81.jpg 300w, https:\/\/certoplast.com\/wp-content\/uploads\/certoplast-header-automotive-1024x277.jpg 1024w, https:\/\/certoplast.com\/wp-content\/uploads\/certoplast-header-automotive-768x208.jpg 768w, https:\/\/certoplast.com\/wp-content\/uploads\/certoplast-header-automotive-1536x415.jpg 1536w, https:\/\/certoplast.com\/wp-content\/uploads\/certoplast-header-automotive-800x216.jpg 800w\" sizes=\"auto, (max-width: 1920px) 100vw, 1920px\" \/><\/div>            <\/div>\r\n\t\t\t\t\r\n            \r\n\t\t\t\r\n        \r\n            \n\n\r\n\t\t\t       \r\n                    \r\n            <div class=\"hero-slide hero-slide-95621684 is-style-image\">\r\n\t\t\t\t<div class=\"hero-canvas\">\r\n\t\t\t\t\t<div class=\"hero-subheadline\">PER LAVORI DI ISOLAMENTO E RIPARAZIONI STANDARD<\/div>\t\t\t\t\t<h1 class=\"hero-headline\">Ingegneria elettrica<\/h1>\t\t\t\t<\/div>\r\n\t\t\t\t<div class=\"hero-media hero-media-image\"><img loading=\"lazy\" decoding=\"async\" width=\"1920\" height=\"519\" src=\"https:\/\/certoplast.com\/wp-content\/uploads\/certoplast-header-home.jpg\" class=\"attachment-full size-full\" alt=\"\" srcset=\"https:\/\/certoplast.com\/wp-content\/uploads\/certoplast-header-home.jpg 1920w, https:\/\/certoplast.com\/wp-content\/uploads\/certoplast-header-home-300x81.jpg 300w, https:\/\/certoplast.com\/wp-content\/uploads\/certoplast-header-home-1024x277.jpg 1024w, https:\/\/certoplast.com\/wp-content\/uploads\/certoplast-header-home-768x208.jpg 768w, https:\/\/certoplast.com\/wp-content\/uploads\/certoplast-header-home-1536x415.jpg 1536w, https:\/\/certoplast.com\/wp-content\/uploads\/certoplast-header-home-800x216.jpg 800w\" sizes=\"auto, (max-width: 1920px) 100vw, 1920px\" \/><\/div>            <\/div>\r\n\t\t\t\t\r\n            \r\n\t\t\t\r\n        \r\n            \n\n\r\n\t\t\t       \r\n                    \r\n            <div class=\"hero-slide hero-slide-06e4e881 is-style-image\">\r\n\t\t\t\t<div class=\"hero-canvas\">\r\n\t\t\t\t\t<div class=\"hero-subheadline\">SI ADATTA PERFETTAMENTE A DIVERSI SUBSTRATI<\/div>\t\t\t\t\t<h1 class=\"hero-headline\">Isolamento commercio e costruzione<\/h1>\t\t\t\t<\/div>\r\n\t\t\t\t<div class=\"hero-media hero-media-image\"><img loading=\"lazy\" decoding=\"async\" width=\"1920\" height=\"519\" src=\"https:\/\/certoplast.com\/wp-content\/uploads\/certoplast-header-gewebebaender.jpg\" class=\"attachment-full size-full\" alt=\"\" srcset=\"https:\/\/certoplast.com\/wp-content\/uploads\/certoplast-header-gewebebaender.jpg 1920w, https:\/\/certoplast.com\/wp-content\/uploads\/certoplast-header-gewebebaender-300x81.jpg 300w, https:\/\/certoplast.com\/wp-content\/uploads\/certoplast-header-gewebebaender-1024x277.jpg 1024w, https:\/\/certoplast.com\/wp-content\/uploads\/certoplast-header-gewebebaender-768x208.jpg 768w, https:\/\/certoplast.com\/wp-content\/uploads\/certoplast-header-gewebebaender-1536x415.jpg 1536w, https:\/\/certoplast.com\/wp-content\/uploads\/certoplast-header-gewebebaender-800x216.jpg 800w\" sizes=\"auto, (max-width: 1920px) 100vw, 1920px\" \/><\/div>            <\/div>\r\n\t\t\t\t\r\n            \r\n\t\t\t\r\n        \r\n            \n\n\r\n\t\t\t       \r\n                    \r\n            <div class=\"hero-slide hero-slide-c3edf892 is-style-image\">\r\n\t\t\t\t<div class=\"hero-canvas\">\r\n\t\t\t\t\t<div class=\"hero-subheadline\">PER QUASI TUTTE LE APPLICAZIONI<\/div>\t\t\t\t\t<h1 class=\"hero-headline\">Altre applicazioni<\/h1>\t\t\t\t<\/div>\r\n\t\t\t\t<div class=\"hero-media hero-media-image\"><img loading=\"lazy\" decoding=\"async\" width=\"1920\" height=\"519\" src=\"https:\/\/certoplast.com\/wp-content\/uploads\/certoplast-header-sonstiges.jpg\" class=\"attachment-full size-full\" alt=\"\" srcset=\"https:\/\/certoplast.com\/wp-content\/uploads\/certoplast-header-sonstiges.jpg 1920w, https:\/\/certoplast.com\/wp-content\/uploads\/certoplast-header-sonstiges-300x81.jpg 300w, https:\/\/certoplast.com\/wp-content\/uploads\/certoplast-header-sonstiges-1024x277.jpg 1024w, https:\/\/certoplast.com\/wp-content\/uploads\/certoplast-header-sonstiges-768x208.jpg 768w, https:\/\/certoplast.com\/wp-content\/uploads\/certoplast-header-sonstiges-1536x415.jpg 1536w, https:\/\/certoplast.com\/wp-content\/uploads\/certoplast-header-sonstiges-800x216.jpg 800w\" sizes=\"auto, (max-width: 1920px) 100vw, 1920px\" \/><\/div>            <\/div>\r\n\t\t\t\t\r\n            \r\n\t\t\t\r\n        \r\n            \n<\/div>\r\n\t\t\t\t<\/div>\t\t\t\t\r\n\t\t\t\t\t\t\t<\/div>\r\n\t\t\t\t\r\n\t\t\t\r\n\t\t\t        \r\n            <div class=\"gb-container gb-container-72245149 gb-container-default\">\n<div class=\"gb-container gb-container-7093c9ee\">\n<div class=\"gb-grid-wrapper gb-grid-wrapper-27593ab5\">\n<div class=\"gb-grid-column gb-grid-column-6564180a\"><div class=\"gb-container gb-container-6564180a\" data-aos=\"fade-right\" data-aos-delay=\"250\">\n\n<div class=\"wp-block-pixel-headline headlines is-subheadline-top has-text-align-left\"><h1 class=\"headline is-h1\" style=\"color:\">Nastri adesivi tecnici <strong>con tradizione<\/strong><\/h1><\/div>\n\n\n\n<p>In qualit\u00e0 di produttore di nastri adesivi tecnici, la societ\u00e0 certoplast Technische Klebeb\u00e4nder GmbH pu\u00f2 contare su quasi 100 anni di esperienza nella produzione di Band. L&#8217;azienda certoplast \u00e8 stata fondata nel 1991 dall&#8217;ex divisione nastri adesivi di Vorwerk &amp; Sohn e da allora si \u00e8 affermata sul mercato internazionale nelle aree principali dell&#8217;automotive, dell&#8217;industria elettrica e della tecnologia di isolamento. <\/p>\n\n\n\n<a class=\"gb-button gb-button-0af38c6c gb-button-text\" href=\"https:\/\/certoplast.com\/it\/lazienda\/chi-siamo\/\">Per saperne di pi\u00f9<\/a>\n\n<\/div><\/div>\n\n<div class=\"gb-grid-column gb-grid-column-89be0c4b\"><div class=\"gb-container gb-container-89be0c4b\" data-aos=\"fade-left\" data-aos-delay=\"250\">\n<div class=\"wp-block-image\">\n<figure class=\"alignright size-full\"><img loading=\"lazy\" decoding=\"async\" width=\"574\" height=\"351\" src=\"https:\/\/certoplast.com\/wp-content\/uploads\/technische-klebebaender-mit-tradition.jpg\" alt=\"\" class=\"wp-image-384\" srcset=\"https:\/\/certoplast.com\/wp-content\/uploads\/technische-klebebaender-mit-tradition.jpg 574w, https:\/\/certoplast.com\/wp-content\/uploads\/technische-klebebaender-mit-tradition-300x183.jpg 300w\" sizes=\"auto, (max-width: 574px) 100vw, 574px\" \/><\/figure>\n<\/div>\n<\/div><\/div>\n<\/div>\n<\/div>\n<\/div><div class=\"gb-container gb-container-a00cfd64 gb-container-gray\">\n<div class=\"gb-container gb-container-a72eb151\" data-aos=\"fade-right\" data-aos-delay=\"250\">\n\n<div class=\"wp-block-pixel-headline headlines is-subheadline-bottom has-text-align-left\"><h2 class=\"headline is-h1\" style=\"color:\">La nostra <strong>gamma di prodotti<\/strong><\/h2><\/div>\n\n\n\n<p>I nostri prodotti sono ampiamente utilizzati in applicazioni impegnative per l&#8217;isolamento e la protezione di cavi e fili in una variet\u00e0 di installazioni elettriche, in applicazioni per l&#8217;isolamento termico e la sigillatura di tubi di aria condizionata, riscaldamento e acqua, nonch\u00e9 in materiali isolanti e in una variet\u00e0 di applicazioni di assemblaggio, riparazione e marcatura.<\/p>\n\n<\/div>\n\n<div class=\"gb-container gb-container-dcc43bff\">\n<div class=\"gb-container gb-container-dfcf8b5d\">\n<div class=\"gb-grid-wrapper gb-grid-wrapper-234d0828 teaser-box-grid\">\n<div class=\"gb-grid-column gb-grid-column-96b2aad3\"><div class=\"gb-container gb-container-96b2aad3\" data-aos=\"fade-up\" data-aos-delay=\"250\">\n<div class=\"teaser-box teaser-box-f23ae87a\"><div class=\"teaser-box-image\"><img loading=\"lazy\" decoding=\"async\" width=\"720\" height=\"360\" src=\"https:\/\/certoplast.com\/wp-content\/uploads\/produkt-spektrum-automotive.jpg\" class=\"attachment-teaser-box size-teaser-box\" alt=\"\" srcset=\"https:\/\/certoplast.com\/wp-content\/uploads\/produkt-spektrum-automotive.jpg 720w, https:\/\/certoplast.com\/wp-content\/uploads\/produkt-spektrum-automotive-300x150.jpg 300w\" sizes=\"auto, (max-width: 720px) 100vw, 720px\" \/><\/div><div class=\"teaser-box-inner\"><h3 class=\"teaser-box-headline\">Automotive<\/h3><div class=\"teaser-box-text\">In collaborazione con l&#8217;industria automobilistica, sviluppiamo prodotti high-tech che soddisfano i numerosi requisiti dell&#8217;ingegneria automobilistica.<\/div><a class=\"gb-button \" href=\"\/sektoren\/automotive\/\" target=\"\">Per saperne di pi\u00f9<\/a><\/div><\/div>\n<\/div><\/div>\n\n<div class=\"gb-grid-column gb-grid-column-8690701a\"><div class=\"gb-container gb-container-8690701a\" data-aos=\"fade-up\" data-aos-delay=\"500\">\n<div class=\"teaser-box teaser-box-c908430b\"><div class=\"teaser-box-image\"><img loading=\"lazy\" decoding=\"async\" width=\"720\" height=\"360\" src=\"https:\/\/certoplast.com\/wp-content\/uploads\/produkt-spektrum-elektrotechnik.jpg\" class=\"attachment-teaser-box size-teaser-box\" alt=\"\" srcset=\"https:\/\/certoplast.com\/wp-content\/uploads\/produkt-spektrum-elektrotechnik.jpg 720w, https:\/\/certoplast.com\/wp-content\/uploads\/produkt-spektrum-elektrotechnik-300x150.jpg 300w\" sizes=\"auto, (max-width: 720px) 100vw, 720px\" \/><\/div><div class=\"teaser-box-inner\"><h3 class=\"teaser-box-headline\">Ingegneria elettrica<\/h3><div class=\"teaser-box-text\">Da decenni, certoplast \u00e8 un partner delle aziende industriali e degli artigiani. I nostri prodotti sono ampiamente utilizzati per i lavori di isolamento standard. <\/div><a class=\"gb-button \" href=\"\/sektoren\/elektrotechnik\/\" target=\"\">Per saperne di pi\u00f9<\/a><\/div><\/div>\n<\/div><\/div>\n\n<div class=\"gb-grid-column gb-grid-column-2ce74b6f\"><div class=\"gb-container gb-container-2ce74b6f\" data-aos=\"fade-up\" data-aos-delay=\"750\">\n<div class=\"teaser-box teaser-box-5304231d\"><div class=\"teaser-box-image\"><img loading=\"lazy\" decoding=\"async\" width=\"720\" height=\"360\" src=\"https:\/\/certoplast.com\/wp-content\/uploads\/produkt-spektrum-isolierhandwerk-und-bau.jpg\" class=\"attachment-teaser-box size-teaser-box\" alt=\"\" srcset=\"https:\/\/certoplast.com\/wp-content\/uploads\/produkt-spektrum-isolierhandwerk-und-bau.jpg 720w, https:\/\/certoplast.com\/wp-content\/uploads\/produkt-spektrum-isolierhandwerk-und-bau-300x150.jpg 300w\" sizes=\"auto, (max-width: 720px) 100vw, 720px\" \/><\/div><div class=\"teaser-box-inner\"><h3 class=\"teaser-box-headline\">Isolamento commercio e costruzione<\/h3><div class=\"teaser-box-text\">certoplast offre una gamma professionale di adesivi speciali per l&#8217;incollaggio permanente dei sistemi di isolamento con rivestimento in alluminio.<\/div><a class=\"gb-button \" href=\"https:\/\/certoplast.com\/branchen\/isolierhandwerk-und-bau\/\" target=\"\">Per saperne di pi\u00f9<\/a><\/div><\/div>\n<\/div><\/div>\n\n<div class=\"gb-grid-column gb-grid-column-fcc30d49\"><div class=\"gb-container gb-container-fcc30d49\" data-aos=\"fade-up\" data-aos-delay=\"1000\">\n<div class=\"teaser-box teaser-box-f6644f8f\"><div class=\"teaser-box-image\"><img loading=\"lazy\" decoding=\"async\" width=\"720\" height=\"360\" src=\"https:\/\/certoplast.com\/wp-content\/uploads\/produkt-spektrum-sonstige-anwendungen.jpg\" class=\"attachment-teaser-box size-teaser-box\" alt=\"\" srcset=\"https:\/\/certoplast.com\/wp-content\/uploads\/produkt-spektrum-sonstige-anwendungen.jpg 720w, https:\/\/certoplast.com\/wp-content\/uploads\/produkt-spektrum-sonstige-anwendungen-300x150.jpg 300w\" sizes=\"auto, (max-width: 720px) 100vw, 720px\" \/><\/div><div class=\"teaser-box-inner\"><h3 class=\"teaser-box-headline\">Altre applicazioni<\/h3><div class=\"teaser-box-text\">I nostri prodotti sono versatili e offrono la soluzione ideale per quasi tutte le applicazioni nell&#8217;industria, nel commercio e nell&#8217;uso privato.<\/div><a class=\"gb-button \" href=\"https:\/\/certoplast.com\/branchen\/industrielle-und-sonstige-anwendungen\/\" target=\"\">Per saperne di pi\u00f9<\/a><\/div><\/div>\n<\/div><\/div>\n<\/div>\n<\/div>\n<\/div>\n<\/div><div class=\"gb-container gb-container-bcd2b274\" data-aos=\"fade-up\" data-aos-delay=\"250\">\n<div class=\"gb-container gb-container-e01ee4f6\">\n\n<div class=\"wp-block-pixel-headline headlines is-subheadline-bottom has-text-align-left\"><h2 class=\"headline is-h1\" style=\"color:\">certplast <strong>informa<\/strong><\/h2><\/div>\n\n\n\n<p>Sempre aggiornati: Qui la informiamo sugli sviluppi attuali e sui nuovi prodotti.<\/p>\n\n\n\n\t\t\t\t\t\t\n\t\t\t\n\n\t\t\t\n            <div class=\"grid grid-bfd205fa grid-post grid-columns-2\">\n\t\t\t\n\t\t\t\t\t\t\t\t\t\t\t\t\t\t\t\t\t<div class=\"grid-group grid-group-0\">\n\t\t\t\t\t\t\t\t\t\t\t\t<div class=\"grid-inner \">\n\t\t\t\t\t\t\t\t\t\t\t\t\t\t\t<div class=\"grid-item\">\n\t\t\t\t\t\t\t\t\t \n\t\t\t<div class=\"card card-post card-post-5748\">\n\t\t\t\t<div class=\"card-media\"><img loading=\"lazy\" decoding=\"async\" width=\"800\" height=\"800\" src=\"https:\/\/certoplast.com\/wp-content\/uploads\/was-unsere-welt-zusammenhaelt.jpg\" class=\"attachment-square size-square\" alt=\"\" srcset=\"https:\/\/certoplast.com\/wp-content\/uploads\/was-unsere-welt-zusammenhaelt.jpg 800w, https:\/\/certoplast.com\/wp-content\/uploads\/was-unsere-welt-zusammenhaelt-300x300.jpg 300w, https:\/\/certoplast.com\/wp-content\/uploads\/was-unsere-welt-zusammenhaelt-150x150.jpg 150w, https:\/\/certoplast.com\/wp-content\/uploads\/was-unsere-welt-zusammenhaelt-768x768.jpg 768w\" sizes=\"auto, (max-width: 800px) 100vw, 800px\" \/><\/div>\t\t\t\t<div class=\"card-content\">\n\t\t\t\t\t<div class=\"card-inner\">\n\t\t\t\t\t\t<span class=\"card-headline headline is-h3\">Ci\u00f2 che tiene insieme il nostro mondo<\/span><div class=\"card-copy\">Gli adesivi e i sigillanti sono la forza nascosta che tiene insieme il nostro mondo. Scopra subito il film d&#8217;immagine sugli adesivi e i sigillanti dell&#8217;Industrieverband Klebstoffe e.V.. <\/div>\t\t\t\t\t<\/div>\n\n\t\t\t\t\t<div class=\"card-action\"><div class=\"gb-buttons\"><a class=\"gb-button gb-button-blau-gradient\" href=\"https:\/\/certoplast.com\/it\/aktuelles\/cio-che-tiene-insieme-il-nostro-mondo\/\">Per saperne di pi\u00f9<\/a><\/div><\/div>\t\t\t\t<\/div>\n\t\t\t<\/div>\n\t\t\t\t\t\t\t\t\t\t<\/div>\n\t\t\t\t\t\t\t\t\t\t\t\t\t<\/div>\n\t\t\t\t\t<\/div>\n\t\t\t\t            <\/div>\n\t\t\t\n\t\t\t\t\t\t\t\n\t\t\t\n            <!-- end:grid -->\n        \n            \n<\/div>\n<\/div>","protected":false},"excerpt":{"rendered":"<p>I nostri prodotti sono ampiamente utilizzati in applicazioni impegnative per l&#8217;isolamento e la protezione di cavi e fili in una variet\u00e0 di installazioni elettriche, in applicazioni per l&#8217;isolamento termico e la sigillatura di tubi di aria condizionata, riscaldamento e acqua, nonch\u00e9 in materiali isolanti e in una variet\u00e0 di applicazioni di assemblaggio, riparazione e marcatura. &#8230; <a title=\"Casa\" class=\"read-more\" href=\"https:\/\/certoplast.com\/it\/\" aria-label=\"More on Casa\">Leggi tutto<\/a><\/p>\n","protected":false},"author":1,"featured_media":0,"parent":0,"menu_order":0,"comment_status":"closed","ping_status":"closed","template":"","meta":{"_acf_changed":false,"inline_featured_image":false,"footnotes":""},"class_list":["post-5663","page","type-page","status-publish"],"acf":[],"_links":{"self":[{"href":"https:\/\/certoplast.com\/it\/wp-json\/wp\/v2\/pages\/5663","targetHints":{"allow":["GET"]}}],"collection":[{"href":"https:\/\/certoplast.com\/it\/wp-json\/wp\/v2\/pages"}],"about":[{"href":"https:\/\/certoplast.com\/it\/wp-json\/wp\/v2\/types\/page"}],"author":[{"embeddable":true,"href":"https:\/\/certoplast.com\/it\/wp-json\/wp\/v2\/users\/1"}],"replies":[{"embeddable":true,"href":"https:\/\/certoplast.com\/it\/wp-json\/wp\/v2\/comments?post=5663"}],"version-history":[{"count":1,"href":"https:\/\/certoplast.com\/it\/wp-json\/wp\/v2\/pages\/5663\/revisions"}],"predecessor-version":[{"id":5664,"href":"https:\/\/certoplast.com\/it\/wp-json\/wp\/v2\/pages\/5663\/revisions\/5664"}],"wp:attachment":[{"href":"https:\/\/certoplast.com\/it\/wp-json\/wp\/v2\/media?parent=5663"}],"curies":[{"name":"wp","href":"https:\/\/api.w.org\/{rel}","templated":true}]}}