{"id":5693,"date":"2023-07-10T15:06:14","date_gmt":"2023-07-10T13:06:14","guid":{"rendered":"https:\/\/certoplast.com\/prodotti\/nastri-in-tessuto\/"},"modified":"2025-04-07T11:22:29","modified_gmt":"2025-04-07T09:22:29","slug":"nastri-in-tessuto","status":"publish","type":"page","link":"https:\/\/certoplast.com\/it\/prodotti\/nastri-in-tessuto\/","title":{"rendered":"Nastri in tessuto"},"content":{"rendered":"\r\n\t\t\t       \r\n            \r\n            <div class=\"hero hero-5e85de9c full\">\r\n\t\t\t\t\t\t\t\t<div class=\"acf-innerblocks-container\">\n\r\n\t\t\t       \r\n                    \r\n            <div class=\"hero-slide hero-slide-afe70445 is-style-image\">\r\n\t\t\t\t<div class=\"hero-canvas\">\r\n\t\t\t\t\t<div class=\"hero-subheadline\">I nostri prodotti<\/div>\t\t\t\t\t<h1 class=\"hero-headline\">Nastri in tessuto<\/h1>\t\t\t\t<\/div>\r\n\t\t\t\t<div class=\"hero-media hero-media-image\"><img loading=\"lazy\" decoding=\"async\" width=\"1920\" height=\"519\" src=\"https:\/\/certoplast.com\/wp-content\/uploads\/certoplast-header-gewebebaender.jpg\" class=\"attachment-full size-full\" alt=\"\" srcset=\"https:\/\/certoplast.com\/wp-content\/uploads\/certoplast-header-gewebebaender.jpg 1920w, https:\/\/certoplast.com\/wp-content\/uploads\/certoplast-header-gewebebaender-300x81.jpg 300w, https:\/\/certoplast.com\/wp-content\/uploads\/certoplast-header-gewebebaender-1024x277.jpg 1024w, https:\/\/certoplast.com\/wp-content\/uploads\/certoplast-header-gewebebaender-768x208.jpg 768w, https:\/\/certoplast.com\/wp-content\/uploads\/certoplast-header-gewebebaender-1536x415.jpg 1536w, https:\/\/certoplast.com\/wp-content\/uploads\/certoplast-header-gewebebaender-800x216.jpg 800w\" sizes=\"auto, (max-width: 1920px) 100vw, 1920px\" \/><\/div>            <\/div>\r\n\t\t\t\t\r\n            \r\n\t\t\t\r\n        \r\n            \n<\/div>\r\n\t\t\t\t\t\t\t\t\r\n\t\t\t\t\t\t\t<\/div>\r\n\t\t\t\t\r\n\t\t\t\r\n\t\t\t        \r\n            <div class=\"gb-container gb-container-e4a6c0a8 gb-container-default\">\n<div class=\"gb-container gb-container-c7df1ec9\">\n\n<div class=\"wp-block-pixel-headline headlines is-subheadline-bottom has-text-align-left\"><h1 class=\"headline is-h1\" style=\"color:\">Le nostre <strong>cinture in tessuto<\/strong><\/h1><\/div>\n\n\n<div class=\"gb-grid-wrapper gb-grid-wrapper-6a48ed2e\">\n<div class=\"gb-grid-column gb-grid-column-6eb6a587\"><div class=\"gb-container gb-container-6eb6a587\" data-aos=\"fade-right\" data-aos-delay=\"250\">\n\n<p>Offriamo un&#8217;ampia selezione di nastri in tessuto speciali per una vasta gamma di applicazioni. I nostri tessuti portanti sono realizzati in poliestere, poliammide o tessuti misti. Utilizziamo tessuti standard, ma anche velours e altri tessuti a maglia. Questi supporti, in combinazione con gomma sintetica ad alte prestazioni e adesivi acrilici UV, offrono un&#8217;ampia gamma di propriet\u00e0 per diverse applicazioni.   <\/p>\n\n<\/div><\/div>\n\n<div class=\"gb-grid-column gb-grid-column-f5784789\"><div class=\"gb-container gb-container-f5784789\" data-aos=\"fade-left\" data-aos-delay=\"250\">\n\n<p>Il portafoglio di prodotti comprende nastri per intervalli di temperatura (carico continuo) fino a 150 \u00b0C. Offriamo prodotti caratterizzati dalla resistenza a mezzi come solventi o acqua salata. I prodotti con rivestimenti in acrilato hanno una maggiore rigidit\u00e0 dielettrica e stabilit\u00e0 meccanica. I nastri velour offrono propriet\u00e0 di smorzamento, elevata resistenza meccanica e l&#8217;opzione di fissaggio a strisce di velcro.   <\/p>\n\n\n\n<p><strong>Molti dei nostri prodotti sono disponibili in un&#8217;ampia gamma di colori.<\/strong><\/p>\n\n<\/div><\/div>\n<\/div>\n<\/div>\n<\/div><div class=\"gb-container gb-container-20a9d3f9 gb-container-gray\">\n<div class=\"gb-container gb-container-6350117c\" data-aos=\"fade-up\" data-aos-delay=\"250\">\n\n\t\t\t\t\t\t\n\t\t\t\n\n\t\t\t\t\t\t\t<div class=\"facet-wrapper\">\n\t\t\t\t\t<div class=\"facetwp-facet facetwp-facet-einsatzbereiche facetwp-type-dropdown\" data-name=\"einsatzbereiche\" data-type=\"dropdown\"><\/div><div class=\"facetwp-facet facetwp-facet-eigenschaften_it facetwp-type-dropdown\" data-name=\"eigenschaften_it\" data-type=\"dropdown\"><\/div><div class=\"facetwp-facet facetwp-facet-trgermaterial_it facetwp-type-dropdown\" data-name=\"trgermaterial_it\" data-type=\"dropdown\"><\/div><div class=\"facetwp-facet facetwp-facet-klebstoff_it facetwp-type-dropdown\" data-name=\"klebstoff_it\" data-type=\"dropdown\"><\/div><div class=\"facetwp-facet facetwp-facet-farbe_it facetwp-type-dropdown\" data-name=\"farbe_it\" data-type=\"dropdown\"><\/div><div class=\"facetwp-facet facetwp-facet-materialstrke facetwp-type-slider\" data-name=\"materialstrke\" data-type=\"slider\"><\/div><div class=\"facetwp-facet facetwp-facet-temperaturbereich facetwp-type-slider\" data-name=\"temperaturbereich\" data-type=\"slider\"><\/div>\t\t\t\t<\/div>\n\t\t\t\n            <div class=\"grid grid-14b64acc grid-product grid-columns-3\">\n\t\t\t\n\t\t\t\t\t\t\t\t\t\t\t\t\t\t\t\t\t<div class=\"grid-group grid-group-0\">\n\t\t\t\t\t\t\t\t\t\t\t\t<div class=\"grid-inner facetwp-template\">\n\t\t\t\t\t\t\t\t\t\t\t\t\t\t\t<div class=\"grid-item\">\n\t\t\t\t\t\t\t\t\t \n\t\t\t<div class=\"card card-product\">\n\t\t\t\t<div class=\"card-media\"><img loading=\"lazy\" decoding=\"async\" width=\"623\" height=\"264\" src=\"https:\/\/certoplast.com\/wp-content\/uploads\/514.jpg\" class=\"attachment-product_thumb size-product_thumb\" alt=\"\" srcset=\"https:\/\/certoplast.com\/wp-content\/uploads\/514.jpg 623w, https:\/\/certoplast.com\/wp-content\/uploads\/514-300x127.jpg 300w\" sizes=\"auto, (max-width: 623px) 100vw, 623px\" \/><\/div>\t\t\t\t<div class=\"card-content\">\n\t\t\t\t\t<div class=\"card-inner\">\n\t\t\t\t\t\t<h2 class=\"headline is-h2\">certoplasto 514<\/h2><div class=\"card-copy\">Il nastro adesivo sensibile alla pressione di certoplast 514 viene utilizzato preferibilmente per la nastratura di cablaggi nell&#8217;industria automobilistica. La superficie del nastro, appositamente progettata e levigata, produce un cablaggio idrorepellente e permanentemente flessibile, molto ben protetto contro le sollecitazioni meccaniche esterne (ad esempio, gli spigoli vivi) rispetto a molti altri materiali per nastri (ad esempio, PVC, rayon, PET, vello da cucito, ecc.). Grazie alla sua resistenza alle alte temperature, al materiale di supporto estremamente robusto e all&#8217;eccellente resistenza ai media, il nastro adesivo certoplast 514 pu\u00f2 essere utilizzato anche nel vano motore.    <\/div>\t\t\t\t\t<\/div>\n\n\t\t\t\t\t<div class=\"card-action\"><a class=\"gb-button\" href=\"https:\/\/certoplast.com\/it\/produkt\/certoplast-514\/\">Per saperne di pi\u00f9<\/a><\/div>\t\t\t\t<\/div>\n\t\t\t<\/div>\n\t\t\t\t\t\t\t\t\t\t<\/div>\n\t\t\t\t\t\t\t\t\t\t\t\t\t\t\t<div class=\"grid-item\">\n\t\t\t\t\t\t\t\t\t \n\t\t\t<div class=\"card card-product\">\n\t\t\t\t<div class=\"card-media\"><img loading=\"lazy\" decoding=\"async\" width=\"623\" height=\"264\" src=\"https:\/\/certoplast.com\/wp-content\/uploads\/certoplast_produkte_516.jpg\" class=\"attachment-product_thumb size-product_thumb\" alt=\"\" srcset=\"https:\/\/certoplast.com\/wp-content\/uploads\/certoplast_produkte_516.jpg 623w, https:\/\/certoplast.com\/wp-content\/uploads\/certoplast_produkte_516-300x127.jpg 300w\" sizes=\"auto, (max-width: 623px) 100vw, 623px\" \/><\/div>\t\t\t\t<div class=\"card-content\">\n\t\t\t\t\t<div class=\"card-inner\">\n\t\t\t\t\t\t<h2 class=\"headline is-h2\">certoplasto 516<\/h2><div class=\"card-copy\">Il nastro adesivo sensibile alla pressione di certoplast 516 \u00e8 preferibilmente utilizzato per la nastratura di cablaggi nell&#8217;industria automobilistica.  \nLa superficie del nastro, appositamente progettata e levigata, consente di ottenere un cablaggio idrorepellente e permanentemente flessibile, molto ben protetto contro le sollecitazioni meccaniche esterne (ad esempio, gli spigoli vivi) rispetto a molti altri materiali per nastri (ad esempio, PVC, rayon, PET, vello da cucito, ecc.). Grazie alla resistenza alle temperature molto elevate, al materiale portante estremamente robusto e all&#8217;eccellente resistenza ai media, certoplast 516 pu\u00f2 essere utilizzato in tutto il veicolo. <\/div>\t\t\t\t\t<\/div>\n\n\t\t\t\t\t<div class=\"card-action\"><a class=\"gb-button\" href=\"https:\/\/certoplast.com\/it\/produkt\/certoplast-516\/\">Per saperne di pi\u00f9<\/a><\/div>\t\t\t\t<\/div>\n\t\t\t<\/div>\n\t\t\t\t\t\t\t\t\t\t<\/div>\n\t\t\t\t\t\t\t\t\t\t\t\t\t\t\t<div class=\"grid-item\">\n\t\t\t\t\t\t\t\t\t \n\t\t\t<div class=\"card card-product\">\n\t\t\t\t<div class=\"card-media\"><img loading=\"lazy\" decoding=\"async\" width=\"623\" height=\"264\" src=\"https:\/\/certoplast.com\/wp-content\/uploads\/518.jpg\" class=\"attachment-product_thumb size-product_thumb\" alt=\"\" srcset=\"https:\/\/certoplast.com\/wp-content\/uploads\/518.jpg 623w, https:\/\/certoplast.com\/wp-content\/uploads\/518-300x127.jpg 300w\" sizes=\"auto, (max-width: 623px) 100vw, 623px\" \/><\/div>\t\t\t\t<div class=\"card-content\">\n\t\t\t\t\t<div class=\"card-inner\">\n\t\t\t\t\t\t<h2 class=\"headline is-h2\">certoplasto 518<\/h2><div class=\"card-copy\">&#8220;Il certoplast 518 viene utilizzato preferibilmente per la nastratura dei cablaggi nell&#8217;industria automobilistica e pu\u00f2 essere strappato a mano. \nGrazie alla resistenza alle fiamme del materiale portante estremamente robusto e alla sua eccellente resistenza ai media, \u00e8 ideale per l&#8217;uso nel vano motore&#8221;.\n<\/div>\t\t\t\t\t<\/div>\n\n\t\t\t\t\t<div class=\"card-action\"><a class=\"gb-button\" href=\"https:\/\/certoplast.com\/it\/produkt\/certoplast-518\/\">Per saperne di pi\u00f9<\/a><\/div>\t\t\t\t<\/div>\n\t\t\t<\/div>\n\t\t\t\t\t\t\t\t\t\t<\/div>\n\t\t\t\t\t\t\t\t\t\t\t\t\t\t\t<div class=\"grid-item\">\n\t\t\t\t\t\t\t\t\t \n\t\t\t<div class=\"card card-product\">\n\t\t\t\t<div class=\"card-media\"><img loading=\"lazy\" decoding=\"async\" width=\"623\" height=\"264\" src=\"https:\/\/certoplast.com\/wp-content\/uploads\/519.jpg\" class=\"attachment-product_thumb size-product_thumb\" alt=\"\" srcset=\"https:\/\/certoplast.com\/wp-content\/uploads\/519.jpg 623w, https:\/\/certoplast.com\/wp-content\/uploads\/519-300x127.jpg 300w\" sizes=\"auto, (max-width: 623px) 100vw, 623px\" \/><\/div>\t\t\t\t<div class=\"card-content\">\n\t\t\t\t\t<div class=\"card-inner\">\n\t\t\t\t\t\t<h2 class=\"headline is-h2\">certoplasto 519<\/h2><div class=\"card-copy\">Il certoplast 519 \u00e8 preferibilmente utilizzato per la nastratura dei cablaggi in quei punti della costruzione automobilistica in cui sono importanti sia l&#8217;evitamento dei rumori di tintinnio che la protezione dallo sfregamento.<\/div>\t\t\t\t\t<\/div>\n\n\t\t\t\t\t<div class=\"card-action\"><a class=\"gb-button\" href=\"https:\/\/certoplast.com\/it\/produkt\/certoplast-519\/\">Per saperne di pi\u00f9<\/a><\/div>\t\t\t\t<\/div>\n\t\t\t<\/div>\n\t\t\t\t\t\t\t\t\t\t<\/div>\n\t\t\t\t\t\t\t\t\t\t\t\t\t\t\t<div class=\"grid-item\">\n\t\t\t\t\t\t\t\t\t \n\t\t\t<div class=\"card card-product\">\n\t\t\t\t<div class=\"card-media\"><img loading=\"lazy\" decoding=\"async\" width=\"623\" height=\"264\" src=\"https:\/\/certoplast.com\/wp-content\/uploads\/523.jpg\" class=\"attachment-product_thumb size-product_thumb\" alt=\"\" srcset=\"https:\/\/certoplast.com\/wp-content\/uploads\/523.jpg 623w, https:\/\/certoplast.com\/wp-content\/uploads\/523-300x127.jpg 300w\" sizes=\"auto, (max-width: 623px) 100vw, 623px\" \/><\/div>\t\t\t\t<div class=\"card-content\">\n\t\t\t\t\t<div class=\"card-inner\">\n\t\t\t\t\t\t<h2 class=\"headline is-h2\">certoplasto 523<\/h2><div class=\"card-copy\">Il prodotto certoplast 523 viene utilizzato di preferenza per la nastratura dei cablaggi nell&#8217;industria automobilistica. Grazie al suo materiale portante estremamente robusto e alla sua resistenza ai mezzi e alle temperature, \u00e8 ideale per l&#8217;uso nel vano motore. <\/div>\t\t\t\t\t<\/div>\n\n\t\t\t\t\t<div class=\"card-action\"><a class=\"gb-button\" href=\"https:\/\/certoplast.com\/it\/produkt\/certoplast-523\/\">Per saperne di pi\u00f9<\/a><\/div>\t\t\t\t<\/div>\n\t\t\t<\/div>\n\t\t\t\t\t\t\t\t\t\t<\/div>\n\t\t\t\t\t\t\t\t\t\t\t\t\t\t\t<div class=\"grid-item\">\n\t\t\t\t\t\t\t\t\t \n\t\t\t<div class=\"card card-product\">\n\t\t\t\t<div class=\"card-media\"><img loading=\"lazy\" decoding=\"async\" width=\"623\" height=\"264\" src=\"https:\/\/certoplast.com\/wp-content\/uploads\/certoplast_produkte_524.jpg\" class=\"attachment-product_thumb size-product_thumb\" alt=\"\" srcset=\"https:\/\/certoplast.com\/wp-content\/uploads\/certoplast_produkte_524.jpg 623w, https:\/\/certoplast.com\/wp-content\/uploads\/certoplast_produkte_524-300x127.jpg 300w\" sizes=\"auto, (max-width: 623px) 100vw, 623px\" \/><\/div>\t\t\t\t<div class=\"card-content\">\n\t\t\t\t\t<div class=\"card-inner\">\n\t\t\t\t\t\t<h2 class=\"headline is-h2\">certoplasto 524<\/h2><div class=\"card-copy\">Il certoplast 524 \u00e8 stato sviluppato per essere utilizzato nei cablaggi dell&#8217;industria automobilistica. Grazie alla sua elevata rigidit\u00e0 dielettrica in conformit\u00e0 con la norma LV 312-1, il nastro adesivo \u00e8 particolarmente adatto per isolare i punti di saldatura.\n<\/div>\t\t\t\t\t<\/div>\n\n\t\t\t\t\t<div class=\"card-action\"><a class=\"gb-button\" href=\"https:\/\/certoplast.com\/it\/produkt\/certoplast-524\/\">Per saperne di pi\u00f9<\/a><\/div>\t\t\t\t<\/div>\n\t\t\t<\/div>\n\t\t\t\t\t\t\t\t\t\t<\/div>\n\t\t\t\t\t\t\t\t\t\t\t\t\t\t\t<div class=\"grid-item\">\n\t\t\t\t\t\t\t\t\t \n\t\t\t<div class=\"card card-product\">\n\t\t\t\t<div class=\"card-media\"><img loading=\"lazy\" decoding=\"async\" width=\"623\" height=\"264\" src=\"https:\/\/certoplast.com\/wp-content\/uploads\/certoplast_produkte_525.jpg\" class=\"attachment-product_thumb size-product_thumb\" alt=\"\" srcset=\"https:\/\/certoplast.com\/wp-content\/uploads\/certoplast_produkte_525.jpg 623w, https:\/\/certoplast.com\/wp-content\/uploads\/certoplast_produkte_525-300x127.jpg 300w\" sizes=\"auto, (max-width: 623px) 100vw, 623px\" \/><\/div>\t\t\t\t<div class=\"card-content\">\n\t\t\t\t\t<div class=\"card-inner\">\n\t\t\t\t\t\t<h2 class=\"headline is-h2\">certoplasto 525<\/h2><div class=\"card-copy\">Il certoplast 525 (SE) viene utilizzato preferibilmente per la nastratura dei cablaggi nell&#8217;industria automobilistica.  \nLa resistenza alle fiamme del materiale portante estremamente robusto e la sua eccellente resistenza ai media lo rendono ideale per l&#8217;uso nel vano motore.<\/div>\t\t\t\t\t<\/div>\n\n\t\t\t\t\t<div class=\"card-action\"><a class=\"gb-button\" href=\"https:\/\/certoplast.com\/it\/produkt\/certoplast-525\/\">Per saperne di pi\u00f9<\/a><\/div>\t\t\t\t<\/div>\n\t\t\t<\/div>\n\t\t\t\t\t\t\t\t\t\t<\/div>\n\t\t\t\t\t\t\t\t\t\t\t\t\t\t\t<div class=\"grid-item\">\n\t\t\t\t\t\t\t\t\t \n\t\t\t<div class=\"card card-product\">\n\t\t\t\t<div class=\"card-media\"><img loading=\"lazy\" decoding=\"async\" width=\"623\" height=\"264\" src=\"https:\/\/certoplast.com\/wp-content\/uploads\/certoplast_produkte_525.jpg\" class=\"attachment-product_thumb size-product_thumb\" alt=\"\" srcset=\"https:\/\/certoplast.com\/wp-content\/uploads\/certoplast_produkte_525.jpg 623w, https:\/\/certoplast.com\/wp-content\/uploads\/certoplast_produkte_525-300x127.jpg 300w\" sizes=\"auto, (max-width: 623px) 100vw, 623px\" \/><\/div>\t\t\t\t<div class=\"card-content\">\n\t\t\t\t\t<div class=\"card-inner\">\n\t\t\t\t\t\t<h2 class=\"headline is-h2\">certoplasto 526<\/h2><div class=\"card-copy\">Il prodotto certoplast 526 viene utilizzato preferibilmente per la nastratura di cablaggi nell&#8217;industria automobilistica. Grazie alla resistenza alle fiamme del materiale portante estremamente robusto e alla sua eccellente resistenza ai media, \u00e8 ideale per l&#8217;uso nel vano motore. \n<\/div>\t\t\t\t\t<\/div>\n\n\t\t\t\t\t<div class=\"card-action\"><a class=\"gb-button\" href=\"https:\/\/certoplast.com\/it\/produkt\/certoplast-526\/\">Per saperne di pi\u00f9<\/a><\/div>\t\t\t\t<\/div>\n\t\t\t<\/div>\n\t\t\t\t\t\t\t\t\t\t<\/div>\n\t\t\t\t\t\t\t\t\t\t\t\t\t\t\t<div class=\"grid-item\">\n\t\t\t\t\t\t\t\t\t \n\t\t\t<div class=\"card card-product\">\n\t\t\t\t<div class=\"card-media\"><img loading=\"lazy\" decoding=\"async\" width=\"623\" height=\"264\" src=\"https:\/\/certoplast.com\/wp-content\/uploads\/certoplast_produkte_527.jpg\" class=\"attachment-product_thumb size-product_thumb\" alt=\"\" srcset=\"https:\/\/certoplast.com\/wp-content\/uploads\/certoplast_produkte_527.jpg 623w, https:\/\/certoplast.com\/wp-content\/uploads\/certoplast_produkte_527-300x127.jpg 300w\" sizes=\"auto, (max-width: 623px) 100vw, 623px\" \/><\/div>\t\t\t\t<div class=\"card-content\">\n\t\t\t\t\t<div class=\"card-inner\">\n\t\t\t\t\t\t<h2 class=\"headline is-h2\">certoplasto 527<\/h2><div class=\"card-copy\">Il certoplast 527 \u00e8 stato sviluppato per essere utilizzato nei cablaggi dell&#8217;industria automobilistica.\n  Grazie alla sua elevata rigidit\u00e0 dielettrica in conformit\u00e0 con la norma LV 312-1, il nastro adesivo \u00e8 particolarmente adatto per isolare i punti di saldatura.\n<\/div>\t\t\t\t\t<\/div>\n\n\t\t\t\t\t<div class=\"card-action\"><a class=\"gb-button\" href=\"https:\/\/certoplast.com\/it\/produkt\/certoplast-527\/\">Per saperne di pi\u00f9<\/a><\/div>\t\t\t\t<\/div>\n\t\t\t<\/div>\n\t\t\t\t\t\t\t\t\t\t<\/div>\n\t\t\t\t\t\t\t\t\t\t\t\t\t\t\t<div class=\"grid-item\">\n\t\t\t\t\t\t\t\t\t \n\t\t\t<div class=\"card card-product\">\n\t\t\t\t<div class=\"card-media\"><img loading=\"lazy\" decoding=\"async\" width=\"623\" height=\"264\" src=\"https:\/\/certoplast.com\/wp-content\/uploads\/529.jpg\" class=\"attachment-product_thumb size-product_thumb\" alt=\"\" srcset=\"https:\/\/certoplast.com\/wp-content\/uploads\/529.jpg 623w, https:\/\/certoplast.com\/wp-content\/uploads\/529-300x127.jpg 300w\" sizes=\"auto, (max-width: 623px) 100vw, 623px\" \/><\/div>\t\t\t\t<div class=\"card-content\">\n\t\t\t\t\t<div class=\"card-inner\">\n\t\t\t\t\t\t<h2 class=\"headline is-h2\">certoplasto 529<\/h2><div class=\"card-copy\">Il prodotto certoplast 529 viene utilizzato preferibilmente per la nastratura dei cablaggi nell&#8217;industria automobilistica. Grazie alle sue eccellenti propriet\u00e0 in termini di protezione dall&#8217;abrasione e di smorzamento dei rumori, il prodotto 529 pu\u00f2 essere utilizzato nei punti della costruzione automobilistica in cui sono importanti sia la prevenzione dei rumori di tintinnio che la protezione dallo sfregamento. Grazie al suo robusto materiale di supporto e alla buona resistenza alle temperature, il prodotto 529 \u00e8 particolarmente indicato per le applicazioni nel vano motore.  \n<\/div>\t\t\t\t\t<\/div>\n\n\t\t\t\t\t<div class=\"card-action\"><a class=\"gb-button\" href=\"https:\/\/certoplast.com\/it\/produkt\/certoplast-529\/\">Per saperne di pi\u00f9<\/a><\/div>\t\t\t\t<\/div>\n\t\t\t<\/div>\n\t\t\t\t\t\t\t\t\t\t<\/div>\n\t\t\t\t\t\t\t\t\t\t\t\t\t\t\t<div class=\"grid-item\">\n\t\t\t\t\t\t\t\t\t \n\t\t\t<div class=\"card card-product\">\n\t\t\t\t<div class=\"card-media\"><img loading=\"lazy\" decoding=\"async\" width=\"623\" height=\"264\" src=\"https:\/\/certoplast.com\/wp-content\/uploads\/certoplast_produkte_581N.jpg\" class=\"attachment-product_thumb size-product_thumb\" alt=\"\" srcset=\"https:\/\/certoplast.com\/wp-content\/uploads\/certoplast_produkte_581N.jpg 623w, https:\/\/certoplast.com\/wp-content\/uploads\/certoplast_produkte_581N-300x127.jpg 300w\" sizes=\"auto, (max-width: 623px) 100vw, 623px\" \/><\/div>\t\t\t\t<div class=\"card-content\">\n\t\t\t\t\t<div class=\"card-inner\">\n\t\t\t\t\t\t<h2 class=\"headline is-h2\">certoplasto 581N<\/h2><div class=\"card-copy\">Il certplast 581N viene utilizzato preferibilmente per la protezione dei cablaggi nell&#8217;industria automobilistica. Grazie al materiale portante estremamente robusto, \u00e8 ideale per le applicazioni in cui \u00e8 richiesto un livello molto elevato di protezione dall&#8217;abrasione. Grazie alla sua buona resistenza alle temperature e agli agenti chimici, il prodotto 581N \u00e8 particolarmente adatto per le applicazioni nel vano motore.  \n  Il basso spessore del nastro rispetto ad altre soluzioni, ad esempio i laminati, offre un ulteriore vantaggio in termini di ottimizzazione dello spazio di installazione.<\/div>\t\t\t\t\t<\/div>\n\n\t\t\t\t\t<div class=\"card-action\"><a class=\"gb-button\" href=\"https:\/\/certoplast.com\/it\/produkt\/certoplast-581n\/\">Per saperne di pi\u00f9<\/a><\/div>\t\t\t\t<\/div>\n\t\t\t<\/div>\n\t\t\t\t\t\t\t\t\t\t<\/div>\n\t\t\t\t\t\t\t\t\t\t\t\t\t<\/div>\n\t\t\t\t\t<\/div>\n\t\t\t\t            <\/div>\n\t\t\t\n\t\t\t\t\t\t\t\n\t\t\t\n            <!-- end:grid -->\n        \n            \n<\/div>\n<\/div>","protected":false},"excerpt":{"rendered":"","protected":false},"author":1,"featured_media":0,"parent":5681,"menu_order":1,"comment_status":"closed","ping_status":"closed","template":"","meta":{"_acf_changed":false,"inline_featured_image":false,"footnotes":""},"class_list":["post-5693","page","type-page","status-publish"],"acf":[],"_links":{"self":[{"href":"https:\/\/certoplast.com\/it\/wp-json\/wp\/v2\/pages\/5693","targetHints":{"allow":["GET"]}}],"collection":[{"href":"https:\/\/certoplast.com\/it\/wp-json\/wp\/v2\/pages"}],"about":[{"href":"https:\/\/certoplast.com\/it\/wp-json\/wp\/v2\/types\/page"}],"author":[{"embeddable":true,"href":"https:\/\/certoplast.com\/it\/wp-json\/wp\/v2\/users\/1"}],"replies":[{"embeddable":true,"href":"https:\/\/certoplast.com\/it\/wp-json\/wp\/v2\/comments?post=5693"}],"version-history":[{"count":1,"href":"https:\/\/certoplast.com\/it\/wp-json\/wp\/v2\/pages\/5693\/revisions"}],"predecessor-version":[{"id":5695,"href":"https:\/\/certoplast.com\/it\/wp-json\/wp\/v2\/pages\/5693\/revisions\/5695"}],"up":[{"embeddable":true,"href":"https:\/\/certoplast.com\/it\/wp-json\/wp\/v2\/pages\/5681"}],"wp:attachment":[{"href":"https:\/\/certoplast.com\/it\/wp-json\/wp\/v2\/media?parent=5693"}],"curies":[{"name":"wp","href":"https:\/\/api.w.org\/{rel}","templated":true}]}}