{"id":4944,"date":"2023-07-13T10:52:48","date_gmt":"2023-07-13T08:52:48","guid":{"rendered":"https:\/\/certoplast.com\/o-nas\/"},"modified":"2025-04-07T11:20:45","modified_gmt":"2025-04-07T09:20:45","slug":"o-nas","status":"publish","type":"page","link":"https:\/\/certoplast.com\/pl\/firma\/o-nas\/","title":{"rendered":"O nas"},"content":{"rendered":"\r\n\t\t\t       \r\n            \r\n            <div class=\"hero hero-d0668a68 full\">\r\n\t\t\t\t\t\t\t\t<div class=\"acf-innerblocks-container\">\n\r\n\t\t\t       \r\n                    \r\n            <div class=\"hero-slide hero-slide-9907667d is-style-image\">\r\n\t\t\t\t<div class=\"hero-canvas\">\r\n\t\t\t\t\t<div class=\"hero-subheadline\">Odpowiedni do ka\u017cdego zastosowania Band<\/div>\t\t\t\t\t<h1 class=\"hero-headline\">certoplast<\/h1>\t\t\t\t<\/div>\r\n\t\t\t\t<div class=\"hero-media hero-media-image\"><img loading=\"lazy\" decoding=\"async\" width=\"1920\" height=\"519\" src=\"https:\/\/certoplast.com\/wp-content\/uploads\/certoplast-header-ueber-uns.jpg\" class=\"attachment-full size-full\" alt=\"\" srcset=\"https:\/\/certoplast.com\/wp-content\/uploads\/certoplast-header-ueber-uns.jpg 1920w, https:\/\/certoplast.com\/wp-content\/uploads\/certoplast-header-ueber-uns-300x81.jpg 300w, https:\/\/certoplast.com\/wp-content\/uploads\/certoplast-header-ueber-uns-1024x277.jpg 1024w, https:\/\/certoplast.com\/wp-content\/uploads\/certoplast-header-ueber-uns-768x208.jpg 768w, https:\/\/certoplast.com\/wp-content\/uploads\/certoplast-header-ueber-uns-1536x415.jpg 1536w, https:\/\/certoplast.com\/wp-content\/uploads\/certoplast-header-ueber-uns-800x216.jpg 800w\" sizes=\"auto, (max-width: 1920px) 100vw, 1920px\" \/><\/div>            <\/div>\r\n\t\t\t\t\r\n            \r\n\t\t\t\r\n        \r\n            \n<\/div>\r\n\t\t\t\t\t\t\t\t\r\n\t\t\t\t\t\t\t<\/div>\r\n\t\t\t\t\r\n\t\t\t\r\n\t\t\t        \r\n            <section class=\"gb-container gb-container-9660c8ea gb-container-default\">\n<div class=\"gb-container gb-container-cd0e0b71\">\n<div class=\"gb-grid-wrapper gb-grid-wrapper-09516fbc\">\n<div class=\"gb-grid-column gb-grid-column-c38e2ada\"><div class=\"gb-container gb-container-c38e2ada\" data-aos=\"fade-right\" data-aos-delay=\"250\">\n\n<figure class=\"wp-block-image size-full\"><img loading=\"lazy\" decoding=\"async\" width=\"656\" height=\"447\" src=\"https:\/\/certoplast.com\/wp-content\/uploads\/certoplast_ueber_uns_gebaeude.png\" alt=\"\" class=\"wp-image-2481\" srcset=\"https:\/\/certoplast.com\/wp-content\/uploads\/certoplast_ueber_uns_gebaeude.png 656w, https:\/\/certoplast.com\/wp-content\/uploads\/certoplast_ueber_uns_gebaeude-300x204.png 300w\" sizes=\"auto, (max-width: 656px) 100vw, 656px\" \/><\/figure>\n\n\n\n<p><\/p>\n\n<\/div><\/div>\n\n<div class=\"gb-grid-column gb-grid-column-fc148551\"><div class=\"gb-container gb-container-fc148551\" data-aos=\"fade-left\" data-aos-delay=\"250\">\n\n<div class=\"wp-block-pixel-headline headlines is-subheadline-bottom has-text-align-left\"><h1 class=\"headline\" style=\"color:\"><strong>Odpowiedni<\/strong> do ka\u017cdego zastosowania <strong> Band<\/strong><\/h1><\/div>\n\n\n\n<p>Jako producent technicznych ta\u015bm samoprzylepnych, certoplast Technische Klebeb\u00e4nder GmbH mo\u017ce pochwali\u0107 si\u0119 prawie 100-letnim do\u015bwiadczeniem w produkcji ta\u015bm samoprzylepnych. Po wy\u0142onieniu si\u0119 z dawnego dzia\u0142u ta\u015bm klej\u0105cych firmy Vorwerk &amp; Sohn w 1991 roku, rygorystyczna &#8222;reengineering&#8221; doprowadzi\u0142a do udanego pozycjonowania na rynku w kluczowych obszarach motoryzacji, przemys\u0142u elektrycznego i technologii izolacji. <\/p>\n\n\n\n<p>Zaanga\u017cowani pracownicy traktuj\u0105 \u017cyczenia klienta jako najwy\u017cszy priorytet swoich dzia\u0142a\u0144, dzi\u0119ki czemu niestandardowe rozwi\u0105zania problem\u00f3w sta\u0142y si\u0119 specjalno\u015bci\u0105 naszej firmy. Szybka realizacja wymaga\u0144 technicznych, bezpo\u015brednia wsp\u00f3\u0142praca z u\u017cytkownikami i jak najwi\u0119ksza elastyczno\u015b\u0107 to filary, na kt\u00f3rych opiera si\u0119 filozofia firmy. <\/p>\n\n<\/div><\/div>\n<\/div>\n<\/div>\n<\/section><div class=\"gb-container gb-container-959e894f gb-container-default\">\n<div class=\"gb-container gb-container-83df55d0\">\n<div class=\"gb-grid-wrapper gb-grid-wrapper-d06743b7\">\n<div class=\"gb-grid-column gb-grid-column-a49310ab\"><div class=\"gb-container gb-container-a49310ab\" data-aos=\"fade-right\" data-aos-delay=\"250\">\n\n<div class=\"wp-block-pixel-headline headlines is-subheadline-bottom has-text-align-left\"><h1 class=\"headline\" style=\"color:\"><strong>Odpowied\u017a<\/strong> na ka\u017cde pytanie<\/h1><\/div>\n\n\n\n<p class=\"has-color-brand-color has-text-color\"><strong>Najwi\u0119ksz\u0105 uwag\u0119 przywi\u0105zuje si\u0119 do centralnego elementu produktu, czyli kleju:<\/strong> <\/p>\n\n\n\n<p>W\u0142asna receptura klej\u00f3w umo\u017cliwia zaoferowanie odpowiedzi na niemal ka\u017cdy problem na rynku. Stosowane s\u0105 wy\u0142\u0105cznie systemy klejowe niezawieraj\u0105ce rozpuszczalnik\u00f3w. Z jednej strony s\u0105 to systemy topliwe, kt\u00f3re s\u0105 nak\u0142adane po stopieniu, przy czym w zale\u017cno\u015bci od zastosowania stosowane s\u0105 r\u00f3wnie\u017c systemy sieciuj\u0105ce UV. Z drugiej strony stosujemy kleje dyspersyjne na bazie akrylan\u00f3w. Oznacza to, \u017ce ca\u0142a nasza oferta klej\u00f3w ogranicza si\u0119 do system\u00f3w bezrozpuszczalnikowych &#8211; to nasz wk\u0142ad jako firmy dzia\u0142aj\u0105cej zgodnie z zasadami zr\u00f3wnowa\u017conego rozwoju.    <\/p>\n\n<\/div><\/div>\n\n<div class=\"gb-grid-column gb-grid-column-d25ce125\"><div class=\"gb-container gb-container-d25ce125\" data-aos=\"fade-left\" data-aos-delay=\"250\">\n\n<figure class=\"wp-block-image size-full\"><img loading=\"lazy\" decoding=\"async\" width=\"655\" height=\"447\" src=\"https:\/\/certoplast.com\/wp-content\/uploads\/certoplast-content-uber-uns-1.png\" alt=\"\" class=\"wp-image-2172\" srcset=\"https:\/\/certoplast.com\/wp-content\/uploads\/certoplast-content-uber-uns-1.png 655w, https:\/\/certoplast.com\/wp-content\/uploads\/certoplast-content-uber-uns-1-300x205.png 300w\" sizes=\"auto, (max-width: 655px) 100vw, 655px\" \/><\/figure>\n\n\n\n<p><\/p>\n\n<\/div><\/div>\n<\/div>\n<\/div>\n<\/div><div class=\"gb-container gb-container-ee3c6f3b gb-container-default\">\n<div class=\"gb-container gb-container-127e392a\">\n<div class=\"gb-grid-wrapper gb-grid-wrapper-802a9ae1\">\n<div class=\"gb-grid-column gb-grid-column-5b94b631\"><div class=\"gb-container gb-container-5b94b631\" data-aos=\"fade-right\" data-aos-delay=\"250\">\n\n<figure class=\"gb-block-image gb-block-image-35b72aa3\"><img loading=\"lazy\" decoding=\"async\" width=\"780\" height=\"526\" class=\"gb-image gb-image-35b72aa3\" src=\"https:\/\/certoplast.com\/wp-content\/uploads\/geschaeftsfuehrung-1.png\" alt=\"\" title=\"zarz\u0105dzanie\" srcset=\"https:\/\/certoplast.com\/wp-content\/uploads\/geschaeftsfuehrung-1.png 780w, https:\/\/certoplast.com\/wp-content\/uploads\/geschaeftsfuehrung-1-300x202.png 300w, https:\/\/certoplast.com\/wp-content\/uploads\/geschaeftsfuehrung-1-768x518.png 768w\" sizes=\"auto, (max-width: 780px) 100vw, 780px\" \/><\/figure>\n\n<\/div><\/div>\n\n<div class=\"gb-grid-column gb-grid-column-5e965859\"><div class=\"gb-container gb-container-5e965859\" data-aos=\"fade-left\" data-aos-delay=\"250\">\n\n<div class=\"wp-block-pixel-headline headlines is-subheadline-bottom has-text-align-left\"><h1 class=\"headline\" style=\"color:\"><strong>Zarz\u0105dzanie<\/strong><\/h1><\/div>\n\n\n\n<p>certoplast Technische Klebeb\u00e4nder jest firm\u0105 rodzinn\u0105, zarz\u0105dzan\u0105 przez udzia\u0142owc\u00f3w.<\/p>\n\n\n\n<p>Dr Andreas Hohmann studiowa\u0142 chemi\u0119 na Uniwersytecie Heinricha Heinego w D\u00fcsseldorfie i uko\u0144czy\u0142 studia doktoranckie w dziedzinie syntezy organicznej w 2006 r. W tym samym roku dr Hohmann obj\u0105\u0142 r\u00f3wnie\u017c stanowisko dyrektora ds. bada\u0144 i rozwoju w certoplast Technische Klebeb\u00e4nder GmbH. Jego nominacja na szefa globalnej sprzeda\u017cy w 2009 r. by\u0142a poprzedzona kilkoma udanymi premierami produkt\u00f3w. Poniewa\u017c dr Hohmann przejmowa\u0142 coraz wi\u0119ksz\u0105 odpowiedzialno\u015b\u0107, w 2020 r. awansowa\u0142 na stanowisko dyrektora zarz\u0105dzaj\u0105cego certoplast Technische Klebeb\u00e4nder GmbH. Od momentu powo\u0142ania na stanowisko dyrektora zarz\u0105dzaj\u0105cego jest odpowiedzialny za dzia\u0142alno\u015b\u0107 w regionie EMEA i sprzeda\u017c globaln\u0105. Dr Hohmann jest aktywnym cz\u0142onkiem IVK (Industrieverband Klebstoffe e.V.) i Afera (European Adhesive Tape Association).     <\/p>\n\n\n\n<p>Dr Ren\u00e9 Rambusch uko\u0144czy\u0142 studia w zakresie administracji biznesowej i obroni\u0142 doktorat na temat powi\u0105za\u0144 mi\u0119dzy controllingiem, organizacj\u0105 korporacyjn\u0105 i marketingiem. Pracowa\u0142 w Centrum Controllingu i Zarz\u0105dzania na WHU &#8211; Otto Beisheim School of Management oraz dla The Boston Consulting Group w biurach w Monachium i Hamburgu. Do firmy do\u0142\u0105czy\u0142 w 2011 r., aby przyspieszy\u0107 dalsz\u0105 internacjonalizacj\u0119 i przygotowa\u0107 si\u0119 na zmian\u0119 pokoleniow\u0105.  <\/p>\n\n<\/div><\/div>\n<\/div>\n<\/div>\n<\/div><div class=\"gb-container gb-container-232e0c11 gb-container-default\">\n<div class=\"gb-container gb-container-16ff69e3\">\n<div class=\"gb-grid-wrapper gb-grid-wrapper-a8ab017a\">\n<div class=\"gb-grid-column gb-grid-column-9ce43b34\"><div class=\"gb-container gb-container-9ce43b34\" data-aos=\"fade-right\" data-aos-delay=\"250\">\n\n<div class=\"wp-block-pixel-headline headlines is-subheadline-bottom has-text-align-left\"><h1 class=\"headline\" style=\"color:\">Dla Pa\u0144stwa <strong>satysfakcji<\/strong><\/h1><\/div>\n\n\n\n<p>Wysoce wyspecjalizowani dostawcy wnosz\u0105 do naszych ta\u015bm samoprzylepnych swoje do\u015bwiadczenie w zakresie folii, tekstyli\u00f3w i pod\u0142o\u017cy papierowych. Niewielkie odleg\u0142o\u015bci i bliskie kontakty pozwalaj\u0105 nam szybko reagowa\u0107, aby zadowoli\u0107 naszych klient\u00f3w. <\/p>\n\n\n\n<p>W certoplast dost\u0119pna jest ca\u0142a gama nowoczesnych technologii ci\u0119cia, dzi\u0119ki czemu mo\u017cemy szybko i \u0142atwo reagowa\u0107 na indywidualne \u017cyczenia u\u017cytkownik\u00f3w.<\/p>\n\n\n\n<p>System zarz\u0105dzania jako\u015bci\u0105 certyfikowany zgodnie z DIN EN ISO 9001 + IATF 16949 monitoruje rozw\u00f3j i produkcj\u0119 naszych produkt\u00f3w &#8211; od przyj\u0119cia surowc\u00f3w do produkcji kleju, powlekania, ci\u0119cia i monta\u017cu, a\u017c po kontrol\u0119 towar\u00f3w wychodz\u0105cych, dzi\u0119ki czemu b\u0119dziemy nadal dostosowywa\u0107 si\u0119 do stale zmieniaj\u0105cych si\u0119 wymaga\u0144 rynku.<\/p>\n\n\n\n<p><strong>certoplast jest cz\u0142onkiem nast\u0119puj\u0105cych stowarzysze\u0144<\/strong>:<\/p>\n\n\n<div class=\"gb-container gb-container-f157fb14\">\n<div class=\"gb-container gb-container-d4f6ffe4\">\n<div class=\"gb-grid-wrapper gb-grid-wrapper-ffb66c8f\">\n<div class=\"gb-grid-column gb-grid-column-1b382ce6\"><div class=\"gb-container gb-container-1b382ce6\">\n\n<figure class=\"wp-block-image size-full\"><img loading=\"lazy\" decoding=\"async\" width=\"372\" height=\"124\" src=\"https:\/\/certoplast.com\/wp-content\/uploads\/industrieverband-klebstoffe-ev.jpg\" alt=\"\" class=\"wp-image-2156\" srcset=\"https:\/\/certoplast.com\/wp-content\/uploads\/industrieverband-klebstoffe-ev.jpg 372w, https:\/\/certoplast.com\/wp-content\/uploads\/industrieverband-klebstoffe-ev-300x100.jpg 300w\" sizes=\"auto, (max-width: 372px) 100vw, 372px\" \/><\/figure>\n\n<\/div><\/div>\n\n<div class=\"gb-grid-column gb-grid-column-aa64df9f\"><div class=\"gb-container gb-container-aa64df9f\">\n\n<figure class=\"wp-block-image size-full\"><img loading=\"lazy\" decoding=\"async\" width=\"130\" height=\"133\" src=\"https:\/\/certoplast.com\/wp-content\/uploads\/afera.jpg\" alt=\"\" class=\"wp-image-2155\"\/><\/figure>\n\n<\/div><\/div>\n\n<div class=\"gb-grid-column gb-grid-column-26a381c0\"><div class=\"gb-container gb-container-26a381c0\"><\/div><\/div>\n<\/div>\n<\/div>\n<\/div>\n<\/div><\/div>\n\n<div class=\"gb-grid-column gb-grid-column-19bf2218\"><div class=\"gb-container gb-container-19bf2218\" data-aos=\"fade-left\" data-aos-delay=\"250\">\n\n<figure class=\"wp-block-image size-full\"><img loading=\"lazy\" decoding=\"async\" width=\"655\" height=\"447\" src=\"https:\/\/certoplast.com\/wp-content\/uploads\/certoplast_ueber_uns_zufriedenheit.png\" alt=\"\" class=\"wp-image-2483\" srcset=\"https:\/\/certoplast.com\/wp-content\/uploads\/certoplast_ueber_uns_zufriedenheit.png 655w, https:\/\/certoplast.com\/wp-content\/uploads\/certoplast_ueber_uns_zufriedenheit-300x205.png 300w\" sizes=\"auto, (max-width: 655px) 100vw, 655px\" \/><\/figure>\n\n<\/div><\/div>\n<\/div>\n<\/div>\n<\/div>","protected":false},"excerpt":{"rendered":"","protected":false},"author":1,"featured_media":4928,"parent":5131,"menu_order":0,"comment_status":"closed","ping_status":"closed","template":"","meta":{"_acf_changed":false,"inline_featured_image":false,"footnotes":""},"class_list":["post-4944","page","type-page","status-publish","has-post-thumbnail"],"acf":[],"_links":{"self":[{"href":"https:\/\/certoplast.com\/pl\/wp-json\/wp\/v2\/pages\/4944","targetHints":{"allow":["GET"]}}],"collection":[{"href":"https:\/\/certoplast.com\/pl\/wp-json\/wp\/v2\/pages"}],"about":[{"href":"https:\/\/certoplast.com\/pl\/wp-json\/wp\/v2\/types\/page"}],"author":[{"embeddable":true,"href":"https:\/\/certoplast.com\/pl\/wp-json\/wp\/v2\/users\/1"}],"replies":[{"embeddable":true,"href":"https:\/\/certoplast.com\/pl\/wp-json\/wp\/v2\/comments?post=4944"}],"version-history":[{"count":1,"href":"https:\/\/certoplast.com\/pl\/wp-json\/wp\/v2\/pages\/4944\/revisions"}],"predecessor-version":[{"id":4956,"href":"https:\/\/certoplast.com\/pl\/wp-json\/wp\/v2\/pages\/4944\/revisions\/4956"}],"up":[{"embeddable":true,"href":"https:\/\/certoplast.com\/pl\/wp-json\/wp\/v2\/pages\/5131"}],"wp:featuredmedia":[{"embeddable":true,"href":"https:\/\/certoplast.com\/pl\/wp-json\/wp\/v2\/media\/4928"}],"wp:attachment":[{"href":"https:\/\/certoplast.com\/pl\/wp-json\/wp\/v2\/media?parent=4944"}],"curies":[{"name":"wp","href":"https:\/\/api.w.org\/{rel}","templated":true}]}}