{"id":5066,"date":"2023-07-13T11:54:55","date_gmt":"2023-07-13T09:54:55","guid":{"rendered":"https:\/\/certoplast.com\/lokalizacje\/"},"modified":"2025-09-12T13:08:55","modified_gmt":"2025-09-12T11:08:55","slug":"lokalizacje","status":"publish","type":"page","link":"https:\/\/certoplast.com\/pl\/firma\/lokalizacje\/","title":{"rendered":"Lokalizacje"},"content":{"rendered":"\r\n\t\t\t       \r\n            \r\n            <div class=\"hero hero-9dcbd982 full\">\r\n\t\t\t\t\t\t\t\t<div class=\"acf-innerblocks-container\">\n\r\n\t\t\t       \r\n                    \r\n            <div class=\"hero-slide hero-slide-9356e1a3 is-style-image\">\r\n\t\t\t\t<div class=\"hero-canvas\">\r\n\t\t\t\t\t<div class=\"hero-subheadline\">Dla klient\u00f3w mi\u0119dzynarodowych<\/div>\t\t\t\t\t<h1 class=\"hero-headline\">Lokalizacje<\/h1>\t\t\t\t<\/div>\r\n\t\t\t\t<div class=\"hero-media hero-media-image\"><img loading=\"lazy\" decoding=\"async\" width=\"1920\" height=\"519\" src=\"https:\/\/certoplast.com\/wp-content\/uploads\/certoplast-header-ueber-uns.jpg\" class=\"attachment-full size-full\" alt=\"\" srcset=\"https:\/\/certoplast.com\/wp-content\/uploads\/certoplast-header-ueber-uns.jpg 1920w, https:\/\/certoplast.com\/wp-content\/uploads\/certoplast-header-ueber-uns-300x81.jpg 300w, https:\/\/certoplast.com\/wp-content\/uploads\/certoplast-header-ueber-uns-1024x277.jpg 1024w, https:\/\/certoplast.com\/wp-content\/uploads\/certoplast-header-ueber-uns-768x208.jpg 768w, https:\/\/certoplast.com\/wp-content\/uploads\/certoplast-header-ueber-uns-1536x415.jpg 1536w, https:\/\/certoplast.com\/wp-content\/uploads\/certoplast-header-ueber-uns-800x216.jpg 800w\" sizes=\"auto, (max-width: 1920px) 100vw, 1920px\" \/><\/div>            <\/div>\r\n\t\t\t\t\r\n            \r\n\t\t\t\r\n        \r\n            \n<\/div>\r\n\t\t\t\t\t\t\t\t\r\n\t\t\t\t\t\t\t<\/div>\r\n\t\t\t\t\r\n\t\t\t\r\n\t\t\t        \r\n            \n\n<section class=\"gb-container gb-container-ba729ef0 gb-container-default\">\n<div class=\"gb-container gb-container-73f4703a\">\n<div class=\"gb-grid-wrapper gb-grid-wrapper-a07a5fd9\">\n<div class=\"gb-grid-column gb-grid-column-4b6308df\"><div class=\"gb-container gb-container-4b6308df\" data-aos=\"fade-right\" data-aos-delay=\"250\">\n\n<div class=\"wp-block-pixel-headline headlines is-subheadline-bottom has-text-align-left\"><h1 class=\"headline\" style=\"color:\">Globalne <strong>wsparcie<\/strong><\/h1><\/div>\n\n\n\n<p>Dzi\u0119ki lokalizacjom na trzech kontynentach mo\u017cemy zaoferowa\u0107 naszym mi\u0119dzynarodowym klientom najlepsze mo\u017cliwe wsparcie lokalne. Poniewa\u017c certoplast Technische Klebeb\u00e4nder GmbH, nawet jako firma \u015bredniej wielko\u015bci, chce wsz\u0119dzie oferowa\u0107 rozwi\u0105zania dostosowane do indywidualnych potrzeb. <\/p>\n\n<\/div><\/div>\n\n<div class=\"gb-grid-column gb-grid-column-e09912fc\"><div class=\"gb-container gb-container-e09912fc hoverzoom\" data-aos=\"fade-left\" data-aos-delay=\"250\">\n\n<figure class=\"wp-block-image size-full is-resized\"><img loading=\"lazy\" decoding=\"async\" width=\"1536\" height=\"814\" src=\"https:\/\/certoplast.com\/wp-content\/uploads\/standorte-1536x671_pol.png\" alt=\"\" class=\"wp-image-9401\" srcset=\"https:\/\/certoplast.com\/wp-content\/uploads\/standorte-1536x671_pol.png 1536w, https:\/\/certoplast.com\/wp-content\/uploads\/standorte-1536x671_pol-300x159.png 300w, https:\/\/certoplast.com\/wp-content\/uploads\/standorte-1536x671_pol-1024x543.png 1024w, https:\/\/certoplast.com\/wp-content\/uploads\/standorte-1536x671_pol-768x407.png 768w\" sizes=\"auto, (max-width: 1536px) 100vw, 1536px\" \/><\/figure>\n\n<\/div><\/div>\n<\/div>\n<\/div>\n<\/section>\n\n<section class=\"gb-container gb-container-4bb7e86c gb-container-default\">\n<div class=\"gb-container gb-container-7a2ced88\">\n<div class=\"gb-grid-wrapper gb-grid-wrapper-2ca9c5d7\">\n<div class=\"gb-grid-column gb-grid-column-1f65b060\"><div class=\"gb-container gb-container-1f65b060\" data-aos=\"fade-up\" data-aos-delay=\"250\">\n<div class=\"gb-grid-wrapper gb-grid-wrapper-a7a520a1\">\n<div class=\"gb-grid-column gb-grid-column-fa8a597b\"><div class=\"gb-container gb-container-fa8a597b\">\n\n<figure class=\"wp-block-image size-full is-resized\"><img loading=\"lazy\" decoding=\"async\" width=\"50\" height=\"50\" src=\"https:\/\/certoplast.com\/wp-content\/uploads\/Gruppe-569.png\" alt=\"\" class=\"wp-image-1441\"\/><\/figure>\n\n<\/div><\/div>\n\n<div class=\"gb-grid-column gb-grid-column-c755a5ef\"><div class=\"gb-container gb-container-c755a5ef location_resp\">\n\n<div class=\"wp-block-pixel-headline headlines is-subheadline-bottom has-text-align-left\"><h5 class=\"headline\" style=\"color:\">certoplast<br>Technische Klebeb\u00e4nder GmbH<\/h5><\/div>\n\n\n\n<p>M\u00fcngstener Stra\u00dfe 10<br>42285 Wuppertal<\/p>\n\n\n\n<div class=\"wp-block-group is-content-justification-left is-nowrap is-layout-flex wp-container-core-group-is-layout-a1141ae5 wp-block-group-is-layout-flex\">\n<a class=\"gb-button gb-button-0af38c6c gb-button-text\" href=\"https:\/\/certoplast.com\/pl\/podejscie\/\" rel=\"nofollow\">Podej\u015bcie<br><\/a>\n\n\n\n<a class=\"gb-button gb-button-b3121d6c gb-button-text\" href=\"https:\/\/certoplast.com\/pl\/prosze-sie-z-nami-skontaktowac\/#geschaeftsfuehrung\" rel=\"nofollow\">Prosz\u0119 si\u0119 z nami skontaktowa\u0107<\/a>\n<\/div>\n\n<\/div><\/div>\n<\/div>\n<\/div><\/div>\n\n<div class=\"gb-grid-column gb-grid-column-6236e99a\"><div class=\"gb-container gb-container-6236e99a\" data-aos=\"fade-up\" data-aos-delay=\"500\">\n<div class=\"gb-grid-wrapper gb-grid-wrapper-6914310b\">\n<div class=\"gb-grid-column gb-grid-column-d9ac207c\"><div class=\"gb-container gb-container-d9ac207c\">\n\n<figure class=\"wp-block-image size-full is-resized\"><img loading=\"lazy\" decoding=\"async\" width=\"50\" height=\"50\" src=\"https:\/\/certoplast.com\/wp-content\/uploads\/Gruppe-573.png\" alt=\"\" class=\"wp-image-1456\"\/><\/figure>\n\n<\/div><\/div>\n\n<div class=\"gb-grid-column gb-grid-column-7a9dcd9c\"><div class=\"gb-container gb-container-7a9dcd9c location_resp\">\n\n<div class=\"wp-block-pixel-headline headlines is-subheadline-bottom has-text-align-left\"><h5 class=\"headline\" style=\"color:\">certoplast<br>North America Inc.<\/h5><\/div>\n\n\n\n<p>9030 Advancement Avenue<br>Las Cruces, NM 88007<\/p>\n\n\n\n<div class=\"wp-block-group is-nowrap is-layout-flex wp-container-core-group-is-layout-ad2f72ca wp-block-group-is-layout-flex\">\n<a class=\"gb-button gb-button-c65360da gb-button-text\" href=\"https:\/\/maps.app.goo.gl\/Zjz7KMQEHWMSuMno7\" target=\"_blank\" rel=\"nofollow noopener noreferrer\">Podej\u015bcie<\/a>\n\n\n\n<a class=\"gb-button gb-button-f7c7b6dc gb-button-text\" href=\"https:\/\/certoplast.com\/pl\/prosze-sie-z-nami-skontaktowac\/#northamerika\" rel=\"nofollow\">Prosz\u0119 si\u0119 z nami skontaktowa\u0107<\/a>\n<\/div>\n\n<\/div><\/div>\n<\/div>\n<\/div><\/div>\n\n<div class=\"gb-grid-column gb-grid-column-eaf1dae4\"><div class=\"gb-container gb-container-eaf1dae4\" data-aos=\"fade-up\" data-aos-delay=\"750\">\n<div class=\"gb-grid-wrapper gb-grid-wrapper-d7687e74\">\n<div class=\"gb-grid-column gb-grid-column-e5091703\"><div class=\"gb-container gb-container-e5091703\">\n\n<figure class=\"wp-block-image size-full is-resized\"><img loading=\"lazy\" decoding=\"async\" width=\"50\" height=\"50\" src=\"https:\/\/certoplast.com\/wp-content\/uploads\/Gruppe-575.png\" alt=\"\" class=\"wp-image-1459\"\/><\/figure>\n\n<\/div><\/div>\n\n<div class=\"gb-grid-column gb-grid-column-78344d23\"><div class=\"gb-container gb-container-78344d23 location_resp\">\n\n<div class=\"wp-block-pixel-headline headlines is-subheadline-bottom has-text-align-left\"><h5 class=\"headline\" style=\"color:\">certoplast<br>(Suzhou) Co., Ltd<\/h5><\/div>\n\n\n\n<p>NO. 2 Hengpuxiang, Qingqiu street, SIP,<br>Suzhou, 215126, P.R. China<\/p>\n\n\n\n<div class=\"wp-block-group is-nowrap is-layout-flex wp-container-core-group-is-layout-ad2f72ca wp-block-group-is-layout-flex\">\n<a class=\"gb-button gb-button-529642b6 gb-button-text\" href=\"https:\/\/maps.app.goo.gl\/2Enj2rNUHih6VQb3A\" target=\"_blank\" rel=\"nofollow noopener noreferrer\">Podej\u015bcie<\/a>\n\n\n\n<a class=\"gb-button gb-button-6bd8674a gb-button-text\" href=\"https:\/\/certoplast.com\/pl\/prosze-sie-z-nami-skontaktowac\/#asia\" rel=\"nofollow\">Prosz\u0119 si\u0119 z nami skontaktowa\u0107<\/a>\n<\/div>\n\n<\/div><\/div>\n<\/div>\n<\/div><\/div>\n\n<div class=\"gb-grid-column gb-grid-column-9b3e6344\"><div class=\"gb-container gb-container-9b3e6344\" data-aos=\"fade-up\" data-aos-delay=\"750\">\n<div class=\"gb-grid-wrapper gb-grid-wrapper-bfd95524\">\n<div class=\"gb-grid-column gb-grid-column-f6e56dfc\"><div class=\"gb-container gb-container-f6e56dfc\">\n\n<figure class=\"wp-block-image size-full is-resized\"><img loading=\"lazy\" decoding=\"async\" width=\"50\" height=\"50\" src=\"https:\/\/certoplast.com\/wp-content\/uploads\/indien.png\" alt=\"\" class=\"wp-image-9220\"\/><\/figure>\n\n<\/div><\/div>\n\n<div class=\"gb-grid-column gb-grid-column-44cbc17c\"><div class=\"gb-container gb-container-44cbc17c location_resp\">\n\n<div class=\"wp-block-pixel-headline headlines is-subheadline-bottom has-text-align-left\"><h5 class=\"headline\" style=\"color:\">certoplast<br>India Pvt. Ltd.<\/h5><\/div>\n\n\n\n<p>A 1\/4\/2, MIDC, loni, Indapur, Pune, Maharashtra, 413132, Indie.<\/p>\n\n\n\n<div class=\"wp-block-group is-nowrap is-layout-flex wp-container-core-group-is-layout-ad2f72ca wp-block-group-is-layout-flex\">\n<a class=\"gb-button gb-button-d26a4a06 gb-button-text\" href=\"https:\/\/maps.app.goo.gl\/Waj4xZQANPiiDYw67\" target=\"_blank\" rel=\"nofollow noopener noreferrer\">Podej\u015bcie<\/a>\n\n\n\n<a class=\"gb-button gb-button-9ebbd566 gb-button-text\" href=\"https:\/\/certoplast.com\/pl\/prosze-sie-z-nami-skontaktowac\/#asia\" rel=\"nofollow\">Prosz\u0119 si\u0119 z nami skontaktowa\u0107<\/a>\n<\/div>\n\n<\/div><\/div>\n<\/div>\n<\/div><\/div>\n\n<div class=\"gb-grid-column gb-grid-column-09c34408\"><div class=\"gb-container gb-container-09c34408\" data-aos=\"fade-up\" data-aos-delay=\"750\">\n<div class=\"gb-grid-wrapper gb-grid-wrapper-5a549d49\">\n<div class=\"gb-grid-column gb-grid-column-ae5f57ba\"><div class=\"gb-container gb-container-ae5f57ba\">\n\n<figure class=\"wp-block-image size-full is-resized\"><img loading=\"lazy\" decoding=\"async\" width=\"50\" height=\"50\" src=\"https:\/\/certoplast.com\/wp-content\/uploads\/vietnam.png\" alt=\"\" class=\"wp-image-9260\"\/><\/figure>\n\n<\/div><\/div>\n\n<div class=\"gb-grid-column gb-grid-column-15a13223\"><div class=\"gb-container gb-container-15a13223 location_resp\">\n\n<div class=\"wp-block-pixel-headline headlines is-subheadline-bottom has-text-align-left\"><h5 class=\"headline\" style=\"color:\">certoplast<br>Vietnam Company Limited<\/h5><\/div>\n\n\n\n<p>Warsztaty RBF.D2, RBF.D3, dzia\u0142ka CN4-02, strefa pozataryfowa i park przemys\u0142owy Nam Dinh Vu (strefa 1), strefa ekonomiczna Dinh Vu &#8211; Cat Hai, oddzia\u0142 Dong Hai, miasto Hai Phong, Wietnam<\/p>\n\n\n\n<div class=\"wp-block-group is-nowrap is-layout-flex wp-container-core-group-is-layout-ad2f72ca wp-block-group-is-layout-flex\">\n<a class=\"gb-button gb-button-e9aeac3e gb-button-text\" href=\"https:\/\/maps.app.goo.gl\/kmWpK6EPpPAdJpnEA\" target=\"_blank\" rel=\"nofollow noopener noreferrer\">Podej\u015bcie<\/a>\n\n\n\n<a class=\"gb-button gb-button-e7347abb gb-button-text\" href=\"https:\/\/certoplast.com\/pl\/prosze-sie-z-nami-skontaktowac\/#asia\" rel=\"nofollow\">Prosz\u0119 si\u0119 z nami skontaktowa\u0107<\/a>\n<\/div>\n\n<\/div><\/div>\n<\/div>\n<\/div><\/div>\n\n<div class=\"gb-grid-column gb-grid-column-c8a323a8\"><div class=\"gb-container gb-container-c8a323a8\" data-aos=\"fade-up\" data-aos-delay=\"750\">\n<div class=\"gb-grid-wrapper gb-grid-wrapper-44ca30b1\">\n<div class=\"gb-grid-column gb-grid-column-5c8c2676\"><div class=\"gb-container gb-container-5c8c2676\">\n\n<figure class=\"wp-block-image size-full is-resized\"><img loading=\"lazy\" decoding=\"async\" width=\"50\" height=\"50\" src=\"https:\/\/certoplast.com\/wp-content\/uploads\/mexico.png\" alt=\"\" class=\"wp-image-9240\"\/><\/figure>\n\n<\/div><\/div>\n\n<div class=\"gb-grid-column gb-grid-column-3dc83853\"><div class=\"gb-container gb-container-3dc83853 location_resp\">\n\n<div class=\"wp-block-pixel-headline headlines is-subheadline-bottom has-text-align-left\"><h5 class=\"headline\" style=\"color:\">certoplast<br>North America Inc.<\/h5><\/div>\n\n\n\n<p>3 Santa Rosa de Viterbo Avenue, El Marques, Queretaro, Meksyk, 76246<\/p>\n\n\n\n<div class=\"wp-block-group is-nowrap is-layout-flex wp-container-core-group-is-layout-ad2f72ca wp-block-group-is-layout-flex\">\n<a class=\"gb-button gb-button-0e0562ca gb-button-text\" href=\"https:\/\/maps.app.goo.gl\/ABdFANtJNviRHRmX9\" target=\"_blank\" rel=\"nofollow noopener noreferrer\">Podej\u015bcie<\/a>\n\n\n\n<a class=\"gb-button gb-button-95576fa2 gb-button-text\" href=\"https:\/\/certoplast.com\/pl\/prosze-sie-z-nami-skontaktowac\/#northamerika\" rel=\"nofollow\">Prosz\u0119 si\u0119 z nami skontaktowa\u0107<\/a>\n<\/div>\n\n<\/div><\/div>\n<\/div>\n<\/div><\/div>\n<\/div>\n<\/div>\n<\/section>","protected":false},"excerpt":{"rendered":"","protected":false},"author":1,"featured_media":4928,"parent":5131,"menu_order":1,"comment_status":"closed","ping_status":"closed","template":"","meta":{"_acf_changed":false,"inline_featured_image":false,"footnotes":""},"class_list":["post-5066","page","type-page","status-publish","has-post-thumbnail"],"acf":[],"_links":{"self":[{"href":"https:\/\/certoplast.com\/pl\/wp-json\/wp\/v2\/pages\/5066","targetHints":{"allow":["GET"]}}],"collection":[{"href":"https:\/\/certoplast.com\/pl\/wp-json\/wp\/v2\/pages"}],"about":[{"href":"https:\/\/certoplast.com\/pl\/wp-json\/wp\/v2\/types\/page"}],"author":[{"embeddable":true,"href":"https:\/\/certoplast.com\/pl\/wp-json\/wp\/v2\/users\/1"}],"replies":[{"embeddable":true,"href":"https:\/\/certoplast.com\/pl\/wp-json\/wp\/v2\/comments?post=5066"}],"version-history":[{"count":5,"href":"https:\/\/certoplast.com\/pl\/wp-json\/wp\/v2\/pages\/5066\/revisions"}],"predecessor-version":[{"id":9480,"href":"https:\/\/certoplast.com\/pl\/wp-json\/wp\/v2\/pages\/5066\/revisions\/9480"}],"up":[{"embeddable":true,"href":"https:\/\/certoplast.com\/pl\/wp-json\/wp\/v2\/pages\/5131"}],"wp:featuredmedia":[{"embeddable":true,"href":"https:\/\/certoplast.com\/pl\/wp-json\/wp\/v2\/media\/4928"}],"wp:attachment":[{"href":"https:\/\/certoplast.com\/pl\/wp-json\/wp\/v2\/media?parent=5066"}],"curies":[{"name":"wp","href":"https:\/\/api.w.org\/{rel}","templated":true}]}}