{"id":5096,"date":"2023-07-13T12:01:59","date_gmt":"2023-07-13T10:01:59","guid":{"rendered":"https:\/\/certoplast.com\/jakosc-i-srodowisko\/"},"modified":"2025-04-07T11:20:46","modified_gmt":"2025-04-07T09:20:46","slug":"jakosc-i-srodowisko","status":"publish","type":"page","link":"https:\/\/certoplast.com\/pl\/firma\/jakosc-i-srodowisko\/","title":{"rendered":"Jako\u015b\u0107 i \u015brodowisko"},"content":{"rendered":"\r\n\t\t\t       \r\n            \r\n            <div class=\"hero hero-2b7cd7ed full\">\r\n\t\t\t\t\t\t\t\t<div class=\"acf-innerblocks-container\">\n\r\n\t\t\t       \r\n                    \r\n            <div class=\"hero-slide hero-slide-427b527e is-style-image\">\r\n\t\t\t\t<div class=\"hero-canvas\">\r\n\t\t\t\t\t<div class=\"hero-subheadline\">Jeste\u015bmy certyfikowani<\/div>\t\t\t\t\t<h1 class=\"hero-headline\">Jako\u015b\u0107 i \u015brodowisko<\/h1>\t\t\t\t<\/div>\r\n\t\t\t\t<div class=\"hero-media hero-media-image\"><img loading=\"lazy\" decoding=\"async\" width=\"1920\" height=\"519\" src=\"https:\/\/certoplast.com\/wp-content\/uploads\/certoplast-header-ueber-uns.jpg\" class=\"attachment-full size-full\" alt=\"\" srcset=\"https:\/\/certoplast.com\/wp-content\/uploads\/certoplast-header-ueber-uns.jpg 1920w, https:\/\/certoplast.com\/wp-content\/uploads\/certoplast-header-ueber-uns-300x81.jpg 300w, https:\/\/certoplast.com\/wp-content\/uploads\/certoplast-header-ueber-uns-1024x277.jpg 1024w, https:\/\/certoplast.com\/wp-content\/uploads\/certoplast-header-ueber-uns-768x208.jpg 768w, https:\/\/certoplast.com\/wp-content\/uploads\/certoplast-header-ueber-uns-1536x415.jpg 1536w, https:\/\/certoplast.com\/wp-content\/uploads\/certoplast-header-ueber-uns-800x216.jpg 800w\" sizes=\"auto, (max-width: 1920px) 100vw, 1920px\" \/><\/div>            <\/div>\r\n\t\t\t\t\r\n            \r\n\t\t\t\r\n        \r\n            \n<\/div>\r\n\t\t\t\t\t\t\t\t\r\n\t\t\t\t\t\t\t<\/div>\r\n\t\t\t\t\r\n\t\t\t\r\n\t\t\t        \r\n            <div class=\"gb-container gb-container-e4a6c0a8 gb-container-default\">\n<div class=\"gb-container gb-container-c7df1ec9\">\n<div class=\"gb-grid-wrapper gb-grid-wrapper-6a48ed2e\">\n<div class=\"gb-grid-column gb-grid-column-6eb6a587\"><div class=\"gb-container gb-container-6eb6a587\" data-aos=\"fade-right\" data-aos-delay=\"250\">\n\n<div class=\"wp-block-pixel-headline headlines is-subheadline-bottom has-text-align-left\"><h1 class=\"headline\" style=\"color:\">Certyfikowana <strong>jako\u015b\u0107<\/strong><br><\/h1><\/div>\n\n\n\n<p>Jako firma prowadz\u0105ca badania i produkcj\u0119 w Niemczech, najwy\u017csze standardy jako\u015bci stanowi\u0105 podstaw\u0119 naszej kultury pracy. Aby sprosta\u0107 tym wymaganiom i spe\u0142ni\u0107 wymagania naszych klient\u00f3w, wdro\u017cyli\u015bmy system zarz\u0105dzania jako\u015bci\u0105 zgodny z normami IATF 16949 i ISO 9001. Od czasu pierwszej certyfikacji w 2002 r. byli\u015bmy w stanie stale rozwija\u0107 ten system.  <\/p>\n\n<\/div><\/div>\n\n<div class=\"gb-grid-column gb-grid-column-cef3569e\"><div class=\"gb-container gb-container-cef3569e\" data-aos=\"fade-left\" data-aos-delay=\"250\"><a class=\"gb-container-link\" href=\"https:\/\/certoplast.com\/wp-content\/uploads\/certoplast_IATF_de.pdf\" rel=\"noopener noreferrer\" target=\"_blank\"><\/a>\n\n<figure class=\"wp-block-image size-full\"><img loading=\"lazy\" decoding=\"async\" width=\"720\" height=\"500\" src=\"https:\/\/certoplast.com\/wp-content\/uploads\/certoplast_IATF_de.jpg\" alt=\"\" class=\"wp-image-3650\" srcset=\"https:\/\/certoplast.com\/wp-content\/uploads\/certoplast_IATF_de.jpg 720w, https:\/\/certoplast.com\/wp-content\/uploads\/certoplast_IATF_de-300x208.jpg 300w\" sizes=\"auto, (max-width: 720px) 100vw, 720px\" \/><\/figure>\n\n\n\n<p>IATF 16949 (PDF, 246 kB)<\/p>\n\n<\/div><\/div>\n<\/div>\n<\/div>\n<\/div><div class=\"gb-container gb-container-0dcc8fc1 gb-container-default\">\n<div class=\"gb-container gb-container-7172409e\">\n<div class=\"gb-grid-wrapper gb-grid-wrapper-5b891cf0\">\n<div class=\"gb-grid-column gb-grid-column-22794006\"><div class=\"gb-container gb-container-22794006\" data-aos=\"fade-right\" data-aos-delay=\"250\">\n\n<div class=\"wp-block-pixel-headline headlines is-subheadline-bottom has-text-align-left\"><h1 class=\"headline\" style=\"color:\">Certyfikowane <strong>zarz\u0105dzanie \u015brodowiskowe<\/strong><br><\/h1><\/div>\n\n\n\n<p>Od samego pocz\u0105tku certoplast pracuje nad wykorzystaniem bardziej zr\u00f3wnowa\u017conych, przyjaznych dla \u015brodowiska technologii i ci\u0105g\u0142ym zmniejszaniem zu\u017cycia zasob\u00f3w. Ju\u017c w 1999 roku ca\u0142a gama produkt\u00f3w zosta\u0142a przestawiona na bezrozpuszczalnikowe systemy klejowe. Od 2012 r. system ogrzewania zosta\u0142 przekszta\u0142cony w ogrzewanie miejskie ze spalania odpad\u00f3w.  <\/p>\n\n\n\n<p>W celu przekszta\u0142cenia tego procesu w proces ci\u0105g\u0142y, w szczeg\u00f3lno\u015bci z perspektywy ochrony \u015brodowiska\/zasob\u00f3w, oraz zapewnienia pracownikom lepszych narz\u0119dzi, certoplast zdecydowa\u0142 si\u0119 na wprowadzenie w 2014 r. systemu zarz\u0105dzania \u015brodowiskowego zgodnego z norm\u0105 ISO 14001.<\/p>\n\n<\/div><\/div>\n\n<div class=\"gb-grid-column gb-grid-column-90e560e2\"><div class=\"gb-container gb-container-90e560e2\" data-aos=\"fade-left\" data-aos-delay=\"250\"><a class=\"gb-container-link\" href=\"https:\/\/certoplast.com\/wp-content\/uploads\/certoplast_quacert_de.pdf\" rel=\"noopener noreferrer\" target=\"_blank\"><\/a>\n\n<figure class=\"wp-block-image size-full\"><img loading=\"lazy\" decoding=\"async\" width=\"720\" height=\"500\" src=\"https:\/\/certoplast.com\/wp-content\/uploads\/certoplast_quacert_de.jpg\" alt=\"\" class=\"wp-image-3648\" srcset=\"https:\/\/certoplast.com\/wp-content\/uploads\/certoplast_quacert_de.jpg 720w, https:\/\/certoplast.com\/wp-content\/uploads\/certoplast_quacert_de-300x208.jpg 300w\" sizes=\"auto, (max-width: 720px) 100vw, 720px\" \/><\/figure>\n\n\n\n<p>ISO 14001 (PDF, 101 kB)<\/p>\n\n<\/div><\/div>\n<\/div>\n<\/div>\n<\/div><div class=\"gb-container gb-container-f46241a3 gb-container-default\">\n<div class=\"gb-container gb-container-a1de4212\">\n<div class=\"gb-grid-wrapper gb-grid-wrapper-5659b4c1\">\n<div class=\"gb-grid-column gb-grid-column-a6470b0d\"><div class=\"gb-container gb-container-a6470b0d\" data-aos=\"fade-right\" data-aos-delay=\"250\">\n\n<div class=\"wp-block-pixel-headline headlines is-subheadline-bottom has-text-align-left\"><h1 class=\"headline\" style=\"color:\">Certyfikowane <strong>zarz\u0105dzanie energi\u0105<\/strong><br><\/h1><\/div>\n\n\n\n<p>Wydajno\u015b\u0107 i zr\u00f3wnowa\u017cony rozw\u00f3j: w certoplast \u0142\u0105czymy najwy\u017csz\u0105 wydajno\u015b\u0107 z energooszcz\u0119dno\u015bci\u0105. Dlatego wprowadzenie zaawansowanego systemu zarz\u0105dzania energi\u0105 by\u0142o dla nas oczywisto\u015bci\u0105. Nasz system zarz\u0105dzania energi\u0105 zgodny z norm\u0105 ISO 50001 zosta\u0142 po raz pierwszy certyfikowany w 2015 roku. Rejestruje on ca\u0142\u0105 zu\u017cywan\u0105 energi\u0119 i udowadnia, \u017ce mo\u017cliwe jest harmonijne po\u0142\u0105czenie doskona\u0142o\u015bci technologicznej i odpowiedzialnego zu\u017cycia energii.   <\/p>\n\n<\/div><\/div>\n\n<div class=\"gb-grid-column gb-grid-column-9357c2e3\"><div class=\"gb-container gb-container-9357c2e3\" data-aos=\"fade-left\" data-aos-delay=\"250\"><a class=\"gb-container-link\" href=\"https:\/\/certoplast.com\/wp-content\/uploads\/certoplast_ISO50001_de.pdf\" rel=\"noopener noreferrer\" target=\"_blank\"><\/a>\n\n<figure class=\"wp-block-image size-full\"><img loading=\"lazy\" decoding=\"async\" width=\"720\" height=\"500\" src=\"https:\/\/certoplast.com\/wp-content\/uploads\/certoplast_ISO50001_de.jpg\" alt=\"\" class=\"wp-image-3652\" srcset=\"https:\/\/certoplast.com\/wp-content\/uploads\/certoplast_ISO50001_de.jpg 720w, https:\/\/certoplast.com\/wp-content\/uploads\/certoplast_ISO50001_de-300x208.jpg 300w\" sizes=\"auto, (max-width: 720px) 100vw, 720px\" \/><\/figure>\n\n\n\n<p>ISO 50001 (PDF, 154 kB)<\/p>\n\n<\/div><\/div>\n<\/div>\n<\/div>\n<\/div>","protected":false},"excerpt":{"rendered":"","protected":false},"author":1,"featured_media":4928,"parent":5131,"menu_order":3,"comment_status":"closed","ping_status":"closed","template":"","meta":{"_acf_changed":false,"inline_featured_image":false,"footnotes":""},"class_list":["post-5096","page","type-page","status-publish","has-post-thumbnail"],"acf":[],"_links":{"self":[{"href":"https:\/\/certoplast.com\/pl\/wp-json\/wp\/v2\/pages\/5096","targetHints":{"allow":["GET"]}}],"collection":[{"href":"https:\/\/certoplast.com\/pl\/wp-json\/wp\/v2\/pages"}],"about":[{"href":"https:\/\/certoplast.com\/pl\/wp-json\/wp\/v2\/types\/page"}],"author":[{"embeddable":true,"href":"https:\/\/certoplast.com\/pl\/wp-json\/wp\/v2\/users\/1"}],"replies":[{"embeddable":true,"href":"https:\/\/certoplast.com\/pl\/wp-json\/wp\/v2\/comments?post=5096"}],"version-history":[{"count":1,"href":"https:\/\/certoplast.com\/pl\/wp-json\/wp\/v2\/pages\/5096\/revisions"}],"predecessor-version":[{"id":5103,"href":"https:\/\/certoplast.com\/pl\/wp-json\/wp\/v2\/pages\/5096\/revisions\/5103"}],"up":[{"embeddable":true,"href":"https:\/\/certoplast.com\/pl\/wp-json\/wp\/v2\/pages\/5131"}],"wp:featuredmedia":[{"embeddable":true,"href":"https:\/\/certoplast.com\/pl\/wp-json\/wp\/v2\/media\/4928"}],"wp:attachment":[{"href":"https:\/\/certoplast.com\/pl\/wp-json\/wp\/v2\/media?parent=5096"}],"curies":[{"name":"wp","href":"https:\/\/api.w.org\/{rel}","templated":true}]}}