{"id":5142,"date":"2023-07-13T13:09:26","date_gmt":"2023-07-13T11:09:26","guid":{"rendered":"https:\/\/certoplast.com\/serwis\/"},"modified":"2025-04-07T11:20:50","modified_gmt":"2025-04-07T09:20:50","slug":"serwis","status":"publish","type":"page","link":"https:\/\/certoplast.com\/pl\/serwis\/","title":{"rendered":"Serwis"},"content":{"rendered":"\r\n\t\t\t       \r\n            \r\n            <div class=\"hero hero-69b9a5da full\">\r\n\t\t\t\t\t\t\t\t<div class=\"acf-innerblocks-container\">\n\r\n\t\t\t       \r\n                    \r\n            <div class=\"hero-slide hero-slide-9a4f29b6 is-style-image\">\r\n\t\t\t\t<div class=\"hero-canvas\">\r\n\t\t\t\t\t<div class=\"hero-subheadline\">Dalsze us\u0142ugi<\/div>\t\t\t\t\t<h1 class=\"hero-headline\">Serwis<\/h1>\t\t\t\t<\/div>\r\n\t\t\t\t<div class=\"hero-media hero-media-image\"><img loading=\"lazy\" decoding=\"async\" width=\"1920\" height=\"519\" src=\"https:\/\/certoplast.com\/wp-content\/uploads\/certoplast-header-service.jpg\" class=\"attachment-full size-full\" alt=\"\" srcset=\"https:\/\/certoplast.com\/wp-content\/uploads\/certoplast-header-service.jpg 1920w, https:\/\/certoplast.com\/wp-content\/uploads\/certoplast-header-service-300x81.jpg 300w, https:\/\/certoplast.com\/wp-content\/uploads\/certoplast-header-service-1024x277.jpg 1024w, https:\/\/certoplast.com\/wp-content\/uploads\/certoplast-header-service-768x208.jpg 768w, https:\/\/certoplast.com\/wp-content\/uploads\/certoplast-header-service-1536x415.jpg 1536w\" sizes=\"auto, (max-width: 1920px) 100vw, 1920px\" \/><\/div>            <\/div>\r\n\t\t\t\t\r\n            \r\n\t\t\t\r\n        \r\n            \n<\/div>\r\n\t\t\t\t\t\t\t\t\r\n\t\t\t\t\t\t\t<\/div>\r\n\t\t\t\t\r\n\t\t\t\r\n\t\t\t        \r\n            <section class=\"gb-container gb-container-e4a6c0a8 gb-container-default\">\n<div class=\"gb-container gb-container-c7df1ec9\">\n<div class=\"gb-grid-wrapper gb-grid-wrapper-6a48ed2e\">\n<div class=\"gb-grid-column gb-grid-column-6eb6a587\"><div class=\"gb-container gb-container-6eb6a587\">\n\n<div class=\"wp-block-pixel-headline headlines is-subheadline-bottom has-text-align-left\"><h1 class=\"headline\" style=\"color:\">Nasz<strong> serwis<\/strong><\/h1><\/div>\n\n<\/div><\/div>\n\n<div class=\"gb-grid-column gb-grid-column-a776d649\"><div class=\"gb-container gb-container-a776d649\" data-aos=\"fade-right\" data-aos-delay=\"250\">\n\n<p>W oparciu o nasze mo\u017cliwo\u015bci rozwojowe i park maszynowy mo\u017cemy zaoferowa\u0107 Pa\u0144stwu dodatkowe us\u0142ugi wykraczaj\u0105ce poza nasze standardowe portfolio produkt\u00f3w:<\/p>\n\n<\/div><\/div>\n<\/div>\n<\/div>\n<\/section><section class=\"gb-container gb-container-ca1abc50 gb-container-default\">\n<div class=\"gb-container gb-container-8245706e\">\n<div class=\"gb-grid-wrapper gb-grid-wrapper-8068f588\">\n<div class=\"gb-grid-column gb-grid-column-19412947\"><div class=\"gb-container gb-container-19412947\" data-aos=\"fade-right\" data-aos-delay=\"250\">\n\n<figure class=\"wp-block-image size-full\"><img loading=\"lazy\" decoding=\"async\" width=\"656\" height=\"447\" src=\"https:\/\/certoplast.com\/wp-content\/uploads\/certoplast_service_produktentwicklung.png\" alt=\"\" class=\"wp-image-2478\" srcset=\"https:\/\/certoplast.com\/wp-content\/uploads\/certoplast_service_produktentwicklung.png 656w, https:\/\/certoplast.com\/wp-content\/uploads\/certoplast_service_produktentwicklung-300x204.png 300w\" sizes=\"auto, (max-width: 656px) 100vw, 656px\" \/><\/figure>\n\n<\/div><\/div>\n\n<div class=\"gb-grid-column gb-grid-column-ec568827\"><div class=\"gb-container gb-container-ec568827\" data-aos=\"fade-left\" data-aos-delay=\"250\">\n\n<div class=\"wp-block-pixel-headline headlines is-subheadline-bottom has-text-align-left\"><h1 class=\"headline\" style=\"color:\"><strong>Rozw\u00f3j produkt\u00f3w<\/strong> dostosowanych do indywidualnych potrzeb<\/h1><\/div>\n\n\n\n<p>Nasz dzia\u0142 bada\u0144 i rozwoju nieustannie pracuje nad nowymi produktami, kt\u00f3re jeszcze lepiej zaspokoj\u0105 potrzeby naszych klient\u00f3w i poszerz\u0105 nasze portfolio produkt\u00f3w w spos\u00f3b zorientowany na rynek.<\/p>\n\n\n\n<p>Opr\u00f3cz pracy nad naszym portfolio produkt\u00f3w, nasz dzia\u0142 badawczo-rozwojowy opracowuje r\u00f3wnie\u017c rozwi\u0105zania w ramach projekt\u00f3w dla naszych klient\u00f3w zgodnie z ich specyfikacjami lub wsp\u00f3lnie pracujemy nad rozwi\u0105zaniami dla konkretnych zastosowa\u0144.<\/p>\n\n<\/div><\/div>\n<\/div>\n<\/div>\n<\/section><div class=\"gb-container gb-container-844ea15b gb-container-default\">\n<div class=\"gb-container gb-container-a0fc3153\">\n<div class=\"gb-grid-wrapper gb-grid-wrapper-aadc7e77\">\n<div class=\"gb-grid-column gb-grid-column-a1a37ced\"><div class=\"gb-container gb-container-a1a37ced\" data-aos=\"fade-right\" data-aos-delay=\"250\">\n\n<div class=\"wp-block-pixel-headline headlines is-subheadline-bottom has-text-align-left\"><h1 class=\"headline\" style=\"color:\">Indywidualna <strong>pow\u0142oka kontraktowa<\/strong><\/h1><\/div>\n\n\n\n<p>Szukaj\u0105 Pa\u0144stwo konkretnej pow\u0142oki dla swoich produkt\u00f3w?<\/p>\n\n\n\n<p><\/p>\n\n\n\n<p>Prosimy skorzysta\u0107 z naszej wiedzy i wszechstronnych mo\u017cliwo\u015bci technicznych dla Pa\u0144stwa rozwi\u0105zania. Prosz\u0119 z nami porozmawia\u0107, ch\u0119tnie Pa\u0144stwu doradzimy. <\/p>\n\n<\/div><\/div>\n\n<div class=\"gb-grid-column gb-grid-column-3ac68984\"><div class=\"gb-container gb-container-3ac68984\" data-aos=\"fade-left\" data-aos-delay=\"250\">\n\n<figure class=\"wp-block-image size-full\"><img loading=\"lazy\" decoding=\"async\" width=\"655\" height=\"447\" src=\"https:\/\/certoplast.com\/wp-content\/uploads\/certoplast_service_beschichtung.png\" alt=\"\" class=\"wp-image-2479\" srcset=\"https:\/\/certoplast.com\/wp-content\/uploads\/certoplast_service_beschichtung.png 655w, https:\/\/certoplast.com\/wp-content\/uploads\/certoplast_service_beschichtung-300x205.png 300w\" sizes=\"auto, (max-width: 655px) 100vw, 655px\" \/><\/figure>\n\n<\/div><\/div>\n<\/div>\n<\/div>\n<\/div>","protected":false},"excerpt":{"rendered":"","protected":false},"author":1,"featured_media":0,"parent":0,"menu_order":4,"comment_status":"closed","ping_status":"closed","template":"","meta":{"_acf_changed":false,"inline_featured_image":false,"footnotes":""},"class_list":["post-5142","page","type-page","status-publish"],"acf":[],"_links":{"self":[{"href":"https:\/\/certoplast.com\/pl\/wp-json\/wp\/v2\/pages\/5142","targetHints":{"allow":["GET"]}}],"collection":[{"href":"https:\/\/certoplast.com\/pl\/wp-json\/wp\/v2\/pages"}],"about":[{"href":"https:\/\/certoplast.com\/pl\/wp-json\/wp\/v2\/types\/page"}],"author":[{"embeddable":true,"href":"https:\/\/certoplast.com\/pl\/wp-json\/wp\/v2\/users\/1"}],"replies":[{"embeddable":true,"href":"https:\/\/certoplast.com\/pl\/wp-json\/wp\/v2\/comments?post=5142"}],"version-history":[{"count":1,"href":"https:\/\/certoplast.com\/pl\/wp-json\/wp\/v2\/pages\/5142\/revisions"}],"predecessor-version":[{"id":5146,"href":"https:\/\/certoplast.com\/pl\/wp-json\/wp\/v2\/pages\/5142\/revisions\/5146"}],"wp:attachment":[{"href":"https:\/\/certoplast.com\/pl\/wp-json\/wp\/v2\/media?parent=5142"}],"curies":[{"name":"wp","href":"https:\/\/api.w.org\/{rel}","templated":true}]}}