{"id":5259,"date":"2023-07-13T14:22:42","date_gmt":"2023-07-13T12:22:42","guid":{"rendered":"https:\/\/certoplast.com\/polityka-prywatnosci\/"},"modified":"2025-04-07T11:21:05","modified_gmt":"2025-04-07T09:21:05","slug":"polityka-prywatnosci","status":"publish","type":"page","link":"https:\/\/certoplast.com\/pl\/polityka-prywatnosci\/","title":{"rendered":"Polityka prywatno\u015bci"},"content":{"rendered":"<section class=\"gb-container gb-container-e4a6c0a8 gb-container-default\">\n<div class=\"gb-container gb-container-c7df1ec9\">\n<div class=\"gb-grid-wrapper gb-grid-wrapper-6a48ed2e\">\n<div class=\"gb-grid-column gb-grid-column-6eb6a587\"><div class=\"gb-container gb-container-6eb6a587\">\n\n<div class=\"wp-block-pixel-headline headlines is-subheadline-bottom has-text-align-left\"><h1 class=\"headline\" style=\"color:\">POLITYKA PRYWATNO\u015aCI<\/h1><\/div>\n\n\n\n<h2 class=\"wp-block-heading\">1. OCHRONA DANYCH W SKR\u00d3CIE<\/h2>\n\n\n\n<h3 class=\"wp-block-heading\">Informacje og\u00f3lne<\/h3>\n\n\n\n<p>Poni\u017csze informacje stanowi\u0105 prosty przegl\u0105d tego, co dzieje si\u0119 z Pa\u0144stwa danymi osobowymi, gdy odwiedzaj\u0105 Pa\u0144stwo nasz\u0105 stron\u0119 internetow\u0105. Dane osobowe to wszelkie dane, kt\u00f3re mog\u0105 by\u0107 wykorzystane do Pa\u0144stwa osobistej identyfikacji. Szczeg\u00f3\u0142owe informacje na temat ochrony danych osobowych znajd\u0105 Pa\u0144stwo w naszym o\u015bwiadczeniu o ochronie danych osobowych zamieszczonym poni\u017cej.  <\/p>\n\n\n\n<h3 class=\"wp-block-heading\">Gromadzenie danych na naszej stronie internetowej<\/h3>\n\n\n\n<p><strong>Kto jest odpowiedzialny za gromadzenie danych na tej stronie?<\/strong><\/p>\n\n\n\n<p>Przetwarzanie danych na tej stronie internetowej jest prowadzone przez operatora strony. Dane kontaktowe operatora znajd\u0105 Pa\u0144stwo w nocie prawnej niniejszej strony internetowej. <\/p>\n\n\n\n<p><strong>W jaki spos\u00f3b gromadzimy Pa\u0144stwa dane?<\/strong><\/p>\n\n\n\n<p>Z jednej strony Pa\u0144stwa dane s\u0105 gromadzone, gdy nam je Pa\u0144stwo przekazuj\u0105. Mog\u0105 to by\u0107 na przyk\u0142ad dane, kt\u00f3re wprowadzaj\u0105 Pa\u0144stwo w formularzu kontaktowym. <\/p>\n\n\n\n<p>Inne dane s\u0105 gromadzone automatycznie przez nasze systemy informatyczne, gdy odwiedzaj\u0105 Pa\u0144stwo stron\u0119 internetow\u0105. S\u0105 to przede wszystkim dane techniczne (np. przegl\u0105darka internetowa, system operacyjny lub czas wy\u015bwietlenia strony). Dane te s\u0105 gromadzone automatycznie, gdy tylko wejd\u0105 Pa\u0144stwo na nasz\u0105 stron\u0119 internetow\u0105.  <\/p>\n\n\n\n<p><strong>Do czego wykorzystujemy Pa\u0144stwa dane?<\/strong><\/p>\n\n\n\n<p>Niekt\u00f3re z tych danych s\u0105 gromadzone w celu zapewnienia bezb\u0142\u0119dnego dzia\u0142ania strony internetowej. Inne dane mog\u0105 by\u0107 wykorzystywane do analizy Pa\u0144stwa zachowania jako u\u017cytkownika. <\/p>\n\n\n\n<p><strong>Jakie prawa przys\u0142uguj\u0105 Pa\u0144stwu w odniesieniu do Pa\u0144stwa danych?<\/strong><\/p>\n\n\n\n<p>W ka\u017cdej chwili maj\u0105 Pa\u0144stwo prawo do bezp\u0142atnego otrzymania informacji o pochodzeniu, odbiorcy i celu przechowywanych danych osobowych. Maj\u0105 Pa\u0144stwo r\u00f3wnie\u017c prawo do \u017c\u0105dania poprawienia, zablokowania lub usuni\u0119cia tych danych. W ka\u017cdej chwili mog\u0105 Pa\u0144stwo skontaktowa\u0107 si\u0119 z nami pod adresem podanym w nocie prawnej, je\u015bli maj\u0105 Pa\u0144stwo dodatkowe pytania dotycz\u0105ce ochrony danych. Maj\u0105 Pa\u0144stwo r\u00f3wnie\u017c prawo do z\u0142o\u017cenia skargi do w\u0142a\u015bciwego organu nadzorczego.   <\/p>\n\n\n\n<h3 class=\"wp-block-heading\">Narz\u0119dzia analityczne i narz\u0119dzia dostawc\u00f3w zewn\u0119trznych<\/h3>\n\n\n\n<p>Gdy odwiedzaj\u0105 Pa\u0144stwo nasz\u0105 stron\u0119 internetow\u0105, Pa\u0144stwa zachowanie podczas surfowania mo\u017ce by\u0107 oceniane statystycznie. Odbywa si\u0119 to g\u0142\u00f3wnie za pomoc\u0105 plik\u00f3w cookie i tak zwanych program\u00f3w analitycznych. Analiza Pa\u0144stwa zachowania podczas surfowania jest zazwyczaj anonimowa; zachowanie podczas surfowania nie mo\u017ce by\u0107 przypisane do Pa\u0144stwa. Mog\u0105 Pa\u0144stwo sprzeciwi\u0107 si\u0119 takiej analizie lub zapobiec jej poprzez niekorzystanie z okre\u015blonych narz\u0119dzi. Szczeg\u00f3\u0142owe informacje na ten temat znajd\u0105 Pa\u0144stwo w poni\u017cszej polityce prywatno\u015bci.    <\/p>\n\n\n\n<p>Mog\u0105 Pa\u0144stwo sprzeciwi\u0107 si\u0119 tej analizie. O opcjach sprzeciwu poinformujemy Pa\u0144stwa w niniejszej polityce prywatno\u015bci. <\/p>\n\n\n\n<h2 class=\"wp-block-heading\">2. UWAGI OG\u00d3LNE I INFORMACJE OBOWI\u0104ZKOWE<\/h2>\n\n\n\n<h3 class=\"wp-block-heading\">Ochrona danych<\/h3>\n\n\n\n<p>Operatorzy tych stron bardzo powa\u017cnie traktuj\u0105 ochron\u0119 Pa\u0144stwa danych osobowych. Traktujemy Pa\u0144stwa dane osobowe poufnie i zgodnie z ustawowymi przepisami o ochronie danych oraz niniejsz\u0105 polityk\u0105 prywatno\u015bci. <\/p>\n\n\n\n<p>Gdy korzystaj\u0105 Pa\u0144stwo z tej strony internetowej, gromadzone s\u0105 r\u00f3\u017cne dane osobowe. Dane osobowe to dane, kt\u00f3re mo\u017cna wykorzysta\u0107 do zidentyfikowania Pa\u0144stwa osobi\u015bcie. Niniejsza polityka prywatno\u015bci wyja\u015bnia, jakie dane gromadzimy i do czego je wykorzystujemy. Wyja\u015bnia r\u00f3wnie\u017c, w jaki spos\u00f3b i w jakim celu to robimy.   <\/p>\n\n\n\n<p>Zwracamy uwag\u0119, \u017ce transmisja danych przez Internet (np. podczas komunikacji za po\u015brednictwem poczty elektronicznej) mo\u017ce by\u0107 podatna na luki w zabezpieczeniach. Pe\u0142na ochrona danych przed dost\u0119pem os\u00f3b trzecich nie jest mo\u017cliwa. <\/p>\n\n\n\n<h3 class=\"wp-block-heading\">Uwaga dotycz\u0105ca podmiotu odpowiedzialnego<\/h3>\n\n\n\n<p>Administratorem odpowiedzialnym za przetwarzanie danych na tej stronie internetowej jest<\/p>\n\n\n\n<p>certoplast Technische Klebeb\u00e4nder GmbH<\/p>\n\n\n\n<p>M\u00fcngstener Stra\u00dfe 10<\/p>\n\n\n\n<p>42285 Wuppertal<\/p>\n\n\n\n<p>Telefon: +49 (0) 202 &#8211; 25548-0<\/p>\n\n\n\n<p>E-mail: verkauf@certoplast.com<\/p>\n\n\n\n<p>Administrator danych to osoba fizyczna lub prawna, kt\u00f3ra samodzielnie lub wsp\u00f3lnie z innymi okre\u015bla cele i sposoby przetwarzania danych osobowych (np. imion i nazwisk, adres\u00f3w e-mail itp.).<\/p>\n\n\n\n<h3 class=\"wp-block-heading\">Cofni\u0119cie Pa\u0144stwa zgody na przetwarzanie danych<\/h3>\n\n\n\n<p>Wiele operacji przetwarzania danych jest mo\u017cliwych wy\u0142\u0105cznie za Pa\u0144stwa wyra\u017an\u0105 zgod\u0105. W ka\u017cdej chwili mog\u0105 Pa\u0144stwo odwo\u0142a\u0107 udzielon\u0105 zgod\u0119. Wystarczy, \u017ce wy\u015bl\u0105 nam Pa\u0144stwo nieformaln\u0105 wiadomo\u015b\u0107 e-mail. Cofni\u0119cie zgody nie ma wp\u0142ywu na zgodno\u015b\u0107 z prawem przetwarzania danych prowadzonego do momentu cofni\u0119cia zgody.   <\/p>\n\n\n\n<h3 class=\"wp-block-heading\">Prawo do z\u0142o\u017cenia skargi do w\u0142a\u015bciwego organu nadzorczego<\/h3>\n\n\n\n<p>W przypadku naruszenia przepis\u00f3w o ochronie danych osoba, kt\u00f3rej dane dotycz\u0105, ma prawo z\u0142o\u017cy\u0107 skarg\u0119 do w\u0142a\u015bciwego organu nadzorczego. W\u0142a\u015bciwym organem nadzorczym w kwestiach ochrony danych jest krajowy inspektor ochrony danych kraju zwi\u0105zkowego, w kt\u00f3rym nasza firma ma siedzib\u0119. List\u0119 inspektor\u00f3w ochrony danych i ich dane kontaktowe znajd\u0105 Pa\u0144stwo pod nast\u0119puj\u0105cym linkiem: <a href=\"https:\/\/www.bfdi.bund.de\/DE\/Infothek\/Anschriften_Links\/anschriften_links-node.html\" target=\"_blank\" rel=\"noreferrer noopener\">https:\/\/www.bfdi.bund.de\/DE\/Infothek\/Anschriften_Links\/anschriften_links-node.html.<\/a>  <\/p>\n\n\n\n<h3 class=\"wp-block-heading\">Szyfrowanie SSL lub TLS<\/h3>\n\n\n\n<p>Ta strona wykorzystuje szyfrowanie SSL lub TLS ze wzgl\u0119d\u00f3w bezpiecze\u0144stwa i w celu ochrony transmisji poufnych tre\u015bci, takich jak zam\u00f3wienia lub zapytania, kt\u00f3re wysy\u0142aj\u0105 Pa\u0144stwo do nas jako operatora strony. Mog\u0105 Pa\u0144stwo rozpozna\u0107 szyfrowane po\u0142\u0105czenie po tym, \u017ce linia adresu przegl\u0105darki zmienia si\u0119 z &#8222;http:\/\/&#8221; na &#8222;https:\/\/&#8221; oraz po symbolu k\u0142\u00f3dki w linii przegl\u0105darki. <\/p>\n\n\n\n<p>Je\u015bli szyfrowanie SSL lub TLS jest w\u0142\u0105czone, dane, kt\u00f3re nam Pa\u0144stwo przekazuj\u0105, nie mog\u0105 by\u0107 odczytane przez osoby trzecie.<\/p>\n\n\n\n<h3 class=\"wp-block-heading\">Informacje, blokowanie, usuwanie<\/h3>\n\n\n\n<p>W ramach obowi\u0105zuj\u0105cych przepis\u00f3w prawnych maj\u0105 Pa\u0144stwo prawo do bezp\u0142atnej informacji o przechowywanych danych osobowych, ich pochodzeniu i odbiorcach oraz celu przetwarzania danych, a tak\u017ce, w razie potrzeby, prawo do sprostowania, zablokowania lub usuni\u0119cia tych danych w dowolnym momencie. W przypadku dalszych pyta\u0144 dotycz\u0105cych danych osobowych mog\u0105 Pa\u0144stwo w ka\u017cdej chwili skontaktowa\u0107 si\u0119 z nami pod adresem podanym w nocie prawnej. <\/p>\n\n\n\n<h2 class=\"wp-block-heading\">3. INSPEKTOR OCHRONY DANYCH<\/h2>\n\n\n\n<h3 class=\"wp-block-heading\">Inspektor ochrony danych wymagany przez prawo<\/h3>\n\n\n\n<p>Wyznaczyli\u015bmy inspektora ochrony danych w naszej firmie.<\/p>\n\n\n\n<p>Alfred Jurek<br\/>Chalonweg 22<br\/>42699 Solingen  <\/p>\n\n<\/div><\/div>\n\n<div class=\"gb-grid-column gb-grid-column-e4339366\"><div class=\"gb-container gb-container-e4339366\">\n\n<h2 class=\"wp-block-heading\">4. GROMADZENIE DANYCH NA NASZEJ STRONIE INTERNETOWEJ<\/h2>\n\n\n\n<h3 class=\"wp-block-heading\">Ciasteczka<\/h3>\n\n\n\n<p>Niekt\u00f3re strony internetowe wykorzystuj\u0105 tzw. pliki cookie. Pliki cookie nie uszkadzaj\u0105 Pa\u0144stwa komputera i nie zawieraj\u0105 wirus\u00f3w. Pliki cookie s\u0105 u\u017cywane, aby nasza strona internetowa by\u0142a bardziej przyjazna dla u\u017cytkownika, skuteczna i bezpieczna. Pliki cookie to ma\u0142e pliki tekstowe, kt\u00f3re s\u0105 przechowywane na Pa\u0144stwa komputerze i zapisywane przez Pa\u0144stwa przegl\u0105dark\u0119.   <\/p>\n\n\n\n<p>Wi\u0119kszo\u015b\u0107 u\u017cywanych przez nas plik\u00f3w cookie to tak zwane &#8222;sesyjne pliki cookie&#8221;. S\u0105 one automatycznie usuwane po zako\u0144czeniu Pa\u0144stwa wizyty. Inne pliki cookie pozostaj\u0105 zapisane na Pa\u0144stwa urz\u0105dzeniu ko\u0144cowym do momentu ich usuni\u0119cia. Te pliki cookie umo\u017cliwiaj\u0105 nam rozpoznanie Pa\u0144stwa przegl\u0105darki podczas kolejnej wizyty.   <\/p>\n\n\n\n<p>Mog\u0105 Pa\u0144stwo ustawi\u0107 swoj\u0105 przegl\u0105dark\u0119 w taki spos\u00f3b, aby byli Pa\u0144stwo informowani o ustawieniach plik\u00f3w cookie i zezwalali na pliki cookie tylko w indywidualnych przypadkach, wykluczali akceptacj\u0119 plik\u00f3w cookie w okre\u015blonych przypadkach lub og\u00f3lnie oraz aktywowali automatyczne usuwanie plik\u00f3w cookie podczas zamykania przegl\u0105darki. W przypadku dezaktywacji plik\u00f3w cookie funkcjonalno\u015b\u0107 tej strony internetowej mo\u017ce by\u0107 ograniczona. <\/p>\n\n\n\n<p>Pliki cookie, kt\u00f3re s\u0105 wymagane do przeprowadzenia procesu komunikacji elektronicznej lub do zapewnienia okre\u015blonych funkcji, o kt\u00f3re Pa\u0144stwo prosili (np. funkcja koszyka zakup\u00f3w), s\u0105 przechowywane na podstawie art. 6 ust. 1 lit. f RODO. Operator strony internetowej ma uzasadniony interes w przechowywaniu plik\u00f3w cookie w celu technicznie bezb\u0142\u0119dnego i zoptymalizowanego \u015bwiadczenia swoich us\u0142ug. W zakresie, w jakim przechowywane s\u0105 inne pliki cookie (np. pliki cookie do analizy Pa\u0144stwa zachowania podczas surfowania), s\u0105 one traktowane oddzielnie w niniejszej polityce prywatno\u015bci.    <\/p>\n\n\n\n<h3 class=\"wp-block-heading\">Pliki dziennika serwera<\/h3>\n\n\n\n<p>Dostawca stron automatycznie gromadzi i przechowuje informacje w tak zwanych plikach dziennika serwera, kt\u00f3re Pa\u0144stwa przegl\u0105darka automatycznie przesy\u0142a do nas. S\u0105 to <\/p>\n\n\n\n<ul class=\"wp-block-list\">\n<li>Typ i wersja przegl\u0105darki<\/li>\n\n\n\n<li>U\u017cywany system operacyjny<\/li>\n\n\n\n<li>Adres URL strony odsy\u0142aj\u0105cej<\/li>\n\n\n\n<li>Nazwa hosta komputera uzyskuj\u0105cego dost\u0119p<\/li>\n\n\n\n<li>Czas \u017c\u0105dania serwera<\/li>\n\n\n\n<li>Adres IP<\/li>\n<\/ul>\n\n\n\n<p>Dane te nie s\u0105 \u0142\u0105czone z innymi \u017ar\u00f3d\u0142ami danych.<\/p>\n\n\n\n<p>Podstaw\u0105 przetwarzania danych jest art. 6 ust. 1 lit. f RODO, kt\u00f3ry zezwala na przetwarzanie danych w celu wykonania umowy lub \u015brodk\u00f3w przedumownych.  <\/p>\n\n\n\n<h3 class=\"wp-block-heading\">Formularz kontaktowy<\/h3>\n\n\n\n<p>Je\u015bli prze\u015bl\u0105 nam Pa\u0144stwo zapytanie za po\u015brednictwem formularza kontaktowego, Pa\u0144stwa dane z formularza zapytania, w tym podane tam dane kontaktowe, b\u0119d\u0105 przez nas przechowywane w celu przetworzenia zapytania oraz w przypadku dalszych pyta\u0144. Nie przeka\u017cemy tych danych bez Pa\u0144stwa zgody. <\/p>\n\n\n\n<p>Dane wprowadzone w formularzu kontaktowym s\u0105 zatem przetwarzane wy\u0142\u0105cznie na podstawie Pa\u0144stwa zgody (art. 6 ust. 1 lit. a RODO). Mog\u0105 Pa\u0144stwo odwo\u0142a\u0107 t\u0119 zgod\u0119 w dowolnym momencie. Wystarczy, \u017ce wy\u015bl\u0105 nam Pa\u0144stwo nieformaln\u0105 wiadomo\u015b\u0107 e-mail. Cofni\u0119cie zgody nie ma wp\u0142ywu na zgodno\u015b\u0107 z prawem operacji przetwarzania danych przeprowadzanych do momentu cofni\u0119cia zgody.   <\/p>\n\n\n\n<p>B\u0119dziemy przechowywa\u0107 dane podane przez Pa\u0144stwa w formularzu kontaktowym, dop\u00f3ki nie za\u017c\u0105daj\u0105 Pa\u0144stwo ich usuni\u0119cia, nie cofn\u0105 zgody na ich przechowywanie lub nie ustanie cel ich przechowywania (np. po spe\u0142nieniu Pa\u0144stwa \u017c\u0105dania). Obowi\u0105zkowe przepisy ustawowe &#8211; w szczeg\u00f3lno\u015bci okresy przechowywania &#8211; pozostaj\u0105 nienaruszone. <\/p>\n\n\n\n<h2 class=\"wp-block-heading\">5. NARZ\u0118DZIA ANALITYCZNE I REKLAMA<\/h2>\n\n\n\n<h3 class=\"wp-block-heading\">Matomo (dawniej Piwik)<\/h3>\n\n\n\n<p>Ta strona internetowa korzysta z us\u0142ugi analizy stron internetowych typu open source Matomo. Matomo u\u017cywa tzw. plik\u00f3w cookie. S\u0105 to pliki tekstowe, kt\u00f3re s\u0105 przechowywane na Pa\u0144stwa komputerze i umo\u017cliwiaj\u0105 analiz\u0119 korzystania przez Pa\u0144stwa ze strony internetowej. W tym celu informacje generowane przez plik cookie na temat korzystania z tej strony internetowej s\u0105 przechowywane na naszym serwerze. Adres IP jest anonimizowany przed zapisaniem.    <\/p>\n\n\n\n<p>Pliki cookie Matomo pozostaj\u0105 na Pa\u0144stwa urz\u0105dzeniu ko\u0144cowym do momentu ich usuni\u0119cia.<\/p>\n\n\n\n<p>Pliki cookie Matomo s\u0105 przechowywane na podstawie art. 6 ust. 1 lit. f RODO. Operator strony internetowej ma uzasadniony interes w anonimowej analizie zachowa\u0144 u\u017cytkownik\u00f3w w celu optymalizacji zar\u00f3wno swojej strony internetowej, jak i reklam.   <\/p>\n\n\n\n<p>Informacje generowane przez pliki cookie na temat korzystania z tej witryny nie s\u0105 przekazywane stronom trzecim. U\u017cytkownik mo\u017ce odm\u00f3wi\u0107 korzystania z plik\u00f3w cookie, wybieraj\u0105c odpowiednie ustawienia w przegl\u0105darce, jednak nale\u017cy pami\u0119ta\u0107, \u017ce je\u015bli to zrobi, mo\u017ce nie by\u0107 w stanie korzysta\u0107 z pe\u0142nej funkcjonalno\u015bci tej witryny. <\/p>\n\n\n\n<p>Je\u015bli nie wyra\u017caj\u0105 Pa\u0144stwo zgody na przechowywanie i wykorzystywanie swoich danych, mog\u0105 Pa\u0144stwo dezaktywowa\u0107 przechowywanie i wykorzystywanie tutaj. W takim przypadku w Pa\u0144stwa przegl\u0105darce zostanie zapisany plik cookie opt-out, kt\u00f3ry uniemo\u017cliwi Matomo przechowywanie danych dotycz\u0105cych u\u017cytkowania. Je\u015bli usun\u0105 Pa\u0144stwo swoje pliki cookie, plik cookie rezygnacji Matomo r\u00f3wnie\u017c zostanie usuni\u0119ty. Rezygnacja musi zosta\u0107 ponownie aktywowana, gdy ponownie odwiedz\u0105 Pa\u0144stwo nasz\u0105 witryn\u0119.   <\/p>\n\n\n\n<figure class=\"wp-block-embed\"><div class=\"wp-block-embed__wrapper\">\nhttps:\/\/certoplast.com\/piwik\/index.php?module=CoreAdminHome&#038;action=optOut&#038;language=de\n<\/div><\/figure>\n\n\n\n<p><\/p>\n\n\n\n<h2 class=\"wp-block-heading\">6. WTYCZKI I NARZ\u0118DZIA<\/h2>\n\n\n\n<h3 class=\"wp-block-heading\">Czcionki internetowe Google<\/h3>\n\n\n\n<p>Ta strona korzysta z tak zwanych czcionek internetowych dostarczanych przez Google w celu znormalizowanego wy\u015bwietlania czcionek. Po wywo\u0142aniu strony Pa\u0144stwa przegl\u0105darka \u0142aduje wymagane czcionki internetowe do pami\u0119ci podr\u0119cznej przegl\u0105darki w celu prawid\u0142owego wy\u015bwietlania tekst\u00f3w i czcionek. <\/p>\n\n\n\n<p>W tym celu u\u017cywana przez Pa\u0144stwa przegl\u0105darka musi po\u0142\u0105czy\u0107 si\u0119 z serwerami Google. W ten spos\u00f3b Google uzyskuje informacj\u0119, \u017ce Pa\u0144stwa adres IP uzyska\u0142 dost\u0119p do naszej strony internetowej. Korzystanie z Google Web Fonts le\u017cy w interesie jednolitej i atrakcyjnej prezentacji naszych ofert online. Stanowi to uzasadniony interes w rozumieniu art. 6 ust. 1 lit. f RODO.     <\/p>\n\n\n\n<p>Je\u015bli Pa\u0144stwa przegl\u0105darka nie obs\u0142uguje czcionek internetowych, komputer u\u017cyje standardowej czcionki.<\/p>\n\n\n\n<p>Wi\u0119cej informacji na temat Google Web Fonts znajd\u0105 Pa\u0144stwo na stronie <a href=\"https:\/\/developers.google.com\/fonts\/faq\" target=\"_blank\" rel=\"noreferrer noopener\">https:\/\/developers.google.com\/fonts\/faq<\/a> oraz w polityce prywatno\u015bci Google: <a href=\"https:\/\/www.google.com\/policies\/privacy\/\" target=\"_blank\" rel=\"noreferrer noopener\">https:\/\/www.google.com\/policies\/privacy\/.<\/a><\/p>\n\n\n\n<h3 class=\"wp-block-heading\">Mapy Google<\/h3>\n\n\n\n<p>Ta strona korzysta z us\u0142ugi map Google Maps za po\u015brednictwem interfejsu API. Dostawc\u0105 jest Google LLC, 1600 Amphitheatre Parkway, Mountain View, CA 94043, USA. <\/p>\n\n\n\n<p>Aby m\u00f3c korzysta\u0107 z funkcji Google Maps, konieczne jest zapisanie Pa\u0144stwa adresu IP. Informacje te s\u0105 zazwyczaj przesy\u0142ane na serwer Google w USA i tam przechowywane. Dostawca tej strony nie ma wp\u0142ywu na ten transfer danych.  <\/p>\n\n\n\n<p>Korzystanie z Google Maps ma na celu atrakcyjn\u0105 prezentacj\u0119 naszych ofert online i u\u0142atwienie znalezienia miejsc, kt\u00f3re wskazali\u015bmy na stronie internetowej. Stanowi to uzasadniony interes w rozumieniu art. 6 ust. 1 lit. f RODO.   <\/p>\n\n\n\n<p>Wi\u0119cej informacji na temat przetwarzania danych u\u017cytkownik\u00f3w znajd\u0105 Pa\u0144stwo w polityce prywatno\u015bci Google: <a href=\"https:\/\/www.google.de\/intl\/de\/policies\/privacy\/\" target=\"_blank\" rel=\"noreferrer noopener\">https:\/\/www.google.de\/intl\/de\/policies\/privacy\/.<\/a><\/p>\n\n<\/div><\/div>\n<\/div>\n<\/div>\n<\/section>","protected":false},"excerpt":{"rendered":"","protected":false},"author":1,"featured_media":0,"parent":0,"menu_order":9,"comment_status":"closed","ping_status":"closed","template":"","meta":{"_acf_changed":false,"inline_featured_image":false,"footnotes":""},"class_list":["post-5259","page","type-page","status-publish"],"acf":[],"_links":{"self":[{"href":"https:\/\/certoplast.com\/pl\/wp-json\/wp\/v2\/pages\/5259","targetHints":{"allow":["GET"]}}],"collection":[{"href":"https:\/\/certoplast.com\/pl\/wp-json\/wp\/v2\/pages"}],"about":[{"href":"https:\/\/certoplast.com\/pl\/wp-json\/wp\/v2\/types\/page"}],"author":[{"embeddable":true,"href":"https:\/\/certoplast.com\/pl\/wp-json\/wp\/v2\/users\/1"}],"replies":[{"embeddable":true,"href":"https:\/\/certoplast.com\/pl\/wp-json\/wp\/v2\/comments?post=5259"}],"version-history":[{"count":1,"href":"https:\/\/certoplast.com\/pl\/wp-json\/wp\/v2\/pages\/5259\/revisions"}],"predecessor-version":[{"id":5261,"href":"https:\/\/certoplast.com\/pl\/wp-json\/wp\/v2\/pages\/5259\/revisions\/5261"}],"wp:attachment":[{"href":"https:\/\/certoplast.com\/pl\/wp-json\/wp\/v2\/media?parent=5259"}],"curies":[{"name":"wp","href":"https:\/\/api.w.org\/{rel}","templated":true}]}}