{"id":5275,"date":"2023-07-13T14:38:49","date_gmt":"2023-07-13T12:38:49","guid":{"rendered":"https:\/\/certoplast.com\/nadruk\/"},"modified":"2025-04-07T11:21:05","modified_gmt":"2025-04-07T09:21:05","slug":"nadruk","status":"publish","type":"page","link":"https:\/\/certoplast.com\/pl\/nadruk\/","title":{"rendered":"Nadruk"},"content":{"rendered":"<section class=\"gb-container gb-container-e4a6c0a8 gb-container-default\">\n<div class=\"gb-container gb-container-c7df1ec9\">\n<div class=\"gb-grid-wrapper gb-grid-wrapper-6a48ed2e\">\n<div class=\"gb-grid-column gb-grid-column-6eb6a587\"><div class=\"gb-container gb-container-6eb6a587\">\n\n<div class=\"wp-block-pixel-headline headlines is-subheadline-bottom has-text-align-left\"><h1 class=\"headline\" style=\"color:\">Nadruk<\/h1><\/div>\n\n\n\n<p>certoplast Technische Klebeb\u00e4nder GmbH<br\/>M\u00fcngstener Stra\u00dfe 10<br\/>42285 Wuppertal<br\/><br\/>S\u0105d Rejestrowy Wuppertal HRB 76 71<br\/>Dyrektorzy zarz\u0105dzaj\u0105cy: Dr Andreas Hohmann, Dr Ren\u00e9 Rambusch<br\/><br\/>Telefon: +49 202 255 48 0<br\/>Fax: +49 202 255 48 48<br\/>E-mail:  <a href='mailto:&#105;&#110;&#102;o&#064;&#099;&#101;r&#116;op&#108;as&#116;&#046;&#099;o&#109;' target='' rel=''>&#105;&#110;&#102;o&#064;&#099;&#101;r&#116;op&#108;as&#116;&#046;&#099;o&#109;<\/a><\/p>\n\n\n\n<p>Numer identyfikacji podatkowej:<br\/>DE121009174<\/p>\n\n\n\n<p><strong>Odpowiedzialny za tre\u015b\u0107:<\/strong><br\/>Dr Ren\u00e9 Rambusch<br\/>certoplast Technische Klebeb\u00e4nder GmbH<br\/>M\u00fcngstener Stra\u00dfe 10<br\/>42285 Wuppertal<\/p>\n\n<\/div><\/div>\n\n<div class=\"gb-grid-column gb-grid-column-5fc1877e\"><div class=\"gb-container gb-container-5fc1877e\">\n\n<p><strong>Rozstrzyganie spor\u00f3w<br\/><\/strong>Komisja Europejska udost\u0119pnia platform\u0119 internetowego rozstrzygania spor\u00f3w (OS):<br\/><a href=\"https:\/\/ec.europa.eu\/consumers\/odr\" target=\"_blank\" rel=\"noreferrer noopener\">https:\/\/ec.europa.eu\/consumers\/odr<br\/><\/a>Nasz adres e-mail znajd\u0105 Pa\u0144stwo powy\u017cej w nocie prawnej.<br\/>Nie jeste\u015bmy sk\u0142onni ani zobowi\u0105zani do udzia\u0142u w post\u0119powaniu rozstrzygaj\u0105cym spory przed komisj\u0105 arbitra\u017cow\u0105 ds. konsument\u00f3w.<\/p>\n\n\n\n<p><strong>Odpowiedzialno\u015b\u0107 za tre\u015bci<\/strong><br\/>Jako us\u0142ugodawca ponosimy odpowiedzialno\u015b\u0107 za w\u0142asne tre\u015bci na tych stronach zgodnie z og\u00f3lnymi przepisami zgodnie z \u00a7 7 ust. 1 DDG. Zgodnie z \u00a7\u00a7 8 do 10 DDG nie jeste\u015bmy jednak zobowi\u0105zani jako us\u0142ugodawca do monitorowania przekazywanych lub przechowywanych informacji os\u00f3b trzecich ani do badania okoliczno\u015bci wskazuj\u0105cych na nielegaln\u0105 dzia\u0142alno\u015b\u0107. Obowi\u0105zek usuni\u0119cia lub zablokowania korzystania z informacji zgodnie z og\u00f3lnymi przepisami prawa pozostaje nienaruszony. Odpowiedzialno\u015b\u0107 w tym zakresie jest jednak mo\u017cliwa dopiero od momentu powzi\u0119cia informacji o konkretnym naruszeniu. Gdy tylko dowiemy si\u0119 o takich naruszeniach, niezw\u0142ocznie usuniemy te tre\u015bci.     <\/p>\n\n\n\n<p><strong>Odpowiedzialno\u015b\u0107 za linki<\/strong><br\/>Nasza strona internetowa zawiera linki do zewn\u0119trznych stron internetowych os\u00f3b trzecich, na kt\u00f3rych tre\u015b\u0107 nie mamy wp\u0142ywu. W zwi\u0105zku z tym nie mo\u017cemy ponosi\u0107 \u017cadnej odpowiedzialno\u015bci za tre\u015bci os\u00f3b trzecich. Odpowiedni dostawca lub operator stron jest zawsze odpowiedzialny za tre\u015b\u0107 stron, do kt\u00f3rych prowadz\u0105 linki. Po\u0142\u0105czone strony zosta\u0142y sprawdzone pod k\u0105tem mo\u017cliwych narusze\u0144 prawa w momencie \u0142\u0105czenia. Nielegalne tre\u015bci nie by\u0142y rozpoznawalne w momencie linkowania. Sta\u0142e monitorowanie tre\u015bci stron, do kt\u00f3rych prowadz\u0105 linki, nie jest jednak uzasadnione bez konkretnych dowod\u00f3w naruszenia prawa. Je\u015bli dowiemy si\u0119 o jakichkolwiek naruszeniach prawa, niezw\u0142ocznie usuniemy takie linki.      <\/p>\n\n\n\n<p><strong>Prawa autorskie<\/strong><br\/>Tre\u015bci i dzie\u0142a stworzone przez operator\u00f3w witryn na tych stronach podlegaj\u0105 niemieckiemu prawu autorskiemu. Powielanie, przetwarzanie, rozpowszechnianie i wszelkie formy komercjalizacji takich materia\u0142\u00f3w wykraczaj\u0105ce poza zakres prawa autorskiego wymagaj\u0105 uprzedniej pisemnej zgody ich autora lub tw\u00f3rcy. Pobieranie i kopiowanie tej strony jest dozwolone wy\u0142\u0105cznie do prywatnego, niekomercyjnego u\u017cytku, a o ile tre\u015bci na tej stronie nie zosta\u0142y stworzone przez operatora, prawa autorskie os\u00f3b trzecich s\u0105 przestrzegane. W szczeg\u00f3lno\u015bci tre\u015bci os\u00f3b trzecich s\u0105 oznaczone jako takie. Je\u015bli mimo to dowiedz\u0105 si\u0119 Pa\u0144stwo o naruszeniu praw autorskich, prosimy nas o tym poinformowa\u0107. Je\u015bli dowiemy si\u0119 o jakichkolwiek naruszeniach, niezw\u0142ocznie usuniemy takie tre\u015bci.     <\/p>\n\n<\/div><\/div>\n<\/div>\n<\/div>\n<\/section>","protected":false},"excerpt":{"rendered":"","protected":false},"author":1,"featured_media":0,"parent":0,"menu_order":11,"comment_status":"closed","ping_status":"closed","template":"","meta":{"_acf_changed":false,"inline_featured_image":false,"footnotes":""},"class_list":["post-5275","page","type-page","status-publish"],"acf":[],"_links":{"self":[{"href":"https:\/\/certoplast.com\/pl\/wp-json\/wp\/v2\/pages\/5275","targetHints":{"allow":["GET"]}}],"collection":[{"href":"https:\/\/certoplast.com\/pl\/wp-json\/wp\/v2\/pages"}],"about":[{"href":"https:\/\/certoplast.com\/pl\/wp-json\/wp\/v2\/types\/page"}],"author":[{"embeddable":true,"href":"https:\/\/certoplast.com\/pl\/wp-json\/wp\/v2\/users\/1"}],"replies":[{"embeddable":true,"href":"https:\/\/certoplast.com\/pl\/wp-json\/wp\/v2\/comments?post=5275"}],"version-history":[{"count":1,"href":"https:\/\/certoplast.com\/pl\/wp-json\/wp\/v2\/pages\/5275\/revisions"}],"predecessor-version":[{"id":5276,"href":"https:\/\/certoplast.com\/pl\/wp-json\/wp\/v2\/pages\/5275\/revisions\/5276"}],"wp:attachment":[{"href":"https:\/\/certoplast.com\/pl\/wp-json\/wp\/v2\/media?parent=5275"}],"curies":[{"name":"wp","href":"https:\/\/api.w.org\/{rel}","templated":true}]}}