{"id":5288,"date":"2023-07-17T14:59:08","date_gmt":"2023-07-17T12:59:08","guid":{"rendered":"https:\/\/certoplast.com\/branze\/"},"modified":"2025-04-07T11:21:08","modified_gmt":"2025-04-07T09:21:08","slug":"branze","status":"publish","type":"page","link":"https:\/\/certoplast.com\/pl\/branze\/","title":{"rendered":"Bran\u017ce"},"content":{"rendered":"\r\n\t\t\t       \r\n            \r\n            <div class=\"hero hero-454c76d2 full\">\r\n\t\t\t\t<div class=\"hero-slides\">\t\t\t\t<div class=\"acf-innerblocks-container\">\n\r\n\t\t\t       \r\n                    \r\n            <div class=\"hero-slide hero-slide-21932574 is-style-image\">\r\n\t\t\t\t<div class=\"hero-canvas\">\r\n\t\t\t\t\t<div class=\"hero-subheadline\">Zaawansowane technologicznie produkty dla przemys\u0142u motoryzacyjnego  <\/div>\t\t\t\t\t<h1 class=\"hero-headline\">Motoryzacja<\/h1>\t\t\t\t<\/div>\r\n\t\t\t\t<div class=\"hero-media hero-media-image\"><img loading=\"lazy\" decoding=\"async\" width=\"1920\" height=\"519\" src=\"https:\/\/certoplast.com\/wp-content\/uploads\/certoplast-header-automotive.jpg\" class=\"attachment-full size-full\" alt=\"\" srcset=\"https:\/\/certoplast.com\/wp-content\/uploads\/certoplast-header-automotive.jpg 1920w, https:\/\/certoplast.com\/wp-content\/uploads\/certoplast-header-automotive-300x81.jpg 300w, https:\/\/certoplast.com\/wp-content\/uploads\/certoplast-header-automotive-1024x277.jpg 1024w, https:\/\/certoplast.com\/wp-content\/uploads\/certoplast-header-automotive-768x208.jpg 768w, https:\/\/certoplast.com\/wp-content\/uploads\/certoplast-header-automotive-1536x415.jpg 1536w, https:\/\/certoplast.com\/wp-content\/uploads\/certoplast-header-automotive-800x216.jpg 800w\" sizes=\"auto, (max-width: 1920px) 100vw, 1920px\" \/><\/div>            <\/div>\r\n\t\t\t\t\r\n            \r\n\t\t\t\r\n        \r\n            \n\n\r\n\t\t\t       \r\n                    \r\n            <div class=\"hero-slide hero-slide-e4e2e180 is-style-image\">\r\n\t\t\t\t<div class=\"hero-canvas\">\r\n\t\t\t\t\t<div class=\"hero-subheadline\">Dla standardowych prac izolacyjnych i napraw<\/div>\t\t\t\t\t<h1 class=\"hero-headline\">In\u017cynieria elektryczna<\/h1>\t\t\t\t<\/div>\r\n\t\t\t\t<div class=\"hero-media hero-media-image\"><img loading=\"lazy\" decoding=\"async\" width=\"1920\" height=\"519\" src=\"https:\/\/certoplast.com\/wp-content\/uploads\/certoplast-header-home.jpg\" class=\"attachment-full size-full\" alt=\"\" srcset=\"https:\/\/certoplast.com\/wp-content\/uploads\/certoplast-header-home.jpg 1920w, https:\/\/certoplast.com\/wp-content\/uploads\/certoplast-header-home-300x81.jpg 300w, https:\/\/certoplast.com\/wp-content\/uploads\/certoplast-header-home-1024x277.jpg 1024w, https:\/\/certoplast.com\/wp-content\/uploads\/certoplast-header-home-768x208.jpg 768w, https:\/\/certoplast.com\/wp-content\/uploads\/certoplast-header-home-1536x415.jpg 1536w, https:\/\/certoplast.com\/wp-content\/uploads\/certoplast-header-home-800x216.jpg 800w\" sizes=\"auto, (max-width: 1920px) 100vw, 1920px\" \/><\/div>            <\/div>\r\n\t\t\t\t\r\n            \r\n\t\t\t\r\n        \r\n            \n\n\r\n\t\t\t       \r\n                    \r\n            <div class=\"hero-slide hero-slide-1ee7a30b is-style-image\">\r\n\t\t\t\t<div class=\"hero-canvas\">\r\n\t\t\t\t\t<div class=\"hero-subheadline\">Idealne dopasowanie do r\u00f3\u017cnych powierzchni<\/div>\t\t\t\t\t<h1 class=\"hero-headline\">Handel izolacjami i budownictwo<\/h1>\t\t\t\t<\/div>\r\n\t\t\t\t<div class=\"hero-media hero-media-image\"><img loading=\"lazy\" decoding=\"async\" width=\"1920\" height=\"519\" src=\"https:\/\/certoplast.com\/wp-content\/uploads\/certoplast-header-gewebebaender.jpg\" class=\"attachment-full size-full\" alt=\"\" srcset=\"https:\/\/certoplast.com\/wp-content\/uploads\/certoplast-header-gewebebaender.jpg 1920w, https:\/\/certoplast.com\/wp-content\/uploads\/certoplast-header-gewebebaender-300x81.jpg 300w, https:\/\/certoplast.com\/wp-content\/uploads\/certoplast-header-gewebebaender-1024x277.jpg 1024w, https:\/\/certoplast.com\/wp-content\/uploads\/certoplast-header-gewebebaender-768x208.jpg 768w, https:\/\/certoplast.com\/wp-content\/uploads\/certoplast-header-gewebebaender-1536x415.jpg 1536w, https:\/\/certoplast.com\/wp-content\/uploads\/certoplast-header-gewebebaender-800x216.jpg 800w\" sizes=\"auto, (max-width: 1920px) 100vw, 1920px\" \/><\/div>            <\/div>\r\n\t\t\t\t\r\n            \r\n\t\t\t\r\n        \r\n            \n\n\r\n\t\t\t       \r\n                    \r\n            <div class=\"hero-slide hero-slide-5009dc29 is-style-image\">\r\n\t\t\t\t<div class=\"hero-canvas\">\r\n\t\t\t\t\t<div class=\"hero-subheadline\">Dla niemal ka\u017cdego zastosowania<\/div>\t\t\t\t\t<h1 class=\"hero-headline\">Inne zastosowania<\/h1>\t\t\t\t<\/div>\r\n\t\t\t\t<div class=\"hero-media hero-media-image\"><img loading=\"lazy\" decoding=\"async\" width=\"1920\" height=\"519\" src=\"https:\/\/certoplast.com\/wp-content\/uploads\/certoplast-header-sonstiges.jpg\" class=\"attachment-full size-full\" alt=\"\" srcset=\"https:\/\/certoplast.com\/wp-content\/uploads\/certoplast-header-sonstiges.jpg 1920w, https:\/\/certoplast.com\/wp-content\/uploads\/certoplast-header-sonstiges-300x81.jpg 300w, https:\/\/certoplast.com\/wp-content\/uploads\/certoplast-header-sonstiges-1024x277.jpg 1024w, https:\/\/certoplast.com\/wp-content\/uploads\/certoplast-header-sonstiges-768x208.jpg 768w, https:\/\/certoplast.com\/wp-content\/uploads\/certoplast-header-sonstiges-1536x415.jpg 1536w, https:\/\/certoplast.com\/wp-content\/uploads\/certoplast-header-sonstiges-800x216.jpg 800w\" sizes=\"auto, (max-width: 1920px) 100vw, 1920px\" \/><\/div>            <\/div>\r\n\t\t\t\t\r\n            \r\n\t\t\t\r\n        \r\n            \n<\/div>\r\n\t\t\t\t<\/div>\t\t\t\t\r\n\t\t\t\t\t\t\t<\/div>\r\n\t\t\t\t\r\n\t\t\t\r\n\t\t\t        \r\n            <div class=\"gb-container gb-container-a00cfd64 gb-container-default\">\n<div class=\"gb-container gb-container-a72eb151\">\n\n<div class=\"wp-block-pixel-headline headlines is-subheadline-bottom has-text-align-left\"><h2 class=\"headline is-h1\" style=\"color:\">Rozwi\u0105zania dla <strong>sta\u0142ych po\u0142\u0105cze\u0144<\/strong><\/h2><\/div>\n\n\n\n<p>certoplast od dziesi\u0119cioleci jest zaufanym partnerem firm przemys\u0142owych i handlowych. Nasze produkty s\u0105 szeroko stosowane do standardowych prac izolacyjnych i napraw. <\/p>\n\n\n<div class=\"gb-container gb-container-69e463eb\">\n<div class=\"gb-grid-wrapper gb-grid-wrapper-9ca9f952 layout-same-height\">\n<div class=\"gb-grid-column gb-grid-column-ba2bd640\"><div class=\"gb-container gb-container-ba2bd640\" data-aos=\"fade-up\" data-aos-delay=\"250\">\n<div class=\"teaser-box teaser-box-e6f4bb90\"><div class=\"teaser-box-image\"><img loading=\"lazy\" decoding=\"async\" width=\"720\" height=\"360\" src=\"https:\/\/certoplast.com\/wp-content\/uploads\/produkt-spektrum-automotive.jpg\" class=\"attachment-teaser-box size-teaser-box\" alt=\"\" srcset=\"https:\/\/certoplast.com\/wp-content\/uploads\/produkt-spektrum-automotive.jpg 720w, https:\/\/certoplast.com\/wp-content\/uploads\/produkt-spektrum-automotive-300x150.jpg 300w\" sizes=\"auto, (max-width: 720px) 100vw, 720px\" \/><\/div><div class=\"teaser-box-inner\"><h3 class=\"teaser-box-headline\">Motoryzacja<\/h3><div class=\"teaser-box-text\">We wsp\u00f3\u0142pracy z przemys\u0142em motoryzacyjnym opracowujemy zaawansowane technologicznie produkty, kt\u00f3re spe\u0142niaj\u0105 liczne wymagania in\u017cynierii motoryzacyjnej.<\/div><a class=\"gb-button \" href=\"\/sektoren\/automotive\/\" target=\"\">Prosz\u0119 dowiedzie\u0107 si\u0119 wi\u0119cej<\/a><\/div><\/div>\n<\/div><\/div>\n\n<div class=\"gb-grid-column gb-grid-column-4640f156\"><div class=\"gb-container gb-container-4640f156\" data-aos=\"fade-up\" data-aos-delay=\"500\">\n<div class=\"teaser-box teaser-box-b2ae82d9\"><div class=\"teaser-box-image\"><img loading=\"lazy\" decoding=\"async\" width=\"720\" height=\"360\" src=\"https:\/\/certoplast.com\/wp-content\/uploads\/produkt-spektrum-elektrotechnik.jpg\" class=\"attachment-teaser-box size-teaser-box\" alt=\"\" srcset=\"https:\/\/certoplast.com\/wp-content\/uploads\/produkt-spektrum-elektrotechnik.jpg 720w, https:\/\/certoplast.com\/wp-content\/uploads\/produkt-spektrum-elektrotechnik-300x150.jpg 300w\" sizes=\"auto, (max-width: 720px) 100vw, 720px\" \/><\/div><div class=\"teaser-box-inner\"><h3 class=\"teaser-box-headline\">In\u017cynieria elektryczna<\/h3><div class=\"teaser-box-text\">certoplast od dziesi\u0119cioleci jest partnerem firm przemys\u0142owych i rzemie\u015blnik\u00f3w. Nasze produkty s\u0105 szeroko stosowane w standardowych pracach izolacyjnych. <\/div><a class=\"gb-button \" href=\"\/sektoren\/elektrotechnik\/\" target=\"\">Prosz\u0119 dowiedzie\u0107 si\u0119 wi\u0119cej<\/a><\/div><\/div>\n<\/div><\/div>\n\n<div class=\"gb-grid-column gb-grid-column-0146cf93\"><div class=\"gb-container gb-container-0146cf93\" data-aos=\"fade-up\" data-aos-delay=\"750\">\n<div class=\"teaser-box teaser-box-483e9028\"><div class=\"teaser-box-image\"><img loading=\"lazy\" decoding=\"async\" width=\"720\" height=\"360\" src=\"https:\/\/certoplast.com\/wp-content\/uploads\/produkt-spektrum-isolierhandwerk-und-bau.jpg\" class=\"attachment-teaser-box size-teaser-box\" alt=\"\" srcset=\"https:\/\/certoplast.com\/wp-content\/uploads\/produkt-spektrum-isolierhandwerk-und-bau.jpg 720w, https:\/\/certoplast.com\/wp-content\/uploads\/produkt-spektrum-isolierhandwerk-und-bau-300x150.jpg 300w\" sizes=\"auto, (max-width: 720px) 100vw, 720px\" \/><\/div><div class=\"teaser-box-inner\"><h3 class=\"teaser-box-headline\">Handel izolacjami i budownictwo<\/h3><div class=\"teaser-box-text\">certoplast oferuje profesjonaln\u0105 gam\u0119 specjalnych klej\u00f3w do trwa\u0142ego \u0142\u0105czenia system\u00f3w izolacyjnych z ok\u0142adzinami aluminiowymi.<\/div><a class=\"gb-button \" href=\"\/sektoren\/isolierhandwerk-und-bau\/\" target=\"\">Prosz\u0119 dowiedzie\u0107 si\u0119 wi\u0119cej<\/a><\/div><\/div>\n<\/div><\/div>\n\n<div class=\"gb-grid-column gb-grid-column-89945c5a\"><div class=\"gb-container gb-container-89945c5a\" data-aos=\"fade-up\" data-aos-delay=\"1000\">\n<div class=\"teaser-box teaser-box-e142929b\"><div class=\"teaser-box-image\"><img loading=\"lazy\" decoding=\"async\" width=\"720\" height=\"360\" src=\"https:\/\/certoplast.com\/wp-content\/uploads\/produkt-spektrum-sonstige-anwendungen.jpg\" class=\"attachment-teaser-box size-teaser-box\" alt=\"\" srcset=\"https:\/\/certoplast.com\/wp-content\/uploads\/produkt-spektrum-sonstige-anwendungen.jpg 720w, https:\/\/certoplast.com\/wp-content\/uploads\/produkt-spektrum-sonstige-anwendungen-300x150.jpg 300w\" sizes=\"auto, (max-width: 720px) 100vw, 720px\" \/><\/div><div class=\"teaser-box-inner\"><h3 class=\"teaser-box-headline\">Inne zastosowania<\/h3><div class=\"teaser-box-text\">Nasze produkty s\u0105 wszechstronne i oferuj\u0105 idealne rozwi\u0105zanie dla niemal ka\u017cdego zastosowania w przemy\u015ble, handlu i u\u017cytku prywatnym.<\/div><a class=\"gb-button \" href=\"\/sektoren\/industrielle-und-sonstige-anwendungen\/\" target=\"\">Prosz\u0119 dowiedzie\u0107 si\u0119 wi\u0119cej<\/a><\/div><\/div>\n<\/div><\/div>\n<\/div>\n<\/div>\n<\/div>\n<\/div>","protected":false},"excerpt":{"rendered":"<p>certoplast od dziesi\u0119cioleci jest zaufanym partnerem firm przemys\u0142owych i handlowych. Nasze produkty s\u0105 szeroko stosowane do standardowych prac izolacyjnych i napraw.<\/p>\n","protected":false},"author":1,"featured_media":0,"parent":0,"menu_order":3,"comment_status":"closed","ping_status":"closed","template":"","meta":{"_acf_changed":false,"inline_featured_image":false,"footnotes":""},"class_list":["post-5288","page","type-page","status-publish"],"acf":[],"_links":{"self":[{"href":"https:\/\/certoplast.com\/pl\/wp-json\/wp\/v2\/pages\/5288","targetHints":{"allow":["GET"]}}],"collection":[{"href":"https:\/\/certoplast.com\/pl\/wp-json\/wp\/v2\/pages"}],"about":[{"href":"https:\/\/certoplast.com\/pl\/wp-json\/wp\/v2\/types\/page"}],"author":[{"embeddable":true,"href":"https:\/\/certoplast.com\/pl\/wp-json\/wp\/v2\/users\/1"}],"replies":[{"embeddable":true,"href":"https:\/\/certoplast.com\/pl\/wp-json\/wp\/v2\/comments?post=5288"}],"version-history":[{"count":1,"href":"https:\/\/certoplast.com\/pl\/wp-json\/wp\/v2\/pages\/5288\/revisions"}],"predecessor-version":[{"id":5290,"href":"https:\/\/certoplast.com\/pl\/wp-json\/wp\/v2\/pages\/5288\/revisions\/5290"}],"wp:attachment":[{"href":"https:\/\/certoplast.com\/pl\/wp-json\/wp\/v2\/media?parent=5288"}],"curies":[{"name":"wp","href":"https:\/\/api.w.org\/{rel}","templated":true}]}}