{"id":5298,"date":"2023-07-17T15:07:15","date_gmt":"2023-07-17T13:07:15","guid":{"rendered":"https:\/\/certoplast.com\/branze\/motoryzacja\/"},"modified":"2025-04-09T12:59:24","modified_gmt":"2025-04-09T10:59:24","slug":"motoryzacja","status":"publish","type":"page","link":"https:\/\/certoplast.com\/pl\/branze\/motoryzacja\/","title":{"rendered":"Motoryzacja"},"content":{"rendered":"\r\n\t\t\t       \r\n            \r\n            <div class=\"hero hero-1534a82f full\">\r\n\t\t\t\t\t\t\t\t<div class=\"acf-innerblocks-container\">\n\r\n\t\t\t       \r\n                    \r\n            <div class=\"hero-slide hero-slide-d3e0647d is-style-image\">\r\n\t\t\t\t<div class=\"hero-canvas\">\r\n\t\t\t\t\t<div class=\"hero-subheadline\">Bran\u017ce<\/div>\t\t\t\t\t<h1 class=\"hero-headline\">Motoryzacja<\/h1>\t\t\t\t<\/div>\r\n\t\t\t\t<div class=\"hero-media hero-media-image\"><img loading=\"lazy\" decoding=\"async\" width=\"1920\" height=\"519\" src=\"https:\/\/certoplast.com\/wp-content\/uploads\/certoplast-header-automotive.jpg\" class=\"attachment-full size-full\" alt=\"\" srcset=\"https:\/\/certoplast.com\/wp-content\/uploads\/certoplast-header-automotive.jpg 1920w, https:\/\/certoplast.com\/wp-content\/uploads\/certoplast-header-automotive-300x81.jpg 300w, https:\/\/certoplast.com\/wp-content\/uploads\/certoplast-header-automotive-1024x277.jpg 1024w, https:\/\/certoplast.com\/wp-content\/uploads\/certoplast-header-automotive-768x208.jpg 768w, https:\/\/certoplast.com\/wp-content\/uploads\/certoplast-header-automotive-1536x415.jpg 1536w, https:\/\/certoplast.com\/wp-content\/uploads\/certoplast-header-automotive-800x216.jpg 800w\" sizes=\"auto, (max-width: 1920px) 100vw, 1920px\" \/><\/div>            <\/div>\r\n\t\t\t\t\r\n            \r\n\t\t\t\r\n        \r\n            \n<\/div>\r\n\t\t\t\t\t\t\t\t\r\n\t\t\t\t\t\t\t<\/div>\r\n\t\t\t\t\r\n\t\t\t\r\n\t\t\t        \r\n            \n\n<div class=\"gb-container gb-container-e4a6c0a8 gb-container-default\">\n<div class=\"gb-container gb-container-c7df1ec9\">\n\n<div class=\"wp-block-pixel-headline headlines is-subheadline-bottom has-text-align-left\"><h1 class=\"headline is-h1\" style=\"color:\">Wi\u0105zanie i ochrona <strong>wi\u0105zek kablowych<\/strong><\/h1><\/div>\n\n\n<div class=\"gb-grid-wrapper gb-grid-wrapper-6a48ed2e\">\n<div class=\"gb-grid-column gb-grid-column-6eb6a587\"><div class=\"gb-container gb-container-6eb6a587\" data-aos=\"fade-right\" data-aos-delay=\"250\">\n\n<p>\u015acis\u0142a wsp\u00f3\u0142praca z przemys\u0142em motoryzacyjnym i wyniki intensywnych bada\u0144 umo\u017cliwiaj\u0105 rozw\u00f3j zaawansowanych technologicznie produkt\u00f3w, kt\u00f3re spe\u0142niaj\u0105 liczne wymagania dotycz\u0105ce ta\u015bmowania wi\u0105zek przewod\u00f3w w in\u017cynierii motoryzacyjnej.<\/p>\n\n<\/div><\/div>\n\n<div class=\"gb-grid-column gb-grid-column-f5784789\"><div class=\"gb-container gb-container-f5784789\" data-aos=\"fade-left\" data-aos-delay=\"250\">\n\n<p>W oparciu o t\u0119 wiedz\u0119 dostarczamy wi\u0105zki przewod\u00f3w producentom samochod\u00f3w europejskich, ameryka\u0144skich i azjatyckich na ca\u0142ym \u015bwiecie. W wyniku naszych ci\u0105g\u0142ych prac rozwojowych oferujemy obecnie trzy r\u00f3\u017cne rodzaje konstrukcji ta\u015bm do wi\u0105zania i ochrony wi\u0105zek przewod\u00f3w. <\/p>\n\n<\/div><\/div>\n<\/div>\n<\/div>\n<\/div>\n\n<div class=\"gb-container gb-container-20a9d3f9 gb-container-default\">\n<div class=\"gb-container gb-container-6350117c\" data-aos=\"fade-up\" data-aos-delay=\"250\">\n<div class=\"gb-grid-wrapper gb-grid-wrapper-0edabf42 teaser-box-grid\">\n<div class=\"gb-grid-column gb-grid-column-bbd9a9e2\"><div class=\"gb-container gb-container-bbd9a9e2\">\n<div class=\"teaser-box teaser-box-b1710484\"><div class=\"teaser-box-image\"><img loading=\"lazy\" decoding=\"async\" width=\"623\" height=\"264\" src=\"https:\/\/certoplast.com\/wp-content\/uploads\/401.jpg\" class=\"attachment-teaser-box size-teaser-box\" alt=\"\" srcset=\"https:\/\/certoplast.com\/wp-content\/uploads\/401.jpg 623w, https:\/\/certoplast.com\/wp-content\/uploads\/401-300x127.jpg 300w\" sizes=\"auto, (max-width: 623px) 100vw, 623px\" \/><\/div><div class=\"teaser-box-inner\"><h3 class=\"teaser-box-headline\">Klasyczne ta\u015bmy<\/h3><div class=\"teaser-box-text\">Nadaj\u0105 si\u0119 do obr\u00f3bki r\u0119cznej lub maszynowej. S\u0105 one owijane spiralnie i zachodz\u0105 na siebie wok\u00f3\u0142 zestaw\u00f3w kabli \/ obszar\u00f3w wi\u0105zek kablowych, kt\u00f3re maj\u0105 by\u0107 ta\u015bmowane. <\/div><a class=\"gb-button \" href=\"https:\/\/certoplast.com\/pl\/branze\/motoryzacja\/klasyczne-tasmy\/\" target=\"\">Dowiedz si\u0119 wi\u0119cej<\/a><\/div><\/div>\n<\/div><\/div>\n\n<div class=\"gb-grid-column gb-grid-column-759e6c4d\"><div class=\"gb-container gb-container-759e6c4d\">\n<div class=\"teaser-box teaser-box-e1a30a34\"><div class=\"teaser-box-image\"><img loading=\"lazy\" decoding=\"async\" width=\"623\" height=\"264\" src=\"https:\/\/certoplast.com\/wp-content\/uploads\/514s.jpg\" class=\"attachment-teaser-box size-teaser-box\" alt=\"\" srcset=\"https:\/\/certoplast.com\/wp-content\/uploads\/514s.jpg 623w, https:\/\/certoplast.com\/wp-content\/uploads\/514s-300x127.jpg 300w\" sizes=\"auto, (max-width: 623px) 100vw, 623px\" \/><\/div><div class=\"teaser-box-inner\"><h3 class=\"teaser-box-headline\">Schlauchb\u00e4nder<\/h3><div class=\"teaser-box-text\">W przeciwie\u0144stwie do klasycznych ta\u015bm samoprzylepnych, Schlauchb\u00e4nder s\u0105 powlekane po obu stronach, ale nie na ca\u0142ej szeroko\u015bci. S\u0105 one r\u00f3wnie\u017c owijane spiralnie i zachodz\u0105 na siebie wok\u00f3\u0142 zestaw\u00f3w kabli\/wi\u0105zek kablowych, kt\u00f3re maj\u0105 by\u0107 oklejone ta\u015bm\u0105. Pow\u0142oka klej\u0105ca jest zorientowana w taki spos\u00f3b, \u017ce klej jest nawijany na klej. W ten spos\u00f3b powstaj\u0105 bardzo elastyczne wi\u0105zki kablowe.   <\/div><a class=\"gb-button \" href=\"https:\/\/certoplast.com\/pl\/branze\/motoryzacja\/schlauchbaender\/\" target=\"\">Dowiedz si\u0119 wi\u0119cej<\/a><\/div><\/div>\n<\/div><\/div>\n\n<div class=\"gb-grid-column gb-grid-column-4f135b7f\"><div class=\"gb-container gb-container-4f135b7f\">\n<div class=\"teaser-box teaser-box-a84293df\"><div class=\"teaser-box-image\"><img loading=\"lazy\" decoding=\"async\" width=\"623\" height=\"264\" src=\"https:\/\/certoplast.com\/wp-content\/uploads\/514l.jpg\" class=\"attachment-teaser-box size-teaser-box\" alt=\"\" srcset=\"https:\/\/certoplast.com\/wp-content\/uploads\/514l.jpg 623w, https:\/\/certoplast.com\/wp-content\/uploads\/514l-300x127.jpg 300w\" sizes=\"auto, (max-width: 623px) 100vw, 623px\" \/><\/div><div class=\"teaser-box-inner\"><h3 class=\"teaser-box-headline\">Koperty<\/h3><div class=\"teaser-box-text\">S\u0105 to prostok\u0105tne sekcje tekstylne pokryte paskami samoprzylepnymi. S\u0105 one sk\u0142adane wzd\u0142u\u017cnie wok\u00f3\u0142 odcinka wi\u0105zki kablowej, kt\u00f3ry ma zosta\u0107 zabanda\u017cowany. Pasek mocuj\u0105cy jest zwykle najpierw przymocowany do wi\u0105zki kablowej, a po owini\u0119ciu owijka jest trwale uszczelniona za pomoc\u0105 pask\u00f3w uszczelniaj\u0105cych\r\n. Czysty czas przetwarzania\r\njest bardzo kr\u00f3tki.   <\/div><a class=\"gb-button \" href=\"https:\/\/certoplast.com\/pl\/branze\/motoryzacja\/koperty\/\" target=\"\">Dowiedz si\u0119 wi\u0119cej<\/a><\/div><\/div>\n<\/div><\/div>\n<\/div>\n<\/div>\n<\/div>","protected":false},"excerpt":{"rendered":"","protected":false},"author":1,"featured_media":0,"parent":5288,"menu_order":0,"comment_status":"closed","ping_status":"closed","template":"","meta":{"_acf_changed":false,"inline_featured_image":false,"footnotes":""},"class_list":["post-5298","page","type-page","status-publish"],"acf":[],"_links":{"self":[{"href":"https:\/\/certoplast.com\/pl\/wp-json\/wp\/v2\/pages\/5298","targetHints":{"allow":["GET"]}}],"collection":[{"href":"https:\/\/certoplast.com\/pl\/wp-json\/wp\/v2\/pages"}],"about":[{"href":"https:\/\/certoplast.com\/pl\/wp-json\/wp\/v2\/types\/page"}],"author":[{"embeddable":true,"href":"https:\/\/certoplast.com\/pl\/wp-json\/wp\/v2\/users\/1"}],"replies":[{"embeddable":true,"href":"https:\/\/certoplast.com\/pl\/wp-json\/wp\/v2\/comments?post=5298"}],"version-history":[{"count":2,"href":"https:\/\/certoplast.com\/pl\/wp-json\/wp\/v2\/pages\/5298\/revisions"}],"predecessor-version":[{"id":6867,"href":"https:\/\/certoplast.com\/pl\/wp-json\/wp\/v2\/pages\/5298\/revisions\/6867"}],"up":[{"embeddable":true,"href":"https:\/\/certoplast.com\/pl\/wp-json\/wp\/v2\/pages\/5288"}],"wp:attachment":[{"href":"https:\/\/certoplast.com\/pl\/wp-json\/wp\/v2\/media?parent=5298"}],"curies":[{"name":"wp","href":"https:\/\/api.w.org\/{rel}","templated":true}]}}