{"id":5500,"date":"2023-07-18T12:40:34","date_gmt":"2023-07-18T10:40:34","guid":{"rendered":"https:\/\/certoplast.com\/infopoint\/gtc\/"},"modified":"2025-04-07T11:21:52","modified_gmt":"2025-04-07T09:21:52","slug":"gtc","status":"publish","type":"page","link":"https:\/\/certoplast.com\/pl\/infopoint\/gtc\/","title":{"rendered":"GTC"},"content":{"rendered":"\r\n\t\t\t       \r\n            \r\n            <div class=\"hero hero-27adaf05 full\">\r\n\t\t\t\t\t\t\t\t<div class=\"acf-innerblocks-container\">\n\r\n\t\t\t       \r\n                    \r\n            <div class=\"hero-slide hero-slide-9ebb6762 is-style-image\">\r\n\t\t\t\t<div class=\"hero-canvas\">\r\n\t\t\t\t\t<div class=\"hero-subheadline\">Og\u00f3lne warunki handlowe<\/div>\t\t\t\t\t<h1 class=\"hero-headline\">GTC<\/h1>\t\t\t\t<\/div>\r\n\t\t\t\t<div class=\"hero-media hero-media-image\"><img loading=\"lazy\" decoding=\"async\" width=\"1920\" height=\"519\" src=\"https:\/\/certoplast.com\/wp-content\/uploads\/certoplast-header-ueber-uns.jpg\" class=\"attachment-full size-full\" alt=\"\" srcset=\"https:\/\/certoplast.com\/wp-content\/uploads\/certoplast-header-ueber-uns.jpg 1920w, https:\/\/certoplast.com\/wp-content\/uploads\/certoplast-header-ueber-uns-300x81.jpg 300w, https:\/\/certoplast.com\/wp-content\/uploads\/certoplast-header-ueber-uns-1024x277.jpg 1024w, https:\/\/certoplast.com\/wp-content\/uploads\/certoplast-header-ueber-uns-768x208.jpg 768w, https:\/\/certoplast.com\/wp-content\/uploads\/certoplast-header-ueber-uns-1536x415.jpg 1536w, https:\/\/certoplast.com\/wp-content\/uploads\/certoplast-header-ueber-uns-800x216.jpg 800w\" sizes=\"auto, (max-width: 1920px) 100vw, 1920px\" \/><\/div>            <\/div>\r\n\t\t\t\t\r\n            \r\n\t\t\t\r\n        \r\n            \n<\/div>\r\n\t\t\t\t\t\t\t\t\r\n\t\t\t\t\t\t\t<\/div>\r\n\t\t\t\t\r\n\t\t\t\r\n\t\t\t        \r\n            <div class=\"gb-container gb-container-e4a6c0a8 gb-container-default\">\n<div class=\"gb-container gb-container-c7df1ec9\">\n<div class=\"gb-grid-wrapper gb-grid-wrapper-6a48ed2e\">\n<div class=\"gb-grid-column gb-grid-column-6eb6a587\"><div class=\"gb-container gb-container-6eb6a587\">\n\n<div class=\"wp-block-pixel-headline headlines is-subheadline-bottom has-text-align-left\"><h1 class=\"headline\" style=\"color:\">GTC<\/h1><\/div>\n\n<\/div><\/div>\n\n<div class=\"gb-grid-column gb-grid-column-fb3ab9d2\"><div class=\"gb-container gb-container-fb3ab9d2\" data-aos=\"fade-right\" data-aos-delay=\"250\">\n\n<p><strong>[Og\u00f3lne warunki handlowe].<\/strong><br\/><br\/>1 Nasze oferty mog\u0105 ulec zmianie. Dostawa i fakturowanie odbywaj\u0105 si\u0119 po cenach og\u0142oszonych w dniu wysy\u0142ki lub odbioru towar\u00f3w. Znacz\u0105ce zmiany koszt\u00f3w, w szczeg\u00f3lno\u015bci surowc\u00f3w, robocizny, energii itp. uprawniaj\u0105 nas do \u017c\u0105dania korekty cen i odst\u0105pienia od umowy w przypadku braku odbioru. Op\u0142aty przewozowe ponosi odbiorca. Za odbi\u00f3r w\u0142asny nie przys\u0142uguje odszkodowanie. Je\u015bli zalecana jest przyspieszona wysy\u0142ka (fracht lotniczy, ekspresowy, ekspresowy itp.), Klient ponosi r\u00f3\u017cnic\u0119 mi\u0119dzy kosztami frachtu a wy\u017cszymi wydatkami.     <br\/><br\/>2. towary s\u0105 przewo\u017cone na ryzyko odbiorcy. Nie zapewniamy ubezpieczenia. Je\u015bli towary s\u0105 gotowe do wysy\u0142ki, a wysy\u0142ka lub odbi\u00f3r op\u00f3\u017ania si\u0119 z przyczyn, za kt\u00f3re nie ponosimy odpowiedzialno\u015bci, ryzyko przechodzi na klienta z chwil\u0105 otrzymania powiadomienia o gotowo\u015bci do wysy\u0142ki. Jeste\u015bmy uprawnieni do \u017c\u0105dania natychmiastowej zap\u0142aty i do przechowywania towar\u00f3w u magazyniera lub spedytora na rachunek i ryzyko klienta lub do wystawienia ich na aukcji.   <br\/><br\/>3. minimalna warto\u015b\u0107 zam\u00f3wienia netto wynosi 150,- Euro na terenie Republiki Federalnej Niemiec dla dostawy op\u0142aconej, dla eksportu bez granicy niemieckiej lub FOB. W przypadku zam\u00f3wie\u0144 poni\u017cej 150,- euro pobieramy dop\u0142at\u0119 za minimaln\u0105 ilo\u015b\u0107 w wysoko\u015bci 12,50 euro. W przypadku towar\u00f3w niestandardowych zam\u00f3wiona ilo\u015b\u0107 mo\u017ce zosta\u0107 przekroczona lub zmniejszona o maksymalnie 10%.  <br\/><br\/>4 O ile nie uzgodniono inaczej, op\u0142ata za opakowanie nie jest pobierana. Op\u0142ata za opakowanie specjalne (np. skrzynie, palety stalowe) zostanie naliczona po kosztach. Je\u015bli towary zostan\u0105 zwr\u00f3cone w stanie nadaj\u0105cym si\u0119 do u\u017cytku, zwr\u00f3cimy Pa\u0144stwu pe\u0142n\u0105 warto\u015b\u0107 palet stalowych i 2\/3 warto\u015bci kwoty naliczonej za inne opakowania specjalne. W przypadku palet stalowych pobieramy op\u0142at\u0119 za wynajem w wysoko\u015bci 3,07 euro za tydzie\u0144 lub jego cz\u0119\u015b\u0107 po up\u0142ywie 4 tygodni od daty wysy\u0142ki.   <br\/><br\/>5. terminy dostaw powinny by\u0107 ustalone w taki spos\u00f3b, aby ich dotrzymanie by\u0142o prawdopodobne. Zak\u0142\u00f3cenia dzia\u0142alno\u015bci, w szczeg\u00f3lno\u015bci przypadki si\u0142y wy\u017cszej i inne zdarzenia zak\u0142\u00f3caj\u0105ce maj\u0105ce wp\u0142yw na nas, naszych dostawc\u00f3w lub firmy transportowe, takie jak po\u017car, pow\u00f3d\u017a, niedobory si\u0142y roboczej, energii lub surowc\u00f3w, strajki, lokauty, \u015brodki urz\u0119dowe, zwalniaj\u0105 nas z obowi\u0105zku terminowej dostawy na czas trwania przeszkody. Roszczenia o odszkodowanie lub inne roszczenia wynikaj\u0105ce z op\u00f3\u017anionych lub anulowanych dostaw s\u0105 wykluczone w zakresie dozwolonym przez prawo. W pozosta\u0142ym zakresie klient zachowuje ustawowe prawo do odst\u0105pienia od umowy. W przypadku um\u00f3w, kt\u00f3rych realizacja sk\u0142ada si\u0119 z kilku dostaw, niewykonanie, wadliwe lub op\u00f3\u017anione wykonanie jednej dostawy nie ma wp\u0142ywu na inne dostawy w ramach umowy.    <br\/><br\/>6. Zwrot sprzedanych towar\u00f3w jest zasadniczo wykluczony. Je\u015bli, w drodze wyj\u0105tku, towary, kt\u00f3re s\u0105 w idealnym stanie i nie s\u0105 przeterminowane, zostan\u0105 zwr\u00f3cone, zostanie to dokonane po cenie netto w dniu dostawy, chyba \u017ce cena netto w dniu zwrotu jest ni\u017csza. W takim przypadku zastosowanie ma ta druga cena. Poniesione koszty transportu ponosi klient. Powy\u017csze nie ma zastosowania w przypadku zastrze\u017cenia w\u0142asno\u015bci.<br\/>7. Wszcz\u0119cie post\u0119powania upad\u0142o\u015bciowego lub uk\u0142adowego, z\u0142o\u017cenie o\u015bwiadczenia, wyst\u0105pienie trudno\u015bci p\u0142atniczych lub stwierdzenie znacznego pogorszenia sytuacji finansowej klienta uprawnia nas do natychmiastowego wstrzymania dostaw i odmowy realizacji bie\u017c\u0105cych um\u00f3w.    <br\/><br\/>8. Zastrzegamy sobie prawo w\u0142asno\u015bci i prawa autorskie do kosztorys\u00f3w, szkic\u00f3w, rysunk\u00f3w i innych dokument\u00f3w; mog\u0105 one by\u0107 udost\u0119pniane osobom trzecim wy\u0142\u0105cznie za nasz\u0105 zgod\u0105. Rysunki i inne dokumenty nale\u017c\u0105ce do ofert musz\u0105 zosta\u0107 zwr\u00f3cone na \u017c\u0105danie i w ka\u017cdym przypadku, gdy zam\u00f3wienie nie zostanie u nas z\u0142o\u017cone. Je\u015bli dostarczamy produkty zgodnie z rysunkami, modelami, pr\u00f3bkami lub innymi dokumentami dostarczonymi przez klienta, ten ostatni gwarantuje, \u017ce prawa w\u0142asno\u015bci przemys\u0142owej os\u00f3b trzecich nie zostan\u0105 naruszone. Je\u015bli osoby trzecie zabroni\u0105 nam w szczeg\u00f3lno\u015bci produkcji i dostarczania takich przedmiot\u00f3w w odniesieniu do praw w\u0142asno\u015bci przemys\u0142owej, b\u0119dziemy uprawnieni &#8211; bez obowi\u0105zku badania sytuacji prawnej &#8211; do zaprzestania dalszej dzia\u0142alno\u015bci w tym zakresie i \u017c\u0105dania odszkodowania. Klient zobowi\u0105zuje si\u0119 do niezw\u0142ocznego zwolnienia nas z wszelkich roszcze\u0144 os\u00f3b trzecich z tego tytu\u0142u.    <br\/><br\/>9. Cz\u0119\u015bci dostarczone przez klienta w celu realizacji zam\u00f3wienia (np. cz\u0119\u015bci metalowe lub plastikowe) musz\u0105 by\u0107 dostarczone przez niego w odpowiednim czasie i w idealnym stanie, bezp\u0142atnie, z uzgodnion\u0105 nadwy\u017ck\u0105 ilo\u015bciow\u0105 w przypadku jakiegokolwiek wy\u0142\u0105czenia, w przeciwnym razie b\u0119dziemy uprawnieni, wed\u0142ug naszego uznania, do nie rozpocz\u0119cia lub przerwania produkcji i do wystawienia faktury za wszelkie poniesione koszty. Nie ma to wp\u0142ywu na nasze prawo do odszkodowania. <br\/><br\/>10. Cz\u0119\u015bci testowe wymagane do testowania b\u0119d\u0105 fakturowane dodatkowo do wszelkich poniesionych koszt\u00f3w, w szczeg\u00f3lno\u015bci za formy, narz\u0119dzia i sprz\u0119t. Je\u015bli formy, narz\u0119dzia i sprz\u0119t s\u0105 nabywane przez nas do produkcji lub produkowane pod naszym kierownictwem, b\u0119dziemy fakturowa\u0107 koszty za nie w ramach koszt\u00f3w produkcji. W obu przypadkach formy, narz\u0119dzia i sprz\u0119t pozostaj\u0105 nasz\u0105 w\u0142asno\u015bci\u0105. Wszelkie umowy dotycz\u0105ce amortyzacji odnosz\u0105 si\u0119 do maksymalnego okresu 3 lat. Wszelkie us\u0142ugi dotycz\u0105ce form, narz\u0119dzi i wyposa\u017cenia niewykonane po tym okresie b\u0119d\u0105 rozliczane got\u00f3wkowo.    <\/p>\n\n\n\n<p><strong>[B. Zachowanie tytu\u0142u]<\/strong> <\/p>\n\n\n\n<p>1a) Zastrzegamy sobie prawo w\u0142asno\u015bci do wszystkich dostarczonych przez nas towar\u00f3w do momentu spe\u0142nienia wszystkich roszcze\u0144, w tym roszcze\u0144 warunkowych i przysz\u0142ych, kt\u00f3re przys\u0142uguj\u0105 nam wobec klienta z tytu\u0142u danych stosunk\u00f3w handlowych (\u00a7\u00a7 362 i nast. BGB). P\u0142atno\u015bci got\u00f3wkowe, p\u0142atno\u015bci czekowe i przelewy bankowe, kt\u00f3re s\u0105 dokonywane w zamian za przes\u0142anie nam przez klienta wystawionego przez nas weksla, b\u0119d\u0105 uwa\u017cane za spe\u0142nione tylko wtedy, gdy weksel zostanie zrealizowany przez remitenta, a my zostaniemy w ten spos\u00f3b zwolnieni z odpowiedzialno\u015bci za weksel. <\/p>\n\n\n\n<p>b) Zastrze\u017cenie w\u0142asno\u015bci, w szczeg\u00f3lno\u015bci poprzez odebranie towar\u00f3w, kt\u00f3re jest dopuszczalne w przypadku zw\u0142oki w p\u0142atno\u015bci lub zagro\u017cenia naszego roszczenia w\u0142asno\u015bciowego, nie jest uwa\u017cane za odst\u0105pienie od umowy.<\/p>\n\n\n\n<p>c) Niezale\u017cnie od zobowi\u0105zania klienta do zap\u0142aty, b\u0119dziemy uprawnieni do sprzeda\u017cy zwr\u00f3conych towar\u00f3w<br\/>aa) na otwartym rynku i uznania wp\u0142yw\u00f3w lub<br\/>bb) po cenie umownej &#8211; pomniejszonej o wszystkie przyznane premie, rabaty i inne zni\u017cki oraz odliczaj\u0105c 20% obni\u017ck\u0119 warto\u015bci (podstawowa cena umowna).<\/p>\n\n\n\n<p>d) Klient ma obowi\u0105zek niezw\u0142ocznie powiadomi\u0107 nas o ka\u017cdym zaj\u0119ciu lub innym naruszeniu naszych praw w\u0142asno\u015bci przez osoby trzecie i potwierdzi\u0107 prawo w\u0142asno\u015bci osobom trzecim oraz nam na pi\u015bmie. Klientowi nie wolno zastawia\u0107 ani przenosi\u0107 w drodze zabezpieczenia towar\u00f3w dostarczonych z zastrze\u017ceniem w\u0142asno\u015bci. <\/p>\n\n\n\n<p>e) Nabycie w\u0142asno\u015bci zastrze\u017conego towaru przez klienta zgodnie z \u00a7 950 BGB w przypadku przetworzenia zastrze\u017conego towaru na now\u0105 rzecz jest wykluczone. Wszelka obr\u00f3bka i przetwarzanie s\u0105 przeprowadzane przez klienta w naszym imieniu bez \u017cadnych zobowi\u0105za\u0144 dla nas. Towar poddany obr\u00f3bce lub przetworzeniu stanowi nasze zabezpieczenie. Je\u015bli towary s\u0105 \u0142\u0105czone, mieszane lub mieszane z innymi towarami nienale\u017c\u0105cymi do nas (\u00a7 947, 948 BGB), jeste\u015bmy uprawnieni do wsp\u00f3\u0142w\u0142asno\u015bci nowej rzeczy w stosunku warto\u015bci zastrze\u017conych towar\u00f3w u\u017cytych do wyprodukowanej rzeczy do sumy wszystkich warto\u015bci fakturowych innych towar\u00f3w u\u017cytych do produkcji. Je\u015bli klient nabywa wy\u0142\u0105czn\u0105 w\u0142asno\u015b\u0107 nowej rzeczy, strony umowy uzgadniaj\u0105, \u017ce klient przyzna nam wsp\u00f3\u0142w\u0142asno\u015b\u0107 nowej rzeczy proporcjonalnie do warto\u015bci przetworzonych lub po\u0142\u0105czonych, zmieszanych lub wymieszanych towar\u00f3w zastrze\u017conych. Powsta\u0142y w ten spos\u00f3b nowy przedmiot uwa\u017ca si\u0119 za towar zastrze\u017cony w rozumieniu niniejszych warunk\u00f3w. Klient przechowuje je dla nas z nale\u017cyt\u0105 staranno\u015bci\u0105 handlow\u0105 i zobowi\u0105zuje si\u0119 przekaza\u0107 nam informacje niezb\u0119dne do wykonania naszych praw oraz zapewni\u0107 nam dost\u0119p do swoich dokument\u00f3w w tym zakresie.       <\/p>\n\n\n\n<p>f) Klient musi odpowiednio ubezpieczy\u0107 towar zastrze\u017cony, w szczeg\u00f3lno\u015bci od po\u017caru i kradzie\u017cy. Roszczenia wobec firmy ubezpieczeniowej wynikaj\u0105ce z roszcze\u0144 zwi\u0105zanych z towarem zastrze\u017conym zostaj\u0105 niniejszym przeniesione na nas w wysoko\u015bci warto\u015bci towaru zastrze\u017conego. Klient musi poinformowa\u0107 firm\u0119 ubezpieczeniow\u0105 o cesji roszczenia.  <\/p>\n\n\n\n<p>2a) Roszczenia klienta z tytu\u0142u odsprzeda\u017cy towaru zastrze\u017conego zostaj\u0105 niniejszym scedowane na nas wraz ze wszystkimi prawami dodatkowymi, niezale\u017cnie od tego, czy towar zastrze\u017cony zostanie odsprzedany bez przetwarzania, obr\u00f3bki, \u0142\u0105czenia lub mieszania, czy te\u017c po ich przetworzeniu, obr\u00f3bce, \u0142\u0105czeniu lub mieszaniu, a tak\u017ce niezale\u017cnie od tego, czy zostanie odsprzedany jednemu czy wi\u0119kszej liczbie klient\u00f3w. Je\u015bli scedowana wierzytelno\u015b\u0107 wobec d\u0142u\u017cnika b\u0119d\u0105cego osob\u0105 trzeci\u0105 zosta\u0142a uj\u0119ta w rachunku bie\u017c\u0105cym, uzgodniona cesja odnosi si\u0119 r\u00f3wnie\u017c do wierzytelno\u015bci z rachunku bie\u017c\u0105cego. Przeniesione wierzytelno\u015bci s\u0142u\u017c\u0105 zabezpieczeniu wszystkich naszych praw i roszcze\u0144 zgodnie z B.1.a).  <\/p>\n\n\n\n<p><\/p>\n\n<\/div><\/div>\n\n<div class=\"gb-grid-column gb-grid-column-53e7a571\"><div class=\"gb-container gb-container-53e7a571\" data-aos=\"fade-left\" data-aos-delay=\"250\">\n\n<p>b) W przypadku, gdy towar zastrze\u017cony zostanie sprzedany przez Kupuj\u0105cego wraz z innym towarem nienale\u017c\u0105cym do nas, bez wzgl\u0119du na to, czy bez lub po po\u0142\u0105czeniu, zmieszaniu, obr\u00f3bce lub przetworzeniu, cesja roszczenia z tytu\u0142u ceny zakupu zgodnie z B.2.a) w wysoko\u015bci ceny umownej towaru zastrze\u017conego powi\u0119kszonej o 20%, kt\u00f3ra zostanie skompensowana z odsetkami i kosztami po otrzymaniu kwoty, zostanie uznana za uzgodnion\u0105, przy czym niewykorzystana nadwy\u017cka zostanie zwr\u00f3cona.<\/p>\n\n\n\n<p>c) Je\u017celi towar zastrze\u017cony jest wykorzystywany przez klienta do wykonania umowy o dzie\u0142o lub umowy o dzie\u0142o i dostaw\u0119 materia\u0142\u00f3w, roszczenie wynikaj\u0105ce z umowy o dzie\u0142o lub umowy o dzie\u0142o i dostaw\u0119 materia\u0142\u00f3w zostanie przeniesione na nas z g\u00f3ry w takim samym zakresie, jak okre\u015blono w punkcie B.2.a) i b). <\/p>\n\n\n\n<p>d) Klient jest uprawniony i upowa\u017cniony do odsprzeda\u017cy lub innego wykorzystania towar\u00f3w obj\u0119tych zastrze\u017ceniem w\u0142asno\u015bci wy\u0142\u0105cznie pod warunkiem przeniesienia na nas roszcze\u0144 okre\u015blonych w punkcie B.2.a) do c). Nie jest on upowa\u017cniony do rozporz\u0105dzania zastrze\u017conymi towarami w jakikolwiek inny spos\u00f3b.  <\/p>\n\n\n\n<p>e) Klient jest upowa\u017cniony do pobierania nale\u017cno\u015bci z tytu\u0142u odsprzeda\u017cy pomimo cesji. Upowa\u017cnienie klienta do windykacji nie ma wp\u0142ywu na nasze uprawnienie do windykacji. Nie b\u0119dziemy jednak samodzielnie dochodzi\u0107 roszcze\u0144, dop\u00f3ki klient nale\u017cycie wywi\u0105zuje si\u0119 ze swoich zobowi\u0105za\u0144 p\u0142atniczych. Na nasze \u017c\u0105danie musi on poinformowa\u0107 nas o d\u0142u\u017cnikach scedowanych wierzytelno\u015bci, dostarczy\u0107 niezb\u0119dne informacje i dokumenty oraz powiadomi\u0107 d\u0142u\u017cnik\u00f3w o cesji.   <\/p>\n\n\n\n<p>f) W przypadkach, o kt\u00f3rych mowa w punkcie A.7., upowa\u017cnienie klienta do odsprzeda\u017cy zastrze\u017conych towar\u00f3w i dochodzenia roszcze\u0144 przeniesionych na nas wygasa. <\/p>\n\n\n\n<p>3.a) Zastrze\u017cenie w\u0142asno\u015bci zgodnie z powy\u017cszymi postanowieniami pozostaje w mocy r\u00f3wnie\u017c wtedy, gdy poszczeg\u00f3lne nasze roszczenia s\u0105 uwzgl\u0119dnione na rachunku bie\u017c\u0105cym, a saldo zosta\u0142o ustalone i uznane.<\/p>\n\n\n\n<p>b) Zastrze\u017cenie w\u0142asno\u015bci zgodnie z powy\u017cszymi postanowieniami wygasa, gdy wszystkie roszczenia wymienione powy\u017cej w punkcie B.1a) zostan\u0105 spe\u0142nione. W\u0142asno\u015b\u0107 towar\u00f3w obj\u0119tych zastrze\u017ceniem w\u0142asno\u015bci przechodzi w\u00f3wczas na klienta, a scedowane roszczenia staj\u0105 si\u0119 jego w\u0142asno\u015bci\u0105. <\/p>\n\n\n\n<p>4. je\u015bli warto\u015b\u0107 wszystkich istniej\u0105cych dla nas zabezpiecze\u0144 przekracza nasze roszczenia<br\/>\u0142\u0105cznie o wi\u0119cej ni\u017c 20%, jeste\u015bmy zobowi\u0105zani do zwolnienia wybranych przez nas zabezpiecze\u0144 na \u017c\u0105danie klienta.<\/p>\n\n\n\n<p><\/p>\n\n\n\n<p><strong>[C. Warunki p\u0142atno\u015bci]<\/strong><\/p>\n\n\n\n<p>1. o ile wyra\u017anie nie uzgodniono inaczej na pi\u015bmie, wszystkie faktury b\u0119d\u0105 p\u0142atne w ci\u0105gu 14 dni od daty wystawienia faktury z 2% rabatem lub netto w ci\u0105gu 30 dni.<\/p>\n\n\n\n<p>2 Nasze faktury prosimy op\u0142aca\u0107 bez koszt\u00f3w wysy\u0142ki i op\u0142at. Data wystawienia faktury jest taka sama jak data wysy\u0142ki. <\/p>\n\n\n\n<p>3. Rachunek got\u00f3wkowy zostanie przyznany tylko wtedy, gdy wszystkie nale\u017cne zobowi\u0105zania p\u0142atnicze z tytu\u0142u poprzednich dostaw zosta\u0142y spe\u0142nione, a kwota faktury zosta\u0142a przez nas otrzymana w got\u00f3wce lub zaksi\u0119gowana na naszym koncie punktualnie w wy\u017cej wymienionych terminach. Przekazanie weksli nie mo\u017ce zatem prowadzi\u0107 do przyznania konta got\u00f3wkowego. W przypadku p\u0142atno\u015bci bezgot\u00f3wkowych, w szczeg\u00f3lno\u015bci r\u00f3wnie\u017c w przypadku czek\u00f3w, decyduj\u0105cy jest zawsze moment uznania rachunku. Rabaty got\u00f3wkowe nie mog\u0105 by\u0107 przyznawane w przypadku p\u0142atno\u015bci lub not kredytowych podlegaj\u0105cych zastrze\u017ceniom, warunkom lub innym ograniczeniom. Ryzyko zwi\u0105zane z metod\u0105 p\u0142atno\u015bci ponosi klient.    <\/p>\n\n\n\n<p>4. Weksle i czeki b\u0119d\u0105 uznawane wy\u0142\u0105cznie pod warunkiem prawid\u0142owego otrzymania pe\u0142nej kwoty. Zastrzegamy sobie prawo do przyjmowania weksli od os\u00f3b trzecich lub w\u0142asnych. Koszty i op\u0142aty dyskontowe ponosi klient. Nie ponosimy odpowiedzialno\u015bci za prezentacj\u0119 i protest. Je\u015bli weksle w\u0142asne klienta zostan\u0105 oprotestowane lub je\u015bli oprotestowane weksle os\u00f3b trzecich nie zostan\u0105 niezw\u0142ocznie pokryte, jeste\u015bmy upowa\u017cnieni do zwrotu wszystkich zaleg\u0142ych weksli. Jednocze\u015bnie wszystkie nasze roszczenia staj\u0105 si\u0119 wymagalne. Wcze\u015bniejsze czeki nie b\u0119d\u0105 akceptowane.      <\/p>\n\n\n\n<p>5. po up\u0142ywie terminu p\u0142atno\u015bci jeste\u015bmy uprawnieni do naliczania odsetek za zw\u0142ok\u0119 w wysoko\u015bci 4% powy\u017cej odpowiedniej stopy dyskontowej Deutsche Bundesbank. Nasze prawo do \u017c\u0105dania odszkodowania za zw\u0142ok\u0119 pozostaje nienaruszone. <\/p>\n\n\n\n<p>6. zastrzegamy sobie prawo do anulowania przyznania kredytu w dowolnym momencie, nawet je\u015bli wi\u0105\u017ce si\u0119 to z przyznaniem warunk\u00f3w p\u0142atno\u015bci w ramach niniejszych warunk\u00f3w. Jeste\u015bmy r\u00f3wnie\u017c uprawnieni do \u017c\u0105dania w dowolnym momencie wystarczaj\u0105cego zabezpieczenia istniej\u0105cych roszcze\u0144 wed\u0142ug naszego uznania. Je\u015bli nasze \u017c\u0105danie nie zostanie uwzgl\u0119dnione, wszystkie nasze roszczenia stan\u0105 si\u0119 natychmiast wymagalne.  <\/p>\n\n\n\n<p>7 Nie p\u0142acimy odsetek od p\u0142atno\u015bci zaliczkowych lub ratalnych.<\/p>\n\n\n\n<p>8. Klient jest uprawniony do potr\u0105cenia lub wstrzymania p\u0142atno\u015bci tylko wtedy, gdy jego roszczenie wzajemne jest bezsporne lub zosta\u0142o uznane w drodze orzeczenia deklaratoryjnego. Potr\u0105cenia, kt\u00f3re nie zosta\u0142y wyra\u017anie uzgodnione, nie b\u0119d\u0105 uznawane. <\/p>\n\n\n\n<p>9. Roszczenie o zap\u0142at\u0119 lub potr\u0105cenie uzgodnionej premii istnieje tylko wtedy, gdy klient zap\u0142aci\u0142 nam wszystkie nale\u017cno\u015bci, na kt\u00f3rych opiera si\u0119 obliczenie premii.<\/p>\n\n\n\n<p><strong>[D. Warunki odpowiedzialno\u015bci]<\/strong><\/p>\n\n\n\n<p>1. udzielamy gwarancji na dostarczone przez nas produkty wy\u0142\u0105cznie zgodnie z poni\u017cszymi postanowieniami:<\/p>\n\n\n\n<p>a) Odpowiadamy za nieistotne wady wed\u0142ug naszego uznania poprzez napraw\u0119 lub wymian\u0119. Roszczenie o anulowanie lub obni\u017cenie p\u0142atno\u015bci przys\u0142uguje tylko wtedy, gdy zgodnie z nasz\u0105 decyzj\u0105 naprawa lub dostawa zast\u0119pcza nie mo\u017ce zosta\u0107 zrealizowana lub nie zosta\u0142 dotrzymany termin. Je\u015bli naprawa lub dostawa zast\u0119pcza nie powiedzie si\u0119 lub je\u015bli brakuje gwarantowanych cech, klient mo\u017ce za\u017c\u0105da\u0107 obni\u017cenia p\u0142atno\u015bci lub, wed\u0142ug w\u0142asnego uznania, odst\u0105pienia od umowy. Dalsze roszczenia, w szczeg\u00f3lno\u015bci roszczenia odszkodowawcze wszelkiego rodzaju, s\u0105 wykluczone w zakresie dozwolonym przez prawo. W zakresie, w jakim zapewniamy wymian\u0119 w jakiejkolwiek formie, w ca\u0142o\u015bci lub w cz\u0119\u015bci, odrzucony towar staje si\u0119 nasz\u0105 w\u0142asno\u015bci\u0105.<br\/>b) Podane przez nas informacje techniczne dotycz\u0105ce przedmiotu \u015bwiadczenia, przeznaczenia itp. (np. wymiary, waga itp.) nie s\u0105 wi\u0105\u017c\u0105ce. (np. wymiary, waga, twardo\u015b\u0107, warto\u015b\u0107 u\u017cytkowa) odnosz\u0105 si\u0119 do przybli\u017conego charakteru i rodzaju towar\u00f3w. S\u0105 to opisy, a nie gwarantowane cechy. W miar\u0119 mo\u017cliwo\u015bci technicznych unika si\u0119 odchyle\u0144 od pr\u00f3bek lub wcze\u015bniejszych dostaw. Tylko znacz\u0105ce odchylenia uzasadniaj\u0105 roszczenie gwarancyjne zgodnie z D.1.a). Produkcja i dostawa s\u0105 zasadniczo realizowane w zakresie odchyle\u0144 dozwolonych przez norm\u0119 DIN 40631. Jeste\u015bmy zwi\u0105zani odchyleniami poni\u017cej tolerancji dozwolonych przez t\u0119 norm\u0119 tylko wtedy, gdy wyra\u017anie potwierdzili\u015bmy to na pi\u015bmie.<br\/>c) Wada, za kt\u00f3r\u0105 ponosimy odpowiedzialno\u015b\u0107, nie istnieje w przypadku naturalnego zu\u017cycia, szk\u00f3d spowodowanych niew\u0142a\u015bciw\u0105 obs\u0142ug\u0105, nieodpowiednim przechowywaniem lub je\u015bli wada wynika ze specjalnego zastosowania towar\u00f3w, kt\u00f3re nie zosta\u0142o nam zg\u0142oszone na pi\u015bmie przy zawarciu umowy.<br\/>d) Reklamacje wszelkiego rodzaju nale\u017cy sk\u0142ada\u0107 w ci\u0105gu 10 dni od otrzymania towaru, w przypadku wad ukrytych w ci\u0105gu 10 dni od ich wykrycia. Towary musz\u0105 zosta\u0107 zwr\u00f3cone do nas z op\u0142aconym transportem do Wuppertal, chyba \u017ce wyra\u017anie zrzekniemy si\u0119 tego prawa.<br\/>e) Nie udzielamy gwarancji na towary wt\u00f3rne lub seryjne.          <\/p>\n\n\n\n<p>2. zgodnie z d\u0142ugoletni\u0105 praktyk\u0105 naszej bran\u017cy, roszczenia odszkodowawcze wszelkiego rodzaju i z jakiegokolwiek powodu prawnego, w tym z tytu\u0142u culpa in contrahendo, z tytu\u0142u pozytywnego naruszenia umowy oraz z tytu\u0142u nieuprawnionego dzia\u0142ania zgodnie z \u00a7\u00a7 823 i nast. BGB (niemiecki kodeks cywilny) przeciwko nam, naszym zast\u0119pcom i osobom pomocniczym s\u0105 wykluczone w zakresie dozwolonym przez prawo. Niniejsze postanowienie dotycz\u0105ce odpowiedzialno\u015bci ma r\u00f3wnie\u017c zastosowanie do naszych porad udzielanych ustnie, pisemnie, poprzez testy lub w jakikolwiek inny spos\u00f3b; w szczeg\u00f3lno\u015bci klient nie jest zwolniony z obowi\u0105zku samodzielnego sprawdzenia przydatno\u015bci do zamierzonego zastosowania.  <\/p>\n\n\n\n<p><strong>[E. Miejsce wykonania, miejsce jurysdykcji, inne umowy]<\/strong><\/p>\n\n\n\n<p>1. Miejscem realizacji i jurysdykcji dla wszystkich roszcze\u0144 wynikaj\u0105cych ze stosunk\u00f3w handlowych, w szczeg\u00f3lno\u015bci naszych dostaw, jest Wuppertal. To miejsce jurysdykcji ma r\u00f3wnie\u017c zastosowanie do spor\u00f3w dotycz\u0105cych powstania i wa\u017cno\u015bci stosunku umownego. Wed\u0142ug naszego uznania mamy r\u00f3wnie\u017c prawo do wniesienia pow\u00f3dztwa do s\u0105du w\u0142a\u015bciwego dla siedziby klienta. Obowi\u0105zuje wy\u0142\u0105cznie prawo Republiki Federalnej Niemiec, z wy\u0142\u0105czeniem Jednolitych Przepis\u00f3w o Mi\u0119dzynarodowej Sprzeda\u017cy Towar\u00f3w.   <\/p>\n\n\n\n<p>2 Nasze warunki, kt\u00f3re stanowi\u0105 podstaw\u0119 wszystkich um\u00f3w i ofert, uznaje si\u0119 za uznane poprzez z\u0142o\u017cenie zam\u00f3wienia lub przyj\u0119cie dostawy. Mog\u0105 one zosta\u0107 zmienione przez nas w dowolnym momencie. Wszelkie odmienne warunki s\u0105 niewa\u017cne, nawet je\u015bli nie wyrazimy wobec nich wyra\u017anego sprzeciwu; obowi\u0105zuj\u0105 one tylko wtedy, gdy zostan\u0105 przez nas uznane na pi\u015bmie w indywidualnych przypadkach. Niewa\u017cno\u015b\u0107 poszczeg\u00f3lnych postanowie\u0144 nie wp\u0142ywa na wa\u017cno\u015b\u0107 pozosta\u0142ych postanowie\u0144 niniejszych warunk\u00f3w.   <\/p>\n\n\n\n<p>3. umowy telefoniczne lub ustne wymagaj\u0105 pisemnego potwierdzenia, aby by\u0142y prawnie skuteczne.<\/p>\n\n\n\n<p>Status czerwiec 2002<\/p>\n\n<\/div><\/div>\n<\/div>\n<\/div>\n<\/div><div class=\"gb-container gb-container-0fd22b23 gb-container-default\">\n<div class=\"gb-container gb-container-b966a2c2\">\n<div class=\"gb-grid-wrapper gb-grid-wrapper-04495606\"><\/div>\n<\/div>\n<\/div>","protected":false},"excerpt":{"rendered":"","protected":false},"author":1,"featured_media":4928,"parent":5207,"menu_order":9,"comment_status":"closed","ping_status":"closed","template":"","meta":{"_acf_changed":false,"inline_featured_image":false,"footnotes":""},"class_list":["post-5500","page","type-page","status-publish","has-post-thumbnail"],"acf":[],"_links":{"self":[{"href":"https:\/\/certoplast.com\/pl\/wp-json\/wp\/v2\/pages\/5500","targetHints":{"allow":["GET"]}}],"collection":[{"href":"https:\/\/certoplast.com\/pl\/wp-json\/wp\/v2\/pages"}],"about":[{"href":"https:\/\/certoplast.com\/pl\/wp-json\/wp\/v2\/types\/page"}],"author":[{"embeddable":true,"href":"https:\/\/certoplast.com\/pl\/wp-json\/wp\/v2\/users\/1"}],"replies":[{"embeddable":true,"href":"https:\/\/certoplast.com\/pl\/wp-json\/wp\/v2\/comments?post=5500"}],"version-history":[{"count":1,"href":"https:\/\/certoplast.com\/pl\/wp-json\/wp\/v2\/pages\/5500\/revisions"}],"predecessor-version":[{"id":5503,"href":"https:\/\/certoplast.com\/pl\/wp-json\/wp\/v2\/pages\/5500\/revisions\/5503"}],"up":[{"embeddable":true,"href":"https:\/\/certoplast.com\/pl\/wp-json\/wp\/v2\/pages\/5207"}],"wp:featuredmedia":[{"embeddable":true,"href":"https:\/\/certoplast.com\/pl\/wp-json\/wp\/v2\/media\/4928"}],"wp:attachment":[{"href":"https:\/\/certoplast.com\/pl\/wp-json\/wp\/v2\/media?parent=5500"}],"curies":[{"name":"wp","href":"https:\/\/api.w.org\/{rel}","templated":true}]}}