{"id":5544,"date":"2023-11-09T15:39:38","date_gmt":"2023-11-09T14:39:38","guid":{"rendered":"https:\/\/certoplast.com\/infopoint\/aktualnosci\/"},"modified":"2025-04-07T11:21:59","modified_gmt":"2025-04-07T09:21:59","slug":"aktualnosci","status":"publish","type":"page","link":"https:\/\/certoplast.com\/pl\/infopoint\/aktualnosci\/","title":{"rendered":"Aktualno\u015bci"},"content":{"rendered":"\r\n\t\t\t       \r\n            \r\n            <div class=\"hero hero-99255ea4 full\">\r\n\t\t\t\t\t\t\t\t<div class=\"acf-innerblocks-container\">\n\r\n\t\t\t       \r\n                    \r\n            <div class=\"hero-slide hero-slide-2fd39297 is-style-image\">\r\n\t\t\t\t<div class=\"hero-canvas\">\r\n\t\t\t\t\t<div class=\"hero-subheadline\">Informacje bie\u017c\u0105ce<\/div>\t\t\t\t\t<h1 class=\"hero-headline\">Aktualno\u015bci<\/h1>\t\t\t\t<\/div>\r\n\t\t\t\t<div class=\"hero-media hero-media-image\"><img loading=\"lazy\" decoding=\"async\" width=\"1920\" height=\"519\" src=\"https:\/\/certoplast.com\/wp-content\/uploads\/certoplast-header-infopoint.jpg\" class=\"attachment-full size-full\" alt=\"\" srcset=\"https:\/\/certoplast.com\/wp-content\/uploads\/certoplast-header-infopoint.jpg 1920w, https:\/\/certoplast.com\/wp-content\/uploads\/certoplast-header-infopoint-300x81.jpg 300w, https:\/\/certoplast.com\/wp-content\/uploads\/certoplast-header-infopoint-1024x277.jpg 1024w, https:\/\/certoplast.com\/wp-content\/uploads\/certoplast-header-infopoint-768x208.jpg 768w, https:\/\/certoplast.com\/wp-content\/uploads\/certoplast-header-infopoint-1536x415.jpg 1536w\" sizes=\"auto, (max-width: 1920px) 100vw, 1920px\" \/><\/div>            <\/div>\r\n\t\t\t\t\r\n            \r\n\t\t\t\r\n        \r\n            \n<\/div>\r\n\t\t\t\t\t\t\t\t\r\n\t\t\t\t\t\t\t<\/div>\r\n\t\t\t\t\r\n\t\t\t\r\n\t\t\t        \r\n            <section class=\"gb-container gb-container-65bb36d5 gb-container-default\">\n<div class=\"gb-container gb-container-38c5919d\">\n<div class=\"gb-grid-wrapper gb-grid-wrapper-52375aca\">\n<div class=\"gb-grid-column gb-grid-column-52b2ce36\"><div class=\"gb-container gb-container-52b2ce36\">\n\n<div class=\"wp-block-pixel-headline headlines is-subheadline-bottom has-text-align-left\"><h1 class=\"headline\" style=\"color:\">Nasze<strong> wiadomo\u015bci<\/strong><\/h1><\/div>\n\n\n\n<p>Zawsze na bie\u017c\u0105co: W tym miejscu informujemy Pa\u0144stwa o bie\u017c\u0105cych wydarzeniach i nowych produktach.<\/p>\n\n<\/div><\/div>\n\n<div class=\"gb-grid-column gb-grid-column-57c7c1b7\"><div class=\"gb-container gb-container-57c7c1b7\" data-aos=\"fade-up\" data-aos-delay=\"250\">\n\n\t\t\t\t\t\t\n\t\t\t\n\n\t\t\t\n            <div class=\"grid grid-114c8702 grid-post grid-columns-2\">\n\t\t\t\n\t\t\t\t\t\t\t\t\t\t\t\t\t\t\t\t\t<div class=\"grid-group grid-group-0\">\n\t\t\t\t\t\t\t\t\t\t\t\t<div class=\"grid-inner \">\n\t\t\t\t\t\t\t\t\t\t\t\t\t\t\t<div class=\"grid-item\">\n\t\t\t\t\t\t\t\t\t \n\t\t\t<div class=\"card card-post card-post-5740\">\n\t\t\t\t<div class=\"card-media\"><img loading=\"lazy\" decoding=\"async\" width=\"800\" height=\"800\" src=\"https:\/\/certoplast.com\/wp-content\/uploads\/was-unsere-welt-zusammenhaelt.jpg\" class=\"attachment-square size-square\" alt=\"\" srcset=\"https:\/\/certoplast.com\/wp-content\/uploads\/was-unsere-welt-zusammenhaelt.jpg 800w, https:\/\/certoplast.com\/wp-content\/uploads\/was-unsere-welt-zusammenhaelt-300x300.jpg 300w, https:\/\/certoplast.com\/wp-content\/uploads\/was-unsere-welt-zusammenhaelt-150x150.jpg 150w, https:\/\/certoplast.com\/wp-content\/uploads\/was-unsere-welt-zusammenhaelt-768x768.jpg 768w\" sizes=\"auto, (max-width: 800px) 100vw, 800px\" \/><\/div>\t\t\t\t<div class=\"card-content\">\n\t\t\t\t\t<div class=\"card-inner\">\n\t\t\t\t\t\t<span class=\"card-headline headline is-h3\">Co trzyma nasz \u015bwiat razem<\/span><div class=\"card-copy\">Kleje i uszczelniacze to ukryta si\u0142a, kt\u00f3ra spaja nasz \u015bwiat. Prosz\u0119 ju\u017c teraz zapozna\u0107 si\u0119 z filmem przedstawiaj\u0105cym kleje i uszczelniacze przygotowanym przez Industrieverband Klebstoffe e.V. <\/div>\t\t\t\t\t<\/div>\n\n\t\t\t\t\t<div class=\"card-action\"><div class=\"gb-buttons\"><a class=\"gb-button gb-button-blau-gradient\" href=\"https:\/\/certoplast.com\/pl\/aktuelles\/co-trzyma-nasz-swiat-razem\/\">Prosz\u0119 dowiedzie\u0107 si\u0119 wi\u0119cej<\/a><\/div><\/div>\t\t\t\t<\/div>\n\t\t\t<\/div>\n\t\t\t\t\t\t\t\t\t\t<\/div>\n\t\t\t\t\t\t\t\t\t\t\t\t\t<\/div>\n\t\t\t\t\t<\/div>\n\t\t\t\t            <\/div>\n\t\t\t\n\t\t\t\t\t\t\t\n\t\t\t\n            <!-- end:grid -->\n        \n            \n<\/div><\/div>\n<\/div>\n<\/div>\n<\/section><section class=\"gb-container gb-container-59e08ff4 gb-container-default\" id=\"feed-linkedin\">\n<div class=\"gb-container gb-container-4c1d930b\">\n\n<div class=\"wp-block-pixel-headline headlines is-subheadline-bottom has-text-align-left\"><h2 class=\"headline is-h2\" style=\"color:var(--color-brand)\"><mark style=\"background-color:rgba(0, 0, 0, 0)\" class=\"has-inline-color has-color-text-color\">My na<\/mark> LinkedIn<\/h2><\/div>\n\n<\/div>\n\n<div class=\"gb-container gb-container-ce4a494b\">\n<div class=\"juicer-feed\" data-feed-id=\"certoplast-8b7db918-e2dd-4343-8575-735d6b1398c2\"><\/div>\n\n<\/div>\n<\/section>","protected":false},"excerpt":{"rendered":"","protected":false},"author":1,"featured_media":0,"parent":5207,"menu_order":0,"comment_status":"closed","ping_status":"closed","template":"","meta":{"_acf_changed":false,"inline_featured_image":false,"footnotes":""},"class_list":["post-5544","page","type-page","status-publish"],"acf":[],"_links":{"self":[{"href":"https:\/\/certoplast.com\/pl\/wp-json\/wp\/v2\/pages\/5544","targetHints":{"allow":["GET"]}}],"collection":[{"href":"https:\/\/certoplast.com\/pl\/wp-json\/wp\/v2\/pages"}],"about":[{"href":"https:\/\/certoplast.com\/pl\/wp-json\/wp\/v2\/types\/page"}],"author":[{"embeddable":true,"href":"https:\/\/certoplast.com\/pl\/wp-json\/wp\/v2\/users\/1"}],"replies":[{"embeddable":true,"href":"https:\/\/certoplast.com\/pl\/wp-json\/wp\/v2\/comments?post=5544"}],"version-history":[{"count":1,"href":"https:\/\/certoplast.com\/pl\/wp-json\/wp\/v2\/pages\/5544\/revisions"}],"predecessor-version":[{"id":5546,"href":"https:\/\/certoplast.com\/pl\/wp-json\/wp\/v2\/pages\/5544\/revisions\/5546"}],"up":[{"embeddable":true,"href":"https:\/\/certoplast.com\/pl\/wp-json\/wp\/v2\/pages\/5207"}],"wp:attachment":[{"href":"https:\/\/certoplast.com\/pl\/wp-json\/wp\/v2\/media?parent=5544"}],"curies":[{"name":"wp","href":"https:\/\/api.w.org\/{rel}","templated":true}]}}