{"id":5616,"date":"2025-01-16T10:16:38","date_gmt":"2025-01-16T09:16:38","guid":{"rendered":"https:\/\/certoplast.com\/podejscie\/"},"modified":"2025-09-17T10:56:50","modified_gmt":"2025-09-17T08:56:50","slug":"podejscie","status":"publish","type":"page","link":"https:\/\/certoplast.com\/pl\/podejscie\/","title":{"rendered":"Podej\u015bcie"},"content":{"rendered":"\r\n\t\t\t       \r\n            \r\n            <div class=\"hero hero-6a1e739a full\">\r\n\t\t\t\t\t\t\t\t<div class=\"acf-innerblocks-container\">\n\r\n\t\t\t       \r\n                    \r\n            <div class=\"hero-slide hero-slide-383faa1b is-style-image\">\r\n\t\t\t\t<div class=\"hero-canvas\">\r\n\t\t\t\t\t<div class=\"hero-subheadline\"><\/div>\t\t\t\t\t<h1 class=\"hero-headline\">Podej\u015bcie<\/h1>\t\t\t\t<\/div>\r\n\t\t\t\t<div class=\"hero-media hero-media-image\"><img loading=\"lazy\" decoding=\"async\" width=\"1920\" height=\"519\" src=\"https:\/\/certoplast.com\/wp-content\/uploads\/certoplast-header-ueber-uns.jpg\" class=\"attachment-full size-full\" alt=\"\" srcset=\"https:\/\/certoplast.com\/wp-content\/uploads\/certoplast-header-ueber-uns.jpg 1920w, https:\/\/certoplast.com\/wp-content\/uploads\/certoplast-header-ueber-uns-300x81.jpg 300w, https:\/\/certoplast.com\/wp-content\/uploads\/certoplast-header-ueber-uns-1024x277.jpg 1024w, https:\/\/certoplast.com\/wp-content\/uploads\/certoplast-header-ueber-uns-768x208.jpg 768w, https:\/\/certoplast.com\/wp-content\/uploads\/certoplast-header-ueber-uns-1536x415.jpg 1536w, https:\/\/certoplast.com\/wp-content\/uploads\/certoplast-header-ueber-uns-800x216.jpg 800w\" sizes=\"auto, (max-width: 1920px) 100vw, 1920px\" \/><\/div>            <\/div>\r\n\t\t\t\t\r\n            \r\n\t\t\t\r\n        \r\n            \n<\/div>\r\n\t\t\t\t\t\t\t\t\r\n\t\t\t\t\t\t\t<\/div>\r\n\t\t\t\t\r\n\t\t\t\r\n\t\t\t        \r\n            \n\n<section class=\"gb-container gb-container-e4a6c0a8 gb-container-default\">\n<div class=\"gb-container gb-container-c7df1ec9\">\n<div class=\"gb-grid-wrapper gb-grid-wrapper-6a48ed2e\">\n<div class=\"gb-grid-column gb-grid-column-6eb6a587\"><div class=\"gb-container gb-container-6eb6a587\" data-aos=\"fade-right\" data-aos-delay=\"250\">\n\n<div class=\"wp-block-pixel-headline headlines is-subheadline-bottom has-text-align-left\"><h1 class=\"headline\" style=\"color:\">Pa\u0144stwa droga <strong>do nas<\/strong><\/h1><\/div>\n\n\n<div class=\"gb-grid-wrapper gb-grid-wrapper-73129c4e\">\n<div class=\"gb-grid-column gb-grid-column-3656bf5d\"><div class=\"gb-container gb-container-3656bf5d\">\n\n<div class=\"wp-block-pixel-headline headlines is-subheadline-bottom has-text-align-left is-gap-xs\"><h6 class=\"headline\" style=\"color:\">Podr\u00f3\u017c do wysy\u0142ki<\/h6><\/div>\n\n\n\n<p>Wej\u015bcie do obszaru wysy\u0142ki (brama 3) znajduje si\u0119 po przek\u0105tnej naprzeciwko Aldi.<\/p>\n\n<\/div><\/div>\n\n<div class=\"gb-grid-column gb-grid-column-d4d18954\"><div class=\"gb-container gb-container-d4d18954\">\n\n<div class=\"wp-block-pixel-headline headlines is-subheadline-bottom has-text-align-left is-gap-xs\"><h6 class=\"headline\" style=\"color:\">Podej\u015bcie do towar\u00f3w przychodz\u0105cych<\/h6><\/div>\n\n\n\n<p>Prosz\u0119 przejecha\u0107 przez rondo i zjecha\u0107 pierwszym zjazdem.<br>Prosz\u0119 jecha\u0107 drog\u0105 prosto, a nast\u0119pnie skr\u0119ci\u0107 w prawo na g\u00f3rze w kierunku biura ruchu drogowego, a\u017c do bramy 2.<\/p>\n\n<\/div><\/div>\n\n<div class=\"gb-grid-column gb-grid-column-a42fdc88\"><div class=\"gb-container gb-container-a42fdc88\">\n\n<div class=\"wp-block-pixel-headline headlines is-subheadline-bottom has-text-align-left is-gap-xs\"><h6 class=\"headline\" style=\"color:\">Wa\u017cne uwagi:<\/h6><\/div>\n\n\n\n<p>Prosimy pami\u0119ta\u0107, \u017ce nie ma dost\u0119pnych miejsc parkingowych dla ci\u0119\u017car\u00f3wek.<\/p>\n\n<\/div><\/div>\n\n<div class=\"gb-grid-column gb-grid-column-e6a56fd6\"><div class=\"gb-container gb-container-e6a56fd6\">\n\n<a class=\"gb-button gb-button-0af38c6c gb-button-text\" href=\"https:\/\/maps.app.goo.gl\/dgvhTZTMKPMoVYLA9\" target=\"_blank\" rel=\"noopener noreferrer\">Podej\u015bcie Certoplast<\/a>\n\n\n\n<a class=\"gb-button gb-button-3a2a35ab gb-button-text\" href=\"https:\/\/maps.app.goo.gl\/md4sq46iEVtD9jHMA\" target=\"_blank\" rel=\"noopener noreferrer\">Podej\u015bcie do wysy\u0142ki<\/a>\n\n\n\n<a class=\"gb-button gb-button-56c4b04c gb-button-text\" href=\"https:\/\/maps.app.goo.gl\/xJLj3KSG5J3pL8zM8\" target=\"_blank\" rel=\"noopener noreferrer\">Podej\u015bcie do odbioru towar\u00f3w<\/a>\n\n<\/div><\/div>\n<\/div>\n<\/div><\/div>\n\n<div class=\"gb-grid-column gb-grid-column-e09912fc\"><div class=\"gb-container gb-container-e09912fc hoverzoom\" data-aos=\"fade-left\" data-aos-delay=\"250\" data-fslightbox>\n\n<a data-fslightbox=\"\" href=\"\/wp-content\/uploads\/karte_warenannahme_pol.jpg\" style=\"width: 100%; height: 100%; position:absolute; z-index: 99;\"><\/a>\n\n\n\n<figure class=\"gb-block-image gb-block-image-89fa279a\"><img loading=\"lazy\" decoding=\"async\" width=\"990\" height=\"540\" class=\"gb-image gb-image-89fa279a\" src=\"https:\/\/certoplast.com\/wp-content\/uploads\/certoplast_karte_warenannahme_preview.jpg\" alt=\"\" title=\"certoplast_card_receiving_preview\" srcset=\"https:\/\/certoplast.com\/wp-content\/uploads\/certoplast_karte_warenannahme_preview.jpg 990w, https:\/\/certoplast.com\/wp-content\/uploads\/certoplast_karte_warenannahme_preview-300x164.jpg 300w, https:\/\/certoplast.com\/wp-content\/uploads\/certoplast_karte_warenannahme_preview-768x419.jpg 768w\" sizes=\"auto, (max-width: 990px) 100vw, 990px\" \/><\/figure>\n\n<\/div><\/div>\n<\/div>\n<\/div>\n<\/section>","protected":false},"excerpt":{"rendered":"","protected":false},"author":1,"featured_media":0,"parent":0,"menu_order":0,"comment_status":"closed","ping_status":"closed","template":"","meta":{"_acf_changed":false,"inline_featured_image":false,"footnotes":""},"class_list":["post-5616","page","type-page","status-publish"],"acf":[],"_links":{"self":[{"href":"https:\/\/certoplast.com\/pl\/wp-json\/wp\/v2\/pages\/5616","targetHints":{"allow":["GET"]}}],"collection":[{"href":"https:\/\/certoplast.com\/pl\/wp-json\/wp\/v2\/pages"}],"about":[{"href":"https:\/\/certoplast.com\/pl\/wp-json\/wp\/v2\/types\/page"}],"author":[{"embeddable":true,"href":"https:\/\/certoplast.com\/pl\/wp-json\/wp\/v2\/users\/1"}],"replies":[{"embeddable":true,"href":"https:\/\/certoplast.com\/pl\/wp-json\/wp\/v2\/comments?post=5616"}],"version-history":[{"count":6,"href":"https:\/\/certoplast.com\/pl\/wp-json\/wp\/v2\/pages\/5616\/revisions"}],"predecessor-version":[{"id":9575,"href":"https:\/\/certoplast.com\/pl\/wp-json\/wp\/v2\/pages\/5616\/revisions\/9575"}],"wp:attachment":[{"href":"https:\/\/certoplast.com\/pl\/wp-json\/wp\/v2\/media?parent=5616"}],"curies":[{"name":"wp","href":"https:\/\/api.w.org\/{rel}","templated":true}]}}