{"id":5655,"date":"2023-06-22T11:15:27","date_gmt":"2023-06-22T09:15:27","guid":{"rendered":"https:\/\/certoplast.com\/strona-glowna\/"},"modified":"2025-07-30T08:19:37","modified_gmt":"2025-07-30T06:19:37","slug":"strona-glowna","status":"publish","type":"page","link":"https:\/\/certoplast.com\/pl\/","title":{"rendered":"Strona g\u0142\u00f3wna"},"content":{"rendered":"\r\n\t\t\t       \r\n            \r\n            <div class=\"hero hero-a1af092c full\">\r\n\t\t\t\t<div class=\"hero-slides\">\t\t\t\t<div class=\"acf-innerblocks-container\">\n\r\n\t\t\t       \r\n                    \r\n            <div class=\"hero-slide hero-slide-5beea3d4 is-style-image\">\r\n\t\t\t\t<div class=\"hero-canvas\">\r\n\t\t\t\t\t<div class=\"hero-subheadline\">ZAAWANSOWANE TECHNOLOGICZNIE PRODUKTY DLA PRZEMYS\u0141U MOTORYZACYJNEGO<\/div>\t\t\t\t\t<h1 class=\"hero-headline\">Motoryzacja<\/h1>\t\t\t\t<\/div>\r\n\t\t\t\t<div class=\"hero-media hero-media-image\"><img loading=\"lazy\" decoding=\"async\" width=\"1920\" height=\"519\" src=\"https:\/\/certoplast.com\/wp-content\/uploads\/certoplast-header-automotive.jpg\" class=\"attachment-full size-full\" alt=\"\" srcset=\"https:\/\/certoplast.com\/wp-content\/uploads\/certoplast-header-automotive.jpg 1920w, https:\/\/certoplast.com\/wp-content\/uploads\/certoplast-header-automotive-300x81.jpg 300w, https:\/\/certoplast.com\/wp-content\/uploads\/certoplast-header-automotive-1024x277.jpg 1024w, https:\/\/certoplast.com\/wp-content\/uploads\/certoplast-header-automotive-768x208.jpg 768w, https:\/\/certoplast.com\/wp-content\/uploads\/certoplast-header-automotive-1536x415.jpg 1536w, https:\/\/certoplast.com\/wp-content\/uploads\/certoplast-header-automotive-800x216.jpg 800w\" sizes=\"auto, (max-width: 1920px) 100vw, 1920px\" \/><\/div>            <\/div>\r\n\t\t\t\t\r\n            \r\n\t\t\t\r\n        \r\n            \n\n\r\n\t\t\t       \r\n                    \r\n            <div class=\"hero-slide hero-slide-45610cb5 is-style-image\">\r\n\t\t\t\t<div class=\"hero-canvas\">\r\n\t\t\t\t\t<div class=\"hero-subheadline\">DLA STANDARDOWYCH PRAC IZOLACYJNYCH I NAPRAW<\/div>\t\t\t\t\t<h1 class=\"hero-headline\">In\u017cynieria elektryczna<\/h1>\t\t\t\t<\/div>\r\n\t\t\t\t<div class=\"hero-media hero-media-image\"><img loading=\"lazy\" decoding=\"async\" width=\"1920\" height=\"519\" src=\"https:\/\/certoplast.com\/wp-content\/uploads\/certoplast-header-home.jpg\" class=\"attachment-full size-full\" alt=\"\" srcset=\"https:\/\/certoplast.com\/wp-content\/uploads\/certoplast-header-home.jpg 1920w, https:\/\/certoplast.com\/wp-content\/uploads\/certoplast-header-home-300x81.jpg 300w, https:\/\/certoplast.com\/wp-content\/uploads\/certoplast-header-home-1024x277.jpg 1024w, https:\/\/certoplast.com\/wp-content\/uploads\/certoplast-header-home-768x208.jpg 768w, https:\/\/certoplast.com\/wp-content\/uploads\/certoplast-header-home-1536x415.jpg 1536w, https:\/\/certoplast.com\/wp-content\/uploads\/certoplast-header-home-800x216.jpg 800w\" sizes=\"auto, (max-width: 1920px) 100vw, 1920px\" \/><\/div>            <\/div>\r\n\t\t\t\t\r\n            \r\n\t\t\t\r\n        \r\n            \n\n\r\n\t\t\t       \r\n                    \r\n            <div class=\"hero-slide hero-slide-0313964c is-style-image\">\r\n\t\t\t\t<div class=\"hero-canvas\">\r\n\t\t\t\t\t<div class=\"hero-subheadline\">IDEALNIE DOPASOWANE DO R\u00d3\u017bNYCH POD\u0141O\u017bY<\/div>\t\t\t\t\t<h1 class=\"hero-headline\">Handel izolacjami i budownictwo<\/h1>\t\t\t\t<\/div>\r\n\t\t\t\t<div class=\"hero-media hero-media-image\"><img loading=\"lazy\" decoding=\"async\" width=\"1920\" height=\"519\" src=\"https:\/\/certoplast.com\/wp-content\/uploads\/certoplast-header-gewebebaender.jpg\" class=\"attachment-full size-full\" alt=\"\" srcset=\"https:\/\/certoplast.com\/wp-content\/uploads\/certoplast-header-gewebebaender.jpg 1920w, https:\/\/certoplast.com\/wp-content\/uploads\/certoplast-header-gewebebaender-300x81.jpg 300w, https:\/\/certoplast.com\/wp-content\/uploads\/certoplast-header-gewebebaender-1024x277.jpg 1024w, https:\/\/certoplast.com\/wp-content\/uploads\/certoplast-header-gewebebaender-768x208.jpg 768w, https:\/\/certoplast.com\/wp-content\/uploads\/certoplast-header-gewebebaender-1536x415.jpg 1536w, https:\/\/certoplast.com\/wp-content\/uploads\/certoplast-header-gewebebaender-800x216.jpg 800w\" sizes=\"auto, (max-width: 1920px) 100vw, 1920px\" \/><\/div>            <\/div>\r\n\t\t\t\t\r\n            \r\n\t\t\t\r\n        \r\n            \n\n\r\n\t\t\t       \r\n                    \r\n            <div class=\"hero-slide hero-slide-9bea3c61 is-style-image\">\r\n\t\t\t\t<div class=\"hero-canvas\">\r\n\t\t\t\t\t<div class=\"hero-subheadline\">DLA PRAWIE KA\u017bDEJ APLIKACJI<\/div>\t\t\t\t\t<h1 class=\"hero-headline\">Inne zastosowania<\/h1>\t\t\t\t<\/div>\r\n\t\t\t\t<div class=\"hero-media hero-media-image\"><img loading=\"lazy\" decoding=\"async\" width=\"1920\" height=\"519\" src=\"https:\/\/certoplast.com\/wp-content\/uploads\/certoplast-header-sonstiges.jpg\" class=\"attachment-full size-full\" alt=\"\" srcset=\"https:\/\/certoplast.com\/wp-content\/uploads\/certoplast-header-sonstiges.jpg 1920w, https:\/\/certoplast.com\/wp-content\/uploads\/certoplast-header-sonstiges-300x81.jpg 300w, https:\/\/certoplast.com\/wp-content\/uploads\/certoplast-header-sonstiges-1024x277.jpg 1024w, https:\/\/certoplast.com\/wp-content\/uploads\/certoplast-header-sonstiges-768x208.jpg 768w, https:\/\/certoplast.com\/wp-content\/uploads\/certoplast-header-sonstiges-1536x415.jpg 1536w, https:\/\/certoplast.com\/wp-content\/uploads\/certoplast-header-sonstiges-800x216.jpg 800w\" sizes=\"auto, (max-width: 1920px) 100vw, 1920px\" \/><\/div>            <\/div>\r\n\t\t\t\t\r\n            \r\n\t\t\t\r\n        \r\n            \n<\/div>\r\n\t\t\t\t<\/div>\t\t\t\t\r\n\t\t\t\t\t\t\t<\/div>\r\n\t\t\t\t\r\n\t\t\t\r\n\t\t\t        \r\n            <div class=\"gb-container gb-container-72245149 gb-container-default\">\n<div class=\"gb-container gb-container-7093c9ee\">\n<div class=\"gb-grid-wrapper gb-grid-wrapper-27593ab5\">\n<div class=\"gb-grid-column gb-grid-column-6564180a\"><div class=\"gb-container gb-container-6564180a\" data-aos=\"fade-right\" data-aos-delay=\"250\">\n\n<div class=\"wp-block-pixel-headline headlines is-subheadline-top has-text-align-left\"><h1 class=\"headline is-h1\" style=\"color:\">Techniczne ta\u015bmy samoprzylepne <strong>z tradycj\u0105<\/strong><\/h1><\/div>\n\n\n\n<p>Jako producent technicznych ta\u015bm klej\u0105cych, certoplast Technische Klebeb\u00e4nder GmbH mo\u017ce pochwali\u0107 si\u0119 prawie 100-letnim do\u015bwiadczeniem w produkcji Band. Firma certoplast zosta\u0142a za\u0142o\u017cona w 1991 roku z dawnego dzia\u0142u ta\u015bm klej\u0105cych Vorwerk &amp; Sohn i od tego czasu ugruntowa\u0142a swoj\u0105 pozycj\u0119 na rynku mi\u0119dzynarodowym w g\u0142\u00f3wnych obszarach motoryzacji, przemys\u0142u elektrycznego i technologii izolacji. <\/p>\n\n\n\n<a class=\"gb-button gb-button-0af38c6c gb-button-text\" href=\"https:\/\/certoplast.com\/pl\/firma\/o-nas\/\">Prosz\u0119 dowiedzie\u0107 si\u0119 wi\u0119cej<\/a>\n\n<\/div><\/div>\n\n<div class=\"gb-grid-column gb-grid-column-89be0c4b\"><div class=\"gb-container gb-container-89be0c4b\" data-aos=\"fade-left\" data-aos-delay=\"250\">\n<div class=\"wp-block-image\">\n<figure class=\"alignright size-full\"><img loading=\"lazy\" decoding=\"async\" width=\"574\" height=\"351\" src=\"https:\/\/certoplast.com\/wp-content\/uploads\/technische-klebebaender-mit-tradition.jpg\" alt=\"\" class=\"wp-image-384\" srcset=\"https:\/\/certoplast.com\/wp-content\/uploads\/technische-klebebaender-mit-tradition.jpg 574w, https:\/\/certoplast.com\/wp-content\/uploads\/technische-klebebaender-mit-tradition-300x183.jpg 300w\" sizes=\"auto, (max-width: 574px) 100vw, 574px\" \/><\/figure>\n<\/div>\n<\/div><\/div>\n<\/div>\n<\/div>\n<\/div><div class=\"gb-container gb-container-a00cfd64 gb-container-gray\">\n<div class=\"gb-container gb-container-a72eb151\" data-aos=\"fade-right\" data-aos-delay=\"250\">\n\n<div class=\"wp-block-pixel-headline headlines is-subheadline-bottom has-text-align-left\"><h2 class=\"headline is-h1\" style=\"color:\">Nasz <strong>asortyment produkt\u00f3w<\/strong><\/h2><\/div>\n\n\n\n<p>Nasze produkty s\u0105 szeroko stosowane w wymagaj\u0105cych aplikacjach do izolacji i ochrony kabli i przewod\u00f3w w r\u00f3\u017cnych instalacjach elektrycznych, w aplikacjach do izolacji termicznej i uszczelniania klimatyzacji, ogrzewania i rur wodnych, a tak\u017ce materia\u0142\u00f3w izolacyjnych oraz w r\u00f3\u017cnych zastosowaniach monta\u017cowych, naprawczych i znakuj\u0105cych.<\/p>\n\n<\/div>\n\n<div class=\"gb-container gb-container-dcc43bff\">\n<div class=\"gb-container gb-container-dfcf8b5d\">\n<div class=\"gb-grid-wrapper gb-grid-wrapper-234d0828 teaser-box-grid\">\n<div class=\"gb-grid-column gb-grid-column-96b2aad3\"><div class=\"gb-container gb-container-96b2aad3\" data-aos=\"fade-up\" data-aos-delay=\"250\">\n<div class=\"teaser-box teaser-box-f665e35f\"><div class=\"teaser-box-image\"><img loading=\"lazy\" decoding=\"async\" width=\"720\" height=\"360\" src=\"https:\/\/certoplast.com\/wp-content\/uploads\/produkt-spektrum-automotive.jpg\" class=\"attachment-teaser-box size-teaser-box\" alt=\"\" srcset=\"https:\/\/certoplast.com\/wp-content\/uploads\/produkt-spektrum-automotive.jpg 720w, https:\/\/certoplast.com\/wp-content\/uploads\/produkt-spektrum-automotive-300x150.jpg 300w\" sizes=\"auto, (max-width: 720px) 100vw, 720px\" \/><\/div><div class=\"teaser-box-inner\"><h3 class=\"teaser-box-headline\">Motoryzacja<\/h3><div class=\"teaser-box-text\">We wsp\u00f3\u0142pracy z przemys\u0142em motoryzacyjnym opracowujemy zaawansowane technologicznie produkty, kt\u00f3re spe\u0142niaj\u0105 liczne wymagania in\u017cynierii motoryzacyjnej.<\/div><a class=\"gb-button \" href=\"\/sektoren\/automotive\/\" target=\"\">Prosz\u0119 dowiedzie\u0107 si\u0119 wi\u0119cej<\/a><\/div><\/div>\n<\/div><\/div>\n\n<div class=\"gb-grid-column gb-grid-column-8690701a\"><div class=\"gb-container gb-container-8690701a\" data-aos=\"fade-up\" data-aos-delay=\"500\">\n<div class=\"teaser-box teaser-box-9c8b5e2e\"><div class=\"teaser-box-image\"><img loading=\"lazy\" decoding=\"async\" width=\"720\" height=\"360\" src=\"https:\/\/certoplast.com\/wp-content\/uploads\/produkt-spektrum-elektrotechnik.jpg\" class=\"attachment-teaser-box size-teaser-box\" alt=\"\" srcset=\"https:\/\/certoplast.com\/wp-content\/uploads\/produkt-spektrum-elektrotechnik.jpg 720w, https:\/\/certoplast.com\/wp-content\/uploads\/produkt-spektrum-elektrotechnik-300x150.jpg 300w\" sizes=\"auto, (max-width: 720px) 100vw, 720px\" \/><\/div><div class=\"teaser-box-inner\"><h3 class=\"teaser-box-headline\">In\u017cynieria elektryczna<\/h3><div class=\"teaser-box-text\">certoplast od dziesi\u0119cioleci jest partnerem firm przemys\u0142owych i rzemie\u015blnik\u00f3w. Nasze produkty s\u0105 szeroko stosowane w standardowych pracach izolacyjnych. <\/div><a class=\"gb-button \" href=\"\/sektoren\/elektrotechnik\/\" target=\"\">Prosz\u0119 dowiedzie\u0107 si\u0119 wi\u0119cej<\/a><\/div><\/div>\n<\/div><\/div>\n\n<div class=\"gb-grid-column gb-grid-column-2ce74b6f\"><div class=\"gb-container gb-container-2ce74b6f\" data-aos=\"fade-up\" data-aos-delay=\"750\">\n<div class=\"teaser-box teaser-box-98a4228b\"><div class=\"teaser-box-image\"><img loading=\"lazy\" decoding=\"async\" width=\"720\" height=\"360\" src=\"https:\/\/certoplast.com\/wp-content\/uploads\/produkt-spektrum-isolierhandwerk-und-bau.jpg\" class=\"attachment-teaser-box size-teaser-box\" alt=\"\" srcset=\"https:\/\/certoplast.com\/wp-content\/uploads\/produkt-spektrum-isolierhandwerk-und-bau.jpg 720w, https:\/\/certoplast.com\/wp-content\/uploads\/produkt-spektrum-isolierhandwerk-und-bau-300x150.jpg 300w\" sizes=\"auto, (max-width: 720px) 100vw, 720px\" \/><\/div><div class=\"teaser-box-inner\"><h3 class=\"teaser-box-headline\">Handel izolacjami i budownictwo<\/h3><div class=\"teaser-box-text\">certoplast oferuje profesjonaln\u0105 gam\u0119 specjalnych klej\u00f3w do trwa\u0142ego \u0142\u0105czenia system\u00f3w izolacyjnych z ok\u0142adzinami aluminiowymi.<\/div><a class=\"gb-button \" href=\"https:\/\/certoplast.com\/branchen\/isolierhandwerk-und-bau\/\" target=\"\">Prosz\u0119 dowiedzie\u0107 si\u0119 wi\u0119cej<\/a><\/div><\/div>\n<\/div><\/div>\n\n<div class=\"gb-grid-column gb-grid-column-fcc30d49\"><div class=\"gb-container gb-container-fcc30d49\" data-aos=\"fade-up\" data-aos-delay=\"1000\">\n<div class=\"teaser-box teaser-box-67081dc4\"><div class=\"teaser-box-image\"><img loading=\"lazy\" decoding=\"async\" width=\"720\" height=\"360\" src=\"https:\/\/certoplast.com\/wp-content\/uploads\/produkt-spektrum-sonstige-anwendungen.jpg\" class=\"attachment-teaser-box size-teaser-box\" alt=\"\" srcset=\"https:\/\/certoplast.com\/wp-content\/uploads\/produkt-spektrum-sonstige-anwendungen.jpg 720w, https:\/\/certoplast.com\/wp-content\/uploads\/produkt-spektrum-sonstige-anwendungen-300x150.jpg 300w\" sizes=\"auto, (max-width: 720px) 100vw, 720px\" \/><\/div><div class=\"teaser-box-inner\"><h3 class=\"teaser-box-headline\">Inne zastosowania<\/h3><div class=\"teaser-box-text\">Nasze produkty s\u0105 wszechstronne i oferuj\u0105 idealne rozwi\u0105zanie dla niemal ka\u017cdego zastosowania w przemy\u015ble, handlu i u\u017cytku prywatnym.<\/div><a class=\"gb-button \" href=\"https:\/\/certoplast.com\/branchen\/industrielle-und-sonstige-anwendungen\/\" target=\"\">Prosz\u0119 dowiedzie\u0107 si\u0119 wi\u0119cej<\/a><\/div><\/div>\n<\/div><\/div>\n<\/div>\n<\/div>\n<\/div>\n<\/div><div class=\"gb-container gb-container-bcd2b274\" data-aos=\"fade-up\" data-aos-delay=\"250\">\n<div class=\"gb-container gb-container-e01ee4f6\">\n\n<div class=\"wp-block-pixel-headline headlines is-subheadline-bottom has-text-align-left\"><h2 class=\"headline is-h1\" style=\"color:\">certoplast <strong>informuje<\/strong><\/h2><\/div>\n\n\n\n<p>Zawsze na bie\u017c\u0105co: W tym miejscu informujemy Pa\u0144stwa o bie\u017c\u0105cych wydarzeniach i nowych produktach.<\/p>\n\n\n\n\t\t\t\t\t\t\n\t\t\t\n\n\t\t\t\n            <div class=\"grid grid-2e2aafdd grid-post grid-columns-2\">\n\t\t\t\n\t\t\t\t\t\t\t\t\t\t\t\t\t\t\t\t\t<div class=\"grid-group grid-group-0\">\n\t\t\t\t\t\t\t\t\t\t\t\t<div class=\"grid-inner \">\n\t\t\t\t\t\t\t\t\t\t\t\t\t\t\t<div class=\"grid-item\">\n\t\t\t\t\t\t\t\t\t \n\t\t\t<div class=\"card card-post card-post-5740\">\n\t\t\t\t<div class=\"card-media\"><img loading=\"lazy\" decoding=\"async\" width=\"800\" height=\"800\" src=\"https:\/\/certoplast.com\/wp-content\/uploads\/was-unsere-welt-zusammenhaelt.jpg\" class=\"attachment-square size-square\" alt=\"\" srcset=\"https:\/\/certoplast.com\/wp-content\/uploads\/was-unsere-welt-zusammenhaelt.jpg 800w, https:\/\/certoplast.com\/wp-content\/uploads\/was-unsere-welt-zusammenhaelt-300x300.jpg 300w, https:\/\/certoplast.com\/wp-content\/uploads\/was-unsere-welt-zusammenhaelt-150x150.jpg 150w, https:\/\/certoplast.com\/wp-content\/uploads\/was-unsere-welt-zusammenhaelt-768x768.jpg 768w\" sizes=\"auto, (max-width: 800px) 100vw, 800px\" \/><\/div>\t\t\t\t<div class=\"card-content\">\n\t\t\t\t\t<div class=\"card-inner\">\n\t\t\t\t\t\t<span class=\"card-headline headline is-h3\">Co trzyma nasz \u015bwiat razem<\/span><div class=\"card-copy\">Kleje i uszczelniacze to ukryta si\u0142a, kt\u00f3ra spaja nasz \u015bwiat. Prosz\u0119 ju\u017c teraz zapozna\u0107 si\u0119 z filmem przedstawiaj\u0105cym kleje i uszczelniacze przygotowanym przez Industrieverband Klebstoffe e.V. <\/div>\t\t\t\t\t<\/div>\n\n\t\t\t\t\t<div class=\"card-action\"><div class=\"gb-buttons\"><a class=\"gb-button gb-button-blau-gradient\" href=\"https:\/\/certoplast.com\/pl\/aktuelles\/co-trzyma-nasz-swiat-razem\/\">Prosz\u0119 dowiedzie\u0107 si\u0119 wi\u0119cej<\/a><\/div><\/div>\t\t\t\t<\/div>\n\t\t\t<\/div>\n\t\t\t\t\t\t\t\t\t\t<\/div>\n\t\t\t\t\t\t\t\t\t\t\t\t\t<\/div>\n\t\t\t\t\t<\/div>\n\t\t\t\t            <\/div>\n\t\t\t\n\t\t\t\t\t\t\t\n\t\t\t\n            <!-- end:grid -->\n        \n            \n<\/div>\n<\/div>","protected":false},"excerpt":{"rendered":"<p>Nasze produkty s\u0105 szeroko stosowane w wymagaj\u0105cych aplikacjach do izolacji i ochrony kabli i przewod\u00f3w w r\u00f3\u017cnych instalacjach elektrycznych, w aplikacjach do izolacji termicznej i uszczelniania klimatyzacji, ogrzewania i rur wodnych, a tak\u017ce materia\u0142\u00f3w izolacyjnych oraz w r\u00f3\u017cnych zastosowaniach monta\u017cowych, naprawczych i znakuj\u0105cych. Zawsze na bie\u017c\u0105co: W tym miejscu informujemy Pa\u0144stwa o bie\u017c\u0105cych wydarzeniach i &#8230; <a title=\"Strona g\u0142\u00f3wna\" class=\"read-more\" href=\"https:\/\/certoplast.com\/pl\/\" aria-label=\"More on Strona g\u0142\u00f3wna\">Czytaj dalej<\/a><\/p>\n","protected":false},"author":1,"featured_media":0,"parent":0,"menu_order":0,"comment_status":"closed","ping_status":"closed","template":"","meta":{"_acf_changed":false,"inline_featured_image":false,"footnotes":""},"class_list":["post-5655","page","type-page","status-publish"],"acf":[],"_links":{"self":[{"href":"https:\/\/certoplast.com\/pl\/wp-json\/wp\/v2\/pages\/5655","targetHints":{"allow":["GET"]}}],"collection":[{"href":"https:\/\/certoplast.com\/pl\/wp-json\/wp\/v2\/pages"}],"about":[{"href":"https:\/\/certoplast.com\/pl\/wp-json\/wp\/v2\/types\/page"}],"author":[{"embeddable":true,"href":"https:\/\/certoplast.com\/pl\/wp-json\/wp\/v2\/users\/1"}],"replies":[{"embeddable":true,"href":"https:\/\/certoplast.com\/pl\/wp-json\/wp\/v2\/comments?post=5655"}],"version-history":[{"count":2,"href":"https:\/\/certoplast.com\/pl\/wp-json\/wp\/v2\/pages\/5655\/revisions"}],"predecessor-version":[{"id":5726,"href":"https:\/\/certoplast.com\/pl\/wp-json\/wp\/v2\/pages\/5655\/revisions\/5726"}],"wp:attachment":[{"href":"https:\/\/certoplast.com\/pl\/wp-json\/wp\/v2\/media?parent=5655"}],"curies":[{"name":"wp","href":"https:\/\/api.w.org\/{rel}","templated":true}]}}