{"id":5683,"date":"2023-07-10T15:06:14","date_gmt":"2023-07-10T13:06:14","guid":{"rendered":"https:\/\/certoplast.com\/produkty\/tasmy-materialowe\/"},"modified":"2025-04-07T11:22:26","modified_gmt":"2025-04-07T09:22:26","slug":"tasmy-materialowe","status":"publish","type":"page","link":"https:\/\/certoplast.com\/pl\/produkty\/tasmy-materialowe\/","title":{"rendered":"Ta\u015bmy materia\u0142owe"},"content":{"rendered":"\r\n\t\t\t       \r\n            \r\n            <div class=\"hero hero-815f8302 full\">\r\n\t\t\t\t\t\t\t\t<div class=\"acf-innerblocks-container\">\n\r\n\t\t\t       \r\n                    \r\n            <div class=\"hero-slide hero-slide-265f39d5 is-style-image\">\r\n\t\t\t\t<div class=\"hero-canvas\">\r\n\t\t\t\t\t<div class=\"hero-subheadline\">Nasze produkty<\/div>\t\t\t\t\t<h1 class=\"hero-headline\">Ta\u015bmy materia\u0142owe<\/h1>\t\t\t\t<\/div>\r\n\t\t\t\t<div class=\"hero-media hero-media-image\"><img loading=\"lazy\" decoding=\"async\" width=\"1920\" height=\"519\" src=\"https:\/\/certoplast.com\/wp-content\/uploads\/certoplast-header-gewebebaender.jpg\" class=\"attachment-full size-full\" alt=\"\" srcset=\"https:\/\/certoplast.com\/wp-content\/uploads\/certoplast-header-gewebebaender.jpg 1920w, https:\/\/certoplast.com\/wp-content\/uploads\/certoplast-header-gewebebaender-300x81.jpg 300w, https:\/\/certoplast.com\/wp-content\/uploads\/certoplast-header-gewebebaender-1024x277.jpg 1024w, https:\/\/certoplast.com\/wp-content\/uploads\/certoplast-header-gewebebaender-768x208.jpg 768w, https:\/\/certoplast.com\/wp-content\/uploads\/certoplast-header-gewebebaender-1536x415.jpg 1536w, https:\/\/certoplast.com\/wp-content\/uploads\/certoplast-header-gewebebaender-800x216.jpg 800w\" sizes=\"auto, (max-width: 1920px) 100vw, 1920px\" \/><\/div>            <\/div>\r\n\t\t\t\t\r\n            \r\n\t\t\t\r\n        \r\n            \n<\/div>\r\n\t\t\t\t\t\t\t\t\r\n\t\t\t\t\t\t\t<\/div>\r\n\t\t\t\t\r\n\t\t\t\r\n\t\t\t        \r\n            <div class=\"gb-container gb-container-e4a6c0a8 gb-container-default\">\n<div class=\"gb-container gb-container-c7df1ec9\">\n\n<div class=\"wp-block-pixel-headline headlines is-subheadline-bottom has-text-align-left\"><h1 class=\"headline is-h1\" style=\"color:\">Nasze <strong>pasy materia\u0142owe<\/strong><\/h1><\/div>\n\n\n<div class=\"gb-grid-wrapper gb-grid-wrapper-6a48ed2e\">\n<div class=\"gb-grid-column gb-grid-column-6eb6a587\"><div class=\"gb-container gb-container-6eb6a587\" data-aos=\"fade-right\" data-aos-delay=\"250\">\n\n<p>Oferujemy Pa\u0144stwu du\u017cy wyb\u00f3r specjalnych ta\u015bm tkaninowych do szerokiego zakresu zastosowa\u0144. Nasze tkaniny no\u015bne s\u0105 wykonane z poliestru, poliamidu lub tkanin mieszanych. U\u017cywamy standardowych tkanin, a tak\u017ce welur\u00f3w i innych dzianin. Te no\u015bniki w po\u0142\u0105czeniu z wysokowydajn\u0105 gum\u0105 syntetyczn\u0105 i klejami akrylowymi UV oferuj\u0105 szeroki zakres w\u0142a\u015bciwo\u015bci do r\u00f3\u017cnych zastosowa\u0144.   <\/p>\n\n<\/div><\/div>\n\n<div class=\"gb-grid-column gb-grid-column-f5784789\"><div class=\"gb-container gb-container-f5784789\" data-aos=\"fade-left\" data-aos-delay=\"250\">\n\n<p>Portfolio produkt\u00f3w obejmuje ta\u015bmy dla zakres\u00f3w temperatur (obci\u0105\u017cenie ci\u0105g\u0142e) do 150 \u00b0C. Oferujemy produkty charakteryzuj\u0105ce si\u0119 odporno\u015bci\u0105 na dzia\u0142anie medi\u00f3w takich jak rozpuszczalniki czy s\u0142ona woda. Produkty z pow\u0142okami akrylowymi maj\u0105 wi\u0119ksz\u0105 wytrzyma\u0142o\u015b\u0107 dielektryczn\u0105 i stabilno\u015b\u0107 mechaniczn\u0105. Ta\u015bmy welurowe oferuj\u0105 w\u0142a\u015bciwo\u015bci t\u0142umi\u0105ce, wysok\u0105 odporno\u015b\u0107 mechaniczn\u0105 oraz mo\u017cliwo\u015b\u0107 mocowania na rzepy.   <\/p>\n\n\n\n<p><strong>Wiele z naszych produkt\u00f3w jest dost\u0119pnych w szerokiej gamie kolor\u00f3w.<\/strong><\/p>\n\n<\/div><\/div>\n<\/div>\n<\/div>\n<\/div><div class=\"gb-container gb-container-20a9d3f9 gb-container-gray\">\n<div class=\"gb-container gb-container-6350117c\" data-aos=\"fade-up\" data-aos-delay=\"250\">\n\n\t\t\t\t\t\t\n\t\t\t\n\n\t\t\t\t\t\t\t<div class=\"facet-wrapper\">\n\t\t\t\t\t<div class=\"facetwp-facet facetwp-facet-einsatzbereiche facetwp-type-dropdown\" data-name=\"einsatzbereiche\" data-type=\"dropdown\"><\/div><div class=\"facetwp-facet facetwp-facet-eigenschaften_pl facetwp-type-dropdown\" data-name=\"eigenschaften_pl\" data-type=\"dropdown\"><\/div><div class=\"facetwp-facet facetwp-facet-trgermaterial_pl facetwp-type-dropdown\" data-name=\"trgermaterial_pl\" data-type=\"dropdown\"><\/div><div class=\"facetwp-facet facetwp-facet-klebstoff_pl facetwp-type-dropdown\" data-name=\"klebstoff_pl\" data-type=\"dropdown\"><\/div><div class=\"facetwp-facet facetwp-facet-farbe_pl facetwp-type-dropdown\" data-name=\"farbe_pl\" data-type=\"dropdown\"><\/div><div class=\"facetwp-facet facetwp-facet-materialstrke facetwp-type-slider\" data-name=\"materialstrke\" data-type=\"slider\"><\/div><div class=\"facetwp-facet facetwp-facet-temperaturbereich facetwp-type-slider\" data-name=\"temperaturbereich\" data-type=\"slider\"><\/div>\t\t\t\t<\/div>\n\t\t\t\n            <div class=\"grid grid-2c0a1621 grid-product grid-columns-3\">\n\t\t\t\n\t\t\t\t\t\t\t\t\t\t\t\t\t\t\t\t\t<div class=\"grid-group grid-group-0\">\n\t\t\t\t\t\t\t\t\t\t\t\t<div class=\"grid-inner facetwp-template\">\n\t\t\t\t\t\t\t\t\t\t\t\t\t\t\t<div class=\"grid-item\">\n\t\t\t\t\t\t\t\t\t \n\t\t\t<div class=\"card card-product\">\n\t\t\t\t<div class=\"card-media\"><img loading=\"lazy\" decoding=\"async\" width=\"623\" height=\"264\" src=\"https:\/\/certoplast.com\/wp-content\/uploads\/514.jpg\" class=\"attachment-product_thumb size-product_thumb\" alt=\"\" srcset=\"https:\/\/certoplast.com\/wp-content\/uploads\/514.jpg 623w, https:\/\/certoplast.com\/wp-content\/uploads\/514-300x127.jpg 300w\" sizes=\"auto, (max-width: 623px) 100vw, 623px\" \/><\/div>\t\t\t\t<div class=\"card-content\">\n\t\t\t\t\t<div class=\"card-inner\">\n\t\t\t\t\t\t<h2 class=\"headline is-h2\">certoplast 514<\/h2><div class=\"card-copy\">Wra\u017cliwa na nacisk ta\u015bma samoprzylepna certoplast 514 jest preferowana do zaklejania wi\u0105zek kablowych w przemy\u015ble motoryzacyjnym. Specjalnie zaprojektowana, g\u0142adka powierzchnia ta\u015bmy tworzy odporn\u0105 na zabrudzenia i trwale elastyczn\u0105 wi\u0105zk\u0119 kablow\u0105, kt\u00f3ra jest bardzo dobrze chroniona przed zewn\u0119trznymi napr\u0119\u017ceniami mechanicznymi (np. ostrymi kraw\u0119dziami) w por\u00f3wnaniu z wieloma innymi materia\u0142ami ta\u015bmowymi (np. PVC, sztuczny jedwab, w\u0142\u00f3knina do szycia PET itp.). Dzi\u0119ki odporno\u015bci na wysokie temperatury, niezwykle wytrzyma\u0142emu materia\u0142owi no\u015bnemu i doskona\u0142ej odporno\u015bci na media, ta\u015bma certoplast 514 mo\u017ce by\u0107 r\u00f3wnie\u017c stosowana w komorze silnika.    <\/div>\t\t\t\t\t<\/div>\n\n\t\t\t\t\t<div class=\"card-action\"><a class=\"gb-button\" href=\"https:\/\/certoplast.com\/pl\/produkt\/certoplast-514\/\">Prosz\u0119 dowiedzie\u0107 si\u0119 wi\u0119cej<\/a><\/div>\t\t\t\t<\/div>\n\t\t\t<\/div>\n\t\t\t\t\t\t\t\t\t\t<\/div>\n\t\t\t\t\t\t\t\t\t\t\t\t\t\t\t<div class=\"grid-item\">\n\t\t\t\t\t\t\t\t\t \n\t\t\t<div class=\"card card-product\">\n\t\t\t\t<div class=\"card-media\"><img loading=\"lazy\" decoding=\"async\" width=\"623\" height=\"264\" src=\"https:\/\/certoplast.com\/wp-content\/uploads\/certoplast_produkte_516.jpg\" class=\"attachment-product_thumb size-product_thumb\" alt=\"\" srcset=\"https:\/\/certoplast.com\/wp-content\/uploads\/certoplast_produkte_516.jpg 623w, https:\/\/certoplast.com\/wp-content\/uploads\/certoplast_produkte_516-300x127.jpg 300w\" sizes=\"auto, (max-width: 623px) 100vw, 623px\" \/><\/div>\t\t\t\t<div class=\"card-content\">\n\t\t\t\t\t<div class=\"card-inner\">\n\t\t\t\t\t\t<h2 class=\"headline is-h2\">certoplast 516<\/h2><div class=\"card-copy\">Wra\u017cliwa na nacisk ta\u015bma samoprzylepna certoplast 516 jest preferowana do zaklejania wi\u0105zek kablowych w przemy\u015ble motoryzacyjnym.  \nSpecjalnie zaprojektowana, g\u0142adka powierzchnia ta\u015bmy zapewnia odporn\u0105 na zabrudzenia i trwale elastyczn\u0105 wi\u0105zk\u0119 kabli, kt\u00f3ra jest bardzo dobrze chroniona przed zewn\u0119trznymi napr\u0119\u017ceniami mechanicznymi (np. ostrymi kraw\u0119dziami) w por\u00f3wnaniu z wieloma innymi materia\u0142ami ta\u015bmowymi (np. PVC, sztuczny jedwab, w\u0142\u00f3knina do szycia PET itp.). Ze wzgl\u0119du na bardzo wysok\u0105 odporno\u015b\u0107 na temperatur\u0119, niezwykle wytrzyma\u0142y materia\u0142 no\u015bny i doskona\u0142\u0105 odporno\u015b\u0107 na media, ta\u015bma certoplast 516 mo\u017ce by\u0107 stosowana w ca\u0142ym poje\u017adzie. <\/div>\t\t\t\t\t<\/div>\n\n\t\t\t\t\t<div class=\"card-action\"><a class=\"gb-button\" href=\"https:\/\/certoplast.com\/pl\/produkt\/certoplast-516\/\">Prosz\u0119 dowiedzie\u0107 si\u0119 wi\u0119cej<\/a><\/div>\t\t\t\t<\/div>\n\t\t\t<\/div>\n\t\t\t\t\t\t\t\t\t\t<\/div>\n\t\t\t\t\t\t\t\t\t\t\t\t\t\t\t<div class=\"grid-item\">\n\t\t\t\t\t\t\t\t\t \n\t\t\t<div class=\"card card-product\">\n\t\t\t\t<div class=\"card-media\"><img loading=\"lazy\" decoding=\"async\" width=\"623\" height=\"264\" src=\"https:\/\/certoplast.com\/wp-content\/uploads\/518.jpg\" class=\"attachment-product_thumb size-product_thumb\" alt=\"\" srcset=\"https:\/\/certoplast.com\/wp-content\/uploads\/518.jpg 623w, https:\/\/certoplast.com\/wp-content\/uploads\/518-300x127.jpg 300w\" sizes=\"auto, (max-width: 623px) 100vw, 623px\" \/><\/div>\t\t\t\t<div class=\"card-content\">\n\t\t\t\t\t<div class=\"card-inner\">\n\t\t\t\t\t\t<h2 class=\"headline is-h2\">certoplast 518<\/h2><div class=\"card-copy\">&#8222;certoplast 518 jest preferowany do zaklejania wi\u0105zek kablowych w przemy\u015ble motoryzacyjnym i mo\u017ce by\u0107 rozrywany r\u0119cznie. \nZe wzgl\u0119du na ognioodporno\u015b\u0107 niezwykle wytrzyma\u0142ego materia\u0142u no\u015bnego i jego doskona\u0142\u0105 odporno\u015b\u0107 na media, idealnie nadaje si\u0119 do stosowania w komorze silnika&#8221;.\n<\/div>\t\t\t\t\t<\/div>\n\n\t\t\t\t\t<div class=\"card-action\"><a class=\"gb-button\" href=\"https:\/\/certoplast.com\/pl\/produkt\/certoplast-518\/\">Prosz\u0119 dowiedzie\u0107 si\u0119 wi\u0119cej<\/a><\/div>\t\t\t\t<\/div>\n\t\t\t<\/div>\n\t\t\t\t\t\t\t\t\t\t<\/div>\n\t\t\t\t\t\t\t\t\t\t\t\t\t\t\t<div class=\"grid-item\">\n\t\t\t\t\t\t\t\t\t \n\t\t\t<div class=\"card card-product\">\n\t\t\t\t<div class=\"card-media\"><img loading=\"lazy\" decoding=\"async\" width=\"623\" height=\"264\" src=\"https:\/\/certoplast.com\/wp-content\/uploads\/519.jpg\" class=\"attachment-product_thumb size-product_thumb\" alt=\"\" srcset=\"https:\/\/certoplast.com\/wp-content\/uploads\/519.jpg 623w, https:\/\/certoplast.com\/wp-content\/uploads\/519-300x127.jpg 300w\" sizes=\"auto, (max-width: 623px) 100vw, 623px\" \/><\/div>\t\t\t\t<div class=\"card-content\">\n\t\t\t\t\t<div class=\"card-inner\">\n\t\t\t\t\t\t<h2 class=\"headline is-h2\">certoplast 519<\/h2><div class=\"card-copy\">Certoplast 519 jest preferowany do zaklejania wi\u0105zek kablowych w tych punktach konstrukcji samochodowych, w kt\u00f3rych wa\u017cne jest zar\u00f3wno unikanie odg\u0142os\u00f3w grzechotania, jak i ochrona przed otarciami.<\/div>\t\t\t\t\t<\/div>\n\n\t\t\t\t\t<div class=\"card-action\"><a class=\"gb-button\" href=\"https:\/\/certoplast.com\/pl\/produkt\/certoplast-519\/\">Prosz\u0119 dowiedzie\u0107 si\u0119 wi\u0119cej<\/a><\/div>\t\t\t\t<\/div>\n\t\t\t<\/div>\n\t\t\t\t\t\t\t\t\t\t<\/div>\n\t\t\t\t\t\t\t\t\t\t\t\t\t\t\t<div class=\"grid-item\">\n\t\t\t\t\t\t\t\t\t \n\t\t\t<div class=\"card card-product\">\n\t\t\t\t<div class=\"card-media\"><img loading=\"lazy\" decoding=\"async\" width=\"623\" height=\"264\" src=\"https:\/\/certoplast.com\/wp-content\/uploads\/523.jpg\" class=\"attachment-product_thumb size-product_thumb\" alt=\"\" srcset=\"https:\/\/certoplast.com\/wp-content\/uploads\/523.jpg 623w, https:\/\/certoplast.com\/wp-content\/uploads\/523-300x127.jpg 300w\" sizes=\"auto, (max-width: 623px) 100vw, 623px\" \/><\/div>\t\t\t\t<div class=\"card-content\">\n\t\t\t\t\t<div class=\"card-inner\">\n\t\t\t\t\t\t<h2 class=\"headline is-h2\">certoplast 523<\/h2><div class=\"card-copy\">Ta\u015bma certoplast 523 jest preferowana do zaklejania wi\u0105zek kablowych w przemy\u015ble motoryzacyjnym. Dzi\u0119ki niezwykle wytrzyma\u0142emu materia\u0142owi no\u015bnemu oraz odporno\u015bci na media i temperatury idealnie nadaje si\u0119 do stosowania w komorze silnika. <\/div>\t\t\t\t\t<\/div>\n\n\t\t\t\t\t<div class=\"card-action\"><a class=\"gb-button\" href=\"https:\/\/certoplast.com\/pl\/produkt\/certoplast-523\/\">Prosz\u0119 dowiedzie\u0107 si\u0119 wi\u0119cej<\/a><\/div>\t\t\t\t<\/div>\n\t\t\t<\/div>\n\t\t\t\t\t\t\t\t\t\t<\/div>\n\t\t\t\t\t\t\t\t\t\t\t\t\t\t\t<div class=\"grid-item\">\n\t\t\t\t\t\t\t\t\t \n\t\t\t<div class=\"card card-product\">\n\t\t\t\t<div class=\"card-media\"><img loading=\"lazy\" decoding=\"async\" width=\"623\" height=\"264\" src=\"https:\/\/certoplast.com\/wp-content\/uploads\/certoplast_produkte_524.jpg\" class=\"attachment-product_thumb size-product_thumb\" alt=\"\" srcset=\"https:\/\/certoplast.com\/wp-content\/uploads\/certoplast_produkte_524.jpg 623w, https:\/\/certoplast.com\/wp-content\/uploads\/certoplast_produkte_524-300x127.jpg 300w\" sizes=\"auto, (max-width: 623px) 100vw, 623px\" \/><\/div>\t\t\t\t<div class=\"card-content\">\n\t\t\t\t\t<div class=\"card-inner\">\n\t\t\t\t\t\t<h2 class=\"headline is-h2\">certoplast 524<\/h2><div class=\"card-copy\">certoplast 524 zosta\u0142 opracowany do stosowania w wi\u0105zkach kablowych w przemy\u015ble motoryzacyjnym. Dzi\u0119ki wysokiej wytrzyma\u0142o\u015bci dielektrycznej zgodnie z LV 312-1, ta\u015bma samoprzylepna jest szczeg\u00f3lnie odpowiednia do izolowania punkt\u00f3w spawania.\n<\/div>\t\t\t\t\t<\/div>\n\n\t\t\t\t\t<div class=\"card-action\"><a class=\"gb-button\" href=\"https:\/\/certoplast.com\/pl\/produkt\/certoplast-524\/\">Prosz\u0119 dowiedzie\u0107 si\u0119 wi\u0119cej<\/a><\/div>\t\t\t\t<\/div>\n\t\t\t<\/div>\n\t\t\t\t\t\t\t\t\t\t<\/div>\n\t\t\t\t\t\t\t\t\t\t\t\t\t\t\t<div class=\"grid-item\">\n\t\t\t\t\t\t\t\t\t \n\t\t\t<div class=\"card card-product\">\n\t\t\t\t<div class=\"card-media\"><img loading=\"lazy\" decoding=\"async\" width=\"623\" height=\"264\" src=\"https:\/\/certoplast.com\/wp-content\/uploads\/certoplast_produkte_525.jpg\" class=\"attachment-product_thumb size-product_thumb\" alt=\"\" srcset=\"https:\/\/certoplast.com\/wp-content\/uploads\/certoplast_produkte_525.jpg 623w, https:\/\/certoplast.com\/wp-content\/uploads\/certoplast_produkte_525-300x127.jpg 300w\" sizes=\"auto, (max-width: 623px) 100vw, 623px\" \/><\/div>\t\t\t\t<div class=\"card-content\">\n\t\t\t\t\t<div class=\"card-inner\">\n\t\t\t\t\t\t<h2 class=\"headline is-h2\">certoplast 525<\/h2><div class=\"card-copy\">certoplast 525 (SE) jest preferowany do zaklejania wi\u0105zek kablowych w przemy\u015ble motoryzacyjnym.  \nOdporno\u015b\u0107 na p\u0142omienie niezwykle wytrzyma\u0142ego materia\u0142u no\u015bnego i jego doskona\u0142a odporno\u015b\u0107 na media sprawiaj\u0105, \u017ce jest on idealny do stosowania w komorze silnika.<\/div>\t\t\t\t\t<\/div>\n\n\t\t\t\t\t<div class=\"card-action\"><a class=\"gb-button\" href=\"https:\/\/certoplast.com\/pl\/produkt\/certoplast-525\/\">Prosz\u0119 dowiedzie\u0107 si\u0119 wi\u0119cej<\/a><\/div>\t\t\t\t<\/div>\n\t\t\t<\/div>\n\t\t\t\t\t\t\t\t\t\t<\/div>\n\t\t\t\t\t\t\t\t\t\t\t\t\t\t\t<div class=\"grid-item\">\n\t\t\t\t\t\t\t\t\t \n\t\t\t<div class=\"card card-product\">\n\t\t\t\t<div class=\"card-media\"><img loading=\"lazy\" decoding=\"async\" width=\"623\" height=\"264\" src=\"https:\/\/certoplast.com\/wp-content\/uploads\/certoplast_produkte_525.jpg\" class=\"attachment-product_thumb size-product_thumb\" alt=\"\" srcset=\"https:\/\/certoplast.com\/wp-content\/uploads\/certoplast_produkte_525.jpg 623w, https:\/\/certoplast.com\/wp-content\/uploads\/certoplast_produkte_525-300x127.jpg 300w\" sizes=\"auto, (max-width: 623px) 100vw, 623px\" \/><\/div>\t\t\t\t<div class=\"card-content\">\n\t\t\t\t\t<div class=\"card-inner\">\n\t\t\t\t\t\t<h2 class=\"headline is-h2\">certoplast 526<\/h2><div class=\"card-copy\">Certoplast 526 jest preferowany do zaklejania wi\u0105zek kablowych w przemy\u015ble motoryzacyjnym. Ze wzgl\u0119du na ognioodporno\u015b\u0107 niezwykle wytrzyma\u0142ego materia\u0142u no\u015bnego i jego doskona\u0142\u0105 odporno\u015b\u0107 na media, idealnie nadaje si\u0119 do stosowania w komorze silnika. \n<\/div>\t\t\t\t\t<\/div>\n\n\t\t\t\t\t<div class=\"card-action\"><a class=\"gb-button\" href=\"https:\/\/certoplast.com\/pl\/produkt\/certoplast-526\/\">Prosz\u0119 dowiedzie\u0107 si\u0119 wi\u0119cej<\/a><\/div>\t\t\t\t<\/div>\n\t\t\t<\/div>\n\t\t\t\t\t\t\t\t\t\t<\/div>\n\t\t\t\t\t\t\t\t\t\t\t\t\t\t\t<div class=\"grid-item\">\n\t\t\t\t\t\t\t\t\t \n\t\t\t<div class=\"card card-product\">\n\t\t\t\t<div class=\"card-media\"><img loading=\"lazy\" decoding=\"async\" width=\"623\" height=\"264\" src=\"https:\/\/certoplast.com\/wp-content\/uploads\/certoplast_produkte_527.jpg\" class=\"attachment-product_thumb size-product_thumb\" alt=\"\" srcset=\"https:\/\/certoplast.com\/wp-content\/uploads\/certoplast_produkte_527.jpg 623w, https:\/\/certoplast.com\/wp-content\/uploads\/certoplast_produkte_527-300x127.jpg 300w\" sizes=\"auto, (max-width: 623px) 100vw, 623px\" \/><\/div>\t\t\t\t<div class=\"card-content\">\n\t\t\t\t\t<div class=\"card-inner\">\n\t\t\t\t\t\t<h2 class=\"headline is-h2\">certoplast 527<\/h2><div class=\"card-copy\">certoplast 527 zosta\u0142 opracowany do stosowania w wi\u0105zkach kablowych w przemy\u015ble motoryzacyjnym.\n  Dzi\u0119ki wysokiej wytrzyma\u0142o\u015bci dielektrycznej zgodnie z LV 312-1, ta\u015bma samoprzylepna jest szczeg\u00f3lnie odpowiednia do izolowania punkt\u00f3w spawania.\n<\/div>\t\t\t\t\t<\/div>\n\n\t\t\t\t\t<div class=\"card-action\"><a class=\"gb-button\" href=\"https:\/\/certoplast.com\/pl\/produkt\/certoplast-527\/\">Prosz\u0119 dowiedzie\u0107 si\u0119 wi\u0119cej<\/a><\/div>\t\t\t\t<\/div>\n\t\t\t<\/div>\n\t\t\t\t\t\t\t\t\t\t<\/div>\n\t\t\t\t\t\t\t\t\t\t\t\t\t\t\t<div class=\"grid-item\">\n\t\t\t\t\t\t\t\t\t \n\t\t\t<div class=\"card card-product\">\n\t\t\t\t<div class=\"card-media\"><img loading=\"lazy\" decoding=\"async\" width=\"623\" height=\"264\" src=\"https:\/\/certoplast.com\/wp-content\/uploads\/529.jpg\" class=\"attachment-product_thumb size-product_thumb\" alt=\"\" srcset=\"https:\/\/certoplast.com\/wp-content\/uploads\/529.jpg 623w, https:\/\/certoplast.com\/wp-content\/uploads\/529-300x127.jpg 300w\" sizes=\"auto, (max-width: 623px) 100vw, 623px\" \/><\/div>\t\t\t\t<div class=\"card-content\">\n\t\t\t\t\t<div class=\"card-inner\">\n\t\t\t\t\t\t<h2 class=\"headline is-h2\">certoplast 529<\/h2><div class=\"card-copy\">certoplast 529 jest preferowany do zaklejania wi\u0105zek kablowych w przemy\u015ble motoryzacyjnym. Dzi\u0119ki doskona\u0142ym w\u0142a\u015bciwo\u015bciom w zakresie ochrony przed \u015bcieraniem i t\u0142umienia ha\u0142asu, certoplast 529 mo\u017ce by\u0107 stosowany w miejscach w przemy\u015ble motoryzacyjnym, gdzie wa\u017cne jest zar\u00f3wno zapobieganie grzechotaniu, jak i ochrona przed otarciami. Dzi\u0119ki wytrzyma\u0142emu materia\u0142owi no\u015bnemu i dobrej odporno\u015bci na temperatur\u0119, certoplast 529 doskonale nadaje si\u0119 do zastosowa\u0144 w komorze silnika.  \n<\/div>\t\t\t\t\t<\/div>\n\n\t\t\t\t\t<div class=\"card-action\"><a class=\"gb-button\" href=\"https:\/\/certoplast.com\/pl\/produkt\/certoplast-529\/\">Prosz\u0119 dowiedzie\u0107 si\u0119 wi\u0119cej<\/a><\/div>\t\t\t\t<\/div>\n\t\t\t<\/div>\n\t\t\t\t\t\t\t\t\t\t<\/div>\n\t\t\t\t\t\t\t\t\t\t\t\t\t\t\t<div class=\"grid-item\">\n\t\t\t\t\t\t\t\t\t \n\t\t\t<div class=\"card card-product\">\n\t\t\t\t<div class=\"card-media\"><img loading=\"lazy\" decoding=\"async\" width=\"623\" height=\"264\" src=\"https:\/\/certoplast.com\/wp-content\/uploads\/certoplast_produkte_581N.jpg\" class=\"attachment-product_thumb size-product_thumb\" alt=\"\" srcset=\"https:\/\/certoplast.com\/wp-content\/uploads\/certoplast_produkte_581N.jpg 623w, https:\/\/certoplast.com\/wp-content\/uploads\/certoplast_produkte_581N-300x127.jpg 300w\" sizes=\"auto, (max-width: 623px) 100vw, 623px\" \/><\/div>\t\t\t\t<div class=\"card-content\">\n\t\t\t\t\t<div class=\"card-inner\">\n\t\t\t\t\t\t<h2 class=\"headline is-h2\">certoplast 581N<\/h2><div class=\"card-copy\">certoplast 581N jest preferowany do ochrony wi\u0105zek kablowych w przemy\u015ble motoryzacyjnym. Dzi\u0119ki niezwykle wytrzyma\u0142emu materia\u0142owi no\u015bnemu idealnie nadaje si\u0119 do zastosowa\u0144, w kt\u00f3rych wymagany jest bardzo wysoki poziom ochrony przed \u015bcieraniem. Dzi\u0119ki dobrej odporno\u015bci na temperatur\u0119 i chemikalia, certoplast 581N doskonale nadaje si\u0119 do zastosowa\u0144 w komorze silnika.  \n  Niewielka grubo\u015b\u0107 ta\u015bmy w por\u00f3wnaniu z innymi rozwi\u0105zaniami, np. laminatami, zapewnia dodatkow\u0105 korzy\u015b\u0107 w postaci optymalizacji przestrzeni monta\u017cowej.<\/div>\t\t\t\t\t<\/div>\n\n\t\t\t\t\t<div class=\"card-action\"><a class=\"gb-button\" href=\"https:\/\/certoplast.com\/pl\/produkt\/certoplast-581n\/\">Prosz\u0119 dowiedzie\u0107 si\u0119 wi\u0119cej<\/a><\/div>\t\t\t\t<\/div>\n\t\t\t<\/div>\n\t\t\t\t\t\t\t\t\t\t<\/div>\n\t\t\t\t\t\t\t\t\t\t\t\t\t<\/div>\n\t\t\t\t\t<\/div>\n\t\t\t\t            <\/div>\n\t\t\t\n\t\t\t\t\t\t\t\n\t\t\t\n            <!-- end:grid -->\n        \n            \n<\/div>\n<\/div>","protected":false},"excerpt":{"rendered":"","protected":false},"author":1,"featured_media":0,"parent":5673,"menu_order":1,"comment_status":"closed","ping_status":"closed","template":"","meta":{"_acf_changed":false,"inline_featured_image":false,"footnotes":""},"class_list":["post-5683","page","type-page","status-publish"],"acf":[],"_links":{"self":[{"href":"https:\/\/certoplast.com\/pl\/wp-json\/wp\/v2\/pages\/5683","targetHints":{"allow":["GET"]}}],"collection":[{"href":"https:\/\/certoplast.com\/pl\/wp-json\/wp\/v2\/pages"}],"about":[{"href":"https:\/\/certoplast.com\/pl\/wp-json\/wp\/v2\/types\/page"}],"author":[{"embeddable":true,"href":"https:\/\/certoplast.com\/pl\/wp-json\/wp\/v2\/users\/1"}],"replies":[{"embeddable":true,"href":"https:\/\/certoplast.com\/pl\/wp-json\/wp\/v2\/comments?post=5683"}],"version-history":[{"count":1,"href":"https:\/\/certoplast.com\/pl\/wp-json\/wp\/v2\/pages\/5683\/revisions"}],"predecessor-version":[{"id":5684,"href":"https:\/\/certoplast.com\/pl\/wp-json\/wp\/v2\/pages\/5683\/revisions\/5684"}],"up":[{"embeddable":true,"href":"https:\/\/certoplast.com\/pl\/wp-json\/wp\/v2\/pages\/5673"}],"wp:attachment":[{"href":"https:\/\/certoplast.com\/pl\/wp-json\/wp\/v2\/media?parent=5683"}],"curies":[{"name":"wp","href":"https:\/\/api.w.org\/{rel}","templated":true}]}}