{"id":4866,"date":"2023-07-12T10:03:37","date_gmt":"2023-07-12T08:03:37","guid":{"rendered":"https:\/\/certoplast.com\/pvc-izolasyon-bantlari\/"},"modified":"2025-04-07T11:22:22","modified_gmt":"2025-04-07T09:22:22","slug":"pvc-izolasyon-bantlari","status":"publish","type":"page","link":"https:\/\/certoplast.com\/tr\/ueruenler\/pvc-izolasyon-bantlari\/","title":{"rendered":"PVC \/ izolasyon bantlar\u0131"},"content":{"rendered":"\r\n\t\t\t       \r\n            \r\n            <div class=\"hero hero-639ccd12 full\">\r\n\t\t\t\t\t\t\t\t<div class=\"acf-innerblocks-container\">\n\r\n\t\t\t       \r\n                    \r\n            <div class=\"hero-slide hero-slide-08e91ca9 is-style-image\">\r\n\t\t\t\t<div class=\"hero-canvas\">\r\n\t\t\t\t\t<div class=\"hero-subheadline\">\u00dcr\u00fcnlerimiz<\/div>\t\t\t\t\t<h1 class=\"hero-headline\">PVC \/ izolasyon bantlar\u0131<\/h1>\t\t\t\t<\/div>\r\n\t\t\t\t<div class=\"hero-media hero-media-image\"><img loading=\"lazy\" decoding=\"async\" width=\"1920\" height=\"519\" src=\"https:\/\/certoplast.com\/wp-content\/uploads\/certoplast-header-gewebebaender.jpg\" class=\"attachment-full size-full\" alt=\"\" srcset=\"https:\/\/certoplast.com\/wp-content\/uploads\/certoplast-header-gewebebaender.jpg 1920w, https:\/\/certoplast.com\/wp-content\/uploads\/certoplast-header-gewebebaender-300x81.jpg 300w, https:\/\/certoplast.com\/wp-content\/uploads\/certoplast-header-gewebebaender-1024x277.jpg 1024w, https:\/\/certoplast.com\/wp-content\/uploads\/certoplast-header-gewebebaender-768x208.jpg 768w, https:\/\/certoplast.com\/wp-content\/uploads\/certoplast-header-gewebebaender-1536x415.jpg 1536w, https:\/\/certoplast.com\/wp-content\/uploads\/certoplast-header-gewebebaender-800x216.jpg 800w\" sizes=\"auto, (max-width: 1920px) 100vw, 1920px\" \/><\/div>            <\/div>\r\n\t\t\t\t\r\n            \r\n\t\t\t\r\n        \r\n            \n<\/div>\r\n\t\t\t\t\t\t\t\t\r\n\t\t\t\t\t\t\t<\/div>\r\n\t\t\t\t\r\n\t\t\t\r\n\t\t\t        \r\n            <div class=\"gb-container gb-container-e4a6c0a8 gb-container-default\">\n<div class=\"gb-container gb-container-c7df1ec9\">\n\n<div class=\"wp-block-pixel-headline headlines is-subheadline-bottom has-text-align-left\"><h1 class=\"headline is-h1\" style=\"color:\"><strong>PVC \/ izolasyon bantlar\u0131m\u0131z<\/strong><\/h1><\/div>\n\n\n<div class=\"gb-grid-wrapper gb-grid-wrapper-6a48ed2e\">\n<div class=\"gb-grid-column gb-grid-column-6eb6a587\"><div class=\"gb-container gb-container-6eb6a587\" data-aos=\"fade-right\" data-aos-delay=\"250\">\n\n<p>PVC bantlar\u0131m\u0131z en son (\u00e7evresel) teknolojiye uygundur. Ta\u015f\u0131y\u0131c\u0131lar zararl\u0131 monomerik plastikle\u015ftiriciler i\u00e7ermez. Kullan\u0131lan alev geciktiriciler halojen ve a\u011f\u0131r metal i\u00e7ermez. Yap\u0131\u015ft\u0131r\u0131c\u0131 sistem olarak dispersiyon akrilatlar kullan\u0131l\u0131r, yani bu sistemler tamamen solvent i\u00e7ermez.   <\/p>\n\n\n\n<p>PVC yap\u0131\u015fkan bantlar\u0131n yan\u0131 s\u0131ra poliolefin bazl\u0131 \u00fcr\u00fcnler de sunuyoruz.<\/p>\n\n<\/div><\/div>\n\n<div class=\"gb-grid-column gb-grid-column-f5784789\"><div class=\"gb-container gb-container-f5784789\"><\/div><\/div>\n<\/div>\n<\/div>\n<\/div><div class=\"gb-container gb-container-20a9d3f9 gb-container-gray\">\n<div class=\"gb-container gb-container-6350117c\" data-aos=\"fade-up\" data-aos-delay=\"250\">\n\n\t\t\t\t\t\t\n\t\t\t\n\n\t\t\t\t\t\t\t<div class=\"facet-wrapper\">\n\t\t\t\t\t<div class=\"facetwp-facet facetwp-facet-einsatzbereiche facetwp-type-dropdown\" data-name=\"einsatzbereiche\" data-type=\"dropdown\"><\/div><div class=\"facetwp-facet facetwp-facet-eigenschaften_tr facetwp-type-dropdown\" data-name=\"eigenschaften_tr\" data-type=\"dropdown\"><\/div><div class=\"facetwp-facet facetwp-facet-trgermaterial_tr facetwp-type-dropdown\" data-name=\"trgermaterial_tr\" data-type=\"dropdown\"><\/div><div class=\"facetwp-facet facetwp-facet-klebstoff_tr facetwp-type-dropdown\" data-name=\"klebstoff_tr\" data-type=\"dropdown\"><\/div><div class=\"facetwp-facet facetwp-facet-farbe_tr facetwp-type-dropdown\" data-name=\"farbe_tr\" data-type=\"dropdown\"><\/div><div class=\"facetwp-facet facetwp-facet-materialstrke facetwp-type-slider\" data-name=\"materialstrke\" data-type=\"slider\"><\/div><div class=\"facetwp-facet facetwp-facet-temperaturbereich facetwp-type-slider\" data-name=\"temperaturbereich\" data-type=\"slider\"><\/div>\t\t\t\t<\/div>\n\t\t\t\n            <div class=\"grid grid-bb07412c grid-product grid-columns-3\">\n\t\t\t\n\t\t\t\t\t\t\t\t\t\t\t\t\t\t\t\t\t<div class=\"grid-group grid-group-0\">\n\t\t\t\t\t\t\t\t\t\t\t\t<div class=\"grid-inner facetwp-template\">\n\t\t\t\t\t\t\t\t\t\t\t\t\t\t\t<div class=\"grid-item\">\n\t\t\t\t\t\t\t\t\t \n\t\t\t<div class=\"card card-product\">\n\t\t\t\t<div class=\"card-media\"><img loading=\"lazy\" decoding=\"async\" width=\"623\" height=\"264\" src=\"https:\/\/certoplast.com\/wp-content\/uploads\/601.jpg\" class=\"attachment-product_thumb size-product_thumb\" alt=\"\" srcset=\"https:\/\/certoplast.com\/wp-content\/uploads\/601.jpg 623w, https:\/\/certoplast.com\/wp-content\/uploads\/601-300x127.jpg 300w\" sizes=\"auto, (max-width: 623px) 100vw, 623px\" \/><\/div>\t\t\t\t<div class=\"card-content\">\n\t\t\t\t\t<div class=\"card-inner\">\n\t\t\t\t\t\t<h2 class=\"headline is-h2\">certoplast 601<\/h2><div class=\"card-copy\">certoplast 601, elektrik sekt\u00f6r\u00fcndeki t\u00fcm standart yal\u0131t\u0131m i\u015fleri i\u00e7in uygundur. Ayr\u0131ca onar\u0131mlar, renk kodlamas\u0131 ve demetleme i\u00e7in evrensel olarak kullan\u0131labilir. <\/div>\t\t\t\t\t<\/div>\n\n\t\t\t\t\t<div class=\"card-action\"><a class=\"gb-button\" href=\"https:\/\/certoplast.com\/tr\/produkt\/certoplast-601\/\">Daha fazla bilgi edinin<\/a><\/div>\t\t\t\t<\/div>\n\t\t\t<\/div>\n\t\t\t\t\t\t\t\t\t\t<\/div>\n\t\t\t\t\t\t\t\t\t\t\t\t\t\t\t<div class=\"grid-item\">\n\t\t\t\t\t\t\t\t\t \n\t\t\t<div class=\"card card-product\">\n\t\t\t\t<div class=\"card-media\"><img loading=\"lazy\" decoding=\"async\" width=\"623\" height=\"264\" src=\"https:\/\/certoplast.com\/wp-content\/uploads\/602.jpg\" class=\"attachment-product_thumb size-product_thumb\" alt=\"\" srcset=\"https:\/\/certoplast.com\/wp-content\/uploads\/602.jpg 623w, https:\/\/certoplast.com\/wp-content\/uploads\/602-300x127.jpg 300w\" sizes=\"auto, (max-width: 623px) 100vw, 623px\" \/><\/div>\t\t\t\t<div class=\"card-content\">\n\t\t\t\t\t<div class=\"card-inner\">\n\t\t\t\t\t\t<h2 class=\"headline is-h2\">certoplast 602<\/h2><div class=\"card-copy\">certoplast 602 \u00f6zellikle olumsuz hava ko\u015fullar\u0131nda yal\u0131t\u0131m ve onar\u0131m \u00e7al\u0131\u015fmalar\u0131 i\u00e7in uygundur.\n<\/div>\t\t\t\t\t<\/div>\n\n\t\t\t\t\t<div class=\"card-action\"><a class=\"gb-button\" href=\"https:\/\/certoplast.com\/tr\/produkt\/certoplast-602\/\">Daha fazla bilgi edinin<\/a><\/div>\t\t\t\t<\/div>\n\t\t\t<\/div>\n\t\t\t\t\t\t\t\t\t\t<\/div>\n\t\t\t\t\t\t\t\t\t\t\t\t\t\t\t<div class=\"grid-item\">\n\t\t\t\t\t\t\t\t\t \n\t\t\t<div class=\"card card-product\">\n\t\t\t\t<div class=\"card-media\"><img loading=\"lazy\" decoding=\"async\" width=\"623\" height=\"264\" src=\"https:\/\/certoplast.com\/wp-content\/uploads\/603.jpg\" class=\"attachment-product_thumb size-product_thumb\" alt=\"\" srcset=\"https:\/\/certoplast.com\/wp-content\/uploads\/603.jpg 623w, https:\/\/certoplast.com\/wp-content\/uploads\/603-300x127.jpg 300w\" sizes=\"auto, (max-width: 623px) 100vw, 623px\" \/><\/div>\t\t\t\t<div class=\"card-content\">\n\t\t\t\t\t<div class=\"card-inner\">\n\t\t\t\t\t\t<h2 class=\"headline is-h2\">certoplast 603<\/h2><div class=\"card-copy\">certoplast 603, yal\u0131t\u0131m folyolar\u0131 i\u00e7in s\u0131zd\u0131rmazl\u0131k band\u0131 olarak ve i\u00e7 kablolar ve borular i\u00e7in korozyon korumas\u0131 olarak kullan\u0131l\u0131r. Ayr\u0131ca k\u00f6p\u00fck yal\u0131t\u0131m hortumlar\u0131n\u0131n eksenel ve radyal s\u0131zd\u0131rmazl\u0131\u011f\u0131 ve plastik borulardaki ara y\u00fczeylerin yap\u0131\u015ft\u0131r\u0131lmas\u0131 i\u00e7in de kullan\u0131labilir. P-3768\/5341-MPA BS numaral\u0131 genel in\u015faat otoritesi test sertifikas\u0131 ile  <\/div>\t\t\t\t\t<\/div>\n\n\t\t\t\t\t<div class=\"card-action\"><a class=\"gb-button\" href=\"https:\/\/certoplast.com\/tr\/produkt\/certoplast-603\/\">Daha fazla bilgi edinin<\/a><\/div>\t\t\t\t<\/div>\n\t\t\t<\/div>\n\t\t\t\t\t\t\t\t\t\t<\/div>\n\t\t\t\t\t\t\t\t\t\t\t\t\t<\/div>\n\t\t\t\t\t<\/div>\n\t\t\t\t            <\/div>\n\t\t\t\n\t\t\t\t\t\t\t\n\t\t\t\n            <!-- end:grid -->\n        \n            \n<\/div>\n<\/div>","protected":false},"excerpt":{"rendered":"","protected":false},"author":1,"featured_media":0,"parent":5665,"menu_order":4,"comment_status":"closed","ping_status":"closed","template":"","meta":{"_acf_changed":false,"inline_featured_image":false,"footnotes":""},"class_list":["post-4866","page","type-page","status-publish"],"acf":[],"_links":{"self":[{"href":"https:\/\/certoplast.com\/tr\/wp-json\/wp\/v2\/pages\/4866","targetHints":{"allow":["GET"]}}],"collection":[{"href":"https:\/\/certoplast.com\/tr\/wp-json\/wp\/v2\/pages"}],"about":[{"href":"https:\/\/certoplast.com\/tr\/wp-json\/wp\/v2\/types\/page"}],"author":[{"embeddable":true,"href":"https:\/\/certoplast.com\/tr\/wp-json\/wp\/v2\/users\/1"}],"replies":[{"embeddable":true,"href":"https:\/\/certoplast.com\/tr\/wp-json\/wp\/v2\/comments?post=4866"}],"version-history":[{"count":1,"href":"https:\/\/certoplast.com\/tr\/wp-json\/wp\/v2\/pages\/4866\/revisions"}],"predecessor-version":[{"id":4867,"href":"https:\/\/certoplast.com\/tr\/wp-json\/wp\/v2\/pages\/4866\/revisions\/4867"}],"up":[{"embeddable":true,"href":"https:\/\/certoplast.com\/tr\/wp-json\/wp\/v2\/pages\/5665"}],"wp:attachment":[{"href":"https:\/\/certoplast.com\/tr\/wp-json\/wp\/v2\/media?parent=4866"}],"curies":[{"name":"wp","href":"https:\/\/api.w.org\/{rel}","templated":true}]}}