{"id":4889,"date":"2023-07-12T10:18:48","date_gmt":"2023-07-12T08:18:48","guid":{"rendered":"https:\/\/certoplast.com\/alueminyum-seritler\/"},"modified":"2025-04-07T11:22:22","modified_gmt":"2025-04-07T09:22:22","slug":"alueminyum-seritler","status":"publish","type":"page","link":"https:\/\/certoplast.com\/tr\/ueruenler\/alueminyum-seritler\/","title":{"rendered":"Al\u00fcminyum \u015feritler"},"content":{"rendered":"\r\n\t\t\t       \r\n            \r\n            <div class=\"hero hero-a776bf7a full\">\r\n\t\t\t\t\t\t\t\t<div class=\"acf-innerblocks-container\">\n\r\n\t\t\t       \r\n                    \r\n            <div class=\"hero-slide hero-slide-81f54989 is-style-image\">\r\n\t\t\t\t<div class=\"hero-canvas\">\r\n\t\t\t\t\t<div class=\"hero-subheadline\">\u00dcr\u00fcnlerimiz<\/div>\t\t\t\t\t<h1 class=\"hero-headline\">Al\u00fcminyum \u015feritler<\/h1>\t\t\t\t<\/div>\r\n\t\t\t\t<div class=\"hero-media hero-media-image\"><img loading=\"lazy\" decoding=\"async\" width=\"1920\" height=\"519\" src=\"https:\/\/certoplast.com\/wp-content\/uploads\/certoplast-header-gewebebaender.jpg\" class=\"attachment-full size-full\" alt=\"\" srcset=\"https:\/\/certoplast.com\/wp-content\/uploads\/certoplast-header-gewebebaender.jpg 1920w, https:\/\/certoplast.com\/wp-content\/uploads\/certoplast-header-gewebebaender-300x81.jpg 300w, https:\/\/certoplast.com\/wp-content\/uploads\/certoplast-header-gewebebaender-1024x277.jpg 1024w, https:\/\/certoplast.com\/wp-content\/uploads\/certoplast-header-gewebebaender-768x208.jpg 768w, https:\/\/certoplast.com\/wp-content\/uploads\/certoplast-header-gewebebaender-1536x415.jpg 1536w, https:\/\/certoplast.com\/wp-content\/uploads\/certoplast-header-gewebebaender-800x216.jpg 800w\" sizes=\"auto, (max-width: 1920px) 100vw, 1920px\" \/><\/div>            <\/div>\r\n\t\t\t\t\r\n            \r\n\t\t\t\r\n        \r\n            \n<\/div>\r\n\t\t\t\t\t\t\t\t\r\n\t\t\t\t\t\t\t<\/div>\r\n\t\t\t\t\r\n\t\t\t\r\n\t\t\t        \r\n            <div class=\"gb-container gb-container-e4a6c0a8 gb-container-default\">\n<div class=\"gb-container gb-container-c7df1ec9\">\n\n<div class=\"wp-block-pixel-headline headlines is-subheadline-bottom has-text-align-left\"><h1 class=\"headline is-h1\" style=\"color:\"><strong>Al\u00fcminyum kay\u0131\u015flar\u0131m\u0131z<\/strong><\/h1><\/div>\n\n\n<div class=\"gb-grid-wrapper gb-grid-wrapper-6a48ed2e\">\n<div class=\"gb-grid-column gb-grid-column-6eb6a587\"><div class=\"gb-container gb-container-6eb6a587\" data-aos=\"fade-right\" data-aos-delay=\"250\">\n\n<p>Al\u00fcminyum bantlar\u0131m\u0131z \u00f6zellikle \u0131s\u0131tma veya klima borular\u0131n\u0131n yal\u0131t\u0131m\u0131 i\u00e7in, ayn\u0131 zamanda ev yap\u0131m\u0131nda yal\u0131t\u0131m seviyelerinin dif\u00fczyon ge\u00e7irmez s\u0131zd\u0131rmazl\u0131\u011f\u0131 i\u00e7in ve \u0131s\u0131 yans\u0131mas\u0131 ve yal\u0131t\u0131m\u0131 i\u00e7in \u00f6zelliklerinin gerekli oldu\u011fu her yerde kullan\u0131l\u0131r.<\/p>\n\n<\/div><\/div>\n\n<div class=\"gb-grid-column gb-grid-column-f5784789\"><div class=\"gb-container gb-container-f5784789\"><\/div><\/div>\n<\/div>\n<\/div>\n<\/div><div class=\"gb-container gb-container-20a9d3f9 gb-container-gray\">\n<div class=\"gb-container gb-container-6350117c\" data-aos=\"fade-up\" data-aos-delay=\"250\">\n\n\t\t\t\t\t\t\n\t\t\t\n\n\t\t\t\t\t\t\t<div class=\"facet-wrapper\">\n\t\t\t\t\t<div class=\"facetwp-facet facetwp-facet-einsatzbereiche facetwp-type-dropdown\" data-name=\"einsatzbereiche\" data-type=\"dropdown\"><\/div><div class=\"facetwp-facet facetwp-facet-eigenschaften_tr facetwp-type-dropdown\" data-name=\"eigenschaften_tr\" data-type=\"dropdown\"><\/div><div class=\"facetwp-facet facetwp-facet-trgermaterial_tr facetwp-type-dropdown\" data-name=\"trgermaterial_tr\" data-type=\"dropdown\"><\/div><div class=\"facetwp-facet facetwp-facet-klebstoff_tr facetwp-type-dropdown\" data-name=\"klebstoff_tr\" data-type=\"dropdown\"><\/div><div class=\"facetwp-facet facetwp-facet-farbe_tr facetwp-type-dropdown\" data-name=\"farbe_tr\" data-type=\"dropdown\"><\/div><div class=\"facetwp-facet facetwp-facet-materialstrke facetwp-type-slider\" data-name=\"materialstrke\" data-type=\"slider\"><\/div><div class=\"facetwp-facet facetwp-facet-temperaturbereich facetwp-type-slider\" data-name=\"temperaturbereich\" data-type=\"slider\"><\/div>\t\t\t\t<\/div>\n\t\t\t\n            <div class=\"grid grid-47231c19 grid-product grid-columns-3\">\n\t\t\t\n\t\t\t\t\t\t\t\t\t\t\t\t\t\t\t\t\t<div class=\"grid-group grid-group-0\">\n\t\t\t\t\t\t\t\t\t\t\t\t<div class=\"grid-inner facetwp-template\">\n\t\t\t\t\t\t\t\t\t\t\t\t\t\t\t<div class=\"grid-item\">\n\t\t\t\t\t\t\t\t\t \n\t\t\t<div class=\"card card-product\">\n\t\t\t\t<div class=\"card-media\"><img loading=\"lazy\" decoding=\"async\" width=\"623\" height=\"264\" src=\"https:\/\/certoplast.com\/wp-content\/uploads\/certoplast_produkte_725.jpg\" class=\"attachment-product_thumb size-product_thumb\" alt=\"\" srcset=\"https:\/\/certoplast.com\/wp-content\/uploads\/certoplast_produkte_725.jpg 623w, https:\/\/certoplast.com\/wp-content\/uploads\/certoplast_produkte_725-300x127.jpg 300w\" sizes=\"auto, (max-width: 623px) 100vw, 623px\" \/><\/div>\t\t\t\t<div class=\"card-content\">\n\t\t\t\t\t<div class=\"card-inner\">\n\t\t\t\t\t\t<h2 class=\"headline is-h2\">certoplast 725<\/h2><div class=\"card-copy\">certoplast 725 SE, al\u00fcminyum lamine yal\u0131t\u0131m sistemlerinin aray\u00fczlerini yap\u0131\u015ft\u0131rmak i\u00e7in yap\u0131\u015fkan bir s\u0131zd\u0131rmazl\u0131k band\u0131 olarak kullan\u0131l\u0131r. \nDIN 4102 B\u00f6l\u00fcm 1 B1 \nuyar\u0131nca d\u00fc\u015f\u00fck yan\u0131c\u0131l\u0131k i\u00e7in \u00f6zel gereksinimlerin kar\u015f\u0131land\u0131\u011f\u0131 her yerde kullan\u0131labilir.\n<\/div>\t\t\t\t\t<\/div>\n\n\t\t\t\t\t<div class=\"card-action\"><a class=\"gb-button\" href=\"https:\/\/certoplast.com\/tr\/produkt\/certoplast-725\/\">Daha fazla bilgi edinin<\/a><\/div>\t\t\t\t<\/div>\n\t\t\t<\/div>\n\t\t\t\t\t\t\t\t\t\t<\/div>\n\t\t\t\t\t\t\t\t\t\t\t\t\t\t\t<div class=\"grid-item\">\n\t\t\t\t\t\t\t\t\t \n\t\t\t<div class=\"card card-product\">\n\t\t\t\t<div class=\"card-media\"><img loading=\"lazy\" decoding=\"async\" width=\"623\" height=\"264\" src=\"https:\/\/certoplast.com\/wp-content\/uploads\/certoplast_produkte_727.jpg\" class=\"attachment-product_thumb size-product_thumb\" alt=\"\" srcset=\"https:\/\/certoplast.com\/wp-content\/uploads\/certoplast_produkte_727.jpg 623w, https:\/\/certoplast.com\/wp-content\/uploads\/certoplast_produkte_727-300x127.jpg 300w\" sizes=\"auto, (max-width: 623px) 100vw, 623px\" \/><\/div>\t\t\t\t<div class=\"card-content\">\n\t\t\t\t\t<div class=\"card-inner\">\n\t\t\t\t\t\t<h2 class=\"headline is-h2\">certoplast 727<\/h2><div class=\"card-copy\">certoplast 727 SR, al\u00fcminyum lamine yal\u0131t\u0131m sistemlerinin aray\u00fczlerini yap\u0131\u015ft\u0131rmak i\u00e7in bir s\u0131zd\u0131rmazl\u0131k band\u0131 olarak kullan\u0131l\u0131r.  \r\nMED 2014\/90\/EU uyar\u0131nca d\u00fc\u015f\u00fck yan\u0131c\u0131l\u0131k i\u00e7in \u00f6zel gerekliliklerin ge\u00e7erli oldu\u011fu her yerde kullan\u0131labilir.\r\n<\/div>\t\t\t\t\t<\/div>\n\n\t\t\t\t\t<div class=\"card-action\"><a class=\"gb-button\" href=\"https:\/\/certoplast.com\/tr\/produkt\/certoplast-727\/\">Daha fazla bilgi edinin<\/a><\/div>\t\t\t\t<\/div>\n\t\t\t<\/div>\n\t\t\t\t\t\t\t\t\t\t<\/div>\n\t\t\t\t\t\t\t\t\t\t\t\t\t<\/div>\n\t\t\t\t\t<\/div>\n\t\t\t\t            <\/div>\n\t\t\t\n\t\t\t\t\t\t\t\n\t\t\t\n            <!-- end:grid -->\n        \n            \n<\/div>\n<\/div>","protected":false},"excerpt":{"rendered":"","protected":false},"author":1,"featured_media":0,"parent":5665,"menu_order":6,"comment_status":"closed","ping_status":"closed","template":"","meta":{"_acf_changed":false,"inline_featured_image":false,"footnotes":""},"class_list":["post-4889","page","type-page","status-publish"],"acf":[],"_links":{"self":[{"href":"https:\/\/certoplast.com\/tr\/wp-json\/wp\/v2\/pages\/4889","targetHints":{"allow":["GET"]}}],"collection":[{"href":"https:\/\/certoplast.com\/tr\/wp-json\/wp\/v2\/pages"}],"about":[{"href":"https:\/\/certoplast.com\/tr\/wp-json\/wp\/v2\/types\/page"}],"author":[{"embeddable":true,"href":"https:\/\/certoplast.com\/tr\/wp-json\/wp\/v2\/users\/1"}],"replies":[{"embeddable":true,"href":"https:\/\/certoplast.com\/tr\/wp-json\/wp\/v2\/comments?post=4889"}],"version-history":[{"count":1,"href":"https:\/\/certoplast.com\/tr\/wp-json\/wp\/v2\/pages\/4889\/revisions"}],"predecessor-version":[{"id":4890,"href":"https:\/\/certoplast.com\/tr\/wp-json\/wp\/v2\/pages\/4889\/revisions\/4890"}],"up":[{"embeddable":true,"href":"https:\/\/certoplast.com\/tr\/wp-json\/wp\/v2\/pages\/5665"}],"wp:attachment":[{"href":"https:\/\/certoplast.com\/tr\/wp-json\/wp\/v2\/media?parent=4889"}],"curies":[{"name":"wp","href":"https:\/\/api.w.org\/{rel}","templated":true}]}}