{"id":4989,"date":"2023-07-13T10:52:48","date_gmt":"2023-07-13T08:52:48","guid":{"rendered":"https:\/\/certoplast.com\/hakkimizda\/"},"modified":"2025-04-07T11:20:45","modified_gmt":"2025-04-07T09:20:45","slug":"hakkimizda","status":"publish","type":"page","link":"https:\/\/certoplast.com\/tr\/sirket\/hakkimizda\/","title":{"rendered":"Hakk\u0131m\u0131zda"},"content":{"rendered":"\r\n\t\t\t       \r\n            \r\n            <div class=\"hero hero-bfca44cc full\">\r\n\t\t\t\t\t\t\t\t<div class=\"acf-innerblocks-container\">\n\r\n\t\t\t       \r\n                    \r\n            <div class=\"hero-slide hero-slide-3855c15e is-style-image\">\r\n\t\t\t\t<div class=\"hero-canvas\">\r\n\t\t\t\t\t<div class=\"hero-subheadline\">Her uygulama i\u00e7in do\u011fru olan\u0131 Band<\/div>\t\t\t\t\t<h1 class=\"hero-headline\">certoplast<\/h1>\t\t\t\t<\/div>\r\n\t\t\t\t<div class=\"hero-media hero-media-image\"><img loading=\"lazy\" decoding=\"async\" width=\"1920\" height=\"519\" src=\"https:\/\/certoplast.com\/wp-content\/uploads\/certoplast-header-ueber-uns.jpg\" class=\"attachment-full size-full\" alt=\"\" srcset=\"https:\/\/certoplast.com\/wp-content\/uploads\/certoplast-header-ueber-uns.jpg 1920w, https:\/\/certoplast.com\/wp-content\/uploads\/certoplast-header-ueber-uns-300x81.jpg 300w, https:\/\/certoplast.com\/wp-content\/uploads\/certoplast-header-ueber-uns-1024x277.jpg 1024w, https:\/\/certoplast.com\/wp-content\/uploads\/certoplast-header-ueber-uns-768x208.jpg 768w, https:\/\/certoplast.com\/wp-content\/uploads\/certoplast-header-ueber-uns-1536x415.jpg 1536w, https:\/\/certoplast.com\/wp-content\/uploads\/certoplast-header-ueber-uns-800x216.jpg 800w\" sizes=\"auto, (max-width: 1920px) 100vw, 1920px\" \/><\/div>            <\/div>\r\n\t\t\t\t\r\n            \r\n\t\t\t\r\n        \r\n            \n<\/div>\r\n\t\t\t\t\t\t\t\t\r\n\t\t\t\t\t\t\t<\/div>\r\n\t\t\t\t\r\n\t\t\t\r\n\t\t\t        \r\n            <section class=\"gb-container gb-container-9660c8ea gb-container-default\">\n<div class=\"gb-container gb-container-cd0e0b71\">\n<div class=\"gb-grid-wrapper gb-grid-wrapper-09516fbc\">\n<div class=\"gb-grid-column gb-grid-column-c38e2ada\"><div class=\"gb-container gb-container-c38e2ada\" data-aos=\"fade-right\" data-aos-delay=\"250\">\n\n<figure class=\"wp-block-image size-full\"><img loading=\"lazy\" decoding=\"async\" width=\"656\" height=\"447\" src=\"https:\/\/certoplast.com\/wp-content\/uploads\/certoplast_ueber_uns_gebaeude.png\" alt=\"\" class=\"wp-image-2481\" srcset=\"https:\/\/certoplast.com\/wp-content\/uploads\/certoplast_ueber_uns_gebaeude.png 656w, https:\/\/certoplast.com\/wp-content\/uploads\/certoplast_ueber_uns_gebaeude-300x204.png 300w\" sizes=\"auto, (max-width: 656px) 100vw, 656px\" \/><\/figure>\n\n\n\n<p><\/p>\n\n<\/div><\/div>\n\n<div class=\"gb-grid-column gb-grid-column-fc148551\"><div class=\"gb-container gb-container-fc148551\" data-aos=\"fade-left\" data-aos-delay=\"250\">\n\n<div class=\"wp-block-pixel-headline headlines is-subheadline-bottom has-text-align-left\"><h1 class=\"headline\" style=\"color:\">Her uygulama i\u00e7in <strong>do\u011fru olan\u0131<\/strong> <strong> Band<\/strong><\/h1><\/div>\n\n\n\n<p>Teknik yap\u0131\u015fkan bant \u00fcreticisi olan certoplast Technische Klebeb\u00e4nder GmbH, yap\u0131\u015fkan bant \u00fcretiminde neredeyse 100 y\u0131ll\u0131k bir deneyime sahiptir. Vorwerk &amp; Sohn&#8217;un eski yap\u0131\u015fkan bant b\u00f6l\u00fcm\u00fcnden 1991 y\u0131l\u0131nda kurulan \u015firket, titiz bir &#8220;yeniden m\u00fchendislik&#8221; sonucunda otomotiv, elektrik end\u00fcstrisi ve yal\u0131t\u0131m teknolojisi gibi temel alanlarda pazarda ba\u015far\u0131l\u0131 bir konum elde etmi\u015ftir. <\/p>\n\n\n\n<p>Kendini i\u015fine adam\u0131\u015f \u00e7al\u0131\u015fanlar, m\u00fc\u015fterinin isteklerini faaliyetlerinin en \u00f6nemli \u00f6nceli\u011fi olarak g\u00f6r\u00fcr, b\u00f6ylece \u00f6zelle\u015ftirilmi\u015f sorun \u00e7\u00f6z\u00fcmleri \u015firketimizin bir uzmanl\u0131k alan\u0131 haline gelmi\u015ftir. Teknik gereksinimlerin h\u0131zl\u0131 bir \u015fekilde ger\u00e7ekle\u015ftirilmesi, kullan\u0131c\u0131larla do\u011frudan i\u015fbirli\u011fi ve m\u00fcmk\u00fcn olan en y\u00fcksek esneklik, \u015firket felsefesinin dayand\u0131\u011f\u0131 temellerdir. <\/p>\n\n<\/div><\/div>\n<\/div>\n<\/div>\n<\/section><div class=\"gb-container gb-container-959e894f gb-container-default\">\n<div class=\"gb-container gb-container-83df55d0\">\n<div class=\"gb-grid-wrapper gb-grid-wrapper-d06743b7\">\n<div class=\"gb-grid-column gb-grid-column-a49310ab\"><div class=\"gb-container gb-container-a49310ab\" data-aos=\"fade-right\" data-aos-delay=\"250\">\n\n<div class=\"wp-block-pixel-headline headlines is-subheadline-bottom has-text-align-left\"><h1 class=\"headline\" style=\"color:\">Her soru i\u00e7in <strong>bir cevap<\/strong><\/h1><\/div>\n\n\n\n<p class=\"has-color-brand-color has-text-color\"><strong>En b\u00fcy\u00fck \u00f6zen, \u00fcr\u00fcn\u00fcn en \u00f6nemli par\u00e7as\u0131 olan yap\u0131\u015ft\u0131r\u0131c\u0131ya g\u00f6sterilmektedir:<\/strong> <\/p>\n\n\n\n<p>Yap\u0131\u015ft\u0131r\u0131c\u0131lar\u0131n kurum i\u00e7i form\u00fclasyonu, piyasadaki hemen hemen her soruna bir cevap sunmay\u0131 m\u00fcmk\u00fcn k\u0131lmaktad\u0131r. Sadece solvent i\u00e7ermeyen yap\u0131\u015ft\u0131r\u0131c\u0131 sistemleri kullan\u0131lmaktad\u0131r. Bir yandan, bunlar eritildikten sonra uygulanan s\u0131cak eriyik sistemlerdir, bu nedenle uygulamaya ba\u011fl\u0131 olarak UV-\u00e7apraz ba\u011flanabilir sistemler de kullan\u0131l\u0131r. \u00d6te yandan, akrilat bazl\u0131 dispersiyon yap\u0131\u015ft\u0131r\u0131c\u0131lar\u0131 kullan\u0131yoruz. Bu, t\u00fcm yap\u0131\u015ft\u0131r\u0131c\u0131 yelpazemizin solvent i\u00e7ermeyen sistemlerle s\u0131n\u0131rl\u0131 oldu\u011fu anlam\u0131na geliyor &#8211; s\u00fcrd\u00fcr\u00fclebilir bir \u015firket olarak katk\u0131m\u0131z.    <\/p>\n\n<\/div><\/div>\n\n<div class=\"gb-grid-column gb-grid-column-d25ce125\"><div class=\"gb-container gb-container-d25ce125\" data-aos=\"fade-left\" data-aos-delay=\"250\">\n\n<figure class=\"wp-block-image size-full\"><img loading=\"lazy\" decoding=\"async\" width=\"655\" height=\"447\" src=\"https:\/\/certoplast.com\/wp-content\/uploads\/certoplast-content-uber-uns-1.png\" alt=\"\" class=\"wp-image-2172\" srcset=\"https:\/\/certoplast.com\/wp-content\/uploads\/certoplast-content-uber-uns-1.png 655w, https:\/\/certoplast.com\/wp-content\/uploads\/certoplast-content-uber-uns-1-300x205.png 300w\" sizes=\"auto, (max-width: 655px) 100vw, 655px\" \/><\/figure>\n\n\n\n<p><\/p>\n\n<\/div><\/div>\n<\/div>\n<\/div>\n<\/div><div class=\"gb-container gb-container-ee3c6f3b gb-container-default\">\n<div class=\"gb-container gb-container-127e392a\">\n<div class=\"gb-grid-wrapper gb-grid-wrapper-802a9ae1\">\n<div class=\"gb-grid-column gb-grid-column-5b94b631\"><div class=\"gb-container gb-container-5b94b631\" data-aos=\"fade-right\" data-aos-delay=\"250\">\n\n<figure class=\"gb-block-image gb-block-image-35b72aa3\"><img loading=\"lazy\" decoding=\"async\" width=\"780\" height=\"526\" class=\"gb-image gb-image-35b72aa3\" src=\"https:\/\/certoplast.com\/wp-content\/uploads\/geschaeftsfuehrung-1.png\" alt=\"\" title=\"Y\u00d6NET\u0130M\" srcset=\"https:\/\/certoplast.com\/wp-content\/uploads\/geschaeftsfuehrung-1.png 780w, https:\/\/certoplast.com\/wp-content\/uploads\/geschaeftsfuehrung-1-300x202.png 300w, https:\/\/certoplast.com\/wp-content\/uploads\/geschaeftsfuehrung-1-768x518.png 768w\" sizes=\"auto, (max-width: 780px) 100vw, 780px\" \/><\/figure>\n\n<\/div><\/div>\n\n<div class=\"gb-grid-column gb-grid-column-5e965859\"><div class=\"gb-container gb-container-5e965859\" data-aos=\"fade-left\" data-aos-delay=\"250\">\n\n<div class=\"wp-block-pixel-headline headlines is-subheadline-bottom has-text-align-left\"><h1 class=\"headline\" style=\"color:\"><strong>Y\u00f6netim<\/strong><\/h1><\/div>\n\n\n\n<p>certoplast Technische Klebeb\u00e4nder, hissedarlar\u0131 taraf\u0131ndan y\u00f6netilen bir aile \u015firketidir.<\/p>\n\n\n\n<p>Dr. Andreas Hohmann D\u00fcsseldorf&#8217;taki Heinrich Heine \u00dcniversitesi&#8217;nde kimya e\u011fitimi ald\u0131 ve 2006 y\u0131l\u0131nda organik sentez alan\u0131nda doktoras\u0131n\u0131 tamamlad\u0131. Dr. Hohmann ayn\u0131 y\u0131l certoplast Technische Klebeb\u00e4nder GmbH&#8217;de Ara\u015ft\u0131rma ve Geli\u015ftirme M\u00fcd\u00fcr\u00fc olarak g\u00f6reve ba\u015flad\u0131. Dr. Hohmann&#8217;\u0131n 2009 y\u0131l\u0131nda Global Sat\u0131\u015f M\u00fcd\u00fcr\u00fc olarak atanmas\u0131n\u0131n ard\u0131ndan birka\u00e7 ba\u015far\u0131l\u0131 \u00fcr\u00fcn lansman\u0131 ger\u00e7ekle\u015ftirilmi\u015ftir. Daha fazla sorumluluk almaya devam eden Dr. Hohmann, 2020 y\u0131l\u0131nda certoplast Technische Klebeb\u00e4nder GmbH&#8217;nin Genel M\u00fcd\u00fcrl\u00fc\u011f\u00fcne terfi etti. Genel M\u00fcd\u00fcr olarak atanmas\u0131ndan bu yana, EMEA b\u00f6lgesindeki i\u015flerden ve k\u00fcresel sat\u0131\u015flardan sorumludur. Dr. Hohmann, IVK (Industrieverband Klebstoffe e.V.) ve Afera&#8217;n\u0131n (Avrupa Yap\u0131\u015fkan Bant Birli\u011fi) aktif bir \u00fcyesidir.     <\/p>\n\n\n\n<p>Dr. Ren\u00e9 Rambusch i\u015fletme alan\u0131nda lisans derecesine sahiptir ve doktoras\u0131n\u0131 kontrol, kurumsal organizasyon ve pazarlama aras\u0131ndaki aray\u00fczler \u00fczerine bir tezle tamamlam\u0131\u015ft\u0131r. WHU &#8211; Otto Beisheim School of Management&#8217;ta Kontrol ve Y\u00f6netim Merkezi&#8217;nde ve The Boston Consulting Group&#8217;un M\u00fcnih ve Hamburg ofislerinde \u00e7al\u0131\u015fm\u0131\u015ft\u0131r. Daha fazla uluslararas\u0131la\u015fmay\u0131 ilerletmek ve nesil ge\u00e7i\u015fine haz\u0131rlanmak i\u00e7in 2011 y\u0131l\u0131nda \u015firkete kat\u0131ld\u0131.  <\/p>\n\n<\/div><\/div>\n<\/div>\n<\/div>\n<\/div><div class=\"gb-container gb-container-232e0c11 gb-container-default\">\n<div class=\"gb-container gb-container-16ff69e3\">\n<div class=\"gb-grid-wrapper gb-grid-wrapper-a8ab017a\">\n<div class=\"gb-grid-column gb-grid-column-9ce43b34\"><div class=\"gb-container gb-container-9ce43b34\" data-aos=\"fade-right\" data-aos-delay=\"250\">\n\n<div class=\"wp-block-pixel-headline headlines is-subheadline-bottom has-text-align-left\"><h1 class=\"headline\" style=\"color:\"><strong>Memnuniyetiniz<\/strong> i\u00e7in<\/h1><\/div>\n\n\n\n<p>Son derece uzmanla\u015fm\u0131\u015f tedarik\u00e7iler film, tekstil ve ka\u011f\u0131t y\u00fczeylerdeki uzmanl\u0131klar\u0131n\u0131 yap\u0131\u015fkan bantlar\u0131m\u0131za katmaktad\u0131r. K\u0131sa mesafeler ve yak\u0131n temaslar, m\u00fc\u015fterilerimizi memnun etmek i\u00e7in h\u0131zl\u0131 tepki vermemizi sa\u011fl\u0131yor. <\/p>\n\n\n\n<p>Modern kesim teknolojisinin t\u00fcm yelpazesi certoplast&#8217;ta mevcuttur, b\u00f6ylece kullan\u0131c\u0131dan gelen bireysel \u00f6zel taleplere h\u0131zl\u0131 ve kolay bir \u015fekilde yan\u0131t verebiliriz.<\/p>\n\n\n\n<p>DIN EN ISO 9001 + IATF 16949 sertifikal\u0131 bir kalite y\u00f6netim sistemi, hammaddelerin teslim al\u0131nmas\u0131ndan yap\u0131\u015ft\u0131r\u0131c\u0131 \u00fcretimine, kaplama, kesme ve montajdan giden mallar\u0131n denetimine kadar \u00fcr\u00fcnlerimizin geli\u015ftirilmesini ve \u00fcretimini izler, b\u00f6ylece kendimizi pazar\u0131n s\u00fcrekli de\u011fi\u015fen gereksinimlerine g\u00f6re y\u00f6nlendirmeye devam edece\u011fiz.<\/p>\n\n\n\n<p><strong>certoplast a\u015fa\u011f\u0131daki derneklerin \u00fcyesidir<\/strong>:<\/p>\n\n\n<div class=\"gb-container gb-container-f157fb14\">\n<div class=\"gb-container gb-container-d4f6ffe4\">\n<div class=\"gb-grid-wrapper gb-grid-wrapper-ffb66c8f\">\n<div class=\"gb-grid-column gb-grid-column-1b382ce6\"><div class=\"gb-container gb-container-1b382ce6\">\n\n<figure class=\"wp-block-image size-full\"><img loading=\"lazy\" decoding=\"async\" width=\"372\" height=\"124\" src=\"https:\/\/certoplast.com\/wp-content\/uploads\/industrieverband-klebstoffe-ev.jpg\" alt=\"\" class=\"wp-image-2156\" srcset=\"https:\/\/certoplast.com\/wp-content\/uploads\/industrieverband-klebstoffe-ev.jpg 372w, https:\/\/certoplast.com\/wp-content\/uploads\/industrieverband-klebstoffe-ev-300x100.jpg 300w\" sizes=\"auto, (max-width: 372px) 100vw, 372px\" \/><\/figure>\n\n<\/div><\/div>\n\n<div class=\"gb-grid-column gb-grid-column-aa64df9f\"><div class=\"gb-container gb-container-aa64df9f\">\n\n<figure class=\"wp-block-image size-full\"><img loading=\"lazy\" decoding=\"async\" width=\"130\" height=\"133\" src=\"https:\/\/certoplast.com\/wp-content\/uploads\/afera.jpg\" alt=\"\" class=\"wp-image-2155\"\/><\/figure>\n\n<\/div><\/div>\n\n<div class=\"gb-grid-column gb-grid-column-26a381c0\"><div class=\"gb-container gb-container-26a381c0\"><\/div><\/div>\n<\/div>\n<\/div>\n<\/div>\n<\/div><\/div>\n\n<div class=\"gb-grid-column gb-grid-column-19bf2218\"><div class=\"gb-container gb-container-19bf2218\" data-aos=\"fade-left\" data-aos-delay=\"250\">\n\n<figure class=\"wp-block-image size-full\"><img loading=\"lazy\" decoding=\"async\" width=\"655\" height=\"447\" src=\"https:\/\/certoplast.com\/wp-content\/uploads\/certoplast_ueber_uns_zufriedenheit.png\" alt=\"\" class=\"wp-image-2483\" srcset=\"https:\/\/certoplast.com\/wp-content\/uploads\/certoplast_ueber_uns_zufriedenheit.png 655w, https:\/\/certoplast.com\/wp-content\/uploads\/certoplast_ueber_uns_zufriedenheit-300x205.png 300w\" sizes=\"auto, (max-width: 655px) 100vw, 655px\" \/><\/figure>\n\n<\/div><\/div>\n<\/div>\n<\/div>\n<\/div>","protected":false},"excerpt":{"rendered":"","protected":false},"author":1,"featured_media":4918,"parent":5122,"menu_order":0,"comment_status":"closed","ping_status":"closed","template":"","meta":{"_acf_changed":false,"inline_featured_image":false,"footnotes":""},"class_list":["post-4989","page","type-page","status-publish","has-post-thumbnail"],"acf":[],"_links":{"self":[{"href":"https:\/\/certoplast.com\/tr\/wp-json\/wp\/v2\/pages\/4989","targetHints":{"allow":["GET"]}}],"collection":[{"href":"https:\/\/certoplast.com\/tr\/wp-json\/wp\/v2\/pages"}],"about":[{"href":"https:\/\/certoplast.com\/tr\/wp-json\/wp\/v2\/types\/page"}],"author":[{"embeddable":true,"href":"https:\/\/certoplast.com\/tr\/wp-json\/wp\/v2\/users\/1"}],"replies":[{"embeddable":true,"href":"https:\/\/certoplast.com\/tr\/wp-json\/wp\/v2\/comments?post=4989"}],"version-history":[{"count":1,"href":"https:\/\/certoplast.com\/tr\/wp-json\/wp\/v2\/pages\/4989\/revisions"}],"predecessor-version":[{"id":5001,"href":"https:\/\/certoplast.com\/tr\/wp-json\/wp\/v2\/pages\/4989\/revisions\/5001"}],"up":[{"embeddable":true,"href":"https:\/\/certoplast.com\/tr\/wp-json\/wp\/v2\/pages\/5122"}],"wp:featuredmedia":[{"embeddable":true,"href":"https:\/\/certoplast.com\/tr\/wp-json\/wp\/v2\/media\/4918"}],"wp:attachment":[{"href":"https:\/\/certoplast.com\/tr\/wp-json\/wp\/v2\/media?parent=4989"}],"curies":[{"name":"wp","href":"https:\/\/api.w.org\/{rel}","templated":true}]}}