{"id":5058,"date":"2023-07-13T11:54:55","date_gmt":"2023-07-13T09:54:55","guid":{"rendered":"https:\/\/certoplast.com\/konumlar\/"},"modified":"2025-09-12T13:09:23","modified_gmt":"2025-09-12T11:09:23","slug":"konumlar","status":"publish","type":"page","link":"https:\/\/certoplast.com\/tr\/sirket\/konumlar\/","title":{"rendered":"Konumlar"},"content":{"rendered":"\r\n\t\t\t       \r\n            \r\n            <div class=\"hero hero-ad881387 full\">\r\n\t\t\t\t\t\t\t\t<div class=\"acf-innerblocks-container\">\n\r\n\t\t\t       \r\n                    \r\n            <div class=\"hero-slide hero-slide-7d626b9d is-style-image\">\r\n\t\t\t\t<div class=\"hero-canvas\">\r\n\t\t\t\t\t<div class=\"hero-subheadline\">\u00c7ok uluslu m\u00fc\u015fteriler i\u00e7in<\/div>\t\t\t\t\t<h1 class=\"hero-headline\">Konumlar<\/h1>\t\t\t\t<\/div>\r\n\t\t\t\t<div class=\"hero-media hero-media-image\"><img loading=\"lazy\" decoding=\"async\" width=\"1920\" height=\"519\" src=\"https:\/\/certoplast.com\/wp-content\/uploads\/certoplast-header-ueber-uns.jpg\" class=\"attachment-full size-full\" alt=\"\" srcset=\"https:\/\/certoplast.com\/wp-content\/uploads\/certoplast-header-ueber-uns.jpg 1920w, https:\/\/certoplast.com\/wp-content\/uploads\/certoplast-header-ueber-uns-300x81.jpg 300w, https:\/\/certoplast.com\/wp-content\/uploads\/certoplast-header-ueber-uns-1024x277.jpg 1024w, https:\/\/certoplast.com\/wp-content\/uploads\/certoplast-header-ueber-uns-768x208.jpg 768w, https:\/\/certoplast.com\/wp-content\/uploads\/certoplast-header-ueber-uns-1536x415.jpg 1536w, https:\/\/certoplast.com\/wp-content\/uploads\/certoplast-header-ueber-uns-800x216.jpg 800w\" sizes=\"auto, (max-width: 1920px) 100vw, 1920px\" \/><\/div>            <\/div>\r\n\t\t\t\t\r\n            \r\n\t\t\t\r\n        \r\n            \n<\/div>\r\n\t\t\t\t\t\t\t\t\r\n\t\t\t\t\t\t\t<\/div>\r\n\t\t\t\t\r\n\t\t\t\r\n\t\t\t        \r\n            \n\n<section class=\"gb-container gb-container-ba729ef0 gb-container-default\">\n<div class=\"gb-container gb-container-73f4703a\">\n<div class=\"gb-grid-wrapper gb-grid-wrapper-a07a5fd9\">\n<div class=\"gb-grid-column gb-grid-column-4b6308df\"><div class=\"gb-container gb-container-4b6308df\" data-aos=\"fade-right\" data-aos-delay=\"250\">\n\n<div class=\"wp-block-pixel-headline headlines is-subheadline-bottom has-text-align-left\"><h1 class=\"headline\" style=\"color:\">K\u00fcresel <strong>destek<\/strong><\/h1><\/div>\n\n\n\n<p>\u00dc\u00e7 k\u0131tadaki lokasyonlar\u0131m\u0131zla \u00e7ok uluslu m\u00fc\u015fterilerimize m\u00fcmk\u00fcn olan en iyi yerel deste\u011fi sunabiliyoruz. \u00c7\u00fcnk\u00fc certoplast Technische Klebeb\u00e4nder GmbH, orta \u00f6l\u00e7ekli bir \u015firket olarak bile her yerde \u00f6zelle\u015ftirilmi\u015f \u00e7\u00f6z\u00fcmleri temsil etmek istiyor. <\/p>\n\n<\/div><\/div>\n\n<div class=\"gb-grid-column gb-grid-column-e09912fc\"><div class=\"gb-container gb-container-e09912fc hoverzoom\" data-aos=\"fade-left\" data-aos-delay=\"250\">\n\n<figure class=\"wp-block-image size-full is-resized\"><img loading=\"lazy\" decoding=\"async\" width=\"1536\" height=\"814\" src=\"https:\/\/certoplast.com\/wp-content\/uploads\/standorte-1536x671_tuerk.png\" alt=\"\" class=\"wp-image-9413\" srcset=\"https:\/\/certoplast.com\/wp-content\/uploads\/standorte-1536x671_tuerk.png 1536w, https:\/\/certoplast.com\/wp-content\/uploads\/standorte-1536x671_tuerk-300x159.png 300w, https:\/\/certoplast.com\/wp-content\/uploads\/standorte-1536x671_tuerk-1024x543.png 1024w, https:\/\/certoplast.com\/wp-content\/uploads\/standorte-1536x671_tuerk-768x407.png 768w\" sizes=\"auto, (max-width: 1536px) 100vw, 1536px\" \/><\/figure>\n\n<\/div><\/div>\n<\/div>\n<\/div>\n<\/section>\n\n<section class=\"gb-container gb-container-4bb7e86c gb-container-default\">\n<div class=\"gb-container gb-container-7a2ced88\">\n<div class=\"gb-grid-wrapper gb-grid-wrapper-2ca9c5d7\">\n<div class=\"gb-grid-column gb-grid-column-1f65b060\"><div class=\"gb-container gb-container-1f65b060\" data-aos=\"fade-up\" data-aos-delay=\"250\">\n<div class=\"gb-grid-wrapper gb-grid-wrapper-a7a520a1\">\n<div class=\"gb-grid-column gb-grid-column-fa8a597b\"><div class=\"gb-container gb-container-fa8a597b\">\n\n<figure class=\"wp-block-image size-full is-resized\"><img loading=\"lazy\" decoding=\"async\" width=\"50\" height=\"50\" src=\"https:\/\/certoplast.com\/wp-content\/uploads\/Gruppe-569.png\" alt=\"\" class=\"wp-image-1441\"\/><\/figure>\n\n<\/div><\/div>\n\n<div class=\"gb-grid-column gb-grid-column-c755a5ef\"><div class=\"gb-container gb-container-c755a5ef location_resp\">\n\n<div class=\"wp-block-pixel-headline headlines is-subheadline-bottom has-text-align-left\"><h5 class=\"headline\" style=\"color:\">certoplast<br>Technische Klebeb\u00e4nder GmbH<\/h5><\/div>\n\n\n\n<p>M\u00fcngstener Stra\u00dfe 10<br>42285 Wuppertal<\/p>\n\n\n\n<div class=\"wp-block-group is-nowrap is-layout-flex wp-container-core-group-is-layout-ad2f72ca wp-block-group-is-layout-flex\">\n<a class=\"gb-button gb-button-0af38c6c gb-button-text\" href=\"https:\/\/certoplast.com\/tr\/yaklasim\/\" rel=\"nofollow\">Yakla\u015f\u0131m<\/a>\n\n\n\n<a class=\"gb-button gb-button-423dd422 gb-button-text\" href=\"https:\/\/certoplast.com\/tr\/bize-ulasin\/#geschaeftsfuehrung\" rel=\"nofollow\">Bize ula\u015f\u0131n<\/a>\n<\/div>\n\n<\/div><\/div>\n<\/div>\n<\/div><\/div>\n\n<div class=\"gb-grid-column gb-grid-column-6236e99a\"><div class=\"gb-container gb-container-6236e99a\" data-aos=\"fade-up\" data-aos-delay=\"500\">\n<div class=\"gb-grid-wrapper gb-grid-wrapper-6914310b\">\n<div class=\"gb-grid-column gb-grid-column-d9ac207c\"><div class=\"gb-container gb-container-d9ac207c\">\n\n<figure class=\"wp-block-image size-full is-resized\"><img loading=\"lazy\" decoding=\"async\" width=\"50\" height=\"50\" src=\"https:\/\/certoplast.com\/wp-content\/uploads\/Gruppe-573.png\" alt=\"\" class=\"wp-image-1456\"\/><\/figure>\n\n<\/div><\/div>\n\n<div class=\"gb-grid-column gb-grid-column-7a9dcd9c\"><div class=\"gb-container gb-container-7a9dcd9c location_resp\">\n\n<div class=\"wp-block-pixel-headline headlines is-subheadline-bottom has-text-align-left\"><h5 class=\"headline\" style=\"color:\">certoplast<br>North America Inc.<\/h5><\/div>\n\n\n\n<p>9030 Advancement Avenue<br>Las Cruces, NM 88007<\/p>\n\n\n\n<div class=\"wp-block-group is-nowrap is-layout-flex wp-container-core-group-is-layout-ad2f72ca wp-block-group-is-layout-flex\">\n<a class=\"gb-button gb-button-c65360da gb-button-text\" href=\"https:\/\/maps.app.goo.gl\/Zjz7KMQEHWMSuMno7\" target=\"_blank\" rel=\"nofollow noopener noreferrer\">Yakla\u015f\u0131m<\/a>\n\n\n\n<a class=\"gb-button gb-button-1b03255f gb-button-text\" href=\"https:\/\/certoplast.com\/tr\/bize-ulasin\/#northamerika\" rel=\"nofollow\">Bize ula\u015f\u0131n<\/a>\n<\/div>\n\n<\/div><\/div>\n<\/div>\n<\/div><\/div>\n\n<div class=\"gb-grid-column gb-grid-column-eaf1dae4\"><div class=\"gb-container gb-container-eaf1dae4\" data-aos=\"fade-up\" data-aos-delay=\"750\">\n<div class=\"gb-grid-wrapper gb-grid-wrapper-d7687e74\">\n<div class=\"gb-grid-column gb-grid-column-e5091703\"><div class=\"gb-container gb-container-e5091703\">\n\n<figure class=\"wp-block-image size-full is-resized\"><img loading=\"lazy\" decoding=\"async\" width=\"50\" height=\"50\" src=\"https:\/\/certoplast.com\/wp-content\/uploads\/Gruppe-575.png\" alt=\"\" class=\"wp-image-1459\"\/><\/figure>\n\n<\/div><\/div>\n\n<div class=\"gb-grid-column gb-grid-column-78344d23\"><div class=\"gb-container gb-container-78344d23 location_resp\">\n\n<div class=\"wp-block-pixel-headline headlines is-subheadline-bottom has-text-align-left\"><h5 class=\"headline\" style=\"color:\">certoplast<br>(Suzhou) Co, Ltd<\/h5><\/div>\n\n\n\n<p>NO. 2 Hengpuxiang, Qingqiu street, SIP,<br>Suzhou, 215126, P.R. China<\/p>\n\n\n\n<div class=\"wp-block-group is-nowrap is-layout-flex wp-container-core-group-is-layout-ad2f72ca wp-block-group-is-layout-flex\">\n<a class=\"gb-button gb-button-529642b6 gb-button-text\" href=\"https:\/\/maps.app.goo.gl\/2Enj2rNUHih6VQb3A\" target=\"_blank\" rel=\"nofollow noopener noreferrer\">Yakla\u015f\u0131m<\/a>\n\n\n\n<a class=\"gb-button gb-button-0bced4c8 gb-button-text\" href=\"https:\/\/certoplast.com\/tr\/bize-ulasin\/#asia\" rel=\"nofollow\">Bize ula\u015f\u0131n<\/a>\n<\/div>\n\n<\/div><\/div>\n<\/div>\n<\/div><\/div>\n\n<div class=\"gb-grid-column gb-grid-column-9b3e6344\"><div class=\"gb-container gb-container-9b3e6344\" data-aos=\"fade-up\" data-aos-delay=\"750\">\n<div class=\"gb-grid-wrapper gb-grid-wrapper-bfd95524\">\n<div class=\"gb-grid-column gb-grid-column-f6e56dfc\"><div class=\"gb-container gb-container-f6e56dfc\">\n\n<figure class=\"wp-block-image size-full is-resized\"><img loading=\"lazy\" decoding=\"async\" width=\"50\" height=\"50\" src=\"https:\/\/certoplast.com\/wp-content\/uploads\/indien.png\" alt=\"\" class=\"wp-image-9220\"\/><\/figure>\n\n<\/div><\/div>\n\n<div class=\"gb-grid-column gb-grid-column-44cbc17c\"><div class=\"gb-container gb-container-44cbc17c location_resp\">\n\n<div class=\"wp-block-pixel-headline headlines is-subheadline-bottom has-text-align-left\"><h5 class=\"headline\" style=\"color:\">certoplast<br>India Pvt. Ltd.<\/h5><\/div>\n\n\n\n<p>A 1\/4\/2,MIDC,loni,Indapur,Pune, Maharashtra,413132,Hindistan.<\/p>\n\n\n\n<div class=\"wp-block-group is-nowrap is-layout-flex wp-container-core-group-is-layout-ad2f72ca wp-block-group-is-layout-flex\">\n<a class=\"gb-button gb-button-d26a4a06 gb-button-text\" href=\"https:\/\/maps.app.goo.gl\/Waj4xZQANPiiDYw67\" target=\"_blank\" rel=\"nofollow noopener noreferrer\">Yakla\u015f\u0131m<\/a>\n\n\n\n<a class=\"gb-button gb-button-ce707f96 gb-button-text\" href=\"https:\/\/certoplast.com\/tr\/bize-ulasin\/#asia\" rel=\"nofollow\">Bize ula\u015f\u0131n<\/a>\n<\/div>\n\n<\/div><\/div>\n<\/div>\n<\/div><\/div>\n\n<div class=\"gb-grid-column gb-grid-column-09c34408\"><div class=\"gb-container gb-container-09c34408\" data-aos=\"fade-up\" data-aos-delay=\"750\">\n<div class=\"gb-grid-wrapper gb-grid-wrapper-5a549d49\">\n<div class=\"gb-grid-column gb-grid-column-ae5f57ba\"><div class=\"gb-container gb-container-ae5f57ba\">\n\n<figure class=\"wp-block-image size-full is-resized\"><img loading=\"lazy\" decoding=\"async\" width=\"50\" height=\"50\" src=\"https:\/\/certoplast.com\/wp-content\/uploads\/vietnam.png\" alt=\"\" class=\"wp-image-9260\"\/><\/figure>\n\n<\/div><\/div>\n\n<div class=\"gb-grid-column gb-grid-column-15a13223\"><div class=\"gb-container gb-container-15a13223 location_resp\">\n\n<div class=\"wp-block-pixel-headline headlines is-subheadline-bottom has-text-align-left\"><h5 class=\"headline\" style=\"color:\">certoplast<br>Vietnam Company Limited<\/h5><\/div>\n\n\n\n<p>RBF.D2, RBF.D3 At\u00f6lyeleri, Lot CN4-02, Tarife D\u0131\u015f\u0131 B\u00f6lge ve Nam Dinh Vu End\u00fcstri Park\u0131 (B\u00f6lge 1), Dinh Vu &#8211; Cat Hai Ekonomik B\u00f6lgesi, Dong Hai Ward, Hai Phong City, Vietnam<\/p>\n\n\n\n<div class=\"wp-block-group is-nowrap is-layout-flex wp-container-core-group-is-layout-ad2f72ca wp-block-group-is-layout-flex\">\n<a class=\"gb-button gb-button-e9aeac3e gb-button-text\" href=\"https:\/\/maps.app.goo.gl\/kmWpK6EPpPAdJpnEA\" target=\"_blank\" rel=\"nofollow noopener noreferrer\">Yakla\u015f\u0131m<\/a>\n\n\n\n<a class=\"gb-button gb-button-5fb1c6a7 gb-button-text\" href=\"https:\/\/certoplast.com\/tr\/bize-ulasin\/#asia\" rel=\"nofollow\">Bize ula\u015f\u0131n<\/a>\n<\/div>\n\n<\/div><\/div>\n<\/div>\n<\/div><\/div>\n\n<div class=\"gb-grid-column gb-grid-column-c8a323a8\"><div class=\"gb-container gb-container-c8a323a8\" data-aos=\"fade-up\" data-aos-delay=\"750\">\n<div class=\"gb-grid-wrapper gb-grid-wrapper-44ca30b1\">\n<div class=\"gb-grid-column gb-grid-column-5c8c2676\"><div class=\"gb-container gb-container-5c8c2676\">\n\n<figure class=\"wp-block-image size-full is-resized\"><img loading=\"lazy\" decoding=\"async\" width=\"50\" height=\"50\" src=\"https:\/\/certoplast.com\/wp-content\/uploads\/mexico.png\" alt=\"\" class=\"wp-image-9240\"\/><\/figure>\n\n<\/div><\/div>\n\n<div class=\"gb-grid-column gb-grid-column-3dc83853\"><div class=\"gb-container gb-container-3dc83853 location_resp\">\n\n<div class=\"wp-block-pixel-headline headlines is-subheadline-bottom has-text-align-left\"><h5 class=\"headline\" style=\"color:\">certoplast<br>North America Inc.<\/h5><\/div>\n\n\n\n<p>3 Santa Rosa de Viterbo Avenue, El Marques, Queretaro, Meksika, 76246<\/p>\n\n\n\n<div class=\"wp-block-group is-nowrap is-layout-flex wp-container-core-group-is-layout-ad2f72ca wp-block-group-is-layout-flex\">\n<a class=\"gb-button gb-button-0e0562ca gb-button-text\" href=\"https:\/\/maps.app.goo.gl\/ABdFANtJNviRHRmX9\" target=\"_blank\" rel=\"nofollow noopener noreferrer\">Yakla\u015f\u0131m<\/a>\n\n\n\n<a class=\"gb-button gb-button-6cc01917 gb-button-text\" href=\"https:\/\/certoplast.com\/tr\/bize-ulasin\/#northamerika\" rel=\"nofollow\">Bize ula\u015f\u0131n<\/a>\n<\/div>\n\n<\/div><\/div>\n<\/div>\n<\/div><\/div>\n<\/div>\n<\/div>\n<\/section>","protected":false},"excerpt":{"rendered":"","protected":false},"author":1,"featured_media":4918,"parent":5122,"menu_order":1,"comment_status":"closed","ping_status":"closed","template":"","meta":{"_acf_changed":false,"inline_featured_image":false,"footnotes":""},"class_list":["post-5058","page","type-page","status-publish","has-post-thumbnail"],"acf":[],"_links":{"self":[{"href":"https:\/\/certoplast.com\/tr\/wp-json\/wp\/v2\/pages\/5058","targetHints":{"allow":["GET"]}}],"collection":[{"href":"https:\/\/certoplast.com\/tr\/wp-json\/wp\/v2\/pages"}],"about":[{"href":"https:\/\/certoplast.com\/tr\/wp-json\/wp\/v2\/types\/page"}],"author":[{"embeddable":true,"href":"https:\/\/certoplast.com\/tr\/wp-json\/wp\/v2\/users\/1"}],"replies":[{"embeddable":true,"href":"https:\/\/certoplast.com\/tr\/wp-json\/wp\/v2\/comments?post=5058"}],"version-history":[{"count":5,"href":"https:\/\/certoplast.com\/tr\/wp-json\/wp\/v2\/pages\/5058\/revisions"}],"predecessor-version":[{"id":9482,"href":"https:\/\/certoplast.com\/tr\/wp-json\/wp\/v2\/pages\/5058\/revisions\/9482"}],"up":[{"embeddable":true,"href":"https:\/\/certoplast.com\/tr\/wp-json\/wp\/v2\/pages\/5122"}],"wp:featuredmedia":[{"embeddable":true,"href":"https:\/\/certoplast.com\/tr\/wp-json\/wp\/v2\/media\/4918"}],"wp:attachment":[{"href":"https:\/\/certoplast.com\/tr\/wp-json\/wp\/v2\/media?parent=5058"}],"curies":[{"name":"wp","href":"https:\/\/api.w.org\/{rel}","templated":true}]}}