{"id":5080,"date":"2023-07-13T12:01:59","date_gmt":"2023-07-13T10:01:59","guid":{"rendered":"https:\/\/certoplast.com\/kalite-ve-cevre\/"},"modified":"2025-04-07T11:20:45","modified_gmt":"2025-04-07T09:20:45","slug":"kalite-ve-cevre","status":"publish","type":"page","link":"https:\/\/certoplast.com\/tr\/sirket\/kalite-ve-cevre\/","title":{"rendered":"Kalite ve \u00e7evre"},"content":{"rendered":"\r\n\t\t\t       \r\n            \r\n            <div class=\"hero hero-478d91d4 full\">\r\n\t\t\t\t\t\t\t\t<div class=\"acf-innerblocks-container\">\n\r\n\t\t\t       \r\n                    \r\n            <div class=\"hero-slide hero-slide-1f4aeaac is-style-image\">\r\n\t\t\t\t<div class=\"hero-canvas\">\r\n\t\t\t\t\t<div class=\"hero-subheadline\">Biz sertifikal\u0131y\u0131z<\/div>\t\t\t\t\t<h1 class=\"hero-headline\">Kalite ve \u00e7evre<\/h1>\t\t\t\t<\/div>\r\n\t\t\t\t<div class=\"hero-media hero-media-image\"><img loading=\"lazy\" decoding=\"async\" width=\"1920\" height=\"519\" src=\"https:\/\/certoplast.com\/wp-content\/uploads\/certoplast-header-ueber-uns.jpg\" class=\"attachment-full size-full\" alt=\"\" srcset=\"https:\/\/certoplast.com\/wp-content\/uploads\/certoplast-header-ueber-uns.jpg 1920w, https:\/\/certoplast.com\/wp-content\/uploads\/certoplast-header-ueber-uns-300x81.jpg 300w, https:\/\/certoplast.com\/wp-content\/uploads\/certoplast-header-ueber-uns-1024x277.jpg 1024w, https:\/\/certoplast.com\/wp-content\/uploads\/certoplast-header-ueber-uns-768x208.jpg 768w, https:\/\/certoplast.com\/wp-content\/uploads\/certoplast-header-ueber-uns-1536x415.jpg 1536w, https:\/\/certoplast.com\/wp-content\/uploads\/certoplast-header-ueber-uns-800x216.jpg 800w\" sizes=\"auto, (max-width: 1920px) 100vw, 1920px\" \/><\/div>            <\/div>\r\n\t\t\t\t\r\n            \r\n\t\t\t\r\n        \r\n            \n<\/div>\r\n\t\t\t\t\t\t\t\t\r\n\t\t\t\t\t\t\t<\/div>\r\n\t\t\t\t\r\n\t\t\t\r\n\t\t\t        \r\n            <div class=\"gb-container gb-container-e4a6c0a8 gb-container-default\">\n<div class=\"gb-container gb-container-c7df1ec9\">\n<div class=\"gb-grid-wrapper gb-grid-wrapper-6a48ed2e\">\n<div class=\"gb-grid-column gb-grid-column-6eb6a587\"><div class=\"gb-container gb-container-6eb6a587\" data-aos=\"fade-right\" data-aos-delay=\"250\">\n\n<div class=\"wp-block-pixel-headline headlines is-subheadline-bottom has-text-align-left\"><h1 class=\"headline\" style=\"color:\">Sertifikal\u0131 <strong>kalite<\/strong><br><\/h1><\/div>\n\n\n\n<p>Almanya&#8217;da ara\u015ft\u0131rma ve \u00fcretim yapan bir \u015firket olarak, en y\u00fcksek kalite standartlar\u0131 \u00e7al\u0131\u015fma k\u00fclt\u00fcr\u00fcm\u00fcz\u00fcn \u00f6z\u00fcn\u00fc olu\u015fturmaktad\u0131r. Bu talepleri kar\u015f\u0131lamak ve m\u00fc\u015fterilerimizin gereksinimlerini yerine getirmek i\u00e7in IATF 16949 ve ISO 9001&#8217;e uygun bir kalite y\u00f6netim sistemi uygulad\u0131k. \u0130lk belgelendirmenin yap\u0131ld\u0131\u011f\u0131 2002 y\u0131l\u0131ndan bu yana sistemi s\u00fcrekli olarak geli\u015ftirmeyi ba\u015fard\u0131k.  <\/p>\n\n<\/div><\/div>\n\n<div class=\"gb-grid-column gb-grid-column-cef3569e\"><div class=\"gb-container gb-container-cef3569e\" data-aos=\"fade-left\" data-aos-delay=\"250\"><a class=\"gb-container-link\" href=\"https:\/\/certoplast.com\/wp-content\/uploads\/certoplast_IATF_de.pdf\" rel=\"noopener noreferrer\" target=\"_blank\"><\/a>\n\n<figure class=\"wp-block-image size-full\"><img loading=\"lazy\" decoding=\"async\" width=\"720\" height=\"500\" src=\"https:\/\/certoplast.com\/wp-content\/uploads\/certoplast_IATF_de.jpg\" alt=\"\" class=\"wp-image-3650\" srcset=\"https:\/\/certoplast.com\/wp-content\/uploads\/certoplast_IATF_de.jpg 720w, https:\/\/certoplast.com\/wp-content\/uploads\/certoplast_IATF_de-300x208.jpg 300w\" sizes=\"auto, (max-width: 720px) 100vw, 720px\" \/><\/figure>\n\n\n\n<p>IATF 16949 (PDF, 246 kB)<\/p>\n\n<\/div><\/div>\n<\/div>\n<\/div>\n<\/div><div class=\"gb-container gb-container-0dcc8fc1 gb-container-default\">\n<div class=\"gb-container gb-container-7172409e\">\n<div class=\"gb-grid-wrapper gb-grid-wrapper-5b891cf0\">\n<div class=\"gb-grid-column gb-grid-column-22794006\"><div class=\"gb-container gb-container-22794006\" data-aos=\"fade-right\" data-aos-delay=\"250\">\n\n<div class=\"wp-block-pixel-headline headlines is-subheadline-bottom has-text-align-left\"><h1 class=\"headline\" style=\"color:\">Sertifikal\u0131 <strong>\u00e7evre y\u00f6netimi<\/strong><br><\/h1><\/div>\n\n\n\n<p>certoplast, kurulu\u015fundan bu yana daha s\u00fcrd\u00fcr\u00fclebilir, \u00e7evre dostu teknolojiler kullanmak ve kaynak t\u00fcketimini s\u00fcrekli olarak azaltmak i\u00e7in \u00e7al\u0131\u015fmaktad\u0131r. 1999 gibi erken bir tarihte, t\u00fcm \u00fcr\u00fcn yelpazesi solvent i\u00e7ermeyen yap\u0131\u015ft\u0131r\u0131c\u0131 sistemlerine d\u00f6n\u00fc\u015ft\u00fcr\u00fclm\u00fc\u015ft\u00fcr. Is\u0131tma sistemi 2012&#8217;den beri at\u0131k yakmadan b\u00f6lgesel \u0131s\u0131tmaya d\u00f6n\u00fc\u015ft\u00fcr\u00fclm\u00fc\u015ft\u00fcr.  <\/p>\n\n\n\n<p>Bu s\u00fcre\u00e7 iyile\u015ftirme faaliyetini \u00f6zellikle \u00e7evre\/kaynak perspektifinden s\u00fcrekli bir s\u00fcrece d\u00f6n\u00fc\u015ft\u00fcrmek ve \u00e7al\u0131\u015fanlara daha iyi ara\u00e7lar sa\u011flamak amac\u0131yla certoplast, 2014 y\u0131l\u0131nda ISO 14001&#8217;e uygun bir \u00e7evre y\u00f6netim sistemi uygulamaya karar vermi\u015ftir.<\/p>\n\n<\/div><\/div>\n\n<div class=\"gb-grid-column gb-grid-column-90e560e2\"><div class=\"gb-container gb-container-90e560e2\" data-aos=\"fade-left\" data-aos-delay=\"250\"><a class=\"gb-container-link\" href=\"https:\/\/certoplast.com\/wp-content\/uploads\/certoplast_quacert_de.pdf\" rel=\"noopener noreferrer\" target=\"_blank\"><\/a>\n\n<figure class=\"wp-block-image size-full\"><img loading=\"lazy\" decoding=\"async\" width=\"720\" height=\"500\" src=\"https:\/\/certoplast.com\/wp-content\/uploads\/certoplast_quacert_de.jpg\" alt=\"\" class=\"wp-image-3648\" srcset=\"https:\/\/certoplast.com\/wp-content\/uploads\/certoplast_quacert_de.jpg 720w, https:\/\/certoplast.com\/wp-content\/uploads\/certoplast_quacert_de-300x208.jpg 300w\" sizes=\"auto, (max-width: 720px) 100vw, 720px\" \/><\/figure>\n\n\n\n<p>ISO 14001 (PDF, 101 kB)<\/p>\n\n<\/div><\/div>\n<\/div>\n<\/div>\n<\/div><div class=\"gb-container gb-container-f46241a3 gb-container-default\">\n<div class=\"gb-container gb-container-a1de4212\">\n<div class=\"gb-grid-wrapper gb-grid-wrapper-5659b4c1\">\n<div class=\"gb-grid-column gb-grid-column-a6470b0d\"><div class=\"gb-container gb-container-a6470b0d\" data-aos=\"fade-right\" data-aos-delay=\"250\">\n\n<div class=\"wp-block-pixel-headline headlines is-subheadline-bottom has-text-align-left\"><h1 class=\"headline\" style=\"color:\">Sertifikal\u0131 <strong>enerji y\u00f6netimi<\/strong><br><\/h1><\/div>\n\n\n\n<p>Verimli ve s\u00fcrd\u00fcr\u00fclebilir: certoplast&#8217;ta en y\u00fcksek performans\u0131 enerji tasarruflu davran\u0131\u015fla birle\u015ftiriyoruz. Bu nedenle, geli\u015fmi\u015f bir enerji y\u00f6netim sistemi uygulamak bizim i\u00e7in do\u011fal bir konuydu. ISO 50001&#8217;e uygun enerji y\u00f6netim sistemimiz ilk kez 2015 y\u0131l\u0131nda sertifikaland\u0131r\u0131ld\u0131. Bu sistem t\u00fcketilen t\u00fcm enerjiyi kaydediyor ve teknolojik m\u00fckemmellik ile sorumlu enerji kullan\u0131m\u0131n\u0131 uyumlu bir \u015fekilde birle\u015ftirmenin m\u00fcmk\u00fcn oldu\u011funu kan\u0131tl\u0131yor.   <\/p>\n\n<\/div><\/div>\n\n<div class=\"gb-grid-column gb-grid-column-9357c2e3\"><div class=\"gb-container gb-container-9357c2e3\" data-aos=\"fade-left\" data-aos-delay=\"250\"><a class=\"gb-container-link\" href=\"https:\/\/certoplast.com\/wp-content\/uploads\/certoplast_ISO50001_de.pdf\" rel=\"noopener noreferrer\" target=\"_blank\"><\/a>\n\n<figure class=\"wp-block-image size-full\"><img loading=\"lazy\" decoding=\"async\" width=\"720\" height=\"500\" src=\"https:\/\/certoplast.com\/wp-content\/uploads\/certoplast_ISO50001_de.jpg\" alt=\"\" class=\"wp-image-3652\" srcset=\"https:\/\/certoplast.com\/wp-content\/uploads\/certoplast_ISO50001_de.jpg 720w, https:\/\/certoplast.com\/wp-content\/uploads\/certoplast_ISO50001_de-300x208.jpg 300w\" sizes=\"auto, (max-width: 720px) 100vw, 720px\" \/><\/figure>\n\n\n\n<p>ISO 50001 (PDF, 154 kB)<\/p>\n\n<\/div><\/div>\n<\/div>\n<\/div>\n<\/div>","protected":false},"excerpt":{"rendered":"","protected":false},"author":1,"featured_media":4918,"parent":5122,"menu_order":3,"comment_status":"closed","ping_status":"closed","template":"","meta":{"_acf_changed":false,"inline_featured_image":false,"footnotes":""},"class_list":["post-5080","page","type-page","status-publish","has-post-thumbnail"],"acf":[],"_links":{"self":[{"href":"https:\/\/certoplast.com\/tr\/wp-json\/wp\/v2\/pages\/5080","targetHints":{"allow":["GET"]}}],"collection":[{"href":"https:\/\/certoplast.com\/tr\/wp-json\/wp\/v2\/pages"}],"about":[{"href":"https:\/\/certoplast.com\/tr\/wp-json\/wp\/v2\/types\/page"}],"author":[{"embeddable":true,"href":"https:\/\/certoplast.com\/tr\/wp-json\/wp\/v2\/users\/1"}],"replies":[{"embeddable":true,"href":"https:\/\/certoplast.com\/tr\/wp-json\/wp\/v2\/comments?post=5080"}],"version-history":[{"count":1,"href":"https:\/\/certoplast.com\/tr\/wp-json\/wp\/v2\/pages\/5080\/revisions"}],"predecessor-version":[{"id":5085,"href":"https:\/\/certoplast.com\/tr\/wp-json\/wp\/v2\/pages\/5080\/revisions\/5085"}],"up":[{"embeddable":true,"href":"https:\/\/certoplast.com\/tr\/wp-json\/wp\/v2\/pages\/5122"}],"wp:featuredmedia":[{"embeddable":true,"href":"https:\/\/certoplast.com\/tr\/wp-json\/wp\/v2\/media\/4918"}],"wp:attachment":[{"href":"https:\/\/certoplast.com\/tr\/wp-json\/wp\/v2\/media?parent=5080"}],"curies":[{"name":"wp","href":"https:\/\/api.w.org\/{rel}","templated":true}]}}