{"id":5163,"date":"2023-07-13T13:09:26","date_gmt":"2023-07-13T11:09:26","guid":{"rendered":"https:\/\/certoplast.com\/hizmet\/"},"modified":"2025-04-07T11:20:49","modified_gmt":"2025-04-07T09:20:49","slug":"hizmet","status":"publish","type":"page","link":"https:\/\/certoplast.com\/tr\/hizmet\/","title":{"rendered":"Hizmet"},"content":{"rendered":"\r\n\t\t\t       \r\n            \r\n            <div class=\"hero hero-89abc0c3 full\">\r\n\t\t\t\t\t\t\t\t<div class=\"acf-innerblocks-container\">\n\r\n\t\t\t       \r\n                    \r\n            <div class=\"hero-slide hero-slide-76a51c84 is-style-image\">\r\n\t\t\t\t<div class=\"hero-canvas\">\r\n\t\t\t\t\t<div class=\"hero-subheadline\">Di\u011fer hizmetler<\/div>\t\t\t\t\t<h1 class=\"hero-headline\">Hizmet<\/h1>\t\t\t\t<\/div>\r\n\t\t\t\t<div class=\"hero-media hero-media-image\"><img loading=\"lazy\" decoding=\"async\" width=\"1920\" height=\"519\" src=\"https:\/\/certoplast.com\/wp-content\/uploads\/certoplast-header-service.jpg\" class=\"attachment-full size-full\" alt=\"\" srcset=\"https:\/\/certoplast.com\/wp-content\/uploads\/certoplast-header-service.jpg 1920w, https:\/\/certoplast.com\/wp-content\/uploads\/certoplast-header-service-300x81.jpg 300w, https:\/\/certoplast.com\/wp-content\/uploads\/certoplast-header-service-1024x277.jpg 1024w, https:\/\/certoplast.com\/wp-content\/uploads\/certoplast-header-service-768x208.jpg 768w, https:\/\/certoplast.com\/wp-content\/uploads\/certoplast-header-service-1536x415.jpg 1536w\" sizes=\"auto, (max-width: 1920px) 100vw, 1920px\" \/><\/div>            <\/div>\r\n\t\t\t\t\r\n            \r\n\t\t\t\r\n        \r\n            \n<\/div>\r\n\t\t\t\t\t\t\t\t\r\n\t\t\t\t\t\t\t<\/div>\r\n\t\t\t\t\r\n\t\t\t\r\n\t\t\t        \r\n            <section class=\"gb-container gb-container-e4a6c0a8 gb-container-default\">\n<div class=\"gb-container gb-container-c7df1ec9\">\n<div class=\"gb-grid-wrapper gb-grid-wrapper-6a48ed2e\">\n<div class=\"gb-grid-column gb-grid-column-6eb6a587\"><div class=\"gb-container gb-container-6eb6a587\">\n\n<div class=\"wp-block-pixel-headline headlines is-subheadline-bottom has-text-align-left\"><h1 class=\"headline\" style=\"color:\">Bizim<strong> hizmetimiz<\/strong><\/h1><\/div>\n\n<\/div><\/div>\n\n<div class=\"gb-grid-column gb-grid-column-a776d649\"><div class=\"gb-container gb-container-a776d649\" data-aos=\"fade-right\" data-aos-delay=\"250\">\n\n<p>Geli\u015ftirme yeteneklerimiz ve makinelerimize dayanarak, size standart \u00fcr\u00fcn portf\u00f6y\u00fcm\u00fcz\u00fcn \u00fczerinde ve \u00f6tesinde ek hizmetler sunabiliriz:<\/p>\n\n<\/div><\/div>\n<\/div>\n<\/div>\n<\/section><section class=\"gb-container gb-container-ca1abc50 gb-container-default\">\n<div class=\"gb-container gb-container-8245706e\">\n<div class=\"gb-grid-wrapper gb-grid-wrapper-8068f588\">\n<div class=\"gb-grid-column gb-grid-column-19412947\"><div class=\"gb-container gb-container-19412947\" data-aos=\"fade-right\" data-aos-delay=\"250\">\n\n<figure class=\"wp-block-image size-full\"><img loading=\"lazy\" decoding=\"async\" width=\"656\" height=\"447\" src=\"https:\/\/certoplast.com\/wp-content\/uploads\/certoplast_service_produktentwicklung.png\" alt=\"\" class=\"wp-image-2478\" srcset=\"https:\/\/certoplast.com\/wp-content\/uploads\/certoplast_service_produktentwicklung.png 656w, https:\/\/certoplast.com\/wp-content\/uploads\/certoplast_service_produktentwicklung-300x204.png 300w\" sizes=\"auto, (max-width: 656px) 100vw, 656px\" \/><\/figure>\n\n<\/div><\/div>\n\n<div class=\"gb-grid-column gb-grid-column-ec568827\"><div class=\"gb-container gb-container-ec568827\" data-aos=\"fade-left\" data-aos-delay=\"250\">\n\n<div class=\"wp-block-pixel-headline headlines is-subheadline-bottom has-text-align-left\"><h1 class=\"headline\" style=\"color:\">\u00d6zelle\u015ftirilmi\u015f <strong>\u00fcr\u00fcn geli\u015ftirme<\/strong><\/h1><\/div>\n\n\n\n<p>Ara\u015ft\u0131rma ve Geli\u015ftirme departman\u0131m\u0131z, m\u00fc\u015fterilerimizin ihtiya\u00e7lar\u0131n\u0131 daha da iyi kar\u015f\u0131layacak ve \u00fcr\u00fcn portf\u00f6y\u00fcm\u00fcz\u00fc pazar odakl\u0131 bir \u015fekilde geni\u015fletecek yeni \u00fcr\u00fcnler \u00fczerinde s\u00fcrekli olarak \u00e7al\u0131\u015fmaktad\u0131r.<\/p>\n\n\n\n<p>\u00dcr\u00fcn portf\u00f6y\u00fcm\u00fcz \u00fczerinde \u00e7al\u0131\u015fman\u0131n yan\u0131 s\u0131ra, Ar-Ge&#8217;miz m\u00fc\u015fterilerimiz i\u00e7in spesifikasyonlar\u0131na g\u00f6re projelerde \u00e7\u00f6z\u00fcmler geli\u015ftiriyor veya belirli uygulamalar i\u00e7in \u00e7\u00f6z\u00fcmler \u00fczerinde birlikte \u00e7al\u0131\u015f\u0131yoruz.<\/p>\n\n<\/div><\/div>\n<\/div>\n<\/div>\n<\/section><div class=\"gb-container gb-container-844ea15b gb-container-default\">\n<div class=\"gb-container gb-container-a0fc3153\">\n<div class=\"gb-grid-wrapper gb-grid-wrapper-aadc7e77\">\n<div class=\"gb-grid-column gb-grid-column-a1a37ced\"><div class=\"gb-container gb-container-a1a37ced\" data-aos=\"fade-right\" data-aos-delay=\"250\">\n\n<div class=\"wp-block-pixel-headline headlines is-subheadline-bottom has-text-align-left\"><h1 class=\"headline\" style=\"color:\">\u00d6zelle\u015ftirilmi\u015f <strong>s\u00f6zle\u015fme kaplamas\u0131<\/strong><\/h1><\/div>\n\n\n\n<p>\u00dcr\u00fcnleriniz i\u00e7in \u00f6zel bir kaplama m\u0131 ar\u0131yorsunuz?<\/p>\n\n\n\n<p><\/p>\n\n\n\n<p>\u00c7\u00f6z\u00fcm\u00fcn\u00fcz i\u00e7in uzmanl\u0131\u011f\u0131m\u0131zdan ve kapsaml\u0131 teknik olanaklar\u0131m\u0131zdan yararlan\u0131n. Bizimle konu\u015fun, size tavsiyelerde bulunmaktan mutluluk duyar\u0131z. <\/p>\n\n<\/div><\/div>\n\n<div class=\"gb-grid-column gb-grid-column-3ac68984\"><div class=\"gb-container gb-container-3ac68984\" data-aos=\"fade-left\" data-aos-delay=\"250\">\n\n<figure class=\"wp-block-image size-full\"><img loading=\"lazy\" decoding=\"async\" width=\"655\" height=\"447\" src=\"https:\/\/certoplast.com\/wp-content\/uploads\/certoplast_service_beschichtung.png\" alt=\"\" class=\"wp-image-2479\" srcset=\"https:\/\/certoplast.com\/wp-content\/uploads\/certoplast_service_beschichtung.png 655w, https:\/\/certoplast.com\/wp-content\/uploads\/certoplast_service_beschichtung-300x205.png 300w\" sizes=\"auto, (max-width: 655px) 100vw, 655px\" \/><\/figure>\n\n<\/div><\/div>\n<\/div>\n<\/div>\n<\/div>","protected":false},"excerpt":{"rendered":"","protected":false},"author":1,"featured_media":0,"parent":0,"menu_order":4,"comment_status":"closed","ping_status":"closed","template":"","meta":{"_acf_changed":false,"inline_featured_image":false,"footnotes":""},"class_list":["post-5163","page","type-page","status-publish"],"acf":[],"_links":{"self":[{"href":"https:\/\/certoplast.com\/tr\/wp-json\/wp\/v2\/pages\/5163","targetHints":{"allow":["GET"]}}],"collection":[{"href":"https:\/\/certoplast.com\/tr\/wp-json\/wp\/v2\/pages"}],"about":[{"href":"https:\/\/certoplast.com\/tr\/wp-json\/wp\/v2\/types\/page"}],"author":[{"embeddable":true,"href":"https:\/\/certoplast.com\/tr\/wp-json\/wp\/v2\/users\/1"}],"replies":[{"embeddable":true,"href":"https:\/\/certoplast.com\/tr\/wp-json\/wp\/v2\/comments?post=5163"}],"version-history":[{"count":1,"href":"https:\/\/certoplast.com\/tr\/wp-json\/wp\/v2\/pages\/5163\/revisions"}],"predecessor-version":[{"id":5168,"href":"https:\/\/certoplast.com\/tr\/wp-json\/wp\/v2\/pages\/5163\/revisions\/5168"}],"wp:attachment":[{"href":"https:\/\/certoplast.com\/tr\/wp-json\/wp\/v2\/media?parent=5163"}],"curies":[{"name":"wp","href":"https:\/\/api.w.org\/{rel}","templated":true}]}}