{"id":5269,"date":"2023-07-13T14:38:49","date_gmt":"2023-07-13T12:38:49","guid":{"rendered":"https:\/\/certoplast.com\/kuenye\/"},"modified":"2025-04-07T11:21:05","modified_gmt":"2025-04-07T09:21:05","slug":"kuenye","status":"publish","type":"page","link":"https:\/\/certoplast.com\/tr\/kuenye\/","title":{"rendered":"K\u00fcnye"},"content":{"rendered":"<section class=\"gb-container gb-container-e4a6c0a8 gb-container-default\">\n<div class=\"gb-container gb-container-c7df1ec9\">\n<div class=\"gb-grid-wrapper gb-grid-wrapper-6a48ed2e\">\n<div class=\"gb-grid-column gb-grid-column-6eb6a587\"><div class=\"gb-container gb-container-6eb6a587\">\n\n<div class=\"wp-block-pixel-headline headlines is-subheadline-bottom has-text-align-left\"><h1 class=\"headline\" style=\"color:\">K\u00fcnye<\/h1><\/div>\n\n\n\n<p>certoplast Technische Klebeb\u00e4nder GmbH<br\/>M\u00fcngstener Stra\u00dfe 10<br\/>42285 Wuppertal<br\/><br\/>Register Court Wuppertal HRB 76 71<br\/>Genel M\u00fcd\u00fcrler: Dr Andreas Hohmann, Dr Ren\u00e9 Rambusch<br\/><br\/>Telefon: +49 202 255 48 0<br\/>Faks: +49 202 255 48 48<br\/>E-posta:  <a href='mailto:&#105;n&#102;&#111;&#064;&#099;erto&#112;&#108;a&#115;t&#046;&#099;o&#109;' target='' rel=''>&#105;n&#102;&#111;&#064;&#099;erto&#112;&#108;a&#115;t&#046;&#099;o&#109;<\/a><\/p>\n\n\n\n<p>Sat\u0131\u015f vergisi kimlik numaras\u0131:<br\/>DE121009174<\/p>\n\n\n\n<p><strong>\u0130\u00e7erik sorumlusu:<\/strong><br\/>Dr. Ren\u00e9 Rambusch<br\/>certoplast Technische Klebeb\u00e4nder GmbH<br\/>M\u00fcngstener Stra\u00dfe 10<br\/>42285 Wuppertal<\/p>\n\n<\/div><\/div>\n\n<div class=\"gb-grid-column gb-grid-column-5fc1877e\"><div class=\"gb-container gb-container-5fc1877e\">\n\n<p><strong>Uyu\u015fmazl\u0131k \u00e7\u00f6z\u00fcm\u00fc<br\/><\/strong>Avrupa Komisyonu, \u00e7evrimi\u00e7i uyu\u015fmazl\u0131k \u00e7\u00f6z\u00fcm\u00fc (OS) i\u00e7in bir platform sa\u011flar:<br\/><a href=\"https:\/\/ec.europa.eu\/consumers\/odr\" target=\"_blank\" rel=\"noreferrer noopener\">https:\/\/ec.europa.eu\/consumers\/odr<br\/><\/a>E-posta adresimiz yukar\u0131da yasal bildirimde bulunabilir.<br\/>Bir t\u00fcketici hakem heyeti nezdinde uyu\u015fmazl\u0131k \u00e7\u00f6z\u00fcm\u00fc i\u015flemlerine kat\u0131lmaya istekli veya y\u00fck\u00fcml\u00fc de\u011filiz.<\/p>\n\n\n\n<p><strong>\u0130\u00e7erik sorumlulu\u011fu<\/strong><br\/>Bir hizmet sa\u011flay\u0131c\u0131 olarak, bu sayfalardaki kendi i\u00e7eri\u011fimizden Madde 7 (1) DDG uyar\u0131nca genel mevzuata uygun olarak sorumluyuz. Bununla birlikte, DDG \u00a7\u00a7 8 ila 10&#8217;a g\u00f6re, bir hizmet sa\u011flay\u0131c\u0131 olarak iletilen veya saklanan \u00fc\u00e7\u00fcnc\u00fc taraf bilgilerini izlemek veya yasa d\u0131\u015f\u0131 faaliyetlere i\u015faret eden durumlar\u0131 ara\u015ft\u0131rmak zorunda de\u011filiz. Genel mevzuat uyar\u0131nca bilgilerin kullan\u0131m\u0131n\u0131 kald\u0131rma veya engelleme y\u00fck\u00fcml\u00fcl\u00fckleri bundan etkilenmez. Ancak, bu konudaki sorumluluk yaln\u0131zca belirli bir ihlalin \u00f6\u011frenildi\u011fi andan itibaren m\u00fcmk\u00fcnd\u00fcr. Bu t\u00fcr ihlallerin fark\u0131na var\u0131r varmaz, bu i\u00e7eri\u011fi derhal kald\u0131raca\u011f\u0131z.     <\/p>\n\n\n\n<p><strong>Ba\u011flant\u0131lar i\u00e7in sorumluluk<\/strong><br\/>Web sitemiz, i\u00e7eri\u011fi \u00fczerinde hi\u00e7bir etkimiz olmayan harici \u00fc\u00e7\u00fcnc\u00fc taraf web sitelerine ba\u011flant\u0131lar i\u00e7erir. Bu nedenle, bu \u00fc\u00e7\u00fcnc\u00fc taraf i\u00e7eri\u011fi i\u00e7in herhangi bir sorumluluk kabul edemeyiz. Ba\u011flant\u0131l\u0131 sayfalar\u0131n i\u00e7eri\u011finden her zaman sayfalar\u0131n ilgili sa\u011flay\u0131c\u0131s\u0131 veya operat\u00f6r\u00fc sorumludur. Ba\u011flant\u0131 verilen sayfalar, ba\u011flant\u0131 verildi\u011fi s\u0131rada olas\u0131 yasal ihlallere kar\u015f\u0131 kontrol edilmi\u015ftir. Ba\u011flant\u0131 verildi\u011fi s\u0131rada yasa d\u0131\u015f\u0131 i\u00e7erikler tespit edilememi\u015ftir. Ancak, ba\u011flant\u0131l\u0131 sayfalar\u0131n i\u00e7eri\u011finin s\u00fcrekli olarak izlenmesi, bir ihlalin somut kan\u0131t\u0131 olmadan makul de\u011fildir. Herhangi bir yasal ihlalden haberdar olursak, bu t\u00fcr ba\u011flant\u0131lar\u0131 derhal kald\u0131raca\u011f\u0131z.      <\/p>\n\n\n\n<p><strong>Telif<\/strong> hakk\u0131<br\/>Bu sayfalarda site operat\u00f6rleri taraf\u0131ndan olu\u015fturulan i\u00e7erik ve eserler Alman telif hakk\u0131 yasas\u0131na tabidir. Bu t\u00fcr materyallerin \u00e7o\u011falt\u0131lmas\u0131, i\u015flenmesi, da\u011f\u0131t\u0131m\u0131 ve telif hakk\u0131 yasas\u0131n\u0131n kapsam\u0131 d\u0131\u015f\u0131ndaki her t\u00fcrl\u00fc ticarile\u015ftirilmesi, ilgili yazar\u0131n\u0131n veya yarat\u0131c\u0131s\u0131n\u0131n \u00f6nceden yaz\u0131l\u0131 onay\u0131n\u0131 gerektirir. Bu sitenin indirilmesine ve kopyalanmas\u0131na yaln\u0131zca \u00f6zel, ticari olmayan kullan\u0131m i\u00e7in izin verilir ve bu sitedeki i\u00e7erik operat\u00f6r taraf\u0131ndan olu\u015fturulmad\u0131\u011f\u0131 s\u00fcrece \u00fc\u00e7\u00fcnc\u00fc taraflar\u0131n telif haklar\u0131na sayg\u0131 g\u00f6sterilir. \u00d6zellikle, \u00fc\u00e7\u00fcnc\u00fc taraf i\u00e7eri\u011fi bu \u015fekilde etiketlenir. Yine de bir telif hakk\u0131 ihlalinden haberdar olursan\u0131z, l\u00fctfen bizi uygun \u015fekilde bilgilendirin. Herhangi bir ihlalden haberdar olursak, bu t\u00fcr i\u00e7eri\u011fi derhal kald\u0131raca\u011f\u0131z.     <\/p>\n\n<\/div><\/div>\n<\/div>\n<\/div>\n<\/section>","protected":false},"excerpt":{"rendered":"","protected":false},"author":1,"featured_media":0,"parent":0,"menu_order":11,"comment_status":"closed","ping_status":"closed","template":"","meta":{"_acf_changed":false,"inline_featured_image":false,"footnotes":""},"class_list":["post-5269","page","type-page","status-publish"],"acf":[],"_links":{"self":[{"href":"https:\/\/certoplast.com\/tr\/wp-json\/wp\/v2\/pages\/5269","targetHints":{"allow":["GET"]}}],"collection":[{"href":"https:\/\/certoplast.com\/tr\/wp-json\/wp\/v2\/pages"}],"about":[{"href":"https:\/\/certoplast.com\/tr\/wp-json\/wp\/v2\/types\/page"}],"author":[{"embeddable":true,"href":"https:\/\/certoplast.com\/tr\/wp-json\/wp\/v2\/users\/1"}],"replies":[{"embeddable":true,"href":"https:\/\/certoplast.com\/tr\/wp-json\/wp\/v2\/comments?post=5269"}],"version-history":[{"count":1,"href":"https:\/\/certoplast.com\/tr\/wp-json\/wp\/v2\/pages\/5269\/revisions"}],"predecessor-version":[{"id":5270,"href":"https:\/\/certoplast.com\/tr\/wp-json\/wp\/v2\/pages\/5269\/revisions\/5270"}],"wp:attachment":[{"href":"https:\/\/certoplast.com\/tr\/wp-json\/wp\/v2\/media?parent=5269"}],"curies":[{"name":"wp","href":"https:\/\/api.w.org\/{rel}","templated":true}]}}