{"id":5312,"date":"2023-07-17T15:07:15","date_gmt":"2023-07-17T13:07:15","guid":{"rendered":"https:\/\/certoplast.com\/enduestriler\/otomotiv\/"},"modified":"2025-04-09T12:26:21","modified_gmt":"2025-04-09T10:26:21","slug":"otomotiv","status":"publish","type":"page","link":"https:\/\/certoplast.com\/tr\/enduestriler\/otomotiv\/","title":{"rendered":"Otomotiv"},"content":{"rendered":"\r\n\t\t\t       \r\n            \r\n            <div class=\"hero hero-6a8daa77 full\">\r\n\t\t\t\t\t\t\t\t<div class=\"acf-innerblocks-container\">\n\r\n\t\t\t       \r\n                    \r\n            <div class=\"hero-slide hero-slide-51fb0cf7 is-style-image\">\r\n\t\t\t\t<div class=\"hero-canvas\">\r\n\t\t\t\t\t<div class=\"hero-subheadline\">End\u00fcstriler<\/div>\t\t\t\t\t<h1 class=\"hero-headline\">Otomotiv<\/h1>\t\t\t\t<\/div>\r\n\t\t\t\t<div class=\"hero-media hero-media-image\"><img loading=\"lazy\" decoding=\"async\" width=\"1920\" height=\"519\" src=\"https:\/\/certoplast.com\/wp-content\/uploads\/certoplast-header-automotive.jpg\" class=\"attachment-full size-full\" alt=\"\" srcset=\"https:\/\/certoplast.com\/wp-content\/uploads\/certoplast-header-automotive.jpg 1920w, https:\/\/certoplast.com\/wp-content\/uploads\/certoplast-header-automotive-300x81.jpg 300w, https:\/\/certoplast.com\/wp-content\/uploads\/certoplast-header-automotive-1024x277.jpg 1024w, https:\/\/certoplast.com\/wp-content\/uploads\/certoplast-header-automotive-768x208.jpg 768w, https:\/\/certoplast.com\/wp-content\/uploads\/certoplast-header-automotive-1536x415.jpg 1536w, https:\/\/certoplast.com\/wp-content\/uploads\/certoplast-header-automotive-800x216.jpg 800w\" sizes=\"auto, (max-width: 1920px) 100vw, 1920px\" \/><\/div>            <\/div>\r\n\t\t\t\t\r\n            \r\n\t\t\t\r\n        \r\n            \n<\/div>\r\n\t\t\t\t\t\t\t\t\r\n\t\t\t\t\t\t\t<\/div>\r\n\t\t\t\t\r\n\t\t\t\r\n\t\t\t        \r\n            \n\n<div class=\"gb-container gb-container-e4a6c0a8 gb-container-default\">\n<div class=\"gb-container gb-container-c7df1ec9\">\n\n<div class=\"wp-block-pixel-headline headlines is-subheadline-bottom has-text-align-left\"><h1 class=\"headline is-h1\" style=\"color:\"><strong>Kablo demetlerinin<\/strong> paketlenmesi ve korunmas\u0131<\/h1><\/div>\n\n\n<div class=\"gb-grid-wrapper gb-grid-wrapper-6a48ed2e\">\n<div class=\"gb-grid-column gb-grid-column-6eb6a587\"><div class=\"gb-container gb-container-6eb6a587\" data-aos=\"fade-right\" data-aos-delay=\"250\">\n\n<p>Otomotiv end\u00fcstrisi ile yak\u0131n i\u015fbirli\u011fi ve yo\u011fun ara\u015ft\u0131rmalar\u0131n sonu\u00e7lar\u0131, otomotiv m\u00fchendisli\u011finde kablo demetlerinin bantlanmas\u0131na y\u00f6nelik \u00e7ok say\u0131da gereksinimi kar\u015f\u0131layan y\u00fcksek teknolojili \u00fcr\u00fcnlerin geli\u015ftirilmesini sa\u011flamaktad\u0131r.<\/p>\n\n<\/div><\/div>\n\n<div class=\"gb-grid-column gb-grid-column-f5784789\"><div class=\"gb-container gb-container-f5784789\" data-aos=\"fade-left\" data-aos-delay=\"250\">\n\n<p>Bu uzmanl\u0131\u011fa dayanarak, Avrupa, ABD ve Asya otomobil markalar\u0131 i\u00e7in d\u00fcnya \u00e7ap\u0131nda kablo demeti \u00fcreticilerine tedarik sa\u011fl\u0131yoruz. S\u00fcrekli geli\u015ftirme \u00e7al\u0131\u015fmalar\u0131m\u0131z\u0131n bir sonucu olarak, kablo demetlerini paketlemek ve korumak i\u00e7in art\u0131k \u00fc\u00e7 farkl\u0131 tipte bant yap\u0131s\u0131 sunuyoruz. <\/p>\n\n<\/div><\/div>\n<\/div>\n<\/div>\n<\/div>\n\n<div class=\"gb-container gb-container-20a9d3f9 gb-container-default\">\n<div class=\"gb-container gb-container-6350117c\" data-aos=\"fade-up\" data-aos-delay=\"250\">\n<div class=\"gb-grid-wrapper gb-grid-wrapper-0edabf42 teaser-box-grid\">\n<div class=\"gb-grid-column gb-grid-column-bbd9a9e2\"><div class=\"gb-container gb-container-bbd9a9e2\">\n<div class=\"teaser-box teaser-box-034a7faf\"><div class=\"teaser-box-image\"><img loading=\"lazy\" decoding=\"async\" width=\"623\" height=\"264\" src=\"https:\/\/certoplast.com\/wp-content\/uploads\/401.jpg\" class=\"attachment-teaser-box size-teaser-box\" alt=\"\" srcset=\"https:\/\/certoplast.com\/wp-content\/uploads\/401.jpg 623w, https:\/\/certoplast.com\/wp-content\/uploads\/401-300x127.jpg 300w\" sizes=\"auto, (max-width: 623px) 100vw, 623px\" \/><\/div><div class=\"teaser-box-inner\"><h3 class=\"teaser-box-headline\">Klasik kasetler<\/h3><div class=\"teaser-box-text\">Manuel veya makine ile i\u015fleme i\u00e7in uygundurlar. Bantlanacak kablo setleri\/kablo demeti alanlar\u0131n\u0131n etraf\u0131na spiral olarak ve \u00fcst \u00fcste gelecek \u015fekilde sar\u0131l\u0131rlar. <\/div><a class=\"gb-button \" href=\"https:\/\/certoplast.com\/tr\/enduestriler\/otomotiv\/klasik-kasetler\/\" target=\"\">Daha fazla bilgi edinin<\/a><\/div><\/div>\n<\/div><\/div>\n\n<div class=\"gb-grid-column gb-grid-column-759e6c4d\"><div class=\"gb-container gb-container-759e6c4d\">\n<div class=\"teaser-box teaser-box-48f573c6\"><div class=\"teaser-box-image\"><img loading=\"lazy\" decoding=\"async\" width=\"623\" height=\"264\" src=\"https:\/\/certoplast.com\/wp-content\/uploads\/514s.jpg\" class=\"attachment-teaser-box size-teaser-box\" alt=\"\" srcset=\"https:\/\/certoplast.com\/wp-content\/uploads\/514s.jpg 623w, https:\/\/certoplast.com\/wp-content\/uploads\/514s-300x127.jpg 300w\" sizes=\"auto, (max-width: 623px) 100vw, 623px\" \/><\/div><div class=\"teaser-box-inner\"><h3 class=\"teaser-box-headline\">Schlauchb\u00e4nder<\/h3><div class=\"teaser-box-text\">Klasik yap\u0131\u015fkan bantlar\u0131n aksine, Schlauchb\u00e4nder her iki taraf\u0131 da kapl\u0131d\u0131r, ancak t\u00fcm geni\u015flik boyunca de\u011fil. Ayr\u0131ca bantlanacak kablo setleri\/kablo demeti alanlar\u0131n\u0131n etraf\u0131na spiral olarak ve \u00fcst \u00fcste binecek \u015fekilde sar\u0131l\u0131rlar. Yap\u0131\u015fkan kaplama, yap\u0131\u015fkan\u0131n yap\u0131\u015fkan \u00fczerine sar\u0131laca\u011f\u0131 \u015fekilde hizalan\u0131r. Bu, \u00e7ok esnek kablo demetleri \u00fcretir.   <\/div><a class=\"gb-button \" href=\"https:\/\/certoplast.com\/tr\/enduestriler\/otomotiv\/schlauchbaender\/\" target=\"\">Daha fazla bilgi edinin<\/a><\/div><\/div>\n<\/div><\/div>\n\n<div class=\"gb-grid-column gb-grid-column-4f135b7f\"><div class=\"gb-container gb-container-4f135b7f\">\n<div class=\"teaser-box teaser-box-dbac53c5\"><div class=\"teaser-box-image\"><img loading=\"lazy\" decoding=\"async\" width=\"623\" height=\"264\" src=\"https:\/\/certoplast.com\/wp-content\/uploads\/514l.jpg\" class=\"attachment-teaser-box size-teaser-box\" alt=\"\" srcset=\"https:\/\/certoplast.com\/wp-content\/uploads\/514l.jpg 623w, https:\/\/certoplast.com\/wp-content\/uploads\/514l-300x127.jpg 300w\" sizes=\"auto, (max-width: 623px) 100vw, 623px\" \/><\/div><div class=\"teaser-box-inner\"><h3 class=\"teaser-box-headline\">Zarflar<\/h3><div class=\"teaser-box-text\">Bunlar yap\u0131\u015fkan \u015feritlerle kaplanm\u0131\u015f dikd\u00f6rtgen tekstil b\u00f6l\u00fcmlerdir. Bandajlanacak kablo demeti b\u00f6l\u00fcm\u00fcn\u00fcn etraf\u0131na uzunlamas\u0131na katlan\u0131rlar. Sabitleme \u015feridi genellikle \u00f6nce kablo demetine tutturulur ve sarmadan sonra sarg\u0131\r\ns\u0131zd\u0131rmazl\u0131k \u015feridi\/\u015feritleri ile kal\u0131c\u0131 olarak kapat\u0131l\u0131r. Saf i\u015flem s\u00fcresi\r\n\u00e7ok k\u0131sad\u0131r.   <\/div><a class=\"gb-button \" href=\"https:\/\/certoplast.com\/tr\/enduestriler\/otomotiv\/zarflar\/\" target=\"\">Daha fazla bilgi edinin<\/a><\/div><\/div>\n<\/div><\/div>\n<\/div>\n<\/div>\n<\/div>","protected":false},"excerpt":{"rendered":"","protected":false},"author":1,"featured_media":0,"parent":5278,"menu_order":0,"comment_status":"closed","ping_status":"closed","template":"","meta":{"_acf_changed":false,"inline_featured_image":false,"footnotes":""},"class_list":["post-5312","page","type-page","status-publish"],"acf":[],"_links":{"self":[{"href":"https:\/\/certoplast.com\/tr\/wp-json\/wp\/v2\/pages\/5312","targetHints":{"allow":["GET"]}}],"collection":[{"href":"https:\/\/certoplast.com\/tr\/wp-json\/wp\/v2\/pages"}],"about":[{"href":"https:\/\/certoplast.com\/tr\/wp-json\/wp\/v2\/types\/page"}],"author":[{"embeddable":true,"href":"https:\/\/certoplast.com\/tr\/wp-json\/wp\/v2\/users\/1"}],"replies":[{"embeddable":true,"href":"https:\/\/certoplast.com\/tr\/wp-json\/wp\/v2\/comments?post=5312"}],"version-history":[{"count":3,"href":"https:\/\/certoplast.com\/tr\/wp-json\/wp\/v2\/pages\/5312\/revisions"}],"predecessor-version":[{"id":6693,"href":"https:\/\/certoplast.com\/tr\/wp-json\/wp\/v2\/pages\/5312\/revisions\/6693"}],"up":[{"embeddable":true,"href":"https:\/\/certoplast.com\/tr\/wp-json\/wp\/v2\/pages\/5278"}],"wp:attachment":[{"href":"https:\/\/certoplast.com\/tr\/wp-json\/wp\/v2\/media?parent=5312"}],"curies":[{"name":"wp","href":"https:\/\/api.w.org\/{rel}","templated":true}]}}