{"id":5470,"date":"2023-07-18T11:57:43","date_gmt":"2023-07-18T09:57:43","guid":{"rendered":"https:\/\/certoplast.com\/infopoint\/satin-alma-sartlari-ve-kosullari\/"},"modified":"2025-04-07T11:21:44","modified_gmt":"2025-04-07T09:21:44","slug":"satin-alma-sartlari-ve-kosullari","status":"publish","type":"page","link":"https:\/\/certoplast.com\/tr\/infopoint\/satin-alma-sartlari-ve-kosullari\/","title":{"rendered":"Sat\u0131n alma \u015fartlar\u0131 ve ko\u015fullar\u0131"},"content":{"rendered":"\r\n\t\t\t       \r\n            \r\n            <div class=\"hero hero-03218279 full\">\r\n\t\t\t\t\t\t\t\t<div class=\"acf-innerblocks-container\">\n\r\n\t\t\t       \r\n                    \r\n            <div class=\"hero-slide hero-slide-c71f76e7 is-style-image\">\r\n\t\t\t\t<div class=\"hero-canvas\">\r\n\t\t\t\t\t<div class=\"hero-subheadline\">\u0130ndirmek i\u00e7in<\/div>\t\t\t\t\t<h1 class=\"hero-headline\">Sat\u0131n alma \u015fartlar\u0131 ve ko\u015fullar\u0131<\/h1>\t\t\t\t<\/div>\r\n\t\t\t\t<div class=\"hero-media hero-media-image\"><img loading=\"lazy\" decoding=\"async\" width=\"1920\" height=\"519\" src=\"https:\/\/certoplast.com\/wp-content\/uploads\/certoplast-header-ueber-uns.jpg\" class=\"attachment-full size-full\" alt=\"\" srcset=\"https:\/\/certoplast.com\/wp-content\/uploads\/certoplast-header-ueber-uns.jpg 1920w, https:\/\/certoplast.com\/wp-content\/uploads\/certoplast-header-ueber-uns-300x81.jpg 300w, https:\/\/certoplast.com\/wp-content\/uploads\/certoplast-header-ueber-uns-1024x277.jpg 1024w, https:\/\/certoplast.com\/wp-content\/uploads\/certoplast-header-ueber-uns-768x208.jpg 768w, https:\/\/certoplast.com\/wp-content\/uploads\/certoplast-header-ueber-uns-1536x415.jpg 1536w, https:\/\/certoplast.com\/wp-content\/uploads\/certoplast-header-ueber-uns-800x216.jpg 800w\" sizes=\"auto, (max-width: 1920px) 100vw, 1920px\" \/><\/div>            <\/div>\r\n\t\t\t\t\r\n            \r\n\t\t\t\r\n        \r\n            \n<\/div>\r\n\t\t\t\t\t\t\t\t\r\n\t\t\t\t\t\t\t<\/div>\r\n\t\t\t\t\r\n\t\t\t\r\n\t\t\t        \r\n            <div class=\"gb-container gb-container-e4a6c0a8 gb-container-default\">\n<div class=\"gb-container gb-container-c7df1ec9\">\n<div class=\"gb-grid-wrapper gb-grid-wrapper-6a48ed2e\">\n<div class=\"gb-grid-column gb-grid-column-6eb6a587\"><div class=\"gb-container gb-container-6eb6a587\" data-aos=\"fade-right\" data-aos-delay=\"250\">\n\n<div class=\"wp-block-pixel-headline headlines is-subheadline-bottom has-text-align-left\"><h1 class=\"headline\" style=\"color:\">Sat\u0131n alma \u015fartlar\u0131 ve ko\u015fullar\u0131<\/h1><\/div>\n\n\n\n<p>Burada genel sat\u0131n alma h\u00fck\u00fcm ve ko\u015fullar\u0131m\u0131z\u0131 bulacaks\u0131n\u0131z:<\/p>\n\n\n\n<p>Sat\u0131n alma h\u00fck\u00fcm ve ko\u015fullar\u0131n\u0131 g\u00f6r\u00fcnt\u00fclemek i\u00e7in Acrobat Reader&#8217;a ihtiyac\u0131n\u0131z olacakt\u0131r.<br\/><a href=\"http:\/\/get.adobe.com\/de\/reader\/\" target=\"_blank\" rel=\"noreferrer noopener\">Buradan<\/a> indirebilirsiniz.<\/p>\n\n\n\n<a class=\"gb-button gb-button-0b213d1e gb-button-text\" href=\"\/wp-content\/uploads\/certoplast_Einkaufsbedingungen_Stand_Dez_2012.pdf\" target=\"_blank\" rel=\"noopener noreferrer\">\u0130ndirmek i\u00e7in<\/a>\n\n<\/div><\/div>\n<\/div>\n<\/div>\n<\/div>","protected":false},"excerpt":{"rendered":"","protected":false},"author":1,"featured_media":4918,"parent":5191,"menu_order":7,"comment_status":"closed","ping_status":"closed","template":"","meta":{"_acf_changed":false,"inline_featured_image":false,"footnotes":""},"class_list":["post-5470","page","type-page","status-publish","has-post-thumbnail"],"acf":[],"_links":{"self":[{"href":"https:\/\/certoplast.com\/tr\/wp-json\/wp\/v2\/pages\/5470","targetHints":{"allow":["GET"]}}],"collection":[{"href":"https:\/\/certoplast.com\/tr\/wp-json\/wp\/v2\/pages"}],"about":[{"href":"https:\/\/certoplast.com\/tr\/wp-json\/wp\/v2\/types\/page"}],"author":[{"embeddable":true,"href":"https:\/\/certoplast.com\/tr\/wp-json\/wp\/v2\/users\/1"}],"replies":[{"embeddable":true,"href":"https:\/\/certoplast.com\/tr\/wp-json\/wp\/v2\/comments?post=5470"}],"version-history":[{"count":1,"href":"https:\/\/certoplast.com\/tr\/wp-json\/wp\/v2\/pages\/5470\/revisions"}],"predecessor-version":[{"id":5472,"href":"https:\/\/certoplast.com\/tr\/wp-json\/wp\/v2\/pages\/5470\/revisions\/5472"}],"up":[{"embeddable":true,"href":"https:\/\/certoplast.com\/tr\/wp-json\/wp\/v2\/pages\/5191"}],"wp:featuredmedia":[{"embeddable":true,"href":"https:\/\/certoplast.com\/tr\/wp-json\/wp\/v2\/media\/4918"}],"wp:attachment":[{"href":"https:\/\/certoplast.com\/tr\/wp-json\/wp\/v2\/media?parent=5470"}],"curies":[{"name":"wp","href":"https:\/\/api.w.org\/{rel}","templated":true}]}}