{"id":5524,"date":"2023-07-18T15:08:07","date_gmt":"2023-07-18T13:08:07","guid":{"rendered":"https:\/\/certoplast.com\/kariyer\/"},"modified":"2025-06-30T13:38:28","modified_gmt":"2025-06-30T11:38:28","slug":"kariyer","status":"publish","type":"page","link":"https:\/\/certoplast.com\/tr\/kariyer\/","title":{"rendered":"Kariyer"},"content":{"rendered":"\r\n\t\t\t       \r\n            \r\n            <div class=\"hero hero-87dbcabe full\">\r\n\t\t\t\t\t\t\t\t<div class=\"acf-innerblocks-container\">\n\r\n\t\t\t       \r\n                    \r\n            <div class=\"hero-slide hero-slide-f86657f5 is-style-image\">\r\n\t\t\t\t<div class=\"hero-canvas\">\r\n\t\t\t\t\t<div class=\"hero-subheadline\">Bizimle kariyeriniz<\/div>\t\t\t\t\t<h1 class=\"hero-headline\">Bo\u015f \u0130\u015fler<\/h1>\t\t\t\t<\/div>\r\n\t\t\t\t<div class=\"hero-media hero-media-image\"><img loading=\"lazy\" decoding=\"async\" width=\"1920\" height=\"519\" src=\"https:\/\/certoplast.com\/wp-content\/uploads\/certoplast-header-stellenangebote.jpg\" class=\"attachment-full size-full\" alt=\"\" srcset=\"https:\/\/certoplast.com\/wp-content\/uploads\/certoplast-header-stellenangebote.jpg 1920w, https:\/\/certoplast.com\/wp-content\/uploads\/certoplast-header-stellenangebote-300x81.jpg 300w, https:\/\/certoplast.com\/wp-content\/uploads\/certoplast-header-stellenangebote-1024x277.jpg 1024w, https:\/\/certoplast.com\/wp-content\/uploads\/certoplast-header-stellenangebote-768x208.jpg 768w, https:\/\/certoplast.com\/wp-content\/uploads\/certoplast-header-stellenangebote-1536x415.jpg 1536w, https:\/\/certoplast.com\/wp-content\/uploads\/certoplast-header-stellenangebote-800x216.jpg 800w\" sizes=\"auto, (max-width: 1920px) 100vw, 1920px\" \/><\/div>            <\/div>\r\n\t\t\t\t\r\n            \r\n\t\t\t\r\n        \r\n            \n<\/div>\r\n\t\t\t\t\t\t\t\t\r\n\t\t\t\t\t\t\t<\/div>\r\n\t\t\t\t\r\n\t\t\t\r\n\t\t\t        \r\n            \n\n<div class=\"gb-container gb-container-e4a6c0a8 gb-container-default\">\n<div class=\"gb-container gb-container-c7df1ec9\">\n<div class=\"gb-grid-wrapper gb-grid-wrapper-1fa24120\">\n<div class=\"gb-grid-column gb-grid-column-7079cc35\"><div class=\"gb-container gb-container-7079cc35\">\n\n<div class=\"wp-block-pixel-headline headlines is-subheadline-bottom has-text-align-left\"><h1 class=\"headline is-h1\" style=\"color:\"><strong>A\u00e7\u0131k pozisyonlar\u0131m\u0131z<\/strong><\/h1><span class=\"subheadline\" style=\"color:\">certoplast&#8217;ta \u00e7al\u0131\u015fmak &#8211; iyi bir karar<\/span><\/div>\n\n<\/div><\/div>\n\n<div class=\"gb-grid-column gb-grid-column-85fba15a\"><div class=\"gb-container gb-container-85fba15a top-company-wrap\">\n<div class=\"gb-grid-wrapper gb-grid-wrapper-e5ded697\">\n<div class=\"gb-grid-column gb-grid-column-e12ff391\"><div class=\"gb-container gb-container-e12ff391\">\n\n<figure class=\"gb-block-image gb-block-image-ac771eb9\"><a href=\"https:\/\/www.kununu.com\/de\/certoplast-vorwerk-sohn\" target=\"_blank\" rel=\"noopener noreferrer\"><img loading=\"lazy\" decoding=\"async\" width=\"593\" height=\"791\" class=\"gb-image gb-image-ac771eb9\" src=\"https:\/\/certoplast.com\/wp-content\/uploads\/kununu_top_company_2023.svg\" alt=\"\" title=\"kununu_top_company_2023\"\/><\/a><\/figure>\n\n<\/div><\/div>\n\n<div class=\"gb-grid-column gb-grid-column-0d248eb5\"><div class=\"gb-container gb-container-0d248eb5\">\n\n<figure class=\"gb-block-image gb-block-image-32d3a340\"><a href=\"https:\/\/www.kununu.com\/de\/certoplast-vorwerk-sohn\" target=\"_blank\" rel=\"noopener noreferrer\"><img loading=\"lazy\" decoding=\"async\" width=\"600\" height=\"791\" class=\"gb-image gb-image-32d3a340\" src=\"https:\/\/certoplast.com\/wp-content\/uploads\/kununu_top_company_2024.svg\" alt=\"\" title=\"kununu_top_company_2024\"\/><\/a><\/figure>\n\n<\/div><\/div>\n<\/div>\n<\/div><\/div>\n<\/div>\n\n<div class=\"gb-grid-wrapper gb-grid-wrapper-6a48ed2e\">\n<div class=\"gb-grid-column gb-grid-column-6eb6a587\"><div class=\"gb-container gb-container-6eb6a587\" data-aos=\"fade-right\" data-aos-delay=\"250\">\n\n<p>Sa\u011fl\u0131kl\u0131 bir geli\u015fim g\u00f6steren uluslararas\u0131 bir \u015firket olarak, \u00e7al\u0131\u015fanlar\u0131m\u0131za bizimle birlikte b\u00fcy\u00fcmeleri ve ba\u015far\u0131m\u0131z\u0131 payla\u015fmalar\u0131 i\u00e7in \u00e7e\u015fitli ve ilgin\u00e7 f\u0131rsatlar sunuyoruz. Bizimle birlikte sorumluluk alabilir ve kariyerinizi geli\u015ftirebilirsiniz. <\/p>\n\n\n\n<p>Sizin i\u00e7in cazip perspektifler a\u00e7\u0131yor ve bireysel ilgi alanlar\u0131n\u0131z\u0131 ve g\u00fc\u00e7l\u00fc y\u00f6nlerinizi te\u015fvik ediyoruz. \u00d6rne\u011fin, sizi ileri e\u011fitim programlar\u0131yla desteklemekten veya \u015firketimizdeki yeni sorumluluk alanlar\u0131n\u0131 tan\u0131ma f\u0131rsat\u0131 sunmaktan mutluluk duyar\u0131z. <\/p>\n\n<\/div><\/div>\n\n<div class=\"gb-grid-column gb-grid-column-f5784789\"><div class=\"gb-container gb-container-f5784789\" data-aos=\"fade-left\" data-aos-delay=\"250\">\n\n<p>Ayr\u0131ca, m\u00fcmk\u00fcn oldu\u011funca \u00f6zel ya\u015fam durumunuza uygun \u00e7al\u0131\u015fma modelleri bulmak i\u00e7in sizinle birlikte \u00e7al\u0131\u015fmaya gayret ediyoruz. \u00c7\u00fcnk\u00fc bizimle emin ellerde oldu\u011funuzu ve \u00f6zel hayat\u0131n\u0131zla i\u015f hayat\u0131n\u0131z\u0131 en iyi \u015fekilde dengeleyebilece\u011finizi hissetmenizi istiyoruz. <\/p>\n\n\n\n<p>K\u00fcresel y\u00f6nelimimize ve b\u00fcy\u00fck bir i\u015f g\u00fcc\u00fcne sahip olmam\u0131za ra\u011fmen, kar\u015f\u0131l\u0131kl\u0131 sayg\u0131 ve adaletin hakim oldu\u011fu tan\u0131d\u0131k bir \u00e7al\u0131\u015fma ortam\u0131 bulacaks\u0131n\u0131z. Ayr\u0131ca \u00e7e\u015fitli ek sosyal haklardan ve iyi performans\u0131 \u00f6d\u00fcllendiren bir \u00fccretlendirme modelinden yararlanacaks\u0131n\u0131z. <\/p>\n\n<\/div><\/div>\n<\/div>\n<\/div>\n<\/div>\n\n<div class=\"gb-container gb-container-a9a891e8 gb-container-gray\">\n<div class=\"gb-container gb-container-0fe8961a\">\n<div class=\"gb-grid-wrapper gb-grid-wrapper-68042eb4 karriere-benefits-container\">\n<div class=\"gb-grid-column gb-grid-column-a5b73256\"><div class=\"gb-container gb-container-a5b73256\" data-aos=\"fade-up\" data-aos-delay=\"250\">\n<div class=\"wp-block-image is-resized is-style-default\">\n<figure class=\"aligncenter size-large\"><img loading=\"lazy\" decoding=\"async\" width=\"120\" height=\"120\" src=\"https:\/\/certoplast.com\/wp-content\/uploads\/certoplast-icons_Zeichenflaeche-1-04.svg\" alt=\"\" class=\"wp-image-1497\" style=\"object-fit:cover;width:120px;height:120px\"\/><\/figure>\n<\/div>\n\n\n<p>Uluslararas\u0131 odakl\u0131, sahibi taraf\u0131ndan y\u00f6netilen \u015firket<\/p>\n\n<\/div><\/div>\n\n<div class=\"gb-grid-column gb-grid-column-a87a54d6\"><div class=\"gb-container gb-container-a87a54d6\" data-aos=\"fade-up\" data-aos-delay=\"500\">\n<div class=\"wp-block-image is-resized is-style-default\">\n<figure class=\"aligncenter size-large\"><img loading=\"lazy\" decoding=\"async\" width=\"120\" height=\"120\" src=\"https:\/\/certoplast.com\/wp-content\/uploads\/certoplast-icons_Zeichenflaeche-1-02.svg\" alt=\"\" class=\"wp-image-1493\" style=\"object-fit:cover;width:120px;height:120px\"\/><\/figure>\n<\/div>\n\n\n<p>Tan\u0131d\u0131k ve \u015feffaf \u00e7al\u0131\u015fma ortam\u0131<\/p>\n\n<\/div><\/div>\n\n<div class=\"gb-grid-column gb-grid-column-ca327a98\"><div class=\"gb-container gb-container-ca327a98\" data-aos=\"fade-up\" data-aos-delay=\"750\">\n<div class=\"wp-block-image is-resized is-style-default\">\n<figure class=\"aligncenter size-large\"><img loading=\"lazy\" decoding=\"async\" width=\"120\" height=\"120\" src=\"https:\/\/certoplast.com\/wp-content\/uploads\/certoplast-icons_Zeichenflaeche-1-06.svg\" alt=\"\" class=\"wp-image-1489\" style=\"object-fit:cover;width:120px;height:120px\"\/><\/figure>\n<\/div>\n\n\n<p>D\u00fcz hiyerar\u015filer ve k\u0131sa koordinasyon kanallar\u0131<\/p>\n\n<\/div><\/div>\n\n<div class=\"gb-grid-column gb-grid-column-f74f6e0c\"><div class=\"gb-container gb-container-f74f6e0c\" data-aos=\"fade-up\" data-aos-delay=\"1000\">\n<div class=\"wp-block-image is-resized is-style-default\">\n<figure class=\"aligncenter size-large\"><img loading=\"lazy\" decoding=\"async\" width=\"120\" height=\"120\" src=\"https:\/\/certoplast.com\/wp-content\/uploads\/certoplast-icons_Zeichenflaeche-1-05.svg\" alt=\"\" class=\"wp-image-1499\" style=\"object-fit:cover;width:120px;height:120px\"\/><\/figure>\n<\/div>\n\n\n<p>B\u00fcy\u00fcyen bir \u015firkette geli\u015fim f\u0131rsatlar\u0131<\/p>\n\n<\/div><\/div>\n\n<div class=\"gb-grid-column gb-grid-column-1e4e92cc\"><div class=\"gb-container gb-container-1e4e92cc\" data-aos=\"fade-up\" data-aos-delay=\"1250\">\n<div class=\"wp-block-image is-resized is-style-default\">\n<figure class=\"aligncenter size-large\"><img loading=\"lazy\" decoding=\"async\" width=\"120\" height=\"120\" src=\"https:\/\/certoplast.com\/wp-content\/uploads\/certoplast-icons_Zeichenflaeche-1-03.svg\" alt=\"\" class=\"wp-image-1495\" style=\"object-fit:cover;width:120px;height:120px\"\/><\/figure>\n<\/div>\n\n\n<p>Tamamlay\u0131c\u0131 \u015firket sa\u011fl\u0131k sigortas\u0131 ve sermaye olu\u015fturan yard\u0131mlar<\/p>\n\n<\/div><\/div>\n\n<div class=\"gb-grid-column gb-grid-column-6b90bc49\"><div class=\"gb-container gb-container-6b90bc49\" data-aos=\"fade-up\" data-aos-delay=\"1500\">\n<div class=\"wp-block-image is-resized is-style-default\">\n<figure class=\"aligncenter size-large\"><img decoding=\"async\" src=\"https:\/\/certoplast.com\/wp-content\/uploads\/certoplast-icons_Zeichenflaeche-1-01.svg\" alt=\"\" class=\"wp-image-1492\" style=\"object-fit:cover;width:120px;height:120px\"\/><\/figure>\n<\/div>\n\n\n<p>D\u00fczenli \u015firket etkinlikleri<\/p>\n\n<\/div><\/div>\n<\/div>\n<\/div>\n<\/div>\n\n<div class=\"gb-container gb-container-4c0d9732\">\n<div class=\"gb-container gb-container-a33dfa65\" data-aos=\"fade-up\" data-aos-delay=\"250\">\n\n\t\t\t\t\t\t\n\t\t\t\n\n\t\t\t\n            <div class=\"grid grid-8c0e1c8d grid-jobs grid-columns-3\">\n\t\t\t\n\t\t\t\t\t\t\t\t\t\t\t\t\t\t\t\t\t<div class=\"grid-group grid-group-0\">\n\t\t\t\t\t\t\t\t\t\t\t\t<div class=\"grid-inner \">\n\t\t\t\t\t\t\t\t\t\t\t\t\t\t\t<div class=\"grid-item\">\n\t\t\t\t\t\t\t\t\t \n\t\t\t<div class=\"card card-job card-job-9853\">\n\t\t\t\t<div class=\"card-media\"><img loading=\"lazy\" decoding=\"async\" width=\"1000\" height=\"570\" src=\"https:\/\/certoplast.com\/wp-content\/uploads\/karriere-bilanzbuchhalter-1000x570.jpg\" class=\"attachment-job_thumb size-job_thumb\" alt=\"\" srcset=\"https:\/\/certoplast.com\/wp-content\/uploads\/karriere-bilanzbuchhalter-1000x570.jpg 1000w, https:\/\/certoplast.com\/wp-content\/uploads\/karriere-bilanzbuchhalter-300x171.jpg 300w, https:\/\/certoplast.com\/wp-content\/uploads\/karriere-bilanzbuchhalter-1024x584.jpg 1024w, https:\/\/certoplast.com\/wp-content\/uploads\/karriere-bilanzbuchhalter-768x438.jpg 768w, https:\/\/certoplast.com\/wp-content\/uploads\/karriere-bilanzbuchhalter-1536x875.jpg 1536w, https:\/\/certoplast.com\/wp-content\/uploads\/karriere-bilanzbuchhalter-800x455.jpg 800w, https:\/\/certoplast.com\/wp-content\/uploads\/karriere-bilanzbuchhalter.jpg 1860w\" sizes=\"auto, (max-width: 1000px) 100vw, 1000px\" \/><\/div>\t\t\t\t<div class=\"card-content\">\n\t\t\t\t\t<div class=\"card-inner\">\n\t\t\t\t\t\t<h2 class=\"headline is-h2\">Bilanzbuchhalter*in mit Controlling<\/h2>\t\t\t\t\t<\/div>\n\n\t\t\t\t\t<div class=\"card-action\"><a class=\"gb-button\" href=\"https:\/\/certoplast.com\/tr\/karriere\/stellenangebote\/bilanzbuchhalter-in-mit-controlling\/\">Daha fazla bilgi edinin<\/a><\/div>\t\t\t\t<\/div>\n\t\t\t<\/div>\n\t\t\t\t\t\t\t\t\t\t<\/div>\n\t\t\t\t\t\t\t\t\t\t\t\t\t\t\t<div class=\"grid-item\">\n\t\t\t\t\t\t\t\t\t \n\t\t\t<div class=\"card card-job card-job-6796\">\n\t\t\t\t<div class=\"card-media\"><img loading=\"lazy\" decoding=\"async\" width=\"1000\" height=\"570\" src=\"https:\/\/certoplast.com\/wp-content\/uploads\/vertriebssachberarbeiter-1000x570.jpg\" class=\"attachment-job_thumb size-job_thumb\" alt=\"\" srcset=\"https:\/\/certoplast.com\/wp-content\/uploads\/vertriebssachberarbeiter-1000x570.jpg 1000w, https:\/\/certoplast.com\/wp-content\/uploads\/vertriebssachberarbeiter-300x171.jpg 300w, https:\/\/certoplast.com\/wp-content\/uploads\/vertriebssachberarbeiter-1024x584.jpg 1024w, https:\/\/certoplast.com\/wp-content\/uploads\/vertriebssachberarbeiter-768x438.jpg 768w, https:\/\/certoplast.com\/wp-content\/uploads\/vertriebssachberarbeiter-1536x875.jpg 1536w, https:\/\/certoplast.com\/wp-content\/uploads\/vertriebssachberarbeiter-800x455.jpg 800w, https:\/\/certoplast.com\/wp-content\/uploads\/vertriebssachberarbeiter.jpg 1860w\" sizes=\"auto, (max-width: 1000px) 100vw, 1000px\" \/><\/div>\t\t\t\t<div class=\"card-content\">\n\t\t\t\t\t<div class=\"card-inner\">\n\t\t\t\t\t\t<h2 class=\"headline is-h2\">Sat\u0131n alma memuru<\/h2>\t\t\t\t\t<\/div>\n\n\t\t\t\t\t<div class=\"card-action\"><a class=\"gb-button\" href=\"https:\/\/certoplast.com\/tr\/karriere\/stellenangebote\/satin-alma-memuru\/\">Daha fazla bilgi edinin<\/a><\/div>\t\t\t\t<\/div>\n\t\t\t<\/div>\n\t\t\t\t\t\t\t\t\t\t<\/div>\n\t\t\t\t\t\t\t\t\t\t\t\t\t\t\t<div class=\"grid-item\">\n\t\t\t\t\t\t\t\t\t \n\t\t\t<div class=\"card card-job card-job-6756\">\n\t\t\t\t<div class=\"card-media\"><img loading=\"lazy\" decoding=\"async\" width=\"1000\" height=\"570\" src=\"https:\/\/certoplast.com\/wp-content\/uploads\/karriere-betriebsschlosser-1000x570.jpg\" class=\"attachment-job_thumb size-job_thumb\" alt=\"\" srcset=\"https:\/\/certoplast.com\/wp-content\/uploads\/karriere-betriebsschlosser-1000x570.jpg 1000w, https:\/\/certoplast.com\/wp-content\/uploads\/karriere-betriebsschlosser-300x171.jpg 300w, https:\/\/certoplast.com\/wp-content\/uploads\/karriere-betriebsschlosser-1024x584.jpg 1024w, https:\/\/certoplast.com\/wp-content\/uploads\/karriere-betriebsschlosser-768x438.jpg 768w, https:\/\/certoplast.com\/wp-content\/uploads\/karriere-betriebsschlosser-1536x875.jpg 1536w, https:\/\/certoplast.com\/wp-content\/uploads\/karriere-betriebsschlosser-800x455.jpg 800w, https:\/\/certoplast.com\/wp-content\/uploads\/karriere-betriebsschlosser.jpg 1860w\" sizes=\"auto, (max-width: 1000px) 100vw, 1000px\" \/><\/div>\t\t\t\t<div class=\"card-content\">\n\t\t\t\t\t<div class=\"card-inner\">\n\t\t\t\t\t\t<h2 class=\"headline is-h2\">End\u00fcstriyel tesisat\u00e7\u0131 \/ mekatronik teknisyeni<\/h2>\t\t\t\t\t<\/div>\n\n\t\t\t\t\t<div class=\"card-action\"><a class=\"gb-button\" href=\"https:\/\/certoplast.com\/tr\/karriere\/stellenangebote\/endustriyel-tesisatci-mekatronik-teknisyeni\/\">Daha fazla bilgi edinin<\/a><\/div>\t\t\t\t<\/div>\n\t\t\t<\/div>\n\t\t\t\t\t\t\t\t\t\t<\/div>\n\t\t\t\t\t\t\t\t\t\t\t\t\t\t\t<div class=\"grid-item\">\n\t\t\t\t\t\t\t\t\t \n\t\t\t<div class=\"card card-job card-job-6699\">\n\t\t\t\t<div class=\"card-media\"><img loading=\"lazy\" decoding=\"async\" width=\"1000\" height=\"570\" src=\"https:\/\/certoplast.com\/wp-content\/uploads\/karriere-betriebselektriker-1000x570.jpg\" class=\"attachment-job_thumb size-job_thumb\" alt=\"\" srcset=\"https:\/\/certoplast.com\/wp-content\/uploads\/karriere-betriebselektriker-1000x570.jpg 1000w, https:\/\/certoplast.com\/wp-content\/uploads\/karriere-betriebselektriker-300x171.jpg 300w, https:\/\/certoplast.com\/wp-content\/uploads\/karriere-betriebselektriker-1024x584.jpg 1024w, https:\/\/certoplast.com\/wp-content\/uploads\/karriere-betriebselektriker-768x438.jpg 768w, https:\/\/certoplast.com\/wp-content\/uploads\/karriere-betriebselektriker-1536x875.jpg 1536w, https:\/\/certoplast.com\/wp-content\/uploads\/karriere-betriebselektriker-800x455.jpg 800w, https:\/\/certoplast.com\/wp-content\/uploads\/karriere-betriebselektriker.jpg 1860w\" sizes=\"auto, (max-width: 1000px) 100vw, 1000px\" \/><\/div>\t\t\t\t<div class=\"card-content\">\n\t\t\t\t\t<div class=\"card-inner\">\n\t\t\t\t\t\t<h2 class=\"headline is-h2\">End\u00fcstriyel elektrik\u00e7i \/ end\u00fcstri m\u00fchendisli\u011fi i\u00e7in elektrik\u00e7i<\/h2>\t\t\t\t\t<\/div>\n\n\t\t\t\t\t<div class=\"card-action\"><a class=\"gb-button\" href=\"https:\/\/certoplast.com\/tr\/karriere\/stellenangebote\/endustriyel-elektrikci-endustri-muhendisligi-icin-elektrikci\/\">Daha fazla bilgi edinin<\/a><\/div>\t\t\t\t<\/div>\n\t\t\t<\/div>\n\t\t\t\t\t\t\t\t\t\t<\/div>\n\t\t\t\t\t\t\t\t\t\t\t\t\t\t\t<div class=\"grid-item\">\n\t\t\t\t\t\t\t\t\t \n\t\t\t<div class=\"card card-job card-job-6840\">\n\t\t\t\t<div class=\"card-media\"><img loading=\"lazy\" decoding=\"async\" width=\"1000\" height=\"570\" src=\"https:\/\/certoplast.com\/wp-content\/uploads\/karriere_initiativbewerbung.jpg\" class=\"attachment-job_thumb size-job_thumb\" alt=\"\" srcset=\"https:\/\/certoplast.com\/wp-content\/uploads\/karriere_initiativbewerbung.jpg 1000w, https:\/\/certoplast.com\/wp-content\/uploads\/karriere_initiativbewerbung-300x171.jpg 300w, https:\/\/certoplast.com\/wp-content\/uploads\/karriere_initiativbewerbung-768x438.jpg 768w, https:\/\/certoplast.com\/wp-content\/uploads\/karriere_initiativbewerbung-800x455.jpg 800w\" sizes=\"auto, (max-width: 1000px) 100vw, 1000px\" \/><\/div>\t\t\t\t<div class=\"card-content\">\n\t\t\t\t\t<div class=\"card-inner\">\n\t\t\t\t\t\t<h2 class=\"headline is-h2\">Talep edilmemi\u015f ba\u015fvuru<\/h2>\t\t\t\t\t<\/div>\n\n\t\t\t\t\t<div class=\"card-action\"><a class=\"gb-button\" href=\"https:\/\/certoplast.com\/tr\/karriere\/stellenangebote\/talep-edilmemis-basvuru\/\">Daha fazla bilgi edinin<\/a><\/div>\t\t\t\t<\/div>\n\t\t\t<\/div>\n\t\t\t\t\t\t\t\t\t\t<\/div>\n\t\t\t\t\t\t\t\t\t\t\t\t\t<\/div>\n\t\t\t\t\t<\/div>\n\t\t\t\t            <\/div>\n\t\t\t\n\t\t\t\t\t\t\t\n\t\t\t\n            <!-- end:grid -->\n        \n            \n<\/div>\n<\/div>\n\n<div class=\"gb-container gb-container-94bb2f88 gb-container-gray\">\n<div class=\"gb-container gb-container-b615b422\">\n\t\t\t\t<div id=\"kontakt\" class=\"contact-form is-style-address gb-grid-wrapper \" >\n\n\t\t\t\t\t\t\t\t\t\t\t<div class=\"contact-form-head gb-grid-column\" style=\"width: 100%;\">\n\t\t\t\t\t\t\t<div class=\"wp-block-pixel-headline headlines is-subheadline-bottom is-h1 has-text-align-left\">\n\t\t\t\t\t\t\t\t<span class=\"subheadline\">Hedefler, planlar, sorular, dilekler<\/span>\n                                <h2 class=\"headline is-h1\"><strong>Bizimle<\/strong> ileti\u015fime ge\u00e7in<\/h2>\n\t\t\t\t\t\t\t<\/div>\n\t\t\t\t\t\t\t\t\t\t\t\t\t<\/div>\n\t\t\t\t\t\n\t\t\t\t\t\t\t\t\t\t\t<address class=\"address address-certoplast contact-form-side gb-grid-column\">\n                            <div class=\"address-logo\"><img loading=\"lazy\" decoding=\"async\" src=\"\/wp-content\/uploads\/certoplast-technik-die-klebt.svg\" width=\"270\" height=\"63\"><\/div>\n\t\t\t\t\t\t\t<div class=\"address-head\">\n\t\t\t\t\t\t\t\t<span class=\"address-line address-name\">certoplast Technische<br>Klebeb\u00e4nder GmbH<\/span>\n\t\t\t\t\t\t\t<\/div>\n\t\t\t\t\t\t\t<div class=\"address-location\">\n\t\t\t\t\t\t\t\t<span class=\"address-line address-street\">M\u00fcngstener Stra\u00dfe 10<\/span>\n\t\t\t\t\t\t\t\t<span class=\"address-line address-city address-city\">42285 Wuppertal<\/span>\n\t\t\t\t\t\t\t\t<span class=\"address-line address-country\">Almanya<\/span>\n\t\t\t\t\t\t\t<\/div>\n\t\t\t\t\t\t\t<div class=\"address-contact\">\n\t\t\t\t\t\t\t\t<span class=\"address-line address-phone\"><a href=\"tel:+49202255480\">+49 202 255 48-0<\/a><\/span>\n\t\t\t\t\t\t\t\t<!-- <span class=\"address-line address-mail\"><a href=\"mailto:bewerbung@certoplast.com\">bewerbung@certoplast.com<\/a><\/span> -->\n\t\t\t\t\t\t\t<\/div>\n                            <div class=\"address-website\">\n                                <span class=\"address-line address-website\"><a href=\"https:\/\/www.certoplast.de\">www.certoplast.de<\/a><\/span>\n\t\t\t\t\t\t\t\t<a href='mailto:&#105;&#110;fo&#064;&#099;&#101;r&#116;&#111;plast&#046;&#099;om' target='' rel=''>&#105;&#110;fo&#064;&#099;&#101;r&#116;&#111;plast&#046;&#099;om<\/a>                            <\/div>\n                            <div class=\"address-map-button\">\n                                <a class=\"gb-button is-style-map-marker\" href=\"https:\/\/goo.gl\/maps\/hXdRhoJbmHaEM5DD7\" target=\"_blank\">Google Maps<\/a>\n                            <\/div>\n\t\t\t\t\t\t<\/address>\n\t\t\t\t\t\n\t\t\t\t\t<div class=\"contact-form-main gb-grid-column\">\n\t\t\t\t\t\t\n<div class=\"wpcf7 no-js\" id=\"wpcf7-f5752-o1\" lang=\"tr-TR\" dir=\"ltr\" data-wpcf7-id=\"5752\">\n<div class=\"screen-reader-response\"><p role=\"status\" aria-live=\"polite\" aria-atomic=\"true\"><\/p> <ul><\/ul><\/div>\n<form action=\"\/tr\/wp-json\/wp\/v2\/pages\/5524#wpcf7-f5752-o1\" method=\"post\" class=\"wpcf7-form init\" aria-label=\"\u0130leti\u015fim Formu\" novalidate=\"novalidate\" data-status=\"init\">\n<div style=\"display: none;\">\n<input type=\"hidden\" name=\"_wpcf7\" value=\"5752\" \/>\n<input type=\"hidden\" name=\"_wpcf7_version\" value=\"6.0.6\" \/>\n<input type=\"hidden\" name=\"_wpcf7_locale\" value=\"tr_TR\" \/>\n<input type=\"hidden\" name=\"_wpcf7_unit_tag\" value=\"wpcf7-f5752-o1\" \/>\n<input type=\"hidden\" name=\"_wpcf7_container_post\" value=\"0\" \/>\n<input type=\"hidden\" name=\"_wpcf7_posted_data_hash\" value=\"\" \/>\n<\/div>\n<div class=\"form-fields columns-3\">\n<div class=\"form-field\"><span class=\"wpcf7-form-control-wrap\" data-name=\"firstname\"><input size=\"40\" maxlength=\"400\" class=\"wpcf7-form-control wpcf7-text wpcf7-validates-as-required\" id=\"form-firstname\" autocomplete=\"firstname\" aria-required=\"true\" aria-invalid=\"false\" placeholder=\"\u0130lk isim*\" value=\"\" type=\"text\" name=\"firstname\" \/><\/span><\/div>\n<div class=\"form-field\"><span class=\"wpcf7-form-control-wrap\" data-name=\"lastname\"><input size=\"40\" maxlength=\"400\" class=\"wpcf7-form-control wpcf7-text wpcf7-validates-as-required\" id=\"form-lastname\" autocomplete=\"lastname\" aria-required=\"true\" aria-invalid=\"false\" placeholder=\"Soyad\u0131*\" value=\"\" type=\"text\" name=\"lastname\" \/><\/span><\/div>\n<div class=\"form-field\"><span class=\"wpcf7-form-control-wrap\" data-name=\"position\"><input size=\"40\" maxlength=\"400\" class=\"wpcf7-form-control wpcf7-text\" id=\"form-position\" autocomplete=\"position\" aria-invalid=\"false\" placeholder=\"Pozisyon\" value=\"\" type=\"text\" name=\"position\" \/><\/span><\/div>\n<div class=\"form-field\"><span class=\"wpcf7-form-control-wrap\" data-name=\"organization\"><input size=\"40\" maxlength=\"400\" class=\"wpcf7-form-control wpcf7-text\" id=\"form-organization\" autocomplete=\"organization\" aria-invalid=\"false\" placeholder=\"\u015eirket\" value=\"\" type=\"text\" name=\"organization\" \/><\/span><\/div>\n<div class=\"form-field\"><span class=\"wpcf7-form-control-wrap\" data-name=\"phone\"><input size=\"40\" maxlength=\"400\" class=\"wpcf7-form-control wpcf7-text\" id=\"form-phone\" autocomplete=\"phone\" aria-invalid=\"false\" placeholder=\"Telefon\" value=\"\" type=\"text\" name=\"phone\" \/><\/span><\/div>\n<div class=\"form-field\"><span class=\"wpcf7-form-control-wrap\" data-name=\"email\"><input size=\"40\" maxlength=\"400\" class=\"wpcf7-form-control wpcf7-email wpcf7-validates-as-required wpcf7-text wpcf7-validates-as-email\" id=\"form-email\" autocomplete=\"email\" aria-required=\"true\" aria-invalid=\"false\" placeholder=\"Email*\" value=\"\" type=\"email\" name=\"email\" \/><\/span><\/div>\n<\/div>\n<div class=\"form-field full\"><span class=\"wpcf7-form-control-wrap\" data-name=\"message\"><textarea cols=\"40\" rows=\"10\" maxlength=\"2000\" class=\"wpcf7-form-control wpcf7-textarea wpcf7-validates-as-required\" id=\"form-message\" aria-required=\"true\" aria-invalid=\"false\" placeholder=\"Mesaj\u0131n\u0131z*\" name=\"message\"><\/textarea><\/span><\/div>\n<div class=\"form-field footer full\"><span class=\"wpcf7-form-control-wrap\" data-name=\"ds\"><span class=\"wpcf7-form-control wpcf7-acceptance\"><span class=\"wpcf7-list-item\"><label><input type=\"checkbox\" name=\"ds\" value=\"1\" aria-invalid=\"false\" \/><span class=\"wpcf7-list-item-label\"><a href=\"\/tr\/gizlilik-politikasi\/\" target=\"_blank\">gizlilik politikas\u0131n\u0131<\/a> kabul ediyorum<\/span><\/label><\/span><\/span><\/span>\n<button type=\"submit\" class=\"wpcf7-form-control wpcf7-submit gb-button\">G\u00f6nder<\/button><\/div><div class=\"wpcf7-response-output\" aria-hidden=\"true\"><\/div>\n<\/form>\n<\/div>\n\t\t\t\t\t<\/div> \n\t\t\n\t\t\t\t<\/div>\n\t\t\t\n<\/div>\n<\/div>","protected":false},"excerpt":{"rendered":"","protected":false},"author":1,"featured_media":0,"parent":0,"menu_order":6,"comment_status":"closed","ping_status":"closed","template":"","meta":{"_acf_changed":false,"inline_featured_image":false,"footnotes":""},"class_list":["post-5524","page","type-page","status-publish"],"acf":[],"_links":{"self":[{"href":"https:\/\/certoplast.com\/tr\/wp-json\/wp\/v2\/pages\/5524","targetHints":{"allow":["GET"]}}],"collection":[{"href":"https:\/\/certoplast.com\/tr\/wp-json\/wp\/v2\/pages"}],"about":[{"href":"https:\/\/certoplast.com\/tr\/wp-json\/wp\/v2\/types\/page"}],"author":[{"embeddable":true,"href":"https:\/\/certoplast.com\/tr\/wp-json\/wp\/v2\/users\/1"}],"replies":[{"embeddable":true,"href":"https:\/\/certoplast.com\/tr\/wp-json\/wp\/v2\/comments?post=5524"}],"version-history":[{"count":2,"href":"https:\/\/certoplast.com\/tr\/wp-json\/wp\/v2\/pages\/5524\/revisions"}],"predecessor-version":[{"id":8982,"href":"https:\/\/certoplast.com\/tr\/wp-json\/wp\/v2\/pages\/5524\/revisions\/8982"}],"wp:attachment":[{"href":"https:\/\/certoplast.com\/tr\/wp-json\/wp\/v2\/media?parent=5524"}],"curies":[{"name":"wp","href":"https:\/\/api.w.org\/{rel}","templated":true}]}}