{"id":5538,"date":"2023-11-09T15:39:38","date_gmt":"2023-11-09T14:39:38","guid":{"rendered":"https:\/\/certoplast.com\/infopoint\/haberler\/"},"modified":"2025-04-07T11:21:59","modified_gmt":"2025-04-07T09:21:59","slug":"haberler","status":"publish","type":"page","link":"https:\/\/certoplast.com\/tr\/infopoint\/haberler\/","title":{"rendered":"Haberler"},"content":{"rendered":"\r\n\t\t\t       \r\n            \r\n            <div class=\"hero hero-84e7dc28 full\">\r\n\t\t\t\t\t\t\t\t<div class=\"acf-innerblocks-container\">\n\r\n\t\t\t       \r\n                    \r\n            <div class=\"hero-slide hero-slide-0dce9945 is-style-image\">\r\n\t\t\t\t<div class=\"hero-canvas\">\r\n\t\t\t\t\t<div class=\"hero-subheadline\">G\u00fcncel bilgiler<\/div>\t\t\t\t\t<h1 class=\"hero-headline\">Haberler<\/h1>\t\t\t\t<\/div>\r\n\t\t\t\t<div class=\"hero-media hero-media-image\"><img loading=\"lazy\" decoding=\"async\" width=\"1920\" height=\"519\" src=\"https:\/\/certoplast.com\/wp-content\/uploads\/certoplast-header-infopoint.jpg\" class=\"attachment-full size-full\" alt=\"\" srcset=\"https:\/\/certoplast.com\/wp-content\/uploads\/certoplast-header-infopoint.jpg 1920w, https:\/\/certoplast.com\/wp-content\/uploads\/certoplast-header-infopoint-300x81.jpg 300w, https:\/\/certoplast.com\/wp-content\/uploads\/certoplast-header-infopoint-1024x277.jpg 1024w, https:\/\/certoplast.com\/wp-content\/uploads\/certoplast-header-infopoint-768x208.jpg 768w, https:\/\/certoplast.com\/wp-content\/uploads\/certoplast-header-infopoint-1536x415.jpg 1536w\" sizes=\"auto, (max-width: 1920px) 100vw, 1920px\" \/><\/div>            <\/div>\r\n\t\t\t\t\r\n            \r\n\t\t\t\r\n        \r\n            \n<\/div>\r\n\t\t\t\t\t\t\t\t\r\n\t\t\t\t\t\t\t<\/div>\r\n\t\t\t\t\r\n\t\t\t\r\n\t\t\t        \r\n            <section class=\"gb-container gb-container-65bb36d5 gb-container-default\">\n<div class=\"gb-container gb-container-38c5919d\">\n<div class=\"gb-grid-wrapper gb-grid-wrapper-52375aca\">\n<div class=\"gb-grid-column gb-grid-column-52b2ce36\"><div class=\"gb-container gb-container-52b2ce36\">\n\n<div class=\"wp-block-pixel-headline headlines is-subheadline-bottom has-text-align-left\"><h1 class=\"headline\" style=\"color:\"><strong> Haberlerimiz<\/strong><\/h1><\/div>\n\n\n\n<p>Her zaman g\u00fcncel: Burada sizi g\u00fcncel geli\u015fmeler ve yeni \u00fcr\u00fcnler hakk\u0131nda bilgilendiriyoruz.<\/p>\n\n<\/div><\/div>\n\n<div class=\"gb-grid-column gb-grid-column-57c7c1b7\"><div class=\"gb-container gb-container-57c7c1b7\" data-aos=\"fade-up\" data-aos-delay=\"250\">\n\n\t\t\t\t\t\t\n\t\t\t\n\n\t\t\t\n            <div class=\"grid grid-c5404f55 grid-post grid-columns-2\">\n\t\t\t\n\t\t\t\t\t\t\t\t\t\t\t\t\t\t\t\t\t<div class=\"grid-group grid-group-0\">\n\t\t\t\t\t\t\t\t\t\t\t\t<div class=\"grid-inner \">\n\t\t\t\t\t\t\t\t\t\t\t\t\t\t\t<div class=\"grid-item\">\n\t\t\t\t\t\t\t\t\t \n\t\t\t<div class=\"card card-post card-post-5730\">\n\t\t\t\t<div class=\"card-media\"><img loading=\"lazy\" decoding=\"async\" width=\"800\" height=\"800\" src=\"https:\/\/certoplast.com\/wp-content\/uploads\/was-unsere-welt-zusammenhaelt.jpg\" class=\"attachment-square size-square\" alt=\"\" srcset=\"https:\/\/certoplast.com\/wp-content\/uploads\/was-unsere-welt-zusammenhaelt.jpg 800w, https:\/\/certoplast.com\/wp-content\/uploads\/was-unsere-welt-zusammenhaelt-300x300.jpg 300w, https:\/\/certoplast.com\/wp-content\/uploads\/was-unsere-welt-zusammenhaelt-150x150.jpg 150w, https:\/\/certoplast.com\/wp-content\/uploads\/was-unsere-welt-zusammenhaelt-768x768.jpg 768w\" sizes=\"auto, (max-width: 800px) 100vw, 800px\" \/><\/div>\t\t\t\t<div class=\"card-content\">\n\t\t\t\t\t<div class=\"card-inner\">\n\t\t\t\t\t\t<span class=\"card-headline headline is-h3\">D\u00fcnyam\u0131z\u0131 bir arada tutan \u015fey<\/span><div class=\"card-copy\">Yap\u0131\u015ft\u0131r\u0131c\u0131lar ve s\u0131zd\u0131rmazl\u0131k \u00fcr\u00fcnleri d\u00fcnyam\u0131z\u0131 bir arada tutan gizli g\u00fc\u00e7t\u00fcr. Industrieverband Klebstoffe e.V.&#8217;nin yap\u0131\u015ft\u0131r\u0131c\u0131lar ve s\u0131zd\u0131rmazl\u0131k malzemeleri g\u00f6r\u00fcnt\u00fc filmini \u015fimdi ke\u015ffedin. <\/div>\t\t\t\t\t<\/div>\n\n\t\t\t\t\t<div class=\"card-action\"><div class=\"gb-buttons\"><a class=\"gb-button gb-button-blau-gradient\" href=\"https:\/\/certoplast.com\/tr\/aktuelles\/duenyamizi-bir-arada-tutan-sey\/\">Daha fazla bilgi edinin<\/a><\/div><\/div>\t\t\t\t<\/div>\n\t\t\t<\/div>\n\t\t\t\t\t\t\t\t\t\t<\/div>\n\t\t\t\t\t\t\t\t\t\t\t\t\t<\/div>\n\t\t\t\t\t<\/div>\n\t\t\t\t            <\/div>\n\t\t\t\n\t\t\t\t\t\t\t\n\t\t\t\n            <!-- end:grid -->\n        \n            \n<\/div><\/div>\n<\/div>\n<\/div>\n<\/section><section class=\"gb-container gb-container-59e08ff4 gb-container-default\" id=\"feed-linkedin\">\n<div class=\"gb-container gb-container-4c1d930b\">\n\n<div class=\"wp-block-pixel-headline headlines is-subheadline-bottom has-text-align-left\"><h2 class=\"headline is-h2\" style=\"color:var(--color-brand)\"><mark style=\"background-color:rgba(0, 0, 0, 0)\" class=\"has-inline-color has-color-text-color\">Biz<\/mark> LinkedIn&#8217;deyiz<\/h2><\/div>\n\n<\/div>\n\n<div class=\"gb-container gb-container-ce4a494b\">\n<div class=\"juicer-feed\" data-feed-id=\"certoplast-8b7db918-e2dd-4343-8575-735d6b1398c2\"><\/div>\n\n<\/div>\n<\/section>","protected":false},"excerpt":{"rendered":"","protected":false},"author":1,"featured_media":0,"parent":5191,"menu_order":0,"comment_status":"closed","ping_status":"closed","template":"","meta":{"_acf_changed":false,"inline_featured_image":false,"footnotes":""},"class_list":["post-5538","page","type-page","status-publish"],"acf":[],"_links":{"self":[{"href":"https:\/\/certoplast.com\/tr\/wp-json\/wp\/v2\/pages\/5538","targetHints":{"allow":["GET"]}}],"collection":[{"href":"https:\/\/certoplast.com\/tr\/wp-json\/wp\/v2\/pages"}],"about":[{"href":"https:\/\/certoplast.com\/tr\/wp-json\/wp\/v2\/types\/page"}],"author":[{"embeddable":true,"href":"https:\/\/certoplast.com\/tr\/wp-json\/wp\/v2\/users\/1"}],"replies":[{"embeddable":true,"href":"https:\/\/certoplast.com\/tr\/wp-json\/wp\/v2\/comments?post=5538"}],"version-history":[{"count":1,"href":"https:\/\/certoplast.com\/tr\/wp-json\/wp\/v2\/pages\/5538\/revisions"}],"predecessor-version":[{"id":5539,"href":"https:\/\/certoplast.com\/tr\/wp-json\/wp\/v2\/pages\/5538\/revisions\/5539"}],"up":[{"embeddable":true,"href":"https:\/\/certoplast.com\/tr\/wp-json\/wp\/v2\/pages\/5191"}],"wp:attachment":[{"href":"https:\/\/certoplast.com\/tr\/wp-json\/wp\/v2\/media?parent=5538"}],"curies":[{"name":"wp","href":"https:\/\/api.w.org\/{rel}","templated":true}]}}