{"id":5549,"date":"2023-11-09T15:43:06","date_gmt":"2023-11-09T14:43:06","guid":{"rendered":"https:\/\/certoplast.com\/infopoint\/ueruen-veri-sayfalari-ve-sertifikalar\/"},"modified":"2025-04-15T12:49:14","modified_gmt":"2025-04-15T10:49:14","slug":"ueruen-veri-sayfalari-ve-sertifikalar","status":"publish","type":"page","link":"https:\/\/certoplast.com\/tr\/infopoint\/ueruen-veri-sayfalari-ve-sertifikalar\/","title":{"rendered":"\u00dcr\u00fcn veri sayfalar\u0131 ve sertifikalar"},"content":{"rendered":"\r\n\t\t\t       \r\n            \r\n            <div class=\"hero hero-20bb4c09 full\">\r\n\t\t\t\t\t\t\t\t<div class=\"acf-innerblocks-container\">\n\r\n\t\t\t       \r\n                    \r\n            <div class=\"hero-slide hero-slide-8c046131 is-style-image\">\r\n\t\t\t\t<div class=\"hero-canvas\">\r\n\t\t\t\t\t<div class=\"hero-subheadline\">\u0130ndirmek i\u00e7in<\/div>\t\t\t\t\t<h1 class=\"hero-headline\">\u00dcr\u00fcn veri sayfalar\u0131 ve sertifikalar<\/h1>\t\t\t\t<\/div>\r\n\t\t\t\t<div class=\"hero-media hero-media-image\"><img loading=\"lazy\" decoding=\"async\" width=\"1920\" height=\"519\" src=\"https:\/\/certoplast.com\/wp-content\/uploads\/certoplast-header-infopoint.jpg\" class=\"attachment-full size-full\" alt=\"\" srcset=\"https:\/\/certoplast.com\/wp-content\/uploads\/certoplast-header-infopoint.jpg 1920w, https:\/\/certoplast.com\/wp-content\/uploads\/certoplast-header-infopoint-300x81.jpg 300w, https:\/\/certoplast.com\/wp-content\/uploads\/certoplast-header-infopoint-1024x277.jpg 1024w, https:\/\/certoplast.com\/wp-content\/uploads\/certoplast-header-infopoint-768x208.jpg 768w, https:\/\/certoplast.com\/wp-content\/uploads\/certoplast-header-infopoint-1536x415.jpg 1536w\" sizes=\"auto, (max-width: 1920px) 100vw, 1920px\" \/><\/div>            <\/div>\r\n\t\t\t\t\r\n            \r\n\t\t\t\r\n        \r\n            \n<\/div>\r\n\t\t\t\t\t\t\t\t\r\n\t\t\t\t\t\t\t<\/div>\r\n\t\t\t\t\r\n\t\t\t\r\n\t\t\t        \r\n            \n\n<section class=\"gb-container gb-container-736f71a6 gb-container-default\">\n<div class=\"gb-container gb-container-cdcb8a2a\">\n<div class=\"gb-grid-wrapper gb-grid-wrapper-cbe85829\">\n<div class=\"gb-grid-column gb-grid-column-968ea742\"><div class=\"gb-container gb-container-968ea742\">\n\n<div class=\"wp-block-pixel-headline headlines is-subheadline-bottom has-text-align-left\"><h1 class=\"headline\" style=\"color:\"><strong>Sertifikalar\u0131m\u0131z<\/strong><\/h1><\/div>\n\n\n\n<p class=\"has-color-brand-color has-text-color has-medium-font-size\"><strong>T\u00dcV sertifikalar\u0131<\/strong><\/p>\n\n<\/div><\/div>\n\n<div class=\"gb-grid-column gb-grid-column-0031787c\"><div class=\"gb-container gb-container-0031787c\" data-aos=\"fade-up\" data-aos-delay=\"250\">\n<div class=\"gb-container gb-container-82ffeea4\">\n\n<figure class=\"wp-block-image size-full is-resized\"><a href=\"\/wp-content\/uploads\/Pruefzeugnis_603.pdf\" target=\"_blank\" rel=\"noreferrer noopener\"><img loading=\"lazy\" decoding=\"async\" width=\"720\" height=\"500\" src=\"https:\/\/certoplast.com\/wp-content\/uploads\/zertifikat_pruefzeugnis.jpg\" alt=\"\" class=\"wp-image-2758\" srcset=\"https:\/\/certoplast.com\/wp-content\/uploads\/zertifikat_pruefzeugnis.jpg 720w, https:\/\/certoplast.com\/wp-content\/uploads\/zertifikat_pruefzeugnis-300x208.jpg 300w\" sizes=\"auto, (max-width: 720px) 100vw, 720px\" \/><\/a><\/figure>\n\n\n\n<p><a href=\"\/wp-content\/uploads\/Pruefzeugnis_603.pdf\" target=\"_blank\" rel=\"noreferrer noopener\">Test sertifikas\u0131 603 (PDF, 975 kB)<\/a><\/p>\n\n<\/div>\n<\/div><\/div>\n\n<div class=\"gb-grid-column gb-grid-column-c2c99cce\"><div class=\"gb-container gb-container-c2c99cce\" data-aos=\"fade-up\" data-aos-delay=\"500\">\n<div class=\"gb-container gb-container-c19c2b31\">\n\n<figure class=\"wp-block-image size-full\"><a href=\"\/wp-content\/uploads\/uebereinsimmungszert_603.pdf\" target=\"_blank\" rel=\"noreferrer noopener\"><img loading=\"lazy\" decoding=\"async\" width=\"720\" height=\"500\" src=\"https:\/\/certoplast.com\/wp-content\/uploads\/zertifikat_uebereinstimmungszertifikat_603.jpg\" alt=\"\" class=\"wp-image-2760\" srcset=\"https:\/\/certoplast.com\/wp-content\/uploads\/zertifikat_uebereinstimmungszertifikat_603.jpg 720w, https:\/\/certoplast.com\/wp-content\/uploads\/zertifikat_uebereinstimmungszertifikat_603-300x208.jpg 300w\" sizes=\"auto, (max-width: 720px) 100vw, 720px\" \/><\/a><\/figure>\n\n\n\n<p><a href=\"\/wp-content\/uploads\/uebereinsimmungszert_603.pdf\" target=\"_blank\" rel=\"noreferrer noopener\">Uygunluk Sertifikas\u0131 603 (PDF, 336 kB)<\/a><\/p>\n\n<\/div>\n<\/div><\/div>\n\n<div class=\"gb-grid-column gb-grid-column-c0ac47e8\"><div class=\"gb-container gb-container-c0ac47e8\" data-aos=\"fade-up\" data-aos-delay=\"750\">\n<div class=\"gb-container gb-container-01bb38bd\">\n\n<figure class=\"wp-block-image size-full\"><a href=\"\/wp-content\/uploads\/uebereinsimmungszert_730.pdf\" target=\"_blank\" rel=\"noreferrer noopener\"><img loading=\"lazy\" decoding=\"async\" width=\"720\" height=\"500\" src=\"https:\/\/certoplast.com\/wp-content\/uploads\/zertifikat_uebereinstimmungszertifikat_730.jpg\" alt=\"\" class=\"wp-image-2761\" srcset=\"https:\/\/certoplast.com\/wp-content\/uploads\/zertifikat_uebereinstimmungszertifikat_730.jpg 720w, https:\/\/certoplast.com\/wp-content\/uploads\/zertifikat_uebereinstimmungszertifikat_730-300x208.jpg 300w\" sizes=\"auto, (max-width: 720px) 100vw, 720px\" \/><\/a><\/figure>\n\n\n\n<p><a href=\"\/wp-content\/uploads\/uebereinsimmungszert_730.pdf\" target=\"_blank\" rel=\"noreferrer noopener\">Uygunluk Sertifikas\u0131 730 (PDF, 354 kB)<\/a><\/p>\n\n<\/div>\n<\/div><\/div>\n<\/div>\n<\/div>\n<\/section>\n\n<section class=\"gb-container gb-container-09494631 gb-container-gray\">\n<div class=\"gb-container gb-container-ec9ccb62\">\n<div class=\"gb-grid-wrapper gb-grid-wrapper-5f290780\">\n<div class=\"gb-grid-column gb-grid-column-231d2ddb\"><div class=\"gb-container gb-container-231d2ddb\">\n\n<p class=\"has-color-brand-color has-text-color has-medium-font-size\"><strong>Y\u00f6netim sistemi sertifikalar\u0131<\/strong><\/p>\n\n<\/div><\/div>\n\n<div class=\"gb-grid-column gb-grid-column-68874ab6\"><div class=\"gb-container gb-container-68874ab6\" data-aos=\"fade-up\" data-aos-delay=\"250\">\n<div class=\"gb-container gb-container-d254f60e\"><a class=\"gb-container-link\" href=\"https:\/\/certoplast.com\/wp-content\/uploads\/certoplast_IATF_de.pdf\"><\/a>\n\n<figure class=\"wp-block-image size-large\"><a href=\"\/wp-content\/uploads\/442197-IATF16-2021-05-05-Deutsch.pdf\" target=\"_blank\" rel=\"noreferrer noopener\"><img decoding=\"async\" src=\"https:\/\/certoplast.com\/wp-content\/uploads\/certoplast_IATF_de\" alt=\"\"\/><\/a><\/figure>\n\n\n\n<p><a href=\"\/wp-content\/uploads\/442197-IATF16-2021-05-05-Deutsch.pdf\" target=\"_blank\" rel=\"noreferrer noopener\">IATF 16949 (PDF, 617 kB)<\/a><\/p>\n\n<\/div>\n<\/div><\/div>\n\n<div class=\"gb-grid-column gb-grid-column-f517a0ca\"><div class=\"gb-container gb-container-f517a0ca\" data-aos=\"fade-up\" data-aos-delay=\"500\">\n<div class=\"gb-container gb-container-c5bade2c\"><a class=\"gb-container-link\" href=\"https:\/\/certoplast.com\/wp-content\/uploads\/certoplast_quacert_de.pdf\"><\/a>\n\n<figure class=\"wp-block-image size-full\"><img loading=\"lazy\" decoding=\"async\" width=\"720\" height=\"500\" src=\"https:\/\/certoplast.com\/wp-content\/uploads\/certoplast_quacert_de.jpg\" alt=\"\" class=\"wp-image-3648\" srcset=\"https:\/\/certoplast.com\/wp-content\/uploads\/certoplast_quacert_de.jpg 720w, https:\/\/certoplast.com\/wp-content\/uploads\/certoplast_quacert_de-300x208.jpg 300w\" sizes=\"auto, (max-width: 720px) 100vw, 720px\" \/><\/figure>\n\n\n\n<p><a href=\"\/wp-content\/uploads\/2020_11_03_Zertifikat_certoplast_UM_deutsch.pdf\" target=\"_blank\" rel=\"noreferrer noopener\">ISO 14001 (PDF, 151 kB)<\/a><\/p>\n\n<\/div>\n<\/div><\/div>\n\n<div class=\"gb-grid-column gb-grid-column-49d5e69a\"><div class=\"gb-container gb-container-49d5e69a\" data-aos=\"fade-up\" data-aos-delay=\"750\">\n<div class=\"gb-container gb-container-74ed49c8\"><a class=\"gb-container-link\" href=\"https:\/\/certoplast.com\/wp-content\/uploads\/certoplast_ISO50001_de.pdf\"><\/a>\n\n<figure class=\"wp-block-image size-large\"><a href=\"\/wp-content\/uploads\/2020_12_16_Zertifikat_certoplast_EnM_deutsch.pdf\" target=\"_blank\" rel=\"noreferrer noopener\"><img decoding=\"async\" src=\"https:\/\/certoplast.com\/wp-content\/uploads\/certoplast_ISO50001_de.jpg\" alt=\"\"\/><\/a><\/figure>\n\n\n\n<p><a href=\"\/wp-content\/uploads\/2020_12_16_Zertifikat_certoplast_EnM_deutsch.pdf\" data-type=\"URL\" data-id=\"\/wp-content\/uploads\/2020_12_16_Zertifikat_certoplast_EnM_deutsch.pdf\">ISO 50001 (PDF, 152 kB)<\/a><\/p>\n\n<\/div>\n<\/div><\/div>\n<\/div>\n<\/div>\n<\/section>\n\n<div class=\"gb-container gb-container-94bb2f88 gb-container-default\">\n<div class=\"gb-container gb-container-b615b422\" data-aos=\"fade-right\" data-aos-delay=\"250\">\n\t\t\t\t<div id=\"kontakt\" class=\"contact-form is-style-address gb-grid-wrapper \" >\n\n\t\t\t\t\t\t\t\t\t\t\t<div class=\"contact-form-head gb-grid-column\" style=\"width: 100%;\">\n\t\t\t\t\t\t\t<div class=\"wp-block-pixel-headline headlines is-subheadline-bottom is-h1 has-text-align-left\">\n\t\t\t\t\t\t\t\t<span class=\"subheadline\">\u015eimdi Sorgula<\/span>\n                                <h2 class=\"headline is-h1\">Di\u011fer <strong>veri sayfalar\u0131 ve OEM onaylar\u0131<\/strong><\/h2>\n\t\t\t\t\t\t\t<\/div>\n\t\t\t\t\t\t\t\t\t\t\t\t\t\t\t<p>\u00dcr\u00fcnlerimiz hakk\u0131nda ayr\u0131nt\u0131l\u0131 bilgiye mi ihtiyac\u0131n\u0131z var veya otomotiv sekt\u00f6r\u00fcne y\u00f6nelik t\u00fcm \u00fcr\u00fcnler i\u00e7in mevcut OEM onaylar\u0131 hakk\u0131nda bilgi mi talep etmek istiyorsunuz? O halde l\u00fctfen bizimle ileti\u015fime ge\u00e7mekten \u00e7ekinmeyin. L\u00fctfen ileti\u015fim bilgilerinizi belirterek talebinizi bize g\u00f6nderin.  <\/p>\n\t\t\t\t\t\t\t\t\t\t\t\t\t<\/div>\n\t\t\t\t\t\n\t\t\t\t\t\t\t\t\t\t\t<address class=\"address address-certoplast contact-form-side gb-grid-column\">\n                            <div class=\"address-logo\"><img loading=\"lazy\" decoding=\"async\" src=\"\/wp-content\/uploads\/certoplast-technik-die-klebt.svg\" width=\"270\" height=\"63\"><\/div>\n\t\t\t\t\t\t\t<div class=\"address-head\">\n\t\t\t\t\t\t\t\t<span class=\"address-line address-name\">certoplast Technische<br>Klebeb\u00e4nder GmbH<\/span>\n\t\t\t\t\t\t\t<\/div>\n\t\t\t\t\t\t\t<div class=\"address-location\">\n\t\t\t\t\t\t\t\t<span class=\"address-line address-street\">M\u00fcngstener Stra\u00dfe 10<\/span>\n\t\t\t\t\t\t\t\t<span class=\"address-line address-city address-city\">42285 Wuppertal<\/span>\n\t\t\t\t\t\t\t\t<span class=\"address-line address-country\">Almanya<\/span>\n\t\t\t\t\t\t\t<\/div>\n\t\t\t\t\t\t\t<div class=\"address-contact\">\n\t\t\t\t\t\t\t\t<span class=\"address-line address-phone\"><a href=\"tel:+49202255480\">+49 202 255 48-0<\/a><\/span>\n\t\t\t\t\t\t\t\t<!-- <span class=\"address-line address-mail\"><a href=\"mailto:bewerbung@certoplast.com\">bewerbung@certoplast.com<\/a><\/span> -->\n\t\t\t\t\t\t\t<\/div>\n                            <div class=\"address-website\">\n                                <span class=\"address-line address-website\"><a href=\"https:\/\/www.certoplast.de\">www.certoplast.de<\/a><\/span>\n\t\t\t\t\t\t\t\t<a href='mailto:i&#110;fo&#064;&#099;ertoplas&#116;&#046;c&#111;&#109;' target='' rel=''>i&#110;fo&#064;&#099;ertoplas&#116;&#046;c&#111;&#109;<\/a>                            <\/div>\n                            <div class=\"address-map-button\">\n                                <a class=\"gb-button is-style-map-marker\" href=\"https:\/\/goo.gl\/maps\/hXdRhoJbmHaEM5DD7\" target=\"_blank\">Google Maps<\/a>\n                            <\/div>\n\t\t\t\t\t\t<\/address>\n\t\t\t\t\t\n\t\t\t\t\t<div class=\"contact-form-main gb-grid-column\">\n\t\t\t\t\t\t\n<div class=\"wpcf7 no-js\" id=\"wpcf7-f5752-o1\" lang=\"tr-TR\" dir=\"ltr\" data-wpcf7-id=\"5752\">\n<div class=\"screen-reader-response\"><p role=\"status\" aria-live=\"polite\" aria-atomic=\"true\"><\/p> <ul><\/ul><\/div>\n<form action=\"\/tr\/wp-json\/wp\/v2\/pages\/5549#wpcf7-f5752-o1\" method=\"post\" class=\"wpcf7-form init\" aria-label=\"\u0130leti\u015fim Formu\" novalidate=\"novalidate\" data-status=\"init\">\n<div style=\"display: none;\">\n<input type=\"hidden\" name=\"_wpcf7\" value=\"5752\" \/>\n<input type=\"hidden\" name=\"_wpcf7_version\" value=\"6.0.6\" \/>\n<input type=\"hidden\" name=\"_wpcf7_locale\" value=\"tr_TR\" \/>\n<input type=\"hidden\" name=\"_wpcf7_unit_tag\" value=\"wpcf7-f5752-o1\" \/>\n<input type=\"hidden\" name=\"_wpcf7_container_post\" value=\"0\" \/>\n<input type=\"hidden\" name=\"_wpcf7_posted_data_hash\" value=\"\" \/>\n<\/div>\n<div class=\"form-fields columns-3\">\n<div class=\"form-field\"><span class=\"wpcf7-form-control-wrap\" data-name=\"firstname\"><input size=\"40\" maxlength=\"400\" class=\"wpcf7-form-control wpcf7-text wpcf7-validates-as-required\" id=\"form-firstname\" autocomplete=\"firstname\" aria-required=\"true\" aria-invalid=\"false\" placeholder=\"\u0130lk isim*\" value=\"\" type=\"text\" name=\"firstname\" \/><\/span><\/div>\n<div class=\"form-field\"><span class=\"wpcf7-form-control-wrap\" data-name=\"lastname\"><input size=\"40\" maxlength=\"400\" class=\"wpcf7-form-control wpcf7-text wpcf7-validates-as-required\" id=\"form-lastname\" autocomplete=\"lastname\" aria-required=\"true\" aria-invalid=\"false\" placeholder=\"Soyad\u0131*\" value=\"\" type=\"text\" name=\"lastname\" \/><\/span><\/div>\n<div class=\"form-field\"><span class=\"wpcf7-form-control-wrap\" data-name=\"position\"><input size=\"40\" maxlength=\"400\" class=\"wpcf7-form-control wpcf7-text\" id=\"form-position\" autocomplete=\"position\" aria-invalid=\"false\" placeholder=\"Pozisyon\" value=\"\" type=\"text\" name=\"position\" \/><\/span><\/div>\n<div class=\"form-field\"><span class=\"wpcf7-form-control-wrap\" data-name=\"organization\"><input size=\"40\" maxlength=\"400\" class=\"wpcf7-form-control wpcf7-text\" id=\"form-organization\" autocomplete=\"organization\" aria-invalid=\"false\" placeholder=\"\u015eirket\" value=\"\" type=\"text\" name=\"organization\" \/><\/span><\/div>\n<div class=\"form-field\"><span class=\"wpcf7-form-control-wrap\" data-name=\"phone\"><input size=\"40\" maxlength=\"400\" class=\"wpcf7-form-control wpcf7-text\" id=\"form-phone\" autocomplete=\"phone\" aria-invalid=\"false\" placeholder=\"Telefon\" value=\"\" type=\"text\" name=\"phone\" \/><\/span><\/div>\n<div class=\"form-field\"><span class=\"wpcf7-form-control-wrap\" data-name=\"email\"><input size=\"40\" maxlength=\"400\" class=\"wpcf7-form-control wpcf7-email wpcf7-validates-as-required wpcf7-text wpcf7-validates-as-email\" id=\"form-email\" autocomplete=\"email\" aria-required=\"true\" aria-invalid=\"false\" placeholder=\"Email*\" value=\"\" type=\"email\" name=\"email\" \/><\/span><\/div>\n<\/div>\n<div class=\"form-field full\"><span class=\"wpcf7-form-control-wrap\" data-name=\"message\"><textarea cols=\"40\" rows=\"10\" maxlength=\"2000\" class=\"wpcf7-form-control wpcf7-textarea wpcf7-validates-as-required\" id=\"form-message\" aria-required=\"true\" aria-invalid=\"false\" placeholder=\"Mesaj\u0131n\u0131z*\" name=\"message\"><\/textarea><\/span><\/div>\n<div class=\"form-field footer full\"><span class=\"wpcf7-form-control-wrap\" data-name=\"ds\"><span class=\"wpcf7-form-control wpcf7-acceptance\"><span class=\"wpcf7-list-item\"><label><input type=\"checkbox\" name=\"ds\" value=\"1\" aria-invalid=\"false\" \/><span class=\"wpcf7-list-item-label\"><a href=\"\/tr\/gizlilik-politikasi\/\" target=\"_blank\">gizlilik politikas\u0131n\u0131<\/a> kabul ediyorum<\/span><\/label><\/span><\/span><\/span>\n<button type=\"submit\" class=\"wpcf7-form-control wpcf7-submit gb-button\">G\u00f6nder<\/button><\/div><div class=\"wpcf7-response-output\" aria-hidden=\"true\"><\/div>\n<\/form>\n<\/div>\n\t\t\t\t\t<\/div> \n\t\t\n\t\t\t\t<\/div>\n\t\t\t\n<\/div>\n<\/div>","protected":false},"excerpt":{"rendered":"","protected":false},"author":1,"featured_media":0,"parent":5191,"menu_order":2,"comment_status":"closed","ping_status":"closed","template":"","meta":{"_acf_changed":false,"inline_featured_image":false,"footnotes":""},"class_list":["post-5549","page","type-page","status-publish"],"acf":[],"_links":{"self":[{"href":"https:\/\/certoplast.com\/tr\/wp-json\/wp\/v2\/pages\/5549","targetHints":{"allow":["GET"]}}],"collection":[{"href":"https:\/\/certoplast.com\/tr\/wp-json\/wp\/v2\/pages"}],"about":[{"href":"https:\/\/certoplast.com\/tr\/wp-json\/wp\/v2\/types\/page"}],"author":[{"embeddable":true,"href":"https:\/\/certoplast.com\/tr\/wp-json\/wp\/v2\/users\/1"}],"replies":[{"embeddable":true,"href":"https:\/\/certoplast.com\/tr\/wp-json\/wp\/v2\/comments?post=5549"}],"version-history":[{"count":3,"href":"https:\/\/certoplast.com\/tr\/wp-json\/wp\/v2\/pages\/5549\/revisions"}],"predecessor-version":[{"id":6903,"href":"https:\/\/certoplast.com\/tr\/wp-json\/wp\/v2\/pages\/5549\/revisions\/6903"}],"up":[{"embeddable":true,"href":"https:\/\/certoplast.com\/tr\/wp-json\/wp\/v2\/pages\/5191"}],"wp:attachment":[{"href":"https:\/\/certoplast.com\/tr\/wp-json\/wp\/v2\/media?parent=5549"}],"curies":[{"name":"wp","href":"https:\/\/api.w.org\/{rel}","templated":true}]}}