{"id":5648,"date":"2023-06-22T11:15:27","date_gmt":"2023-06-22T09:15:27","guid":{"rendered":"https:\/\/certoplast.com\/ev\/"},"modified":"2025-04-15T12:04:51","modified_gmt":"2025-04-15T10:04:51","slug":"ev","status":"publish","type":"page","link":"https:\/\/certoplast.com\/tr\/","title":{"rendered":"Ev"},"content":{"rendered":"\r\n\t\t\t       \r\n            \r\n            <div class=\"hero hero-2d2445bf full\">\r\n\t\t\t\t<div class=\"hero-slides\">\t\t\t\t<div class=\"acf-innerblocks-container\">\n\r\n\t\t\t       \r\n                    \r\n            <div class=\"hero-slide hero-slide-ef644716 is-style-image\">\r\n\t\t\t\t<div class=\"hero-canvas\">\r\n\t\t\t\t\t<div class=\"hero-subheadline\">OTOMOTI\u0307V END\u00dcSTRI\u0307SI\u0307 I\u0307\u00c7I\u0307N Y\u00dcKSEK TEKNOLOJI\u0307 \u00dcR\u00dcNLERI\u0307<\/div>\t\t\t\t\t<h1 class=\"hero-headline\">Otomotiv<\/h1>\t\t\t\t<\/div>\r\n\t\t\t\t<div class=\"hero-media hero-media-image\"><img loading=\"lazy\" decoding=\"async\" width=\"1920\" height=\"519\" src=\"https:\/\/certoplast.com\/wp-content\/uploads\/certoplast-header-automotive.jpg\" class=\"attachment-full size-full\" alt=\"\" srcset=\"https:\/\/certoplast.com\/wp-content\/uploads\/certoplast-header-automotive.jpg 1920w, https:\/\/certoplast.com\/wp-content\/uploads\/certoplast-header-automotive-300x81.jpg 300w, https:\/\/certoplast.com\/wp-content\/uploads\/certoplast-header-automotive-1024x277.jpg 1024w, https:\/\/certoplast.com\/wp-content\/uploads\/certoplast-header-automotive-768x208.jpg 768w, https:\/\/certoplast.com\/wp-content\/uploads\/certoplast-header-automotive-1536x415.jpg 1536w, https:\/\/certoplast.com\/wp-content\/uploads\/certoplast-header-automotive-800x216.jpg 800w\" sizes=\"auto, (max-width: 1920px) 100vw, 1920px\" \/><\/div>            <\/div>\r\n\t\t\t\t\r\n            \r\n\t\t\t\r\n        \r\n            \n\n\r\n\t\t\t       \r\n                    \r\n            <div class=\"hero-slide hero-slide-75e0b874 is-style-image\">\r\n\t\t\t\t<div class=\"hero-canvas\">\r\n\t\t\t\t\t<div class=\"hero-subheadline\">STANDART YALITIM I\u015eLERI VE ONARIMLAR I\u00c7IN<\/div>\t\t\t\t\t<h1 class=\"hero-headline\">Elektrik M\u00fchendisli\u011fi<\/h1>\t\t\t\t<\/div>\r\n\t\t\t\t<div class=\"hero-media hero-media-image\"><img loading=\"lazy\" decoding=\"async\" width=\"1920\" height=\"519\" src=\"https:\/\/certoplast.com\/wp-content\/uploads\/certoplast-header-home.jpg\" class=\"attachment-full size-full\" alt=\"\" srcset=\"https:\/\/certoplast.com\/wp-content\/uploads\/certoplast-header-home.jpg 1920w, https:\/\/certoplast.com\/wp-content\/uploads\/certoplast-header-home-300x81.jpg 300w, https:\/\/certoplast.com\/wp-content\/uploads\/certoplast-header-home-1024x277.jpg 1024w, https:\/\/certoplast.com\/wp-content\/uploads\/certoplast-header-home-768x208.jpg 768w, https:\/\/certoplast.com\/wp-content\/uploads\/certoplast-header-home-1536x415.jpg 1536w, https:\/\/certoplast.com\/wp-content\/uploads\/certoplast-header-home-800x216.jpg 800w\" sizes=\"auto, (max-width: 1920px) 100vw, 1920px\" \/><\/div>            <\/div>\r\n\t\t\t\t\r\n            \r\n\t\t\t\r\n        \r\n            \n\n\r\n\t\t\t       \r\n                    \r\n            <div class=\"hero-slide hero-slide-06394ccf is-style-image\">\r\n\t\t\t\t<div class=\"hero-canvas\">\r\n\t\t\t\t\t<div class=\"hero-subheadline\">FARKLI ALT TABAKALARA M\u00dcKEMMEL UYUM<\/div>\t\t\t\t\t<h1 class=\"hero-headline\">Yal\u0131t\u0131m ticareti ve in\u015faat<\/h1>\t\t\t\t<\/div>\r\n\t\t\t\t<div class=\"hero-media hero-media-image\"><img loading=\"lazy\" decoding=\"async\" width=\"1920\" height=\"519\" src=\"https:\/\/certoplast.com\/wp-content\/uploads\/certoplast-header-gewebebaender.jpg\" class=\"attachment-full size-full\" alt=\"\" srcset=\"https:\/\/certoplast.com\/wp-content\/uploads\/certoplast-header-gewebebaender.jpg 1920w, https:\/\/certoplast.com\/wp-content\/uploads\/certoplast-header-gewebebaender-300x81.jpg 300w, https:\/\/certoplast.com\/wp-content\/uploads\/certoplast-header-gewebebaender-1024x277.jpg 1024w, https:\/\/certoplast.com\/wp-content\/uploads\/certoplast-header-gewebebaender-768x208.jpg 768w, https:\/\/certoplast.com\/wp-content\/uploads\/certoplast-header-gewebebaender-1536x415.jpg 1536w, https:\/\/certoplast.com\/wp-content\/uploads\/certoplast-header-gewebebaender-800x216.jpg 800w\" sizes=\"auto, (max-width: 1920px) 100vw, 1920px\" \/><\/div>            <\/div>\r\n\t\t\t\t\r\n            \r\n\t\t\t\r\n        \r\n            \n\n\r\n\t\t\t       \r\n                    \r\n            <div class=\"hero-slide hero-slide-faf027df is-style-image\">\r\n\t\t\t\t<div class=\"hero-canvas\">\r\n\t\t\t\t\t<div class=\"hero-subheadline\">NEREDEYSE HER UYGULAMA I\u00c7IN<\/div>\t\t\t\t\t<h1 class=\"hero-headline\">Di\u011fer uygulamalar<\/h1>\t\t\t\t<\/div>\r\n\t\t\t\t<div class=\"hero-media hero-media-image\"><img loading=\"lazy\" decoding=\"async\" width=\"1920\" height=\"519\" src=\"https:\/\/certoplast.com\/wp-content\/uploads\/certoplast-header-sonstiges.jpg\" class=\"attachment-full size-full\" alt=\"\" srcset=\"https:\/\/certoplast.com\/wp-content\/uploads\/certoplast-header-sonstiges.jpg 1920w, https:\/\/certoplast.com\/wp-content\/uploads\/certoplast-header-sonstiges-300x81.jpg 300w, https:\/\/certoplast.com\/wp-content\/uploads\/certoplast-header-sonstiges-1024x277.jpg 1024w, https:\/\/certoplast.com\/wp-content\/uploads\/certoplast-header-sonstiges-768x208.jpg 768w, https:\/\/certoplast.com\/wp-content\/uploads\/certoplast-header-sonstiges-1536x415.jpg 1536w, https:\/\/certoplast.com\/wp-content\/uploads\/certoplast-header-sonstiges-800x216.jpg 800w\" sizes=\"auto, (max-width: 1920px) 100vw, 1920px\" \/><\/div>            <\/div>\r\n\t\t\t\t\r\n            \r\n\t\t\t\r\n        \r\n            \n<\/div>\r\n\t\t\t\t<\/div>\t\t\t\t\r\n\t\t\t\t\t\t\t<\/div>\r\n\t\t\t\t\r\n\t\t\t\r\n\t\t\t        \r\n            \n\n<div class=\"gb-container gb-container-72245149 gb-container-default\">\n<div class=\"gb-container gb-container-7093c9ee\">\n<div class=\"gb-grid-wrapper gb-grid-wrapper-27593ab5\">\n<div class=\"gb-grid-column gb-grid-column-6564180a\"><div class=\"gb-container gb-container-6564180a\" data-aos=\"fade-right\" data-aos-delay=\"250\">\n\n<div class=\"wp-block-pixel-headline headlines is-subheadline-top has-text-align-left\"><h1 class=\"headline is-h1\" style=\"color:\"><strong>Geleneksel<\/strong> teknik yap\u0131\u015fkan bantlar<\/h1><\/div>\n\n\n\n<p>Teknik yap\u0131\u015fkan bant \u00fcreticisi olarak certoplast Technische Klebeb\u00e4nder GmbH, Band \u00fcretimindeki yakla\u015f\u0131k 100 y\u0131ll\u0131k deneyiminden yararlanabilmektedir. \u015eirket certoplast 1991 y\u0131l\u0131nda Vorwerk &amp; Sohn&#8217;un eski yap\u0131\u015fkan bant b\u00f6l\u00fcm\u00fcnden kurulmu\u015ftur ve o zamandan beri otomotiv, elektrik end\u00fcstrisi ve yal\u0131t\u0131m teknolojisinin temel alanlar\u0131nda uluslararas\u0131 pazarda kendini kan\u0131tlam\u0131\u015ft\u0131r. <\/p>\n\n\n\n<a class=\"gb-button gb-button-0af38c6c gb-button-text\" href=\"https:\/\/certoplast.com\/tr\/sirket\/hakkimizda\/\">Daha fazla bilgi edinin<\/a>\n\n<\/div><\/div>\n\n<div class=\"gb-grid-column gb-grid-column-89be0c4b\"><div class=\"gb-container gb-container-89be0c4b\" data-aos=\"fade-left\" data-aos-delay=\"250\">\n<div class=\"wp-block-image\">\n<figure class=\"alignright size-full\"><img loading=\"lazy\" decoding=\"async\" width=\"574\" height=\"351\" src=\"https:\/\/certoplast.com\/wp-content\/uploads\/technische-klebebaender-mit-tradition.jpg\" alt=\"\" class=\"wp-image-384\" srcset=\"https:\/\/certoplast.com\/wp-content\/uploads\/technische-klebebaender-mit-tradition.jpg 574w, https:\/\/certoplast.com\/wp-content\/uploads\/technische-klebebaender-mit-tradition-300x183.jpg 300w\" sizes=\"auto, (max-width: 574px) 100vw, 574px\" \/><\/figure>\n<\/div>\n<\/div><\/div>\n<\/div>\n<\/div>\n<\/div>\n\n<div class=\"gb-container gb-container-a00cfd64 gb-container-gray\">\n<div class=\"gb-container gb-container-a72eb151\" data-aos=\"fade-right\" data-aos-delay=\"250\">\n\n<div class=\"wp-block-pixel-headline headlines is-subheadline-bottom has-text-align-left\"><h2 class=\"headline is-h1\" style=\"color:\"><strong>\u00dcr\u00fcn yelpazemiz<\/strong><\/h2><\/div>\n\n\n\n<p>\u00dcr\u00fcnlerimiz, \u00e7e\u015fitli elektrik tesisatlar\u0131nda kablolar\u0131n ve tellerin yal\u0131t\u0131m\u0131 ve korunmas\u0131 i\u00e7in zorlu uygulamalarda, klima, \u0131s\u0131tma ve su borular\u0131n\u0131n \u0131s\u0131 yal\u0131t\u0131m\u0131 ve s\u0131zd\u0131rmazl\u0131\u011f\u0131 i\u00e7in uygulamalarda ve yal\u0131t\u0131m malzemelerinin yan\u0131 s\u0131ra \u00e7e\u015fitli montaj, onar\u0131m ve i\u015faretleme uygulamalar\u0131nda yayg\u0131n olarak kullan\u0131lmaktad\u0131r.<\/p>\n\n<\/div>\n\n<div class=\"gb-container gb-container-dcc43bff\">\n<div class=\"gb-container gb-container-dfcf8b5d\">\n<div class=\"gb-grid-wrapper gb-grid-wrapper-234d0828 teaser-box-grid\">\n<div class=\"gb-grid-column gb-grid-column-96b2aad3\"><div class=\"gb-container gb-container-96b2aad3\" data-aos=\"fade-up\" data-aos-delay=\"250\">\n<div class=\"teaser-box teaser-box-9a9bd38d\"><div class=\"teaser-box-image\"><img loading=\"lazy\" decoding=\"async\" width=\"720\" height=\"360\" src=\"https:\/\/certoplast.com\/wp-content\/uploads\/produkt-spektrum-automotive.jpg\" class=\"attachment-teaser-box size-teaser-box\" alt=\"\" srcset=\"https:\/\/certoplast.com\/wp-content\/uploads\/produkt-spektrum-automotive.jpg 720w, https:\/\/certoplast.com\/wp-content\/uploads\/produkt-spektrum-automotive-300x150.jpg 300w\" sizes=\"auto, (max-width: 720px) 100vw, 720px\" \/><\/div><div class=\"teaser-box-inner\"><h3 class=\"teaser-box-headline\">Otomotiv<\/h3><div class=\"teaser-box-text\">Otomotiv end\u00fcstrisi ile i\u015fbirli\u011fi i\u00e7inde, otomotiv m\u00fchendisli\u011finin say\u0131s\u0131z gereksinimlerini kar\u015f\u0131layan y\u00fcksek teknolojili \u00fcr\u00fcnler geli\u015ftiriyoruz.<\/div><a class=\"gb-button \" href=\"\/tr\/enduestriler\/otomotiv\/\" target=\"\">Daha fazla bilgi edinin<\/a><\/div><\/div>\n<\/div><\/div>\n\n<div class=\"gb-grid-column gb-grid-column-8690701a\"><div class=\"gb-container gb-container-8690701a\" data-aos=\"fade-up\" data-aos-delay=\"500\">\n<div class=\"teaser-box teaser-box-69add2fb\"><div class=\"teaser-box-image\"><img loading=\"lazy\" decoding=\"async\" width=\"720\" height=\"360\" src=\"https:\/\/certoplast.com\/wp-content\/uploads\/produkt-spektrum-elektrotechnik.jpg\" class=\"attachment-teaser-box size-teaser-box\" alt=\"\" srcset=\"https:\/\/certoplast.com\/wp-content\/uploads\/produkt-spektrum-elektrotechnik.jpg 720w, https:\/\/certoplast.com\/wp-content\/uploads\/produkt-spektrum-elektrotechnik-300x150.jpg 300w\" sizes=\"auto, (max-width: 720px) 100vw, 720px\" \/><\/div><div class=\"teaser-box-inner\"><h3 class=\"teaser-box-headline\">Elektrik M\u00fchendisli\u011fi<\/h3><div class=\"teaser-box-text\">certoplast, onlarca y\u0131ld\u0131r end\u00fcstriyel \u015firketlerin ve esnaf\u0131n orta\u011f\u0131d\u0131r. \u00dcr\u00fcnlerimiz standart yal\u0131t\u0131m i\u015fleri i\u00e7in yayg\u0131n olarak kullan\u0131lmaktad\u0131r. <\/div><a class=\"gb-button \" href=\"\/tr\/enduestriler\/elektrik-muehendisligi\/\" target=\"\">Daha fazla bilgi edinin<\/a><\/div><\/div>\n<\/div><\/div>\n\n<div class=\"gb-grid-column gb-grid-column-2ce74b6f\"><div class=\"gb-container gb-container-2ce74b6f\" data-aos=\"fade-up\" data-aos-delay=\"750\">\n<div class=\"teaser-box teaser-box-9b821774\"><div class=\"teaser-box-image\"><img loading=\"lazy\" decoding=\"async\" width=\"720\" height=\"360\" src=\"https:\/\/certoplast.com\/wp-content\/uploads\/produkt-spektrum-isolierhandwerk-und-bau.jpg\" class=\"attachment-teaser-box size-teaser-box\" alt=\"\" srcset=\"https:\/\/certoplast.com\/wp-content\/uploads\/produkt-spektrum-isolierhandwerk-und-bau.jpg 720w, https:\/\/certoplast.com\/wp-content\/uploads\/produkt-spektrum-isolierhandwerk-und-bau-300x150.jpg 300w\" sizes=\"auto, (max-width: 720px) 100vw, 720px\" \/><\/div><div class=\"teaser-box-inner\"><h3 class=\"teaser-box-headline\">Yal\u0131t\u0131m ticareti ve in\u015faat<\/h3><div class=\"teaser-box-text\">certoplast, al\u00fcminyum kapl\u0131 yal\u0131t\u0131m sistemlerinin kal\u0131c\u0131 olarak yap\u0131\u015ft\u0131r\u0131lmas\u0131 i\u00e7in profesyonel bir \u00f6zel yap\u0131\u015ft\u0131r\u0131c\u0131 yelpazesi sunar.<\/div><a class=\"gb-button \" href=\"\/tr\/enduestriler\/yalitim-ticareti-ve-insaat\/\" target=\"\">Daha fazla bilgi edinin<\/a><\/div><\/div>\n<\/div><\/div>\n\n<div class=\"gb-grid-column gb-grid-column-fcc30d49\"><div class=\"gb-container gb-container-fcc30d49\" data-aos=\"fade-up\" data-aos-delay=\"1000\">\n<div class=\"teaser-box teaser-box-cd0e50fd\"><div class=\"teaser-box-image\"><img loading=\"lazy\" decoding=\"async\" width=\"720\" height=\"360\" src=\"https:\/\/certoplast.com\/wp-content\/uploads\/produkt-spektrum-sonstige-anwendungen.jpg\" class=\"attachment-teaser-box size-teaser-box\" alt=\"\" srcset=\"https:\/\/certoplast.com\/wp-content\/uploads\/produkt-spektrum-sonstige-anwendungen.jpg 720w, https:\/\/certoplast.com\/wp-content\/uploads\/produkt-spektrum-sonstige-anwendungen-300x150.jpg 300w\" sizes=\"auto, (max-width: 720px) 100vw, 720px\" \/><\/div><div class=\"teaser-box-inner\"><h3 class=\"teaser-box-headline\">Di\u011fer uygulamalar<\/h3><div class=\"teaser-box-text\">\u00dcr\u00fcnlerimiz \u00e7ok y\u00f6nl\u00fcd\u00fcr ve end\u00fcstri, ticaret ve \u00f6zel kullan\u0131mdaki hemen hemen her uygulama i\u00e7in ideal \u00e7\u00f6z\u00fcm sunar.<\/div><a class=\"gb-button \" href=\"\/tr\/enduestriler\/enduestriyel-ve-diger-uygulamalar\/\" target=\"\">Daha fazla bilgi edinin<\/a><\/div><\/div>\n<\/div><\/div>\n<\/div>\n<\/div>\n<\/div>\n<\/div>\n\n<div class=\"gb-container gb-container-bcd2b274\" data-aos=\"fade-up\" data-aos-delay=\"250\">\n<div class=\"gb-container gb-container-e01ee4f6\">\n\n<div class=\"wp-block-pixel-headline headlines is-subheadline-bottom has-text-align-left\"><h2 class=\"headline is-h1\" style=\"color:\">certoplast <strong>bi\u0307lgi\u0307lendi\u0307ri\u0307yor<\/strong><\/h2><\/div>\n\n\n\n<p>Her zaman g\u00fcncel: Burada sizi g\u00fcncel geli\u015fmeler ve yeni \u00fcr\u00fcnler hakk\u0131nda bilgilendiriyoruz.<\/p>\n\n\n\n\t\t\t\t\t\t\n\t\t\t\n\n\t\t\t\n            <div class=\"grid grid-ba726987 grid-post grid-columns-2\">\n\t\t\t\n\t\t\t\t\t\t\t\t\t\t\t\t\t\t\t\t\t<div class=\"grid-group grid-group-0\">\n\t\t\t\t\t\t\t\t\t\t\t\t<div class=\"grid-inner \">\n\t\t\t\t\t\t\t\t\t\t\t\t\t\t\t<div class=\"grid-item\">\n\t\t\t\t\t\t\t\t\t \n\t\t\t<div class=\"card card-post card-post-5730\">\n\t\t\t\t<div class=\"card-media\"><img loading=\"lazy\" decoding=\"async\" width=\"800\" height=\"800\" src=\"https:\/\/certoplast.com\/wp-content\/uploads\/was-unsere-welt-zusammenhaelt.jpg\" class=\"attachment-square size-square\" alt=\"\" srcset=\"https:\/\/certoplast.com\/wp-content\/uploads\/was-unsere-welt-zusammenhaelt.jpg 800w, https:\/\/certoplast.com\/wp-content\/uploads\/was-unsere-welt-zusammenhaelt-300x300.jpg 300w, https:\/\/certoplast.com\/wp-content\/uploads\/was-unsere-welt-zusammenhaelt-150x150.jpg 150w, https:\/\/certoplast.com\/wp-content\/uploads\/was-unsere-welt-zusammenhaelt-768x768.jpg 768w\" sizes=\"auto, (max-width: 800px) 100vw, 800px\" \/><\/div>\t\t\t\t<div class=\"card-content\">\n\t\t\t\t\t<div class=\"card-inner\">\n\t\t\t\t\t\t<span class=\"card-headline headline is-h3\">D\u00fcnyam\u0131z\u0131 bir arada tutan \u015fey<\/span><div class=\"card-copy\">Yap\u0131\u015ft\u0131r\u0131c\u0131lar ve s\u0131zd\u0131rmazl\u0131k \u00fcr\u00fcnleri d\u00fcnyam\u0131z\u0131 bir arada tutan gizli g\u00fc\u00e7t\u00fcr. Industrieverband Klebstoffe e.V.&#8217;nin yap\u0131\u015ft\u0131r\u0131c\u0131lar ve s\u0131zd\u0131rmazl\u0131k malzemeleri g\u00f6r\u00fcnt\u00fc filmini \u015fimdi ke\u015ffedin. <\/div>\t\t\t\t\t<\/div>\n\n\t\t\t\t\t<div class=\"card-action\"><div class=\"gb-buttons\"><a class=\"gb-button gb-button-blau-gradient\" href=\"https:\/\/certoplast.com\/tr\/aktuelles\/duenyamizi-bir-arada-tutan-sey\/\">Daha fazla bilgi edinin<\/a><\/div><\/div>\t\t\t\t<\/div>\n\t\t\t<\/div>\n\t\t\t\t\t\t\t\t\t\t<\/div>\n\t\t\t\t\t\t\t\t\t\t\t\t\t<\/div>\n\t\t\t\t\t<\/div>\n\t\t\t\t            <\/div>\n\t\t\t\n\t\t\t\t\t\t\t\n\t\t\t\n            <!-- end:grid -->\n        \n            \n<\/div>\n<\/div>","protected":false},"excerpt":{"rendered":"<p>\u00dcr\u00fcnlerimiz, \u00e7e\u015fitli elektrik tesisatlar\u0131nda kablolar\u0131n ve tellerin yal\u0131t\u0131m\u0131 ve korunmas\u0131 i\u00e7in zorlu uygulamalarda, klima, \u0131s\u0131tma ve su borular\u0131n\u0131n \u0131s\u0131 yal\u0131t\u0131m\u0131 ve s\u0131zd\u0131rmazl\u0131\u011f\u0131 i\u00e7in uygulamalarda ve yal\u0131t\u0131m malzemelerinin yan\u0131 s\u0131ra \u00e7e\u015fitli montaj, onar\u0131m ve i\u015faretleme uygulamalar\u0131nda yayg\u0131n olarak kullan\u0131lmaktad\u0131r. Her zaman g\u00fcncel: Burada sizi g\u00fcncel geli\u015fmeler ve yeni \u00fcr\u00fcnler hakk\u0131nda bilgilendiriyoruz.<\/p>\n","protected":false},"author":1,"featured_media":0,"parent":0,"menu_order":0,"comment_status":"closed","ping_status":"closed","template":"","meta":{"_acf_changed":false,"inline_featured_image":false,"footnotes":""},"class_list":["post-5648","page","type-page","status-publish"],"acf":[],"_links":{"self":[{"href":"https:\/\/certoplast.com\/tr\/wp-json\/wp\/v2\/pages\/5648","targetHints":{"allow":["GET"]}}],"collection":[{"href":"https:\/\/certoplast.com\/tr\/wp-json\/wp\/v2\/pages"}],"about":[{"href":"https:\/\/certoplast.com\/tr\/wp-json\/wp\/v2\/types\/page"}],"author":[{"embeddable":true,"href":"https:\/\/certoplast.com\/tr\/wp-json\/wp\/v2\/users\/1"}],"replies":[{"embeddable":true,"href":"https:\/\/certoplast.com\/tr\/wp-json\/wp\/v2\/comments?post=5648"}],"version-history":[{"count":3,"href":"https:\/\/certoplast.com\/tr\/wp-json\/wp\/v2\/pages\/5648\/revisions"}],"predecessor-version":[{"id":6883,"href":"https:\/\/certoplast.com\/tr\/wp-json\/wp\/v2\/pages\/5648\/revisions\/6883"}],"wp:attachment":[{"href":"https:\/\/certoplast.com\/tr\/wp-json\/wp\/v2\/media?parent=5648"}],"curies":[{"name":"wp","href":"https:\/\/api.w.org\/{rel}","templated":true}]}}