{"id":5665,"date":"2023-07-04T15:45:46","date_gmt":"2023-07-04T13:45:46","guid":{"rendered":"https:\/\/certoplast.com\/ueruenler\/"},"modified":"2025-04-07T11:22:22","modified_gmt":"2025-04-07T09:22:22","slug":"ueruenler","status":"publish","type":"page","link":"https:\/\/certoplast.com\/tr\/ueruenler\/","title":{"rendered":"\u00dcr\u00fcnler"},"content":{"rendered":"\r\n\t\t\t       \r\n            \r\n            <div class=\"hero hero-4cfcd3cf full\">\r\n\t\t\t\t\t\t\t\t<div class=\"acf-innerblocks-container\">\n\r\n\t\t\t       \r\n                    \r\n            <div class=\"hero-slide hero-slide-a938963e is-style-image\">\r\n\t\t\t\t<div class=\"hero-canvas\">\r\n\t\t\t\t\t<div class=\"hero-subheadline\">Her uygulama i\u00e7in do\u011fru olan\u0131 Band<\/div>\t\t\t\t\t<h1 class=\"hero-headline\">\u00dcr\u00fcnlerimiz<\/h1>\t\t\t\t<\/div>\r\n\t\t\t\t<div class=\"hero-media hero-media-image\"><img loading=\"lazy\" decoding=\"async\" width=\"1920\" height=\"519\" src=\"https:\/\/certoplast.com\/wp-content\/uploads\/certoplast-header-gewebebaender.jpg\" class=\"attachment-full size-full\" alt=\"\" srcset=\"https:\/\/certoplast.com\/wp-content\/uploads\/certoplast-header-gewebebaender.jpg 1920w, https:\/\/certoplast.com\/wp-content\/uploads\/certoplast-header-gewebebaender-300x81.jpg 300w, https:\/\/certoplast.com\/wp-content\/uploads\/certoplast-header-gewebebaender-1024x277.jpg 1024w, https:\/\/certoplast.com\/wp-content\/uploads\/certoplast-header-gewebebaender-768x208.jpg 768w, https:\/\/certoplast.com\/wp-content\/uploads\/certoplast-header-gewebebaender-1536x415.jpg 1536w, https:\/\/certoplast.com\/wp-content\/uploads\/certoplast-header-gewebebaender-800x216.jpg 800w\" sizes=\"auto, (max-width: 1920px) 100vw, 1920px\" \/><\/div>            <\/div>\r\n\t\t\t\t\r\n            \r\n\t\t\t\r\n        \r\n            \n<\/div>\r\n\t\t\t\t\t\t\t\t\r\n\t\t\t\t\t\t\t<\/div>\r\n\t\t\t\t\r\n\t\t\t\r\n\t\t\t        \r\n            <div class=\"gb-container gb-container-e4a6c0a8 gb-container-default\">\n<div class=\"gb-container gb-container-c7df1ec9\">\n<div class=\"gb-grid-wrapper gb-grid-wrapper-6a48ed2e\">\n<div class=\"gb-grid-column gb-grid-column-6eb6a587\"><div class=\"gb-container gb-container-6eb6a587\" data-aos=\"fade-right\" data-aos-delay=\"250\">\n\n<p>certoplast, onlarca y\u0131ld\u0131r end\u00fcstriyel \u015firketlerin ve esnaf\u0131n g\u00fcvenilir orta\u011f\u0131 olmu\u015ftur. \u00dcr\u00fcnlerimiz, \u00e7e\u015fitli elektrik tesisatlar\u0131nda kablolar\u0131n ve tellerin yal\u0131t\u0131m\u0131 ve korunmas\u0131 i\u00e7in zorlu uygulamalarda, klima, \u0131s\u0131tma ve su borular\u0131n\u0131n \u0131s\u0131 yal\u0131t\u0131m\u0131 ve s\u0131zd\u0131rmazl\u0131\u011f\u0131 i\u00e7in uygulamalarda ve yal\u0131t\u0131m malzemelerinin yan\u0131 s\u0131ra \u00e7e\u015fitli montaj, onar\u0131m ve i\u015faretleme uygulamalar\u0131nda yayg\u0131n olarak kullan\u0131lmaktad\u0131r. <\/p>\n\n<\/div><\/div>\n\n<div class=\"gb-grid-column gb-grid-column-f5784789\"><div class=\"gb-container gb-container-f5784789\" data-aos=\"fade-left\" data-aos-delay=\"250\">\n\n<p>\u00dcr\u00fcn yelpazemiz, ilgili uygulama i\u00e7in do\u011fru fiziksel ve teknik \u00f6zelliklere sahip \u00e7e\u015fitli farkl\u0131 ta\u015f\u0131y\u0131c\u0131 malzemeleri kapsamaktad\u0131r.  <\/p>\n\n<\/div><\/div>\n<\/div>\n<\/div>\n<\/div>","protected":false},"excerpt":{"rendered":"","protected":false},"author":1,"featured_media":0,"parent":0,"menu_order":2,"comment_status":"closed","ping_status":"closed","template":"","meta":{"_acf_changed":false,"inline_featured_image":false,"footnotes":""},"class_list":["post-5665","page","type-page","status-publish"],"acf":[],"_links":{"self":[{"href":"https:\/\/certoplast.com\/tr\/wp-json\/wp\/v2\/pages\/5665","targetHints":{"allow":["GET"]}}],"collection":[{"href":"https:\/\/certoplast.com\/tr\/wp-json\/wp\/v2\/pages"}],"about":[{"href":"https:\/\/certoplast.com\/tr\/wp-json\/wp\/v2\/types\/page"}],"author":[{"embeddable":true,"href":"https:\/\/certoplast.com\/tr\/wp-json\/wp\/v2\/users\/1"}],"replies":[{"embeddable":true,"href":"https:\/\/certoplast.com\/tr\/wp-json\/wp\/v2\/comments?post=5665"}],"version-history":[{"count":1,"href":"https:\/\/certoplast.com\/tr\/wp-json\/wp\/v2\/pages\/5665\/revisions"}],"predecessor-version":[{"id":5666,"href":"https:\/\/certoplast.com\/tr\/wp-json\/wp\/v2\/pages\/5665\/revisions\/5666"}],"wp:attachment":[{"href":"https:\/\/certoplast.com\/tr\/wp-json\/wp\/v2\/media?parent=5665"}],"curies":[{"name":"wp","href":"https:\/\/api.w.org\/{rel}","templated":true}]}}